{"id":34644,"date":"2024-05-31T11:39:13","date_gmt":"2024-05-31T04:39:13","guid":{"rendered":"https:\/\/havamall.vn\/?post_type=product&#038;p=34644"},"modified":"2025-06-08T16:46:01","modified_gmt":"2025-06-08T09:46:01","slug":"bot-rau-ma-say-lanh-havafoodies-40g-centalla-powder","status":"publish","type":"product","link":"https:\/\/havamall.vn\/en\/shop\/bot-rau-ma-say-lanh-havafoodies-40g-centalla-powder\/","title":{"rendered":"B\u1ed9t Rau M\u00e1 S\u1ea5y L\u1ea1nh Havafoodies 40g &#8211; Centalla Powder"},"content":{"rendered":"<div id=\"js-product-detail__specs\" class=\"product-detail__specs\">\n<div class=\"row\">\n<div class=\"col-sm-12\">\n<div class=\"product-specs__table\">\n<table>\n<tbody>\n<tr>\n<td class=\"specs-table__property\">Th\u01b0\u01a1ng hi\u1ec7u<\/td>\n<td class=\"specs-table__value\">Havafoodies<\/td>\n<\/tr>\n<tr>\n<td class=\"specs-table__property\">Xu\u1ea5t x\u1ee9<\/td>\n<td class=\"specs-table__value\">Vi\u1ec7t nam<\/td>\n<\/tr>\n<tr>\n<td class=\"specs-table__property\">H\u1ea1n s\u1eed d\u1ee5ng<\/td>\n<td class=\"specs-table__value\">Xem tr\u00ean bao b\u00ec s\u1ea3n ph\u1ea9m<\/td>\n<\/tr>\n<tr>\n<td class=\"specs-table__property\">H\u01b0\u1edbng d\u1eabn s\u1eed d\u1ee5ng<\/td>\n<td class=\"specs-table__value\">D\u00f9ng tr\u1ef1c ti\u1ebfp ho\u1eb7c ch\u1ebf bi\u1ebfn c\u00e1c m\u00f3n \u0103n tu\u1ef3 th\u00edch<\/td>\n<\/tr>\n<tr>\n<td class=\"specs-table__property\">H\u01b0\u1edbng d\u1eabn b\u1ea3o qu\u1ea3n<\/td>\n<td class=\"specs-table__value\">B\u1ea3o qu\u1ea3n kh\u00f4 r\u00e1o, tho\u00e1ng m\u00e1t<\/td>\n<\/tr>\n<tr>\n<td class=\"specs-table__property\">Th\u00e0nh ph\u1ea7n nguy\u00ean li\u1ec7u<\/td>\n<td class=\"specs-table__value\">Nh\u01b0 tr\u00ean bao b\u00ec<\/td>\n<\/tr>\n<tr>\n<td class=\"specs-table__property\">Kh\u1ed1i l\u01b0\u1ee3ng<\/td>\n<td class=\"specs-table__value\">40g<\/td>\n<\/tr>\n<\/tbody>\n<\/table>\n<p>Rau m\u00e1 l\u00e0 lo\u1ea1i th\u1ea3o d\u01b0\u1ee3c quen thu\u1ed9c trong y h\u1ecdc d\u00e2n gian Vi\u1ec7t Nam, n\u1ed5i ti\u1ebfng v\u1edbi nhi\u1ec1u c\u00f4ng d\u1ee5ng tuy\u1ec7t v\u1eddi cho s\u1ee9c kh\u1ecfe v\u00e0 l\u00e0m \u0111\u1eb9p. B\u1ed9t rau m\u00e1 s\u1ea5y l\u1ea1nh l\u00e0 s\u1ea3n ph\u1ea9m ti\u00ean ti\u1ebfn \u0111\u01b0\u1ee3c l\u00e0m t\u1eeb rau m\u00e1 t\u01b0\u01a1i, gi\u1eef nguy\u00ean \u0111\u01b0\u1ee3c c\u00e1c d\u01b0\u1ee1ng ch\u1ea5t v\u00e0 mang \u0111\u1ebfn s\u1ef1 ti\u1ec7n l\u1ee3i cho ng\u01b0\u1eddi s\u1eed d\u1ee5ng m\u00e0 v\u1eabn \u0111\u1ea3m b\u1ea3o t\u00ednh an to\u00e0n v\u00e0 hi\u1ec7u qu\u1ea3.<\/p>\n<p><img fetchpriority=\"high\" decoding=\"async\" class=\"size-full wp-image-35876 aligncenter\" src=\"https:\/\/havamall.vn\/wp-content\/uploads\/2024\/05\/bot-rau-ma-say-lanh-2.jpg\" alt=\"\" width=\"800\" height=\"600\" \/><\/p>\n<p>B\u1ed9t rau m\u00e1 s\u1ea5y l\u1ea1nh \u0111\u01b0\u1ee3c s\u1ea3n xu\u1ea5t t\u1eeb 100% rau m\u00e1 t\u01b0\u01a1i nguy\u00ean ch\u1ea5t, qua qu\u00e1 tr\u00ecnh s\u1ea5y l\u1ea1nh ti\u00ean ti\u1ebfn. C\u00f4ng ngh\u1ec7 n\u00e0y gi\u00fap gi\u1eef nguy\u00ean m\u00e0u s\u1eafc xanh t\u1ef1 nhi\u00ean, h\u01b0\u01a1ng v\u1ecb t\u01b0\u01a1i m\u00e1t v\u00e0 c\u00e1c d\u01b0\u1ee1ng ch\u1ea5t quan tr\u1ecdng nh\u01b0 saponin, flavonoid, vitamin C, A, v\u00e0 kho\u00e1ng ch\u1ea5t nh\u01b0 s\u1eaft, magie. B\u1ed9t kh\u00f4ng ch\u1ee9a ch\u1ea5t b\u1ea3o qu\u1ea3n, ph\u1ea9m m\u00e0u hay h\u00f3a ch\u1ea5t \u0111\u1ed9c h\u1ea1i, an to\u00e0n tuy\u1ec7t \u0111\u1ed1i cho s\u1ee9c kh\u1ecfe ng\u01b0\u1eddi d\u00f9ng.<\/p>\n<p>B\u1ed9t rau m\u00e1 s\u1ea5y l\u1ea1nh c\u00f3 th\u1ec3 \u0111\u01b0\u1ee3c s\u1eed d\u1ee5ng \u0111a d\u1ea1ng trong c\u1ea3 ch\u1ebf \u0111\u1ed9 \u0103n u\u1ed1ng v\u00e0 l\u00e0m \u0111\u1eb9p h\u00e0ng ng\u00e0y. B\u1ea1n c\u00f3 th\u1ec3 pha b\u1ed9t rau m\u00e1 v\u1edbi n\u01b0\u1edbc \u0111\u1ec3 t\u1ea1o ra th\u1ee9c u\u1ed1ng gi\u1ea3i nhi\u1ec7t, ho\u1eb7c th\u00eam v\u00e0o sinh t\u1ed1, n\u01b0\u1edbc \u00e9p, s\u1eefa chua \u0111\u1ec3 t\u0103ng c\u01b0\u1eddng h\u01b0\u01a1ng v\u1ecb v\u00e0 gi\u00e1 tr\u1ecb dinh d\u01b0\u1ee1ng. Ngo\u00e0i ra, b\u1ed9t rau m\u00e1 c\u00f2n \u0111\u01b0\u1ee3c s\u1eed d\u1ee5ng l\u00e0m m\u1eb7t n\u1ea1 d\u01b0\u1ee1ng da t\u1ef1 nhi\u00ean, gi\u00fap gi\u1ea3m m\u1ee5n, l\u00e0m d\u1ecbu da, v\u00e0 mang l\u1ea1i l\u00e0n da t\u01b0\u01a1i tr\u1ebb, kh\u1ecfe m\u1ea1nh.<\/p>\n<p><img decoding=\"async\" class=\"wp-image-35877 aligncenter\" src=\"https:\/\/havamall.vn\/wp-content\/uploads\/2024\/05\/rau-ma-say-lanh-1-1024x1024.jpeg\" alt=\"\" width=\"799\" height=\"799\" \/><\/p>\n<p>\u0110\u1ec3 s\u1eed d\u1ee5ng b\u1ed9t rau m\u00e1, b\u1ea1n ch\u1ec9 c\u1ea7n pha 1-2 mu\u1ed7ng c\u00e0 ph\u00ea b\u1ed9t v\u00e0o m\u1ed9t ly n\u01b0\u1edbc l\u1ea1nh ho\u1eb7c n\u01b0\u1edbc \u1ea5m, khu\u1ea5y \u0111\u1ec1u v\u00e0 u\u1ed1ng tr\u1ef1c ti\u1ebfp. B\u1ea1n c\u0169ng c\u00f3 th\u1ec3 th\u00eam b\u1ed9t rau m\u00e1 v\u00e0o c\u00e1c m\u00f3n sinh t\u1ed1, n\u01b0\u1edbc \u00e9p tr\u00e1i c\u00e2y, ho\u1eb7c s\u1eefa chua \u0111\u1ec3 t\u0103ng c\u01b0\u1eddng h\u01b0\u01a1ng v\u1ecb v\u00e0 dinh d\u01b0\u1ee1ng. \u0110\u1ed1i v\u1edbi m\u1eb7t n\u1ea1 d\u01b0\u1ee1ng da, tr\u1ed9n b\u1ed9t rau m\u00e1 v\u1edbi m\u1eadt ong ho\u1eb7c s\u1eefa chua \u0111\u1ec3 t\u1ea1o th\u00e0nh h\u1ed7n h\u1ee3p \u0111\u1eafp m\u1eb7t, gi\u00fap l\u00e0m d\u1ecbu da, gi\u1ea3m vi\u00eam, v\u00e0 nu\u00f4i d\u01b0\u1ee1ng da t\u1eeb b\u00ean trong.<\/p>\n<h3><strong>L\u1ee3i \u00edch cho s\u1ee9c kh\u1ecfe<\/strong><\/h3>\n<p>&#8211; Gi\u1ea3i \u0111\u1ed9c v\u00e0 thanh l\u1ecdc c\u01a1 th\u1ec3: Rau m\u00e1 c\u00f3 t\u00ednh thanh nhi\u1ec7t, gi\u00fap gi\u1ea3i \u0111\u1ed9c gan, th\u1eadn, v\u00e0 l\u00e0m s\u1ea1ch c\u01a1 th\u1ec3 hi\u1ec7u qu\u1ea3.<\/p>\n<p>&#8211; C\u1ea3i thi\u1ec7n s\u1ee9c kh\u1ecfe tim m\u1ea1ch: Rau m\u00e1 ch\u1ee9a c\u00e1c ho\u1ea1t ch\u1ea5t ch\u1ed1ng oxy h\u00f3a, gi\u00fap gi\u1ea3m cholesterol x\u1ea5u v\u00e0 t\u0103ng c\u01b0\u1eddng l\u01b0u th\u00f4ng m\u00e1u, b\u1ea3o v\u1ec7 s\u1ee9c kh\u1ecfe tim m\u1ea1ch.<\/p>\n<p>&#8211; T\u0103ng c\u01b0\u1eddng tr\u00ed nh\u1edb v\u00e0 gi\u1ea3m c\u0103ng th\u1eb3ng: Rau m\u00e1 \u0111\u01b0\u1ee3c bi\u1ebft \u0111\u1ebfn v\u1edbi t\u00e1c d\u1ee5ng t\u0103ng c\u01b0\u1eddng tr\u00ed nh\u1edb, gi\u1ea3m lo \u00e2u v\u00e0 c\u0103ng th\u1eb3ng nh\u1edd v\u00e0o c\u00e1c h\u1ee3p ch\u1ea5t saponin v\u00e0 flavonoid.<\/p>\n<p>&#8211; L\u00e0m \u0111\u1eb9p da: V\u1edbi \u0111\u1eb7c t\u00ednh kh\u00e1ng vi\u00eam v\u00e0 ch\u1ed1ng oxy h\u00f3a, b\u1ed9t rau m\u00e1 gi\u00fap gi\u1ea3m m\u1ee5n, l\u00e0m d\u1ecbu da b\u1ecb t\u1ed5n th\u01b0\u01a1ng, \u0111\u1ed3ng th\u1eddi ng\u0103n ng\u1eeba l\u00e3o h\u00f3a v\u00e0 gi\u00fap da s\u00e1ng m\u1ecbn.<\/p>\n<p><img decoding=\"async\" class=\"wp-image-35878 aligncenter\" src=\"https:\/\/havamall.vn\/wp-content\/uploads\/2024\/05\/bot-rau-ma-uong-1024x1024.jpeg\" alt=\"\" width=\"801\" height=\"801\" \/><\/p>\n<h3><strong>\u0110\u1eb7c \u0111i\u1ec3m n\u1ed5i b\u1eadt<\/strong><\/h3>\n<p>&#8211; Gi\u1eef nguy\u00ean h\u01b0\u01a1ng v\u1ecb v\u00e0 m\u00e0u s\u1eafc t\u1ef1 nhi\u00ean: C\u00f4ng ngh\u1ec7 s\u1ea5y l\u1ea1nh hi\u1ec7n \u0111\u1ea1i gi\u00fap b\u1ea3o to\u00e0n t\u1ed1i \u0111a m\u00e0u xanh t\u01b0\u01a1i v\u00e0 h\u01b0\u01a1ng v\u1ecb t\u1ef1 nhi\u00ean c\u1ee7a rau m\u00e1.<\/p>\n<p>&#8211; An to\u00e0n v\u00e0 kh\u00f4ng ch\u1ee9a h\u00f3a ch\u1ea5t: B\u1ed9t rau m\u00e1 s\u1ea5y l\u1ea1nh kh\u00f4ng ch\u1ee9a ch\u1ea5t b\u1ea3o qu\u1ea3n, ph\u1ea9m m\u00e0u nh\u00e2n t\u1ea1o, an to\u00e0n tuy\u1ec7t \u0111\u1ed1i cho s\u1ee9c kh\u1ecfe ng\u01b0\u1eddi ti\u00eau d\u00f9ng.<\/p>\n<p>&#8211; Ti\u1ec7n l\u1ee3i v\u00e0 d\u1ec5 s\u1eed d\u1ee5ng: S\u1ea3n ph\u1ea9m \u0111\u01b0\u1ee3c \u0111\u00f3ng g\u00f3i nh\u1ecf g\u1ecdn, d\u1ec5 d\u00e0ng mang theo v\u00e0 s\u1eed d\u1ee5ng m\u1ecdi l\u00fac m\u1ecdi n\u01a1i, gi\u00fap b\u1ed5 sung d\u01b0\u1ee1ng ch\u1ea5t c\u1ea7n thi\u1ebft cho c\u01a1 th\u1ec3.<\/p>\n<p>S\u1ea3n ph\u1ea9m c\u00f3 m\u1eb7t t\u1ea1i Havamall.<\/p>\n<p><img loading=\"lazy\" decoding=\"async\" class=\"wp-image-35879 aligncenter\" src=\"https:\/\/havamall.vn\/wp-content\/uploads\/2024\/05\/nuoc-rau-ma.jpg\" alt=\"\" width=\"800\" height=\"500\" \/><\/p>\n<\/div>\n<\/div>\n<\/div>\n<\/div>","protected":false},"excerpt":{"rendered":"<p>Th\u01b0\u01a1ng hi\u1ec7u Havafoodies Xu\u1ea5t x\u1ee9 Vi\u1ec7t nam H\u1ea1n s\u1eed d\u1ee5ng Xem tr\u00ean bao b\u00ec s\u1ea3n ph\u1ea9m H\u01b0\u1edbng d\u1eabn s\u1eed d\u1ee5ng<\/p>","protected":false},"featured_media":39271,"comment_status":"open","ping_status":"closed","template":"","meta":[],"product_brand":[],"product_cat":[595,36],"product_tag":[],"class_list":{"0":"post-34644","1":"product","2":"type-product","3":"status-publish","4":"has-post-thumbnail","6":"product_cat-gia-vi-va-che-bien","7":"product_cat-thuc-pham-tieu-dung","9":"first","10":"instock","11":"sale","12":"shipping-taxable","13":"purchasable","14":"product-type-simple"},"_links":{"self":[{"href":"https:\/\/havamall.vn\/en\/wp-json\/wp\/v2\/product\/34644"}],"collection":[{"href":"https:\/\/havamall.vn\/en\/wp-json\/wp\/v2\/product"}],"about":[{"href":"https:\/\/havamall.vn\/en\/wp-json\/wp\/v2\/types\/product"}],"replies":[{"embeddable":true,"href":"https:\/\/havamall.vn\/en\/wp-json\/wp\/v2\/comments?post=34644"}],"version-history":[{"count":0,"href":"https:\/\/havamall.vn\/en\/wp-json\/wp\/v2\/product\/34644\/revisions"}],"wp:featuredmedia":[{"embeddable":true,"href":"https:\/\/havamall.vn\/en\/wp-json\/wp\/v2\/media\/39271"}],"wp:attachment":[{"href":"https:\/\/havamall.vn\/en\/wp-json\/wp\/v2\/media?parent=34644"}],"wp:term":[{"taxonomy":"product_brand","embeddable":true,"href":"https:\/\/havamall.vn\/en\/wp-json\/wp\/v2\/product_brand?post=34644"},{"taxonomy":"product_cat","embeddable":true,"href":"https:\/\/havamall.vn\/en\/wp-json\/wp\/v2\/product_cat?post=34644"},{"taxonomy":"product_tag","embeddable":true,"href":"https:\/\/havamall.vn\/en\/wp-json\/wp\/v2\/product_tag?post=34644"}],"curies":[{"name":"wp","href":"https:\/\/api.w.org\/{rel}","templated":true}]}}