{"id":34642,"date":"2024-05-31T11:35:32","date_gmt":"2024-05-31T04:35:32","guid":{"rendered":"https:\/\/havamall.vn\/?post_type=product&#038;p=34642"},"modified":"2025-06-08T16:39:33","modified_gmt":"2025-06-08T09:39:33","slug":"bot-thanh-long-say-lanh-havafoodies-60g-dragon-fruit-powder","status":"publish","type":"product","link":"https:\/\/havamall.vn\/en\/shop\/bot-thanh-long-say-lanh-havafoodies-60g-dragon-fruit-powder\/","title":{"rendered":"B\u1ed9t Thanh Long S\u1ea5y L\u1ea1nh Havafoodies 60g &#8211; Dragon Fruit Powder"},"content":{"rendered":"<div id=\"js-product-detail__specs\" class=\"product-detail__specs\">\n<div class=\"row\">\n<div class=\"col-sm-12\">\n<div class=\"product-specs__table\">\n<table>\n<tbody>\n<tr>\n<td class=\"specs-table__property\">Th\u01b0\u01a1ng hi\u1ec7u<\/td>\n<td class=\"specs-table__value\">Havafoodies<\/td>\n<\/tr>\n<tr>\n<td class=\"specs-table__property\">Xu\u1ea5t x\u1ee9<\/td>\n<td class=\"specs-table__value\">Vi\u1ec7t nam<\/td>\n<\/tr>\n<tr>\n<td class=\"specs-table__property\">H\u1ea1n s\u1eed d\u1ee5ng<\/td>\n<td class=\"specs-table__value\">Xem tr\u00ean bao b\u00ec s\u1ea3n ph\u1ea9m<\/td>\n<\/tr>\n<tr>\n<td class=\"specs-table__property\">H\u01b0\u1edbng d\u1eabn s\u1eed d\u1ee5ng<\/td>\n<td class=\"specs-table__value\">D\u00f9ng tr\u1ef1c ti\u1ebfp ho\u1eb7c ch\u1ebf bi\u1ebfn c\u00e1c m\u00f3n \u0103n tu\u1ef3 th\u00edch<\/td>\n<\/tr>\n<tr>\n<td class=\"specs-table__property\">H\u01b0\u1edbng d\u1eabn b\u1ea3o qu\u1ea3n<\/td>\n<td class=\"specs-table__value\">B\u1ea3o qu\u1ea3n kh\u00f4 r\u00e1o, tho\u00e1ng m\u00e1t<\/td>\n<\/tr>\n<tr>\n<td class=\"specs-table__property\">Th\u00e0nh ph\u1ea7n nguy\u00ean li\u1ec7u<\/td>\n<td class=\"specs-table__value\">Nh\u01b0 tr\u00ean bao b\u00ec<\/td>\n<\/tr>\n<tr>\n<td class=\"specs-table__property\">Kh\u1ed1i l\u01b0\u1ee3ng<\/td>\n<td class=\"specs-table__value\">60g<\/td>\n<\/tr>\n<\/tbody>\n<\/table>\n<p>Thanh long, hay c\u00f2n g\u1ecdi l\u00e0 &#8220;r\u1ed3ng \u0111\u1ecf&#8221;, kh\u00f4ng ch\u1ec9 n\u1ed5i ti\u1ebfng v\u1edbi h\u01b0\u01a1ng v\u1ecb ng\u1ecdt m\u00e1t m\u00e0 c\u00f2n l\u00e0 ngu\u1ed3n dinh d\u01b0\u1ee1ng qu\u00fd gi\u00e1. V\u1edbi h\u00e0m l\u01b0\u1ee3ng vitamin C, ch\u1ea5t x\u01a1, v\u00e0 ch\u1ea5t ch\u1ed1ng oxy h\u00f3a d\u1ed3i d\u00e0o, b\u1ed9t thanh long s\u1ea5y l\u1ea1nh \u0111\u01b0\u1ee3c ra \u0111\u1eddi nh\u01b0 m\u1ed9t gi\u1ea3i ph\u00e1p ti\u1ec7n l\u1ee3i \u0111\u1ec3 mang \u0111\u1ebfn nh\u1eefng l\u1ee3i \u00edch tuy\u1ec7t v\u1eddi c\u1ee7a lo\u1ea1i tr\u00e1i c\u00e2y n\u00e0y v\u00e0o cu\u1ed9c s\u1ed1ng h\u00e0ng ng\u00e0y c\u1ee7a b\u1ea1n.<\/p>\n<p><img fetchpriority=\"high\" decoding=\"async\" class=\"wp-image-35884 aligncenter\" src=\"https:\/\/havamall.vn\/wp-content\/uploads\/2024\/05\/184949338_114632947471525_6103929665177194753_n-1024x1024.jpg\" alt=\"\" width=\"700\" height=\"700\" \/><\/p>\n<p>B\u1ed9t thanh long s\u1ea5y l\u1ea1nh r\u1ea5t linh ho\u1ea1t v\u00e0 c\u00f3 th\u1ec3 d\u1ec5 d\u00e0ng \u0111\u01b0\u1ee3c s\u1eed d\u1ee5ng trong nhi\u1ec1u m\u00f3n \u0103n v\u00e0 th\u1ee9c u\u1ed1ng. B\u1ea1n c\u00f3 th\u1ec3 pha b\u1ed9t thanh long v\u1edbi n\u01b0\u1edbc \u0111\u1ec3 t\u1ea1o th\u00e0nh m\u1ed9t lo\u1ea1i n\u01b0\u1edbc gi\u1ea3i kh\u00e1t ng\u1ecdt nh\u1eb9, ho\u1eb7c th\u00eam v\u00e0o sinh t\u1ed1, n\u01b0\u1edbc \u00e9p, s\u1eefa chua, kem, v\u00e0 b\u00e1nh \u0111\u1ec3 t\u0103ng th\u00eam h\u01b0\u01a1ng v\u1ecb v\u00e0 m\u00e0u s\u1eafc \u0111\u1eb9p m\u1eaft. \u0110\u00e2y c\u0169ng l\u00e0 l\u1ef1a ch\u1ecdn tuy\u1ec7t v\u1eddi \u0111\u1ec3 l\u00e0m topping cho c\u00e1c m\u00f3n tr\u00e1ng mi\u1ec7ng ho\u1eb7c d\u00f9ng l\u00e0m nguy\u00ean li\u1ec7u t\u1ea1o m\u00e0u t\u1ef1 nhi\u00ean trong \u1ea9m th\u1ef1c.<\/p>\n<p>\u0110\u1ec3 s\u1eed d\u1ee5ng b\u1ed9t thanh long s\u1ea5y l\u1ea1nh, b\u1ea1n ch\u1ec9 c\u1ea7n pha 1-2 mu\u1ed7ng c\u00e0 ph\u00ea b\u1ed9t v\u00e0o m\u1ed9t ly n\u01b0\u1edbc l\u1ea1nh ho\u1eb7c n\u01b0\u1edbc \u1ea5m, khu\u1ea5y \u0111\u1ec1u v\u00e0 th\u01b0\u1edfng th\u1ee9c. B\u1ea1n c\u0169ng c\u00f3 th\u1ec3 th\u00eam b\u1ed9t v\u00e0o c\u00e1c m\u00f3n sinh t\u1ed1, n\u01b0\u1edbc \u00e9p, ho\u1eb7c tr\u1ed9n v\u00e0o b\u1ed9t l\u00e0m b\u00e1nh, kem, v\u00e0 c\u00e1c m\u00f3n \u0103n kh\u00e1c \u0111\u1ec3 t\u1ea1o n\u00ean h\u01b0\u01a1ng v\u1ecb v\u00e0 m\u00e0u s\u1eafc t\u1ef1 nhi\u00ean. B\u1ed9t thanh long c\u00f2n c\u00f3 th\u1ec3 d\u00f9ng \u0111\u1ec3 l\u00e0m \u0111\u1eb9p da khi k\u1ebft h\u1ee3p v\u1edbi c\u00e1c nguy\u00ean li\u1ec7u kh\u00e1c l\u00e0m m\u1eb7t n\u1ea1 d\u01b0\u1ee1ng da.<\/p>\n<p><img decoding=\"async\" class=\"wp-image-35885 aligncenter\" src=\"https:\/\/havamall.vn\/wp-content\/uploads\/2024\/05\/banh-mi-thanh-long-17012447874741650182903.jpg\" alt=\"\" width=\"701\" height=\"467\" \/><\/p>\n<h3><strong>L\u1ee3i \u00edch cho s\u1ee9c kh\u1ecfe<\/strong><\/h3>\n<p>&#8211; H\u1ed7 tr\u1ee3 ti\u00eau h\u00f3a: Ch\u1ea5t x\u01a1 trong thanh long gi\u00fap c\u1ea3i thi\u1ec7n h\u1ec7 ti\u00eau h\u00f3a, ng\u0103n ng\u1eeba t\u00e1o b\u00f3n v\u00e0 h\u1ed7 tr\u1ee3 gi\u1ea3m c\u00e2n.<\/p>\n<p>&#8211; T\u0103ng c\u01b0\u1eddng h\u1ec7 mi\u1ec5n d\u1ecbch: H\u00e0m l\u01b0\u1ee3ng vitamin C d\u1ed3i d\u00e0o trong b\u1ed9t thanh long gi\u00fap t\u0103ng c\u01b0\u1eddng s\u1ee9c \u0111\u1ec1 kh\u00e1ng, b\u1ea3o v\u1ec7 c\u01a1 th\u1ec3 kh\u1ecfi c\u00e1c b\u1ec7nh c\u1ea3m c\u00fam v\u00e0 nhi\u1ec5m tr\u00f9ng.<\/p>\n<p>&#8211; Ch\u1ed1ng oxy h\u00f3a: B\u1ed9t thanh long ch\u1ee9a nhi\u1ec1u ch\u1ea5t ch\u1ed1ng oxy h\u00f3a, gi\u00fap ng\u0103n ng\u1eeba l\u00e3o h\u00f3a v\u00e0 b\u1ea3o v\u1ec7 c\u01a1 th\u1ec3 kh\u1ecfi c\u00e1c t\u00e1c nh\u00e2n g\u00e2y h\u1ea1i t\u1eeb m\u00f4i tr\u01b0\u1eddng.<\/p>\n<p>&#8211; T\u1ed1t cho tim m\u1ea1ch: C\u00e1c ch\u1ea5t dinh d\u01b0\u1ee1ng nh\u01b0 kali v\u00e0 magie trong b\u1ed9t thanh long gi\u00fap \u0111i\u1ec1u h\u00f2a huy\u1ebft \u00e1p v\u00e0 t\u0103ng c\u01b0\u1eddng s\u1ee9c kh\u1ecfe tim m\u1ea1ch.<\/p>\n<p>&#8211; H\u1ed7 tr\u1ee3 l\u00e0m \u0111\u1eb9p da: B\u1ed9t thanh long c\u00f3 kh\u1ea3 n\u0103ng l\u00e0m d\u1ecbu da, ch\u1ed1ng vi\u00eam v\u00e0 cung c\u1ea5p \u0111\u1ed9 \u1ea9m t\u1ef1 nhi\u00ean cho l\u00e0n da, mang l\u1ea1i v\u1ebb \u0111\u1eb9p t\u01b0\u01a1i tr\u1ebb.<\/p>\n<p><img decoding=\"async\" class=\"wp-image-35886 aligncenter\" src=\"https:\/\/havamall.vn\/wp-content\/uploads\/2024\/05\/nuoc_ep_thanh_long_mix_dua_truejuice_c8db67a169.webp\" alt=\"\" width=\"704\" height=\"634\" \/><\/p>\n<h3><strong>\u0110\u1eb7c \u0111i\u1ec3m n\u1ed5i b\u1eadt<\/strong><\/h3>\n<p>&#8211; Gi\u1eef nguy\u00ean h\u01b0\u01a1ng v\u1ecb v\u00e0 m\u00e0u s\u1eafc t\u1ef1 nhi\u00ean: C\u00f4ng ngh\u1ec7 s\u1ea5y l\u1ea1nh hi\u1ec7n \u0111\u1ea1i gi\u00fap b\u1ea3o to\u00e0n m\u00e0u h\u1ed3ng t\u01b0\u01a1i v\u00e0 h\u01b0\u01a1ng v\u1ecb ng\u1ecdt thanh t\u1ef1 nhi\u00ean c\u1ee7a thanh long.<\/p>\n<p>&#8211; An to\u00e0n v\u00e0 kh\u00f4ng ch\u1ee9a h\u00f3a ch\u1ea5t: B\u1ed9t thanh long s\u1ea5y l\u1ea1nh kh\u00f4ng c\u00f3 ch\u1ea5t b\u1ea3o qu\u1ea3n, ph\u1ea9m m\u00e0u nh\u00e2n t\u1ea1o, \u0111\u1ea3m b\u1ea3o an to\u00e0n tuy\u1ec7t \u0111\u1ed1i cho ng\u01b0\u1eddi d\u00f9ng.<\/p>\n<p>&#8211; Ti\u1ec7n l\u1ee3i v\u00e0 d\u1ec5 s\u1eed d\u1ee5ng: S\u1ea3n ph\u1ea9m \u0111\u01b0\u1ee3c \u0111\u00f3ng g\u00f3i nh\u1ecf g\u1ecdn, ti\u1ec7n l\u1ee3i \u0111\u1ec3 mang theo v\u00e0 s\u1eed d\u1ee5ng, ph\u00f9 h\u1ee3p v\u1edbi nhi\u1ec1u phong c\u00e1ch s\u1ed1ng hi\u1ec7n \u0111\u1ea1i.<\/p>\n<p>S\u1ea3n ph\u1ea9m c\u00f3 m\u1eb7t t\u1ea1i Havamall.<\/p>\n<p><img loading=\"lazy\" decoding=\"async\" class=\"wp-image-35887 aligncenter\" src=\"https:\/\/havamall.vn\/wp-content\/uploads\/2024\/05\/mon-an-lam-tu-thanh-long-29_50w.jpg\" alt=\"\" width=\"703\" height=\"527\" \/><\/p>\n<\/div>\n<\/div>\n<\/div>\n<\/div>","protected":false},"excerpt":{"rendered":"<p>Th\u01b0\u01a1ng hi\u1ec7u Havafoodies Xu\u1ea5t x\u1ee9 Vi\u1ec7t nam H\u1ea1n s\u1eed d\u1ee5ng Xem tr\u00ean bao b\u00ec s\u1ea3n ph\u1ea9m H\u01b0\u1edbng d\u1eabn s\u1eed d\u1ee5ng<\/p>","protected":false},"featured_media":39269,"comment_status":"open","ping_status":"closed","template":"","meta":[],"product_brand":[],"product_cat":[595,36],"product_tag":[],"class_list":{"0":"post-34642","1":"product","2":"type-product","3":"status-publish","4":"has-post-thumbnail","6":"product_cat-gia-vi-va-che-bien","7":"product_cat-thuc-pham-tieu-dung","9":"first","10":"instock","11":"sale","12":"shipping-taxable","13":"purchasable","14":"product-type-simple"},"_links":{"self":[{"href":"https:\/\/havamall.vn\/en\/wp-json\/wp\/v2\/product\/34642"}],"collection":[{"href":"https:\/\/havamall.vn\/en\/wp-json\/wp\/v2\/product"}],"about":[{"href":"https:\/\/havamall.vn\/en\/wp-json\/wp\/v2\/types\/product"}],"replies":[{"embeddable":true,"href":"https:\/\/havamall.vn\/en\/wp-json\/wp\/v2\/comments?post=34642"}],"version-history":[{"count":0,"href":"https:\/\/havamall.vn\/en\/wp-json\/wp\/v2\/product\/34642\/revisions"}],"wp:featuredmedia":[{"embeddable":true,"href":"https:\/\/havamall.vn\/en\/wp-json\/wp\/v2\/media\/39269"}],"wp:attachment":[{"href":"https:\/\/havamall.vn\/en\/wp-json\/wp\/v2\/media?parent=34642"}],"wp:term":[{"taxonomy":"product_brand","embeddable":true,"href":"https:\/\/havamall.vn\/en\/wp-json\/wp\/v2\/product_brand?post=34642"},{"taxonomy":"product_cat","embeddable":true,"href":"https:\/\/havamall.vn\/en\/wp-json\/wp\/v2\/product_cat?post=34642"},{"taxonomy":"product_tag","embeddable":true,"href":"https:\/\/havamall.vn\/en\/wp-json\/wp\/v2\/product_tag?post=34642"}],"curies":[{"name":"wp","href":"https:\/\/api.w.org\/{rel}","templated":true}]}}