{"id":34640,"date":"2024-05-31T11:33:19","date_gmt":"2024-05-31T04:33:19","guid":{"rendered":"https:\/\/havamall.vn\/?post_type=product&#038;p=34640"},"modified":"2025-06-08T16:23:32","modified_gmt":"2025-06-08T09:23:32","slug":"bot-than-tre-havafoodies-40g-bamboo-charcoal-powder","status":"publish","type":"product","link":"https:\/\/havamall.vn\/en\/shop\/bot-than-tre-havafoodies-40g-bamboo-charcoal-powder\/","title":{"rendered":"B\u1ed9t Than Tre Havafoodies 40g &#8211; Bamboo Charcoal Powder"},"content":{"rendered":"<div id=\"js-product-detail__specs\" class=\"product-detail__specs\">\n<div class=\"row\">\n<div class=\"col-sm-12\">\n<div class=\"product-specs__table\">\n<table>\n<tbody>\n<tr>\n<td class=\"specs-table__property\">Th\u01b0\u01a1ng hi\u1ec7u<\/td>\n<td class=\"specs-table__value\">Havafoodies<\/td>\n<\/tr>\n<tr>\n<td class=\"specs-table__property\">Xu\u1ea5t x\u1ee9<\/td>\n<td class=\"specs-table__value\">Vi\u1ec7t nam<\/td>\n<\/tr>\n<tr>\n<td class=\"specs-table__property\">H\u1ea1n s\u1eed d\u1ee5ng<\/td>\n<td class=\"specs-table__value\">Xem tr\u00ean bao b\u00ec s\u1ea3n ph\u1ea9m<\/td>\n<\/tr>\n<tr>\n<td class=\"specs-table__property\">H\u01b0\u1edbng d\u1eabn s\u1eed d\u1ee5ng<\/td>\n<td class=\"specs-table__value\">D\u00f9ng tr\u1ef1c ti\u1ebfp ho\u1eb7c ch\u1ebf bi\u1ebfn c\u00e1c m\u00f3n \u0103n tu\u1ef3 th\u00edch<\/td>\n<\/tr>\n<tr>\n<td class=\"specs-table__property\">H\u01b0\u1edbng d\u1eabn b\u1ea3o qu\u1ea3n<\/td>\n<td class=\"specs-table__value\">B\u1ea3o qu\u1ea3n kh\u00f4 r\u00e1o, tho\u00e1ng m\u00e1t<\/td>\n<\/tr>\n<tr>\n<td class=\"specs-table__property\">Th\u00e0nh ph\u1ea7n nguy\u00ean li\u1ec7u<\/td>\n<td class=\"specs-table__value\">Nh\u01b0 tr\u00ean bao b\u00ec<\/td>\n<\/tr>\n<tr>\n<td class=\"specs-table__property\">Kh\u1ed1i l\u01b0\u1ee3ng<\/td>\n<td class=\"specs-table__value\">40g<\/td>\n<\/tr>\n<\/tbody>\n<\/table>\n<p>B\u1ed9t than tre (hay c\u00f2n g\u1ecdi l\u00e0 than ho\u1ea1t t\u00ednh) l\u00e0 nguy\u00ean li\u1ec7u t\u1ef1 nhi\u00ean \u0111\u01b0\u1ee3c t\u1ea1o ra t\u1eeb qu\u00e1 tr\u00ecnh \u0111\u1ed1t tre \u1edf nhi\u1ec7t \u0111\u1ed9 cao trong m\u00f4i tr\u01b0\u1eddng kh\u00f4ng c\u00f3 oxy. V\u1edbi kh\u1ea3 n\u0103ng h\u1ea5p th\u1ee5 v\u01b0\u1ee3t tr\u1ed9i, b\u1ed9t than tre kh\u00f4ng ch\u1ec9 \u0111\u01b0\u1ee3c \u1ee9ng d\u1ee5ng r\u1ed9ng r\u00e3i trong ch\u0103m s\u00f3c s\u1ee9c kh\u1ecfe v\u00e0 l\u00e0m \u0111\u1eb9p, m\u00e0 c\u00f2n \u0111\u01b0\u1ee3c s\u1eed d\u1ee5ng trong n\u1ea5u \u0103n v\u00e0 c\u00e1c ng\u00e0nh c\u00f4ng nghi\u1ec7p kh\u00e1c.<\/p>\n<p><img fetchpriority=\"high\" decoding=\"async\" class=\"wp-image-35890 aligncenter\" src=\"https:\/\/havamall.vn\/wp-content\/uploads\/2024\/05\/bot-than-tre.jpg\" alt=\"\" width=\"702\" height=\"526\" \/><\/p>\n<p>B\u1ed9t than tre \u0111\u01b0\u1ee3c s\u1ea3n xu\u1ea5t t\u1eeb tre t\u1ef1 nhi\u00ean qua qu\u00e1 tr\u00ecnh \u0111\u1ed1t ch\u00e1y \u1edf nhi\u1ec7t \u0111\u1ed9 cao t\u1eeb 800-1000 \u0111\u1ed9 C, sau \u0111\u00f3 \u0111\u01b0\u1ee3c nghi\u1ec1n th\u00e0nh b\u1ed9t m\u1ecbn. Quy tr\u00ecnh n\u00e0y gi\u00fap gi\u1eef l\u1ea1i c\u00e1c kho\u00e1ng ch\u1ea5t quan tr\u1ecdng v\u00e0 t\u1ed1i \u01b0u h\u00f3a kh\u1ea3 n\u0103ng h\u1ea5p th\u1ee5 c\u1ee7a than tre, l\u00e0m t\u0103ng hi\u1ec7u qu\u1ea3 s\u1eed d\u1ee5ng trong nhi\u1ec1u m\u1ee5c \u0111\u00edch kh\u00e1c nhau. S\u1ea3n ph\u1ea9m kh\u00f4ng ch\u1ee9a h\u00f3a ch\u1ea5t \u0111\u1ed9c h\u1ea1i hay ch\u1ea5t ph\u1ee5 gia, \u0111\u1ea3m b\u1ea3o an to\u00e0n cho ng\u01b0\u1eddi s\u1eed d\u1ee5ng.<\/p>\n<p><img decoding=\"async\" class=\"wp-image-35891 aligncenter\" src=\"https:\/\/havamall.vn\/wp-content\/uploads\/2024\/05\/banh-bao-than-tre-nhan-kim-sa.jpg\" alt=\"\" width=\"702\" height=\"435\" \/><\/p>\n<p>B\u1ed9t than tre c\u00f3 th\u1ec3 \u0111\u01b0\u1ee3c s\u1eed d\u1ee5ng trong nhi\u1ec1u l\u0129nh v\u1ef1c, t\u1eeb ch\u0103m s\u00f3c c\u00e1 nh\u00e2n \u0111\u1ebfn n\u1ea5u \u0103n v\u00e0 l\u1ecdc n\u01b0\u1edbc. D\u01b0\u1edbi \u0111\u00e2y l\u00e0 m\u1ed9t s\u1ed1 \u1ee9ng d\u1ee5ng ph\u1ed5 bi\u1ebfn:<\/p>\n<p>&#8211; Ch\u0103m s\u00f3c da v\u00e0 r\u0103ng mi\u1ec7ng: B\u1ed9t than tre c\u00f3 kh\u1ea3 n\u0103ng h\u1ea5p th\u1ee5 b\u00e3 nh\u1eddn, b\u1ee5i b\u1ea9n v\u00e0 \u0111\u1ed9c t\u1ed1 tr\u00ean da, gi\u00fap l\u00e0m s\u1ea1ch s\u00e2u, ng\u0103n ng\u1eeba m\u1ee5n, v\u00e0 l\u00e0m s\u00e1ng da. Ngo\u00e0i ra, b\u1ed9t than tre c\u00f2n \u0111\u01b0\u1ee3c d\u00f9ng \u0111\u1ec3 l\u00e0m tr\u1eafng r\u0103ng t\u1ef1 nhi\u00ean v\u00e0 lo\u1ea1i b\u1ecf m\u1ea3ng b\u00e1m.<\/p>\n<p>&#8211; L\u00e0m \u0111\u1eb9p t\u00f3c: B\u1ed9t than tre gi\u00fap h\u1ea5p th\u1ee5 d\u1ea7u th\u1eeba tr\u00ean da \u0111\u1ea7u, l\u00e0m s\u1ea1ch s\u00e2u ch\u00e2n t\u00f3c v\u00e0 ng\u0103n ng\u1eeba g\u00e0u, gi\u00fap t\u00f3c tr\u1edf n\u00ean m\u1ec1m m\u01b0\u1ee3t v\u00e0 s\u1ea1ch s\u1ebd h\u01a1n.<\/p>\n<p>&#8211; \u1ee8ng d\u1ee5ng trong n\u1ea5u \u0103n: B\u1ed9t than tre c\u00f3 th\u1ec3 \u0111\u01b0\u1ee3c s\u1eed d\u1ee5ng nh\u01b0 m\u1ed9t nguy\u00ean li\u1ec7u t\u1ea1o m\u00e0u \u0111en t\u1ef1 nhi\u00ean cho c\u00e1c m\u00f3n \u0103n nh\u01b0 b\u00e1nh, kem, m\u00ec, hay n\u01b0\u1edbc gi\u1ea3i kh\u00e1t, mang l\u1ea1i h\u01b0\u01a1ng v\u1ecb m\u1edbi l\u1ea1 v\u00e0 b\u1eaft m\u1eaft.<\/p>\n<p>&#8211; L\u1ecdc n\u01b0\u1edbc v\u00e0 l\u00e0m s\u1ea1ch kh\u00f4ng kh\u00ed: Nh\u1edd kh\u1ea3 n\u0103ng h\u1ea5p th\u1ee5 \u0111\u1ed9c t\u1ed1 v\u00e0 vi khu\u1ea9n cao, b\u1ed9t than tre th\u01b0\u1eddng \u0111\u01b0\u1ee3c d\u00f9ng trong c\u00e1c b\u1ed9 l\u1ecdc n\u01b0\u1edbc v\u00e0 thi\u1ebft b\u1ecb l\u00e0m s\u1ea1ch kh\u00f4ng kh\u00ed \u0111\u1ec3 lo\u1ea1i b\u1ecf c\u00e1c ch\u1ea5t \u00f4 nhi\u1ec5m.<\/p>\n<p><img decoding=\"async\" class=\"wp-image-35892 aligncenter\" src=\"https:\/\/havamall.vn\/wp-content\/uploads\/2024\/05\/tinh-than-tre-a9dda2c5-bac5-4bdf-af6f-e76d90f80eae.webp\" alt=\"\" width=\"702\" height=\"702\" \/><\/p>\n<h3><strong>L\u1ee3i \u00edch cho s\u1ee9c kh\u1ecfe<\/strong><\/h3>\n<p>&#8211; Th\u1ea3i \u0111\u1ed9c c\u01a1 th\u1ec3: B\u1ed9t than tre c\u00f3 kh\u1ea3 n\u0103ng h\u1ea5p th\u1ee5 \u0111\u1ed9c t\u1ed1, gi\u00fap lo\u1ea1i b\u1ecf c\u00e1c ch\u1ea5t \u0111\u1ed9c h\u1ea1i t\u1eeb h\u1ec7 ti\u00eau h\u00f3a v\u00e0 h\u1ed7 tr\u1ee3 ch\u1ee9c n\u0103ng gan.<\/p>\n<p>&#8211; L\u00e0m \u0111\u1eb9p da v\u00e0 r\u0103ng: Gi\u00fap l\u00e0m s\u1ea1ch s\u00e2u, lo\u1ea1i b\u1ecf b\u1ee5i b\u1ea9n v\u00e0 d\u1ea7u th\u1eeba tr\u00ean da, ng\u0103n ng\u1eeba m\u1ee5n v\u00e0 l\u00e0m tr\u1eafng r\u0103ng t\u1ef1 nhi\u00ean.<\/p>\n<p>&#8211; C\u1ea3i thi\u1ec7n h\u1ec7 ti\u00eau h\u00f3a: Than ho\u1ea1t t\u00ednh c\u00f3 th\u1ec3 gi\u00fap gi\u1ea3m t\u00ecnh tr\u1ea1ng \u0111\u1ea7y h\u01a1i, kh\u00f3 ti\u00eau v\u00e0 h\u1ea5p th\u1ee5 c\u00e1c \u0111\u1ed9c t\u1ed1 trong \u0111\u01b0\u1eddng ru\u1ed9t.<\/p>\n<p><img loading=\"lazy\" decoding=\"async\" class=\"wp-image-35893 aligncenter\" src=\"https:\/\/havamall.vn\/wp-content\/uploads\/2024\/05\/bot-than-tre-la-gi.jpg\" alt=\"\" width=\"702\" height=\"435\" \/><\/p>\n<h3><strong>\u0110\u1eb7c \u0111i\u1ec3m n\u1ed5i b\u1eadt<\/strong><\/h3>\n<p>&#8211; Kh\u1ea3 n\u0103ng h\u1ea5p th\u1ee5 m\u1ea1nh m\u1ebd: B\u1ed9t than tre c\u00f3 kh\u1ea3 n\u0103ng h\u1ea5p th\u1ee5 \u0111\u1ed9c t\u1ed1 v\u00e0 t\u1ea1p ch\u1ea5t cao, gi\u00fap l\u00e0m s\u1ea1ch v\u00e0 b\u1ea3o v\u1ec7 c\u01a1 th\u1ec3.<\/p>\n<p>&#8211; An to\u00e0n v\u00e0 t\u1ef1 nhi\u00ean: \u0110\u01b0\u1ee3c s\u1ea3n xu\u1ea5t t\u1eeb nguy\u00ean li\u1ec7u tre t\u1ef1 nhi\u00ean, kh\u00f4ng ch\u1ee9a h\u00f3a ch\u1ea5t \u0111\u1ed9c h\u1ea1i hay ch\u1ea5t b\u1ea3o qu\u1ea3n, an to\u00e0n cho ng\u01b0\u1eddi d\u00f9ng.<\/p>\n<p>&#8211; Ti\u1ec7n l\u1ee3i v\u00e0 \u0111a d\u1ee5ng: S\u1ea3n ph\u1ea9m d\u1ec5 d\u00e0ng s\u1eed d\u1ee5ng trong nhi\u1ec1u m\u1ee5c \u0111\u00edch kh\u00e1c nhau, t\u1eeb l\u00e0m \u0111\u1eb9p, ch\u0103m s\u00f3c c\u00e1 nh\u00e2n \u0111\u1ebfn n\u1ea5u \u0103n v\u00e0 l\u1ecdc n\u01b0\u1edbc.<\/p>\n<p>S\u1ea3n ph\u1ea9m c\u00f3 m\u1eb7t t\u1ea1i Havamall.<\/p>\n<\/div>\n<\/div>\n<\/div>\n<\/div>","protected":false},"excerpt":{"rendered":"<p>Th\u01b0\u01a1ng hi\u1ec7u Havafoodies Xu\u1ea5t x\u1ee9 Vi\u1ec7t nam H\u1ea1n s\u1eed d\u1ee5ng Xem tr\u00ean bao b\u00ec s\u1ea3n ph\u1ea9m H\u01b0\u1edbng d\u1eabn s\u1eed d\u1ee5ng<\/p>","protected":false},"featured_media":39267,"comment_status":"open","ping_status":"closed","template":"","meta":[],"product_brand":[],"product_cat":[595,36],"product_tag":[],"class_list":{"0":"post-34640","1":"product","2":"type-product","3":"status-publish","4":"has-post-thumbnail","6":"product_cat-gia-vi-va-che-bien","7":"product_cat-thuc-pham-tieu-dung","9":"first","10":"instock","11":"sale","12":"shipping-taxable","13":"purchasable","14":"product-type-simple"},"_links":{"self":[{"href":"https:\/\/havamall.vn\/en\/wp-json\/wp\/v2\/product\/34640"}],"collection":[{"href":"https:\/\/havamall.vn\/en\/wp-json\/wp\/v2\/product"}],"about":[{"href":"https:\/\/havamall.vn\/en\/wp-json\/wp\/v2\/types\/product"}],"replies":[{"embeddable":true,"href":"https:\/\/havamall.vn\/en\/wp-json\/wp\/v2\/comments?post=34640"}],"version-history":[{"count":0,"href":"https:\/\/havamall.vn\/en\/wp-json\/wp\/v2\/product\/34640\/revisions"}],"wp:featuredmedia":[{"embeddable":true,"href":"https:\/\/havamall.vn\/en\/wp-json\/wp\/v2\/media\/39267"}],"wp:attachment":[{"href":"https:\/\/havamall.vn\/en\/wp-json\/wp\/v2\/media?parent=34640"}],"wp:term":[{"taxonomy":"product_brand","embeddable":true,"href":"https:\/\/havamall.vn\/en\/wp-json\/wp\/v2\/product_brand?post=34640"},{"taxonomy":"product_cat","embeddable":true,"href":"https:\/\/havamall.vn\/en\/wp-json\/wp\/v2\/product_cat?post=34640"},{"taxonomy":"product_tag","embeddable":true,"href":"https:\/\/havamall.vn\/en\/wp-json\/wp\/v2\/product_tag?post=34640"}],"curies":[{"name":"wp","href":"https:\/\/api.w.org\/{rel}","templated":true}]}}