{"id":34638,"date":"2024-05-31T11:28:04","date_gmt":"2024-05-31T04:28:04","guid":{"rendered":"https:\/\/havamall.vn\/?post_type=product&#038;p=34638"},"modified":"2025-06-08T16:16:00","modified_gmt":"2025-06-08T09:16:00","slug":"bot-chum-ngay-havafoodies-40g-moringa-powder","status":"publish","type":"product","link":"https:\/\/havamall.vn\/en\/shop\/bot-chum-ngay-havafoodies-40g-moringa-powder\/","title":{"rendered":"B\u1ed9t Ch\u00f9m Ng\u00e2y Havafoodies 40g &#8211; Moringa Powder"},"content":{"rendered":"<div id=\"js-product-detail__specs\" class=\"product-detail__specs\">\n<div class=\"row\">\n<div class=\"col-sm-12\">\n<div class=\"product-specs__table\">\n<table>\n<tbody>\n<tr>\n<td class=\"specs-table__property\">Th\u01b0\u01a1ng hi\u1ec7u<\/td>\n<td class=\"specs-table__value\">Havafoodies<\/td>\n<\/tr>\n<tr>\n<td class=\"specs-table__property\">Xu\u1ea5t x\u1ee9<\/td>\n<td class=\"specs-table__value\">Vi\u1ec7t nam<\/td>\n<\/tr>\n<tr>\n<td class=\"specs-table__property\">H\u1ea1n s\u1eed d\u1ee5ng<\/td>\n<td class=\"specs-table__value\">Xem tr\u00ean bao b\u00ec s\u1ea3n ph\u1ea9m<\/td>\n<\/tr>\n<tr>\n<td class=\"specs-table__property\">H\u01b0\u1edbng d\u1eabn s\u1eed d\u1ee5ng<\/td>\n<td class=\"specs-table__value\">D\u00f9ng tr\u1ef1c ti\u1ebfp ho\u1eb7c ch\u1ebf bi\u1ebfn c\u00e1c m\u00f3n \u0103n tu\u1ef3 th\u00edch<\/td>\n<\/tr>\n<tr>\n<td class=\"specs-table__property\">H\u01b0\u1edbng d\u1eabn b\u1ea3o qu\u1ea3n<\/td>\n<td class=\"specs-table__value\">B\u1ea3o qu\u1ea3n kh\u00f4 r\u00e1o, tho\u00e1ng m\u00e1t<\/td>\n<\/tr>\n<tr>\n<td class=\"specs-table__property\">Th\u00e0nh ph\u1ea7n nguy\u00ean li\u1ec7u<\/td>\n<td class=\"specs-table__value\">Nh\u01b0 tr\u00ean bao b\u00ec<\/td>\n<\/tr>\n<tr>\n<td class=\"specs-table__property\">Kh\u1ed1i l\u01b0\u1ee3ng<\/td>\n<td class=\"specs-table__value\">40g<\/td>\n<\/tr>\n<\/tbody>\n<\/table>\n<p>Ch\u00f9m ng\u00e2y, hay c\u00f2n \u0111\u01b0\u1ee3c g\u1ecdi l\u00e0 Moringa oleifera, l\u00e0 m\u1ed9t c\u00e2y th\u1ea3o d\u01b0\u1ee3c n\u1ed5i ti\u1ebfng v\u1edbi gi\u00e1 tr\u1ecb dinh d\u01b0\u1ee1ng v\u00e0 l\u1ee3i \u00edch s\u1ee9c kh\u1ecfe v\u01b0\u1ee3t tr\u1ed9i. B\u1ed9t ch\u00f9m ng\u00e2y \u0111\u01b0\u1ee3c ch\u1ebf bi\u1ebfn t\u1eeb l\u00e1 ch\u00f9m ng\u00e2y t\u01b0\u01a1i, qua qu\u00e1 tr\u00ecnh s\u1ea5y kh\u00f4 v\u00e0 nghi\u1ec1n th\u00e0nh b\u1ed9t m\u1ecbn, gi\u00fap d\u1ec5 d\u00e0ng b\u1ed5 sung d\u01b0\u1ee1ng ch\u1ea5t v\u00e0o ch\u1ebf \u0111\u1ed9 \u0103n u\u1ed1ng h\u00e0ng ng\u00e0y c\u1ee7a b\u1ea1n.<\/p>\n<p><img fetchpriority=\"high\" decoding=\"async\" class=\"size-full wp-image-35897 aligncenter\" src=\"https:\/\/havamall.vn\/wp-content\/uploads\/2024\/05\/bot_chum_ngay_co_tac_dung_gi_1_de2efe0023.webp\" alt=\"\" width=\"800\" height=\"534\" \/><\/p>\n<p>B\u1ed9t ch\u00f9m ng\u00e2y \u0111\u01b0\u1ee3c s\u1ea3n xu\u1ea5t t\u1eeb nh\u1eefng l\u00e1 ch\u00f9m ng\u00e2y t\u01b0\u01a1i v\u00e0 kh\u1ecfe m\u1ea1nh. Quy tr\u00ecnh s\u1ea3n xu\u1ea5t bao g\u1ed3m vi\u1ec7c thu ho\u1ea1ch l\u00e1, l\u00e0m s\u1ea1ch, s\u1ea5y kh\u00f4 \u1edf nhi\u1ec7t \u0111\u1ed9 th\u1ea5p \u0111\u1ec3 gi\u1eef nguy\u00ean c\u00e1c d\u01b0\u1ee1ng ch\u1ea5t, v\u00e0 sau \u0111\u00f3 nghi\u1ec1n th\u00e0nh b\u1ed9t m\u1ecbn. C\u00f4ng ngh\u1ec7 s\u1ea5y l\u1ea1nh ho\u1eb7c s\u1ea5y kh\u00f4 gi\u00fap b\u1ea3o to\u00e0n h\u01b0\u01a1ng v\u1ecb, m\u00e0u s\u1eafc xanh t\u1ef1 nhi\u00ean, v\u00e0 c\u00e1c vitamin, kho\u00e1ng ch\u1ea5t c\u00f3 l\u1ee3i trong l\u00e1 ch\u00f9m ng\u00e2y.<\/p>\n<p>B\u1ed9t ch\u00f9m ng\u00e2y r\u1ea5t linh ho\u1ea1t v\u00e0 c\u00f3 th\u1ec3 \u0111\u01b0\u1ee3c s\u1eed d\u1ee5ng trong nhi\u1ec1u m\u00f3n \u0103n v\u00e0 th\u1ee9c u\u1ed1ng. B\u1ea1n c\u00f3 th\u1ec3 pha b\u1ed9t v\u1edbi n\u01b0\u1edbc \u0111\u1ec3 t\u1ea1o th\u00e0nh m\u1ed9t lo\u1ea1i n\u01b0\u1edbc u\u1ed1ng b\u1ed5 d\u01b0\u1ee1ng, ho\u1eb7c th\u00eam v\u00e0o sinh t\u1ed1, n\u01b0\u1edbc \u00e9p, s\u1eefa chua, v\u00e0 c\u00e1c m\u00f3n tr\u00e1ng mi\u1ec7ng nh\u01b0 b\u00e1nh, kem \u0111\u1ec3 gia t\u0103ng h\u01b0\u01a1ng v\u1ecb v\u00e0 gi\u00e1 tr\u1ecb dinh d\u01b0\u1ee1ng. B\u1ed9t ch\u00f9m ng\u00e2y c\u0169ng l\u00e0 l\u1ef1a ch\u1ecdn tuy\u1ec7t v\u1eddi \u0111\u1ec3 l\u00e0m gia v\u1ecb cho c\u00e1c m\u00f3n x\u00e0o, salad, ho\u1eb7c soup.<\/p>\n<p>&#8211; U\u1ed1ng tr\u1ef1c ti\u1ebfp: Pha 1-2 mu\u1ed7ng c\u00e0 ph\u00ea b\u1ed9t ch\u00f9m ng\u00e2y v\u00e0o m\u1ed9t ly n\u01b0\u1edbc l\u1ea1nh ho\u1eb7c n\u01b0\u1edbc \u1ea5m, khu\u1ea5y \u0111\u1ec1u v\u00e0 th\u01b0\u1edfng th\u1ee9c. B\u1ea1n c\u0169ng c\u00f3 th\u1ec3 th\u00eam v\u00e0o n\u01b0\u1edbc \u00e9p tr\u00e1i c\u00e2y ho\u1eb7c sinh t\u1ed1.<\/p>\n<p>&#8211; N\u1ea5u \u0103n: Th\u00eam b\u1ed9t ch\u00f9m ng\u00e2y v\u00e0o c\u00e1c m\u00f3n x\u00e0o, soup, ho\u1eb7c salad \u0111\u1ec3 t\u0103ng c\u01b0\u1eddng gi\u00e1 tr\u1ecb dinh d\u01b0\u1ee1ng v\u00e0 h\u01b0\u01a1ng v\u1ecb.<\/p>\n<p>&#8211; L\u00e0m \u0111\u1eb9p: Tr\u1ed9n b\u1ed9t ch\u00f9m ng\u00e2y v\u1edbi m\u1ed9t \u00edt n\u01b0\u1edbc ho\u1eb7c s\u1eefa chua \u0111\u1ec3 t\u1ea1o th\u00e0nh m\u1eb7t n\u1ea1 d\u01b0\u1ee1ng da, gi\u00fap l\u00e0m s\u00e1ng v\u00e0 c\u1ea3i thi\u1ec7n t\u00ecnh tr\u1ea1ng da.<\/p>\n<p><img decoding=\"async\" class=\"wp-image-35898 aligncenter\" src=\"https:\/\/havamall.vn\/wp-content\/uploads\/2024\/05\/day_la_ly_do_vi_sao_ban_nen_su_dung_bot_chum_ngay_trong_an_uong_hang_ngay_1.jpg\" alt=\"\" width=\"800\" height=\"455\" \/><\/p>\n<h3><strong>L\u1ee3i \u00edch cho s\u1ee9c kh\u1ecfe<\/strong><\/h3>\n<p>&#8211; Cung c\u1ea5p d\u01b0\u1ee1ng ch\u1ea5t phong ph\u00fa: B\u1ed9t ch\u00f9m ng\u00e2y l\u00e0 ngu\u1ed3n cung c\u1ea5p vitamin A, C, E, c\u00f9ng c\u00e1c kho\u00e1ng ch\u1ea5t nh\u01b0 s\u1eaft, canxi, v\u00e0 magie, gi\u00fap t\u0103ng c\u01b0\u1eddng s\u1ee9c kh\u1ecfe t\u1ed5ng th\u1ec3.<\/p>\n<p>&#8211; T\u0103ng c\u01b0\u1eddng h\u1ec7 mi\u1ec5n d\u1ecbch: H\u00e0m l\u01b0\u1ee3ng vitamin C cao trong b\u1ed9t ch\u00f9m ng\u00e2y gi\u00fap c\u1ee7ng c\u1ed1 h\u1ec7 mi\u1ec5n d\u1ecbch, ch\u1ed1ng l\u1ea1i c\u1ea3m c\u00fam v\u00e0 c\u00e1c b\u1ec7nh nhi\u1ec5m tr\u00f9ng.<\/p>\n<p>&#8211; C\u1ea3i thi\u1ec7n s\u1ee9c kh\u1ecfe tim m\u1ea1ch: B\u1ed9t ch\u00f9m ng\u00e2y ch\u1ee9a c\u00e1c ch\u1ea5t ch\u1ed1ng oxy h\u00f3a v\u00e0 ch\u1ea5t b\u00e9o kh\u00f4ng b\u00e3o h\u00f2a, gi\u00fap duy tr\u00ec s\u1ee9c kh\u1ecfe tim m\u1ea1ch v\u00e0 gi\u1ea3m cholesterol x\u1ea5u.<\/p>\n<p>&#8211; Gi\u1ea3m vi\u00eam v\u00e0 h\u1ed7 tr\u1ee3 ti\u00eau h\u00f3a: Ch\u00f9m ng\u00e2y c\u00f3 \u0111\u1eb7c t\u00ednh ch\u1ed1ng vi\u00eam, gi\u00fap gi\u1ea3m tri\u1ec7u ch\u1ee9ng vi\u00eam v\u00e0 h\u1ed7 tr\u1ee3 ch\u1ee9c n\u0103ng ti\u00eau h\u00f3a, gi\u1ea3m t\u00ecnh tr\u1ea1ng \u0111\u1ea7y h\u01a1i v\u00e0 kh\u00f3 ti\u00eau.<\/p>\n<p>&#8211; T\u0103ng c\u01b0\u1eddng n\u0103ng l\u01b0\u1ee3ng v\u00e0 c\u1ea3i thi\u1ec7n t\u00e2m tr\u1ea1ng: B\u1ed9t ch\u00f9m ng\u00e2y gi\u00fap cung c\u1ea5p n\u0103ng l\u01b0\u1ee3ng t\u1ef1 nhi\u00ean, c\u1ea3i thi\u1ec7n t\u00e2m tr\u1ea1ng v\u00e0 t\u0103ng c\u01b0\u1eddng s\u1ee9c kh\u1ecfe tinh th\u1ea7n.<\/p>\n<p><img decoding=\"async\" class=\"wp-image-35899 aligncenter\" src=\"https:\/\/havamall.vn\/wp-content\/uploads\/2024\/05\/bot-chum-ngay-say-lanh-la-gi-cong-dung-va-cach-dung-bot-chum-ngay-202201071826092231.jpg\" alt=\"\" width=\"800\" height=\"465\" \/><\/p>\n<h3><strong>\u0110\u1eb7c \u0111i\u1ec3m n\u1ed5i b\u1eadt<\/strong><\/h3>\n<p>&#8211; Gi\u1eef nguy\u00ean d\u01b0\u1ee1ng ch\u1ea5t: Quy tr\u00ecnh s\u1ea3n xu\u1ea5t gi\u1eef nguy\u00ean m\u00e0u s\u1eafc xanh v\u00e0 c\u00e1c d\u01b0\u1ee1ng ch\u1ea5t quan tr\u1ecdng c\u1ee7a l\u00e1 ch\u00f9m ng\u00e2y.<\/p>\n<p>&#8211; An to\u00e0n v\u00e0 t\u1ef1 nhi\u00ean: B\u1ed9t ch\u00f9m ng\u00e2y \u0111\u01b0\u1ee3c l\u00e0m t\u1eeb nguy\u00ean li\u1ec7u ho\u00e0n to\u00e0n t\u1ef1 nhi\u00ean, kh\u00f4ng ch\u1ee9a ch\u1ea5t b\u1ea3o qu\u1ea3n hay ph\u1ea9m m\u00e0u nh\u00e2n t\u1ea1o, an to\u00e0n cho s\u1ee9c kh\u1ecfe ng\u01b0\u1eddi ti\u00eau d\u00f9ng.<\/p>\n<p>&#8211; Ti\u1ec7n l\u1ee3i v\u00e0 d\u1ec5 s\u1eed d\u1ee5ng: \u0110\u00f3ng g\u00f3i nh\u1ecf g\u1ecdn, d\u1ec5 d\u00e0ng s\u1eed d\u1ee5ng trong nhi\u1ec1u m\u00f3n \u0103n v\u00e0 th\u1ee9c u\u1ed1ng, ph\u00f9 h\u1ee3p v\u1edbi l\u1ed1i s\u1ed1ng hi\u1ec7n \u0111\u1ea1i.<\/p>\n<p>S\u1ea3n ph\u1ea9m c\u00f3 m\u1eb7t t\u1ea1i Havamall.<\/p>\n<p><img loading=\"lazy\" decoding=\"async\" class=\"wp-image-35900 aligncenter\" src=\"https:\/\/havamall.vn\/wp-content\/uploads\/2024\/05\/bot-chum-ngay-1.jpg\" alt=\"\" width=\"796\" height=\"448\" \/><\/p>\n<\/div>\n<\/div>\n<\/div>\n<\/div>","protected":false},"excerpt":{"rendered":"<p>Th\u01b0\u01a1ng hi\u1ec7u Havafoodies Xu\u1ea5t x\u1ee9 Vi\u1ec7t nam H\u1ea1n s\u1eed d\u1ee5ng Xem tr\u00ean bao b\u00ec s\u1ea3n ph\u1ea9m H\u01b0\u1edbng d\u1eabn s\u1eed d\u1ee5ng<\/p>","protected":false},"featured_media":39265,"comment_status":"open","ping_status":"closed","template":"","meta":[],"product_brand":[],"product_cat":[595,36],"product_tag":[],"class_list":{"0":"post-34638","1":"product","2":"type-product","3":"status-publish","4":"has-post-thumbnail","6":"product_cat-gia-vi-va-che-bien","7":"product_cat-thuc-pham-tieu-dung","9":"first","10":"instock","11":"sale","12":"shipping-taxable","13":"purchasable","14":"product-type-simple"},"_links":{"self":[{"href":"https:\/\/havamall.vn\/en\/wp-json\/wp\/v2\/product\/34638"}],"collection":[{"href":"https:\/\/havamall.vn\/en\/wp-json\/wp\/v2\/product"}],"about":[{"href":"https:\/\/havamall.vn\/en\/wp-json\/wp\/v2\/types\/product"}],"replies":[{"embeddable":true,"href":"https:\/\/havamall.vn\/en\/wp-json\/wp\/v2\/comments?post=34638"}],"version-history":[{"count":0,"href":"https:\/\/havamall.vn\/en\/wp-json\/wp\/v2\/product\/34638\/revisions"}],"wp:featuredmedia":[{"embeddable":true,"href":"https:\/\/havamall.vn\/en\/wp-json\/wp\/v2\/media\/39265"}],"wp:attachment":[{"href":"https:\/\/havamall.vn\/en\/wp-json\/wp\/v2\/media?parent=34638"}],"wp:term":[{"taxonomy":"product_brand","embeddable":true,"href":"https:\/\/havamall.vn\/en\/wp-json\/wp\/v2\/product_brand?post=34638"},{"taxonomy":"product_cat","embeddable":true,"href":"https:\/\/havamall.vn\/en\/wp-json\/wp\/v2\/product_cat?post=34638"},{"taxonomy":"product_tag","embeddable":true,"href":"https:\/\/havamall.vn\/en\/wp-json\/wp\/v2\/product_tag?post=34638"}],"curies":[{"name":"wp","href":"https:\/\/api.w.org\/{rel}","templated":true}]}}