{"id":34635,"date":"2024-05-31T11:25:37","date_gmt":"2024-05-31T04:25:37","guid":{"rendered":"https:\/\/havamall.vn\/?post_type=product&#038;p=34635"},"modified":"2025-06-08T16:08:28","modified_gmt":"2025-06-08T09:08:28","slug":"bot-la-tia-to-havafoodies-40g-perilla-leaves-powder","status":"publish","type":"product","link":"https:\/\/havamall.vn\/en\/shop\/bot-la-tia-to-havafoodies-40g-perilla-leaves-powder\/","title":{"rendered":"B\u1ed9t L\u00e1 T\u00eda T\u00f4 Havafoodies 40g &#8211; Perilla Leaves Powder"},"content":{"rendered":"<div id=\"js-product-detail__specs\" class=\"product-detail__specs\">\n<div class=\"row\">\n<div class=\"col-sm-12\">\n<div class=\"product-specs__table\">\n<table>\n<tbody>\n<tr>\n<td class=\"specs-table__property\">Th\u01b0\u01a1ng hi\u1ec7u<\/td>\n<td class=\"specs-table__value\">Havafoodies<\/td>\n<\/tr>\n<tr>\n<td class=\"specs-table__property\">Xu\u1ea5t x\u1ee9<\/td>\n<td class=\"specs-table__value\">Vi\u1ec7t nam<\/td>\n<\/tr>\n<tr>\n<td class=\"specs-table__property\">H\u1ea1n s\u1eed d\u1ee5ng<\/td>\n<td class=\"specs-table__value\">Xem tr\u00ean bao b\u00ec s\u1ea3n ph\u1ea9m<\/td>\n<\/tr>\n<tr>\n<td class=\"specs-table__property\">H\u01b0\u1edbng d\u1eabn s\u1eed d\u1ee5ng<\/td>\n<td class=\"specs-table__value\">D\u00f9ng tr\u1ef1c ti\u1ebfp ho\u1eb7c ch\u1ebf bi\u1ebfn c\u00e1c m\u00f3n \u0103n tu\u1ef3 th\u00edch<\/td>\n<\/tr>\n<tr>\n<td class=\"specs-table__property\">H\u01b0\u1edbng d\u1eabn b\u1ea3o qu\u1ea3n<\/td>\n<td class=\"specs-table__value\">B\u1ea3o qu\u1ea3n kh\u00f4 r\u00e1o, tho\u00e1ng m\u00e1t<\/td>\n<\/tr>\n<tr>\n<td class=\"specs-table__property\">Th\u00e0nh ph\u1ea7n nguy\u00ean li\u1ec7u<\/td>\n<td class=\"specs-table__value\">Nh\u01b0 tr\u00ean bao b\u00ec<\/td>\n<\/tr>\n<tr>\n<td class=\"specs-table__property\">Kh\u1ed1i l\u01b0\u1ee3ng<\/td>\n<td class=\"specs-table__value\">40g<\/td>\n<\/tr>\n<\/tbody>\n<\/table>\n<p>L\u00e1 t\u00eda t\u00f4, v\u1edbi t\u00ean khoa h\u1ecdc l\u00e0 Perilla frutescens, kh\u00f4ng ch\u1ec9 n\u1ed5i b\u1eadt trong \u1ea9m th\u1ef1c Vi\u1ec7t Nam m\u00e0 c\u00f2n \u0111\u01b0\u1ee3c bi\u1ebft \u0111\u1ebfn v\u1edbi nhi\u1ec1u c\u00f4ng d\u1ee5ng s\u1ee9c kh\u1ecfe v\u00e0 l\u00e0m \u0111\u1eb9p. B\u1ed9t l\u00e1 t\u00eda t\u00f4 \u0111\u01b0\u1ee3c ch\u1ebf bi\u1ebfn t\u1eeb nh\u1eefng l\u00e1 t\u00eda t\u00f4 t\u01b0\u01a1i, qua quy tr\u00ecnh s\u1ea5y kh\u00f4 v\u00e0 nghi\u1ec1n m\u1ecbn, mang l\u1ea1i m\u1ed9t s\u1ea3n ph\u1ea9m ti\u1ec7n l\u1ee3i v\u00e0 \u0111a d\u1ee5ng cho ch\u1ebf \u0111\u1ed9 \u0103n u\u1ed1ng h\u00e0ng ng\u00e0y c\u1ee7a b\u1ea1n.<\/p>\n<p><img fetchpriority=\"high\" decoding=\"async\" class=\"wp-image-35903 aligncenter\" src=\"https:\/\/havamall.vn\/wp-content\/uploads\/2024\/05\/bot-tia-to-dap-mat-01.jpg\" alt=\"\" width=\"801\" height=\"771\" \/><\/p>\n<p>B\u1ed9t l\u00e1 t\u00eda t\u00f4 \u0111\u01b0\u1ee3c s\u1ea3n xu\u1ea5t t\u1eeb l\u00e1 t\u00eda t\u00f4 ch\u1ecdn l\u1ecdc, tr\u1ea3i qua quy tr\u00ecnh s\u1ea5y kh\u00f4 \u1edf nhi\u1ec7t \u0111\u1ed9 th\u1ea5p ho\u1eb7c s\u1ea5y l\u1ea1nh \u0111\u1ec3 gi\u1eef nguy\u00ean c\u00e1c d\u01b0\u1ee1ng ch\u1ea5t qu\u00fd gi\u00e1. Sau khi s\u1ea5y kh\u00f4, l\u00e1 t\u00eda t\u00f4 \u0111\u01b0\u1ee3c nghi\u1ec1n th\u00e0nh b\u1ed9t m\u1ecbn, \u0111\u1ea3m b\u1ea3o m\u00e0u s\u1eafc, h\u01b0\u01a1ng v\u1ecb v\u00e0 c\u00e1c ho\u1ea1t ch\u1ea5t t\u1ef1 nhi\u00ean kh\u00f4ng b\u1ecb m\u1ea5t \u0111i. S\u1ea3n ph\u1ea9m kh\u00f4ng ch\u1ee9a h\u00f3a ch\u1ea5t hay ph\u1ee5 gia \u0111\u1ed9c h\u1ea1i, an to\u00e0n cho s\u1ee9c kh\u1ecfe ng\u01b0\u1eddi ti\u00eau d\u00f9ng.<\/p>\n<p><img decoding=\"async\" class=\"wp-image-35904 aligncenter\" src=\"https:\/\/havamall.vn\/wp-content\/uploads\/2024\/05\/1715916973866_BLA_Bot_tia-to-100g-bich-mau-hanko-Bot-La-1000950-00002-1024x1024.jpg\" alt=\"\" width=\"800\" height=\"800\" \/><\/p>\n<p>B\u1ed9t l\u00e1 t\u00eda t\u00f4 c\u00f3 th\u1ec3 \u0111\u01b0\u1ee3c s\u1eed d\u1ee5ng trong nhi\u1ec1u m\u00f3n \u0103n v\u00e0 th\u1ee9c u\u1ed1ng kh\u00e1c nhau, mang l\u1ea1i h\u01b0\u01a1ng v\u1ecb \u0111\u1eb7c bi\u1ec7t v\u00e0 gi\u00e1 tr\u1ecb dinh d\u01b0\u1ee1ng. B\u1ea1n c\u00f3 th\u1ec3 th\u00eam b\u1ed9t v\u00e0o n\u01b0\u1edbc \u00e9p, sinh t\u1ed1, s\u1eefa chua, ho\u1eb7c d\u00f9ng l\u00e0m gia v\u1ecb cho c\u00e1c m\u00f3n x\u00e0o, soup, salad. B\u1ed9t l\u00e1 t\u00eda t\u00f4 c\u0169ng l\u00e0 l\u1ef1a ch\u1ecdn tuy\u1ec7t v\u1eddi \u0111\u1ec3 t\u1ea1o h\u01b0\u01a1ng v\u1ecb cho c\u00e1c m\u00f3n tr\u00e1ng mi\u1ec7ng v\u00e0 n\u01b0\u1edbc gi\u1ea3i kh\u00e1t.<\/p>\n<h3><strong>L\u1ee3i \u00edch cho s\u1ee9c kh\u1ecfe<\/strong><\/h3>\n<p>&#8211; Cung c\u1ea5p dinh d\u01b0\u1ee1ng phong ph\u00fa: B\u1ed9t l\u00e1 t\u00eda t\u00f4 ch\u1ee9a nhi\u1ec1u vitamin A, C, E, v\u00e0 c\u00e1c kho\u00e1ng ch\u1ea5t nh\u01b0 canxi, s\u1eaft, v\u00e0 magie, gi\u00fap h\u1ed7 tr\u1ee3 s\u1ee9c kh\u1ecfe t\u1ed5ng th\u1ec3.<\/p>\n<p>&#8211; Ch\u1ed1ng vi\u00eam v\u00e0 l\u00e0m d\u1ecbu: C\u00e1c h\u1ee3p ch\u1ea5t ch\u1ed1ng vi\u00eam trong l\u00e1 t\u00eda t\u00f4 gi\u00fap gi\u1ea3m vi\u00eam, l\u00e0m d\u1ecbu c\u00e1c tri\u1ec7u ch\u1ee9ng c\u1ee7a c\u00e1c t\u00ecnh tr\u1ea1ng vi\u00eam nhi\u1ec5m v\u00e0 h\u1ed7 tr\u1ee3 ch\u1eefa l\u00e0nh v\u1ebft th\u01b0\u01a1ng.<\/p>\n<p>&#8211; H\u1ed7 tr\u1ee3 ti\u00eau h\u00f3a: B\u1ed9t l\u00e1 t\u00eda t\u00f4 gi\u00fap c\u1ea3i thi\u1ec7n ch\u1ee9c n\u0103ng ti\u00eau h\u00f3a, gi\u1ea3m tri\u1ec7u ch\u1ee9ng \u0111\u1ea7y h\u01a1i v\u00e0 kh\u00f3 ti\u00eau.<\/p>\n<p>&#8211; T\u0103ng c\u01b0\u1eddng h\u1ec7 mi\u1ec5n d\u1ecbch: H\u00e0m l\u01b0\u1ee3ng vitamin C trong b\u1ed9t l\u00e1 t\u00eda t\u00f4 gi\u00fap t\u0103ng c\u01b0\u1eddng h\u1ec7 mi\u1ec5n d\u1ecbch, b\u1ea3o v\u1ec7 c\u01a1 th\u1ec3 kh\u1ecfi c\u00e1c b\u1ec7nh nhi\u1ec5m tr\u00f9ng.<\/p>\n<p>&#8211; L\u00e0m \u0111\u1eb9p da: B\u1ed9t l\u00e1 t\u00eda t\u00f4 c\u00f3 t\u00e1c d\u1ee5ng l\u00e0m s\u00e1ng da, gi\u1ea3m m\u1ee5n v\u00e0 ng\u0103n ng\u1eeba l\u00e3o h\u00f3a, gi\u00fap c\u1ea3i thi\u1ec7n v\u1ebb ngo\u00e0i l\u00e0n da.<\/p>\n<p><img decoding=\"async\" class=\"size-full wp-image-35905 aligncenter\" src=\"https:\/\/havamall.vn\/wp-content\/uploads\/2024\/05\/7-cach-lam-dep-bang-la-tia-to-ban-khong-nen-bo-qua-3_800x450.jpg\" alt=\"\" width=\"800\" height=\"450\" \/><\/p>\n<\/div>\n<h3><strong>\u0110\u1eb7c \u0111i\u1ec3m n\u1ed5i b\u1eadt<\/strong><\/h3>\n<p>&#8211; Gi\u1eef nguy\u00ean dinh d\u01b0\u1ee1ng: Quy tr\u00ecnh s\u1ea3n xu\u1ea5t gi\u00fap b\u1ea3o to\u00e0n m\u00e0u s\u1eafc, h\u01b0\u01a1ng v\u1ecb v\u00e0 c\u00e1c d\u01b0\u1ee1ng ch\u1ea5t quan tr\u1ecdng c\u1ee7a l\u00e1 t\u00eda t\u00f4.<\/p>\n<p>&#8211; An to\u00e0n v\u00e0 t\u1ef1 nhi\u00ean: B\u1ed9t l\u00e1 t\u00eda t\u00f4 \u0111\u01b0\u1ee3c l\u00e0m t\u1eeb nguy\u00ean li\u1ec7u ho\u00e0n to\u00e0n t\u1ef1 nhi\u00ean, kh\u00f4ng ch\u1ee9a ch\u1ea5t b\u1ea3o qu\u1ea3n hay ph\u1ea9m m\u00e0u nh\u00e2n t\u1ea1o, \u0111\u1ea3m b\u1ea3o an to\u00e0n cho s\u1ee9c kh\u1ecfe ng\u01b0\u1eddi d\u00f9ng.<\/p>\n<p>&#8211; Ti\u1ec7n l\u1ee3i v\u00e0 d\u1ec5 s\u1eed d\u1ee5ng: S\u1ea3n ph\u1ea9m \u0111\u01b0\u1ee3c \u0111\u00f3ng g\u00f3i nh\u1ecf g\u1ecdn, d\u1ec5 d\u00e0ng s\u1eed d\u1ee5ng trong nhi\u1ec1u m\u00f3n \u0103n v\u00e0 th\u1ee9c u\u1ed1ng, ph\u00f9 h\u1ee3p v\u1edbi l\u1ed1i s\u1ed1ng hi\u1ec7n \u0111\u1ea1i.<\/p>\n<div class=\"product-specs__table\">\n<p>S\u1ea3n ph\u1ea9m c\u00f3 m\u1eb7t t\u1ea1i Havamall.<\/p>\n<p><img loading=\"lazy\" decoding=\"async\" class=\"size-full wp-image-35906 aligncenter\" src=\"https:\/\/havamall.vn\/wp-content\/uploads\/2024\/05\/bot-tia-to-co-tac-dung-tot-nhu-tia-to-tuoi-khong-i1glm.png\" alt=\"\" width=\"800\" height=\"600\" \/><\/p>\n<\/div>\n<\/div>\n<\/div>\n<\/div>","protected":false},"excerpt":{"rendered":"<p>Th\u01b0\u01a1ng hi\u1ec7u Havafoodies Xu\u1ea5t x\u1ee9 Vi\u1ec7t nam H\u1ea1n s\u1eed d\u1ee5ng Xem tr\u00ean bao b\u00ec s\u1ea3n ph\u1ea9m H\u01b0\u1edbng d\u1eabn s\u1eed d\u1ee5ng<\/p>","protected":false},"featured_media":39263,"comment_status":"open","ping_status":"closed","template":"","meta":[],"product_brand":[],"product_cat":[595],"product_tag":[],"class_list":{"0":"post-34635","1":"product","2":"type-product","3":"status-publish","4":"has-post-thumbnail","6":"product_cat-gia-vi-va-che-bien","8":"first","9":"instock","10":"sale","11":"shipping-taxable","12":"purchasable","13":"product-type-simple"},"_links":{"self":[{"href":"https:\/\/havamall.vn\/en\/wp-json\/wp\/v2\/product\/34635"}],"collection":[{"href":"https:\/\/havamall.vn\/en\/wp-json\/wp\/v2\/product"}],"about":[{"href":"https:\/\/havamall.vn\/en\/wp-json\/wp\/v2\/types\/product"}],"replies":[{"embeddable":true,"href":"https:\/\/havamall.vn\/en\/wp-json\/wp\/v2\/comments?post=34635"}],"version-history":[{"count":0,"href":"https:\/\/havamall.vn\/en\/wp-json\/wp\/v2\/product\/34635\/revisions"}],"wp:featuredmedia":[{"embeddable":true,"href":"https:\/\/havamall.vn\/en\/wp-json\/wp\/v2\/media\/39263"}],"wp:attachment":[{"href":"https:\/\/havamall.vn\/en\/wp-json\/wp\/v2\/media?parent=34635"}],"wp:term":[{"taxonomy":"product_brand","embeddable":true,"href":"https:\/\/havamall.vn\/en\/wp-json\/wp\/v2\/product_brand?post=34635"},{"taxonomy":"product_cat","embeddable":true,"href":"https:\/\/havamall.vn\/en\/wp-json\/wp\/v2\/product_cat?post=34635"},{"taxonomy":"product_tag","embeddable":true,"href":"https:\/\/havamall.vn\/en\/wp-json\/wp\/v2\/product_tag?post=34635"}],"curies":[{"name":"wp","href":"https:\/\/api.w.org\/{rel}","templated":true}]}}