{"id":34628,"date":"2024-05-30T16:58:56","date_gmt":"2024-05-30T09:58:56","guid":{"rendered":"https:\/\/havamall.vn\/?post_type=product&#038;p=34628"},"modified":"2025-09-29T14:58:20","modified_gmt":"2025-09-29T07:58:20","slug":"hat-doi-rung-tay-bac-50g","status":"publish","type":"product","link":"https:\/\/havamall.vn\/en\/shop\/hat-doi-rung-tay-bac-50g\/","title":{"rendered":"H\u1ea1t D\u1ed5i R\u1eebng T\u00e2y B\u1eafc Havafoodies 50g"},"content":{"rendered":"<div id=\"js-product-detail__specs\" class=\"product-detail__specs\">\n<div class=\"row\">\n<div class=\"col-sm-12\">\n<div class=\"product-specs__table\">\n<table>\n<tbody>\n<tr>\n<td class=\"specs-table__property\">Th\u01b0\u01a1ng hi\u1ec7u<\/td>\n<td class=\"specs-table__value\">Havafoodies<\/td>\n<\/tr>\n<tr>\n<td class=\"specs-table__property\">Xu\u1ea5t x\u1ee9<\/td>\n<td class=\"specs-table__value\">Vi\u1ec7t nam<\/td>\n<\/tr>\n<tr>\n<td class=\"specs-table__property\">H\u1ea1n s\u1eed d\u1ee5ng<\/td>\n<td class=\"specs-table__value\">Xem tr\u00ean bao b\u00ec s\u1ea3n ph\u1ea9m<\/td>\n<\/tr>\n<tr>\n<td class=\"specs-table__property\">H\u01b0\u1edbng d\u1eabn s\u1eed d\u1ee5ng<\/td>\n<td class=\"specs-table__value\">D\u00f9ng tr\u1ef1c ti\u1ebfp ho\u1eb7c ch\u1ebf bi\u1ebfn c\u00e1c m\u00f3n \u0103n tu\u1ef3 th\u00edch<\/td>\n<\/tr>\n<tr>\n<td class=\"specs-table__property\">H\u01b0\u1edbng d\u1eabn b\u1ea3o qu\u1ea3n<\/td>\n<td class=\"specs-table__value\">B\u1ea3o qu\u1ea3n kh\u00f4 r\u00e1o, tho\u00e1ng m\u00e1t<\/td>\n<\/tr>\n<tr>\n<td class=\"specs-table__property\">Th\u00e0nh ph\u1ea7n nguy\u00ean li\u1ec7u<\/td>\n<td class=\"specs-table__value\">Nh\u01b0 tr\u00ean bao b\u00ec<\/td>\n<\/tr>\n<tr>\n<td class=\"specs-table__property\">Kh\u1ed1i l\u01b0\u1ee3ng<\/td>\n<td class=\"specs-table__value\">50g<\/td>\n<\/tr>\n<\/tbody>\n<\/table>\n<p>H\u1ea1t d\u1ed5i r\u1eebng T\u00e2y B\u1eafc l\u00e0 m\u1ed9t lo\u1ea1i gia v\u1ecb qu\u00fd hi\u1ebfm, n\u1ed5i ti\u1ebfng v\u1edbi h\u01b0\u01a1ng v\u1ecb \u0111\u1eb7c tr\u01b0ng v\u00e0 s\u1ef1 \u0111\u1ed9c \u0111\u00e1o. H\u1ea1t d\u1ed5i \u0111\u01b0\u1ee3c thu ho\u1ea1ch t\u1eeb c\u00e2y d\u1ed5i, m\u1ed9t lo\u1ea1i c\u00e2y r\u1eebng \u0111\u1eb7c h\u1eefu c\u1ee7a v\u00f9ng n\u00fai T\u00e2y B\u1eafc Vi\u1ec7t Nam. \u0110\u00e2y l\u00e0 m\u1ed9t trong nh\u1eefng gia v\u1ecb truy\u1ec1n th\u1ed1ng \u0111\u01b0\u1ee3c \u01b0a chu\u1ed9ng trong \u1ea9m th\u1ef1c \u0111\u1ecba ph\u01b0\u01a1ng v\u00e0 ng\u00e0y c\u00e0ng \u0111\u01b0\u1ee3c bi\u1ebft \u0111\u1ebfn r\u1ed9ng r\u00e3i h\u01a1n.<\/p>\n<p><img fetchpriority=\"high\" decoding=\"async\" class=\"wp-image-35909 aligncenter\" src=\"https:\/\/havamall.vn\/wp-content\/uploads\/2024\/05\/87_lap_xuong_vit-3.jpg\" alt=\"\" width=\"801\" height=\"451\" \/><\/p>\n<p>H\u1ea1t d\u1ed5i r\u1eebng T\u00e2y B\u1eafc \u0111\u01b0\u1ee3c thu ho\u1ea1ch t\u1eeb c\u00e2y d\u1ed5i m\u1ecdc hoang d\u00e3 trong r\u1eebng n\u00fai T\u00e2y B\u1eafc. Qu\u00e1 tr\u00ecnh s\u1ea3n xu\u1ea5t bao g\u1ed3m c\u00e1c b\u01b0\u1edbc sau:<\/p>\n<p>&#8211; Thu ho\u1ea1ch: H\u1ea1t d\u1ed5i \u0111\u01b0\u1ee3c thu ho\u1ea1ch t\u1eeb qu\u1ea3 c\u1ee7a c\u00e2y d\u1ed5i khi ch\u00fang \u0111\u00e3 ch\u00edn.<\/p>\n<p>&#8211; S\u1ea5y kh\u00f4: Sau khi thu ho\u1ea1ch, h\u1ea1t d\u1ed5i \u0111\u01b0\u1ee3c l\u00e0m s\u1ea1ch v\u00e0 s\u1ea5y kh\u00f4 t\u1ef1 nhi\u00ean ho\u1eb7c b\u1eb1ng c\u00f4ng ngh\u1ec7 s\u1ea5y hi\u1ec7n \u0111\u1ea1i \u0111\u1ec3 b\u1ea3o qu\u1ea3n h\u01b0\u01a1ng v\u1ecb v\u00e0 ch\u1ea5t l\u01b0\u1ee3ng.<\/p>\n<p>&#8211; S\u01a1 ch\u1ebf: H\u1ea1t d\u1ed5i kh\u00f4 \u0111\u01b0\u1ee3c lo\u1ea1i b\u1ecf v\u1ecf v\u00e0 nghi\u1ec1n th\u00e0nh b\u1ed9t m\u1ecbn ho\u1eb7c gi\u1eef nguy\u00ean h\u1ea1t t\u00f9y theo nhu c\u1ea7u s\u1eed d\u1ee5ng.<\/p>\n<p><img decoding=\"async\" class=\"wp-image-35910 aligncenter\" src=\"https:\/\/havamall.vn\/wp-content\/uploads\/2024\/05\/ca-nuong-hat-doi-pa-dinh-top-1.jpg\" alt=\"\" width=\"802\" height=\"452\" \/><\/p>\n<p>H\u1ea1t d\u1ed5i r\u1eebng T\u00e2y B\u1eafc c\u00f3 th\u1ec3 \u0111\u01b0\u1ee3c s\u1eed d\u1ee5ng trong nhi\u1ec1u m\u00f3n \u0103n \u0111\u1ec3 gia t\u0103ng h\u01b0\u01a1ng v\u1ecb \u0111\u1ed9c \u0111\u00e1o. H\u1ea1t d\u1ed5i th\u01b0\u1eddng \u0111\u01b0\u1ee3c d\u00f9ng \u0111\u1ec3:<\/p>\n<p>&#8211; L\u00e0m gia v\u1ecb: R\u1eafc h\u1ea1t d\u1ed5i xay l\u00ean c\u00e1c m\u00f3n th\u1ecbt n\u01b0\u1edbng, x\u00e0o ho\u1eb7c l\u00e0m gia v\u1ecb cho c\u00e1c m\u00f3n \u0103n truy\u1ec1n th\u1ed1ng nh\u01b0 x\u00f4i, ch\u00e8.<\/p>\n<p>&#8211; T\u1ea1o h\u01b0\u01a1ng v\u1ecb \u0111\u1eb7c tr\u01b0ng: Th\u00eam h\u1ea1t d\u1ed5i v\u00e0o m\u00f3n \u0103n \u0111\u1ec3 t\u1ea1o ra h\u01b0\u01a1ng v\u1ecb cay n\u1ed3ng, th\u01a1m ngon \u0111\u1eb7c tr\u01b0ng m\u00e0 kh\u00f4ng gia v\u1ecb n\u00e0o kh\u00e1c c\u00f3 th\u1ec3 thay th\u1ebf.<\/p>\n<p>&#8211; Ch\u1ebf bi\u1ebfn m\u00f3n \u0103n \u0111\u1eb7c s\u1ea3n: H\u1ea1t d\u1ed5i th\u01b0\u1eddng \u0111\u01b0\u1ee3c d\u00f9ng trong c\u00e1c m\u00f3n \u0103n \u0111\u1eb7c s\u1ea3n v\u00f9ng n\u00fai nh\u01b0 th\u1ecbt tr\u00e2u g\u00e1c b\u1ebfp, c\u00e1 n\u01b0\u1edbng.<\/p>\n<p><img decoding=\"async\" class=\"wp-image-35911 aligncenter\" src=\"https:\/\/havamall.vn\/wp-content\/uploads\/2024\/05\/am_thuc_tay_bac_6.jpg.webp\" alt=\"\" width=\"802\" height=\"535\" \/><\/p>\n<h3><strong>L\u1ee3i \u00edch cho s\u1ee9c kh\u1ecfe<\/strong><\/h3>\n<p>&#8211; Ch\u1ed1ng vi\u00eam: H\u1ea1t d\u1ed5i ch\u1ee9a c\u00e1c h\u1ee3p ch\u1ea5t ch\u1ed1ng vi\u00eam, gi\u00fap gi\u1ea3m vi\u00eam v\u00e0 \u0111au nh\u1ee9c c\u01a1 th\u1ec3.<\/p>\n<p>&#8211; T\u0103ng c\u01b0\u1eddng ti\u00eau h\u00f3a: S\u1eed d\u1ee5ng h\u1ea1t d\u1ed5i c\u00f3 th\u1ec3 gi\u00fap c\u1ea3i thi\u1ec7n ch\u1ee9c n\u0103ng ti\u00eau h\u00f3a, gi\u1ea3m tri\u1ec7u ch\u1ee9ng \u0111\u1ea7y h\u01a1i v\u00e0 kh\u00f3 ti\u00eau.<\/p>\n<p>&#8211; Gi\u00e0u ch\u1ea5t ch\u1ed1ng oxy h\u00f3a: H\u1ea1t d\u1ed5i ch\u1ee9a c\u00e1c ch\u1ea5t ch\u1ed1ng oxy h\u00f3a t\u1ef1 nhi\u00ean, gi\u00fap b\u1ea3o v\u1ec7 t\u1ebf b\u00e0o kh\u1ecfi t\u1ed5n th\u01b0\u01a1ng v\u00e0 gi\u1ea3m nguy c\u01a1 m\u1eafc c\u00e1c b\u1ec7nh m\u00e3n t\u00ednh.<\/p>\n<p>&#8211; H\u1ed7 tr\u1ee3 s\u1ee9c kh\u1ecfe tim m\u1ea1ch: C\u00e1c h\u1ee3p ch\u1ea5t trong h\u1ea1t d\u1ed5i c\u00f3 th\u1ec3 gi\u00fap c\u1ea3i thi\u1ec7n s\u1ee9c kh\u1ecfe tim m\u1ea1ch v\u00e0 tu\u1ea7n ho\u00e0n m\u00e1u.<\/p>\n<p><img loading=\"lazy\" decoding=\"async\" class=\"wp-image-35912 aligncenter\" src=\"https:\/\/havamall.vn\/wp-content\/uploads\/2024\/05\/Su-dung-hat-doi-pha-nuoc-cham.webp\" alt=\"\" width=\"803\" height=\"543\" \/><\/p>\n<h3><strong>\u0110\u1eb7c \u0111i\u1ec3m n\u1ed5i b\u1eadt<\/strong><\/h3>\n<p>&#8211; Ngu\u1ed3n g\u1ed1c t\u1ef1 nhi\u00ean: H\u1ea1t d\u1ed5i r\u1eebng T\u00e2y B\u1eafc \u0111\u01b0\u1ee3c thu ho\u1ea1ch t\u1eeb c\u00e2y d\u1ed5i hoang d\u00e3, \u0111\u1ea3m b\u1ea3o ch\u1ea5t l\u01b0\u1ee3ng v\u00e0 \u0111\u1ed9 tinh khi\u1ebft.<\/p>\n<p>&#8211; H\u01b0\u01a1ng v\u1ecb \u0111\u1ed9c \u0111\u00e1o: C\u00f3 h\u01b0\u01a1ng v\u1ecb cay n\u1ed3ng, th\u01a1m ngon, \u0111\u1eb7c tr\u01b0ng, mang l\u1ea1i tr\u1ea3i nghi\u1ec7m \u1ea9m th\u1ef1c \u0111\u1ed9c \u0111\u00e1o.<\/p>\n<p>&#8211; An to\u00e0n v\u00e0 t\u1ef1 nhi\u00ean: S\u1ea3n ph\u1ea9m kh\u00f4ng ch\u1ee9a h\u00f3a ch\u1ea5t hay ph\u1ea9m m\u00e0u nh\u00e2n t\u1ea1o, \u0111\u1ea3m b\u1ea3o an to\u00e0n cho s\u1ee9c kh\u1ecfe ng\u01b0\u1eddi ti\u00eau d\u00f9ng.<\/p>\n<p>S\u1ea3n ph\u1ea9m c\u00f3 m\u1eb7t t\u1ea1i Havamall.<\/p>\n<\/div>\n<\/div>\n<\/div>\n<\/div>","protected":false},"excerpt":{"rendered":"<p>Th\u01b0\u01a1ng hi\u1ec7u Havafoodies Xu\u1ea5t x\u1ee9 Vi\u1ec7t nam H\u1ea1n s\u1eed d\u1ee5ng Xem tr\u00ean bao b\u00ec s\u1ea3n ph\u1ea9m H\u01b0\u1edbng d\u1eabn s\u1eed d\u1ee5ng<\/p>","protected":false},"featured_media":39569,"comment_status":"open","ping_status":"closed","template":"","meta":[],"product_brand":[],"product_cat":[595],"product_tag":[],"class_list":{"0":"post-34628","1":"product","2":"type-product","3":"status-publish","4":"has-post-thumbnail","6":"product_cat-gia-vi-va-che-bien","8":"first","9":"outofstock","10":"sale","11":"shipping-taxable","12":"purchasable","13":"product-type-simple"},"_links":{"self":[{"href":"https:\/\/havamall.vn\/en\/wp-json\/wp\/v2\/product\/34628"}],"collection":[{"href":"https:\/\/havamall.vn\/en\/wp-json\/wp\/v2\/product"}],"about":[{"href":"https:\/\/havamall.vn\/en\/wp-json\/wp\/v2\/types\/product"}],"replies":[{"embeddable":true,"href":"https:\/\/havamall.vn\/en\/wp-json\/wp\/v2\/comments?post=34628"}],"version-history":[{"count":0,"href":"https:\/\/havamall.vn\/en\/wp-json\/wp\/v2\/product\/34628\/revisions"}],"wp:featuredmedia":[{"embeddable":true,"href":"https:\/\/havamall.vn\/en\/wp-json\/wp\/v2\/media\/39569"}],"wp:attachment":[{"href":"https:\/\/havamall.vn\/en\/wp-json\/wp\/v2\/media?parent=34628"}],"wp:term":[{"taxonomy":"product_brand","embeddable":true,"href":"https:\/\/havamall.vn\/en\/wp-json\/wp\/v2\/product_brand?post=34628"},{"taxonomy":"product_cat","embeddable":true,"href":"https:\/\/havamall.vn\/en\/wp-json\/wp\/v2\/product_cat?post=34628"},{"taxonomy":"product_tag","embeddable":true,"href":"https:\/\/havamall.vn\/en\/wp-json\/wp\/v2\/product_tag?post=34628"}],"curies":[{"name":"wp","href":"https:\/\/api.w.org\/{rel}","templated":true}]}}