{"id":34613,"date":"2024-05-26T15:44:33","date_gmt":"2024-05-26T08:44:33","guid":{"rendered":"https:\/\/havamall.vn\/?post_type=product&#038;p=34613"},"modified":"2025-09-29T14:44:09","modified_gmt":"2025-09-29T07:44:09","slug":"nuoc-sot-uop-thit-buffalo-wing-crystal-chai-355ml","status":"publish","type":"product","link":"https:\/\/havamall.vn\/en\/shop\/nuoc-sot-uop-thit-buffalo-wing-crystal-chai-355ml\/","title":{"rendered":"N\u01b0\u1edbc S\u1ed1t \u01af\u1edbp Th\u1ecbt Buffalo Wing Crystal Chai 355ml"},"content":{"rendered":"<h2><strong>TH\u00d4NG TIN CHUNG<\/strong><\/h2>\n<div dir=\"auto\">\n<div dir=\"auto\">\n<table>\n<tbody>\n<tr>\n<td>Th\u01b0\u01a1ng hi\u1ec7u<\/td>\n<td>Crytal<\/td>\n<\/tr>\n<tr>\n<td>Xu\u1ea5t x\u1ee9 th\u01b0\u01a1ng hi\u1ec7u<\/td>\n<td>Anh<\/td>\n<\/tr>\n<tr>\n<td>H\u1ea1n s\u1eed d\u1ee5ng<\/td>\n<td>12 th\u00e1ng k\u1ec3 t\u1eeb ng\u00e0y s\u1ea3n xu\u1ea5t<\/td>\n<\/tr>\n<tr>\n<td>H\u01b0\u1edbng d\u1eabn b\u1ea3o qu\u1ea3n<\/td>\n<td>B\u1ea3o qu\u1ea3n nhi\u1ec7t \u0111\u1ed9 th\u01b0\u1eddng<\/td>\n<\/tr>\n<tr>\n<td>H\u01b0\u1edbng d\u1eabn s\u1eed d\u1ee5ng<\/td>\n<td>D\u00f9ng \u0111\u1ec3 n\u1ea5u \u0103n<\/td>\n<\/tr>\n<tr>\n<td>Xu\u1ea5t x\u1ee9<\/td>\n<td>Anh<\/td>\n<\/tr>\n<tr>\n<td>Tr\u1ecdng l\u01b0\u1ee3ng s\u1ea3n ph\u1ea9m<\/td>\n<td>355ml<\/td>\n<\/tr>\n<tr>\n<td>Quy c\u00e1ch \u0111\u00f3ng g\u00f3i<\/td>\n<td>Chai thu\u1ef7 tinh<\/td>\n<\/tr>\n<tr>\n<td>Th\u00e0nh ph\u1ea7n<\/td>\n<td>Xem tr\u00ean bao b\u00ec<\/td>\n<\/tr>\n<\/tbody>\n<\/table>\n<p><strong>S\u1ed1t Buffalo Wing Crystal \u2013 Chai 355ml<\/strong>\u00a0\u0111\u01b0\u1ee3c l\u00e0m t\u1eeb c\u00e1c nguy\u00ean li\u1ec7u c\u00f3 ch\u1ea5t l\u01b0\u1ee3ng \u0111\u1ea3m b\u1ea3o, ho\u00e0n to\u00e0n t\u1ef1 nhi\u00ean, \u0111\u01b0\u1ee3c d\u00f9ng tr\u1ef1c ti\u1ebfp l\u00e0m n\u01b0\u1edbc s\u1ed1t trong ch\u1ebf bi\u1ebfn th\u1ee9c \u0103n.<\/p>\n<p>S\u1ea3n ph\u1ea9m l\u00e0 s\u1ef1 pha tr\u1ed9n \u0111\u1eb7c bi\u1ec7t t\u1eeb c\u00e1c lo\u1ea1i gia v\u1ecb nguy\u00ean ch\u1ea5t l\u00e0m n\u00ean s\u1ed1t \u01b0\u1edbp th\u1ecbt, b\u1ea1n c\u00f3 th\u1ec3 s\u1eed d\u1ee5ng s\u1ed1t khi n\u1ea5u \u0103n ho\u1eb7c d\u00f9ng l\u00e0m n\u01b0\u1edbc s\u1ed1t \u0111\u1eb7c bi\u1ec7t.<\/p>\n<p>S\u1ed1t Buffalo Wing Crystal \u0111\u00f3ng chai ti\u1ec7n l\u1ee3i khi s\u1eed d\u1ee5ng v\u00e0 b\u1ea3o qu\u1ea3n. N\u1ebfu s\u1eed d\u1ee5ng kh\u00f4ng h\u1ebft n\u00ean \u0111\u00f3ng n\u1eafp v\u00e0 b\u1ea3o qu\u1ea3n l\u1ea1nh.<\/p>\n<p><img decoding=\"async\" class=\"aligncenter\" src=\"https:\/\/havamall.vn\/wp-content\/uploads\/2024\/05\/s-l1200.webp\" alt=\"Crystal Hot Sauce Metairie LA, 57% OFF\" \/><\/p>\n<ul>\n<li><b>B\u00f9ng n\u1ed5 h\u01b0\u01a1ng v\u1ecb:<\/b>\u00a0Qu\u00e1 tr\u00ecnh t\u1ea9m \u01b0\u1edbp gi\u00fap gia v\u1ecb th\u1ea5m s\u00e2u v\u00e0o t\u1eebng th\u1edb th\u1ecbt, l\u00e0m cho h\u01b0\u01a1ng v\u1ecb t\u1ed5ng th\u1ec3 c\u1ee7a m\u00f3n \u0103n tr\u1edf n\u00ean h\u1ea5p d\u1eabn v\u00e0 \u0111\u1eadm \u0111\u00e0 h\u01a1n so v\u1edbi g\u00e0 kh\u00f4ng \u0111\u01b0\u1ee3c \u01b0\u1edbp.<\/li>\n<li><b>T\u1ea1o \u0111\u1ed9 m\u1ec1m cho th\u1ecbt:<\/b>\u00a0\u01af\u1edbp g\u00e0 v\u1edbi s\u1ed1t gi\u00fap th\u1ecbt tr\u1edf n\u00ean m\u1ec1m m\u1ea1i v\u00e0 m\u1ecbn m\u00e0ng h\u01a1n. C\u00e1c th\u00e0nh ph\u1ea7n trong h\u1ed7n h\u1ee3p gia v\u1ecb c\u00f3 kh\u1ea3 n\u0103ng l\u00e0m m\u1ec1m c\u00e1c c\u1ea5u tr\u00fac protein trong th\u1ecbt, t\u1ea1o ra c\u1ea3m gi\u00e1c th\u01b0\u1edfng th\u1ee9c th\u1ecbt g\u00e0 m\u1ec1m m\u1ea1i \u0111\u1ed3ng th\u1eddi gi\u1eef \u0111\u01b0\u1ee3c \u0111\u1ed9 \u1ea9m m\u1ecdng sau khi n\u01b0\u1edbng.<\/li>\n<li><b>B\u1ed5 sung dinh d\u01b0\u1ee1ng:<\/b>\u00a0M\u1ed9t s\u1ed1 gia v\u1ecb v\u00e0 th\u00e0nh ph\u1ea7n trong qu\u00e1 tr\u00ecnh \u01b0\u1edbp cung c\u1ea5p ch\u1ea5t dinh d\u01b0\u1ee1ng cho th\u1ecbt g\u00e0. S\u1eed d\u1ee5ng n\u01b0\u1edbc m\u1eadt ong, n\u01b0\u1edbc chanh, ho\u1eb7c d\u1ea7u \u00f4-liu trong h\u1ed7n h\u1ee3p gia v\u1ecb g\u00f3p ph\u1ea7n b\u1ed5 sung d\u01b0\u1ee1ng ch\u1ea5t, t\u0103ng gi\u00e1 tr\u1ecb dinh d\u01b0\u1ee1ng cho b\u1eefa \u0103n.<\/li>\n<li><b>T\u1ea1o m\u00e0u v\u00e0 \u0111\u1ea3m b\u1ea3o ch\u00edn \u0111\u1ec1u:\u00a0<\/b>Vi\u1ec7c \u01b0\u1edbp g\u00e0 tr\u01b0\u1edbc khi n\u01b0\u1edbng gi\u00fap th\u1ecbt c\u00f3 m\u00e0u \u0111\u1eb9p m\u1eaft, h\u1ea5p d\u1eabn \u0111\u1ed3ng th\u1eddi \u0111\u1ea3m b\u1ea3o th\u1ecbt ch\u00edn \u0111\u1ec1u, h\u1ea1n ch\u1ebf t\u00ecnh tr\u1ea1ng g\u00e0 ch\u01b0a ch\u00edn ho\u1eb7c ch\u00edn kh\u00f4ng \u0111\u1ed3ng \u0111\u1ec1u trong qu\u00e1 tr\u00ecnh n\u01b0\u1edbng.<\/li>\n<\/ul>\n<p><strong>TH\u00d4NG TIN S\u1ea2N PH\u1ea8M S\u1ed0T \u01af\u1edaP WING SAUCE CRYSTAL \u2013 CHAI 355ML<\/strong><\/p>\n<p><strong>Xu\u1ea5t x\u1ee9:<\/strong>\u00a0M\u1ef9<\/p>\n<p><strong>Th\u00e0nh ph\u1ea7n:<\/strong>\u00a0\u1edat \u0111\u1ecf, gi\u1ea5m chung c\u1ea5t, xi-r\u00f4 b\u1eafp, tinh b\u1ed9t bi\u1ebfn t\u00ednh, b\u1ed9t t\u1ecfi v\u00e0 h\u00e0nh, mu\u1ed1i, ch\u1ea5t nh\u0169 hoa, h\u01b0\u01a1ng b\u01a1 t\u1ef1 nhi\u00ean.<\/p>\n<p><strong>Quy c\u00e1ch:<\/strong>\u00a0355ml<\/p>\n<p><strong>\u0110\u01a1n v\u1ecb t\u00ednh:\u00a0<\/strong>chai<\/p>\n<p><strong>S\u1eed d\u1ee5ng:<\/strong>\u00a0D\u00f9ng l\u00e0m gia v\u1ecb trong ch\u1ebf bi\u1ebfn th\u01b0c ph\u1ea9m, c\u00f3 th\u1ec3 d\u00f9ng tr\u1ef1c ti\u1ebfp.<\/p>\n<p><strong>B\u1ea3o qu\u1ea3n:<\/strong>\u00a0n\u01a1i tho\u00e1ng m\u00e1t, tr\u00e1nh \u00e1nh n\u1eafng tr\u1ef1c ti\u1ebfp n\u00ean b\u1ea3o qu\u1ea3n trong ng\u0103n m\u00e1t t\u1ee7 l\u1ea1nh n\u1ebfu ch\u01b0a d\u00f9ng h\u1ebft.<\/p>\n<p><img fetchpriority=\"high\" decoding=\"async\" class=\"aligncenter\" src=\"https:\/\/havamall.com\/wp-content\/uploads\/2025\/09\/1f932b2b-134f-4c1c-950b-f6cca8cf9b08.__CR00970600_PT0_SX970_V1.png\" alt=\"Amazon.com : Crystal Pure Louisiana Original Wing Sauce, 12 Ounces (Pack of 1) - Aged Cayenne Peppers, Buffalo Wing Marinade, Bake, Broil, Grill : Grocery &amp; Gourmet Food\" width=\"731\" height=\"452\" \/><\/p>\n<h4>\u00a0C\u00e1ch \u01b0\u1edbp th\u1ecbt g\u00e0 n\u01b0\u1edbng ngon<\/h4>\n<div class=\"rich-text\">\n<p>\u0110\u1ec3 c\u00f3 m\u00f3n\u00a0<b>th\u1ecbt g\u00e0 n\u01b0\u1edbng<\/b>\u00a0ngon, c\u00f3 th\u1ec3 tham kh\u1ea3o c\u00e1ch\u00a0<b>\u01b0\u1edbp th\u1ecbt g\u00e0<\/b>\u00a0v\u1edbi c\u00e1c b\u01b0\u1edbc c\u1ee5 th\u1ec3 sau:<\/p>\n<ul>\n<li>B\u01b0\u1edbc 1: Pha mu\u1ed1i v\u1edbi n\u01b0\u1edbc \u0111\u1ec3 kh\u1eed b\u1edbt m\u00f9i c\u1ee7a g\u00e0 r\u1ed3i r\u1eeda s\u1ea1ch g\u00e0 v\u1edbi n\u01b0\u1edbc \u0111\u1ec3 r\u00e1o.<\/li>\n<li>B\u01b0\u1edbc 2: D\u00f9ng dao nh\u1ecdn v\u00e0 s\u1eafc r\u1ea1ch nh\u1eb9 v\u00e0i \u0111\u01b0\u1eddng tr\u00ean da v\u00e0 m\u1ed9t ph\u1ea7n th\u1ecbt g\u00e0.<\/li>\n<li>B\u01b0\u1edbc 3: B\u0103m nhuy\u1ec5n\u00a0<b class=\"link-in-body\">t\u1ecfi<\/b>, \u1edbt v\u00e0 s\u1ea3. Tr\u1ed9n \u0111\u1ec1u t\u1ecfi, s\u1ea3, \u1edbt b\u0103m nhuy\u1ec5n v\u1edbi s\u1ed1t \u01b0\u1edbp th\u1ecbt Wing.<\/li>\n<li>B\u01b0\u1edbc 4: D\u00f9ng tay ho\u1eb7c d\u1ee5ng c\u1ee5 \u0111\u1ec3 thoa \u0111\u1ec1u h\u1ed7n h\u1ee3p n\u01b0\u1edbc s\u1ed1t l\u00ean to\u00e0n b\u1ed9 th\u1ecbt g\u00e0. B\u00ed quy\u1ebft \u0111\u1ec3 th\u1ecbt g\u00e0 n\u01b0\u1edbng th\u1ea5m gia v\u1ecb l\u00e0 \u01b0\u1edbp c\u00e0ng l\u00e2u c\u00e0ng t\u1ed1t, \u00edt nh\u1ea5t l\u00e0 4 gi\u1edd ho\u1eb7c \u0111\u1ec3 th\u1ecbt g\u00e0 \u0111\u00e3 \u01b0\u1edbp v\u00e0 b\u1ecdc k\u00edn trong ng\u0103n m\u00e1t t\u1ee7 l\u1ea1nh qua \u0111\u00eam.<\/li>\n<\/ul>\n<p><img decoding=\"async\" class=\"wp-image-34622 aligncenter\" src=\"https:\/\/havamall.com\/wp-content\/uploads\/2025\/09\/yuiy98-300x169.png\" alt=\"\" width=\"731\" height=\"412\" \/><\/p>\n<\/div>\n<\/div>\n<\/div>","protected":false},"excerpt":{"rendered":"<p>TH\u00d4NG TIN CHUNG Th\u01b0\u01a1ng hi\u1ec7u Crytal Xu\u1ea5t x\u1ee9 th\u01b0\u01a1ng hi\u1ec7u Anh H\u1ea1n s\u1eed d\u1ee5ng 12 th\u00e1ng k\u1ec3 t\u1eeb ng\u00e0y s\u1ea3n<\/p>","protected":false},"featured_media":34614,"comment_status":"open","ping_status":"closed","template":"","meta":[],"product_brand":[],"product_cat":[595,36],"product_tag":[],"class_list":{"0":"post-34613","1":"product","2":"type-product","3":"status-publish","4":"has-post-thumbnail","6":"product_cat-gia-vi-va-che-bien","7":"product_cat-thuc-pham-tieu-dung","9":"first","10":"outofstock","11":"sale","12":"shipping-taxable","13":"purchasable","14":"product-type-simple"},"_links":{"self":[{"href":"https:\/\/havamall.vn\/en\/wp-json\/wp\/v2\/product\/34613"}],"collection":[{"href":"https:\/\/havamall.vn\/en\/wp-json\/wp\/v2\/product"}],"about":[{"href":"https:\/\/havamall.vn\/en\/wp-json\/wp\/v2\/types\/product"}],"replies":[{"embeddable":true,"href":"https:\/\/havamall.vn\/en\/wp-json\/wp\/v2\/comments?post=34613"}],"version-history":[{"count":0,"href":"https:\/\/havamall.vn\/en\/wp-json\/wp\/v2\/product\/34613\/revisions"}],"wp:featuredmedia":[{"embeddable":true,"href":"https:\/\/havamall.vn\/en\/wp-json\/wp\/v2\/media\/34614"}],"wp:attachment":[{"href":"https:\/\/havamall.vn\/en\/wp-json\/wp\/v2\/media?parent=34613"}],"wp:term":[{"taxonomy":"product_brand","embeddable":true,"href":"https:\/\/havamall.vn\/en\/wp-json\/wp\/v2\/product_brand?post=34613"},{"taxonomy":"product_cat","embeddable":true,"href":"https:\/\/havamall.vn\/en\/wp-json\/wp\/v2\/product_cat?post=34613"},{"taxonomy":"product_tag","embeddable":true,"href":"https:\/\/havamall.vn\/en\/wp-json\/wp\/v2\/product_tag?post=34613"}],"curies":[{"name":"wp","href":"https:\/\/api.w.org\/{rel}","templated":true}]}}