{"id":34608,"date":"2024-05-26T15:22:55","date_gmt":"2024-05-26T08:22:55","guid":{"rendered":"https:\/\/havamall.vn\/?post_type=product&#038;p=34608"},"modified":"2026-01-10T15:16:23","modified_gmt":"2026-01-10T08:16:23","slug":"nuoc-cot-dua-dam-dac-hieu-kara-coconut-cream-500-ml","status":"publish","type":"product","link":"https:\/\/havamall.vn\/en\/shop\/nuoc-cot-dua-dam-dac-hieu-kara-coconut-cream-500-ml\/","title":{"rendered":"N\u01b0\u1edbc C\u1ed1t D\u1eeba \u0110\u1eadm \u0110\u1eb7c Hi\u1ec7u Kara Coconut Cream 500 ml"},"content":{"rendered":"<h2><strong>TH\u00d4NG TIN CHUNG<\/strong><\/h2>\n<div dir=\"auto\">\n<div dir=\"auto\">\n<table>\n<tbody>\n<tr>\n<td>Th\u01b0\u01a1ng hi\u1ec7u<\/td>\n<td>Kara<\/td>\n<\/tr>\n<tr>\n<td>Xu\u1ea5t x\u1ee9 th\u01b0\u01a1ng hi\u1ec7u<\/td>\n<td>Indonesia<\/td>\n<\/tr>\n<tr>\n<td>H\u1ea1n s\u1eed d\u1ee5ng<\/td>\n<td>12 th\u00e1ng k\u1ec3 t\u1eeb ng\u00e0y s\u1ea3n xu\u1ea5t<\/td>\n<\/tr>\n<tr>\n<td>H\u01b0\u1edbng d\u1eabn b\u1ea3o qu\u1ea3n<\/td>\n<td>B\u1ea3o qu\u1ea3n nhi\u1ec7t \u0111\u1ed9 th\u01b0\u1eddng<\/td>\n<\/tr>\n<tr>\n<td>H\u01b0\u1edbng d\u1eabn s\u1eed d\u1ee5ng<\/td>\n<td>D\u00f9ng \u0111\u1ec3 n\u1ea5u \u0103n<\/td>\n<\/tr>\n<tr>\n<td>Xu\u1ea5t x\u1ee9<\/td>\n<td>Indonesia<\/td>\n<\/tr>\n<tr>\n<td>Tr\u1ecdng l\u01b0\u1ee3ng s\u1ea3n ph\u1ea9m<\/td>\n<td>500gr<\/td>\n<\/tr>\n<tr>\n<td>Quy c\u00e1ch \u0111\u00f3ng g\u00f3i<\/td>\n<td>H\u1ed9p gi\u1ea5y<\/td>\n<\/tr>\n<tr>\n<td>Th\u00e0nh ph\u1ea7n<\/td>\n<td>Xem tr\u00ean bao b\u00ec<\/td>\n<\/tr>\n<\/tbody>\n<\/table>\n<p>N\u01b0\u1edbc c\u1ed1t d\u1eeba\u00a0l\u00e0 nguy\u00ean li\u1ec7u \u0111\u01b0\u1ee3c s\u1eed d\u1ee5ng ph\u1ed5 bi\u1ebfn trong \u1ea9m th\u1ef1c c\u1ee7a n\u01b0\u1edbc ta. V\u1edbi h\u01b0\u01a1ng v\u1ecb b\u00e9o ng\u1eady, b\u00f9i, th\u01a1m v\u00e0 ng\u1ecdt thanh. N\u01b0\u1edbc c\u1ed1t d\u1eeba lon ti\u1ec7n l\u1ee3i, kh\u00f4ng m\u1ea5t th\u1eddi gian ch\u1ebf bi\u1ebfn. N\u01b0\u1edbc c\u1ed1t d\u1eeba l\u00e0 nguy\u00ean li\u1ec7u ch\u1ebf bi\u1ebfn c\u00e1c m\u00f3n ch\u00e8 ngon c\u0169ng l\u00e0 nguy\u00ean li\u1ec7u cho nh\u1eefng m\u00f3n \u0103n th\u01a1m ngon kh\u00e1c. Nh\u1eadp kh\u1ea9u tr\u1ef1c ti\u1ebfp t\u1eeb Malaysia, h\u01b0\u01a1ng v\u1ecb th\u01a1m ngon, \u0111\u1eadm \u0111\u1eb7c gi\u00fap d\u1ec5 d\u00e0ng ch\u1ebf bi\u1ebfn c\u00e1c m\u00f3n \u0103n d\u00f9 l\u00e0 m\u00f3n ng\u1ecdt hay m\u1eb7n.<\/p>\n<p><img fetchpriority=\"high\" decoding=\"async\" class=\"aligncenter\" src=\"https:\/\/havamall.com\/wp-content\/uploads\/2025\/11\/banner-left.jpg\" alt=\"Coconut Cream, Milk, Water &amp; Oil Singapore - KARA\" width=\"716\" height=\"634\" \/><\/p>\n<p><strong>N\u01b0\u1edbc c\u1ed1t d\u1eeba l\u00e0 g\u00ec?<\/strong><br \/>\nN\u01b0\u1edbc c\u1ed1t d\u1eeba l\u00e0 n\u01b0\u1edbc c\u1ed1t l\u1ea5y t\u1eeb c\u01a1m c\u1ee7a qu\u1ea3 d\u1eeba, tr\u1ea3i qu\u00e1 qu\u00e1 tr\u00ecnh b\u00e0o nh\u1ecf hay xay nh\u1ecf c\u01a1m, v\u1eaft l\u1ea5y n\u01b0\u1edbc, b\u1ecf ph\u1ea7n x\u00e1c. N\u01b0\u1edbc c\u1ed1t d\u1eeba b\u00e9o ng\u1eady, th\u01a1m v\u00e0 ng\u1ecdt thanh, l\u00e0 nguy\u00ean li\u1ec7u ph\u1ed5 bi\u1ebfn trong c\u00e1c m\u00f3n ng\u1ecdt n\u00f3i chung v\u00e0 ch\u00e8 n\u00f3i ri\u00eang.<\/p>\n<p><strong>\u0110\u1eb7c \u0111i\u1ec3m c\u1ee7a n\u01b0\u1edbc c\u1ed1t d\u1eeba<\/strong><br \/>\nN\u01b0\u1edbc c\u1ed1t d\u1eeba c\u00f3 m\u00e0u tr\u1eafng \u0111\u1ee5c, nh\u00ecn nh\u01b0 s\u1eefa t\u01b0\u01a1i, c\u00f3 v\u1ecb b\u00e9o ng\u1eady, kh\u00e1c v\u1edbi n\u01b0\u1edbc d\u1eeba l\u00e0 lo\u1ea1i c\u00f3 m\u00e0u tr\u1eafng trong, ph\u1ea7n n\u01b0\u1edbc \u1edf trong tr\u00e1i d\u1eeba.<\/p>\n<p><strong>C\u00f4ng d\u1ee5ng, l\u1ee3i \u00edch c\u1ee7a n\u01b0\u1edbc c\u1ed1t d\u1eeba:<\/strong><\/p>\n<ul>\n<li><strong>Trong vi\u1ec7c\u00a0n\u1ea5u \u0103n<\/strong><\/li>\n<\/ul>\n<p>N\u01b0\u1edbc c\u1ed1t d\u1eeba l\u00e0 nguy\u00ean li\u1ec7u c\u1ee7a nhi\u1ec1u m\u00f3n \u0103n ngon h\u1ea5p d\u1eabn nh\u01b0 c\u00e1c m\u00f3n c\u00e0 ri, c\u00e1c m\u00f3n b\u00e1nh nh\u01b0 b\u00e1nh chu\u1ed1i, khoai m\u00ec h\u1ea5p d\u1eeba, v\u00e0 l\u00e0 nguy\u00ean li\u1ec7u cho c\u00e1c m\u00f3n ch\u00e8 gi\u00fap d\u1eady h\u01b0\u01a1ng th\u01a1m v\u00e0 k\u00edch th\u00edch v\u1ecb gi\u00e1c.<\/p>\n<ul>\n<li><strong>Trong v\u1ea5n \u0111\u1ec1 s\u1ee9c kh\u1ecfe<\/strong><\/li>\n<\/ul>\n<p>N\u01b0\u1edbc c\u1ed1t d\u1eeba gi\u00fap h\u1ed7 tr\u1ee3 gi\u1ea3m c\u00e2n hi\u1ec7u qu\u1ea3, t\u0103ng c\u01b0\u1eddng h\u1ec7 mi\u1ec5n d\u1ecbch, n\u01b0\u1edbc c\u1ed1t d\u1eeba l\u00e0m gi\u1ea3m cholesterol,&#8230;gi\u00fap gi\u1ea3m vi\u00eam lo\u00e9t d\u1ea1 d\u00e0y, t\u1ed1t cho ti\u00eau h\u00f3a,&#8230;v\u00e0 nhi\u1ec1u c\u00f4ng d\u1ee5ng kh\u00e1c. Tuy nhi\u00ean kh\u00f4ng n\u00ean l\u1ea1m d\u1ee5ng n\u01b0\u1edbc c\u1ed1t d\u1eeba cho vi\u1ec7c gi\u1ea3m c\u00e2n v\u00ec n\u00f3 g\u00e2y ra t\u00e1c d\u1ee5ng ph\u1ee5, t\u0103ng cao l\u01b0\u1ee3ng calo g\u00e2y t\u0103ng c\u00e2n.<\/p>\n<p>K\u1ebft c\u1ea5u s\u00e1nh m\u1ecbn, th\u00e0nh ph\u1ea7n c\u00f3 \u0111\u1ebfn 98.7% n\u01b0\u1edbc c\u1ed1t d\u1eeba t\u01b0\u01a1i h\u1eefu c\u01a1, h\u01b0\u01a1ng v\u1ecb th\u01a1m ngon \u0111\u1eb7c tr\u01b0ng c\u1ee7a n\u01b0\u1edbc c\u1ed1t d\u1eeba. S\u1ea3n ph\u1ea9m gi\u00e0u d\u01b0\u1ee1ng ch\u1ea5t, \u0111\u1eb7c bi\u1ec7t l\u00e0 acid lauric v\u00e0 c\u00e1c kho\u00e1ng ch\u1ea5t gi\u00fap t\u0103ng \u0111\u1ec1 kh\u00e1ng, kh\u00f4ng ch\u1ee9a ch\u1ea5t b\u1ea3o qu\u1ea3n, kh\u00f4ng ch\u1ea5t t\u1ea1o m\u00e0u v\u00e0 kh\u00f4ng cholesterol.<\/p>\n<p>\u0110\u01b0\u1ee3c l\u00e0m t\u1eeb 100% d\u1eeba h\u1eefu c\u01a1 t\u01b0\u01a1i v\u00e0 s\u1ea1ch, \u0111\u01b0\u1ee3c tuy\u1ec3n ch\u1ecdn kh\u1eaft khe t\u1eeb v\u00f9ng nguy\u00ean li\u1ec7u d\u1eeba h\u1eefu c\u01a1 ch\u1ea5t l\u01b0\u1ee3ng cao t\u1ea1i Indonesia. S\u1ea3n ph\u1ea9m \u0111\u01b0\u1ee3c xay \u00e9p t\u1eeb nguy\u00ean li\u1ec7u c\u01a1m d\u1eeba t\u01b0\u01a1i h\u1eefu c\u01a1 \u0111\u1ea1t chu\u1ea9n b\u1eb1ng c\u00f4ng ngh\u1ec7 hi\u1ec7n \u0111\u1ea1i v\u00e0 ti\u00ean ti\u1ebfn gi\u00fap gi\u1eef nguy\u00ean d\u01b0\u1ee1ng ch\u1ea5t thi\u00ean nhi\u00ean c\u0169ng nh\u01b0 h\u01b0\u01a1ng v\u1ecb \u0111\u1eadm \u0111\u00e0 th\u01a1m ngon \u0111\u1eb7c tr\u01b0ng c\u1ee7a n\u01b0\u1edbc c\u1ed1t d\u1eeba t\u01b0\u01a1i.<\/p>\n<p>\u0110\u1ed3ng nh\u1ea5t, ti\u1ec7t tr\u00f9ng v\u00e0 \u0111\u00f3ng g\u00f3i trong h\u1ed9p l\u00f3t thi\u1ebfc \u0111\u1ea3m b\u1ea3o v\u1ec7 sinh an to\u00e0n th\u1ef1c ph\u1ea9m, d\u1ec5 d\u00e0ng b\u1ea3o qu\u1ea3n v\u00e0 s\u1eed d\u1ee5ng.<\/p>\n<p><img decoding=\"async\" class=\"aligncenter\" src=\"https:\/\/havamall.com\/wp-content\/uploads\/2025\/11\/Kara-TVC_NZ.jpg\" alt=\"Coconut Cream, Milk, Water Oil Singapore KARA, 57% OFF\" width=\"862\" height=\"431\" \/><\/p>\n<p>&#8211;\u00a0<strong>TH\u00c0NH PH\u1ea6N:<\/strong><\/p>\n<p>N\u01b0\u1edbc c\u1ed1t d\u1eeba t\u01b0\u01a1i h\u1eefu c\u01a1 nguy\u00ean ch\u1ea5t, \u0111\u01b0\u1eddng, ch\u1ea5t \u1ed5n \u0111\u1ecbnh (guar gum).<\/p>\n<p>&#8211;\u00a0<strong>C\u00d4NG D\u1ee4NG:<\/strong><\/p>\n<p>H\u00e0m l\u01b0\u1ee3ng ch\u1ea5t b\u00e9o 20% &#8211; 22%, ph\u00f9 h\u1ee3p l\u00e0m nguy\u00ean li\u1ec7u \u0111\u1ec3 ch\u1ebf bi\u1ebfn c\u00e1c m\u00f3n \u0103n c\u1ea7n v\u1ecb th\u01a1m \u0111\u1eadm v\u00e0 \u0111\u1ed9 b\u00e9o cao.<\/p>\n<\/div>\n<\/div>","protected":false},"excerpt":{"rendered":"<p>TH\u00d4NG TIN CHUNG Th\u01b0\u01a1ng hi\u1ec7u Kara Xu\u1ea5t x\u1ee9 th\u01b0\u01a1ng hi\u1ec7u Indonesia H\u1ea1n s\u1eed d\u1ee5ng 12 th\u00e1ng k\u1ec3 t\u1eeb ng\u00e0y s\u1ea3n<\/p>","protected":false},"featured_media":34610,"comment_status":"open","ping_status":"closed","template":"","meta":[],"product_brand":[],"product_cat":[595,36],"product_tag":[],"class_list":{"0":"post-34608","1":"product","2":"type-product","3":"status-publish","4":"has-post-thumbnail","6":"product_cat-gia-vi-va-che-bien","7":"product_cat-thuc-pham-tieu-dung","9":"first","10":"instock","11":"sale","12":"shipping-taxable","13":"purchasable","14":"product-type-simple"},"_links":{"self":[{"href":"https:\/\/havamall.vn\/en\/wp-json\/wp\/v2\/product\/34608"}],"collection":[{"href":"https:\/\/havamall.vn\/en\/wp-json\/wp\/v2\/product"}],"about":[{"href":"https:\/\/havamall.vn\/en\/wp-json\/wp\/v2\/types\/product"}],"replies":[{"embeddable":true,"href":"https:\/\/havamall.vn\/en\/wp-json\/wp\/v2\/comments?post=34608"}],"version-history":[{"count":0,"href":"https:\/\/havamall.vn\/en\/wp-json\/wp\/v2\/product\/34608\/revisions"}],"wp:featuredmedia":[{"embeddable":true,"href":"https:\/\/havamall.vn\/en\/wp-json\/wp\/v2\/media\/34610"}],"wp:attachment":[{"href":"https:\/\/havamall.vn\/en\/wp-json\/wp\/v2\/media?parent=34608"}],"wp:term":[{"taxonomy":"product_brand","embeddable":true,"href":"https:\/\/havamall.vn\/en\/wp-json\/wp\/v2\/product_brand?post=34608"},{"taxonomy":"product_cat","embeddable":true,"href":"https:\/\/havamall.vn\/en\/wp-json\/wp\/v2\/product_cat?post=34608"},{"taxonomy":"product_tag","embeddable":true,"href":"https:\/\/havamall.vn\/en\/wp-json\/wp\/v2\/product_tag?post=34608"}],"curies":[{"name":"wp","href":"https:\/\/api.w.org\/{rel}","templated":true}]}}