{"id":34592,"date":"2024-05-24T17:48:54","date_gmt":"2024-05-24T10:48:54","guid":{"rendered":"https:\/\/havamall.vn\/?post_type=product&#038;p=34592"},"modified":"2025-03-20T11:30:38","modified_gmt":"2025-03-20T04:30:38","slug":"mo-ngam-salted-plum-shirakiku-227g","status":"publish","type":"product","link":"https:\/\/havamall.vn\/en\/shop\/mo-ngam-salted-plum-shirakiku-227g\/","title":{"rendered":"M\u01a1 Ng\u00e2m Salted Plum Shirakiku 227g"},"content":{"rendered":"<h2><strong>TH\u00d4NG TIN CHUNG<\/strong><\/h2>\n<div dir=\"auto\">\n<div dir=\"auto\">\n<table>\n<tbody>\n<tr>\n<td>Th\u01b0\u01a1ng hi\u1ec7u<\/td>\n<td>Shirakiku<\/td>\n<\/tr>\n<tr>\n<td>Xu\u1ea5t x\u1ee9 th\u01b0\u01a1ng hi\u1ec7u<\/td>\n<td>Nh\u1eadt B\u1ea3n<\/td>\n<\/tr>\n<tr>\n<td>H\u1ea1n s\u1eed d\u1ee5ng<\/td>\n<td>18 th\u00e1ng k\u1ec3 t\u1eeb ng\u00e0y s\u1ea3n xu\u1ea5t<\/td>\n<\/tr>\n<tr>\n<td>H\u01b0\u1edbng d\u1eabn b\u1ea3o qu\u1ea3n<\/td>\n<td>B\u1ea3o qu\u1ea3n nhi\u1ec7t \u0111\u1ed9 th\u01b0\u1eddng<\/td>\n<\/tr>\n<tr>\n<td>H\u01b0\u1edbng d\u1eabn s\u1eed d\u1ee5ng<\/td>\n<td>D\u00f9ng \u0111\u1ec3 n\u1ea5u \u0103n<\/td>\n<\/tr>\n<tr>\n<td>Xu\u1ea5t x\u1ee9<\/td>\n<td>Nh\u1eadt B\u1ea3n<\/td>\n<\/tr>\n<tr>\n<td>Tr\u1ecdng l\u01b0\u1ee3ng s\u1ea3n ph\u1ea9m<\/td>\n<td>227gr<\/td>\n<\/tr>\n<tr>\n<td>Quy c\u00e1ch \u0111\u00f3ng g\u00f3i<\/td>\n<td>H\u1ed9p nh\u1ef1a<\/td>\n<\/tr>\n<tr>\n<td>Th\u00e0nh ph\u1ea7n<\/td>\n<td>Xem tr\u00ean bao b\u00ec<\/td>\n<\/tr>\n<\/tbody>\n<\/table>\n<p>N\u1ebfu nh\u01b0\u00a0natto\u00a0g\u00e2y kh\u00f3 \u0103n v\u00ec c\u00f3 m\u00f9i v\u1ecb n\u1ed3ng v\u00e0 \u0111\u1ed9 nh\u1edbt cao th\u00ec\u00a0<strong>m\u01a1 mu\u1ed1i<\/strong>\u00a0<i>(Umeboshi &#8211;\u00a0\u6885\u5e72\u3057)\u00a0<\/i>l\u1ea1i kh\u00f3 chi\u1ec1u l\u00f2ng v\u1ecb gi\u00e1c c\u1ee7a ng\u01b0\u1eddi d\u00f9ng b\u1edfi v\u1ecb chua v\u00e0 m\u1eb7n \u0111\u1eb7c tr\u01b0ng. M\u1eb7c d\u00f9 v\u1eady nh\u01b0ng \u0111\u00e2y lu\u00f4n l\u00e0 nh\u1eefng m\u00f3n \u0103n truy\u1ec1n th\u1ed1ng \u0111\u1ed9c \u0111\u00e1o, ch\u1ee9a nhi\u1ec1u gi\u00e1 tr\u1ecb dinh d\u01b0\u1ee1ng, \u0111\u01b0\u1ee3c ng\u01b0\u1eddi d\u00e2n Nh\u1eadt y\u00eau qu\u00fd trong su\u1ed1t nhi\u1ec1u th\u1ebf k\u1ec9 qua.<\/p>\n<p><img fetchpriority=\"high\" decoding=\"async\" class=\"aligncenter\" src=\"https:\/\/havamall.vn\/wp-content\/uploads\/2025\/03\/Umeboshi-30-1024x683.jpg\" alt=\"Umeboshi Homemade - Chopstick Chronicles\" width=\"772\" height=\"515\" \/><\/p>\n<p>\u1ea8m th\u1ef1c\u00a0Nh\u1eadt B\u1ea3n\u00a0th\u01b0\u1eddng \u0111\u01b0\u1ee3c bi\u1ebft \u0111\u1ebfn v\u1edbi s\u1ef1 thanh tao v\u00e0 nh\u1eb9 nh\u00e0ng, l\u1ea1i \u00edt s\u1eed d\u1ee5ng gia v\u1ecb \u0111\u1ec3 t\u00f4n l\u00ean h\u01b0\u01a1ng v\u1ecb \u0111\u1eb7c tr\u01b0ng nh\u1ea5t c\u1ee7a nguy\u00ean li\u1ec7u t\u01b0\u01a1i. Umeboshi d\u01b0\u1eddng nh\u01b0 l\u00e0 m\u1ed9t s\u1ef1 kh\u00e1c bi\u1ec7t khi nh\u1eefng qu\u1ea3 m\u01a1 mu\u1ed1i n\u00e0y c\u00f3 v\u1ecb m\u1eb7n m\u00f2i v\u00e0 chua g\u1eaft, song ch\u00ednh v\u00ec v\u1eady m\u00e0 ch\u00fang m\u1edbi tr\u1edf th\u00e0nh m\u1ed9t n\u00e9t kh\u00e1c l\u1ea1, m\u1ed9t d\u1ea5u \u1ea5n trong chi\u1ec1u d\u00e0i l\u1ecbch s\u1eed \u1ea9m th\u1ef1c c\u1ee7a x\u1ee9 s\u1edf hoa anh \u0111\u00e0o.<\/p>\n<p><strong>M\u01a1 mu\u1ed1i Nh\u1eadt B\u1ea3n<\/strong>\u00a0\u0111\u01b0\u1ee3c l\u00e0m b\u1eb1ng c\u00e1ch ng\u00e2m mu\u1ed1i nh\u1eefng qu\u1ea3 m\u01a1 \u0111\u00e3 ch\u00edn, \u0111\u1ec3 l\u00ean men t\u1eeb t\u1eeb\u00a0 trong m\u1ed9t kho\u1ea3ng th\u1eddi gian nh\u1ea5t \u0111\u1ecbnh \u0111\u1ebfn khi ti\u1ebft ra n\u01b0\u1edbc ng\u1eadp c\u1ea3 ph\u1ea7n qu\u1ea3 c\u00f3 v\u1ecb chua v\u00e0 m\u1eb7n th\u00ec \u0111em \u0111i ph\u01a1i kh\u00f4. T\u00f9y thu\u1ed9c v\u00e0o \u0111\u1ed9 \u0103n m\u1eb7n c\u1ee7a t\u1eebng gia \u0111\u00ecnh m\u00e0 c\u00f3 th\u1ec3 \u0111i\u1ec1u ch\u1ec9nh l\u01b0\u1ee3ng mu\u1ed1i ph\u00f9 h\u1ee3p, nh\u01b0ng th\u00f4ng th\u01b0\u1eddng th\u00ec kh\u00f4ng qu\u00e1 20%.<\/p>\n<p>Ngo\u00e0i lo\u1ea1i m\u01a1 mu\u1ed1i nguy\u00ean v\u1ecb c\u00f3 qu\u1ea3 m\u00e0u v\u00e0ng s\u1eadm sau khi mu\u1ed1i th\u00ec ng\u00e0y nay ng\u01b0\u1eddi d\u00e2n l\u1ea1i \u01b0a chu\u1ed9ng c\u00e1ch mu\u1ed1i m\u01a1 c\u00f9ng v\u1edbi l\u00e1 t\u00eda t\u00f4 cho ra nh\u1eefng qu\u1ea3 m\u00e0u \u0111\u1ecf s\u1eabm \u0111\u1eb9p m\u1eaft.\u00a0V\u1ecb chua v\u00e0 m\u1eb7n c\u1ee7a m\u01a1 mu\u1ed1i s\u1ebd gi\u00fap k\u00edch th\u00edch v\u1ecb gi\u00e1c, g\u00f3p ph\u1ea7n l\u00e0m t\u0103ng th\u00eam s\u1ef1 ngon mi\u1ec7ng cho b\u1eefa \u0103n.<\/p>\n<p>Trong th\u1eddi\u00a0k\u1ef3 chi\u1ebfn tranh kh\u00f3 kh\u0103n, th\u00ec ch\u1ec9\u00a0c\u1ea7n 1 qu\u1ea3 m\u01a1 mu\u1ed1i \u0111\u1eb7t \u1edf gi\u1eefa trong h\u1ed9p c\u01a1m tr\u1eafng hay c\u00f2n g\u1ecdi l\u00e0 &#8220;c\u01a1m h\u1ed9p m\u1eb7t tr\u1eddi m\u1ecdc&#8221;, &#8220;c\u01a1m h\u1ed9p qu\u1ed1c k\u1ef3&#8221; c\u0169ng \u0111\u1ee7 \u0111\u1ec3 l\u1ea5p \u0111\u1ea7y chi\u1ebfc b\u1ee5ng \u0111\u00f3i.\u00a0Ngo\u00e0i \u0103n c\u00f9ng v\u1edbi c\u01a1m, umeboshi c\u00f2n c\u00f3 th\u1ec3 d\u00f9ng \u0111\u1ec3 pha th\u1ee9c u\u1ed1ng, gi\u00e3 nhuy\u1ec5n l\u00e0m c\u01a1m n\u1eafm, ho\u1eb7c n\u1ea5u v\u1edbi ch\u00e1o, c\u01a1m tr\u00e0 xanh ochazuke, m\u00ec udon&#8230; \u0111\u1ec1u \u0111\u01b0\u1ee3c.<\/p>\n<p><img decoding=\"async\" class=\"aligncenter\" src=\"https:\/\/havamall.vn\/wp-content\/uploads\/2025\/03\/mo-18-1524100370144442545094.jpg\" alt=\"Umeboshi - M\u01a1 mu\u1ed1i c\u1ee7a Nh\u1eadt B\u1ea3n\" width=\"731\" height=\"449\" \/><\/p>\n<p>Kh\u00f4ng \u0111\u01a1n thu\u1ea7n l\u00e0 m\u1ed9t m\u00f3n \u0103n k\u00e8m, m\u01a1 mu\u1ed1i c\u00f2n \u0111\u01b0\u1ee3c xem l\u00e0 m\u1ed9t &#8220;si\u00eau th\u1ef1c ph\u1ea9m&#8221; gi\u00e0u dinh d\u01b0\u1ee1ng khi ch\u1ee9a nhi\u1ec1u vitamin v\u00e0 kho\u00e1ng ch\u1ea5t quan tr\u1ecdng nh\u01b0 l\u00e0 vitamin A, C, axit\u00a0 xitric, Ca, Mg, Potassium,&#8230;Qua m\u1ed9t s\u1ed1 nghi\u00ean c\u1ee9u, m\u01a1 mu\u1ed1i \u0111\u01b0\u1ee3c cho l\u00e0 c\u00f3 kh\u1ea3 n\u0103ng k\u00edch th\u00edch tuy\u1ebfn n\u01b0\u1edbc b\u1ecdt, h\u1ed7 tr\u1ee3 cho h\u1ec7 ti\u00eau h\u00f3a v\u00e0 c\u00f3 t\u00e1c d\u1ee5ng kh\u00e1ng khu\u1ea9n m\u1ea1nh streptococcus mutan (m\u1ed9t lo\u1ea1i vi khu\u1ea9n g\u00e2y s\u00e2u r\u0103ng). \u0110\u1eb7c bi\u1ec7t,\u00a0v\u1ecb chua c\u1ee7a m\u01a1 mu\u1ed1i s\u1ebd gi\u00fap trung h\u00f2a ch\u1ea5t \u0111\u1ea1m c\u00f3 trong th\u1ecbt m\u1ee1 \u0111\u1ed9ng v\u1eadt, \u0111\u1ed3ng th\u1eddi m\u01a1 mu\u1ed1i c\u00f2n c\u00f3 vai tr\u00f2 t\u1ea1o ki\u1ec1m trong m\u00e1u gi\u00fap l\u1ecdc m\u00e1u v\u00e0 l\u01b0u th\u00f4ng t\u1ed1t h\u01a1n.<\/p>\n<p>Hi\u1ec7n nay, m\u01a1 mu\u1ed1i umeboshi c\u00f3 kh\u00e1 nhi\u1ec1u lo\u1ea1i v\u1edbi h\u01b0\u01a1ng v\u1ecb v\u00e0 \u0111\u1ed9 m\u1ec1m gi\u00f2n kh\u00e1c nhau nh\u01b0ng ph\u1ed5 bi\u1ebfn nhi\u1ec1u th\u00ec ch\u00ednh l\u00e0\u00a0<i>m\u01a1 mu\u1ed1i m\u1eadt ong<\/i>\u00a0v\u00e0\u00a0<i>m\u01a1 mu\u1ed1i t\u00eda t\u00f4<\/i>. N\u1ebfu nh\u01b0 l\u00e0 ng\u01b0\u1eddi m\u1edbi b\u1eaft \u0111\u1ea7u th\u00ec m\u01a1 mu\u1ed1i m\u1eadt ong s\u1ebd l\u00e0 l\u1ef1a ch\u1ecdn th\u00edch h\u1ee3p d\u00e0nh cho b\u1ea1n, nh\u01b0ng n\u1ebfu mu\u1ed1n th\u01b0\u1edfng th\u1ee9c nh\u1eefng qu\u1ea3 m\u01a1 v\u1ecb \u0111\u1eadm, c\u00f3 \u0111\u1ed9 chua m\u1eb7n v\u01b0\u1ee3t tr\u1ed9i th\u00ec ch\u1ecdn ngay\u00a0<strong>M\u01a1 mu\u1ed1i t\u00eda t\u00f4.<\/strong><\/p>\n<p>S\u1ea3n ph\u1ea9m l\u00e0m t\u1eeb nh\u1eefng tr\u00e1i m\u01a1 ch\u00edn t\u01b0\u01a1i t\u1ef1 nhi\u00ean, \u0111\u01b0\u1ee3c tuy\u1ec3n ch\u1ecdn v\u00e0 l\u00e0m s\u1ea1ch k\u0129 c\u00e0ng, s\u00e1t tr\u00f9ng vi khu\u1ea9n b\u1eb1ng r\u01b0\u1ee3u v\u00e0 d\u00f9ng lo\u1ea1i mu\u1ed1i ch\u1ea5t l\u01b0\u1ee3ng \u0111\u1ec3 ng\u00e2m \u0111\u1ea3m b\u1ea3o mang \u0111\u1ebfn ng\u01b0\u1eddi d\u00f9ng nh\u1eefng qu\u1ea3 m\u01a1 \u0111\u1ea1t ti\u00eau chu\u1ea9n. \u0110\u1ed9 mu\u1ed1i c\u1ee7a m\u01a1 n\u1eb1m \u1edf m\u1ee9c 10%, \u0111\u1ec3 tr\u00e1nh n\u1ea1p l\u01b0\u1ee3ng mu\u1ed1i qu\u00e1 m\u1ee9c ti\u00eau chu\u1ea9n th\u00ec Havamall m\u00e1ch b\u1ea1n ch\u1ec9 n\u00ean \u0103n 1 qu\u1ea3\/1 ng\u00e0y th\u00f4i nh\u00e9!<\/p>\n<p><img decoding=\"async\" class=\"aligncenter\" src=\"https:\/\/havamall.vn\/wp-content\/uploads\/2025\/03\/rice-umeboshi-broth.jpg\" alt=\"Umeboshi Plums and a Japanese Snack - Manly Food Co-operative\" \/><\/p>\n<p><strong>Th\u00e0nh ph\u1ea7n:<\/strong>\u00a0M\u01a1, mu\u1ed1i, \u0111\u01b0\u1eddng, r\u01b0\u1ee3u, axit amin, aspartame, h\u1ee3p ch\u1ea5t L-phenylalanine, stevia, \u0111\u1ecf 102, V.B1, h\u01b0\u01a1ng li\u1ec7u<\/p>\n<p><strong>Kh\u1ed1i l\u01b0\u1ee3ng t\u1ecbnh:<\/strong>\u00a0200g\/h\u1ed9p<\/p>\n<p><strong>\u0110\u1ed9 mu\u1ed1i:<\/strong>\u00a010%<\/p>\n<p><strong>B\u1ea3o qu\u1ea3n:<\/strong>\u00a0N\u01a1i kh\u00f4 r\u00e1o, tho\u00e1ng m\u00e1t v\u00e0 tr\u00e1nh \u00e1nh n\u1eafng m\u1eb7t tr\u1eddi. B\u1ea3o qu\u1ea3n l\u1ea1nh sau khi m\u1edf bao b\u00ec<\/p>\n<p><strong>H\u01b0\u1edbng d\u1eabn s\u1eed d\u1ee5ng:<\/strong><strong>\u00a0<\/strong>C\u00f3 th\u1ec3 \u0103n tr\u1ef1c ti\u1ebfp ho\u1eb7c d\u00f9ng \u0111\u1ec3 pha n\u01b0\u1edbc u\u1ed1ng<\/p>\n<p><strong>H\u1ea1n s\u1eed d\u1ee5ng:<\/strong><strong>\u00a0<\/strong>12<strong>\u00a0<\/strong>th\u00e1ng k\u1ec3 t\u1eeb ng\u00e0y s\u1ea3n xu\u1ea5t<\/p>\n<\/div>\n<\/div>","protected":false},"excerpt":{"rendered":"<p>TH\u00d4NG TIN CHUNG Th\u01b0\u01a1ng hi\u1ec7u Shirakiku Xu\u1ea5t x\u1ee9 th\u01b0\u01a1ng hi\u1ec7u Nh\u1eadt B\u1ea3n H\u1ea1n s\u1eed d\u1ee5ng 18 th\u00e1ng k\u1ec3 t\u1eeb ng\u00e0y<\/p>","protected":false},"featured_media":34593,"comment_status":"open","ping_status":"closed","template":"","meta":[],"product_brand":[],"product_cat":[675,36,143],"product_tag":[],"class_list":{"0":"post-34592","1":"product","2":"type-product","3":"status-publish","4":"has-post-thumbnail","6":"product_cat-nhap-khau-nhat-ban","7":"product_cat-thuc-pham-tieu-dung","8":"product_cat-thuc-pham-dong-hop","10":"first","11":"instock","12":"sale","13":"shipping-taxable","14":"purchasable","15":"product-type-simple"},"_links":{"self":[{"href":"https:\/\/havamall.vn\/en\/wp-json\/wp\/v2\/product\/34592"}],"collection":[{"href":"https:\/\/havamall.vn\/en\/wp-json\/wp\/v2\/product"}],"about":[{"href":"https:\/\/havamall.vn\/en\/wp-json\/wp\/v2\/types\/product"}],"replies":[{"embeddable":true,"href":"https:\/\/havamall.vn\/en\/wp-json\/wp\/v2\/comments?post=34592"}],"version-history":[{"count":0,"href":"https:\/\/havamall.vn\/en\/wp-json\/wp\/v2\/product\/34592\/revisions"}],"wp:featuredmedia":[{"embeddable":true,"href":"https:\/\/havamall.vn\/en\/wp-json\/wp\/v2\/media\/34593"}],"wp:attachment":[{"href":"https:\/\/havamall.vn\/en\/wp-json\/wp\/v2\/media?parent=34592"}],"wp:term":[{"taxonomy":"product_brand","embeddable":true,"href":"https:\/\/havamall.vn\/en\/wp-json\/wp\/v2\/product_brand?post=34592"},{"taxonomy":"product_cat","embeddable":true,"href":"https:\/\/havamall.vn\/en\/wp-json\/wp\/v2\/product_cat?post=34592"},{"taxonomy":"product_tag","embeddable":true,"href":"https:\/\/havamall.vn\/en\/wp-json\/wp\/v2\/product_tag?post=34592"}],"curies":[{"name":"wp","href":"https:\/\/api.w.org\/{rel}","templated":true}]}}