{"id":34585,"date":"2024-05-24T17:18:29","date_gmt":"2024-05-24T10:18:29","guid":{"rendered":"https:\/\/havamall.vn\/?post_type=product&#038;p=34585"},"modified":"2025-03-20T11:25:50","modified_gmt":"2025-03-20T04:25:50","slug":"khoai-tay-mui-cau-khong-tam-gia-vi-tui-1kg-havafoodies-frozen-potato","status":"publish","type":"product","link":"https:\/\/havamall.vn\/en\/shop\/khoai-tay-mui-cau-khong-tam-gia-vi-tui-1kg-havafoodies-frozen-potato\/","title":{"rendered":"Khoai T\u00e2y M\u00fai Cau Kh\u00f4ng T\u1ea9m Gia V\u1ecb T\u00fai 1Kg Havafoodies &#8211; Frozen Potato"},"content":{"rendered":"<h2><strong>TH\u00d4NG TIN CHUNG<\/strong><\/h2>\n<div dir=\"auto\">\n<div dir=\"auto\">\n<table>\n<tbody>\n<tr>\n<td>Th\u01b0\u01a1ng hi\u1ec7u<\/td>\n<td>Havafoodies<\/td>\n<\/tr>\n<tr>\n<td>Xu\u1ea5t x\u1ee9 th\u01b0\u01a1ng hi\u1ec7u<\/td>\n<td>B\u1ec9<\/td>\n<\/tr>\n<tr>\n<td>H\u1ea1n s\u1eed d\u1ee5ng<\/td>\n<td>18 th\u00e1ng k\u1ec3 t\u1eeb ng\u00e0y s\u1ea3n xu\u1ea5t<\/td>\n<\/tr>\n<tr>\n<td>H\u01b0\u1edbng d\u1eabn b\u1ea3o qu\u1ea3n<\/td>\n<td>B\u1ea3o qu\u1ea3n nhi\u1ec7t \u0111\u1ed9 \u0111\u00f4ng l\u1ea1nh<\/td>\n<\/tr>\n<tr>\n<td>H\u01b0\u1edbng d\u1eabn s\u1eed d\u1ee5ng<\/td>\n<td>D\u00f9ng \u0111\u1ec3 n\u1ea5u \u0103n<\/td>\n<\/tr>\n<tr>\n<td>Xu\u1ea5t x\u1ee9<\/td>\n<td>B\u1ec9<\/td>\n<\/tr>\n<tr>\n<td>Tr\u1ecdng l\u01b0\u1ee3ng s\u1ea3n ph\u1ea9m<\/td>\n<td>1 kg<\/td>\n<\/tr>\n<tr>\n<td>Quy c\u00e1ch \u0111\u00f3ng g\u00f3i<\/td>\n<td>T\u00fai nh\u1ef1a<\/td>\n<\/tr>\n<tr>\n<td>Th\u00e0nh ph\u1ea7n<\/td>\n<td>Xem tr\u00ean bao b\u00ec<\/td>\n<\/tr>\n<\/tbody>\n<\/table>\n<p>Khoai t\u00e2y chi\u00ean l\u00e0 m\u00f3n \u0103n v\u1eb7t kho\u00e1i kh\u1ea9u, h\u1ea5p d\u1eabn nhi\u1ec1u ng\u01b0\u1eddi t\u1eeb tr\u1ebb em \u0111\u1ebfn ng\u01b0\u1eddi l\u1edbn v\u00e0 c\u0169ng l\u00e0 m\u00f3n \u0103n k\u00e8m ho\u00e0n h\u1ea3o v\u1edbi beefsteak, g\u00e0 chi\u00ean,&#8230; v\u00f4 c\u00f9ng th\u01a1m ngon, h\u1ea5p d\u1eabn.<\/p>\n<p>Th\u1ebf nh\u01b0ng \u0103n khoai chi\u00ean ngo\u00e0i h\u00e0ng th\u00ec l\u1ea1i s\u1ee3 d\u1ea7u chi\u00ean \u0111i chi\u00ean l\u1ea1i, kh\u00f4ng \u0111\u1ea3m b\u1ea3o v\u1ec7 sinh m\u00e0 l\u00e0m \u1edf nh\u00e0 th\u00ec v\u1eeba l\u00edch k\u00edch, v\u1eeba kh\u00f4ng \u0111\u01b0\u1ee3c gi\u00f2n ngon nh\u01b0 ngo\u00e0i ti\u1ec7m. H\u01a1n th\u1ebf, th\u00f4ng th\u01b0\u1eddng c\u00e1c qu\u00e1n \u0103n v\u1ec9a h\u00e8 th\u01b0\u1eddng ch\u1ec9 c\u00f3 khoai t\u00e2y s\u1ee3i; n\u1ebfu mu\u1ed1n th\u01b0\u1edfng th\u1ee9c khoai t\u00e2y b\u1ed5 cau, c\u00e1c b\u1ea1n ph\u1ea3i v\u00e0o nh\u00e0 h\u00e0ng cao c\u1ea5p.<\/p>\n<p>Th\u1ea5u hi\u1ec3u \u0111\u01b0\u1ee3c t\u00e2m l\u00fd v\u00e0 nhu c\u1ea7u ng\u01b0\u1eddi ti\u00eau d\u00f9ng, KHOAI T\u00c2Y B\u1ed4 CAU B\u1ec8 c\u00f3 m\u1eb7t tr\u00ean th\u1ecb tr\u01b0\u1eddng, mang gi\u00e1 tr\u1ecb \u0111\u1ebfn g\u1ea7n h\u01a1n v\u1edbi m\u1ed7i kh\u00e1ch h\u00e0ng. Ngay t\u1ea1i nh\u00e0, b\u1ea5t k\u00ec ai c\u0169ng c\u00f3 th\u1ec3 t\u1ef1 ch\u1ebf bi\u1ebfn v\u00e0 th\u01b0\u1edfng th\u1ee9c m\u00f3n \u0103n n\u00e0y theo c\u00e1ch ri\u00eang m\u00e0 kh\u00f4ng c\u1ea7n ra nh\u00e0 h\u00e0ng \u0111\u1eaft \u0111\u1ecf.<\/p>\n<p><img decoding=\"async\" class=\"aligncenter\" src=\"https:\/\/havamall.vn\/wp-content\/uploads\/2025\/03\/oven-baked-crispy-potato-wedges-img-8.jpg\" alt=\"Oven Baked Crispy Potato Wedges - The Dinner Bite\" \/><\/p>\n<h2><strong>\u0110\u1eb6C \u0110I\u1ec2M N\u1ed4I B\u1eacT C\u1ee6A KHOAI T\u00c2Y B\u1ed4 CAU\u00a0<\/strong><\/h2>\n<p>Khoai t\u00e2y b\u1ed5 cau l\u1ea1i c\u00f3 nh\u1eefng \u0111\u1eb7c \u0111i\u1ec3m r\u1ea5t ri\u00eang, kh\u00e1c ho\u00e0n to\u00e0n v\u1edbi c\u00e1c d\u00f2ng khoai t\u00e2y s\u1ee3i c\u00f9ng th\u01b0\u01a1ng hi\u1ec7u. Kh\u00f4ng \u0111\u01b0\u1ee3c \u01b0\u1edbp s\u1eb5n gia v\u1ecb n\u00ean d\u1ec5 d\u00e0ng ch\u1ebf bi\u1ebfn ph\u00f9 h\u1ee3p v\u1edbi nhu c\u1ea7u c\u1ee7a tr\u1ebb em v\u00e0 c\u1ea3 ng\u01b0\u1eddi l\u1edbn.<\/p>\n<p><em>Khoai t\u00e2y b\u1ed5 cau l\u00e0 m\u00f3n \u0103n kho\u00e1i kh\u1ea9u trong menu c\u1ee7a nhi\u1ec1u nh\u00e0 h\u00e0ng cao c\u1ea5p<\/em><\/p>\n<p>\u01afu \u0111i\u1ec3m c\u1ee7a khoai t\u00e2y b\u1ed5 cau:<\/p>\n<ul>\n<li>Khoai t\u00e2y \u0111\u01b0\u1ee3c c\u1eaft mi\u1ebfng cau, kh\u00f4ng \u01b0\u1edbp gia v\u1ecb n\u00ean khi chi\u00ean l\u00ean, khoai gi\u00f2n r\u1ee5m, ngon \u0111\u1eadm \u0111\u00e0, th\u01a1m n\u1ee9c m\u0169i.<\/li>\n<\/ul>\n<div>\n<ul>\n<li class=\"_1mf _1mj\">Gi\u1eef \u0111\u01b0\u1ee3c \u0111\u1ed9 n\u00f3ng l\u00e2u h\u01a1n, gi\u00f2n l\u00e2u h\u01a1n c\u00e1c lo\u1ea1i khoai t\u00e2y th\u00f4ng th\u01b0\u1eddng<\/li>\n<\/ul>\n<\/div>\n<div>\n<ul>\n<li class=\"_1mf _1mj\">H\u00e0m l\u01b0\u1ee3ng tinh b\u1ed9t nhi\u1ec1u h\u01a1n do \u0111\u01b0\u1ee3c ch\u1ecdn l\u1ecdc k\u0129 l\u01b0\u1ee1ng t\u1eeb nh\u1eefng c\u1ee7 khoai t\u00e2y t\u01b0\u01a1i ch\u1ea5t l\u01b0\u1ee3ng nh\u1ea5t. Ngo\u00e0i ra, h\u00ecnh d\u1ea1ng m\u00fai cau c\u0169ng gi\u00fap th\u1ef1c kh\u00e1ch khi th\u01b0\u1edfng th\u1ee9c s\u1ebd c\u00f3 c\u1ea3m gi\u00e1c \u0111\u1ea7y \u0111\u1eb7n h\u01a1n.<\/li>\n<\/ul>\n<h2><strong>NGU\u1ed2N G\u1ed0C C\u1ee6A KHOAI T\u00c2Y T\u01af\u01a0I T\u1ea0O N\u00caN KHOAI T\u00c2Y B\u1ec8\u00a0<\/strong><\/h2>\n<\/div>\n<p>\u0110\u01b0\u1ee3c s\u1ea3n xu\u1ea5t theo quy tr\u00ecnh kh\u00e9p k\u00edn, c\u00f4ng ngh\u1ec7 ch\u00e2u \u00c2u hi\u1ec7n \u0111\u1ea1i, m\u1ed7i mi\u1ebfng khoai t\u00e2y l\u00e0 s\u1ef1 ch\u1ecdn l\u1ef1a k\u0129 l\u01b0\u1ee1ng t\u1eeb nh\u1eefng c\u1ee7 khoai t\u00e2y t\u01b0\u01a1i ch\u1ea5t l\u01b0\u1ee3ng nh\u1ea5t, thu\u1ed9c GI\u1ed0NG KHOAI T\u00c2Y BINTJE<\/p>\n<p>\u0110\u00e2y l\u00e0 lo\u1ea1i khoai t\u00e2y ch\u00edn s\u1edbm \u0111\u01b0\u1ee3c tr\u1ed3ng \u1edf H\u00e0 Lan b\u1edfi c\u00e1c th\u1ea7y gi\u00e1o Frisian KL de Vries v\u00e0o n\u0103m 1904. Th\u1ef1c t\u1ebf, Khoai t\u00e2y Bintje cho n\u0103ng su\u1ea5t cao v\u00e0 \u0111\u01b0\u1ee3c tr\u1ed3ng ph\u1ed5 bi\u1ebfn \u1edf Ph\u00e1p v\u00e0 B\u1ec9.<\/p>\n<p>C\u00e2y Bintje c\u00f3 k\u00edch th\u01b0\u1edbc trung b\u00ecnh v\u00e0 th\u1eb3ng \u0111\u1ee9ng, th\u00e2n c\u00e2y t\u00eda, l\u00e1 m\u00e0u xanh \u0111\u1eadm v\u00e0 c\u00f3 hoa tr\u1eafng. M\u1ed7i c\u1ee7a khoai t\u00e2y Bintje c\u00f3 k\u00edch th\u01b0\u1edbc l\u1edbn, h\u00ecnh b\u1ea7u d\u1ee5c v\u1edbi ph\u1ea7n v\u1ecf v\u00e0ng nh\u1ea1t v\u00e0 th\u1ecbt m\u00e0u v\u00e0ng; m\u1eaft khoai n\u00f4ng, m\u1ea7m khoai m\u00e0u t\u00eda.<\/p>\n<p><img fetchpriority=\"high\" decoding=\"async\" class=\"aligncenter\" src=\"https:\/\/havamall.vn\/wp-content\/uploads\/2025\/03\/How-to-Cut-Potato-Wedges-02.jpg\" alt=\"How to Cut Potato Wedges - IzzyCooking\" width=\"639\" height=\"959\" \/><\/p>\n<p><em>Gi\u1ed1ng khoai t\u00e2y Binjte \u0111\u01b0\u1ee3c l\u1ef1a ch\u1ecdn l\u00e0 nguy\u00ean li\u1ec7u t\u1ea1o n\u00ean s\u1ea3n ph\u1ea9m khoai t\u00e2y B\u1ec9<\/em><\/p>\n<p>Trong \u1ea9m th\u1ef1c, n\u00f3 \u0111\u01b0\u1ee3c s\u1eed d\u1ee5ng \u0111\u1ec3 ch\u1ebf bi\u1ebfn c\u00e1c m\u00f3n nh\u01b0 lu\u1ed9c, n\u01b0\u1edbng, khoai t\u00e2y chi\u00ean, khoai t\u00e2y nghi\u1ec1n v\u00e0 khoai t\u00e2y l\u00e1t m\u1ecfng.<\/p>\n<h2><strong>S\u1ef0 KH\u00c1C BI\u1ec6T C\u1ee6A KHOAI T\u00c2Y B\u1ec8 SO V\u1edaI NH\u1eeeNG LO\u1ea0I KHOAI T\u00c2Y KH\u00c1C TR\u00caN TH\u1eca TR\u01af\u1edcNG<\/strong><\/h2>\n<p>Hi\u1ec7n nay, khoai t\u00e2y s\u1ee3i ch\u1ebf bi\u1ebfn s\u1eb5n kh\u00f4ng c\u00f2n xa l\u1ea1 v\u1edbi ng\u01b0\u1eddi ti\u00eau d\u00f9ng. R\u1ea5t nhi\u1ec1u th\u01b0\u01a1ng hi\u1ec7u \u0111\u00e3 v\u00e0 \u0111ang \u0111\u01b0a ra th\u1ecb tr\u01b0\u1eddng d\u00f2ng khoai t\u00e2y ch\u00ea bi\u1ebfn s\u1eb5n n\u00e0y; tuy nhi\u00ean, ch\u1ea5t l\u01b0\u1ee3ng s\u1ea3n ph\u1ea9m kh\u00f4ng ph\u1ea3i l\u00fac n\u00e0o c\u0169ng \u1ed5n \u0111\u1ecbnh. M\u1ed9t ph\u1ea7n do kh\u00e2u l\u1ef1a ch\u1ecdn nguy\u00ean li\u1ec7u \u0111\u1ea7u v\u00e0o l\u00e0 nh\u1eefng c\u1ee7 khoai t\u00e2y b\u00e9 n\u00ean h\u00e0m l\u01b0\u1ee3ng tinh b\u1ed9t kh\u00f4ng cao, khi \u0103n s\u1ebd c\u1ea3m gi\u00e1c kh\u00f4ng c\u00f3 \u0111\u1ed9 b\u1edf v\u00e0 b\u1ecb \u00f3p.<\/p>\n<p>S\u1ef1 th\u1eadt r\u1eb1ng, c\u00e1c lo\u1ea1i khoai t\u00e2y s\u1ee3i tr\u00ean th\u1ecb tr\u01b0\u1eddng hi\u1ec7n nay, th\u01b0\u1eddng c\u00f3 s\u1ee3i d\u00e0i, m\u00e0u tr\u1eafng, h\u00e0m l\u01b0\u1ee3ng tinh b\u1ed9t kh\u00f4ng nhi\u1ec1u. Khi \u0103n, kh\u00f4ng c\u1ea3m nh\u1eadn \u0111\u01b0\u1ee3c v\u1ecb \u0111\u1eb7c tr\u01b0ng c\u1ee7a khoai t\u00e2y c\u0169ng nh\u01b0 m\u00f9i v\u1ecb n\u1ebfu nh\u01b0 kh\u00f4ng \u0103n k\u00e8m t\u01b0\u01a1ng \u1edbt ho\u1eb7c t\u01b0\u01a1ng c\u00e0.<\/p>\n<p><img decoding=\"async\" class=\"aligncenter\" src=\"https:\/\/havamall.vn\/wp-content\/uploads\/2025\/03\/low-GI-Potato-Wedges-500x500.png\" alt=\"Carisma Potato Wedges\" \/><\/p>\n<p><em>Khoai t\u00e2y b\u1ed5 cau v\u1ecb cay \u0111\u00e3 \u0111\u01b0\u1ee3c t\u1ea9m \u01b0\u1edbp gia v\u1ecb s\u1eb5n s\u00e0ng mang \u0111\u1ebfn tr\u1ea3i nghi\u1ec7m tr\u1ecdn v\u1eb9n nh\u1ea5t cho th\u1ef1c kh\u00e1ch<\/em><\/p>\n<p>Kh\u00e1c bi\u1ec7t h\u1eb3n v\u1edbi c\u00e1c lo\u1ea1i khoai t\u00e2y th\u00f4ng th\u01b0\u1eddng, khi th\u01b0\u1edfng th\u1ee9c\u00a0<strong>khoai t\u00e2y s\u1ee3i B\u1ec9<\/strong>, kh\u00e1ch h\u00e0ng s\u1ebd \u0111\u01b0\u1ee3c tr\u1ea3i qua tr\u1ecdn v\u1eb9n c\u00e1c h\u01b0\u01a1ng v\u1ecb th\u01a1m ngon nh\u1ea5t. N\u1ebfu nh\u01b0 c\u00e1c lo\u1ea1i khoai t\u00e2y s\u1ee3i kh\u00e1c c\u1ea7n ph\u1ea3i t\u1ea9m \u01b0\u1edbp gia v\u1ecb k\u0129 c\u00e0ng, th\u00ec khoai t\u00e2y b\u1ec9 ch\u1ec9 c\u1ea7n x\u00f3c k\u00e8m ch\u00fat mu\u1ed1i c\u0169ng \u0111\u00e3 \u0111\u1ee7 t\u1ea1o n\u00ean \u0111i\u1ec1u k\u00ec di\u1ec7u trong m\u1ed7i mi\u1ebfng khoai t\u00e2y chi\u00ean r\u1ed3i.<\/p>\n<p>T\u1eeb kh\u00e2u tuy\u1ec3n ch\u1ecdn nguy\u00ean li\u1ec7u t\u1edbi kh\u00e2u s\u01a1 ch\u1ebf v\u00e0 \u0111\u00f3ng g\u00f3i c\u1ee7a s\u1ea3n ph\u1ea9m \u0111\u1ec1u \u0111\u01b0\u1ee3c di\u1ec5n ra theo quy tr\u00ecnh kh\u00e9p k\u00edn nghi\u00eam ng\u1eb7t, \u0111\u1ea3m b\u1ea3o v\u1ec1 ch\u1ea5t l\u01b0\u1ee3ng theo ti\u00eau chu\u1ea9n ch\u00e2u \u00c2u.<\/p>\n<ul>\n<li>\u0110\u01b0\u1ee3c ch\u1ebf bi\u1ebfn t\u1eeb nh\u1eefng c\u1ee7 khoai t\u00e2y t\u01b0\u01a1i v\u00e0 ngon nh\u1ea5t th\u1ebf gi\u1edbi<\/li>\n<li>N\u00f3ng l\u00e2u h\u01a1n, gi\u00f2n l\u00e2u h\u01a1n so v\u1edbi c\u00e1c lo\u1ea1i khoai t\u00e2y th\u00f4ng th\u01b0\u1eddng.<\/li>\n<li>H\u00e0m l\u01b0\u1ee3ng tinh b\u1ed9t cao, m\u00e0u v\u00e0ng \u0111\u1ec1u b\u1eaft m\u1eaft<\/li>\n<li>S\u1ee3i khoai t\u00e2y nguy\u00ean ch\u1ea5t, d\u00e0i h\u01a1n so v\u1edbi c\u00e1c s\u1ea3n ph\u1ea9m c\u00f9ng lo\u1ea1i<\/li>\n<li>\u00cdt ng\u1ea5m v\u00e0 hao d\u1ea7u<\/li>\n<li>Ti\u1ec7n d\u1ee5ng, d\u1ec5 d\u00e0ng ch\u1ebf bi\u1ebfn th\u00e0nh c\u00e1c m\u00f3n \u0103n v\u1edbi th\u1eddi gian ng\u1eafn v\u1edbi h\u01b0\u01a1ng v\u1ecb th\u01a1m ngon v\u00e0 h\u1ea5p d\u1eabn.<\/li>\n<\/ul>\n<h2><strong>T\u00c1C D\u1ee4NG TUY\u1ec6T V\u1edcI C\u1ee6A KHOAI T\u00c2Y B\u1ec8<\/strong><\/h2>\n<p>L\u00e0 s\u1ea3n ph\u1ea9m r\u1ea5t gi\u00e0u vitamin B6, C, s\u1eaft, caxi, ph\u1ed1t pho\u2026 gi\u00fap c\u01a1 th\u1ec3 t\u0103ng s\u1ee9c \u0111\u1ec1 kh\u00e1ng, ng\u0103n ng\u1eeba c\u00e1c b\u1ec7nh ung th\u01b0 v\u00e0 l\u00e0m \u0111\u1eb9p da r\u1ea5t hi\u1ec7u qu\u1ea3.<\/p>\n<p>H\u00e0m l\u01b0\u1ee3ng tinh b\u1ed9t cao, gi\u00e0u Vitamin B6, B3, C, Ph\u1ed1t pho&#8230; t\u1ed1t cho s\u1ee9c kh\u1ecfe c\u1ee7a c\u1ea3 gia \u0111\u00ecnh.<\/p>\n<p><img decoding=\"async\" class=\"aligncenter\" src=\"https:\/\/havamall.vn\/wp-content\/uploads\/2025\/03\/Seasoned-Baked-Potato-Wedges_7.jpg\" alt=\"Crunchy Seasoned Baked Potato Wedges | RecipeTin Eats\" width=\"597\" height=\"836\" \/><\/p>\n<p><em>Khoai t\u00e2y c\u00f3 nhi\u1ec1u t\u00e1c d\u1ee5ng tuy\u1ec7t v\u1edbi \u0111\u1ed1i v\u1edbi s\u1ee9c kh\u1ecfe<\/em><\/p>\n<p>Ngo\u00e0i nh\u1eefng ch\u1ea5t dinh d\u01b0\u1ee1ng c\u00f3 trong khoai t\u00e2y, n\u00f3 c\u00f2n c\u00f3 t\u00e1c d\u1ee5ng tuy\u1ec7t v\u1eddi \u0111\u1ed1i v\u1edbi s\u1ee9c kh\u1ecfe m\u1ed9t c\u00e1ch to\u00e0n di\u1ec7n nh\u01b0:<\/p>\n<ul>\n<li>Kh\u00e1ng vi\u00eam, gi\u1ea3m \u0111au<\/li>\n<li>C\u1ea3i thi\u1ec7n h\u1ec7 mi\u1ec5n d\u1ecbch<\/li>\n<li>C\u1ea3i thi\u1ec7n ch\u1ee9c n\u0103ng ti\u00eau h\u00f3a<\/li>\n<li>Khoai t\u00e2y t\u1ed1t cho th\u1ea7n kinh v\u00e0 n\u00e3o b\u1ed9<\/li>\n<li>Ng\u0103n ng\u1eeba tr\u1ea7m c\u1ea3m, gi\u1ea3m c\u0103ng th\u1eb3ng<\/li>\n<\/ul>\n<h2><strong><span class=\"style-scope yt-formatted-string\">C\u00c1CH CHI\u00caN KHOAI T\u00c2Y B\u1ed4 CAU SI\u00caU NGON<\/span><\/strong><\/h2>\n<p>&#8211; S\u1ea3n ph\u1ea9m c\u00f3 th\u1ec3 ch\u1ebf bi\u1ebfn ngay, kh\u00f4ng c\u1ea7n r\u00e3 \u0111\u00f4ng<\/p>\n<p><span class=\"style-scope yt-formatted-string\">&#8211; Chi\u00ean trong d\u1ea7u n\u00f3ng kho\u1ea3ng 3-5 ph\u00fat, ho\u1eb7c t\u1edbi khi khoai t\u00e2y ch\u00edn v\u00e0ng \u0111\u1ec1u, v\u1edbt ra, \u0111\u1ec3 r\u00e1o<\/span><\/p>\n<p><span class=\"style-scope yt-formatted-string\">&#8211; Ngon h\u01a1n khi d\u00f9ng v\u1edbi t\u01b0\u01a1ng c\u00e0 (s\u1ed1t c\u00e0 chua) ho\u1eb7c t\u01b0\u01a1ng \u1edbt. C\u00f3 th\u1ec3 d\u00f9ng k\u00e8m v\u1edbi m\u00f3n B\u00edt t\u1ebft \u0111\u1ec3 gi\u1ea3m c\u1ea3m gi\u00e1c ng\u1ea5y khi th\u01b0\u1edfng th\u1ee9c nh\u00e9!<\/span><\/p>\n<\/div>\n<\/div>","protected":false},"excerpt":{"rendered":"<p>TH\u00d4NG TIN CHUNG Th\u01b0\u01a1ng hi\u1ec7u Havafoodies Xu\u1ea5t x\u1ee9 th\u01b0\u01a1ng hi\u1ec7u B\u1ec9 H\u1ea1n s\u1eed d\u1ee5ng 18 th\u00e1ng k\u1ec3 t\u1eeb ng\u00e0y s\u1ea3n<\/p>","protected":false},"featured_media":34591,"comment_status":"open","ping_status":"closed","template":"","meta":[],"product_brand":[],"product_cat":[677,275,36],"product_tag":[],"class_list":{"0":"post-34585","1":"product","2":"type-product","3":"status-publish","4":"has-post-thumbnail","6":"product_cat-cac-nuoc-khac","7":"product_cat-thuc-pham-dong-lanh","8":"product_cat-thuc-pham-tieu-dung","10":"first","11":"instock","12":"sale","13":"shipping-taxable","14":"purchasable","15":"product-type-simple"},"_links":{"self":[{"href":"https:\/\/havamall.vn\/en\/wp-json\/wp\/v2\/product\/34585"}],"collection":[{"href":"https:\/\/havamall.vn\/en\/wp-json\/wp\/v2\/product"}],"about":[{"href":"https:\/\/havamall.vn\/en\/wp-json\/wp\/v2\/types\/product"}],"replies":[{"embeddable":true,"href":"https:\/\/havamall.vn\/en\/wp-json\/wp\/v2\/comments?post=34585"}],"version-history":[{"count":0,"href":"https:\/\/havamall.vn\/en\/wp-json\/wp\/v2\/product\/34585\/revisions"}],"wp:featuredmedia":[{"embeddable":true,"href":"https:\/\/havamall.vn\/en\/wp-json\/wp\/v2\/media\/34591"}],"wp:attachment":[{"href":"https:\/\/havamall.vn\/en\/wp-json\/wp\/v2\/media?parent=34585"}],"wp:term":[{"taxonomy":"product_brand","embeddable":true,"href":"https:\/\/havamall.vn\/en\/wp-json\/wp\/v2\/product_brand?post=34585"},{"taxonomy":"product_cat","embeddable":true,"href":"https:\/\/havamall.vn\/en\/wp-json\/wp\/v2\/product_cat?post=34585"},{"taxonomy":"product_tag","embeddable":true,"href":"https:\/\/havamall.vn\/en\/wp-json\/wp\/v2\/product_tag?post=34585"}],"curies":[{"name":"wp","href":"https:\/\/api.w.org\/{rel}","templated":true}]}}