{"id":34582,"date":"2024-05-24T16:30:37","date_gmt":"2024-05-24T09:30:37","guid":{"rendered":"https:\/\/havamall.vn\/?post_type=product&#038;p=34582"},"modified":"2025-03-20T11:37:03","modified_gmt":"2025-03-20T04:37:03","slug":"bot-nem-tu-rong-bien-tao-be-kombu-dashi-no-moto-shimaya-7-goi-x-6g","status":"publish","type":"product","link":"https:\/\/havamall.vn\/en\/shop\/bot-nem-tu-rong-bien-tao-be-kombu-dashi-no-moto-shimaya-7-goi-x-6g\/","title":{"rendered":"B\u1ed9t N\u00eam T\u1eeb Rong Bi\u1ec3n T\u1ea3o B\u1eb9 Kombu Dashi No Moto Shimaya &#8211; (7 g\u00f3i x 6g)"},"content":{"rendered":"<h2><strong>TH\u00d4NG TIN CHUNG<\/strong><\/h2>\n<div dir=\"auto\">\n<div dir=\"auto\">\n<table>\n<tbody>\n<tr>\n<td>Th\u01b0\u01a1ng hi\u1ec7u<\/td>\n<td>Shimaya<\/td>\n<\/tr>\n<tr>\n<td>Xu\u1ea5t x\u1ee9 th\u01b0\u01a1ng hi\u1ec7u<\/td>\n<td>Nh\u1eadt B\u1ea3n<\/td>\n<\/tr>\n<tr>\n<td>H\u1ea1n s\u1eed d\u1ee5ng<\/td>\n<td>18 th\u00e1ng k\u1ec3 t\u1eeb ng\u00e0y s\u1ea3n xu\u1ea5t<\/td>\n<\/tr>\n<tr>\n<td>H\u01b0\u1edbng d\u1eabn b\u1ea3o qu\u1ea3n<\/td>\n<td>B\u1ea3o qu\u1ea3n nhi\u1ec7t \u0111\u1ed9 th\u01b0\u1eddng<\/td>\n<\/tr>\n<tr>\n<td>H\u01b0\u1edbng d\u1eabn s\u1eed d\u1ee5ng<\/td>\n<td>D\u00f9ng \u0111\u1ec3 n\u1ea5u \u0103n<\/td>\n<\/tr>\n<tr>\n<td>Xu\u1ea5t x\u1ee9<\/td>\n<td>Nh\u1eadt B\u1ea3n<\/td>\n<\/tr>\n<tr>\n<td>Tr\u1ecdng l\u01b0\u1ee3ng s\u1ea3n ph\u1ea9m<\/td>\n<td>7 g\u00f3i x 6g<\/td>\n<\/tr>\n<tr>\n<td>Quy c\u00e1ch \u0111\u00f3ng g\u00f3i<\/td>\n<td>T\u00fai nh\u1ef1a<\/td>\n<\/tr>\n<tr>\n<td>Th\u00e0nh ph\u1ea7n<\/td>\n<td>Xem tr\u00ean bao b\u00ec<\/td>\n<\/tr>\n<\/tbody>\n<\/table>\n<h3><strong>B\u1ed9t n\u00eam t\u1eeb rong bi\u1ec3n Kombu Dashi No Moto<\/strong><\/h3>\n<p>B\u1ed9t n\u00eam t\u1eeb rong bi\u1ec3n Kombu Dashi No Moto c\u1ee7a th\u01b0\u01a1ng hi\u1ec7u Shimaya l\u00e0 m\u1ed9t s\u1ea3n ph\u1ea9m \u1ea9m th\u1ef1c \u0111\u1ed9c \u0111\u00e1o v\u00e0 h\u1ea5p d\u1eabn, mang \u0111\u1ebfn h\u01b0\u01a1ng v\u1ecb tinh t\u1ebf v\u00e0 gi\u00e0u dinh d\u01b0\u1ee1ng cho c\u00e1c m\u00f3n \u0103n Nh\u1eadt B\u1ea3n. \u0110\u01b0\u1ee3c l\u00e0m t\u1eeb rong bi\u1ec3n kombu t\u1ef1 nhi\u00ean, b\u1ed9t n\u00eam n\u00e0y l\u00e0 m\u1ed9t ngu\u1ed3n cung c\u1ea5p d\u1ed3i d\u00e0o c\u00e1c kho\u00e1ng ch\u1ea5t v\u00e0 ch\u1ea5t dinh d\u01b0\u1ee1ng, gi\u00fap t\u0103ng c\u01b0\u1eddng h\u01b0\u01a1ng v\u1ecb v\u00e0 s\u1ef1 gi\u00e0u dinh d\u01b0\u1ee1ng cho c\u00e1c m\u00f3n \u0103n.<\/p>\n<p>Kh\u00f4ng ch\u1ec9 l\u00e0 m\u1ed9t ngu\u1ed3n cung c\u1ea5p h\u01b0\u01a1ng v\u1ecb, b\u1ed9t n\u00eam t\u1eeb rong bi\u1ec3n Kombu Dashi No Moto c\u00f2n l\u00e0 m\u1ed9t l\u1ef1a ch\u1ecdn l\u00e0nh m\u1ea1nh, kh\u00f4ng ch\u1ee9a c\u00e1c ch\u1ea5t b\u1ea3o qu\u1ea3n hay ph\u1ea9m m\u00e0u nh\u00e2n t\u1ea1o, gi\u00fap b\u1ea1n th\u01b0\u1edfng th\u1ee9c c\u00e1c m\u00f3n \u0103n m\u1ed9t c\u00e1ch an to\u00e0n v\u00e0 ngon l\u00e0nh. V\u1edbi h\u01b0\u01a1ng v\u1ecb \u0111\u1eb7c tr\u01b0ng v\u00e0 s\u1ef1 ti\u1ec7n l\u1ee3i trong vi\u1ec7c s\u1eed d\u1ee5ng, s\u1ea3n ph\u1ea9m n\u00e0y l\u00e0 m\u1ed9t ph\u1ee5 ki\u1ec7n kh\u00f4ng th\u1ec3 thi\u1ebfu trong b\u1ebfp c\u1ee7a nh\u1eefng ng\u01b0\u1eddi y\u00eau th\u00edch \u1ea9m th\u1ef1c Nh\u1eadt B\u1ea3n.<\/p>\n<p><img fetchpriority=\"high\" decoding=\"async\" class=\"wp-image-34583 aligncenter\" src=\"https:\/\/havamall.vn\/wp-content\/uploads\/2025\/03\/dsfsdf-300x213.png\" alt=\"\" width=\"613\" height=\"435\" \/><\/p>\n<p>B\u1ed9t n\u00eam t\u1eeb rong bi\u1ec3n Shimaya Konbu Dashi No Moto 42g l\u00e0 gia v\u1ecb n\u00eam n\u1ebfm m\u00f3n \u0103n \u0111\u01b0\u1ee3c chi\u1ebft xu\u1ea5t t\u1eeb th\u1ef1c v\u1eadt s\u1ed1ng s\u00e2u trong l\u00f2ng \u0111\u1ea1i d\u01b0\u01a1ng, t\u1ea3o kombu.<\/p>\n<p>B\u1ed9t n\u00eam c\u00f3 v\u1ecb ng\u1ecdt thanh, cho b\u1ea1n n\u01b0\u1edbc d\u00f9ng ngon ng\u1ecdt, \u0111\u1eadm \u0111\u00e0 v\u00e0 gi\u00e0u dinh d\u01b0\u1ee1ng.<\/p>\n<p>S\u1ea3n ph\u1ea9m \u0111\u01b0\u1ee3c d\u00f9ng l\u00e0m gia v\u1ecb cho c\u00e1c m\u00f3n \u0103n nh\u01b0 s\u00fap, l\u1ea9u, m\u00ec, d\u01b0a mu\u1ed1i, c\u01a1m sushi,..<\/p>\n<p>Cho m\u00f3n s\u00fap 4 kh\u1ea9u ph\u1ea7n \u0103n: th\u00eam 1 \u00edt b\u1ed9t n\u00eam (2g), 2 th\u00eca n\u01b0\u1edbc t\u01b0\u01a1ng, 1\/3 th\u00eca mu\u1ed1i v\u00e0o 600ml n\u01b0\u1edbc s\u00f4i.<\/p>\n<p>Cho m\u00f3n d\u01b0a mu\u1ed1i 4 kh\u1ea9u ph\u1ea7n \u0103n: c\u1eaft 4 qu\u1ea3 d\u01b0a chu\u1ed9t th\u00e0nh mi\u1ebfng v\u1eeba \u0103n v\u00e0o t\u00fai nylon, th\u00eam 2 th\u00eca b\u1ed9t n\u00eam (8g), 1\/2 th\u00eca mu\u1ed1i tr\u1ed9n \u0111\u1ec1u. \u0110\u00f3ng k\u00edn t\u00fai th\u1ea3 v\u00e0o n\u01b0\u1edbc m\u00e1t trong 10 ph\u00fat. Th\u00eam gi\u1ea5m v\u00e0 v\u1ecf chanh theo \u00fd th\u00edch. Ngon h\u01a1n khi l\u00e0m m\u00e1t trong t\u1ee7 l\u1ea1nh<\/p>\n<h2 dir=\"ltr\"><strong>L\u1ee3i \u00edch B\u1ed9t n\u00eam rong bi\u1ec3n Kombu Dashi no Moto v\u1edbi s\u1ee9c kh\u1ecfe<\/strong><\/h2>\n<ul dir=\"ltr\">\n<li>Thay th\u1ebf mu\u1ed1i v\u00e0 b\u1ed9t ng\u1ecdt m\u00e0 v\u1eabn tr\u00f2n v\u1ecb<\/li>\n<li>Gi\u00e0u ch\u1ea5t s\u1eaft, ch\u1ea5t x\u01a1, canxi,&#8230;<\/li>\n<li>Ph\u00f2ng ch\u1ed1ng ung th\u01b0 tr\u1ef1c tr\u00e0ng<\/li>\n<li>\u0110i\u1ec1u h\u00f2a huy\u1ebft \u00e1p v\u00e0 t\u0103ng c\u01b0\u1eddng m\u1ea1ch m\u00e1u<\/li>\n<li>\u1ed4n \u0111\u1ecbnh l\u01b0\u1ee3ng \u0111\u01b0\u1eddng trong m\u00e1u<\/li>\n<li>H\u1ed7 tr\u1ee3 ch\u1ee9c n\u0103ng tuy\u1ebfn gi\u00e1p<\/li>\n<\/ul>\n<p dir=\"ltr\"><strong>H\u01b0\u1edbng d\u1eabn s\u1eed d\u1ee5ng:\u00a0<\/strong><\/p>\n<ul dir=\"ltr\">\n<li>D\u00f9ng \u0111\u1ec3 n\u00eam n\u1ebfm c\u00e1c m\u00f3n s\u00fap, canh,.. thay th\u1ebf cho b\u1ed9t ng\u1ecdt ho\u1eb7c c\u00e1c b\u1ed9t n\u00eam th\u00f4ng th\u01b0\u1eddng. Chay m\u1eb7n \u0111\u1ec1u d\u00f9ng \u0111\u01b0\u1ee3c.<\/li>\n<li><strong>Xu\u1ea5t x\u1ee9:<\/strong>\u00a0Nh\u1eadt B\u1ea3n.<\/li>\n<\/ul>\n<\/div>\n<p><img decoding=\"async\" class=\"aligncenter\" src=\"https:\/\/havamall.vn\/wp-content\/uploads\/2025\/03\/category-header-39-dashi-and-bonito-stockw1140ampsmcampfmtauto.jpg\" alt=\"Japanese Dashi And Bonito Stock - Japan Centre\" width=\"680\" height=\"453\" \/><\/p>\n<div dir=\"auto\">\n<p><strong>Th\u00e0nh ph\u1ea7n<\/strong>: Mu\u1ed1i, b\u1ed9t rong bi\u1ec3n kh\u00f4, \u0111\u01b0\u1eddng chi\u1ebft xu\u1ea5t rong bi\u1ec3n.<\/p>\n<p><strong>H\u01b0\u1edbng d\u1eabn s\u1eed d\u1ee5ng:<\/strong>\u00a0S\u1ea3n ph\u1ea9m \u0111\u01b0\u1ee3c d\u00f9ng l\u00e0m gia v\u1ecb cho c\u00e1c m\u00f3n \u0103n nh\u01b0 s\u00fap, l\u1ea9u, m\u00ec, d\u01b0a mu\u1ed1i, c\u01a1m sushi,\u2026<\/p>\n<p><strong>B\u1ea3o qu\u1ea3n:<\/strong>\u00a0\u1ede nhi\u1ec7t \u0111\u1ed9 ph\u00f2ng, tr\u00e1nh \u00e1nh n\u1eafng tr\u1ef1c ti\u1ebfp t\u1eeb m\u1eb7t tr\u1eddi, nhi\u1ec7t \u0111\u1ed9 cao v\u00e0 n\u01a1i \u1ea9m \u01b0\u1edbt. Sau khi m\u1edf t\u00fai, vui l\u00f2ng b\u1ea3o qu\u1ea3n trong ng\u0103n m\u00e1t t\u1ee7 l\u1ea1nh v\u00e0 s\u1eed d\u1ee5ng c\u00e0ng s\u1edbm c\u00e0ng t\u1ed1t.<\/p>\n<\/div>\n<\/div>","protected":false},"excerpt":{"rendered":"<p>TH\u00d4NG TIN CHUNG Th\u01b0\u01a1ng hi\u1ec7u Shimaya Xu\u1ea5t x\u1ee9 th\u01b0\u01a1ng hi\u1ec7u Nh\u1eadt B\u1ea3n H\u1ea1n s\u1eed d\u1ee5ng 18 th\u00e1ng k\u1ec3 t\u1eeb ng\u00e0y<\/p>","protected":false},"featured_media":34584,"comment_status":"open","ping_status":"closed","template":"","meta":[],"product_brand":[],"product_cat":[595,675,256,36],"product_tag":[],"class_list":{"0":"post-34582","1":"product","2":"type-product","3":"status-publish","4":"has-post-thumbnail","6":"product_cat-gia-vi-va-che-bien","7":"product_cat-nhap-khau-nhat-ban","8":"product_cat-thuc-pham-huu-co","9":"product_cat-thuc-pham-tieu-dung","11":"first","12":"instock","13":"sale","14":"shipping-taxable","15":"purchasable","16":"product-type-simple"},"_links":{"self":[{"href":"https:\/\/havamall.vn\/en\/wp-json\/wp\/v2\/product\/34582"}],"collection":[{"href":"https:\/\/havamall.vn\/en\/wp-json\/wp\/v2\/product"}],"about":[{"href":"https:\/\/havamall.vn\/en\/wp-json\/wp\/v2\/types\/product"}],"replies":[{"embeddable":true,"href":"https:\/\/havamall.vn\/en\/wp-json\/wp\/v2\/comments?post=34582"}],"version-history":[{"count":0,"href":"https:\/\/havamall.vn\/en\/wp-json\/wp\/v2\/product\/34582\/revisions"}],"wp:featuredmedia":[{"embeddable":true,"href":"https:\/\/havamall.vn\/en\/wp-json\/wp\/v2\/media\/34584"}],"wp:attachment":[{"href":"https:\/\/havamall.vn\/en\/wp-json\/wp\/v2\/media?parent=34582"}],"wp:term":[{"taxonomy":"product_brand","embeddable":true,"href":"https:\/\/havamall.vn\/en\/wp-json\/wp\/v2\/product_brand?post=34582"},{"taxonomy":"product_cat","embeddable":true,"href":"https:\/\/havamall.vn\/en\/wp-json\/wp\/v2\/product_cat?post=34582"},{"taxonomy":"product_tag","embeddable":true,"href":"https:\/\/havamall.vn\/en\/wp-json\/wp\/v2\/product_tag?post=34582"}],"curies":[{"name":"wp","href":"https:\/\/api.w.org\/{rel}","templated":true}]}}