{"id":34573,"date":"2024-05-24T15:23:18","date_gmt":"2024-05-24T08:23:18","guid":{"rendered":"https:\/\/havamall.vn\/?post_type=product&#038;p=34573"},"modified":"2025-03-20T11:34:55","modified_gmt":"2025-03-20T04:34:55","slug":"sot-teriyaki-yamamori-200ml","status":"publish","type":"product","link":"https:\/\/havamall.vn\/en\/shop\/sot-teriyaki-yamamori-200ml\/","title":{"rendered":"S\u1ed1t Teriyaki Yamamori 200ml"},"content":{"rendered":"<h2><strong>TH\u00d4NG TIN CHUNG<\/strong><\/h2>\n<div dir=\"auto\">\n<div dir=\"auto\">\n<table>\n<tbody>\n<tr>\n<td>Th\u01b0\u01a1ng hi\u1ec7u<\/td>\n<td>Yamamori<\/td>\n<\/tr>\n<tr>\n<td>Xu\u1ea5t x\u1ee9 th\u01b0\u01a1ng hi\u1ec7u<\/td>\n<td>Nh\u1eadt B\u1ea3n<\/td>\n<\/tr>\n<tr>\n<td>H\u1ea1n s\u1eed d\u1ee5ng<\/td>\n<td>12 th\u00e1ng k\u1ec3 t\u1eeb ng\u00e0y s\u1ea3n xu\u1ea5t<\/td>\n<\/tr>\n<tr>\n<td>H\u01b0\u1edbng d\u1eabn b\u1ea3o qu\u1ea3n<\/td>\n<td>B\u1ea3o qu\u1ea3n nhi\u1ec7t \u0111\u1ed9 ph\u00f2ng<\/td>\n<\/tr>\n<tr>\n<td>H\u01b0\u1edbng d\u1eabn s\u1eed d\u1ee5ng<\/td>\n<td>D\u00f9ng \u0111\u1ec3 n\u1ea5u \u0103n<\/td>\n<\/tr>\n<tr>\n<td>Xu\u1ea5t x\u1ee9<\/td>\n<td>Nh\u1eadt B\u1ea3n<\/td>\n<\/tr>\n<tr>\n<td>Tr\u1ecdng l\u01b0\u1ee3ng s\u1ea3n ph\u1ea9m<\/td>\n<td>200ml<\/td>\n<\/tr>\n<tr>\n<td>Quy c\u00e1ch \u0111\u00f3ng g\u00f3i<\/td>\n<td>Chai nh\u1ef1a<\/td>\n<\/tr>\n<tr>\n<td>Th\u00e0nh ph\u1ea7n<\/td>\n<td>Xem tr\u00ean bao b\u00ec<\/td>\n<\/tr>\n<\/tbody>\n<\/table>\n<p>N\u01b0\u1edbc s\u1ed1t Teriyaki l\u00e0 m\u1ed9t ph\u01b0\u01a1ng ph\u00e1p ch\u1ebf bi\u1ebfn \u0111\u01b0\u1ee3c s\u1eed d\u1ee5ng trong \u1ea9m th\u1ef1c Nh\u1eadt B\u1ea3n, theo \u0111\u00f3 th\u1ee9c \u0103n \u0111\u01b0\u1ee3c hun ho\u1eb7c n\u01b0\u1edbng trong khi \u0111\u01b0\u1ee3c ph\u1ebft n\u01b0\u1edbc s\u1ed1t v\u1edbi th\u00e0nh ph\u1ea7n ch\u1ee7 y\u1ebfu l\u00e0 x\u00ec d\u1ea7u, mirin v\u00e0 \u0111\u01b0\u1eddng. V\u1edbi ph\u01b0\u01a1ng ph\u00e1p n\u00e0y, t\u1ea1i Nh\u1eadt B\u1ea3n ng\u01b0\u1eddi ta ch\u1ee7 y\u1ebfu \u0111\u1ec3 l\u00e0m n\u01b0\u1edbc s\u1ed1t \u01b0\u1edbp c\u00e1 n\u01b0\u1edbng: c\u00e1 thu, c\u00e1 h\u1ed3i, c\u00e1 maclin, c\u00e1 ng\u1eeb skipjack, trong khi \u1edf ph\u01b0\u01a1ng T\u00e2y ng\u01b0\u1eddi ta d\u00f9ng l\u00e0m n\u01b0\u1edbc s\u1ed1t n\u01b0\u1edbng nh\u01b0 th\u1ecbt g\u00e0, l\u1ee3n, b\u00f2, c\u1eebu. C\u00e1c nguy\u00ean li\u1ec7u kh\u00e1c nh\u01b0 th\u1ecbt b\u00f2 b\u0103m, th\u1ecbt vi\u00ean, m\u1ef1c \u1ed1ng \u0111\u00f4i khi c\u0169ng \u0111\u01b0\u1ee3c s\u1eed d\u1ee5ng \u1edf Nh\u1eadt.<\/p>\n<p>T\u1eeb teriyaki b\u1eaft ngu\u1ed3n t\u1eeb danh t\u1eeb teri c\u00f3 ngh\u0129a l\u00e0 s\u1ef1 t\u1ecfa s\u00e1ng \u2013 n\u00f3i \u0111\u1ebfn n\u01b0\u1edbc b\u00f3ng tr\u00ean m\u00f3n \u0103n, v\u00e0 yaki c\u00f3 ngh\u0129a l\u00e0 n\u01b0\u1edbng. Theo truy\u1ec1n th\u1ed1ng, mi\u1ebfng th\u1ecbt \u0111\u01b0\u1ee3c nh\u00fang ho\u1eb7c ph\u1ebft v\u1edbi n\u01b0\u1edbc s\u1ed1t v\u00e0i l\u1ea7n trong khi \u0111ang ch\u1ebf bi\u1ebfn. T\u1ea1i B\u1eafc M\u1ef9, b\u1ea5t k\u00ec m\u00f3n \u0103n n\u00e0o c\u0169ng \u0111\u1ec1u l\u00e0m v\u1edbi s\u1ed1t gi\u1ed1ng s\u1ed1t teriyaki, ho\u1eb7c v\u1edbi c\u00e1c th\u00e0nh ph\u1ea7n b\u1ed5 sung nh\u01b0 m\u00e8 hay t\u1ecfi (kh\u00f4ng ph\u1ed5 bi\u1ebfn trong \u1ea9m th\u1ef1c truy\u1ec1n th\u1ed1ng c\u1ee7a Nh\u1eadt B\u1ea3n), \u0111\u01b0\u1ee3c m\u00f4 t\u1ea3 nh\u01b0\u00a0 n\u01b0\u1edbc s\u1ed1t Teriyaki. N\u01b0\u1edbc \u00e9p d\u1ee9a \u0111\u00f4i khi c\u0169ng \u0111\u01b0\u1ee3c d\u00f9ng v\u00ec n\u00f3 kh\u00f4ng ch\u1ec9 cung c\u1ea5p v\u1ecb ng\u1ecdt m\u00e0 c\u00f2n cung c\u1ea5p enzim bromelain gi\u00fap l\u00e0m m\u1ec1m th\u1ecbt.<\/p>\n<p><img decoding=\"async\" class=\"aligncenter\" src=\"https:\/\/havamall.vn\/wp-content\/uploads\/2025\/03\/055169cd-e867-496f-98d0-4e8124e569b6.jpg\" alt=\"Jual Yamamori Teriyaki Sauce 500ml- Bumbu Saus Teriyaki Yamamori - Jakarta Utara - Alora Essential | Tokopedia\" \/><\/p>\n<p>\u0110\u1ec3 t\u1ea1o n\u00ean lo\u1ea1i x\u1ed1t \u0111\u1eb7c bi\u1ec7t n\u00e0y b\u1ea1n c\u1ea7n ph\u1ea3i chu\u1ea9n b\u1ecb v\u00e0 ch\u1ecdn nguy\u00ean li\u1ec7u kh\u00e1 k\u0129 c\u00e0ng t\u1eeb n\u01b0\u1edbc t\u01b0\u01a1ng, r\u01b0\u1ee3u n\u1ea5u \u0103n mirin, r\u01b0\u1ee3u sake,&#8230;\u0111\u1ebfn c\u00e1ch l\u00e0m, nh\u01b0ng c\u00f4ng vi\u1ec7c b\u1eadn r\u1ed9n khi\u1ebfn b\u1ea1n kh\u00f4ng c\u00f3 th\u1eddi gian t\u1ef1 n\u1ea5u ho\u1eb7c c\u00f2n e ng\u1ea1i v\u1ec1 kh\u1ea3 n\u0103ng b\u1ebfp n\u00fac c\u1ee7a m\u00ecnh. V\u1eady th\u00ec h\u00e3y ch\u1ecdn ngay chai\u00a0<strong>S\u1ed1t Teriyaki Yamamori 200ml<\/strong><\/p>\n<p>X\u1ed1t \u0111\u01b0\u1ee3c l\u00e0m theo c\u00f4ng th\u1ee9c chu\u1ea9n h\u01b0\u01a1ng v\u1ecb Nh\u1eadt, c\u00f3 m\u00e0u \u0111en \u0111\u1eadm \u0111\u1eb7c v\u00e0 v\u1ecb m\u1eb7n ng\u1ecdt r\u1ea5t \u0111\u1eb7c tr\u01b0ng. Ch\u1ec9 c\u1ea7n cho m\u1ed9t \u00edt v\u00e0o khi n\u1ea5u l\u00e0 b\u1ea1n s\u1ebd d\u1ec5 d\u00e0ng c\u00f3 ngay m\u1ed9t m\u00f3n \u0103n \u0111\u1ea7y h\u1ea5p d\u1eabn kh\u00f4ng kh\u00e1c g\u00ec ngo\u00e0i ti\u1ec7m.<\/p>\n<p>Ti\u1ec7n l\u1ee3i h\u01a1n n\u1eefa l\u00e0 v\u1eeba c\u00f3 th\u1ec3 \u0111\u1ea3m b\u1ea3o \u0111\u01b0\u1ee3c an to\u00e0n v\u1ec7 sinh th\u1ef1c ph\u1ea9m v\u1eeba c\u00f3 th\u1ec3 ch\u1ebf bi\u1ebfn m\u00f3n \u0103n theo \u00fd th\u00edch c\u1ee7a m\u00ecnh.<\/p>\n<p><img fetchpriority=\"high\" decoding=\"async\" class=\"aligncenter\" src=\"https:\/\/havamall.vn\/wp-content\/uploads\/2025\/03\/5ff9250f335d8dc40e9bff198c4dba07.png\" alt=\"S\u1ed1t Teriyaki Yamamori 200ML | Chuy\u00ean d\u00f9ng \u01b0\u1edbp th\u1ecbt c\u00e1 | Lazada.vn\" width=\"675\" height=\"675\" \/><\/p>\n<p><strong>Xu\u1ea5t x\u1ee9:\u00a0<\/strong>Th\u00e1i Lan<\/p>\n<p><strong>Th\u00e0nh ph\u1ea7n:<\/strong>\u00a0N\u01b0\u1edbc t\u01b0\u01a1ng 35%, xi-r\u00f4 fructose 18%, \u0111\u01b0\u1eddng 18%, r\u01b0\u1ee3u ng\u1ecdt n\u1ea5u t\u1eeb g\u1ea1o 5%, gi\u1ea5m ch\u01b0ng c\u1ea5t 2%, Monosodium Lglutamate (E621), Disodium 5&#8242;-ribonucleotide (E635), m\u00e0u caramel (15a)<\/p>\n<p><strong>\u0110\u00f3ng g\u00f3i:<\/strong>\u00a0200ml\/chai<\/p>\n<p><strong>B\u1ea3o qu\u1ea3n:<\/strong>\u00a0N\u01a1i kh\u00f4 r\u00e1o, tho\u00e1ng m\u00e1t v\u00e0 tr\u00e1nh \u00e1nh n\u1eafng m\u1eb7t tr\u1eddi. B\u1ea3o qu\u1ea3n l\u1ea1nh sau khi m\u1edf n\u1eafp.<\/p>\n<p><strong>H\u01b0\u1edbng d\u1eabn s\u1eed d\u1ee5ng:<\/strong>\u00a0V\u1ecb ng\u1ecdt thanh d\u00f9ng cho c\u00e1c m\u00f3n th\u1ecbt chi\u00ean v\u00e0 c\u00e1 chi\u00ean. Sau khi chi\u00ean\/th\u1ecbt c\u00e1 xong cho m\u1ed9t \u00edt n\u01b0\u1edbc x\u1ed1t v\u00e0o n\u1ea5u cho \u0111\u1ebfn khi s\u00e1nh l\u1ea1i.<\/p>\n<\/div>\n<\/div>","protected":false},"excerpt":{"rendered":"<p>TH\u00d4NG TIN CHUNG Th\u01b0\u01a1ng hi\u1ec7u Yamamori Xu\u1ea5t x\u1ee9 th\u01b0\u01a1ng hi\u1ec7u Nh\u1eadt B\u1ea3n H\u1ea1n s\u1eed d\u1ee5ng 12 th\u00e1ng k\u1ec3 t\u1eeb ng\u00e0y<\/p>","protected":false},"featured_media":34575,"comment_status":"open","ping_status":"closed","template":"","meta":[],"product_brand":[],"product_cat":[595,675,36],"product_tag":[],"class_list":{"0":"post-34573","1":"product","2":"type-product","3":"status-publish","4":"has-post-thumbnail","6":"product_cat-gia-vi-va-che-bien","7":"product_cat-nhap-khau-nhat-ban","8":"product_cat-thuc-pham-tieu-dung","10":"first","11":"instock","12":"sale","13":"shipping-taxable","14":"purchasable","15":"product-type-simple"},"_links":{"self":[{"href":"https:\/\/havamall.vn\/en\/wp-json\/wp\/v2\/product\/34573"}],"collection":[{"href":"https:\/\/havamall.vn\/en\/wp-json\/wp\/v2\/product"}],"about":[{"href":"https:\/\/havamall.vn\/en\/wp-json\/wp\/v2\/types\/product"}],"replies":[{"embeddable":true,"href":"https:\/\/havamall.vn\/en\/wp-json\/wp\/v2\/comments?post=34573"}],"version-history":[{"count":0,"href":"https:\/\/havamall.vn\/en\/wp-json\/wp\/v2\/product\/34573\/revisions"}],"wp:featuredmedia":[{"embeddable":true,"href":"https:\/\/havamall.vn\/en\/wp-json\/wp\/v2\/media\/34575"}],"wp:attachment":[{"href":"https:\/\/havamall.vn\/en\/wp-json\/wp\/v2\/media?parent=34573"}],"wp:term":[{"taxonomy":"product_brand","embeddable":true,"href":"https:\/\/havamall.vn\/en\/wp-json\/wp\/v2\/product_brand?post=34573"},{"taxonomy":"product_cat","embeddable":true,"href":"https:\/\/havamall.vn\/en\/wp-json\/wp\/v2\/product_cat?post=34573"},{"taxonomy":"product_tag","embeddable":true,"href":"https:\/\/havamall.vn\/en\/wp-json\/wp\/v2\/product_tag?post=34573"}],"curies":[{"name":"wp","href":"https:\/\/api.w.org\/{rel}","templated":true}]}}