{"id":34570,"date":"2024-05-24T15:10:55","date_gmt":"2024-05-24T08:10:55","guid":{"rendered":"https:\/\/havamall.vn\/?post_type=product&#038;p=34570"},"modified":"2025-03-20T11:31:59","modified_gmt":"2025-03-20T04:31:59","slug":"nuoc-sot-chuyen-lam-takoyaki-yamamori-200ml-nhap-khau-nhat-ban","status":"publish","type":"product","link":"https:\/\/havamall.vn\/en\/shop\/nuoc-sot-chuyen-lam-takoyaki-yamamori-200ml-nhap-khau-nhat-ban\/","title":{"rendered":"N\u01b0\u1edbc S\u1ed1t Chuy\u00ean L\u00e0m Takoyaki Yamamori 200ml Nh\u1eadp Kh\u1ea9u Nh\u1eadt B\u1ea3n"},"content":{"rendered":"<h2><strong>TH\u00d4NG TIN CHUNG<\/strong><\/h2>\n<div dir=\"auto\">\n<div dir=\"auto\">\n<table>\n<tbody>\n<tr>\n<td>Th\u01b0\u01a1ng hi\u1ec7u<\/td>\n<td>Yamamori<\/td>\n<\/tr>\n<tr>\n<td>Xu\u1ea5t x\u1ee9 th\u01b0\u01a1ng hi\u1ec7u<\/td>\n<td>Nh\u1eadt B\u1ea3n<\/td>\n<\/tr>\n<tr>\n<td>H\u1ea1n s\u1eed d\u1ee5ng<\/td>\n<td>12 th\u00e1ng k\u1ec3 t\u1eeb ng\u00e0y s\u1ea3n xu\u1ea5t<\/td>\n<\/tr>\n<tr>\n<td>H\u01b0\u1edbng d\u1eabn b\u1ea3o qu\u1ea3n<\/td>\n<td>B\u1ea3o qu\u1ea3n nhi\u1ec7t \u0111\u1ed9 ph\u00f2ng<\/td>\n<\/tr>\n<tr>\n<td>H\u01b0\u1edbng d\u1eabn s\u1eed d\u1ee5ng<\/td>\n<td>D\u00f9ng \u0111\u1ec3 n\u1ea5u \u0103n<\/td>\n<\/tr>\n<tr>\n<td>Xu\u1ea5t x\u1ee9<\/td>\n<td>Nh\u1eadt B\u1ea3n<\/td>\n<\/tr>\n<tr>\n<td>Tr\u1ecdng l\u01b0\u1ee3ng s\u1ea3n ph\u1ea9m<\/td>\n<td>200ml<\/td>\n<\/tr>\n<tr>\n<td>Quy c\u00e1ch \u0111\u00f3ng g\u00f3i<\/td>\n<td>Chai nh\u1ef1a<\/td>\n<\/tr>\n<tr>\n<td>Th\u00e0nh ph\u1ea7n<\/td>\n<td>Xem tr\u00ean bao b\u00ec<\/td>\n<\/tr>\n<\/tbody>\n<\/table>\n<p><strong>Takoyaki<\/strong>\u00a0m\u00f3n \u0103n \u0111\u01b0\u1eddng ph\u1ed1 tr\u1ee9 danh c\u1ee7a Nh\u1eadt B\u1ea3n, kh\u00f4ng ch\u1ec9 h\u1ea5p d\u1eabn b\u1edfi nh\u00e2n b\u1ea1ch tu\u1ed9c th\u01a1m ngon m\u00e0 c\u00f2n ch\u00ednh l\u00e0 s\u1ef1 h\u00f2a quy\u1ec7n ho\u00e0n h\u1ea3o c\u1ee7a b\u1ed9t v\u00e0\u00a0<strong>n\u01b0\u1edbc s\u1ed1t takoyaki<\/strong>. Trong b\u00e0i vi\u1ebft n\u00e0y, ch\u00fang ta s\u1ebd t\u00ecm hi\u1ec3u v\u1ec1 t\u1ea7m quan tr\u1ecdng c\u1ee7a n\u01b0\u1edbc s\u1ed1t takoyaki v\u00e0 c\u00e1ch n\u00f3 t\u1ea1o n\u00ean h\u01b0\u01a1ng v\u1ecb \u0111\u1ed9c \u0111\u00e1o cho m\u00f3n \u0103n n\u00e0y.<\/p>\n<p><em><strong>S\u1ed1t Takoyaki<\/strong><\/em>\u00a0kh\u00f4ng ch\u1ec9 \u0111\u01a1n thu\u1ea7n l\u00e0 m\u1ed9t ph\u1ea7n c\u1ee7a m\u00f3n b\u00e1nh takoyaki, m\u00e0 n\u00f3 c\u00f2n ch\u1ee9a \u0111\u1ef1ng trong m\u00ecnh nh\u1eefng gi\u00e1 tr\u1ecb v\u0103n h\u00f3a v\u00e0 \u1ea9m th\u1ef1c c\u1ee7a Nh\u1eadt B\u1ea3n. Ban \u0111\u1ea7u,\u00a0<strong>s\u1ed1t Takoyaki<\/strong>\u00a0ch\u1ec9 \u0111\u01b0\u1ee3c s\u1eed d\u1ee5ng \u0111\u1ec3 b\u1ed5 sung h\u01b0\u01a1ng v\u1ecb\u00a0cho b\u00e1nh Takoyaki\u00a0nh\u01b0ng d\u1ea7n \u0111\u00e0 n\u00f3\u00a0tr\u1edf th\u00e0nh m\u1ed9t ph\u1ea7n kh\u00f4ng th\u1ec3 thi\u1ebfu v\u00e0\u00a0l\u00e0 nguy\u00ean li\u1ec7u c\u1ed1t l\u00f5i t\u1ea1o n\u00ean h\u01b0\u01a1ng v\u1ecb \u0111\u1ed9c \u0111\u00e1o cho m\u00f3n b\u00e1nh Takoyaki Nh\u1eadt B\u1ea3n.<\/p>\n<p style=\"text-align: center\"><img decoding=\"async\" class=\"aligncenter\" src=\"https:\/\/havamall.vn\/wp-content\/uploads\/2025\/03\/vn-11134207-7qukw-lkatetyxzcmg16.jpg\" alt=\"N\u01b0\u1edbc S\u1ed1t Takoyaki 200ml - Gia v\u1ecb d\u1ea1ng b\u1ed9t | VinMart.co\" \/><\/p>\n<p>H\u1ecdc ngay\u00a0c\u00e1ch l\u00e0m takoyaki\u00a0c\u1ef1c \u0111\u01a1n gi\u1ea3n v\u1edbi chai\u00a0<strong>S\u1ed1t Takoyaki Yamamori 200ml<\/strong><\/p>\n<p>X\u1ed1t l\u00e0 s\u1ef1 k\u1ebft h\u1ee3p h\u00e0i h\u00f2a c\u1ee7a nhi\u1ec1u gia v\u1ecb nh\u01b0 n\u01b0\u1edbc t\u01b0\u01a1ng, c\u00e0 chua, gi\u1ea5m, \u0111\u01b0\u1eddng, g\u1eebng,..mang \u0111\u1ebfn m\u1ed9t v\u1ecb th\u01a1m m\u1eb1n m\u1eb7n v\u00e0 chua ng\u1ecdt \u0111\u1eb7c tr\u01b0ng r\u1ea5t h\u1ea5p d\u1eabn.<\/p>\n<p>Ngo\u00e0i l\u00e0m b\u00e1nh takoyaki, x\u1ed1t c\u0169ng c\u00f3 th\u1ec3 d\u00f9ng \u0111\u1ec3 ch\u1ebf bi\u1ebfn nhi\u1ec1u m\u00f3n \u0103n n\u1ed5i ti\u1ebfng kh\u00e1c nh\u01b0 b\u00e1nh x\u00e8o Nh\u1eadt B\u1ea3n (Okonomiyaki), hamburger ho\u1eb7c l\u00e0m gia v\u1ecb \u0111\u1ec3 ch\u1ebf bi\u1ebfn m\u00f3n m\u00ec Yakisoba.<\/p>\n<p>S\u1ea3n ph\u1ea9m \u0111\u00f3ng chai nh\u1ecf g\u1ecdn, d\u1ec5 d\u00e0ng s\u1eed d\u1ee5ng v\u00e0 b\u1ea3o qu\u1ea3n.<\/p>\n<p><strong>Th\u00e0nh ph\u1ea7n:<\/strong>\u00a0Xi-r\u00f4 Fructose 23.4%, h\u00e0nh t\u00e2y 15%, \u0111\u01b0\u1eddng 12%, x\u1ed1t c\u00e0 chua 9.7%, gi\u1ea5m ch\u01b0ng c\u1ea5t 8.7%, mu\u1ed1i 4.1%, xo\u00e0i xay 4%, n\u01b0\u1edbc t\u01b0\u01a1ng 3%, n\u01b0\u1edbc m\u1eafm 2%, n\u01b0\u1edbc \u00e9p g\u1eebng 1%, gia v\u1ecb 0.3%<\/p>\n<p><strong>\u0110\u00f3ng g\u00f3i:<\/strong>\u00a0200ml\/chai<\/p>\n<p><strong>B\u1ea3o qu\u1ea3n:<\/strong>\u00a0N\u01a1i kh\u00f4 r\u00e1o, tho\u00e1ng m\u00e1t v\u00e0 tr\u00e1nh \u00e1nh n\u1eafng m\u1eb7t tr\u1eddi.<\/p>\n<h5><img fetchpriority=\"high\" decoding=\"async\" class=\"aligncenter\" src=\"https:\/\/havamall.vn\/wp-content\/uploads\/2025\/03\/Takoyaki-1-1200-1.jpg\" alt=\"Takoyaki - \u305f\u3053\u713c\u304d (Octopus Balls) | Pickled Plum\" width=\"763\" height=\"1145\" \/><\/h5>\n<h5><strong>H\u01b0\u1edbng d\u1eabn s\u1eed d\u1ee5ng s\u1ed1t Takoyaki 200ml<\/strong><\/h5>\n<p>Kh\u00f4ng ch\u1ec9 gi\u1edbi h\u1ea1n trong vi\u1ec7c r\u00f3t l\u00ean b\u00e1nh takoyaki, n\u01b0\u1edbc s\u1ed1t takoyaki c\u00f2n c\u00f3 th\u1ec3 \u0111\u01b0\u1ee3c \u1ee9ng d\u1ee5ng s\u00e1ng t\u1ea1o trong nhi\u1ec1u m\u00f3n \u0103n kh\u00e1c nh\u01b0:<strong>\u00a0Croquette, Hamburger, m\u00ec x\u00e0o Yakisoba, b\u00e1nh x\u00e8o Nh\u1eadt Okonomiyaki<\/strong>. S\u1ef1 \u0111a d\u1ea1ng c\u1ee7a n\u01b0\u1edbc s\u1ed1t takoyaki khi\u1ebfn n\u00f3 tr\u1edf th\u00e0nh m\u1ed9t nguy\u00ean li\u1ec7u \u1ea9m th\u1ef1c qu\u00fd b\u00e1u trong n\u1ec1n \u1ea9m th\u1ef1c Nh\u1eadt B\u1ea3n.<\/p>\n<p><strong>H\u1ea1n s\u1eed d\u1ee5ng:<\/strong>\u00a024 th\u00e1ng\u00a0k\u1ec3 t\u1eeb ng\u00e0y s\u1ea3n xu\u1ea5t in tr\u00ean bao b\u00ec s\u1ea3n ph\u1ea9m<\/p>\n<h4><strong>Mua S\u1ed1t Takoyaki \u1edf \u0111\u00e2u?<\/strong><\/h4>\n<p>Havamall \u0111\u1eb7c bi\u1ec7t chuy\u00ean cung c\u1ea5p n\u01b0\u1edbc x\u1ed1t Takoyaki ch\u00ednh h\u00e3ng v\u1edbi m\u1ee9c gi\u00e1 t\u1ed1t nh\u1ea5t tr\u00ean th\u1ecb tr\u01b0\u1eddng v\u00e0 cam k\u1ebft mang \u0111\u1ebfn s\u1ef1 h\u00e0i l\u00f2ng cho kh\u00e1ch h\u00e0ng.<br \/>\nCam k\u1ebft kinh doanh c\u1ee7a JAPANU:<\/p>\n<ul>\n<li>H\u00e0ng ch\u00ednh h\u00e3ng 100%, \u0111\u1ea3m b\u1ea3o ch\u1ea5t l\u01b0\u1ee3ng t\u1ed1t nh\u1ea5t cho ng\u01b0\u1eddi ti\u00eau d\u00f9ng.<\/li>\n<li>Ho\u00e0n ti\u1ec1n 200% n\u1ebfu ph\u00e1t hi\u1ec7n h\u00e0ng gi\u1ea3 ho\u1eb7c kh\u00f4ng \u0111\u1ea1t ch\u1ea5t l\u01b0\u1ee3ng y\u00eau c\u1ea7u.<\/li>\n<li>Mi\u1ec5n ph\u00ed giao h\u00e0ng trong n\u1ed9i th\u00e0nh H\u1ed3 Ch\u00ed Minh v\u1edbi \u0111\u01a1n h\u00e0ng t\u1eeb 500K.<\/li>\n<\/ul>\n<p style=\"text-align: center\"><img decoding=\"async\" class=\"aligncenter\" src=\"https:\/\/adamliaw.com\/_next\/image?url=https%3A%2F%2Fapp.adamliaw.com%2Fapp%2Fuploads%2F2022%2F12%2FCheeseburger-Takoyaki-Web-1-of-1.jpg&amp;w=2048&amp;q=75\" alt=\"Adam Liaw\" width=\"716\" height=\"895\" \/><\/p>\n<\/div>\n<\/div>","protected":false},"excerpt":{"rendered":"<p>TH\u00d4NG TIN CHUNG Th\u01b0\u01a1ng hi\u1ec7u Yamamori Xu\u1ea5t x\u1ee9 th\u01b0\u01a1ng hi\u1ec7u Nh\u1eadt B\u1ea3n H\u1ea1n s\u1eed d\u1ee5ng 12 th\u00e1ng k\u1ec3 t\u1eeb ng\u00e0y<\/p>","protected":false},"featured_media":34571,"comment_status":"open","ping_status":"closed","template":"","meta":[],"product_brand":[],"product_cat":[595,675,36],"product_tag":[],"class_list":{"0":"post-34570","1":"product","2":"type-product","3":"status-publish","4":"has-post-thumbnail","6":"product_cat-gia-vi-va-che-bien","7":"product_cat-nhap-khau-nhat-ban","8":"product_cat-thuc-pham-tieu-dung","10":"first","11":"instock","12":"sale","13":"shipping-taxable","14":"purchasable","15":"product-type-simple"},"_links":{"self":[{"href":"https:\/\/havamall.vn\/en\/wp-json\/wp\/v2\/product\/34570"}],"collection":[{"href":"https:\/\/havamall.vn\/en\/wp-json\/wp\/v2\/product"}],"about":[{"href":"https:\/\/havamall.vn\/en\/wp-json\/wp\/v2\/types\/product"}],"replies":[{"embeddable":true,"href":"https:\/\/havamall.vn\/en\/wp-json\/wp\/v2\/comments?post=34570"}],"version-history":[{"count":0,"href":"https:\/\/havamall.vn\/en\/wp-json\/wp\/v2\/product\/34570\/revisions"}],"wp:featuredmedia":[{"embeddable":true,"href":"https:\/\/havamall.vn\/en\/wp-json\/wp\/v2\/media\/34571"}],"wp:attachment":[{"href":"https:\/\/havamall.vn\/en\/wp-json\/wp\/v2\/media?parent=34570"}],"wp:term":[{"taxonomy":"product_brand","embeddable":true,"href":"https:\/\/havamall.vn\/en\/wp-json\/wp\/v2\/product_brand?post=34570"},{"taxonomy":"product_cat","embeddable":true,"href":"https:\/\/havamall.vn\/en\/wp-json\/wp\/v2\/product_cat?post=34570"},{"taxonomy":"product_tag","embeddable":true,"href":"https:\/\/havamall.vn\/en\/wp-json\/wp\/v2\/product_tag?post=34570"}],"curies":[{"name":"wp","href":"https:\/\/api.w.org\/{rel}","templated":true}]}}