{"id":34564,"date":"2024-05-23T13:58:05","date_gmt":"2024-05-23T06:58:05","guid":{"rendered":"https:\/\/havamall.vn\/?post_type=product&#038;p=34564"},"modified":"2025-11-19T09:48:05","modified_gmt":"2025-11-19T02:48:05","slug":"cua-lot-nguyen-con-dong-lanh-size-lon-100g-frozen-soft-shell-crab-havafoodies-1-con","status":"publish","type":"product","link":"https:\/\/havamall.vn\/en\/shop\/cua-lot-nguyen-con-dong-lanh-size-lon-100g-frozen-soft-shell-crab-havafoodies-1-con\/","title":{"rendered":"Cua L\u1ed9t Nguy\u00ean Con \u0110\u00f4ng L\u1ea1nh Size L\u1edbn ~100g &#8211; Frozen Soft Shell Crab Havafoodies (1 con)"},"content":{"rendered":"<h2><strong>TH\u00d4NG TIN CHUNG<\/strong><\/h2>\n<div dir=\"auto\">\n<div dir=\"auto\">\n<table>\n<tbody>\n<tr>\n<td>Th\u01b0\u01a1ng hi\u1ec7u<\/td>\n<td>Ocean Master<\/td>\n<\/tr>\n<tr>\n<td>Xu\u1ea5t x\u1ee9 th\u01b0\u01a1ng hi\u1ec7u<\/td>\n<td>Nh\u1eadt B\u1ea3n<\/td>\n<\/tr>\n<tr>\n<td>H\u1ea1n s\u1eed d\u1ee5ng<\/td>\n<td>12 th\u00e1ng k\u1ec3 t\u1eeb ng\u00e0y s\u1ea3n xu\u1ea5t<\/td>\n<\/tr>\n<tr>\n<td>H\u01b0\u1edbng d\u1eabn b\u1ea3o qu\u1ea3n<\/td>\n<td>B\u1ea3o qu\u1ea3n nhi\u1ec7t \u0111\u1ed9 \u0111\u00f4ng l\u1ea1nh<\/td>\n<\/tr>\n<tr>\n<td>H\u01b0\u1edbng d\u1eabn s\u1eed d\u1ee5ng<\/td>\n<td>D\u00f9ng \u0111\u1ec3 n\u1ea5u \u0103n<\/td>\n<\/tr>\n<tr>\n<td>Xu\u1ea5t x\u1ee9<\/td>\n<td>Myanmar<\/td>\n<\/tr>\n<tr>\n<td>Tr\u1ecdng l\u01b0\u1ee3ng s\u1ea3n ph\u1ea9m<\/td>\n<td>25g<\/td>\n<\/tr>\n<tr>\n<td>Quy c\u00e1ch \u0111\u00f3ng g\u00f3i<\/td>\n<td>T\u00fai nh\u1ef1a<\/td>\n<\/tr>\n<tr>\n<td>Th\u00e0nh ph\u1ea7n<\/td>\n<td>Cua l\u1ed9t nguy\u00ean con<\/td>\n<\/tr>\n<\/tbody>\n<\/table>\n<p><strong>Cua l\u1ed9t<\/strong>\u00a0l\u00e0 m\u1ed9t trong nh\u1eefng lo\u1ea1i h\u1ea3i s\u1ea3n qu\u00fd hi\u1ebfm \u0111\u01b0\u1ee3c nhi\u1ec1u ng\u01b0\u1eddi y\u00eau th\u00edch. Lo\u1ea1i cua n\u00e0y c\u00f3 ch\u1ee9a h\u00e0m l\u01b0\u1ee3ng dinh d\u01b0\u1ee1ng, canxi cao. \u0110\u1eb7c bi\u1ec7t b\u1ea1n c\u00f3 th\u1ec3 th\u01b0\u1edfng th\u1ee9c nguy\u00ean con cua m\u00e0 kh\u00f4ng c\u1ea7n ph\u1ea3i l\u1ed9t b\u1ecf ph\u1ea7n mai hay v\u1ecf cua. Cua l\u1ed9t \u0111\u01b0\u1ee3c ch\u1ebf bi\u1ebfn th\u00e0nh nhi\u1ec1u m\u00f3n \u0103n ngon, h\u1ea5p d\u1eabn.<\/p>\n<p>Qu\u00e1 tr\u00ecnh l\u1ed9t x\u00e1c s\u1ebd di\u1ec7n ra t\u1eeb tr\u01b0\u1edbc m\u1ed9t \u0111\u1ebfn hai ng\u00e0y, cua l\u1ed9t h\u1ea5p th\u1ee5 n\u01b0\u1edbc bi\u1ec3n \u0111\u1ec3 c\u01a1 th\u1ec3 ph\u1ed3ng l\u00ean tr\u00f4ng gi\u1ed1ng qu\u1ea3 b\u1ecfng gi\u00fap ch\u00fang d\u1ec5 d\u00e0ng m\u1edf r\u1ed9ng l\u1edbp v\u1ecf c\u0169 v\u00e0 t\u00e1ch ra \u0111\u01b0\u1eddng n\u1ee9t nh\u1ecf tr\u00ean c\u01a1 th\u1ec3. Sau khi t\u00e1ch t\u1ea1o \u0111\u01b0\u1eddng n\u1ee9t, cua l\u1ed9t \u0111\u1ea9y ra, thu l\u1ea1i c\u01a1 th\u1ec3 li\u00ean t\u1ee5c nhi\u1ec1u l\u1ea7n \u0111\u1ec3 r\u00fat l\u1edbp v\u1ecf c\u0169 cho \u0111\u1ebfn khi ph\u1ea7n ch\u00e2n tr\u01b0\u1edbc t\u00e1ch ra kh\u1ecfi l\u1edbp v\u1ecf c\u0169 ho\u00e0n to\u00e0n.\u00a0Qu\u00e1 tr\u00ecnh l\u1ed9t v\u1ecf th\u01b0\u1eddng di\u1ec5n ra trong 15 ph\u00fat. Tr\u1ea3i qua nhi\u1ec1u l\u1ea7n l\u1ed9t x\u00e1c, cua\u00a0ph\u00e1t tri\u1ec3n nhanh h\u01a1n. \u0110\u1ed1i v\u1edbi cua tr\u01b0\u1edfng th\u00e0nh, cua l\u1ed9t x\u00e1c t\u1eeb n\u1eeda th\u00e1ng \u0111\u1ebfn m\u1ed9t th\u00e1ng m\u1ed9t l\u1ea7n. Trong qu\u00e1 tr\u00ecnh l\u1ed9t x\u00e1c, m\u1ed9t s\u1ed1 b\u1ed9 ph\u1eadn c\u1ee7a cua c\u00f3 th\u1ec3 b\u1ecb m\u1ea5t nh\u01b0 c\u00e0ng, ch\u00e2n v\u00e0 t\u00e1i sinh \u1edf l\u1ea7n l\u1ed9t k\u1ebf ti\u1ebfp. Ch\u00ednh nh\u1edd s\u1ef1 l\u1ed9t x\u00e1c \u0111\u00e3 t\u1ea1o n\u00ean lo\u1ea1i h\u1ea3i s\u1ea3n gi\u00e0u dinh d\u01b0\u1ee1ng, ngon h\u1ea5p d\u1eabn g\u1ecdi l\u00e0 cua l\u1ed9t, hay cua c\u1ed1m, cua hai da.<\/p>\n<p><img fetchpriority=\"high\" decoding=\"async\" class=\"aligncenter\" src=\"https:\/\/havamall.com\/wp-content\/uploads\/2025\/11\/cua-lot-nauy-dong-lanh.jpg\" alt=\"Cua L\u1ed9t - H\u1ea3i s\u1ea3n Mr. D\" width=\"543\" height=\"543\" \/><\/p>\n<p>Cua l\u1ed9t \u0111\u01b0\u1ee3c \u01b0a chu\u1ed9ng hi\u1ec7n nay b\u1edfi cua l\u1ed9t l\u00e0 th\u1ef1c ph\u1ea9m gi\u00e0u dinh d\u01b0\u1ee1ng. Trong lo\u1ea1i h\u1ea3i s\u1ea3n n\u00e0y c\u00f3 ch\u1ee9a nhi\u1ec1u axit b\u00e9o, calo, ch\u1ea5t kho\u00e1ng, omega 3\u2026.Axit b\u00e9o v\u00e0 omega 3 c\u00f3 t\u00e1c d\u1ee5ng trong vi\u1ec7c gi\u1ea3m l\u01b0\u1ee3ng m\u1ee1 trong m\u00e1u t\u1ed1i \u0111a, ng\u0103n ng\u1eeba nguy c\u01a1 m\u1eafc c\u00e1c b\u1ec7nh \u0111\u1ed9t qu\u1ef5, nh\u1ed3i m\u00e1u c\u01a1 tim, t\u1ed1t cho s\u1ef1 ph\u00e1t tri\u1ec3n c\u1ee7a tim m\u1ea1ch v\u00e0 n\u00e3o b\u1ed9 con ng\u01b0\u1eddi. M\u1ed9t gram th\u1ecbt cua c\u00f3 ch\u1ee9a t\u1eeb 300mg \u0111\u1ebfn 500 mg ch\u1ea5t b\u00e9o.<\/p>\n<p>M\u1eb7t kh\u00e1c, cua l\u1ed9t c\u00f2n cung c\u1ea5p nhi\u1ec1u vitamin v\u00e0 kho\u00e1ng ch\u1ea5t c\u1ea7n thi\u1ebft nh\u01b0 vitamin B5, B6, B12, vitamin C, magie, k\u1ebdm, \u0111\u1ed3ng, s\u1eaft, ph\u1ed1t pho, selen. Nghi\u00ean c\u1ee9u \u0111\u00e3 cho th\u1ea5y th\u1ecbt cua l\u1ed9t c\u00f3 c\u00f4ng d\u1ee5ng \u0111\u1ed1i v\u1edbi b\u1ec7nh \u0111\u00e1i d\u1ea7m, c\u00f2i x\u01b0\u01a1ng \u1edf tr\u1ebb nh\u1ecf, t\u00ecnh tr\u1ea1ng \u0111au b\u1ee5ng, huy\u1ebft t\u00e1n \u1ee9 \u1edf ph\u1ee5 n\u1eef. H\u01a1n n\u1eefa, cua c\u00f2n c\u00f3 t\u00e1c d\u1ee5ng gi\u1ea3m \u0111au nh\u1ee9c, s\u01b0ng t\u1ea5y, ch\u1eafc g\u00e2n kh\u1ecfe x\u01b0\u01a1ng n\u00ean d\u00f9ng trong \u0111i\u1ec1u tr\u1ecb ung nh\u1ecdt, v\u1ebft b\u1ea7m, g\u00e3y x\u01b0\u01a1ng, tr\u1eadt kh\u1edbp.<\/p>\n<p><img decoding=\"async\" class=\"aligncenter\" src=\"https:\/\/havamall.com\/wp-content\/uploads\/2025\/11\/AvOX9JKcnzoDvE8CcHBGKQE4ZA7bd926ej-7sMQDM22jtpyTBwoBtNSgo8u0gC1KfHik8ju527QKOZfaRtB6fu_Bo1RYYLeEkH7Dz5BDO69jWobkYDogHCtBEKpMkPYmLEcN-sbXUhYT2Dy96NqechigkIr_KjoDLm1AjGwu.jpg\" alt=\"Cua l\u1ed9t MYANMA 4 con\" \/><\/p>\n<h2><strong>\u0110\u1ecba \u0111i\u1ec3m b\u00e1n cua l\u1ed9t uy t\u00edn<\/strong><\/h2>\n<p>Cua non tuy hi\u1ebfm nh\u01b0ng \u0111ang \u0111\u01b0\u1ee3c b\u00e0y b\u00e1n r\u1ed9ng r\u00e3i t\u1ea1i Havamall v\u00e0 \u0111\u01b0\u1ee3c kh\u00e1ch h\u00e0ng \u0111\u1eb7t mua v\u1edbi s\u1ed1 l\u01b0\u1ee3ng l\u1edbn m\u1ed7i ng\u00e0y. Cua l\u1ed9t th\u00ec c\u00f3 nhi\u1ec1u lo\u1ea1i nh\u01b0ng cua l\u1ed9t c\u1ee7a Havamall \u0111\u01b0\u1ee3c nh\u1eadp tr\u1ef1c ti\u1ebfp t\u1eeb Myanmar, \u0111\u01b0\u1ee3c ph\u00e2n lo\u1ea1i v\u00e0 s\u1ea3n xu\u1ea5t tr\u00ean d\u00e2y chuy\u1ec1n hi\u1ec7n \u0111\u1ea1i n\u00ean \u0111\u1ea3m b\u1ea3o ch\u1ea5t l\u01b0\u1ee3ng tuy\u1ec7t \u0111\u1ed1i \u0111\u1ebfn tay qu\u00fd kh\u00e1ch h\u00e0ng. Tr\u1ecdng l\u01b0\u1ee3ng t\u1eebng con size kh\u00e1 to 70-100g\/ con ti\u1ec7n l\u1ee3i khi ch\u1ebf bi\u1ebfn c\u0169ng nh\u01b0 s\u1eed d\u1ee5ng.<\/p>\n<figure id=\"attachment_1279\" class=\"wp-caption aligncenter\" aria-describedby=\"caption-attachment-1279\"><img decoding=\"async\" src=\"https:\/\/havamall.com\/wp-content\/uploads\/2025\/11\/cach-lam-cua-lot-chien-sot-thai-gion-rum-an-com-hay-an-choi-deu-ngon-202011281651177333.jpg\" alt=\"C\u00e1ch l\u00e0m cua l\u1ed9t chi\u00ean s\u1ed1t th\u00e1i gi\u00f2n r\u1ee5m, \u0103n c\u01a1m hay \u0103n ch\u01a1i \u0111\u1ec1u ngon\" \/><\/figure>\n<figure class=\"wp-caption aligncenter\" aria-describedby=\"caption-attachment-1279\"><figcaption id=\"caption-attachment-1279\" class=\"wp-caption-text\"><\/figcaption>Kh\u00e1ch h\u00e0ng \u0111\u1ebfn v\u1edbi Havamall\u00a0v\u1eabn c\u00f2n b\u0103n kho\u0103n kh\u00f4ng bi\u1ebft cua\u00a0<strong>gi\u00e1 bao nhi\u00eau 1kg<\/strong>? Hi\u1ec7n nay m\u1eb7t h\u00e0ng cua \u0111ang \u0111\u01b0\u1ee3c b\u00e1n v\u1edbi m\u1ee9c gi\u00e1 440.000 \u2013 480.000\u0111\/kg, kho\u1ea3ng 8 \u2013 10 con\/kg. Gi\u00e1 c\u1ee7a c\u00f3 th\u1ec3 thay \u0111\u1ed5i do \u0111i\u1ec1u \u0111i\u1ec1u ki\u1ec7n th\u1eddi ti\u1ebft v\u00e0 th\u1eddi \u0111i\u1ec3m trong n\u0103m nh\u01b0ng c\u1eeda h\u00e0ng cam k\u1ebft b\u00e1n cua non\u00a0<strong>gi\u00e1 r\u1ebb\u00a0<\/strong>nh\u1ea5t th\u1ecb tr\u01b0\u1eddng.<\/figure>\n<h2><strong>H\u01b0\u1edbng d\u1eabn c\u00e1ch b\u1ea3o qu\u1ea3n cua l\u1ed9t<\/strong><\/h2>\n<p>Cua s\u1ed1ng c\u1ea7n ph\u1ea3i \u0111\u01b0\u1ee3c b\u1ea3o qu\u1ea3n trong nhi\u1ec7t \u0111\u1ed9 l\u1ea1nh d\u01b0\u1edbi 0 \u0111\u1ed9 C \u0111\u1ec3 duy tr\u00ec \u0111\u01b0\u1ee3c \u0111\u1ed9 t\u01b0\u01a1i ngon nh\u1ea5t. Khi c\u1ea7n \u0111em ra ch\u1ebf bi\u1ebfn th\u00ec ch\u1ec9 h\u00e3y r\u00e3 \u0111\u00f4ng t\u1ef1 nhi\u00ean trong kho\u1ea3ng 1 ti\u1ebfng \u0111\u1ed3ng h\u1ed3 sau \u0111\u00f3 b\u1eaft \u0111\u1ea7u ch\u1ebf bi\u1ebfn nh\u01b0 b\u00ecnh th\u01b0\u1eddng. V\u1edbi lo\u1ea1i cua l\u1ed9t \u0111\u1eb7c bi\u1ec7t n\u00e0y, b\u1ea1n ho\u00e0n to\u00e0n c\u00f3 th\u1ec3 \u0103n nguy\u00ean con m\u00e0 kh\u00f4ng c\u1ea7n ph\u1ea3i t\u00e1ch v\u1ecf nh\u01b0 nh\u1eefng lo\u1ea1i h\u1ea3i s\u1ea3n c\u00f3 v\u1ecf c\u1ee9ng kh\u00e1c. Nh\u1edd v\u1eady m\u00e0 l\u01b0\u1ee3ng canxi trong th\u1ef1c ph\u1ea9m v\u1eabn \u0111\u01b0\u1ee3c gi\u1eef nguy\u00ean, gi\u00fap cho x\u01b0\u01a1ng kh\u1edbp ch\u1eafc kh\u1ecfe v\u00e0 linh ho\u1ea1t h\u01a1n.<\/p>\n<p>&nbsp;<\/p>\n<\/div>\n<\/div>","protected":false},"excerpt":{"rendered":"<p>TH\u00d4NG TIN CHUNG Th\u01b0\u01a1ng hi\u1ec7u Ocean Master Xu\u1ea5t x\u1ee9 th\u01b0\u01a1ng hi\u1ec7u Nh\u1eadt B\u1ea3n H\u1ea1n s\u1eed d\u1ee5ng 12 th\u00e1ng k\u1ec3 t\u1eeb<\/p>","protected":false},"featured_media":34565,"comment_status":"open","ping_status":"closed","template":"","meta":[],"product_brand":[],"product_cat":[275,36],"product_tag":[],"class_list":{"0":"post-34564","1":"product","2":"type-product","3":"status-publish","4":"has-post-thumbnail","6":"product_cat-thuc-pham-dong-lanh","7":"product_cat-thuc-pham-tieu-dung","9":"first","10":"instock","11":"sale","12":"shipping-taxable","13":"purchasable","14":"product-type-simple"},"_links":{"self":[{"href":"https:\/\/havamall.vn\/en\/wp-json\/wp\/v2\/product\/34564"}],"collection":[{"href":"https:\/\/havamall.vn\/en\/wp-json\/wp\/v2\/product"}],"about":[{"href":"https:\/\/havamall.vn\/en\/wp-json\/wp\/v2\/types\/product"}],"replies":[{"embeddable":true,"href":"https:\/\/havamall.vn\/en\/wp-json\/wp\/v2\/comments?post=34564"}],"version-history":[{"count":0,"href":"https:\/\/havamall.vn\/en\/wp-json\/wp\/v2\/product\/34564\/revisions"}],"wp:featuredmedia":[{"embeddable":true,"href":"https:\/\/havamall.vn\/en\/wp-json\/wp\/v2\/media\/34565"}],"wp:attachment":[{"href":"https:\/\/havamall.vn\/en\/wp-json\/wp\/v2\/media?parent=34564"}],"wp:term":[{"taxonomy":"product_brand","embeddable":true,"href":"https:\/\/havamall.vn\/en\/wp-json\/wp\/v2\/product_brand?post=34564"},{"taxonomy":"product_cat","embeddable":true,"href":"https:\/\/havamall.vn\/en\/wp-json\/wp\/v2\/product_cat?post=34564"},{"taxonomy":"product_tag","embeddable":true,"href":"https:\/\/havamall.vn\/en\/wp-json\/wp\/v2\/product_tag?post=34564"}],"curies":[{"name":"wp","href":"https:\/\/api.w.org\/{rel}","templated":true}]}}