{"id":34558,"date":"2024-05-20T15:38:47","date_gmt":"2024-05-20T08:38:47","guid":{"rendered":"https:\/\/havamall.vn\/?post_type=product&#038;p=34558"},"modified":"2025-03-20T11:27:52","modified_gmt":"2025-03-20T04:27:52","slug":"ca-bao-nhat-katsuobushi-soi-mong-25g","status":"publish","type":"product","link":"https:\/\/havamall.vn\/en\/shop\/ca-bao-nhat-katsuobushi-soi-mong-25g\/","title":{"rendered":"C\u00e1 B\u00e0o Nh\u1eadt Katsuobushi S\u1ee3i M\u1ecfng 25g"},"content":{"rendered":"<h2><strong>TH\u00d4NG TIN CHUNG<\/strong><\/h2>\n<div dir=\"auto\">\n<div dir=\"auto\">\n<table>\n<tbody>\n<tr>\n<td>Th\u01b0\u01a1ng hi\u1ec7u<\/td>\n<td>Fukushima Katsuo<\/td>\n<\/tr>\n<tr>\n<td>Xu\u1ea5t x\u1ee9 th\u01b0\u01a1ng hi\u1ec7u<\/td>\n<td>Nh\u1eadt B\u1ea3n<\/td>\n<\/tr>\n<tr>\n<td>H\u1ea1n s\u1eed d\u1ee5ng<\/td>\n<td>12 th\u00e1ng k\u1ec3 t\u1eeb ng\u00e0y s\u1ea3n xu\u1ea5t<\/td>\n<\/tr>\n<tr>\n<td>H\u01b0\u1edbng d\u1eabn b\u1ea3o qu\u1ea3n<\/td>\n<td>B\u1ea3o qu\u1ea3n nhi\u1ec7t \u0111\u1ed9 ph\u00f2ng<\/td>\n<\/tr>\n<tr>\n<td>H\u01b0\u1edbng d\u1eabn s\u1eed d\u1ee5ng<\/td>\n<td>D\u00f9ng \u0111\u1ec3 n\u1ea5u \u0103n<\/td>\n<\/tr>\n<tr>\n<td>Xu\u1ea5t x\u1ee9<\/td>\n<td>Nh\u1eadt B\u1ea3n<\/td>\n<\/tr>\n<tr>\n<td>Tr\u1ecdng l\u01b0\u1ee3ng s\u1ea3n ph\u1ea9m<\/td>\n<td>25g<\/td>\n<\/tr>\n<tr>\n<td>Quy c\u00e1ch \u0111\u00f3ng g\u00f3i<\/td>\n<td>T\u00fai nh\u1ef1a<\/td>\n<\/tr>\n<tr>\n<td>Th\u00e0nh ph\u1ea7n<\/td>\n<td>Kh\u00f4 c\u00e1 b\u00e0o<\/td>\n<\/tr>\n<\/tbody>\n<\/table>\n<\/div>\n<div dir=\"auto\">\n<h2><strong>B\u1eadt m\u00ed th\u00f4ng tin v\u1ec1 c\u00e1\u00a0b\u00e0o Nh\u1eadt B\u1ea3n<\/strong><\/h2>\n<ul>\n<li><em><strong>C\u00e1 b\u00e0o<\/strong><\/em>\u00a0(ti\u1ebfng Nh\u1eadt: Katsuobushi) l\u00e0 m\u1ed9t lo\u1ea1i nguy\u00ean li\u1ec7u truy\u1ec1n th\u1ed1ng c\u1ee7a Nh\u1eadt B\u1ea3n, \u0111\u01b0\u1ee3c l\u00e0m t\u1eeb nguy\u00ean li\u1ec7u ch\u00ednh l\u00e0 c\u00e1 ng\u1eeb v\u1eb1n \u0111\u1ea1i d\u01b0\u01a1ng cho kh\u00f4 l\u00ean men.<\/li>\n<li>Lo\u1ea1i c\u00e1 ng\u1eeb b\u00e0o n\u00e0y c\u00f3 ngu\u1ed3n g\u1ed1c\u00a0t\u1eeb th\u1eddi k\u1ef3 Edo,\u00a0khi ng\u01b0\u1eddi d\u00e2n g\u1eb7p v\u1ea5n \u0111\u1ec1 trong vi\u1ec7c b\u1ea3o qu\u1ea3n c\u00e1. H\u1ecd t\u00ecm ra ph\u01b0\u01a1ng ph\u00e1p ph\u01a1i kh\u00f4 c\u00e1, r\u1ed3i mang \u0111i hun kh\u00f3i, mu\u1ed1i kh\u00f4\u00a0\u0111\u1ec3 c\u00f3 th\u1ec3 b\u1ea3o qu\u1ea3n c\u00e1 \u0111\u01b0\u1ee3c l\u00e2u h\u01a1n.<\/li>\n<li>Th\u00e0nh ph\u1ea9m l\u00e0 c\u00e1c m\u1ebb c\u00e1\u00a0c\u00f3 v\u1ebb ngo\u00e0i th\u00f4 c\u1ee9ng nh\u01b0 kh\u00fac g\u1ed7, m\u00e0u \u0111en v\u00e0 \u0111\u1eb7c bi\u1ec7t b\u00ean trong m\u00e0u h\u1ed3ng \u0111\u1eb9p m\u1eaft.\u00a0C\u00e1 ng\u1eeb b\u00e0o Nh\u1eadt B\u1ea3n c\u00f3 v\u1ecb \u0111\u1eadm \u0111\u00e0, ng\u1ecdt \u0111\u1eb7c tr\u01b0ng do h\u00e0m l\u01b0\u1ee3ng axit inosinic cao c\u1ed9ng th\u00eam\u00a0v\u1ecb ng\u1ecdt t\u1ef1 nhi\u00ean t\u1eeb c\u00e1.<\/li>\n<\/ul>\n<p><img decoding=\"async\" class=\"aligncenter\" src=\"https:\/\/havamall.vn\/wp-content\/uploads\/2025\/03\/ca-ngu-kho.jpg\" alt=\"Clip: T\u1eadn m\u1eaft ch\u1ee9ng ki\u1ebfn quy tr\u00ecnh s\u1ea3n xu\u1ea5t m\u00f3n c\u00e1 kh\u00f4 \" \/><\/p>\n<h2><strong>Quy tr\u00ecnh ch\u1ebf bi\u1ebfn c\u00e1\u00a0b\u00e0o Nh\u1eadt<\/strong><\/h2>\n<p>N\u1ed5i ti\u1ebfng l\u00e0 m\u00f3n \u0103n &#8220;c\u1ee9ng&#8221; nh\u1ea5t th\u1ebf gi\u1edbi, c\u00e1 b\u00e0o Katsuobushi\u00a0lu\u00f4n l\u00e0 ni\u1ec1m t\u1ef1 h\u00e0o c\u1ee7a \u1ea9m th\u1ef1c Nh\u1eadt B\u1ea3n. Nh\u01b0ng \u0111\u1ec3 cho ra \u0111\u01b0\u1ee3c m\u00f3n c\u00e1 b\u00e0o truy\u1ec1n th\u1ed1ng n\u00e0y ph\u1ea3i t\u1ed1n th\u1eddi gian d\u00e0i v\u00e0 ch\u1ebf bi\u1ebfn c\u1ea7u k\u1ef3 m\u1edbi cho ra \u0111\u01b0\u1ee3c th\u00e0nh ph\u1ea9m. Trung b\u00ecnh th\u1eddi gian ch\u1ebf bi\u1ebfn ph\u1ea3i k\u00e9o d\u00e0i t\u1edbi 6 th\u00e1ng v\u1edbi nhi\u1ec1u b\u01b0\u1edbc kh\u00e1c nhau trong kh\u00e2u ch\u1ebf bi\u1ebfn.<\/p>\n<ul>\n<li><strong>S\u01a1 ch\u1ebf:<\/strong>\u00a0C\u00e1 ng\u1eeb v\u1eb1n sau khi \u0111\u01b0\u1ee3c \u0111\u00e1nh b\u1eaft t\u1ea1i \u0111\u1ea1i d\u01b0\u01a1ng s\u1ebd \u0111\u01b0\u1ee3c l\u00e0m s\u1ea1ch ru\u1ed9t v\u00e0 l\u1ecdc phi l\u00ea ngay. M\u1ed7i m\u1ed9t con c\u00e1 s\u1ebd \u0111\u01b0\u1ee3c phi l\u00ea th\u00e0nh t\u1eebng mi\u1ebfng l\u1edbn, l\u01b0\u1ee3c b\u1ecf x\u01b0\u01a1ng v\u00e0 ch\u1ec9 gi\u1eef l\u1ea1i ph\u1ea7n th\u1ecbt n\u1ea1c.<\/li>\n<li><strong>H\u1ea5p c\u00e1:<\/strong>\u00a0Ph\u1ea7n phi l\u00ea c\u00e1 ng\u1eeb sau \u0111\u00f3 s\u1ebd \u0111\u01b0\u1ee3c b\u1ecf v\u00e0o x\u1eedng h\u1ea5p, \u0111\u1ec3 l\u1eeda s\u00f4i nh\u1eb9 trong v\u00f2ng 1 gi\u1edd.<\/li>\n<li><strong>Hun kh\u00f3i:<\/strong>\u00a0Sau khi \u0111\u00e3 h\u1ea5p \u0111\u01b0\u1ee3c 1 ti\u1ebfng, c\u00e1 s\u1ebd \u0111\u01b0\u1ee3c mang \u0111i x\u00f4ng kh\u00f3i b\u1eb1ng g\u1ed7 s\u1ed3i cho \u0111\u1ebfn khi c\u00e1 kh\u00f4 l\u1ea1i. Quy\u00a0tr\u00ecnh n\u00e0y \u0111\u01b0\u1ee3c l\u1eb7p \u0111i l\u1eb7p l\u1ea1i t\u1eeb 8 \u2013 10 l\u1ea7n.<\/li>\n<li><strong>Ph\u01a1i n\u1eafng:<\/strong>\u00a0K\u1ebf ti\u1ebfp, mi\u1ebfng c\u00e1 s\u1ebd \u0111\u01b0\u1ee3c c\u1ea1o b\u1ecf l\u1edbp b\u00ean ngo\u00e0i m\u00e0u \u0111en v\u00e0 \u0111em \u0111i ph\u01a1i n\u1eafng.<\/li>\n<li><strong>Phun x\u1ecbt vi n\u1ea5m Aspergillus:<\/strong>\u00a0\u0110\u00e2y l\u00e0 c\u00f4ng \u0111o\u1ea1n cu\u1ed1i c\u00f9ng c\u1ee7a c\u00e1ch ch\u1ebf bi\u1ebfn c\u00e1 tr\u01b0\u1edbc khi th\u00e0nh ph\u1ea9m. Khi \u0111\u01b0\u1ee3c phun x\u1ecbt n\u1ea5m c\u00e1 s\u1ebd \u0111\u01b0\u1ee3c cho v\u00e0o ph\u00f2ng \u1ee7. \u0110i\u1ec1u n\u00e0y s\u1ebd gi\u00fap c\u00e1 kh\u00f4 ho\u00e0n to\u00e0n v\u00e0 th\u1ecbt c\u00e1 \u0111\u01b0\u1ee3c l\u00ean men.<\/li>\n<\/ul>\n<h2><strong>Gi\u00e1 tr\u1ecb dinh d\u01b0\u1ee1ng c\u1ee7a c\u00e1\u00a0b\u00e0o Nh\u1eadt<\/strong><\/h2>\n<ul>\n<li><strong>C\u00e1 b\u00e0o Katsuobushi\u00a0<\/strong>c\u00f3 \u0111\u1ebfn 25% l\u00e0 protein, ngo\u00e0i ra l\u00e0 c\u00e1c lo\u1ea1i acid amin, kho\u00e1ng ch\u1ea5t nh\u01b0 vitamin B12, niacin, s\u1eaft, taurine, DHA r\u1ea5t t\u1ed1t cho s\u1ee9c kh\u1ecfe.<\/li>\n<li>Gi\u00fap ng\u0103n ng\u1eeba h\u1ed9i ch\u1ee9ng chuy\u1ec3n h\u00f3a, ch\u1ed1ng c\u00e1c b\u1ec7nh v\u1ec1 tim nh\u01b0 x\u01a1 c\u1ee9ng \u0111\u1ed9ng m\u1ea1ch, \u0111au tim; \u0111\u00e1i th\u00e1o \u0111\u01b0\u1eddng, c\u1ea3i thi\u1ec7n th\u1ecb l\u1ef1c, ng\u0103n ng\u1eeba sa s\u00fat tr\u00ed tu\u1ec7; gi\u1ea3i t\u1ecfa c\u0103ng th\u1eb3ng&#8230;<\/li>\n<\/ul>\n<p><img decoding=\"async\" class=\"aligncenter\" src=\"https:\/\/havamall.vn\/wp-content\/uploads\/2025\/03\/ca-ngu-bao-soi-la-ky-mon-an-cung-nhu-go-b87-5619249.jpg\" alt=\"C\u00e1 ng\u1eeb b\u00e0o s\u1ee3i: L\u1ea1 k\u1ef3 m\u00f3n \u0103n c\u1ee9ng nh\u01b0 g\u1ed7 - \u1ea8m th\u1ef1c - Vi\u1ec7t Gi\u1ea3i Tr\u00ed\" \/><\/p>\n<h2><strong>C\u00e1 b\u00e0o Nh\u1eadt- nguy\u00ean li\u1ec7u c\u1ee7a nhi\u1ec1u m\u00f3n \u0103n h\u1ea5p d\u1eabn<\/strong><\/h2>\n<ul>\n<li>Theo truy\u1ec1n th\u1ed1ng, c\u00e1c mi\u1ebfng c\u00e1 ng\u1eeb kh\u00f4 katsuobushi s\u1ebd \u0111\u01b0\u1ee3c b\u1ea3o qu\u1ea3n.\u00a0Khi ch\u1ebf bi\u1ebfn m\u1edbi l\u1ea5y ra b\u00e0o b\u1eb1ng d\u1ee5ng c\u1ee5 chuy\u00ean d\u1ee5ng,\u00a0b\u00e0o m\u1ecfng ra th\u00e0nh nhi\u1ec1u l\u00e1 nh\u1ecf.<\/li>\n<li>C\u00e1 b\u00e0o \u0111\u01b0\u1ee3c d\u00f9ng \u0111\u1ec3 r\u1eafc l\u00ean n\u01b0\u1edbc x\u00ec d\u1ea7u, r\u1eafc l\u00ean c\u01a1m vi\u00ean, l\u00e0m m\u00f3n ch\u1ea5m, r\u1eafc l\u00ean m\u00ec l\u1ea1nh soba, b\u00e1nh x\u00e8o Nh\u1eadt ho\u1eb7c takoyaki&#8230;<\/li>\n<\/ul>\n<p><img decoding=\"async\" class=\"aligncenter\" src=\"https:\/\/havamall.vn\/wp-content\/uploads\/2025\/03\/banh-xeo-nhat-teriyaki-1.png\" data-thumb=\"original\" \/><\/p>\n<h2><strong>H\u01b0\u1edbng d\u1eabn b\u1ea3o qu\u1ea3n<\/strong><\/h2>\n<ul>\n<li>B\u1ea3o qu\u1ea3n n\u01a1i kh\u00f4 r\u00e1o, tho\u00e1ng m\u00e1t, tr\u00e1nh \u00e1nh n\u1eafng tr\u1ef1c ti\u1ebfp.<\/li>\n<li>B\u1ea3o qu\u1ea3n l\u1ea1nh sau khi m\u1edf s\u1ea3n ph\u1ea9m.<\/li>\n<\/ul>\n<\/div>\n<\/div>","protected":false},"excerpt":{"rendered":"<p>TH\u00d4NG TIN CHUNG Th\u01b0\u01a1ng hi\u1ec7u Fukushima Katsuo Xu\u1ea5t x\u1ee9 th\u01b0\u01a1ng hi\u1ec7u Nh\u1eadt B\u1ea3n H\u1ea1n s\u1eed d\u1ee5ng 12 th\u00e1ng k\u1ec3 t\u1eeb<\/p>","protected":false},"featured_media":34559,"comment_status":"open","ping_status":"closed","template":"","meta":[],"product_brand":[],"product_cat":[675,36,134],"product_tag":[],"class_list":{"0":"post-34558","1":"product","2":"type-product","3":"status-publish","4":"has-post-thumbnail","6":"product_cat-nhap-khau-nhat-ban","7":"product_cat-thuc-pham-tieu-dung","8":"product_cat-thucpham-saykho","10":"first","11":"instock","12":"sale","13":"shipping-taxable","14":"purchasable","15":"product-type-simple"},"_links":{"self":[{"href":"https:\/\/havamall.vn\/en\/wp-json\/wp\/v2\/product\/34558"}],"collection":[{"href":"https:\/\/havamall.vn\/en\/wp-json\/wp\/v2\/product"}],"about":[{"href":"https:\/\/havamall.vn\/en\/wp-json\/wp\/v2\/types\/product"}],"replies":[{"embeddable":true,"href":"https:\/\/havamall.vn\/en\/wp-json\/wp\/v2\/comments?post=34558"}],"version-history":[{"count":0,"href":"https:\/\/havamall.vn\/en\/wp-json\/wp\/v2\/product\/34558\/revisions"}],"wp:featuredmedia":[{"embeddable":true,"href":"https:\/\/havamall.vn\/en\/wp-json\/wp\/v2\/media\/34559"}],"wp:attachment":[{"href":"https:\/\/havamall.vn\/en\/wp-json\/wp\/v2\/media?parent=34558"}],"wp:term":[{"taxonomy":"product_brand","embeddable":true,"href":"https:\/\/havamall.vn\/en\/wp-json\/wp\/v2\/product_brand?post=34558"},{"taxonomy":"product_cat","embeddable":true,"href":"https:\/\/havamall.vn\/en\/wp-json\/wp\/v2\/product_cat?post=34558"},{"taxonomy":"product_tag","embeddable":true,"href":"https:\/\/havamall.vn\/en\/wp-json\/wp\/v2\/product_tag?post=34558"}],"curies":[{"name":"wp","href":"https:\/\/api.w.org\/{rel}","templated":true}]}}