{"id":34554,"date":"2024-05-20T15:01:52","date_gmt":"2024-05-20T08:01:52","guid":{"rendered":"https:\/\/havamall.vn\/?post_type=product&#038;p=34554"},"modified":"2025-03-20T11:28:59","modified_gmt":"2025-03-20T04:28:59","slug":"choi-gung-non-ngam-chua-pickled-ginger-hajikami-100g","status":"publish","type":"product","link":"https:\/\/havamall.vn\/en\/shop\/choi-gung-non-ngam-chua-pickled-ginger-hajikami-100g\/","title":{"rendered":"Ch\u1ed3i G\u1eebng Non Ng\u00e2m Chua Pickled Ginger Hajikami 100g"},"content":{"rendered":"<h2><strong>TH\u00d4NG TIN CHUNG<\/strong><\/h2>\n<div dir=\"auto\">\n<div dir=\"auto\">\n<table>\n<tbody>\n<tr>\n<td>Th\u01b0\u01a1ng hi\u1ec7u<\/td>\n<td>Hajikami<\/td>\n<\/tr>\n<tr>\n<td>Xu\u1ea5t x\u1ee9 th\u01b0\u01a1ng hi\u1ec7u<\/td>\n<td>Nh\u1eadt B\u1ea3n<\/td>\n<\/tr>\n<tr>\n<td>H\u1ea1n s\u1eed d\u1ee5ng<\/td>\n<td>12 th\u00e1ng k\u1ec3 t\u1eeb ng\u00e0y s\u1ea3n xu\u1ea5t<\/td>\n<\/tr>\n<tr>\n<td>H\u01b0\u1edbng d\u1eabn b\u1ea3o qu\u1ea3n<\/td>\n<td>B\u1ea3o qu\u1ea3n nhi\u1ec7t \u0111\u1ed9 ph\u00f2ng<\/td>\n<\/tr>\n<tr>\n<td>H\u01b0\u1edbng d\u1eabn s\u1eed d\u1ee5ng<\/td>\n<td>D\u00f9ng \u0111\u1ec3 n\u1ea5u \u0103n<\/td>\n<\/tr>\n<tr>\n<td>Xu\u1ea5t x\u1ee9<\/td>\n<td>Trung Qu\u1ed1c<\/td>\n<\/tr>\n<tr>\n<td>Tr\u1ecdng l\u01b0\u1ee3ng s\u1ea3n ph\u1ea9m<\/td>\n<td>100g<\/td>\n<\/tr>\n<tr>\n<td>Quy c\u00e1ch \u0111\u00f3ng g\u00f3i<\/td>\n<td>T\u00fai nh\u1ef1a<\/td>\n<\/tr>\n<tr>\n<td>Th\u00e0nh ph\u1ea7n<\/td>\n<td>Ch\u1ed3i g\u1eebng, n\u01b0\u1edbc, mu\u1ed1i, ch\u1ea5t b\u1ea3o qu\u1ea3n acid acetic E260,ch\u1ea5t t\u1ea1o ng\u1ecdt nh\u00e2n t\u1ea1o E954(i), ch\u1ea5t b\u1ea3o qu\u1ea3n E202, m\u00e0u t\u1ef1 nhi\u00ean chi\u1ebft xu\u1ea5t t\u1eeb hoa h\u1ed3ng Rose Bengal.<\/td>\n<\/tr>\n<\/tbody>\n<\/table>\n<p>&nbsp;<\/p>\n<p><strong>T\u1ea1i Nh\u1eadt, khi nh\u1eafc \u0111\u1ebfn lo\u1ea1i rau c\u00f3 h\u01b0\u01a1ng v\u1ecb theo m\u00f9a, kh\u00f4ng th\u1ec3\u00a0kh\u00f4ng nh\u1eafc \u0111\u1ebfn g\u1eebng \u201dMyouga\u201d. M\u1ea7m g\u1eebng Myouga c\u00f3 m\u1ed9t m\u00f9i h\u01b0\u01a1ng \u0111\u1ed9c \u0111\u00e1o, l\u00e0 nguy\u00ean li\u1ec7u n\u1ea5u \u0103n truy\u1ec1n th\u1ed1ng r\u1ea5t \u0111\u01b0\u1ee3c y\u00eau th\u00edch t\u1ea1i\u00a0Nh\u1eadt B\u1ea3n.<\/strong><\/p>\n<p><strong>Ch\u1ed3i g\u1eebng non ng\u00e2m chua\u00a0Hajikami<\/strong>\u00a0l\u00e0 m\u1ed9t m\u00f3n \u0103n \u0111\u1eb7c bi\u1ec7t \u0111\u01b0\u1ee3c ch\u1ebf bi\u1ebfn t\u1eeb g\u1eebng non, r\u1ea5t \u0111\u01b0\u1ee3c \u01b0a d\u00f9ng t\u1ea1i c\u00e1c nh\u00e0 h\u00e0ng\u00a0Nh\u1eadt B\u1ea3n. M\u00f3n n\u00e0y c\u00f3\u00a0v\u1ecb cay, chua v\u00e0 ng\u1ecdt r\u1ea5t h\u1ee3p\u00a0\u0111\u1ec3\u00a0\u0103n k\u00e8m v\u1edbi c\u00e1c m\u00f3n sashimi t\u01b0\u01a1i s\u1ed1ng, gi\u00fap k\u00edch th\u00edch v\u1ecb gi\u00e1c\u00a0v\u00e0 \u00e1t \u0111i v\u1ecb tanh c\u1ee7a h\u1ea3i s\u1ea3n. Ngo\u00e0i ra, ch\u1ed3i g\u1eebng non c\u00f2n \u0111\u01b0\u1ee3c d\u00f9ng \u0111\u1ec3 trang tr\u00ed m\u00f3n \u0103n nh\u1edd\u00a0pha tr\u1ed9n m\u00e0u s\u1eafc \u0111\u1eb7c bi\u1ec7t\u00a0gi\u1eefa \u0111\u1ecf h\u1ed3ng v\u00e0 tr\u1eafng c\u1ef1c k\u1ef3 n\u1ed5i b\u1eadt, t\u1ea1o th\u00eam \u0111i\u1ec3m nh\u1ea5n cho m\u00f3n \u0103n.<\/p>\n<p><img fetchpriority=\"high\" decoding=\"async\" class=\"aligncenter\" src=\"https:\/\/havamall.vn\/wp-content\/uploads\/2025\/03\/e721580966994eafc0e127f6e3e5a519.jpg\" alt=\"Ch\u1ed3i G\u1eebng Non ng\u00e2m chua Hajikami - 400g - Sim Ba Trading Co., LTD\" width=\"794\" height=\"794\" \/><\/p>\n<p><strong>1. M\u1ea7m g\u1eebng Myoga<\/strong><\/p>\n<p>Myoga (\u8317\u8377) hay c\u00f2n g\u1ecdi l\u00e0 g\u1eebng Nh\u1eadt B\u1ea3n, d\u00f9ng \u0111\u1ec3 ch\u1ec9 c\u00e1c ch\u1ed3i hoa v\u00e0 ch\u1ed3i non \u0103n \u0111\u01b0\u1ee3c c\u1ee7a m\u1ed9t lo\u1ea1i c\u00e2y c\u1ecf l\u00e2u n\u0103m sinh tr\u01b0\u1edfng t\u1ea1i x\u1ee9 s\u1edf hoa anh \u0111\u00e0o. Ch\u00fang gi\u00f2n d\u1ec5 \u0103n, h\u1ea5p d\u1eabn b\u1edfi h\u01b0\u01a1ng v\u1ecb g\u1eebng nh\u1eb9 d\u1ecbu, t\u01b0\u01a1i m\u00e1t v\u00e0 l\u00e0 m\u1ed9t lo\u1ea1i rau t\u1ed1t cho s\u1ee9c kh\u1ecfe, n\u00ean \u0111\u01b0\u1ee3c th\u00eam v\u00e0o th\u1ef1c \u0111\u01a1n c\u1ee7a b\u1ea1n b\u1edfi ch\u1ee9a nhi\u1ec1u vitamin, kho\u00e1ng ch\u1ea5t nh\u01b0 vitamin K, Canxi, Magie.<\/p>\n<div class=\"wp-block-image\" style=\"text-align: center\">\n<figure class=\"aligncenter\"><img decoding=\"async\" class=\"aligncenter\" src=\"https:\/\/havamall.vn\/wp-content\/uploads\/2024\/05\/Pickled-Ginger-Sprout.webp\" width=\"670\" height=\"447\" \/><figcaption><em>M\u1ea7m g\u1eebng Myoga m\u00f3n \u0103n hot nh\u1ea5t m\u00f9a h\u00e8 t\u1ea1i nh\u1eadt<\/em><\/figcaption><\/figure>\n<\/div>\n<h2 class=\"has-medium-font-size\"><a name=\"2-truyen-thong-su-dung-myouga-tai-nhat-ban\"><\/a><strong>2. Truy\u1ec1n th\u1ed1ng s\u1eed d\u1ee5ng Myouga t\u1ea1i Nh\u1eadt B\u1ea3n<\/strong><\/h2>\n<p>Trong cu\u1ed1n \u9b4f\u5fd7\u502d\u4eba\u4f1d (Ngu\u1ef5 ch\u00ed oa nh\u00e2n truy\u1ec1n), th\u01b0 t\u1ecbch c\u1ed5 c\u1ee7a Trung Qu\u1ed1c m\u00f4 t\u1ea3 v\u1ec1 phong t\u1ee5c v\u00e0 \u0111\u1ecba l\u00fd c\u1ee7a Yamatai-koku\u00a0 (t\u00ean c\u1ee7a m\u1ed9t qu\u1ed1c gia c\u1ed5 thu\u1ed9c Nh\u1eadt B\u1ea3n v\u00e0o th\u1ebf k\u1ef7 2 v\u00e0 3), ng\u01b0\u1eddi ta t\u00ecm th\u1ea5y \u0111o\u1ea1n c\u00f3 nh\u1eafc \u0111\u1ebfn g\u1eebng Myouga. Ngo\u00e0i ra, Myouga c\u00f2n \u0111\u01b0\u1ee3c nh\u1eafc \u0111\u1ebfn nh\u01b0 l\u00e0 l\u00e0 m\u1ed9t lo\u1ea1i th\u1ea3o d\u01b0\u1ee3c trong cu\u1ed1n t\u1eeb \u0111i\u1ec3n th\u1ea3o d\u01b0\u1ee3c \u201c\u672c\u8349\u548c\u540d (B\u1ed5n th\u1ea3o ho\u00e0 danh)\u201d v\u00e0 cu\u1ed1n \u5ef6\u559c\u5f0f (duy\u00ean h\u1ec9 th\u1ee9c) vi\u1ebft v\u1ec1 c\u00e1c m\u00f3n \u0103n v\u00e0o th\u1eddi Heian. Do \u0111\u00f3, c\u00f3 th\u1ec3 n\u00f3i r\u1eb1ng, truy\u1ec1n th\u1ed1ng \u0103n Myouga \u0111\u00e3 c\u00f3 t\u1eeb th\u1eddi c\u1ed5 \u0111\u1ea1i.<\/p>\n<div class=\"wp-block-image\">\n<figure class=\"aligncenter is-resized\"><figcaption>Hi\u1ec7n nay, Myouga \u0111\u01b0\u1ee3c tr\u1ed3ng trong nh\u00e0 k\u00ednh v\u00e0 \u0111\u01b0\u1ee3c b\u00e0y b\u00e1n quanh n\u0103m t\u1ea1i c\u00e1c si\u00eau th\u1ecb, nh\u01b0ng m\u00f9a v\u1ee5 c\u1ee7a Myouga l\u00e0 t\u1eeb th\u00e1ng 6 \u0111\u1ebfn th\u00e1ng 10 n\u00ean c\u00f2n \u0111\u01b0\u1ee3c g\u1ecdi l\u00e0 \u201cmyouga m\u00f9a h\u00e8\u201d ho\u1eb7c \u201cmyouga m\u00f9a thu\u201d. Ng\u01b0\u1eddi Nh\u1eadt th\u01b0\u1eddng d\u00f9ng ph\u1ea7n n\u1ee5 Myouga \u0111\u1ec3 ch\u1ebf bi\u1ebfn, c\u00f2n ph\u1ea7n l\u00e1 th\u00ec d\u00f9ng \u0111\u1ec3 g\u00f3i sushi v\u00e0 b\u00e1nh \u00e9p.<\/figcaption><\/figure>\n<\/div>\n<p>Nh\u1eefng n\u1ee5 Myouga c\u00f3 v\u1ecb giao thoa gi\u1eefa g\u1eebng t\u01b0\u01a1i v\u00e0 c\u1ee7 h\u00e0nh ng\u00e2m chua nh\u1eb9, v\u00e0 kh\u00f4ng c\u00f3 v\u1ecb h\u0103ng nh\u01b0 h\u00e0nh t\u00e2y. Myouga th\u01b0\u1eddng \u0111\u01b0\u1ee3c c\u1eaft l\u00e1t m\u1ecfng \u0111\u1ec3 trang tr\u00ed. Gi\u1ed1ng nh\u01b0 g\u1eebng t\u01b0\u01a1i, n\u00f3 c\u00f3 v\u1ecb th\u01a1m ngon, s\u1ea3ng kho\u00e1i. Th\u1eadm ch\u00ed \u1edf t\u1ec9nh Gifu, c\u00f2n c\u00f3 m\u1ed9t lo\u1ea1i b\u00e1nh t\u00ean g\u1ecdi l\u00e0 \u201cMyouga-bochi\u201d v\u1edbi m\u00f9i h\u01b0\u01a1ng th\u01a1m thoang tho\u1ea3ng c\u1ee7a l\u00e1 g\u1eebng Nh\u1eadt B\u1ea3n.<\/p>\n<h2 class=\"has-medium-font-size\"><a name=\"3-myouga-chong-lai-su-met-moi-boi-cai-nong-vao-mua-he\"><\/a><strong>3. Myouga ch\u1ed1ng l\u1ea1i s\u1ef1 m\u1ec7t m\u1ecfi b\u1edfi c\u00e1i n\u00f3ng v\u00e0o m\u00f9a h\u00e8<\/strong><\/h2>\n<p>Ch\u1ee9ng m\u1ec7t m\u1ecfi do m\u00f9a h\u00e8 mang l\u1ea1i c\u00f3 xu h\u01b0\u1edbng x\u1ea3y ra t\u1eeb gi\u1eefa m\u00f9a h\u00e8 cho \u0111\u1ebfn \u0111\u1ea7u m\u00f9a thu. M\u00f9a n\u00e0o th\u1ee9c n\u00e0y, Myoga l\u00e0 nguy\u00ean li\u1ec7u \u0111\u01b0\u1ee3c khuy\u1ebfn kh\u00edch s\u1eed d\u1ee5ng \u0111\u1ec3 xua tan c\u00e1i m\u1ec7t m\u1ecfi b\u1edfi c\u00e1i n\u00f3ng do m\u00f9a h\u00e8 mang l\u1ea1i. T\u1ea1i sao l\u1ea1i nh\u01b0 v\u1eady?<\/p>\n<p>Tr\u01b0\u1edbc h\u1ebft l\u00e0 trong Myouga c\u00f3 th\u00e0nh ph\u1ea7n \u201calpha pinene\u201d, gi\u00fap th\u00fac \u0111\u1ea9y l\u01b0u l\u01b0\u1ee3ng m\u00e1u v\u00e0 t\u0103ng c\u1ea3m gi\u00e1c th\u00e8m \u0103n. Ngo\u00e0i t\u00e1c d\u1ee5ng t\u0103ng h\u01b0\u01a1ng v\u1ecb c\u00f2n c\u00f3 t\u00e1c d\u1ee5ng th\u00fac \u0111\u1ea9y t\u0103ng l\u01b0u l\u01b0\u1ee3ng m\u00e1u.<\/p>\n<div class=\"wp-block-image\">\n<figure class=\"aligncenter size-large is-resized\"><img decoding=\"async\" class=\"wp-image-12803 aligncenter\" src=\"https:\/\/havamall.vn\/wp-content\/uploads\/2025\/03\/362af128fd64400b9ea194fa807c1a54.jpg\" alt=\"M\u1ea7m g\u1eebng Myoga trong m\u00f3n m\u00ec Somen\" width=\"700\" \/><figcaption><\/figcaption><\/figure>\n<\/div>\n<p>\u0110\u1eb7c bi\u1ec7t, Myoga l\u00e0 l\u1ef1a ch\u1ecdn &#8220;h\u1ee3p c\u1ea1&#8221; khi k\u1ebft h\u1ee3p v\u1edbi nhi\u1ec1u m\u00f3n \u0111\u1eb7c tr\u01b0ng c\u1ee7a m\u00f9a h\u00e8, ch\u1eb3ng h\u1ea1n nh\u01b0 c\u1eaft l\u00e1t m\u1ecfng \u0111\u1ec3 trang tr\u00ed cho\u00a0m\u00ec Somen,\u00a0m\u00ec Soba\u00a0ho\u1eb7c th\u1eadm ch\u00ed \u0111\u01b0\u1ee3c ch\u1ebf bi\u1ebfn theo ki\u1ec3u\u00a0Tempura.<\/p>\n<p>Ngo\u00e0i ra, theo quan ni\u1ec7m c\u1ee7a \u0111\u00f4ng y, Myouga c\u00f2n \u0111\u01b0\u1ee3c cho l\u00e0 c\u00f3 t\u00e1c d\u1ee5ng ki\u1ec3m so\u00e1t ch\u1ee9ng c\u1ea3m n\u00f3ng v\u00e0 \u0111i\u1ec1u ch\u1ec9nh s\u1ef1 c\u00e2n b\u1eb1ng n\u1ed9i ti\u1ebft t\u1ed1. B\u1ea1n c\u00f3 th\u1ec3 \u0111un s\u00f4i n\u01b0\u1edbc, b\u1ecf Myouga v\u00e0o v\u00e0 th\u01b0\u1edfng th\u1ee9c nh\u01b0 tr\u00e0 ho\u1eb7c d\u00f9ng \u0111\u1ec3 l\u00e0m n\u01b0\u1edbc t\u1eafm.<\/p>\n<h2><strong>\u0110\u1eb7c \u0111i\u1ec3m n\u1ed5i b\u1eadt c\u1ee7a ch\u1ed3i g\u1eebng non ng\u00e2m chua Hajikami<\/strong><\/h2>\n<ul>\n<li>Ch\u1ed3i g\u1eebng non ng\u00e2m chua l\u00e0 m\u00f3n \u0103n ngon, n\u1ed5i b\u1eadt mang n\u00e9t \u0111\u1eb9p v\u1ec1 v\u0103n h\u00f3a \u1ea9m th\u1ef1c Nh\u1eadt B\u1ea3n.<\/li>\n<li>Nguy\u00ean li\u1ec7u \u0111\u01b0\u1ee3c tuy\u1ec3n ch\u1ecdn k\u1ef9 l\u01b0\u1ee1ng.<\/li>\n<li>L\u00e0m t\u1eeb g\u1eebng t\u01b0\u01a1i, c\u00f3 v\u1ecb cay, chua v\u00e0 ng\u1ecdt, xen l\u1eabn 2 m\u00e0u tr\u1eafng v\u00e0 \u0111\u1ecf h\u1ed3ng c\u1ef1c k\u1ef3 n\u1ed5i b\u1eadt \u0111\u1ec3 trang tr\u00ed m\u00f3n \u0103n.<\/li>\n<li>Gi\u00fap l\u00e0m gi\u1ea3m v\u1ecb tanh, k\u00edch th\u00edch v\u1ecb gi\u00e1c v\u00e0 ch\u1ed1ng l\u1ea1i t\u00ednh h\u00e0n c\u1ee7a h\u1ea3i s\u1ea3n khi \u0103n k\u00e8m sashimi.<\/li>\n<\/ul>\n<\/div>\n<\/div>","protected":false},"excerpt":{"rendered":"<p>TH\u00d4NG TIN CHUNG Th\u01b0\u01a1ng hi\u1ec7u Hajikami Xu\u1ea5t x\u1ee9 th\u01b0\u01a1ng hi\u1ec7u Nh\u1eadt B\u1ea3n H\u1ea1n s\u1eed d\u1ee5ng 12 th\u00e1ng k\u1ec3 t\u1eeb ng\u00e0y<\/p>","protected":false},"featured_media":34555,"comment_status":"open","ping_status":"closed","template":"","meta":[],"product_brand":[],"product_cat":[675,275,36],"product_tag":[],"class_list":{"0":"post-34554","1":"product","2":"type-product","3":"status-publish","4":"has-post-thumbnail","6":"product_cat-nhap-khau-nhat-ban","7":"product_cat-thuc-pham-dong-lanh","8":"product_cat-thuc-pham-tieu-dung","10":"first","11":"instock","12":"sale","13":"shipping-taxable","14":"purchasable","15":"product-type-simple"},"_links":{"self":[{"href":"https:\/\/havamall.vn\/en\/wp-json\/wp\/v2\/product\/34554"}],"collection":[{"href":"https:\/\/havamall.vn\/en\/wp-json\/wp\/v2\/product"}],"about":[{"href":"https:\/\/havamall.vn\/en\/wp-json\/wp\/v2\/types\/product"}],"replies":[{"embeddable":true,"href":"https:\/\/havamall.vn\/en\/wp-json\/wp\/v2\/comments?post=34554"}],"version-history":[{"count":0,"href":"https:\/\/havamall.vn\/en\/wp-json\/wp\/v2\/product\/34554\/revisions"}],"wp:featuredmedia":[{"embeddable":true,"href":"https:\/\/havamall.vn\/en\/wp-json\/wp\/v2\/media\/34555"}],"wp:attachment":[{"href":"https:\/\/havamall.vn\/en\/wp-json\/wp\/v2\/media?parent=34554"}],"wp:term":[{"taxonomy":"product_brand","embeddable":true,"href":"https:\/\/havamall.vn\/en\/wp-json\/wp\/v2\/product_brand?post=34554"},{"taxonomy":"product_cat","embeddable":true,"href":"https:\/\/havamall.vn\/en\/wp-json\/wp\/v2\/product_cat?post=34554"},{"taxonomy":"product_tag","embeddable":true,"href":"https:\/\/havamall.vn\/en\/wp-json\/wp\/v2\/product_tag?post=34554"}],"curies":[{"name":"wp","href":"https:\/\/api.w.org\/{rel}","templated":true}]}}