{"id":34544,"date":"2024-05-20T11:29:04","date_gmt":"2024-05-20T04:29:04","guid":{"rendered":"https:\/\/havamall.vn\/?post_type=product&#038;p=34544"},"modified":"2024-05-21T18:21:15","modified_gmt":"2024-05-21T11:21:15","slug":"bot-lam-banh-hot-cake-mix-powder-yamamori-400g","status":"publish","type":"product","link":"https:\/\/havamall.vn\/en\/shop\/bot-lam-banh-hot-cake-mix-powder-yamamori-400g\/","title":{"rendered":"B\u1ed9t l\u00e0m b\u00e1nh Hot Cake Mix Powder Yamamori 400g"},"content":{"rendered":"<h2><strong>TH\u00d4NG TIN CHUNG<\/strong><\/h2>\n<div dir=\"auto\">\n<div dir=\"auto\">\n<table>\n<tbody>\n<tr>\n<td>Th\u01b0\u01a1ng hi\u1ec7u<\/td>\n<td>Yamamori<\/td>\n<\/tr>\n<tr>\n<td>Xu\u1ea5t x\u1ee9 th\u01b0\u01a1ng hi\u1ec7u<\/td>\n<td>Nh\u1eadt B\u1ea3n<\/td>\n<\/tr>\n<tr>\n<td>H\u1ea1n s\u1eed d\u1ee5ng<\/td>\n<td>12 th\u00e1ng k\u1ec3 t\u1eeb ng\u00e0y s\u1ea3n xu\u1ea5t<\/td>\n<\/tr>\n<tr>\n<td>H\u01b0\u1edbng d\u1eabn b\u1ea3o qu\u1ea3n<\/td>\n<td>B\u1ea3o qu\u1ea3n nhi\u1ec7t \u0111\u1ed9 ph\u00f2ng<\/td>\n<\/tr>\n<tr>\n<td>H\u01b0\u1edbng d\u1eabn s\u1eed d\u1ee5ng<\/td>\n<td>D\u00f9ng \u0111\u1ec3 n\u1ea5u \u0103n<\/td>\n<\/tr>\n<tr>\n<td>Xu\u1ea5t x\u1ee9<\/td>\n<td>Th\u00e1i Lan<\/td>\n<\/tr>\n<tr>\n<td>Tr\u1ecdng l\u01b0\u1ee3ng s\u1ea3n ph\u1ea9m<\/td>\n<td>400g<\/td>\n<\/tr>\n<tr>\n<td>Quy c\u00e1ch \u0111\u00f3ng g\u00f3i<\/td>\n<td>T\u00fai 400g<\/td>\n<\/tr>\n<tr>\n<td>Th\u00e0nh ph\u1ea7n<\/td>\n<td>Xem tr\u00ean bao b\u00ec<\/td>\n<\/tr>\n<\/tbody>\n<\/table>\n<p>B\u1ed9t l\u00e0m b\u00e1nh hotcake mix l\u00e0 s\u1ea3n ph\u1ea9m quen thu\u1ed9c tr\u00ean k\u1ec7 tr\u01b0ng b\u00e0y \u1edf c\u00e1c si\u00eau th\u1ecb n\u1ed9i \u0111\u1ecba Nh\u1eadt. \u0110\u00e2y l\u00e0 g\u00f3i b\u1ed9t l\u00e0m b\u00e1nh pha s\u1eb5n \u0111\u1ec3 l\u00e0m \u0111\u01b0\u1ee3c th\u00e0nh c\u00f4ng r\u1ea5t nhi\u1ec1u lo\u1ea1i b\u00e1nh nh\u01b0 pancake, b\u00e1nh b\u00f4ng lan, b\u00e1nh r\u00e1n doremon, b\u00e1nh crepe,&#8230; Ch\u1ec9 c\u1ea7n th\u00eam tr\u1ee9ng v\u00e0 s\u1eefa, kh\u00f4ng c\u1ea7n ph\u1ea3i c\u00e2n \u0111o, \u0111ong \u0111\u1ebfm li\u1ec1u l\u01b0\u1ee3ng g\u00ec nhi\u1ec1u n\u00ean ngay c\u1ea3 nh\u1eefng m\u1eb9 kh\u00f4ng bi\u1ebft l\u00e0m b\u00e1nh c\u0169ng c\u00f3 th\u1ec3 t\u1eadp t\u00e0nh l\u00e0m b\u00e1nh cho b\u00e9 d\u00f9ng v\u00e0 kh\u1ea3 n\u0103ng th\u00e0nh c\u00f4ng s\u1ebd cao h\u01a1n h\u1eb3n vi\u1ec7c m\u00e0y m\u00f2 pha tr\u1ed9n c\u00e1c lo\u1ea1i nguy\u00ean li\u1ec7u t\u1eeb \u0111\u1ea7u<\/p>\n<p><img fetchpriority=\"high\" decoding=\"async\" class=\"aligncenter\" src=\"https:\/\/havamall.vn\/wp-content\/uploads\/2024\/05\/69288879.jpeg\" alt=\"Hot Cake Mix Series Morinaga Hot Cake Mix 300g \/Cj Beksul Hot Cake Mix 500g\/Halal Bestari Pancake Mix 1Kg Hot Cake Flour \u2013 HNJ MART\" width=\"875\" height=\"656\" \/><\/p>\n<p>\u0110\u01b0\u1ee3c s\u1ea3n xu\u1ea5t theo c\u00f4ng ngh\u1ec7 hi\u1ec7n \u0111\u1ea1i c\u1ee7a Nh\u1eadt B\u1ea3n, b\u1ed9t l\u00e0m b\u00e1nh th\u01a1m m\u1ecbn,h\u00f2a tan nhanh, r\u1ea5t d\u1ec5 khu\u1ea5y \u0111\u1ec1u.\u00a0B\u00e1nh \u0111\u1ea1t \u0111\u1ed9 m\u1ec1m m\u1ecbn, th\u01a1m ngon, \u0111\u1eb7c bi\u1ec7t b\u00e1nh kh\u00f4ng h\u1ec1 b\u1ecb kh\u00f4, h\u01b0\u01a1ng v\u1ecb th\u01a1m b\u00e9o, khi \u0103n s\u1ebd v\u00f4 c\u00f9ng th\u00edch th\u00fa v\u00e0 h\u1ea5p d\u1eabn.<\/p>\n<p>H\u00e3ng Yamamori l\u00e0 m\u1ed9t h\u00e3ng n\u1ed5i ti\u1ebfng c\u1ee7a x\u1ee9 s\u1edf Hoa Anh \u0110\u00e0o v\u1ec1 c\u00e1c s\u1ea3n ph\u1ea9m d\u00e0nh cho b\u00e9, \u0111\u01b0\u1ee3c c\u00e1c b\u00e0 m\u1eb9 kh\u00f4ng ch\u1ec9 \u1edf Nh\u1eadt m\u00e0 c\u00f2n \u1edf kh\u1eafp th\u1ebf gi\u1edbi tin d\u00f9ng\u00a0v\u00ec ngo\u00e0i \u0111\u00e1p \u1ee9ng nhu c\u1ea7u dinh d\u01b0\u1ee1ng, n\u00f3 c\u00f2n ch\u1ee9a th\u00e0nh ph\u1ea7n ho\u00e0n to\u00e0n l\u00e0nh t\u00ednh \u0111\u1ed1i v\u1edbi s\u1ee9c kh\u1ecfe c\u1ee7a b\u00e9 t\u1eeb 9 th\u00e1ng..<\/p>\n<p><strong>H\u01b0\u1edbng d\u1eabn s\u1eed d\u1ee5ng:<\/strong><\/p>\n<p><strong>C\u00e1ch l\u00e0m b\u00e1nh Hotcake, pancake<\/strong><\/p>\n<p><strong>Nguy\u00ean li\u1ec7u:<\/strong>\u00a0150g b\u1ed9t l\u00e0m b\u00e1nh\u00a0 1 tr\u1ee9ng g\u00e0, 100ml s\u1eefa (c\u00f3 th\u1ec3 d\u00f9ng s\u1eefa t\u01b0\u01a1i ho\u1eb7c s\u1eefa c\u00f4ng th\u1ee9c, n\u1ebfu kh\u00f4ng th\u00edch s\u1eefa c\u00f3 th\u1ec3 thay b\u1eb1ng n\u01b0\u1edbc), c\u00f3 th\u1ec3 cho th\u00eam vani ho\u1eb7c s\u1eefa dinh d\u01b0\u1ee1ng v\u1ecb cam, d\u00e2u\u2026 n\u1ebfu mu\u1ed1n t\u0103ng th\u00eam h\u01b0\u01a1ng v\u1ecb \u0111\u1eb7c s\u1eafc cho m\u00f3n b\u00e1nh.<\/p>\n<p><strong>C\u00e1ch th\u1ee9c th\u1ef1c hi\u1ec7n:<\/strong><\/p>\n<ul>\n<li>B\u01b0\u1edbc 1: Cho tr\u1ee9ng &amp; s\u1eefa v\u00e0o t\u00f4 khu\u1ea5y \u0111\u1ec1u, r\u1ed3i cho th\u00eam b\u1ed9t v\u00e0o khu\u1ea5y nh\u1eb9 nh\u00e0ng.<\/li>\n<li>B\u01b0\u1edbc 2: B\u1eafc ch\u1ea3o l\u00ean b\u1ebfp \u0111\u1ec3 cho n\u00f3ng (n\u1ebfu r\u00e1n b\u1eb1ng ch\u1ea3o ch\u1ed1ng d\u00ednh th\u00ec kh\u00f4ng c\u1ea7n cho d\u1ea7u \u0103n), sau \u0111\u00f3 d\u00f9ng mu\u1ed7ng m\u00fac 1\/3 l\u01b0\u1ee3ng b\u1ed9t \u0111\u00e3 pha s\u1eb5n b\u1ecf v\u00e0o ch\u1ea3o, ch\u1ec9nh l\u1eeda nh\u1ecf v\u1eeba \u0111\u1ec3 b\u00e1nh ch\u00edn \u0111\u1ec1u<\/li>\n<li>B\u01b0\u1edbc 3: \u0110\u1ec3 t\u1ea7m 3 ph\u00fat th\u1ea5y b\u00e1nh c\u00f3 nh\u1eefng l\u1ed7 b\u00f3ng nh\u1ecf n\u1ed5i l\u00ean th\u00ec tr\u1edf b\u1ec1 m\u1eb7t b\u00e1nh, \u0111\u1ec3 th\u00eam kho\u1ea3ng 2 ph\u00fat n\u1eefa l\u00e0 c\u00f3 th\u1ec3 l\u1ea5y ra d\u0129a \u0111\u1ec3 th\u01b0\u1edfng th\u1ee9c.<\/li>\n<li>C\u1ee9 l\u00e0m t\u01b0\u01a1ng t\u1ef1 cho \u0111\u1ebfn khi h\u1ebft h\u1ed7n h\u1ee3p. C\u00f3 th\u1ec3 ph\u1ee7 th\u00eam ph\u00f4 mai, b\u01a1, siro\u2026 t\u00f9y th\u00edch \u0111\u1ec3 t\u0103ng \u0111\u1ed9 h\u1ea5p d\u1eabn h\u01a1n cho m\u00f3n b\u00e1nh.<\/li>\n<\/ul>\n<p><strong>C\u00e1ch l\u00e0m b\u00e1nh Muffin ho\u1eb7c cupcake<\/strong><\/p>\n<p><strong>Nguy\u00ean li\u1ec7u:<\/strong>\u00a0150g b\u1ed9t l\u00e0m b\u00e1nh Morinaga, 1 tr\u1ee9ng g\u00e0, 100ml s\u1eefa (c\u00f3 th\u1ec3 d\u00f9ng s\u1eefa t\u01b0\u01a1i ho\u1eb7c s\u1eefa c\u00f4ng th\u1ee9c), 50g b\u01a1, 50g \u0111\u01b0\u1eddng<\/p>\n<p><strong>C\u00e1ch th\u1ee9c th\u1ef1c hi\u1ec7n:<\/strong><\/p>\n<ul>\n<li>B\u01b0\u1edbc 1: Cho h\u1ed7n h\u1ee3p b\u1ed9t, tr\u1ee9ng, s\u1eefa, b\u01a1 v\u00e0 \u0111\u01b0\u1eddng v\u00e0o t\u00f4 khu\u1ea5y \u0111\u1ec1u, sau \u0111\u00f3 cho v\u00e0o khu\u00f4n b\u00e1nh muffin<\/li>\n<li>B\u01b0\u1edbc 2: Cho v\u00e0o l\u00f2 n\u01b0\u1edbng \u1edf nhi\u1ec7t \u0111\u1ed9 180 \u0111\u1ed9 C, n\u01b0\u1edbng trong kho\u1ea3ng 20~25 ph\u00fat.<\/li>\n<\/ul>\n<p><img decoding=\"async\" class=\"aligncenter\" src=\"https:\/\/havamall.vn\/wp-content\/uploads\/2024\/05\/Japanese-hot-cake-mix4.jpg\" alt=\"Japanese hot cake mix - Chopstick Chronicles\" \/><\/p>\n<\/div>\n<\/div>","protected":false},"excerpt":{"rendered":"<p>TH\u00d4NG TIN CHUNG Th\u01b0\u01a1ng hi\u1ec7u Yamamori Xu\u1ea5t x\u1ee9 th\u01b0\u01a1ng hi\u1ec7u Nh\u1eadt B\u1ea3n H\u1ea1n s\u1eed d\u1ee5ng 12 th\u00e1ng k\u1ec3 t\u1eeb ng\u00e0y<\/p>","protected":false},"featured_media":34549,"comment_status":"open","ping_status":"closed","template":"","meta":[],"product_brand":[],"product_cat":[595,36],"product_tag":[],"class_list":{"0":"post-34544","1":"product","2":"type-product","3":"status-publish","4":"has-post-thumbnail","6":"product_cat-gia-vi-va-che-bien","7":"product_cat-thuc-pham-tieu-dung","9":"first","10":"instock","11":"sale","12":"shipping-taxable","13":"purchasable","14":"product-type-simple"},"_links":{"self":[{"href":"https:\/\/havamall.vn\/en\/wp-json\/wp\/v2\/product\/34544"}],"collection":[{"href":"https:\/\/havamall.vn\/en\/wp-json\/wp\/v2\/product"}],"about":[{"href":"https:\/\/havamall.vn\/en\/wp-json\/wp\/v2\/types\/product"}],"replies":[{"embeddable":true,"href":"https:\/\/havamall.vn\/en\/wp-json\/wp\/v2\/comments?post=34544"}],"version-history":[{"count":0,"href":"https:\/\/havamall.vn\/en\/wp-json\/wp\/v2\/product\/34544\/revisions"}],"wp:featuredmedia":[{"embeddable":true,"href":"https:\/\/havamall.vn\/en\/wp-json\/wp\/v2\/media\/34549"}],"wp:attachment":[{"href":"https:\/\/havamall.vn\/en\/wp-json\/wp\/v2\/media?parent=34544"}],"wp:term":[{"taxonomy":"product_brand","embeddable":true,"href":"https:\/\/havamall.vn\/en\/wp-json\/wp\/v2\/product_brand?post=34544"},{"taxonomy":"product_cat","embeddable":true,"href":"https:\/\/havamall.vn\/en\/wp-json\/wp\/v2\/product_cat?post=34544"},{"taxonomy":"product_tag","embeddable":true,"href":"https:\/\/havamall.vn\/en\/wp-json\/wp\/v2\/product_tag?post=34544"}],"curies":[{"name":"wp","href":"https:\/\/api.w.org\/{rel}","templated":true}]}}