{"id":34541,"date":"2024-05-20T11:12:51","date_gmt":"2024-05-20T04:12:51","guid":{"rendered":"https:\/\/havamall.vn\/?post_type=product&#038;p=34541"},"modified":"2025-03-20T11:33:17","modified_gmt":"2025-03-20T04:33:17","slug":"bot-lam-banh-takoyaki-okonomiyaki-mix-powder-yamamori-400g","status":"publish","type":"product","link":"https:\/\/havamall.vn\/en\/shop\/bot-lam-banh-takoyaki-okonomiyaki-mix-powder-yamamori-400g\/","title":{"rendered":"B\u1ed9t L\u00e0m B\u00e1nh Takoyaki Okonomiyaki Mix Powder Yamamori 400G"},"content":{"rendered":"<h2><strong>TH\u00d4NG TIN CHUNG<\/strong><\/h2>\n<div dir=\"auto\">\n<div dir=\"auto\">\n<table>\n<tbody>\n<tr>\n<td>Th\u01b0\u01a1ng hi\u1ec7u<\/td>\n<td>Yamamori<\/td>\n<\/tr>\n<tr>\n<td>Xu\u1ea5t x\u1ee9 th\u01b0\u01a1ng hi\u1ec7u<\/td>\n<td>Nh\u1eadt B\u1ea3n<\/td>\n<\/tr>\n<tr>\n<td>H\u1ea1n s\u1eed d\u1ee5ng<\/td>\n<td>12 th\u00e1ng k\u1ec3 t\u1eeb ng\u00e0y s\u1ea3n xu\u1ea5t<\/td>\n<\/tr>\n<tr>\n<td>H\u01b0\u1edbng d\u1eabn b\u1ea3o qu\u1ea3n<\/td>\n<td>B\u1ea3o qu\u1ea3n nhi\u1ec7t \u0111\u1ed9 ph\u00f2ng<\/td>\n<\/tr>\n<tr>\n<td>H\u01b0\u1edbng d\u1eabn s\u1eed d\u1ee5ng<\/td>\n<td>D\u00f9ng \u0111\u1ec3 n\u1ea5u \u0103n<\/td>\n<\/tr>\n<tr>\n<td>Xu\u1ea5t x\u1ee9<\/td>\n<td>Th\u00e1i Lan<\/td>\n<\/tr>\n<tr>\n<td>Tr\u1ecdng l\u01b0\u1ee3ng s\u1ea3n ph\u1ea9m<\/td>\n<td>400g<\/td>\n<\/tr>\n<tr>\n<td>Quy c\u00e1ch \u0111\u00f3ng g\u00f3i<\/td>\n<td>T\u00fai 400g<\/td>\n<\/tr>\n<tr>\n<td>Th\u00e0nh ph\u1ea7n<\/td>\n<td>Xem tr\u00ean bao b\u00ec<\/td>\n<\/tr>\n<\/tbody>\n<\/table>\n<p>M\u1ed9t trong nh\u1eefng m\u00f3n \u0103n v\u1eb7t \u0111\u01b0\u1eddng ph\u1ed1 n\u1ed5i ti\u1ebfng c\u1ee7a Nh\u1eadt B\u1ea3n m\u00e0 c\u00e1c du kh\u00e1ch v\u1eabn th\u01b0\u1eddng hay nh\u1eafc \u0111\u1ebfn ch\u00ednh l\u00e0\u00a0<em><strong>Takoyaki<\/strong><\/em>\u00a0hay c\u00f2n g\u1ecdi l\u00e0\u00a0<em><strong>b\u00e1nh b\u1ea1ch tu\u1ed9c<\/strong><\/em>\u00a0<em>(octopus balls)<\/em>.<\/p>\n<p>B\u00e1nh c\u00f3 d\u1ea1ng vi\u00ean tr\u00f2n nh\u01b0 h\u00ecnh qu\u1ea3 b\u00f3ng, \u0111\u01b0\u1ee3c l\u00e0m t\u1eeb b\u1ed9t m\u00ec, b\u00ean trong th\u01b0\u1eddng l\u00e0 nh\u00e2n b\u1ea1ch tu\u1ed9c, th\u1ec9nh tho\u1ea3ng c\u00f3 th\u1ec3 thay th\u1ebf b\u1eb1ng m\u1ed9t s\u1ed1 nguy\u00ean li\u1ec7u kh\u00e1c, t\u00f9y v\u00e0o s\u1edf th\u00edch ng\u01b0\u1eddi d\u00f9ng. \u0110\u1ec3 m\u00f3n \u0103n tr\u1edf n\u00ean h\u1ea5p d\u1eabn h\u01a1n th\u00ec takoyaki c\u00f2n \u0111\u01b0\u1ee3c r\u01b0\u1edbi th\u00eam s\u1ed1t takoyaki ri\u00eang v\u00e0 \u0103n k\u00e8m th\u00eam c\u00e1 ng\u1eeb kh\u00f4 b\u00e0o ho\u1eb7c mayonnaise.<\/p>\n<p>&nbsp;<\/p>\n<p>N\u1ebfu b\u1ea1n mu\u1ed1n tr\u1ed5 t\u00e0i t\u1ef1 l\u00e0m takoyaki t\u1ea1i nh\u00e0 th\u00ec c\u0169ng kh\u00f4ng qu\u00e1 kh\u00f3 khi nay \u0111\u00e3 c\u00f3\u00a0<strong>B\u1ed9t l\u00e0m b\u00e1nh Takoyaki Yamamori 400g\u00a0<\/strong>l\u00e0m tr\u1ee3 th\u1ee7 \u0111\u1eafc l\u1ef1c.<\/p>\n<p>\u0110\u00e2y l\u00e0 lo\u1ea1i b\u1ed9t pha s\u1eb5n \u0111\u01b0\u1ee3c l\u00e0m t\u1eeb b\u1ed9t m\u00ec, chi\u1ebft xu\u1ea5t c\u00e1 ng\u1eeb,&#8230;v\u00e0 m\u1ed9t s\u1ed1 gia v\u1ecb. B\u1ea1n ch\u1ec9 c\u1ea7n khu\u1ea5y b\u1ed9t v\u1edbi n\u01b0\u1edbc, cho tr\u1ee9ng g\u00e0 v\u00e0 c\u00e1c nguy\u00ean li\u1ec7u nh\u01b0 b\u1ea1ch tu\u1ed9c, b\u1eafp c\u1ea3i, t\u00f4m,..theo h\u01b0\u1edbng d\u1eabn r\u1ed3i tr\u1ed9n \u0111\u1ec1u, sau \u0111\u00f3 cho v\u00e0o khu\u00f4n \u0111\u1ed5 v\u00e0i ph\u00fat l\u00e0 c\u00f3 th\u1ec3 mlem mlem ngay th\u00f4i.<\/p>\n<p><img fetchpriority=\"high\" decoding=\"async\" class=\"aligncenter\" src=\"https:\/\/havamall.vn\/wp-content\/uploads\/2025\/03\/content.jpg\" alt=\"Takoyaki in Tokyo: The Iconic Japanese Street Food, takoyaki - lincuna.com.pe\" width=\"846\" height=\"476\" \/><\/p>\n<p>\u0110\u1eebng qu\u00ean cho th\u00eam\u00a0<em>s\u1ed1t takoyaki<\/em>,\u00a0<em>c\u00e1 b\u00e0o s\u1ee3i<\/em>\u00a0hay rong bi\u1ec3n l\u00ean b\u00e1nh \u0111\u1ec3 c\u00f3 th\u1ec3 th\u01b0\u1edfng th\u1ee9c tr\u1ecdn v\u1ecb ngon c\u1ee7a m\u00f3n \u0103n n\u00e0y nh\u00e9. Ngo\u00e0i b\u00e1nh b\u1ea1ch tu\u1ed9c, th\u00ec b\u1ed9t n\u00e0y c\u00f3 th\u1ec3 d\u00f9ng l\u00e0m\u00a0<em>b\u00e1nh x\u00e8o okonomiyaki<\/em>\u00a0c\u0169ng th\u00fa v\u1ecb kh\u00f4ng k\u00e9m!<\/p>\n<p><strong>Xu\u1ea5t x\u1ee9:\u00a0<\/strong>Th\u00e1i Lan<\/p>\n<p><strong>Th\u00e0nh ph\u1ea7n:<\/strong>\u00a0B\u1ed9t m\u00ec 91.2%, mu\u1ed1i, glucose, \u0111\u01b0\u1eddng, guar gum (E412), chi\u1ebft xu\u1ea5t c\u00e1 ng\u1eeb, b\u1ed9t n\u1edf-ch\u1ea5t t\u1ea1o x\u1ed1p (E500i), monosodium glutamate (E621)<\/p>\n<p><strong>Kh\u1ed1i l\u01b0\u1ee3ng\u00a0 t\u1ecbnh:<\/strong>\u00a0400g\/g\u00f3i<\/p>\n<p><strong>B\u1ea3o qu\u1ea3n:<\/strong>\u00a0N\u01a1i kh\u00f4 r\u00e1o, tho\u00e1ng m\u00e1t. Tr\u00e1nh \u00e1nh n\u1eafng tr\u1ef1c ti\u1ebfp.<\/p>\n<p><strong>H\u1ea1n s\u1eed d\u1ee5ng:<\/strong>\u00a012 th\u00e1ng k\u1ec3 t\u1eeb ng\u00e0y s\u1ea3n xu\u1ea5t<\/p>\n<p><strong>H\u01b0\u1edbng d\u1eabn s\u1eed d\u1ee5ng:<\/strong><\/p>\n<p><em><strong>L\u00e0m b\u00e1nh b\u1ea1ch tu\u1ed9c Takoyaki<\/strong><\/em><\/p>\n<ul>\n<li>D\u00f9ng 100g b\u1ed9t v\u1edbi 300ml n\u01b0\u1edbc, 1 qu\u1ea3 tr\u1ee9ng g\u00e0, cho th\u00eam 150g-200g b\u1eafp c\u1ea3i v\u00e0 150g nguy\u00ean li\u1ec7u kh\u00e1c t\u00f9y s\u1edf th\u00edch, tr\u1ed9n \u0111\u1ec1u h\u1ed7n h\u1ee3p.<\/li>\n<li>L\u00e0m n\u00f3ng ch\u1ea3o t\u1edbi 200 \u0111\u1ed9 C v\u00e0 cho d\u1ea7u th\u1ef1c v\u1eadt v\u00e0o t\u1eebng khu\u00f4n, \u0111\u1ed5 h\u1ed7n h\u1ee3p b\u1ed9t \u0111\u1ebfn n\u1eeda khu\u00f4n th\u00ec b\u1ecf b\u1ea1ch tu\u1ed9c v\u00e0 c\u00e1c nguy\u00ean li\u1ec7u kh\u00e1c v\u00e0o, sau \u0111\u00f3 ti\u1ebfp t\u1ee5c \u0111\u1ed5 h\u1ed7n h\u1ee3p b\u1ed9t v\u00e0o \u0111\u1ea7y khu\u00f4n.<\/li>\n<li>Chi\u00ean b\u00e1nh kho\u1ea3ng 1 ph\u00fat r\u01b0\u1ee1i, \u0111\u1ee3i b\u00e1nh kh\u00f4 r\u1ed3i l\u1eadt l\u1ea1i.<\/li>\n<li>L\u1eadt b\u00e1nh \u0111\u1ec1u cho \u0111\u1ebfn khi to\u00e0n b\u1ed9 b\u00e1nh c\u00f3 m\u00e0u h\u01a1i n\u00e2u. Th\u00eam s\u1ed1t yamamori takoyaki\/Okonomiyaki l\u00ean b\u00e1nh v\u00e0 th\u01b0\u1edfng th\u1ee9c.<\/li>\n<\/ul>\n<p><em><strong>L\u00e0m b\u00e1nh x\u00e8o Okonomiyaki<\/strong><\/em><\/p>\n<ul>\n<li>D\u00f9ng 100g b\u1ed9t v\u1edbi 200ml n\u01b0\u1edbc, 2 qu\u1ea3 tr\u1ee9ng g\u00e0,\u00a0cho th\u00eam 150g-200g b\u1eafp c\u1ea3i v\u00e0 150g nguy\u00ean li\u1ec7u kh\u00e1c t\u00f9y s\u1edf th\u00edch, tr\u1ed9n \u0111\u1ec1u h\u1ed7n h\u1ee3p.<\/li>\n<li>L\u00e0m n\u00f3ng ch\u1ea3o t\u1edbi 200 \u0111\u1ed9 C (ch\u1ea3o kh\u00f4ng d\u00ednh). Cho d\u1ea7u v\u00e0o ch\u1ea3o, \u0111\u1ed5 m\u1ed9t n\u1eefa h\u1ed7n h\u1ee3p \u0111\u00e3 chu\u1ea9n b\u1ecb v\u00e0o ch\u1ea3o, chi\u00ean b\u00e1nh trong v\u00f2ng 3 ph\u00fat \u0111\u1ebfn khi m\u1eb7t d\u01b0\u1edbi c\u00f3 m\u00e0u h\u01a1i n\u00e2u th\u00ec l\u1eadt b\u00e1nh l\u1ea1i.<\/li>\n<li>L\u00e0m n\u00f3ng b\u00e1nh th\u00eam 5 ph\u00fat r\u1ed3i l\u1eadt l\u1ea1i l\u1ea7n n\u1eefa v\u00e0 ti\u1ebfp t\u1ee5c chi\u00ean th\u00eam 2 ph\u00fat cho t\u1edbi khi b\u00e1nh ch\u00edn.\u00a0Th\u00eam s\u1ed1t yamamori takoyaki\/Okonomiyaki l\u00ean b\u00e1nh v\u00e0 th\u01b0\u1edfng th\u1ee9c.<\/li>\n<\/ul>\n<p><img decoding=\"async\" class=\"aligncenter\" src=\"https:\/\/havamall.vn\/wp-content\/uploads\/2025\/03\/cach-lam-banh-takoyaki-bang-noi-chien-khong-dau-1.jpg\" alt=\"C\u00e1ch L\u00e0m B\u00e1nh Takoyaki B\u1eb1ng N\u1ed3i Chi\u00ean Kh\u00f4ng D\u1ea7u \u0110\u01a1n Gi\u1ea3n\" \/><\/p>\n<\/div>\n<\/div>","protected":false},"excerpt":{"rendered":"<p>TH\u00d4NG TIN CHUNG Th\u01b0\u01a1ng hi\u1ec7u Yamamori Xu\u1ea5t x\u1ee9 th\u01b0\u01a1ng hi\u1ec7u Nh\u1eadt B\u1ea3n H\u1ea1n s\u1eed d\u1ee5ng 12 th\u00e1ng k\u1ec3 t\u1eeb ng\u00e0y<\/p>","protected":false},"featured_media":34542,"comment_status":"open","ping_status":"closed","template":"","meta":[],"product_brand":[],"product_cat":[595,675,36],"product_tag":[],"class_list":{"0":"post-34541","1":"product","2":"type-product","3":"status-publish","4":"has-post-thumbnail","6":"product_cat-gia-vi-va-che-bien","7":"product_cat-nhap-khau-nhat-ban","8":"product_cat-thuc-pham-tieu-dung","10":"first","11":"instock","12":"sale","13":"shipping-taxable","14":"purchasable","15":"product-type-simple"},"_links":{"self":[{"href":"https:\/\/havamall.vn\/en\/wp-json\/wp\/v2\/product\/34541"}],"collection":[{"href":"https:\/\/havamall.vn\/en\/wp-json\/wp\/v2\/product"}],"about":[{"href":"https:\/\/havamall.vn\/en\/wp-json\/wp\/v2\/types\/product"}],"replies":[{"embeddable":true,"href":"https:\/\/havamall.vn\/en\/wp-json\/wp\/v2\/comments?post=34541"}],"version-history":[{"count":0,"href":"https:\/\/havamall.vn\/en\/wp-json\/wp\/v2\/product\/34541\/revisions"}],"wp:featuredmedia":[{"embeddable":true,"href":"https:\/\/havamall.vn\/en\/wp-json\/wp\/v2\/media\/34542"}],"wp:attachment":[{"href":"https:\/\/havamall.vn\/en\/wp-json\/wp\/v2\/media?parent=34541"}],"wp:term":[{"taxonomy":"product_brand","embeddable":true,"href":"https:\/\/havamall.vn\/en\/wp-json\/wp\/v2\/product_brand?post=34541"},{"taxonomy":"product_cat","embeddable":true,"href":"https:\/\/havamall.vn\/en\/wp-json\/wp\/v2\/product_cat?post=34541"},{"taxonomy":"product_tag","embeddable":true,"href":"https:\/\/havamall.vn\/en\/wp-json\/wp\/v2\/product_tag?post=34541"}],"curies":[{"name":"wp","href":"https:\/\/api.w.org\/{rel}","templated":true}]}}