{"id":34536,"date":"2024-05-18T16:45:46","date_gmt":"2024-05-18T09:45:46","guid":{"rendered":"https:\/\/havamall.vn\/?post_type=product&#038;p=34536"},"modified":"2025-11-13T14:50:31","modified_gmt":"2025-11-13T07:50:31","slug":"dua-non-soi-dong-lanh-andros-500g","status":"publish","type":"product","link":"https:\/\/havamall.vn\/en\/shop\/dua-non-soi-dong-lanh-andros-500g\/","title":{"rendered":"D\u1eeba Non S\u1ee3i \u0110\u00f4ng L\u1ea1nh Andros 500g"},"content":{"rendered":"<div class=\"j83agx80\">\n<div class=\"dwo3fsh8 g5ia77u1 rt8b4zig n8ej3o3l agehan2d sk4xxmp2 rq0escxv q9uorilb kvgmc6g5 cxmmr5t8 oygrvhab hcukyx3x jb3vyjys rz4wbd8a qt6c0cv9 a8nywdso l9j0dhe7 i1ao9s8h k4urcfbm\">\n<div class=\"j83agx80 cbu4d94t sj5x9vvc cxgpxx05\">\n<div class=\"rq0escxv l9j0dhe7 du4w35lb j83agx80 pfnyh3mw jifvfom9 ll8tlv6m owycx6da btwxx1t3 hv4rvrfc dati1w0a jb3vyjys b5q2rw42 lq239pai mysgfdmx hddg9phg\">\n<div class=\"rq0escxv l9j0dhe7 du4w35lb j83agx80 cbu4d94t d2edcug0 hpfvmrgz rj1gh0hx buofh1pr g5gj957u o8rfisnq p8fzw8mz pcp91wgn iuny7tx3 ipjc6fyt\">\n<div class=\"j83agx80 cbu4d94t ew0dbk1b irj2b8pg\">\n<div class=\"qzhwtbm6 knvmm38d\">\n<div class=\"j83agx80 cbu4d94t ew0dbk1b irj2b8pg\">\n<div class=\"qzhwtbm6 knvmm38d\">\n<div class=\"kvgmc6g5 cxmmr5t8 oygrvhab hcukyx3x c1et5uql\">\n<div dir=\"auto\">\n<h2><strong>TH\u00d4NG TIN CHUNG<\/strong><\/h2>\n<div dir=\"auto\">\n<div dir=\"auto\">\n<table>\n<tbody>\n<tr>\n<td>Th\u01b0\u01a1ng hi\u1ec7u<\/td>\n<td>Andros<\/td>\n<\/tr>\n<tr>\n<td>Xu\u1ea5t x\u1ee9 th\u01b0\u01a1ng hi\u1ec7u<\/td>\n<td>Ph\u00e1p<\/td>\n<\/tr>\n<tr>\n<td>H\u1ea1n s\u1eed d\u1ee5ng<\/td>\n<td>12 th\u00e1ng k\u1ec3 t\u1eeb ng\u00e0y s\u1ea3n xu\u1ea5t<\/td>\n<\/tr>\n<tr>\n<td>H\u01b0\u1edbng d\u1eabn b\u1ea3o qu\u1ea3n<\/td>\n<td>B\u1ea3o qu\u1ea3n \u0111\u00f4ng l\u1ea1nh<\/td>\n<\/tr>\n<tr>\n<td>H\u01b0\u1edbng d\u1eabn s\u1eed d\u1ee5ng<\/td>\n<td>D\u00f9ng \u0111\u1ec3 pha ch\u1ebf n\u01b0\u1edbc u\u1ed1ng, l\u00e0m b\u00e1nh, n\u1ea5u \u0103n,\u2026<\/td>\n<\/tr>\n<tr>\n<td>Xu\u1ea5t x\u1ee9<\/td>\n<td>Vi\u1ec7t Nam<\/td>\n<\/tr>\n<tr>\n<td>Tr\u1ecdng l\u01b0\u1ee3ng s\u1ea3n ph\u1ea9m<\/td>\n<td>500g<\/td>\n<\/tr>\n<tr>\n<td>Quy c\u00e1ch \u0111\u00f3ng g\u00f3i<\/td>\n<td>H\u1ed9p 500g<\/td>\n<\/tr>\n<tr>\n<td>Th\u00e0nh ph\u1ea7n<\/td>\n<td>100% d\u1eeba t\u01b0\u01a1i non<\/td>\n<\/tr>\n<\/tbody>\n<\/table>\n<\/div>\n<\/div>\n<\/div>\n<div dir=\"auto\">Andros Asia l\u00e0 c\u00f4ng ty c\u1ee7a Ph\u00e1p t\u1ea1i Vi\u1ec7t Nam, l\u00e0 chuy\u00ean gia s\u1ea3n xu\u1ea5t ch\u1ebf bi\u1ebfn c\u00e1c lo\u1ea1i tr\u00e1i c\u00e2y, nguy\u00ean li\u1ec7u chuy\u00ean d\u00f9ng trong l\u0129nh v\u1ef1c th\u1ee9c u\u1ed1ng v\u00e0 b\u00e1nh ng\u1ecdt.<\/div>\n<p dir=\"auto\">ANDROS l\u00e0 c\u00f4ng ty gia \u0111\u00ecnh \u1edf v\u00f9ng ngo\u1ea1i \u00f4 Ph\u00e1p v\u1edbi nh\u1eefng gi\u00e1 tr\u1ecb \u0111\u00e1ng t\u1ef1 h\u00e0o trong h\u01a1n 100 n\u0103m v\u00e0 mong mu\u1ed1n ph\u00e1t tri\u1ec3n th\u00e0nh m\u1ed9t t\u1eadp \u0111o\u00e0n c\u00f4ng nghi\u00eap \u0111a qu\u1ed1c gia. M\u1eb7c d\u00f9 t\u1eeb x\u01b0a \u0111\u1ebfn nay tr\u00e1i c\u00e2y lu\u00f4n l\u00e0 d\u00f2ng s\u1ea3n ph\u1ea9m ch\u00ednh c\u1ee7a ANDROS, t\u1eadp \u0111o\u00e0n c\u00f2n m\u1edf r\u1ed9ng s\u1ea3n xu\u1ea5t th\u00eam nhi\u1ec1u s\u1ea3n ph\u1ea9m kh\u00e1c nh\u01b0 b\u00e1nh k\u1eb9o, s\u1ea3n ph\u1ea9m t\u1eeb s\u1eefa v\u00e0 \u0111\u1ed3 tr\u00e1ng mi\u00eang \u0111\u00f4ng l\u1ea1nh.<\/p>\n<p dir=\"auto\">ANDROS Asia l\u00e0 chuy\u00ean gia s\u1ea3n xu\u1ea5t c\u00e1c lo\u1ea1i tr\u00e1i c\u00e2y t\u1eeb ngu\u1ed3n nguy\u00ean li\u00eau \u0111\u1ecba ph\u01b0\u01a1ng. V\u1edbi ni\u1ec1m \u0111am m\u00ea t\u1ea1o ra nh\u1eefng s\u1ea3n ph\u1ea9m tr\u00e1i c\u00e2y ch\u1ea5t l\u01b0\u1ee3ng v\u00e0 kinh nghi\u1ec7m l\u00e0m m\u1ee9t l\u00e2u \u0111\u1eddi, ANDROS \u0111a d\u1ea1ng h\u00f3a s\u1ea3n ph\u1ea9m \u0111\u1ec3 mang t\u1edbi nh\u1eefng d\u00f2ng s\u1ea3n ph\u1ea9m nguy\u00ean li\u1ec7u ch\u1ebf bi\u1ebfn th\u1ee9c u\u1ed1ng v\u00e0 b\u00e1nh ng\u1ecdt. M\u1ecdi s\u1ea3n ph\u1ea9m \u0111\u1ec1u \u0111\u01b0\u1ee3c ch\u1ebf bi\u1ebfn d\u1ef1a tr\u00ean n\u1eefng chuy\u00ean m\u00f4n v\u00e0 b\u00ed quy\u1ebft l\u00e2u \u0111\u1eddi t\u1eeb Ph\u00e1p.<\/p>\n<p><img fetchpriority=\"high\" decoding=\"async\" class=\"aligncenter\" src=\"https:\/\/scontent.fsgn8-4.fna.fbcdn.net\/v\/t39.30808-6\/434719100_839608574877257_393715954915392704_n.jpg?stp=dst-jpg_s1080x2048&amp;_nc_cat=109&amp;ccb=1-7&amp;_nc_sid=5f2048&amp;_nc_ohc=rTkA-3QmTDsQ7kNvgGMNMZg&amp;_nc_ht=scontent.fsgn8-4.fna&amp;oh=00_AYALY2jnwSOCehMzrhJ9pdvn2-IIkhapLS4eIvEWz9edUA&amp;oe=664E54F3\" alt=\"C\u00f3 th\u1ec3 l\u00e0 h\u00ecnh \u1ea3nh v\u1ec1 v\u0103n b\u1ea3n cho bi\u1ebft 'ANDROS PROFESSIONAL Ti\u00eau Cay \u0110\u00f4ng l\u1ea1nh M\u1ed9i ANDROS PROFESSIONAL Fruits LANH Frozeh TR\u00c1LC\u00c2Y\u0110\u00d4NGLANH CAY \u0110ONG TR\u00c1I uKa m\/ D\u1eeba Non S\u1ee3i Young YoungCoconut Coconut Stripes TUY\u1ec6T \u0110\u00ccNH TUY\u1ec6T DAI D\u1eeaA NON M\u1ec0M s\u1ee3I \u7d75\u5f25\u3067 500% 04'\" width=\"761\" height=\"762\" \/><\/p>\n<p dir=\"auto\">Nh\u1eb1m mang \u0111\u1ebfn s\u1ef1 ti\u1ec7n l\u1ee3i cho ng\u01b0\u1eddi s\u1eed d\u1ee5ng, Andros \u0111\u00e3 s\u1ea3n xu\u1ea5t tr\u00e1i c\u00e2y \u0111\u00f4ng l\u1ea1nh. Ph\u01b0\u01a1ng ph\u00e1p n\u00e0y v\u1eeba ti\u1ebft ki\u1ec7m th\u1eddi gian, v\u1eeba gi\u1ea3i quy\u1ebft lo l\u1eafng cho kh\u00e1ch h\u00e0ng khi th\u1ef1c ph\u1ea9m h\u1ecfng h\u00f3c. Tr\u1ea3i qua quy tr\u00ecnh kh\u00e9p kh\u00ed, c\u00e1c th\u00e0nh ph\u1ea7n dinh d\u01b0\u1ee1ng trong chanh d\u00e2y v\u1eabn \u0111\u01b0\u1ee3c gi\u1eef tr\u1ecdn v\u1eb9n.<\/p>\n<\/div>\n<\/div>\n<\/div>\n<\/div>\n<\/div>\n<\/div>\n<\/div>\n<\/div>\n<\/div>\n<\/div>\n<div class=\"j83agx80\">\n<div class=\"dwo3fsh8 g5ia77u1 rt8b4zig n8ej3o3l agehan2d sk4xxmp2 rq0escxv q9uorilb kvgmc6g5 cxmmr5t8 oygrvhab hcukyx3x jb3vyjys rz4wbd8a qt6c0cv9 a8nywdso l9j0dhe7 i1ao9s8h k4urcfbm\">\n<div class=\"j83agx80 cbu4d94t sj5x9vvc cxgpxx05\">\n<div class=\"rq0escxv l9j0dhe7 du4w35lb j83agx80 pfnyh3mw jifvfom9 ll8tlv6m owycx6da btwxx1t3 hv4rvrfc dati1w0a jb3vyjys b5q2rw42 lq239pai mysgfdmx hddg9phg\">\n<div class=\"rq0escxv l9j0dhe7 du4w35lb j83agx80 cbu4d94t d2edcug0 hpfvmrgz rj1gh0hx buofh1pr g5gj957u o8rfisnq p8fzw8mz pcp91wgn iuny7tx3 ipjc6fyt\">\n<div class=\"j83agx80 cbu4d94t ew0dbk1b irj2b8pg\">\n<div class=\"qzhwtbm6 knvmm38d\">\n<div class=\"j83agx80 cbu4d94t ew0dbk1b irj2b8pg\">\n<div class=\"qzhwtbm6 knvmm38d\">\n<div class=\"kvgmc6g5 cxmmr5t8 oygrvhab hcukyx3x c1et5uql\">\n<p dir=\"auto\">D\u1eeba non s\u1ee3i \u0111\u00f4ng l\u1ea1nh Andros l\u00e0 d\u00f2ng s\u1ea3n ph\u1ea9m tr\u00e1i c\u00e2y \u0111\u00f4ng l\u1ea1nh v\u1edbi d\u00e2y chuy\u1ec1n c\u1ea5p \u0111\u00f4ng si\u00eau t\u1ed1c (IQF) 100% l\u00e0m t\u1eeb tr\u00e1i c\u00e2y t\u1ef1 nhi\u00ean v\u00e0 \u0111\u01b0\u1ee3c l\u1ef1a ch\u1ecdn k\u1ef9 l\u01b0\u1ee1ng, \u0111\u01b0\u1ee3c \u0111\u00f3ng g\u00f3i ti\u1ec7n l\u1ee3i \u0111\u1ec3 ph\u1ee5c v\u1ee5 m\u1ecdi nhu c\u1ea7u s\u1eed d\u1ee5ng su\u1ed1t c\u1ea3 n\u0103m.<\/p>\n<div class=\"kvgmc6g5 cxmmr5t8 oygrvhab hcukyx3x c1et5uql ii04i59q\">\n<div class=\"j83agx80\">\n<div class=\"dwo3fsh8 g5ia77u1 rt8b4zig n8ej3o3l agehan2d sk4xxmp2 rq0escxv q9uorilb kvgmc6g5 cxmmr5t8 oygrvhab hcukyx3x jb3vyjys rz4wbd8a qt6c0cv9 a8nywdso l9j0dhe7 i1ao9s8h k4urcfbm\">\n<div class=\"j83agx80 cbu4d94t sj5x9vvc cxgpxx05\">\n<div class=\"rq0escxv l9j0dhe7 du4w35lb j83agx80 pfnyh3mw jifvfom9 ll8tlv6m owycx6da btwxx1t3 hv4rvrfc dati1w0a jb3vyjys b5q2rw42 lq239pai mysgfdmx hddg9phg\">\n<div class=\"rq0escxv l9j0dhe7 du4w35lb j83agx80 cbu4d94t d2edcug0 hpfvmrgz rj1gh0hx buofh1pr g5gj957u o8rfisnq p8fzw8mz pcp91wgn iuny7tx3 ipjc6fyt\">\n<div class=\"j83agx80 cbu4d94t ew0dbk1b irj2b8pg\">\n<div class=\"qzhwtbm6 knvmm38d\">\n<div class=\"j83agx80 cbu4d94t ew0dbk1b irj2b8pg\">\n<div class=\"qzhwtbm6 knvmm38d\">\n<div class=\"kvgmc6g5 cxmmr5t8 oygrvhab hcukyx3x c1et5uql\">\n<div class=\"kvgmc6g5 cxmmr5t8 oygrvhab hcukyx3x c1et5uql ii04i59q\">\n<p dir=\"auto\">Tr\u00e1i c\u00e2y \u0111\u01b0\u1ee3c ch\u1ecdn t\u1eeb nh\u1eefng ngu\u1ed3n v\u00e0 gi\u1ed1ng t\u1ed1t nh\u1ea5t \u0111\u1ea3m b\u1ea3o kh\u00f4ng \u0111\u01b0\u1eddng, kh\u00f4ng ch\u1ea5t t\u1ea1o m\u00f9i, kh\u00f4ng ch\u1ea5t t\u1ea1o m\u00e0u, kh\u00f4ng ch\u1ea5t b\u1ea3o qu\u1ea3n n\u00ean r\u1ea5t an to\u00e0n cho ng\u01b0\u1eddi s\u1eed d\u1ee5ng. S\u1ea3n ph\u1ea9m \u0111\u01b0\u1ee3c l\u00e0m l\u1ea1nh ngay sau khi thu ho\u1ea1ch n\u00ean gi\u1eef \u0111\u01b0\u1ee3c tr\u1ecdn v\u1eb9n h\u01b0\u01a1ng v\u1ecb, \u0111\u1ed9 t\u01b0\u01a1i ngon c\u00f9ng c\u00e1c vitamin, kho\u00e1ng ch\u1ea5t.<\/p>\n<\/div>\n<\/div>\n<\/div>\n<\/div>\n<\/div>\n<\/div>\n<\/div>\n<\/div>\n<\/div>\n<\/div>\n<\/div>\n<h2><strong>L\u1ee3i \u00edch s\u1ee9c kh\u1ecfe c\u1ee7a D\u1eeba non:<\/strong><\/h2>\n<p><strong>N\u0103ng l\u01b0\u1ee3ng<\/strong><\/p>\n<p>Nhi\u1ec1u ng\u01b0\u1eddi \u0103n th\u1ecbt d\u1eeba non, \u0111\u1eb7c bi\u1ec7t v\u00ec n\u00f3 c\u00f3 th\u1ec3 cung c\u1ea5p \u0111\u1ee7 n\u0103ng l\u01b0\u1ee3ng. Trong m\u1ed9t kh\u1ea9u ph\u1ea7n th\u1ecbt d\u1eeba n\u00e0y, ch\u00fang ta s\u1ebd nh\u1eadn \u0111\u01b0\u1ee3c kho\u1ea3ng 12,2 gam carbohydrate, 26,8 gam t\u1ed5ng ch\u1ea5t b\u00e9o, c\u0169ng nh\u01b0 2,9 gam protein.<\/p>\n<p>Kh\u00f4ng ch\u1ec9 l\u00e0 ngu\u1ed3n cung c\u1ea5p n\u0103ng l\u01b0\u1ee3ng m\u00e0 c\u01a1m d\u1eeba c\u00f2n ch\u1ee9a nhi\u1ec1u ch\u1ea5t dinh d\u01b0\u1ee1ng v\u00e0 kho\u00e1ng ch\u1ea5t kh\u00e1c gi\u00fap b\u1ea1n kh\u1ecfe m\u1ea1nh h\u01a1n.<\/p>\n<p><strong>Cholesterol<\/strong><\/p>\n<p>\u0110\u00e3 c\u00f3 m\u1ed9t nghi\u00ean c\u1ee9u \u0111\u01b0\u1ee3c th\u1ef1c hi\u1ec7n \u1edf Philippines v\u1ec1 nghi\u00ean c\u1ee9u tim m\u1ea1ch cho th\u1ea5y ch\u1ea5t b\u00e9o b\u00e3o h\u00f2a b\u00ean trong qu\u1ea3 d\u1eeba non n\u00e0y c\u00f3 th\u1ec3 gi\u00fap gi\u1ea3m m\u1ee9c cholesterol x\u1ea5u trong m\u00e1u.<\/p>\n<p>C\u01a1m d\u1eeba c\u00f3 th\u1ec3 l\u00e0m t\u0103ng m\u1ee9c \u0111\u1ed9 cholesterol t\u1ed1t trong c\u01a1 th\u1ec3 c\u1ee7a b\u1ea1n. Ngo\u00e0i ra, ch\u1ea5t b\u00e9o b\u00e3o h\u00f2a b\u00ean trong c\u01a1m d\u1eeba non l\u00e0 lo\u1ea1i kh\u00f4ng d\u1ec5 b\u1ecb ph\u00e1 v\u1ee1 n\u00ean s\u1ebd kh\u00f4ng k\u00edch ho\u1ea1t h\u00e0m l\u01b0\u1ee3ng cholesterol x\u1ea5u c\u1ee7a c\u01a1m trong m\u00e1u.<\/p>\n<p><strong>Cung c\u1ea5p ch\u1ea5t x\u01a1<\/strong><\/p>\n<p>V\u00ec c\u01a1m d\u1eeba c\u00f3 ngu\u1ed3n g\u1ed1c t\u1eeb th\u1ef1c v\u1eadt, b\u1ea1n c\u00f3 th\u1ec3 nh\u1eadn \u0111\u01b0\u1ee3c nh\u1eefng l\u1ee3i \u00edch s\u1ee9c kh\u1ecfe t\u1eeb th\u1ecbt d\u1eeba non t\u1eeb ch\u1ea5t x\u01a1 c\u00f3 trong n\u00f3.<\/p>\n<p>Trong m\u1ed9t kh\u1ea9u ph\u1ea7n c\u01a1m d\u1eeba, b\u1ea1n c\u00f3 th\u1ec3 t\u00ecm th\u1ea5y kho\u1ea3ng 7,2 gam ch\u1ea5t x\u01a1.\u00a0L\u01b0\u1ee3ng \u0111\u00f3 t\u01b0\u01a1ng \u0111\u01b0\u01a1ng v\u1edbi 20% nhu c\u1ea7u ch\u1ea5t x\u01a1 h\u1eb1ng ng\u00e0y c\u1ee7a b\u1ea1n.<\/p>\n<p>C\u01a1 th\u1ec3 c\u1ea7n ch\u1ea5t x\u01a1 v\u00ec n\u00f3 cung c\u1ea5p nhi\u1ec1u l\u1ee3i \u00edch.\u00a0N\u00f3 c\u0169ng c\u00f3 th\u1ec3 khi\u1ebfn b\u1ea1n c\u1ea3m th\u1ea5y no h\u01a1n m\u1ed7i khi \u0103n c\u01a1m d\u1eeba \u0111\u1ec3 kh\u00f4ng \u0103n qu\u00e1 nhi\u1ec1u.<\/p>\n<p><strong>Ki\u1ec3m so\u00e1t c\u00e2n n\u1eb7ng<\/strong><\/p>\n<p>Nhi\u1ec1u ng\u01b0\u1eddi g\u1eb7p kh\u00f3 kh\u0103n trong vi\u1ec7c ki\u1ec3m so\u00e1t c\u00e2n n\u1eb7ng c\u1ee7a m\u00ecnh.\u00a0\u0110\u1eb7c bi\u1ec7t l\u00e0 v\u00ec c\u00e1c lo\u1ea1i th\u1ef1c ph\u1ea9m \u00edt calo m\u00e0 h\u1ecd \u0103n kh\u00f4ng th\u1ec3 khi\u1ebfn h\u1ecd c\u1ea3m th\u1ea5y no n\u00ean cu\u1ed1i c\u00f9ng h\u1ecd s\u1ebd \u0103n nhi\u1ec1u h\u01a1n m\u1ee9c c\u1ea7n thi\u1ebft.<\/p>\n<p>B\u1ea1n c\u00f3 th\u1ec3 n\u00ean th\u00eam ph\u1ea7n th\u1ecbt d\u1eeba non n\u00e0y v\u00e0o th\u1ef1c \u0111\u01a1n \u0103n ki\u00eang c\u1ee7a m\u00ecnh. B\u00ean trong ph\u1ea7n c\u01a1m d\u1eeba n\u00e0y c\u00f3 nhi\u1ec1u ch\u1ea5t x\u01a1 gi\u00fap b\u1ea1n c\u00f3 c\u1ea3m gi\u00e1c no sau khi \u0103n. Do \u0111\u00f3, b\u1ea1n s\u1ebd kh\u00f4ng \u0103n qu\u00e1 nhi\u1ec1u v\u00e0 s\u1ebd d\u1ec5 d\u00e0ng ki\u1ec3m so\u00e1t c\u00e2n n\u1eb7ng c\u1ee7a m\u00ecnh h\u01a1n.<\/p>\n<p>H\u01a1n n\u1eefa, c\u01a1m d\u1eeba non c\u0169ng \u00edt calo kh\u00e1c h\u1eb3n v\u1edbi c\u01a1m d\u1eeba gi\u00e0 n\u00ean b\u1ea1n s\u1ebd kh\u00f4ng n\u1ea1p qu\u00e1 nhi\u1ec1u calo sau khi \u0103n.\u00a0Trong m\u1ed9t kh\u1ea9u ph\u1ea7n d\u1eeba non, b\u1ea1n s\u1ebd ch\u1ec9 nh\u1eadn \u0111\u01b0\u1ee3c 283 calo.<\/p>\n<p><strong>B\u1ed5 m\u00e1u<\/strong><\/p>\n<p>Ph\u1ea7n c\u01a1m d\u1eeba n\u00e0y ch\u1ee9a r\u1ea5t nhi\u1ec1u ch\u1ea5t dinh d\u01b0\u1ee1ng c\u1ea7n thi\u1ebft cho m\u00e1u c\u1ee7a b\u1ea1n. \u0110\u1eb7c bi\u1ec7t l\u00e0 \u0111\u1ec3 s\u1ea3n xu\u1ea5t c\u00e1c t\u1ebf b\u00e0o h\u1ed3ng c\u1ea7u c\u1ea7n c\u00e1c ch\u1ea5t dinh d\u01b0\u1ee1ng kh\u00e1c nhau nh\u01b0 kali, vitamin B v\u00e0 \u0111\u1ed3ng.<\/p>\n<p>Nh\u1eefng kho\u00e1ng ch\u1ea5t \u0111\u00f3, c\u0169ng nh\u01b0 c\u00e1c ch\u1ea5t dinh d\u01b0\u1ee1ng, s\u1ebd gi\u00fap c\u01a1 th\u1ec3 b\u1ea1n t\u1ea1o \u0111\u1ee7 t\u1ebf b\u00e0o h\u1ed3ng c\u1ea7u.<\/p>\n<p>&nbsp;<\/p>\n<p>&nbsp;<\/p>\n<\/div>\n<\/div>\n<\/div>\n<\/div>\n<\/div>\n<\/div>\n<\/div>\n<\/div>\n<\/div>\n<\/div>\n<\/div>","protected":false},"excerpt":{"rendered":"<p>TH\u00d4NG TIN CHUNG Th\u01b0\u01a1ng hi\u1ec7u Andros Xu\u1ea5t x\u1ee9 th\u01b0\u01a1ng hi\u1ec7u Ph\u00e1p H\u1ea1n s\u1eed d\u1ee5ng 12 th\u00e1ng k\u1ec3 t\u1eeb ng\u00e0y s\u1ea3n<\/p>","protected":false},"featured_media":34537,"comment_status":"open","ping_status":"closed","template":"","meta":[],"product_brand":[],"product_cat":[671,256,678,36],"product_tag":[],"class_list":{"0":"post-34536","1":"product","2":"type-product","3":"status-publish","4":"has-post-thumbnail","6":"product_cat-nhap-khau-phap","7":"product_cat-thuc-pham-huu-co","8":"product_cat-trai-cay-dong-lanh","9":"product_cat-thuc-pham-tieu-dung","10":"pa_brand-andros","12":"first","13":"instock","14":"sale","15":"shipping-taxable","16":"purchasable","17":"product-type-simple"},"_links":{"self":[{"href":"https:\/\/havamall.vn\/en\/wp-json\/wp\/v2\/product\/34536"}],"collection":[{"href":"https:\/\/havamall.vn\/en\/wp-json\/wp\/v2\/product"}],"about":[{"href":"https:\/\/havamall.vn\/en\/wp-json\/wp\/v2\/types\/product"}],"replies":[{"embeddable":true,"href":"https:\/\/havamall.vn\/en\/wp-json\/wp\/v2\/comments?post=34536"}],"version-history":[{"count":0,"href":"https:\/\/havamall.vn\/en\/wp-json\/wp\/v2\/product\/34536\/revisions"}],"wp:featuredmedia":[{"embeddable":true,"href":"https:\/\/havamall.vn\/en\/wp-json\/wp\/v2\/media\/34537"}],"wp:attachment":[{"href":"https:\/\/havamall.vn\/en\/wp-json\/wp\/v2\/media?parent=34536"}],"wp:term":[{"taxonomy":"product_brand","embeddable":true,"href":"https:\/\/havamall.vn\/en\/wp-json\/wp\/v2\/product_brand?post=34536"},{"taxonomy":"product_cat","embeddable":true,"href":"https:\/\/havamall.vn\/en\/wp-json\/wp\/v2\/product_cat?post=34536"},{"taxonomy":"product_tag","embeddable":true,"href":"https:\/\/havamall.vn\/en\/wp-json\/wp\/v2\/product_tag?post=34536"}],"curies":[{"name":"wp","href":"https:\/\/api.w.org\/{rel}","templated":true}]}}