{"id":34527,"date":"2024-05-17T16:40:35","date_gmt":"2024-05-17T09:40:35","guid":{"rendered":"https:\/\/havamall.vn\/?post_type=product&#038;p=34527"},"modified":"2025-11-07T10:41:22","modified_gmt":"2025-11-07T03:41:22","slug":"dua-chuot-bao-tu-baby-ngam-muoi-havafoodies-500gr-gherki","status":"publish","type":"product","link":"https:\/\/havamall.vn\/en\/shop\/dua-chuot-bao-tu-baby-ngam-muoi-havafoodies-500gr-gherki\/","title":{"rendered":"D\u01b0a Chu\u1ed9t Bao T\u1eed Baby Ng\u00e2m Mu\u1ed1i Havafoodies 500gr \u2013 Gherki"},"content":{"rendered":"<h2 class=\"product-detail__specs-title\"><strong>TH\u00d4NG TIN CHUNG<\/strong><\/h2>\n<div id=\"js-product-detail__specs\" class=\"product-detail__specs\">\n<div class=\"row\">\n<div class=\"col-sm-12\">\n<div class=\"product-specs__table\">\n<table>\n<tbody>\n<tr>\n<td class=\"specs-table__property\">Th\u01b0\u01a1ng hi\u1ec7u<\/td>\n<td class=\"specs-table__value\">Havafoodies<\/td>\n<\/tr>\n<tr>\n<td class=\"specs-table__property\">Xu\u1ea5t x\u1ee9<\/td>\n<td class=\"specs-table__value\">Nga<\/td>\n<\/tr>\n<tr>\n<td class=\"specs-table__property\">H\u1ea1n s\u1eed d\u1ee5ng<\/td>\n<td class=\"specs-table__value\">3 n\u0103m k\u1ec3 t\u1eeb ng\u00e0y s\u1ea3n xu\u1ea5t<\/td>\n<\/tr>\n<tr>\n<td class=\"specs-table__property\">H\u01b0\u1edbng d\u1eabn s\u1eed d\u1ee5ng<\/td>\n<td class=\"specs-table__value\">D\u00f9ng \u0103n tr\u1ef1c ti\u1ebfp ho\u1eb7c ch\u1ebf bi\u1ebfn\u00a0 c\u00e1c m\u00f3n \u0103n tu\u1ef3 th\u00edch<\/td>\n<\/tr>\n<tr>\n<td class=\"specs-table__property\">H\u01b0\u1edbng d\u1eabn b\u1ea3o qu\u1ea3n<\/td>\n<td class=\"specs-table__value\">B\u1ea3o qu\u1ea3n \u1edf nhi\u1ec7t \u0111\u1ed9 th\u01b0\u1eddng, gi\u1eef l\u1ea1nh sau khi m\u1edf n\u1eafp v\u00e0 s\u1eed d\u1ee5ng t\u1ed1t nh\u1ea5t trong 2 tu\u1ea7n<\/td>\n<\/tr>\n<tr>\n<td class=\"specs-table__property\">Th\u00e0nh ph\u1ea7n nguy\u00ean li\u1ec7u<\/td>\n<td class=\"specs-table__value\">D\u01b0a chu\u1ed9t bao t\u1eed, n\u01b0\u1edbc, gi\u1ea5m, \u0111\u01b0\u1eddng,\u2026<\/td>\n<\/tr>\n<tr>\n<td class=\"specs-table__property\">Kh\u1ed1i l\u01b0\u1ee3ng\/Th\u1ec3 t\u00edch<\/td>\n<td class=\"specs-table__value\">500gr\/ 250g c\u00e1i<\/td>\n<\/tr>\n<\/tbody>\n<\/table>\n<p>D\u01b0a bao t\u1eed ng\u00e2m \u0111\u01b0\u1ee3c nh\u1eadp kh\u1ea9u tr\u1ef1c ti\u1ebfp t\u1eeb Nga. D\u01b0a bao t\u1eed l\u00e0 lo\u1ea1i qu\u1ea3 thanh m\u00e1t, t\u00ednh h\u00e0n, gi\u00fap gi\u1ea3i nhi\u1ec7t hi\u1ec7u qu\u1ea3 trong nh\u1eefng ng\u00e0y h\u00e8 n\u1eafng n\u00f3ng. M\u00f3n d\u01b0a bao t\u1eed s\u1ebd mang \u0111\u1ebfn cho b\u1ea1n h\u01b0\u01a1ng v\u1ecb m\u1edbi r\u1ea5t tuy\u1ec7t v\u00e0 r\u1ea5t t\u1ed1t cho ti\u00eau h\u00f3a. M\u00f3n d\u01b0a bao t\u1eed mu\u1ed1i \u0103n k\u00e8m v\u1edbi m\u00f3n n\u00e0o c\u0169ng ngon, \u0111\u1eb7c bi\u1ec7t r\u1ea5t th\u00edch h\u1ee3p khi \u0103n k\u00e8m v\u1edbi c\u00e1c m\u00f3n \u0103n nhi\u1ec1u \u0111\u1ea1m nh\u01b0 th\u1ecbt, c\u00e1..<\/p>\n<p>D\u01b0a leo mu\u1ed1i l\u00e0 m\u00f3n \u0103n k\u00e8m \u0111\u01b0\u1ee3c nhi\u1ec1u ng\u01b0\u1eddi y\u00eau th\u00edch b\u1edfi h\u01b0\u01a1ng v\u1ecb chua ng\u1ecdt, th\u01a1m ngon, t\u01b0\u01a1i m\u00e1t. D\u01b0a chu\u1ed9t bao t\u1eed th\u01b0\u1eddng hay \u0111\u01b0\u1ee3c s\u1eed d\u1ee5ng \u0111\u1ec3 \u0103n k\u00e8m v\u1edbi c\u00e1c m\u00f3n n\u01b0\u1edbng, m\u00f3n chi\u00ean, c\u01a1m t\u1ea5m, salad, th\u1ecbt kho t\u00e0u, c\u00e1c m\u00f3n khai v\u1ecb, g\u1ecfi tr\u1ed9n\u2026 gi\u00fap k\u00edch th\u00edch v\u1ecb gi\u00e1c, kh\u00f4ng b\u1ecb ng\u1ea5y khi \u0103n.<\/p>\n<h2><strong>\u0110\u1eb6C \u0110I\u1ec2M N\u1ed4I B\u1eacT C\u1ee6A S\u1ea2N PH\u1ea8M<\/strong><\/h2>\n<\/div>\n<\/div>\n<\/div>\n<\/div>\n<p>\u2013\u00a0D\u01b0a chu\u1ed9t bao t\u1eed l\u00e0 c\u00e2y \u0103n qu\u1ea3 c\u00f3 gi\u00e1 tr\u1ecb dinh d\u01b0\u1ee1ng cao: \u00a0vitamin A, B, B6, E\u2026v\u00e0 \u0111\u1eb7c bi\u1ec7t c\u00f3 nhi\u1ec1u men ti\u00eau h\u00f3a l\u00e0m cho qu\u00e1 tr\u00ecnh \u0111\u1ed3ng h\u00f3a v\u00e0 h\u1ea5p th\u1ee5 th\u1ee9c \u0103n t\u1ed1t h\u01a1n.<\/p>\n<p>\u2013\u00a0Qu\u1ea3 d\u01b0a nh\u1ecf, gi\u00f2n, c\u00f3 v\u1ecb chua th\u01a1m t\u1ef1 nhi\u00ean.<\/p>\n<p>\u2013\u00a0D\u00f9ng \u0103n k\u00e8m trong c\u00e1c b\u1eefa c\u01a1m ho\u1eb7c d\u00f9ng l\u00e0m nguy\u00ean li\u1ec7u tr\u1ed9n trong c\u00e1c m\u00f3n salad, \u0111\u1eb7c bi\u1ec7t l\u00e0 salad Nga.<\/p>\n<p>\u2013\u00a0Ti\u1ec7n d\u1ee5ng cho ng\u01b0\u1eddi n\u1ed9i tr\u1ee3, \u0111\u1ec3 b\u1eefa \u0103n gia \u0111\u00ecnh th\u00eam phong ph\u00fa v\u00e0 ngon mi\u1ec7ng.<\/p>\n<h2><img fetchpriority=\"high\" decoding=\"async\" class=\"aligncenter\" src=\"https:\/\/havamall.com\/wp-content\/uploads\/2025\/11\/homemade-canned-dill-pickles-13-scaled.jpg\" alt=\"Homemade Dill Pickles: Great Grandma\" width=\"684\" height=\"1026\" \/><\/h2>\n<h2><strong>L\u1ee2I \u00cdCH S\u1ee8C KHO\u1eba C\u1ee6A D\u01afA CHU\u1ed8T NG\u00c2M MU\u1ed0I<\/strong><\/h2>\n<h5 id=\"1-lam-diu-cac-con-dau-chuot-rut-co-bap\" class=\"ftwp-heading\"><em><strong>1. La\u0300m di\u0323u ca\u0301c c\u01a1n \u0111au chu\u00f4\u0323t ru\u0301t c\u01a1 b\u0103\u0301p.<\/strong><\/em><\/h5>\n<p>N\u01b0\u1edbc ng\u00e2m d\u01b0a leo ch\u1ee9a hai th\u00e0nh ph\u1ea7n l\u00e0 gi\u1ea5m v\u00e0 clorua canxi \u2013 hai th\u00e0nh ph\u1ea7n n\u00e0y s\u1ebd gi\u00fap c\u01a1 th\u1ec3 d\u1ec5 d\u00e0ng h\u1ea5p th\u1ee5 kali v\u00e0 natri. Ngoa\u0300i ra, gi\u1ea5m c\u00f3 th\u1ec3 gi\u00fap ng\u0103n ch\u1eb7n c\u00e1c t\u00edn hi\u1ec7u th\u1ea7n kinh khi\u00ea\u0301n c\u01a1 b\u1eafp m\u1ec7t m\u1ecfi g\u00e2y chu\u1ed9t r\u00fat. Chi\u0309 c\u00e2\u0300n kho\u1ea3ng 1\/3 c\u1ed1c n\u01b0\u1edbc ng\u00e2m d\u01b0a chua \u0111a\u0303 co\u0301 th\u00ea\u0309 l\u00e0m gi\u1ea3m ch\u1ee9ng chu\u1ed9t r\u00fat.<\/p>\n<p>Theo m\u1ed9t nghi\u00ean c\u1ee9u \u0111\u01b0\u1ee3c c\u00f4ng b\u1ed1 tr\u00ean T\u1ea1p ch\u00ed Y h\u1ecdc &amp; Khoa h\u1ecdc trong th\u1ec3 thao, nh\u1eefng ng\u01b0\u01a1\u0300i t\u00e2\u0323p th\u00ea\u0309 du\u0323c bi\u0323 m\u1ea5t n\u01b0\u1edbc u\u00f4\u0301ng b\u00f4\u0309 sung n\u01b0\u01a1\u0301c ng\u00e2m d\u01b0a leo mu\u00f4\u0301i i\u0301t bi\u0323 chu\u0323\u00f4\u0323t ru\u0301t h\u01a1n va\u0300 i\u0301t \u0111au \u0111\u01a1\u0301n h\u01a1n khi tra\u0309i qua ca\u0301c c\u01a1n chu\u0323\u00f4\u0323t ru\u0301t.<\/p>\n<p><img decoding=\"async\" class=\"wp-image-31166 aligncenter\" src=\"https:\/\/havamall.com\/wp-content\/uploads\/2025\/11\/What-is-a-gherkin-CO1033-Pin-279x300.jpg\" alt=\"\" width=\"687\" height=\"739\" \/><\/p>\n<h5 id=\"2-ham-luong-chat-chong-oxy-hoa-cao\" class=\"ftwp-heading\"><em><strong>2. Ha\u0300m l\u01b0\u01a1\u0323ng ch\u1ea5t ch\u1ed1ng oxy h\u00f3a cao.<\/strong><\/em><\/h5>\n<p>D\u01b0a leo mu\u00f4\u0301i c\u00f3 l\u01b0\u1ee3ng\u00a0vitamin C\u00a0v\u00e0\u00a0vitamin E\u00a0\u0111\u00e1ng k\u1ec3, \u0111\u00e2y la\u0300 hai ch\u1ea5t ch\u1ed1ng oxy h\u00f3a quan tr\u1ecdng \u0111\u00f4\u0301i v\u01a1\u0301i s\u01b0\u0301c kho\u0309e.\u00a0Ch\u1ea5t ch\u1ed1ng oxy h\u00f3a gi\u00fap b\u1ea3o v\u1ec7 c\u01a1 th\u1ec3 b\u1ea1n kh\u1ecfi c\u00e1c ph\u00e2n t\u1eed g\u00e2y h\u1ea1i \u0111\u01b0\u1ee3c g\u1ecdi l\u00e0 g\u1ed1c t\u1ef1 do. M\u01b0\u0323c \u0111\u00f4\u0323 ca\u0301c g\u00f4\u0301c t\u01b0\u0323 do cao co\u0301 th\u00ea\u0309 g\u00e2y ra ti\u0300nh tra\u0323ng oxidative stress, li\u00ean quan \u0111\u00ea\u0301n m\u00f4\u0323t s\u00f4\u0301 b\u00ea\u0323nh ma\u0303n ti\u0301nh.<\/p>\n<p>Vitamin C v\u00e0 vitamin E c\u0169ng gi\u00fap t\u0103ng c\u01b0\u1eddng ch\u1ee9c n\u0103ng h\u00ea\u0323 th\u00f4\u0301ng mi\u00ea\u0303n di\u0323ch c\u1ee7a b\u1ea1n.<\/p>\n<h5 id=\"3-giup-tang-cuong-suc-khoe-duong-ruot\" class=\"ftwp-heading\"><em><strong>3. Gi\u00fap t\u0103ng c\u01b0\u1eddng s\u1ee9c kh\u1ecfe \u0111\u01b0\u1eddng ru\u1ed9t.<\/strong><\/em><\/h5>\n<p>Th\u1ef1c ph\u1ea9m l\u00ean men r\u1ea5t t\u1ed1t cho h\u1ec7 ti\u00eau h\u00f3a. Chu\u0301ng \u0111\u01b0\u01a1\u0323c ca\u0301c vi khu\u00e2\u0309n x\u00e2m nh\u00e2\u0323p ho\u0103\u0323c ph\u00e2n hu\u0309y n\u00ean d\u00ea\u0303 ti\u00eau ho\u0301a h\u01a1n. Gi\u1ea5m trong n\u01b0\u1edbc d\u01b0a chua, va\u0300 ca\u0301c vi khu\u00e2\u0309n l\u00ean men t\u00f4\u0301t cho s\u01b0\u0301c kho\u0309e \u0111\u01b0\u01a1\u0300ng ru\u00f4\u0323t. Ngoa\u0300i ra vi\u00ea\u0323c l\u00ean men th\u01b0\u0323c ph\u00e2\u0309m cu\u0303ng giu\u0301p gia t\u0103ng ch\u00e2\u0301t dinh d\u01b0\u01a1\u0303ng b\u0103\u0300ng ca\u0301ch sa\u0309n xu\u00e2\u0301t enzyme va\u0300 ca\u0301c vitamin co\u0301 l\u01a1\u0323i.<\/p>\n<p><img decoding=\"async\" class=\"wp-image-31167 aligncenter\" src=\"https:\/\/havamall.com\/wp-content\/uploads\/2025\/11\/Screen-Shot-2023-04-21-at-10.43.27-AM-300x294.png\" alt=\"\" width=\"703\" height=\"689\" \/><\/p>","protected":false},"excerpt":{"rendered":"<p>TH\u00d4NG TIN CHUNG Th\u01b0\u01a1ng hi\u1ec7u Havafoodies Xu\u1ea5t x\u1ee9 Nga H\u1ea1n s\u1eed d\u1ee5ng 3 n\u0103m k\u1ec3 t\u1eeb ng\u00e0y s\u1ea3n xu\u1ea5t H\u01b0\u1edbng<\/p>","protected":false},"featured_media":43371,"comment_status":"open","ping_status":"closed","template":"","meta":[],"product_brand":[],"product_cat":[595,673,36],"product_tag":[],"class_list":{"0":"post-34527","1":"product","2":"type-product","3":"status-publish","4":"has-post-thumbnail","6":"product_cat-gia-vi-va-che-bien","7":"product_cat-nhap-khau-nga","8":"product_cat-thuc-pham-tieu-dung","10":"first","11":"instock","12":"sale","13":"shipping-taxable","14":"purchasable","15":"product-type-simple"},"_links":{"self":[{"href":"https:\/\/havamall.vn\/en\/wp-json\/wp\/v2\/product\/34527"}],"collection":[{"href":"https:\/\/havamall.vn\/en\/wp-json\/wp\/v2\/product"}],"about":[{"href":"https:\/\/havamall.vn\/en\/wp-json\/wp\/v2\/types\/product"}],"replies":[{"embeddable":true,"href":"https:\/\/havamall.vn\/en\/wp-json\/wp\/v2\/comments?post=34527"}],"version-history":[{"count":0,"href":"https:\/\/havamall.vn\/en\/wp-json\/wp\/v2\/product\/34527\/revisions"}],"wp:featuredmedia":[{"embeddable":true,"href":"https:\/\/havamall.vn\/en\/wp-json\/wp\/v2\/media\/43371"}],"wp:attachment":[{"href":"https:\/\/havamall.vn\/en\/wp-json\/wp\/v2\/media?parent=34527"}],"wp:term":[{"taxonomy":"product_brand","embeddable":true,"href":"https:\/\/havamall.vn\/en\/wp-json\/wp\/v2\/product_brand?post=34527"},{"taxonomy":"product_cat","embeddable":true,"href":"https:\/\/havamall.vn\/en\/wp-json\/wp\/v2\/product_cat?post=34527"},{"taxonomy":"product_tag","embeddable":true,"href":"https:\/\/havamall.vn\/en\/wp-json\/wp\/v2\/product_tag?post=34527"}],"curies":[{"name":"wp","href":"https:\/\/api.w.org\/{rel}","templated":true}]}}