{"id":34450,"date":"2024-05-06T15:19:19","date_gmt":"2024-05-06T08:19:19","guid":{"rendered":"https:\/\/havamall.vn\/?post_type=product&#038;p=34450"},"modified":"2024-05-06T15:19:20","modified_gmt":"2024-05-06T08:19:20","slug":"nam-bung-de-kho-nhap-khau-hu-30g-havafoodies-dried-morel","status":"publish","type":"product","link":"https:\/\/havamall.vn\/en\/shop\/nam-bung-de-kho-nhap-khau-hu-30g-havafoodies-dried-morel\/","title":{"rendered":"N\u1ea5m B\u1ee5ng D\u00ea Kh\u00f4 Nh\u1eadp Kh\u1ea9u H\u1ee7 30g Havafoodies &#8211; Dried Morel"},"content":{"rendered":"<h2><strong>TH\u00d4NG TIN CHUNG<\/strong><\/h2>\n<table>\n<tbody>\n<tr>\n<td>Th\u01b0\u01a1ng hi\u1ec7u<\/td>\n<td>Havafoodies<\/td>\n<\/tr>\n<tr>\n<td>Xu\u1ea5t x\u1ee9<\/td>\n<td>Ph\u00e1p<\/td>\n<\/tr>\n<tr>\n<td>Th\u00e0nh ph\u1ea7n<\/td>\n<td>N\u1ea5m b\u1ee5ng d\u00ea<\/td>\n<\/tr>\n<tr>\n<td>H\u1ea1n s\u1eed d\u1ee5ng<\/td>\n<td>2 n\u0103m k\u1ec3 t\u1eeb ng\u00e0y s\u1ea3n xu\u1ea5t<\/td>\n<\/tr>\n<tr>\n<td>B\u1ea3o qu\u1ea3n<\/td>\n<td>B\u1ea3o qu\u1ea3n n\u01a1i kh\u00f4 r\u00e1o<\/td>\n<\/tr>\n<tr>\n<td>Kh\u1ed1i l\u01b0\u1ee3ng<\/td>\n<td>30g<\/td>\n<\/tr>\n<\/tbody>\n<\/table>\n<p>N\u1ea5m b\u1ee5ng d\u00ea c\u00f2n \u0111\u01b0\u1ee3c g\u1ecdi l\u00e0 n\u1ea5m \u0111\u1ea7u b\u00f2 ho\u1eb7c n\u1ea5m Stropharia, l\u00e0 m\u1ed9t lo\u1ea1i n\u1ea5m n\u1ea5m c\u00f3 h\u00ecnh d\u1ea1ng gi\u1ed1ng nh\u01b0 b\u1ee5ng d\u00ea ho\u1eb7c \u0111\u1ea7u b\u00f2 khi ph\u00e1t tri\u1ec3n. N\u00f3 thu\u1ed9c v\u1ec1 h\u1ecd Strophariaceae v\u00e0 th\u01b0\u1eddng \u0111\u01b0\u1ee3c t\u00ecm th\u1ea5y m\u1ecdc t\u1ef1 nhi\u00ean trong t\u1ef1 nhi\u00ean, th\u01b0\u1eddng \u1edf c\u00e1c khu v\u1ef1c \u1ea9m \u01b0\u1edbt, ven r\u1eebng ho\u1eb7c \u1edf g\u1ea7n s\u00f4ng su\u1ed1i.<\/p>\n<h2>N\u1ea5m b\u1ee5ng d\u00ea l\u00e0 g\u00ec?<\/h2>\n<p>N\u1ea5m b\u1ee5ng d\u00ea\u00a0c\u00f2n c\u00f3 c\u00e1c t\u00ean th\u00f4ng d\u1ee5ng kh\u00e1c nh\u01b0 n\u1ea5m Morel ho\u1eb7c n\u1ea5m Morchella. T\u00ean khoa h\u1ecdc c\u1ee7a n\u1ea5m n\u00e0y l\u00e0 Morchella esculenta v\u00e0 n\u00f3 thu\u1ed9c h\u1ecd Morchellaceae. \u0110\u00e2y l\u00e0 m\u1ed9t lo\u1ea1i n\u1ea5m t\u1ef1 nhi\u00ean qu\u00fd hi\u1ebfm v\u00e0 c\u00f3 l\u1ecbch s\u1eed l\u00e2u \u0111\u1eddi trong \u1ea9m th\u1ef1c c\u1ee7a nhi\u1ec1u qu\u1ed1c gia tr\u00ean to\u00e0n c\u1ea7u. T\u1eeb th\u1eddi xa x\u01b0a, n\u1ea5m Morel \u0111\u00e3 \u0111\u01b0\u1ee3c \u01b0a chu\u1ed9ng b\u1edfi qu\u00fd t\u1ed9c ho\u00e0ng gia v\u00e0 \u0111\u01b0\u1ee3c xem l\u00e0 m\u1ed9t trong nh\u1eefng lo\u1ea1i n\u1ea5m qu\u00fd nh\u01b0\u00a0n\u1ea5m linh chi.<\/p>\n<p><img fetchpriority=\"high\" decoding=\"async\" class=\"aligncenter\" src=\"https:\/\/images.ctfassets.net\/pujs1b1v0165\/1PKDUfjtYLc4pYT2qcKTB1\/ad94d0d8b04311ebac8d6ebdd09bd2a7\/should_you_pinch_morel_mushrooms.jpg?fit=fill&amp;w=1200&amp;h=630\" alt=\"Is it Bad to Pull Morels Instead of Pinching Them? | MeatEater Wild Foods\" width=\"758\" height=\"398\" \/><\/p>\n<p>Theo Thomas Laessoe v\u00e0o n\u0103m 2013, n\u1ea5m Morel \u0111\u01b0\u1ee3c x\u1ebfp v\u00e0o danh s\u00e1ch 10 lo\u1ea1i n\u1ea5m ngon nh\u1ea5t tr\u00ean th\u1ebf gi\u1edbi trong gi\u1edbi n\u1ea5m \u0103n. Ngo\u00e0i ra, n\u00f3 c\u0169ng \u0111\u01b0\u1ee3c c\u00e1c chuy\u00ean gia \u1ea9m th\u1ef1c g\u1ecdi l\u00e0 &#8220;vua c\u1ee7a n\u1ea5m&#8221;.<\/p>\n<p>\u0110\u1ebfn ng\u00e0y nay, n\u1ea5m n\u00e0y v\u1eabn \u0111\u01b0\u1ee3c \u01b0a chu\u1ed9ng v\u00ec h\u01b0\u01a1ng v\u1ecb th\u01a1m ngon \u0111\u1eb7c bi\u1ec7t v\u00e0 gi\u00e1 tr\u1ecb dinh d\u01b0\u1ee1ng cao c\u1ee7a n\u00f3.<\/p>\n<p>N\u1ea5m b\u1ee5ng d\u00ea VBio c\u00f3 h\u00ecnh d\u1ea1ng c\u1ea7u, th\u00e2n m\u1ea3nh v\u00e0 d\u00e0i, t\u1ea1o n\u00ean v\u1ebb ngo\u1ea1i l\u1ec7 nh\u01b0 m\u1ed9t t\u1ed5 ong thu h\u00fat \u00e1nh nh\u00ecn c\u1ee7a th\u1ef1c kh\u00e1ch. Ch\u00fang th\u01b0\u1eddng xu\u1ea5t hi\u1ec7n v\u00e0o cu\u1ed1i m\u00f9a xu\u00e2n v\u00e0 \u0111\u1ea7u m\u00f9a h\u1ea1, gi\u1edbi h\u1ea1n v\u1ec1 s\u1ed1 l\u01b0\u1ee3ng, th\u01b0\u1eddng m\u1ecdc d\u1ecdc theo b\u1ee5i c\u1ecf \u1edf r\u00eca r\u1eebng ho\u1eb7c s\u00e1t b\u00ean s\u00f4ng.<\/p>\n<p>Qu\u1ea3 nang c\u1ee7a n\u1ea5m b\u1ee5ng d\u00ea c\u00f3 h\u00ecnh d\u00e1ng nh\u01b0 m\u1ed9t chi\u1ebfc ch\u00f9y d\u00e0i t\u1eeb 4 \u0111\u1ebfn 6cm, v\u00e0 r\u1ed9ng kho\u1ea3ng 2 \u0111\u1ebfn 4cm. Ph\u1ea7n cu\u1ed1ng c\u1ee7a n\u1ea5m c\u00f3 h\u00ecnh d\u1ea1ng tr\u1ee5, m\u00e0u v\u00e0ng, cao t\u1eeb 2 \u0111\u1ebfn 5cm, v\u00e0 c\u00f3 ph\u1ea7n tr\u1ed1ng \u1edf gi\u1eefa. B\u1ec1 m\u1eb7t c\u1ee7a m\u0169 n\u1ea5m c\u00f3 nh\u1eefng r\u00e3nh nh\u1ecf gi\u1ed1ng nh\u01b0 t\u1ed5 ong, s\u1eafc m\u00e0u n\u00e2u v\u00e0ng, th\u01b0\u1eddng c\u00f3 h\u00ecnh d\u1ea1ng tr\u00f2n ho\u1eb7c n\u00f3n.<\/p>\n<p>N\u1ea5m b\u1ee5ng d\u00ea n\u1ed5i ti\u1ebfng v\u1edbi h\u01b0\u01a1ng v\u1ecb ngon m\u1eaft tr\u00ean kh\u1eafp th\u1ebf gi\u1edbi. Ch\u00fang mang \u0111\u1eadm h\u01b0\u01a1ng th\u01a1m d\u1ecbu nh\u1eb9, tinh khi\u1ebft. Th\u1ecbt c\u1ee7a n\u1ea5m non m\u1ec1m m\u1ea1i, c\u00f3 v\u1ecb ng\u1ecdt t\u1ef1 nhi\u00ean, t\u1ea1o n\u00ean m\u1ed9t m\u00f3n \u0103n h\u1ea5p d\u1eabn m\u00e0 nhi\u1ec1u ng\u01b0\u1eddi \u0111\u1ec1u m\u00ea m\u1ea9n.<\/p>\n<p>Tuy nhi\u00ean, v\u00f2ng \u0111\u1eddi c\u1ee7a n\u1ea5m b\u1ee5ng d\u00ea r\u1ea5t ng\u1eafn ng\u1ee7i. Ch\u00fang ch\u1ec9 k\u00e9o d\u00e0i kho\u1ea3ng 10 ng\u00e0y, sau \u0111\u00f3 s\u1ebd t\u1ef1 ti\u00eau bi\u1ebfn m\u1ed9t c\u00e1ch t\u00e0n nh\u1eabn. V\u00ec v\u1eady, khi nh\u1eefng c\u00e2y n\u1ea5m n\u00e0y xu\u1ea5t hi\u1ec7n, ng\u01b0\u1eddi ta th\u01b0\u1eddng ph\u1ea3i nhanh ch\u00f3ng thu ho\u1ea1ch trong v\u00f2ng 2 &#8211; 3 ng\u00e0y. L\u00fac \u0111\u00f3, ch\u00fang \u0111\u00e3 \u0111\u1ea1t \u0111\u1ebfn \u0111\u1ed9 tu\u1ed5i t\u01b0\u01a1i ngon nh\u1ea5t, mang l\u1ea1i ch\u1ea5t l\u01b0\u1ee3ng t\u1ed1t nh\u1ea5t cho vi\u1ec7c thu ho\u1ea1ch.<\/p>\n<p><strong>N\u1ea5m B\u1ee5ng D\u00ea c\u00f3 ngu\u1ed3n g\u1ed1c t\u1eeb \u0111\u00e2u?<\/strong><\/p>\n<p>N\u1ea5m B\u1ee5ng D\u00ea c\u00f3 \u0111\u1ed9 qu\u00fd hi\u1ebfm h\u00e0ng \u0111\u1ea7u c\u00e1c lo\u1ea1i n\u1ea5m v\u00e0 \u0111\u01b0\u1ee3c so s\u00e1nh v\u1edbi c\u00e1c lo\u1ea1i n\u1ea5m qu\u00fd hi\u1ebfm kh\u00e1c nh\u01b0: N\u1ea5m T\u00f9ng Nhung, N\u1ea5m Vu\u1ed1t H\u1ed5 \u0110en v\u00e0 N\u1ea5m K\u00ea T\u00f9ng.<\/p>\n<p>V\u1edbi \u0111\u1ed9 qu\u00fd hi\u1ebfm nh\u01b0 v\u1eady, N\u1ea5m B\u1ee5ng D\u00ea c\u00f3 ngu\u1ed3n g\u1ed1c t\u1eeb sau trong c\u00e1c khu r\u1eebng t\u1ea1i Ch\u00e2u \u00c2u, B\u1eafc M\u1ef9, Trung Qu\u1ed1c v\u00e0 \u1ea4n \u0110\u1ed9. N\u1ebfu \u0111\u1ec3 thu ho\u1ea1ch \u0111\u01b0\u1ee3c N\u1ea5m B\u1ee5ng D\u00ea th\u00ec qu\u1ea3 th\u1ef1c kh\u00f4ng d\u1ec5 ch\u00fat n\u00e0o. N\u1ea5m B\u1ee5ng D\u00ea th\u01b0\u1eddng ph\u00e1t tri\u1ec3n v\u00e0 c\u00f3 th\u1ec3 thu ho\u1ea1ch \u0111\u01b0\u1ee3c v\u00e0o cu\u1ed1i m\u00f9a xu\u00e2n, \u0111\u1ea7u m\u00f9a h\u00e8 nh\u01b0ng N\u1ea5m B\u1ee5ng D\u00ea ch\u1ec9 ph\u00e1t tri\u1ec3n trong giai \u0111o\u1ea1n 5-7 ng\u00e0y m\u00e0 n\u1ebfu kh\u00f4ng thu ho\u1ea1ch s\u1edbm th\u00ec N\u1ea5m B\u1ee5ng D\u00ea s\u1ebd t\u00e0n v\u00e0 ph\u1ea3i \u0111\u1ee3i \u0111\u1ebfn n\u0103m sau m\u1edbi thu ho\u1ea1ch ti\u1ebfp \u0111\u01b0\u1ee3c. T\u1ea1i Ch\u00e2u \u00c2u hay Trung Qu\u1ed1c, vi\u1ec7c thu ho\u1ea1ch \u0111\u01b0\u1ee3c N\u1ea5m B\u1ee5ng D\u00ea c\u00f2n kh\u00f3 h\u01a1n n\u1eefa, do c\u00f3 tuy\u1ebft n\u00ean N\u1ea5m B\u1ee5ng D\u00ea th\u01b0\u1eddng \u1ea9n m\u00ecnh s\u00e2u trong l\u1edbp tuy\u1ebft n\u00ean \u0111\u1ec3 thu ho\u1ea1ch N\u1ea5m B\u1ee5ng D\u00ea th\u00ec kh\u00f4ng h\u1ec1 \u0111\u01a1n gi\u1ea3n.<\/p>\n<p>\u0110i\u1ec1u kh\u00f3 kh\u0103n h\u01a1n l\u00e0 N\u1ea5m B\u1ee5ng D\u00ea c\u00f3 \u0111\u1eb7c \u0111i\u1ec3m gi\u1ed1ng r\u1ec5 c\u00e2y, n\u00ean kh\u00f3 c\u00f3 th\u1ec3 nh\u1eadn bi\u1ebft \u0111\u01b0\u1ee3c N\u1ea5m B\u1ee5ng D\u00ea \u1ea9n m\u00ecnh d\u01b0\u1edbi c\u00e1c r\u1ec5 c\u00e2y. V\u1edbi nhu c\u1ea7u ng\u00e0y c\u00e0ng cao v\u1edbi c\u00e1c lo\u1ea1i n\u1ea5m qu\u00fd, hi\u1ebfm th\u1ebf n\u00e0y, vi\u1ec7c thu ho\u1ea1ch \u0111\u01b0\u1ee3c N\u1ea5m B\u1ee5ng D\u00ea \u0111\u1ec3 \u0111\u00e1p \u1ee9ng nhu c\u1ea7u th\u1ecb tr\u01b0\u1eddng ng\u00e0y c\u00e0ng kh\u00f3.<\/p>\n<p><img decoding=\"async\" class=\"aligncenter\" src=\"https:\/\/havamall.vn\/wp-content\/uploads\/2024\/05\/AdobeStock_morels.jpg\" alt='The Best Morel Mushroom Recipes | Outdoor Life' width=\"828\" height=\"551\" \/><\/p>\n<h2>N\u1ea5m b\u1ee5ng d\u00ea c\u00f3 c\u00f4ng d\u1ee5ng g\u00ec \u0111\u1ed1i v\u1edbi s\u1ee9c kh\u1ecfe?<\/h2>\n<p>C\u00f4ng d\u1ee5ng c\u1ee7a n\u1ea5m b\u1ee5ng d\u00ea r\u1ea5t \u0111a d\u1ea1ng v\u00e0 c\u00f3 \u1ea3nh h\u01b0\u1edfng t\u00edch c\u1ef1c \u0111\u1ebfn s\u1ee9c kh\u1ecfe:<\/p>\n<p><strong>T\u0103ng c\u01b0\u1eddng ch\u1ee9c n\u0103ng mi\u1ec5n d\u1ecbch:\u00a0<\/strong>C\u00e1c h\u1ee3p ch\u1ea5t c\u00f3 trong n\u1ea5m b\u1ee5ng d\u00ea c\u00f3 kh\u1ea3 n\u0103ng k\u00edch th\u00edch ch\u1ee9c n\u0103ng mi\u1ec5n d\u1ecbch v\u00e0 gi\u1ea3m vi\u00eam nhi\u1ec5m trong c\u01a1 th\u1ec3. Polysacarit \u0111\u01b0\u1ee3c chi\u1ebft xu\u1ea5t t\u1eeb n\u1ea5m c\u00f3 th\u1ec3 n\u00e2ng cao kh\u1ea3 n\u0103ng ch\u1ed1ng vi\u00eam c\u1ee7a h\u1ec7 th\u1ed1ng mi\u1ec5n d\u1ecbch.<\/p>\n<p><strong>H\u1ed7 tr\u1ee3 l\u01b0u th\u00f4ng m\u00e1u:\u00a0<\/strong>N\u1ea5m b\u1ee5ng d\u00ea \u0111\u01b0\u1ee3c bi\u1ebft \u0111\u1ebfn v\u1edbi kh\u1ea3 n\u0103ng h\u1ed7 tr\u1ee3 l\u01b0u th\u00f4ng m\u00e1u, ng\u0103n ch\u1eb7n \u0111\u00f4ng m\u00e1u v\u00e0 c\u00e1c v\u1ea5n \u0111\u1ec1 li\u00ean quan \u0111\u1ebfn c\u1ea3n tr\u1edf d\u00f2ng ch\u1ea3y m\u00e1u. Ng\u01b0\u1eddi s\u1eed d\u1ee5ng th\u01b0\u1eddng tr\u1ea3i qua \u00edt c\u1ea3m gi\u00e1c hoa m\u1eaft, ch\u00f3ng m\u1eb7t v\u00e0 \u0111au \u0111\u1ea7u do thi\u1ebfu m\u00e1u, \u0111\u1ed3ng th\u1eddi c\u1ea3i thi\u1ec7n l\u01b0u th\u00f4ng m\u00e1u trong c\u01a1 th\u1ec3.<\/p>\n<p><strong>H\u1ed7 tr\u1ee3 s\u1ee9c kh\u1ecfe gan:\u00a0<\/strong>\u0110\u01b0\u1ee3c v\u1eadn d\u1ee5ng nh\u1edd v\u00e0o kh\u1ea3 n\u0103ng ch\u1ed1ng oxy h\u00f3a m\u1ea1nh m\u1ebd, n\u1ea5m b\u1ee5ng d\u00ea c\u00f3 th\u1ec3 b\u1ea3o v\u1ec7 gan. S\u1eed d\u1ee5ng chi\u1ebft xu\u1ea5t t\u1eeb lo\u1ea1i n\u1ea5m n\u00e0y c\u00f3 th\u1ec3 c\u1ee7ng c\u1ed1 ch\u1ee9c n\u0103ng b\u1ea3o v\u1ec7 gan v\u00e0 gi\u1ea3m tri\u1ec7u ch\u1ee9ng li\u00ean quan \u0111\u1ebfn gan do th\u00f3i quen s\u1eed d\u1ee5ng bia r\u01b0\u1ee3u.<\/p>\n<p><strong>Ch\u1ed1ng l\u00e3o h\u00f3a:<\/strong>\u00a0N\u1ea5m b\u1ee5ng d\u00ea ch\u1ee9a nhi\u1ec1u ch\u1ea5t ch\u1ed1ng oxy h\u00f3a, gi\u00fap ng\u0103n ch\u1eb7n qu\u00e1 tr\u00ecnh oxy h\u00f3a trong c\u01a1 th\u1ec3. C\u00e1c ch\u1ea5t n\u00e0y h\u1ea1n ch\u1ebf t\u1ed5n th\u01b0\u01a1ng t\u1ebf b\u00e0o v\u00e0 gi\u00fap t\u0103ng tu\u1ed5i th\u1ecd, c\u0169ng nh\u01b0 l\u00e0m ch\u1eadm qu\u00e1 tr\u00ecnh l\u00e3o h\u00f3a, gi\u1eef cho l\u00e0n da m\u1ecbn m\u00e0ng v\u00e0 kh\u1ecfe m\u1ea1nh.<\/p>\n<p><strong>C\u1ea3i thi\u1ec7n l\u00e0n da:<\/strong>\u00a0\u0110\u1eb7c bi\u1ec7t \u0111\u1ed1i v\u1edbi ph\u1ee5 n\u1eef trung ni\u00ean ho\u1eb7c sau khi sinh, n\u1ea5m b\u1ee5ng d\u00ea \u0111\u01b0\u1ee3c \u01b0a chu\u1ed9ng nh\u01b0 m\u1ed9t gi\u1ea3i ph\u00e1p cho c\u00e1c v\u1ea5n \u0111\u1ec1 nh\u01b0 r\u1ea1n da v\u00e0 n\u00e1m da. S\u1ea3n ph\u1ea9m n\u00e0y \u0111\u00e3 mang l\u1ea1i nhi\u1ec1u hi\u1ec7u qu\u1ea3 \u0111\u00e1ng kinh ng\u1ea1c trong vi\u1ec7c c\u1ea3i thi\u1ec7n l\u00e0n da v\u00e0 s\u1ee9c kh\u1ecfe t\u1ed5ng th\u1ec3.<\/p>\n<p><strong>B\u1ed5 th\u1eadn tr\u00e1ng d\u01b0\u01a1ng:<\/strong>\u00a0N\u1ea5m b\u1ee5ng d\u00ea kh\u00f4ng ch\u1ec9 c\u00f3 l\u1ee3i \u00edch s\u1ee9c kh\u1ecfe r\u1ea5t t\u1ed1t m\u00e0 c\u00f2n \u0111\u1eb7c bi\u1ec7t c\u00f3 t\u00e1c \u0111\u1ed9ng t\u00edch c\u1ef1c \u0111\u1ed1i v\u1edbi nam gi\u1edbi, \u0111\u1eb7c bi\u1ec7t l\u00e0 trong vi\u1ec7c\u00a0b\u1ed5 th\u1eadn tr\u00e1ng d\u01b0\u01a1ng\u00a0v\u00e0 t\u0103ng c\u01b0\u1eddng sinh l\u1ef1c. Nam gi\u1edbi g\u1eb7p v\u1ea5n \u0111\u1ec1 v\u1ec1 s\u1ee9c kh\u1ecfe t\u00ecnh d\u1ee5c c\u00f3 th\u1ec3 t\u1eadn d\u1ee5ng n\u1ea5m b\u1ee5ng d\u00ea \u0111\u1ec3 k\u00edch th\u00edch tuy\u1ebfn th\u01b0\u1ee3ng th\u1eadn, tuy\u1ebfn sinh d\u1ee5c v\u00e0 tuy\u1ebfn gi\u00e1p tr\u1ea1ng, t\u0103ng c\u01b0\u1eddng s\u1ea3n xu\u1ea5t n\u1ed9i ti\u1ebft t\u1ed1 nam.<\/p>\n<p><strong>Kh\u00e1ng khu\u1ea9n:\u00a0<\/strong>N\u1ea5m b\u1ee5ng d\u00ea c\u0169ng \u0111\u01b0\u1ee3c bi\u1ebft \u0111\u1ebfn v\u1edbi kh\u1ea3 n\u0103ng kh\u00e1ng khu\u1ea9n. C\u00f3 nghi\u00ean c\u1ee9u ch\u1ec9 ra r\u1eb1ng lo\u1ea1i n\u1ea5m n\u00e0y c\u00f3 th\u1ec3 ng\u0103n ch\u1eb7n s\u1ef1 ph\u00e1t tri\u1ec3n c\u1ee7a Escherichia coli, m\u1ed9t lo\u1ea1i vi khu\u1ea9n c\u00f3 th\u1ec3 g\u00e2y ra v\u1ea5n \u0111\u1ec1 v\u1ec1 \u0111\u01b0\u1eddng ru\u1ed9t. M\u1ed9t s\u1ed1 h\u1ee3p ch\u1ea5t c\u00f3 trong n\u1ea5m c\u0169ng c\u00f3 kh\u1ea3 n\u0103ng l\u00e0m gi\u1ea3m ho\u1ea1t \u0111\u1ed9ng c\u1ee7a Aspergillus fumigatus, m\u1ed9t lo\u1ea1i n\u1ea5m men g\u00e2y nhi\u1ec5m tr\u00f9ng. Nghi\u00ean c\u1ee9u t\u1eeb \u1ea4n \u0110\u1ed9 v\u00e0o n\u0103m 2017 \u0111\u00e3 ch\u1ec9 ra hi\u1ec7u qu\u1ea3 c\u1ee7a c\u00e1c h\u1ee3p ch\u1ea5t n\u00e0y trong vi\u1ec7c ng\u0103n ch\u1eb7n s\u1ef1 ph\u00e1t tri\u1ec3n c\u1ee7a c\u00e1c lo\u1ea1i vi khu\u1ea9n v\u00e0 n\u1ea5m men g\u00e2y h\u1ea1i.<\/p>\n<p><strong>Ng\u1eeba ung th\u01b0:<\/strong>\u00a0N\u1ea5m b\u1ee5ng d\u00ea kh\u00f4ng ch\u1ec9 c\u00f3 th\u1ec3 ng\u0103n ch\u1eb7n m\u1ea1nh m\u1ebd \u0111\u1ebfn s\u1ef1 ph\u00e1t tri\u1ec3n ung th\u01b0, m\u00e0 c\u00f2n mang l\u1ea1i nhi\u1ec1u l\u1ee3i \u00edch \u0111a d\u1ea1ng cho s\u1ee9c kh\u1ecfe c\u1ee7a ng\u01b0\u1eddi s\u1eed d\u1ee5ng.<\/p>\n<p>C\u00e1c h\u1ee3p ch\u1ea5t chi\u1ebft xu\u1ea5t t\u1eeb n\u1ea5m b\u1ee5ng d\u00ea \u0111\u01b0\u1ee3c cho l\u00e0 c\u00f3 kh\u1ea3 n\u0103ng ng\u0103n ch\u1eb7n s\u1ef1 ph\u00e1t tri\u1ec3n v\u00e0 lan r\u1ed9ng c\u1ee7a c\u00e1c t\u1ebf b\u00e0o ung th\u01b0 ru\u1ed9t k\u1ebft, m\u1ed9t ti\u1ebfn tri\u1ec3n quan tr\u1ecdng trong nghi\u00ean c\u1ee9u v\u1ec1 t\u00e1c \u0111\u1ed9ng c\u1ee7a n\u1ea5m \u0111\u1ed1i v\u1edbi ung th\u01b0.<\/p>\n<p>N\u1ea5m b\u1ee5ng d\u00ea kh\u00f4ng ch\u1ec9 d\u1eebng l\u1ea1i \u1edf vi\u1ec7c h\u1ed7 tr\u1ee3 m\u1ed9t nh\u00f3m \u0111\u1ed1i t\u01b0\u1ee3ng c\u1ee5 th\u1ec3, m\u00e0 c\u00f2n c\u00f3 \u1ea3nh h\u01b0\u1edfng t\u00edch c\u1ef1c \u0111\u1ed1i v\u1edbi nhi\u1ec1u nh\u00f3m ng\u01b0\u1eddi kh\u00e1c nhau:<\/p>\n<p>Ng\u01b0\u1eddi cao tu\u1ed5i c\u00f3 th\u1ec3 s\u1eed d\u1ee5ng n\u1ea5m b\u1ee5ng d\u00ea \u0111\u1ec3 ng\u0103n ng\u1eeba t\u00ecnh tr\u1ea1ng\u00a0suy gi\u1ea3m tr\u00ed nh\u1edb\u00a0v\u00e0 gi\u00e0 \u0111i.<\/p>\n<p>Sinh vi\u00ean \u0111ang \u00f4n thi c\u0103ng th\u1eb3ng c\u0169ng c\u00f3 th\u1ec3 h\u01b0\u1edfng l\u1ee3i t\u1eeb n\u1ea5m n\u00e0y. C\u00e1c ch\u1ea5t trong n\u1ea5m gi\u00fap gi\u1ea3m c\u0103ng th\u1eb3ng v\u00e0 c\u1ea3i thi\u1ec7n kh\u1ea3 n\u0103ng ti\u1ebfp thu ki\u1ebfn th\u1ee9c.<\/p>\n<p>Nh\u1eefng ng\u01b0\u1eddi m\u1ec7t m\u1ecfi do c\u00f4ng vi\u1ec7c c\u0169ng c\u00f3 th\u1ec3 s\u1eed d\u1ee5ng n\u1ea5m \u0111\u1ec3 t\u00e1i t\u1ea1o n\u0103ng l\u01b0\u1ee3ng v\u00e0 n\u00e2ng cao hi\u1ec7u su\u1ea5t l\u00e0m vi\u1ec7c.<\/p>\n<p>N\u1ea5m b\u1ee5ng d\u00ea t\u1eeb l\u00e2u \u0111\u00e3 \u0111\u01b0\u1ee3c coi l\u00e0 m\u1ed9t m\u00f3n \u0103n qu\u00fd hi\u1ebfm, \u0111\u01b0\u1ee3c vua ch\u00faa coi tr\u1ecdng v\u00e0 th\u1ea7n d\u00e2n t\u00ecm ki\u1ebfm \u0111\u1ec3 d\u00e2ng l\u00ean ho\u00e0ng gia. N\u00f3 \u0111\u01b0\u1ee3c xem l\u00e0 bi\u1ec3u t\u01b0\u1ee3ng cho s\u1ef1 s\u00e1ng su\u1ed1t v\u00e0 s\u1ee9c kh\u1ecfe, l\u00e0 \u0111i\u1ec1u mong mu\u1ed1n c\u1ee7a m\u1ecdi ng\u01b0\u1eddi \u0111\u1ec3 \u0111\u1ea5t n\u01b0\u1edbc ph\u1ed3n th\u1ecbnh.<\/p>\n<p><img decoding=\"async\" class=\"aligncenter\" src=\"https:\/\/havamall.vn\/wp-content\/uploads\/2024\/05\/Morel-cream-sauce-with-fresh-pasta-recipe.jpg\" alt='Fresh Pasta with Morel Cream Sauce - Forest For Dinner | Wild Food  Specialist on Vancouver Island' width=\"767\" height=\"529\" \/><\/p>\n<h3>C\u00e1ch s\u01a1 ch\u1ebf, ch\u1ebf bi\u1ebfn N\u1ea5m B\u1ee5ng D\u00ea<\/h3>\n<p>N\u1ea5m B\u1ee5ng D\u00ea s\u01a1 ch\u1ebf c\u0169ng gi\u1ed1ng h\u1ea7u h\u1ebft c\u00e1c lo\u1ea1i n\u1ea5m kh\u00f4 c\u00f3 tr\u00ean th\u1ecb tr\u01b0\u1eddng: \u0110\u01a1n gi\u1ea3n nh\u1ea5t ch\u1ec9 c\u1ea7n ng\u00e2m N\u1ea5m B\u1ee5ng D\u00ea v\u1edbi n\u01b0\u1edbc l\u1ea1nh kho\u1ea3ng 15 ph\u00fat \u0111\u1ebfn khi m\u1ec1m r\u1ed3i r\u1eeda s\u1ea1ch c\u1ea3 trong v\u00e0 ngo\u00e0i n\u1ea5m l\u00e0 \u0111\u00e3 c\u00f3 th\u1ec3 ch\u1ebf bi\u1ebfn.<\/p>\n<p>\u0110\u1ec3 c\u00f3 \u0111\u01b0\u1ee3c m\u1ed9t m\u00f3n \u0103n ngon khi ch\u1ebf bi\u1ebfn c\u00f9ng N\u1ea5m B\u1ee5ng D\u00ea th\u00ec c\u0169ng nhi\u1ec1u c\u00e1ch ch\u1ebf bi\u1ebfn t\u1eeb \u0111\u01a1n gi\u1ea3n \u0111\u1ebfn ph\u1ee9c t\u1ea1p:<\/p>\n<p>\u2714\u00a0X\u00e0o N\u1ea5m B\u1ee5ng D\u00ea v\u1edbi c\u00e1c lo\u1ea1i rau th\u00f4ng th\u01b0\u1eddng<\/p>\n<p>\u2714\u00a0N\u1ea5m B\u1ee5ng D\u00ea nh\u1ed3i th\u1ecbt<\/p>\n<p>\u2714\u00a0H\u1ea7m canh c\u00f9ng N\u1ea5m B\u1ee5ng D\u00ea, \u0110\u00f4ng Tr\u00f9ng H\u1ea1 Th\u1ea3o, Linh Chi<\/p>\n<p>\u2714\u00a0L\u1ea9u n\u1ea5m c\u00f9ng c\u00e1c lo\u1ea1i N\u1ea5m B\u1ee5ng D\u00ea, N\u1ea5m \u0110\u00f4ng C\u00f4, N\u1ea5m Kim Ch\u00e2m, N\u1ea5m \u0110\u00f9i G\u00e0, N\u1ea5m H\u00e0o H\u01b0\u01a1ng,\u2026<\/p>\n<p><img loading=\"lazy\" decoding=\"async\" class=\"aligncenter\" src=\"https:\/\/havamall.vn\/wp-content\/uploads\/2024\/05\/maxresdefault.jpg\" alt='Ramp and Morel Spaghetti - YouTube' width=\"839\" height=\"472\" \/><\/p>","protected":false},"excerpt":{"rendered":"<p>TH\u00d4NG TIN CHUNG Th\u01b0\u01a1ng hi\u1ec7u Havafoodies Xu\u1ea5t x\u1ee9 Ph\u00e1p Th\u00e0nh ph\u1ea7n N\u1ea5m b\u1ee5ng d\u00ea H\u1ea1n s\u1eed d\u1ee5ng 2 n\u0103m k\u1ec3<\/p>","protected":false},"featured_media":34451,"comment_status":"open","ping_status":"closed","template":"","meta":[],"product_brand":[],"product_cat":[594,256,496,36,134],"product_tag":[],"class_list":{"0":"post-34450","1":"product","2":"type-product","3":"status-publish","4":"has-post-thumbnail","6":"product_cat-dau-cu-qua-kho","7":"product_cat-thuc-pham-huu-co","8":"product_cat-thuc-pham-thuan-chay","9":"product_cat-thuc-pham-tieu-dung","10":"product_cat-thucpham-saykho","12":"first","13":"instock","14":"sale","15":"shipping-taxable","16":"purchasable","17":"product-type-simple"},"_links":{"self":[{"href":"https:\/\/havamall.vn\/en\/wp-json\/wp\/v2\/product\/34450"}],"collection":[{"href":"https:\/\/havamall.vn\/en\/wp-json\/wp\/v2\/product"}],"about":[{"href":"https:\/\/havamall.vn\/en\/wp-json\/wp\/v2\/types\/product"}],"replies":[{"embeddable":true,"href":"https:\/\/havamall.vn\/en\/wp-json\/wp\/v2\/comments?post=34450"}],"version-history":[{"count":0,"href":"https:\/\/havamall.vn\/en\/wp-json\/wp\/v2\/product\/34450\/revisions"}],"wp:featuredmedia":[{"embeddable":true,"href":"https:\/\/havamall.vn\/en\/wp-json\/wp\/v2\/media\/34451"}],"wp:attachment":[{"href":"https:\/\/havamall.vn\/en\/wp-json\/wp\/v2\/media?parent=34450"}],"wp:term":[{"taxonomy":"product_brand","embeddable":true,"href":"https:\/\/havamall.vn\/en\/wp-json\/wp\/v2\/product_brand?post=34450"},{"taxonomy":"product_cat","embeddable":true,"href":"https:\/\/havamall.vn\/en\/wp-json\/wp\/v2\/product_cat?post=34450"},{"taxonomy":"product_tag","embeddable":true,"href":"https:\/\/havamall.vn\/en\/wp-json\/wp\/v2\/product_tag?post=34450"}],"curies":[{"name":"wp","href":"https:\/\/api.w.org\/{rel}","templated":true}]}}