{"id":34439,"date":"2024-05-03T12:14:51","date_gmt":"2024-05-03T05:14:51","guid":{"rendered":"https:\/\/havamall.vn\/?post_type=product&#038;p=34439"},"modified":"2025-03-20T15:47:10","modified_gmt":"2025-03-20T08:47:10","slug":"mien-an-lien-an-do-bambino-vermicelli-180g","status":"publish","type":"product","link":"https:\/\/havamall.vn\/en\/shop\/mien-an-lien-an-do-bambino-vermicelli-180g\/","title":{"rendered":"Mi\u1ebfn \u0102n Li\u1ec1n \u1ea4n \u0110\u1ed9 &#8211; Bambino Vermicelli 180g"},"content":{"rendered":"<h2><strong>TH\u00d4NG TIN CHUNG<\/strong><\/h2>\n<table>\n<tbody>\n<tr>\n<td>Th\u01b0\u01a1ng hi\u1ec7u<\/td>\n<td>Havafoodies<\/td>\n<\/tr>\n<tr>\n<td>Xu\u1ea5t x\u1ee9<\/td>\n<td>\u1ea4n \u0110\u1ed9<\/td>\n<\/tr>\n<tr>\n<td>Th\u00e0nh ph\u1ea7n<\/td>\n<td>B\u1ed9t m\u00ec nguy\u00ean c\u00e1m semolina, n\u01b0\u1edbc..<\/td>\n<\/tr>\n<tr>\n<td>H\u1ea1n s\u1eed d\u1ee5ng<\/td>\n<td>3 n\u0103m k\u1ec3 t\u1eeb ng\u00e0y s\u1ea3n xu\u1ea5t<\/td>\n<\/tr>\n<tr>\n<td>B\u1ea3o qu\u1ea3n<\/td>\n<td>B\u1ea3o qu\u1ea3n n\u01a1i kh\u00f4 r\u00e1o , tho\u00e1ng m\u00e1t.<\/td>\n<\/tr>\n<tr>\n<td>Kh\u1ed1i l\u01b0\u1ee3ng<\/td>\n<td>180gr<\/td>\n<\/tr>\n<\/tbody>\n<\/table>\n<p>Mi\u1ebfn hay c\u00f2n g\u1ecdi l\u00e0 B\u00fan Bambino l\u00e0 b\u00fan Suji 100%. N\u00f3 c\u00f3 l\u1ee3i cho s\u1ee9c kh\u1ecfe, b\u1ed5 d\u01b0\u1ee1ng, c\u00f3 th\u1ec3 d\u00f9ng \u0111\u1ec3 ch\u1ebf bi\u1ebfn nhi\u1ec1u m\u00f3n m\u1eb7n, ng\u1ecdt tuy\u1ec7t v\u1eddi, \u0111\u00e1p \u1ee9ng kh\u1ea9u v\u1ecb c\u1ee7a m\u1ecdi ng\u01b0\u1eddi trong gia \u0111\u00ecnh.<\/p>\n<p><img fetchpriority=\"high\" decoding=\"async\" class=\"aligncenter\" src=\"https:\/\/havamall.vn\/wp-content\/uploads\/2025\/03\/img_8804.jpg\" alt=\"The Spiced Chickpea - The Spiced Chickpea\" width=\"645\" height=\"803\" \/><\/p>\n<p>B\u00fan l\u00e0 m\u1ed9t th\u1ef1c ph\u1ea9m ch\u00ednh trong nhi\u1ec1u m\u00f3n \u0103n \u1ea4n \u0110\u1ed9! Nh\u1eefng s\u1ee3i b\u00fan n\u00e0y ch\u00ednh l\u00e0 nh\u1eefng s\u1ee3i b\u00fan \u0111\u01b0\u1ee3c n\u1ea5u ch\u00edn \u0111\u1ec3 tr\u1ed9n v\u1edbi c\u00e1c m\u00f3n \u0103n kh\u00e1c! M\u00f3n mi\u1ebfn n\u00e0y \u0111\u01b0\u1ee3c n\u1ea5u th\u00e0nh m\u00f3n Pulav, Upma v\u00e0 Kheer. S\u1ef1 \u0111\u1ed9c \u0111\u00e1o trong m\u00f3n \u0103n c\u1ee7a mi\u1ec1n b\u1eafc \u1ea4n \u0110\u1ed9 \u0111\u01b0\u1ee3c th\u1ec3 hi\u1ec7n qua vi\u1ec7c s\u1eed d\u1ee5ng h\u00e0i h\u00f2a c\u00e1c nguy\u00ean li\u1ec7u th\u1ef1c ph\u1ea9m nh\u01b0: S\u1eefa, s\u1eefa chua, b\u01a1 s\u1eefa v\u00e0 c\u00e1c lo\u1ea1i h\u1ea1t. C\u00e1c m\u00f3n \u0103n \u1edf \u0111\u00e2y th\u01b0\u1eddng kh\u00f4ng th\u1ec3 thi\u1ebfu m\u00f3n mi\u1ebfn n\u00e0y.<\/p>\n<p><img decoding=\"async\" class=\"aligncenter\" src=\"https:\/\/havamall.vn\/wp-content\/uploads\/2025\/03\/SemiyaUpma3.jpg\" alt=\"Semiya Upma Recipe | Vermicelli Upma Recipe - Sharmis Passions\" width=\"608\" height=\"912\" \/><\/p>\n<p><strong>Mi\u1ebfn (b\u00fan) pudding<\/strong>\u00a0l\u00e0 m\u1ed9t m\u00f3n ng\u1ecdt \u0103n r\u1ea5t nh\u1eb9 nh\u00e0ng, c\u00f3 m\u1eb7t t\u1ea1i nhi\u1ec1u n\u01a1i tr\u00ean th\u1ebf gi\u1edbi.\u00a0<strong>Kheer<\/strong>\u00a0l\u00e0 mi\u1ebfn pudding ki\u1ec3u \u1ea4n \u0110\u1ed9, n\u1ea5u v\u1edbi mi\u1ebfn, b\u1ed9t n\u0103ng, \u0111\u01b0\u1eddng, s\u1eefa v\u00e0 tr\u1ed9n th\u00eam ngh\u1ec7 t\u00e2y, nho kh\u00f4, h\u1ea1nh nh\u00e2n, h\u1ea1t \u0111i\u1ec1u, h\u1ea1t c\u01b0\u1eddi v\u1edbi ti\u1ec3u \u0111\u1eadu kh\u1ea5u.<\/p>\n<p><strong>Kheer<\/strong>\u00a0l\u00e0 m\u1ed9t m\u00f3n kh\u00f4ng th\u1ec3 thi\u1ebfu trong nh\u1eefng m\u00e2m \u0111\u1ed3 c\u00fang v\u00e0 c\u00e1c d\u1ecbp l\u1ec5 l\u1ea1t c\u1ee7a \u0111\u1ea1o Hindu c\u00f2n ng\u01b0\u1eddi \u1ea4n \u0110\u1ed9 theo \u0111\u1ea1o Thi\u00ean Ch\u00faa th\u00ec lu\u00f4n \u0103n nh\u01b0 l\u00e0 m\u1ed9t m\u00f3n tr\u00e1ng mi\u1ec7ng v\u00e0o \u0111\u00eam Gi\u00e1ng Sinh. \u0110\u00e1m c\u01b0\u1edbi v\u00e0 m\u1ed9t s\u1ed1 l\u1ec5 h\u1ed9i c\u1ee7a ng\u01b0\u1eddi H\u1ed3i gi\u00e1o \u1ea4n \u0110\u1ed9 c\u0169ng c\u00f3 n\u1ea5u m\u00f3n n\u00e0y.<\/p>\n<h2 style=\"font-weight: 500\">C\u00e1ch l\u00e0m m\u00f3n Kheer \u1ea4n \u0110\u1ed9<\/h2>\n<p style=\"font-weight: 500\">V\u1edbi h\u01b0\u01a1ng v\u1ecb \u0111\u1ed9c \u0111\u00e1o, h\u1ea5p d\u1eabn v\u00e0 b\u00e9o ng\u1eady, m\u00f3n ngon t\u1eeb Mi\u1ebfn \u1ea4n \u0110\u1ed9 Kheer l\u00e0 m\u1ed9t m\u00f3n \u0103n tr\u00e1ng mi\u1ec7ng th\u01a1m ngon m\u00e0 b\u1ea1n kh\u00f4ng n\u00ean b\u1ecf qua. B\u1ea1n c\u00f3 th\u1ec3 th\u01b0\u1edfng th\u1ee9c h\u01b0\u01a1ng v\u1ecb truy\u1ec1n th\u1ed1ng n\u00e0y t\u1ea1i nh\u00e0 b\u1eb1ng c\u00e1ch l\u00e0m theo h\u01b0\u1edbng d\u1eabn nh\u01b0 sau.<\/p>\n<h3 style=\"font-weight: 500\">Nguy\u00ean li\u1ec7u c\u1ea7n chu\u1ea9n b\u1ecb<\/h3>\n<ul style=\"font-weight: 500\">\n<li>150g mi\u1ebfn g\u1ea1o Havafoodies<\/li>\n<li>4\u00a0ch\u00e9n s\u1eefa<\/li>\n<li>1\/4 ch\u00e9n n\u01b0\u1edbc<\/li>\n<li>4\u00a0\u0111\u1ebfn 6 mu\u1ed7ng canh \u0111\u01b0\u1eddng<\/li>\n<li>1\/2\u00a0 mu\u1ed7ng c\u00e0 ph\u00ea b\u1ed9t th\u1ea3o qu\u1ea3<\/li>\n<li><b><strong>\u00a0<\/strong><\/b>H\u1ea1t \u0111i\u1ec1u ho\u1eb7c h\u1ea1nh nh\u00e2n ch\u1ea7n c\u1eaft nh\u1ecf<\/li>\n<\/ul>\n<h3 style=\"font-weight: 500\">C\u00e1ch th\u1ef1c hi\u1ec7n<\/h3>\n<p style=\"font-weight: 500\">B\u01b0\u1edbc 1: R\u1eeda s\u1ea1ch mi\u1ebfn sau \u0111\u00f3 n\u1ea5u ch\u00edn.<\/p>\n<p style=\"font-weight: 500\">B\u01b0\u1edbc 2: Cho mi\u1ebfn v\u00e0o m\u1ed9t n\u1ed3i l\u1edbn, th\u00eam s\u1eefa, n\u01b0\u1edbc, \u0111\u01b0\u1eddng v\u00e0 b\u1ed9t th\u1ea3o qu\u1ea3. Ti\u1ebfp t\u1ee5c, b\u1eadt b\u1ebfp \u1edf l\u1eeda v\u1eeba v\u00e0 \u0111un s\u00f4i.<\/p>\n<p style=\"font-weight: 500\">B\u01b0\u1edbc 3: Khi h\u1ed7n h\u1ee3p s\u00f4i, gi\u1ea3m l\u1eeda nh\u1ecf v\u00e0 khu\u1ea5y \u0111\u1ec1u. Sau \u0111\u00f3, n\u1ea5u cho \u0111\u1ebfn khi mi\u1ebfn m\u1ec1m v\u00e0 s\u1eefa \u0111\u1eb7c l\u1ea1i, kho\u1ea3ng 30 ph\u00fat.<\/p>\n<p style=\"font-weight: 500\">B\u01b0\u1edbc 4: \u0110\u1eebng qu\u00ean, th\u00eam h\u1ea1t \u0111i\u1ec1u ho\u1eb7c h\u1ea1nh nh\u00e2n ch\u1ea7n c\u1eaft nh\u1ecf v\u00e0 qu\u1ea3 h\u1ed3 tr\u0103n x\u1eaft nh\u1ecf (n\u1ebfu mu\u1ed1n).<\/p>\n<p style=\"font-weight: 500\">B\u01b0\u1edbc 5: Khu\u1ea5y \u0111\u1ec1u v\u00e0 t\u1eaft b\u1ebfp. \u0110\u1ec3 Kheer ngu\u1ed9i xu\u1ed1ng m\u1ed9t ch\u00fat v\u00e0 sau \u0111\u00f3 \u0111\u1ed5 v\u00e0o t\u00f4 ho\u1eb7c ch\u00e9n \u0111\u1ec3 th\u01b0\u1edfng th\u1ee9c. B\u1ea1n c\u00f3 th\u1ec3 \u0103n n\u00f3 \u1ea5m ho\u1eb7c l\u1ea1nh t\u00f9y theo s\u1edf th\u00edch c\u00e1 nh\u00e2n.<\/p>\n<p style=\"font-weight: 500\">B\u00ean c\u1ea1nh \u0111\u00f3, b\u1ea1n c\u0169ng l\u01b0u \u00fd th\u00eam s\u1eefa v\u00e0 \u0111\u01b0\u1eddng v\u00e0o t\u1eeb t\u1eeb s\u1ebd gi\u00fap b\u1ea1n ki\u1ec3m so\u00e1t \u0111\u01b0\u1ee3c \u0111\u1ed9 ng\u1ecdt v\u00e0 \u0111\u1ed9 s\u00e1nh c\u1ee7a m\u00f3n kheer. B\u1ea1n n\u00ean th\u00eam s\u1eefa v\u00e0 \u0111\u01b0\u1eddng v\u00e0o t\u1eeb t\u1eeb, khu\u1ea5y \u0111\u1ec1u cho \u0111\u1ebfn khi mi\u1ebfn ch\u00edn m\u1ec1m v\u00e0 s\u1eefa \u0111\u1eb7c l\u1ea1i.<\/p>\n<p style=\"font-weight: 500\">B\u1ea1n c\u00f3 th\u1ec3 th\u00eam c\u00e1c lo\u1ea1i gia v\u1ecb t\u00f9y th\u00edch v\u00e0o m\u00f3n kheer \u0111\u1ec3 t\u0103ng th\u00eam h\u01b0\u01a1ng v\u1ecb, ch\u1eb3ng h\u1ea1n nh\u01b0 saffron, b\u1ed9t th\u1ea3o qu\u1ea3, b\u1ed9t c\u00e0 ri,&#8230; N\u1ebfu b\u1ea1n mu\u1ed1n m\u00f3n kheer c\u1ee7a m\u00ecnh c\u00f3 m\u00e0u v\u00e0ng \u0111\u1eb9p m\u1eaft, b\u1ea1n c\u00f3 th\u1ec3 th\u00eam m\u1ed9t \u00edt saffron. Saffron l\u00e0 m\u1ed9t lo\u1ea1i gia v\u1ecb c\u00f3 m\u00e0u v\u00e0ng t\u01b0\u01a1i, \u0111\u01b0\u1ee3c l\u00e0m t\u1eeb nh\u1ee5y hoa ngh\u1ec7 t\u00e2y.<\/p>\n<p style=\"font-weight: 500\">B\u1ea1n c\u00f3 th\u1ec3 th\u01b0\u1edfng th\u1ee9c h\u01b0\u01a1ng v\u1ecb truy\u1ec1n th\u1ed1ng n\u00e0y t\u1ea1i nh\u00e0 b\u1eb1ng c\u00e1ch l\u00e0m theo h\u01b0\u1edbng d\u1eabn tr\u00ean.<\/p>\n<p><img decoding=\"async\" class=\"aligncenter\" src=\"https:\/\/havamall.vn\/wp-content\/uploads\/2025\/03\/seviyan-kheer-2-3_56b8f11db13145fb9a2395a7748e9c0d.jpg\" alt=\"M\u00d3N \u0102N T\u1eea G\u1ea0O BASMATI (M\u00d3N 1): Pudding g\u1ea1o s\u1eefa \u1ea4n \u0110\u1ed9 - Rice Kheer\" width=\"747\" height=\"747\" \/><\/p>\n<h2 style=\"font-weight: 500\">\u0110\u1ecba ch\u1ec9 mua nguy\u00ean li\u1ec7u n\u1ea5u m\u00f3n \u1ea4n \u0110\u1ed9 gi\u00e1 r\u1ebb, ch\u1ea5t l\u01b0\u1ee3ng t\u1ea1i TP HCM<\/h2>\n<p style=\"font-weight: 500\">\u1ea4n \u0110\u1ed9 l\u00e0 m\u1ed9t \u0111\u1ea5t n\u01b0\u1edbc v\u1edbi n\u1ec1n \u1ea9m th\u1ef1c phong ph\u00fa v\u00e0 \u0111a d\u1ea1ng, \u0111\u01b0\u1ee3c nhi\u1ec1u ng\u01b0\u1eddi tr\u00ean th\u1ebf gi\u1edbi y\u00eau th\u00edch. N\u1ebfu b\u1ea1n l\u00e0 ng\u01b0\u1eddi y\u00eau th\u00edch \u1ea9m th\u1ef1c \u1ea4n \u0110\u1ed9 v\u00e0 mu\u1ed1n t\u1ef1 tay n\u1ea5u nh\u1eefng m\u00f3n \u0103n ngon t\u1ea1i nh\u00e0, th\u00ec vi\u1ec7c t\u00ecm ki\u1ebfm \u0111\u1ecba ch\u1ec9 mua nguy\u00ean li\u1ec7u n\u1ea5u m\u00f3n \u1ea4n \u0110\u1ed9 ch\u1ea5t l\u01b0\u1ee3ng l\u00e0 r\u1ea5t quan tr\u1ecdng.<\/p>\n<p style=\"font-weight: 500\">T\u1ea1i TP HCM, c\u00f3 r\u1ea5t nhi\u1ec1u c\u1eeda h\u00e0ng b\u00e1n nguy\u00ean li\u1ec7u n\u1ea5u m\u00f3n \u1ea4n \u0110\u1ed9, nh\u01b0ng kh\u00f4ng ph\u1ea3i n\u01a1i n\u00e0o c\u0169ng \u0111\u1ea3m b\u1ea3o ch\u1ea5t l\u01b0\u1ee3ng v\u00e0 gi\u00e1 c\u1ea3 h\u1ee3p l\u00fd. Havamall t\u1eeb l\u00e2u \u0111\u00e3 l\u00e0 s\u1ef1 l\u1ef1a ch\u1ecdn c\u1ee7a r\u1ea5t nhi\u1ec1u t\u00edn \u0111\u1ed3 y\u00eau th\u00edch \u1ea9m th\u1ef1c \u1ea4n \u0110\u1ed9.<\/p>\n<p style=\"font-weight: 500\">Havamall l\u00e0 m\u1ed9t th\u01b0\u01a1ng hi\u1ec7u chuy\u00ean cung c\u1ea5p nguy\u00ean li\u1ec7u \u1ea4n \u0110\u1ed9 ch\u1ea5t l\u01b0\u1ee3ng cao, \u0111\u01b0\u1ee3c nh\u1eadp kh\u1ea9u tr\u1ef1c ti\u1ebfp t\u1eeb \u1ea4n \u0110\u1ed9. T\u1ea1i \u0111\u00e2y, b\u1ea1n c\u00f3 th\u1ec3 t\u00ecm th\u1ea5y \u0111\u1ea7y \u0111\u1ee7 c\u00e1c lo\u1ea1i nguy\u00ean li\u1ec7u c\u1ea7n thi\u1ebft \u0111\u1ec3 n\u1ea5u c\u00e1c m\u00f3n \u0103n \u1ea4n \u0110\u1ed9, t\u1eeb g\u1ea1o basmati, s\u1eefa t\u01b0\u01a1i, b\u1ed9t c\u00e0 ri, c\u00e1c lo\u1ea1i gia v\u1ecb,&#8230; ch\u1ea5t l\u01b0\u1ee3ng cao v\u1edbi gi\u00e1 th\u00e0nh h\u1ee3p l\u00fd.<\/p>","protected":false},"excerpt":{"rendered":"<p>TH\u00d4NG TIN CHUNG Th\u01b0\u01a1ng hi\u1ec7u Havafoodies Xu\u1ea5t x\u1ee9 \u1ea4n \u0110\u1ed9 Th\u00e0nh ph\u1ea7n B\u1ed9t m\u00ec nguy\u00ean c\u00e1m semolina, n\u01b0\u1edbc.. H\u1ea1n s\u1eed<\/p>","protected":false},"featured_media":34440,"comment_status":"open","ping_status":"closed","template":"","meta":[],"product_brand":[],"product_cat":[681,496,36,134],"product_tag":[],"class_list":{"0":"post-34439","1":"product","2":"type-product","3":"status-publish","4":"has-post-thumbnail","6":"product_cat-nhap-khau-an-do","7":"product_cat-thuc-pham-thuan-chay","8":"product_cat-thuc-pham-tieu-dung","9":"product_cat-thucpham-saykho","11":"first","12":"instock","13":"sale","14":"shipping-taxable","15":"purchasable","16":"product-type-simple"},"_links":{"self":[{"href":"https:\/\/havamall.vn\/en\/wp-json\/wp\/v2\/product\/34439"}],"collection":[{"href":"https:\/\/havamall.vn\/en\/wp-json\/wp\/v2\/product"}],"about":[{"href":"https:\/\/havamall.vn\/en\/wp-json\/wp\/v2\/types\/product"}],"replies":[{"embeddable":true,"href":"https:\/\/havamall.vn\/en\/wp-json\/wp\/v2\/comments?post=34439"}],"version-history":[{"count":0,"href":"https:\/\/havamall.vn\/en\/wp-json\/wp\/v2\/product\/34439\/revisions"}],"wp:featuredmedia":[{"embeddable":true,"href":"https:\/\/havamall.vn\/en\/wp-json\/wp\/v2\/media\/34440"}],"wp:attachment":[{"href":"https:\/\/havamall.vn\/en\/wp-json\/wp\/v2\/media?parent=34439"}],"wp:term":[{"taxonomy":"product_brand","embeddable":true,"href":"https:\/\/havamall.vn\/en\/wp-json\/wp\/v2\/product_brand?post=34439"},{"taxonomy":"product_cat","embeddable":true,"href":"https:\/\/havamall.vn\/en\/wp-json\/wp\/v2\/product_cat?post=34439"},{"taxonomy":"product_tag","embeddable":true,"href":"https:\/\/havamall.vn\/en\/wp-json\/wp\/v2\/product_tag?post=34439"}],"curies":[{"name":"wp","href":"https:\/\/api.w.org\/{rel}","templated":true}]}}