{"id":34419,"date":"2024-04-27T17:11:13","date_gmt":"2024-04-27T10:11:13","guid":{"rendered":"https:\/\/havamall.vn\/?post_type=product&#038;p=34419"},"modified":"2024-04-27T17:11:13","modified_gmt":"2024-04-27T10:11:13","slug":"mi-lanh-somen-nhat-ban-cao-cap-ogawa-seimen-250g","status":"publish","type":"product","link":"https:\/\/havamall.vn\/en\/shop\/mi-lanh-somen-nhat-ban-cao-cap-ogawa-seimen-250g\/","title":{"rendered":"M\u00ec L\u1ea1nh Somen Nh\u1eadt B\u1ea3n Cao C\u1ea5p Ogawa Seimen 250g"},"content":{"rendered":"<h2><strong>TH\u00d4NG TIN CHUNG<\/strong><\/h2>\n<table>\n<tbody>\n<tr>\n<td>Th\u01b0\u01a1ng hi\u1ec7u<\/td>\n<td>Dashi Lab<\/td>\n<\/tr>\n<tr>\n<td>Xu\u1ea5t x\u1ee9<\/td>\n<td>Vi\u1ec7t Nam<\/td>\n<\/tr>\n<tr>\n<td>Th\u00e0nh ph\u1ea7n<\/td>\n<td>B\u1ed9t l\u00faa m\u00ec, b\u1ed9t ki\u1ec1u m\u1ea1ch, khoai m\u1ee1 Nh\u1eadt B\u1ea3n, \u0111\u1ea1m l\u00faa m\u00ec, mu\u1ed1i<\/td>\n<\/tr>\n<tr>\n<td>H\u1ea1n s\u1eed d\u1ee5ng<\/td>\n<td>12 th\u00e1ng k\u1ec3 t\u1eeb ng\u00e0y s\u1ea3n xu\u1ea5t<\/td>\n<\/tr>\n<tr>\n<td>B\u1ea3o qu\u1ea3n<\/td>\n<td>B\u1ea3o qu\u1ea3n n\u01a1i kh\u00f4 r\u00e1o , tho\u00e1ng m\u00e1t.<\/td>\n<\/tr>\n<tr>\n<td>Kh\u1ed1i l\u01b0\u1ee3ng<\/td>\n<td>200g<\/td>\n<\/tr>\n<\/tbody>\n<\/table>\n<h2><strong>TH\u00d4NG TIN TH\u01af\u01a0NG H\u1ec6U<\/strong><\/h2>\n<p>Dashi Lab Ra \u0111\u1eddi n\u0103m 2018 v\u1edbi s\u1ee9 m\u1ec7nh mang h\u01b0\u01a1ng v\u1ecb Nh\u1eadt B\u1ea3n lan t\u1ecfa tr\u00ean c\u1ea3 th\u1ebf gi\u1edbi.\u00a0Dashi Lab l\u00e0 c\u00f4ng ty ti\u00ean phong trong vi\u1ec7c ph\u00e1t tri\u1ec3n c\u00e1c s\u1ea3n ph\u1ea9m gia v\u1ecb, n\u01b0\u1edbc d\u00f9ng, n\u01b0\u1edbc s\u1ed1t Nh\u1eadt B\u1ea3n t\u1ea1i Vi\u1ec7t Nam.<\/p>\n<p><img fetchpriority=\"high\" decoding=\"async\" class=\"wp-image-31007 aligncenter\" src=\"https:\/\/havamall.vn\/wp-content\/uploads\/2023\/04\/sketch-horizontal-photo-300x227.png\" sizes=\"(max-width: 692px) 100vw, 692px\" srcset=\"https:\/\/havamall.vn\/wp-content\/uploads\/2023\/04\/sketch-horizontal-photo-300x227.png 300w, https:\/\/havamall.vn\/wp-content\/uploads\/2023\/04\/sketch-horizontal-photo-768x581.png 768w, https:\/\/havamall.vn\/wp-content\/uploads\/2023\/04\/sketch-horizontal-photo-1024x774.png 1024w, https:\/\/havamall.vn\/wp-content\/uploads\/2023\/04\/sketch-horizontal-photo-1200x907.png 1200w, https:\/\/havamall.vn\/wp-content\/uploads\/2023\/04\/sketch-horizontal-photo-600x454.png 600w\" alt=\"\" width=\"692\" height=\"523\" \/><\/p>\n<p>S\u1ea3n ph\u1ea9m c\u1ee7a Dashi Lab \u0111\u01b0\u1ee3c t\u1ea1o ra b\u1edfi \u0111\u1ed9i ng\u0169 R&amp;D bao g\u1ed3m chuy\u00ean gia ng\u01b0\u1eddi Nh\u1eadt, c\u00f9ng vi\u1ec7c ki\u1ec3m so\u00e1t kh\u1eaft khe ch\u1ea5t l\u01b0\u1ee3ng s\u1ea3n ph\u1ea9m trong kh\u00e2u s\u1ea3n xu\u1ea5t. Dashi Lab mang \u0111\u1ebfn cho ng\u01b0\u1eddi ti\u00eau d\u00f9ng Vi\u1ec7t Nam d\u00f2ng s\u1ea3n ph\u1ea9m gia v\u1ecb Nh\u1eadt B\u1ea3n ch\u1ea5t l\u01b0\u1ee3ng cao, \u0111\u1ec1 cao h\u01b0\u01a1ng v\u1ecb nguy\u00ean b\u1ea3n theo ti\u00eau chu\u1ea9n ch\u1ea5t l\u01b0\u1ee3ng Nh\u1eadt B\u1ea3n.<\/p>\n<p>Dashi Lab c\u00f2n nh\u1eadn \u0111\u01b0\u1ee3c s\u1ef1 y\u00eau th\u00edch v\u00e0 tin d\u00f9ng t\u1eeb c\u00e1c \u0111\u1ed1i t\u00e1c kh\u00e1ch h\u00e0ng B2B nh\u01b0 nh\u00e0 m\u00e1y th\u1ef1c ph\u1ea9m, nh\u00e0 h\u00e0ng, th\u1ecb tr\u01b0\u1eddng n\u01b0\u1edbc ngo\u00e0i, v.v cho c\u00e1c s\u1ea3n ph\u1ea9m c\u1ee7a m\u00ecnh.<\/p>\n<h2><strong>M\u00cc SOMEN NH\u1eacT B\u1ea2N CAO C\u1ea4P OGAWA\u00a0<\/strong>.<\/h2>\n<p>M\u00ec Somen truy\u1ec1n th\u1ed1ng c\u1ee7a Ogawa l\u00e0 d\u00f2ng m\u00ec Soba cao c\u1ea5p n\u1ed5i ti\u1ebfng v\u00e0 c\u00f3 h\u01b0\u01a1ng v\u1ecb v\u01b0\u1ee3t tr\u1ed9i. \u0110\u01b0\u1ee3c ph\u1ed1i tr\u1ed9n nhi\u1ec1u lo\u1ea1i b\u1ed9t m\u00ec c\u0169ng nh\u01b0 b\u1ed9t ki\u1ec1u m\u1ea1ch cao c\u1ea5p, s\u1ee3i m\u00ec Soba \u0111\u01b0\u1ee3c t\u1ea1o ra c\u00f3 ch\u1ea5t l\u01b0\u1ee3ng th\u01b0\u1ee3ng h\u1ea1ng, th\u01a1m ngon, \u0111\u1eb7c bi\u1ec7t gi\u1eef \u0111\u01b0\u1ee3c h\u01b0\u01a1ng th\u01a1m ki\u1ec1u m\u1ea1ch \u0111\u1eb7c tr\u01b0ng. Khoai t\u1eeb nghi\u1ec1n c\u0169ng \u0111\u01b0\u1ee3c th\u00eam v\u00e0o m\u00ec \u0111\u1ec3 t\u1ea1o \u0111\u1ed9 dai m\u1ecbn \u1ea5n t\u01b0\u1ee3ng so v\u1edbi c\u00e1c lo\u1ea1i m\u00ec truy\u1ec1n th\u1ed1ng kh\u00e1c tr\u00ean th\u1ecb tr\u01b0\u1eddng.<\/p>\n<p>M\u00ec somen l\u00e0 m\u1ed9t trong nh\u1eefng m\u00f3n \u0103n truy\u1ec1n th\u1ed1ng c\u1ee7a ng\u01b0\u1eddi Nh\u1eadt, th\u01b0\u1eddng \u0111\u01b0\u1ee3c \u0103n l\u1ea1nh (hay c\u00f2n g\u1ecdi l\u00e0 m\u00ec l\u1ea1nh). M\u00ec Soba Ogawa \u0111\u01b0\u1ee3c l\u00e0m t\u1eeb b\u1ed9t l\u00faa m\u1ea1ch v\u00e0 b\u1ed9t m\u00ec t\u1ef1 nhi\u00ean, s\u1ea3n xu\u1ea5t tr\u00ean d\u00e2y chuy\u1ec1n hi\u1ec7n \u0111\u1ea1i c\u1ee7a Nh\u1eadt B\u1ea3n, \u0111\u1ea3m b\u1ea3o an to\u00e0n cho ng\u01b0\u1eddi d\u00f9ng.<\/p>\n<p><img decoding=\"async\" class=\"aligncenter\" src=\"https:\/\/havamall.vn\/wp-content\/uploads\/2024\/04\/dac-diem-va-cach-phan-biet-4-loai-mi-noi-tieng-cua-nhat-ban-1624111372-1.jpg\" alt='\u0110\u1eb7c \u0111i\u1ec3m v\u00e0 c\u00e1ch ph\u00e2n bi\u1ec7t 4 lo\u1ea1i m\u00ec n\u1ed5i ti\u1ebfng c\u1ee7a Nh\u1eadt B\u1ea3n' \/><\/p>\n<h2><strong>\u0110\u1eb6C \u0110I\u1ec2M N\u1ed4I B\u1eacT C\u1ee6A M\u00cc L\u1ea0NH NH\u1eacT B\u1ea2N CAO C\u1ea4P OGAWA<\/strong><\/h2>\n<ul>\n<li><b>TH\u01af\u01a0NG HI\u1ec6U OGAWA<\/b><strong>\u00a0SEIMEN<\/strong>\u00a0<strong>Since 1887:<\/strong>\u00a0H\u01a1n 130 n\u0103m trong l\u1ecbch s\u1eed ng\u00e0nh s\u1ea3n xu\u1ea5t m\u00ec t\u1ea1i Nh\u1eadt B\u1ea3n. C\u00f4ng th\u1ee9c l\u00e0m m\u00ec truy\u1ec1n th\u1ed1ng \u0111\u01b0\u1ee3c th\u1ef1c hi\u1ec7n trong d\u00e2y chuy\u1ec1n hi\u1ec7n \u0111\u1ea1i, v\u00e0 \u0111\u01b0\u1ee3c ki\u1ec3m so\u00e1t ch\u1eb7t ch\u1ebd b\u1edfi nh\u1eefng ngh\u1ec7 nh\u00e2n l\u00e0nh ngh\u1ec1.<\/li>\n<li>S\u1eed d\u1ee5ng b\u1ed9t m\u00ec ch\u1ea5t l\u01b0\u1ee3ng h\u00e0ng \u0111\u1ea7u t\u1eeb c\u00e1c n\u01b0\u1edbc (M\u1ef9, Canada, \u00dac) \u0111\u1ec3 \u0111em \u0111\u1ebfn nh\u1eefng s\u1ee3i m\u00ec ngon nh\u1ea5t v\u1edbi ch\u1ea5t l\u01b0\u1ee3ng v\u01b0\u1ee3t tr\u1ed9i.<\/li>\n<li>Ch\u1ec9 s\u1eed d\u1ee5ng b\u1ed9t ki\u1ec1u m\u1ea1ch ngu\u1ed3n g\u1ed1c Nh\u1eadt B\u1ea3n.<\/li>\n<li>S\u1ea3n ph\u1ea9m ho\u00e0n to\u00e0n KH\u00d4NG s\u1eed d\u1ee5ng ch\u1ea5t b\u1ea3o qu\u1ea3n, KH\u00d4NG ph\u1ea9m m\u00e0u t\u1ed5ng h\u1ee3p, KH\u00d4NG h\u01b0\u01a1ng li\u1ec7u nh\u00e2n t\u1ea1o.<\/li>\n<li>An to\u00e0n cho s\u1ee9c kh\u1ecfe c\u1ee7a c\u1ea3 gia \u0111\u00ecnh.<\/li>\n<li>Chay &amp; M\u1eb7n \u0111\u1ec1u d\u00f9ng \u0111\u01b0\u1ee3c.<\/li>\n<\/ul>\n<h2><strong>H\u01af\u1edaNG D\u1eaaN S\u1eec D\u1ee4NG<\/strong><\/h2>\n<p>\u2013 Cho nhi\u1ec1u n\u01b0\u1edbc v\u00e0o 1 c\u00e1i xoong l\u1edbn, \u0111un s\u00f4i (c\u1ee9 100g th\u00eam h\u01a1n 1 l\u00edt n\u01b0\u1edbc). Th\u00e1o mi\u1ebfng b\u0103ng ngang v\u00e0 cho m\u00ec v\u00e0o n\u01b0\u1edbc s\u00f4i, d\u00f9ng \u0111\u0169a tr\u1ed9n l\u00ean (M\u00ec Soba s\u1ebd b\u1ecb ch\u00e1y n\u1ebfu d\u00f9ng xoong c\u1ea1n). Lu\u1ed9c m\u00ec kho\u1ea3ng 4.30 ph\u00fat, ki\u1ec3m tra th\u1ea5y s\u1ee3i m\u00ec m\u1ec1m, sau \u0111\u00f3 v\u1edbt m\u00ec qua ch\u1ea7n s\u01a1 qua n\u01b0\u1edbc l\u1ea1nh, \u0111\u1ec3 r\u00e1o l\u00e0 d\u00f9ng \u0111\u01b0\u1ee3c.<\/p>\n<p>\u2013 Khi \u0103n c\u00f9ng m\u00f3n s\u00fap, n\u00ean cho m\u00ec v\u00e0o n\u01b0\u1edbc n\u00f3ng sau khi r\u1eeda s\u1ea1ch, sau \u0111\u00f3 cho s\u00fap v\u00e0o c\u00f9ng v\u1edbi nh\u1eefng m\u00f3n y\u00eau th\u00edch v\u00e0 th\u01b0\u1edfng th\u1ee9c.<\/p>\n<p><img decoding=\"async\" class=\"aligncenter\" src=\"https:\/\/havamall.vn\/wp-content\/uploads\/2024\/04\/mi-somen.jpg\" alt='M\u00ec Somen' \/><\/p>","protected":false},"excerpt":{"rendered":"<p>TH\u00d4NG TIN CHUNG Th\u01b0\u01a1ng hi\u1ec7u Dashi Lab Xu\u1ea5t x\u1ee9 Vi\u1ec7t Nam Th\u00e0nh ph\u1ea7n B\u1ed9t l\u00faa m\u00ec, b\u1ed9t ki\u1ec1u m\u1ea1ch, khoai<\/p>","protected":false},"featured_media":34420,"comment_status":"open","ping_status":"closed","template":"","meta":[],"product_brand":[],"product_cat":[36],"product_tag":[],"class_list":{"0":"post-34419","1":"product","2":"type-product","3":"status-publish","4":"has-post-thumbnail","6":"product_cat-thuc-pham-tieu-dung","7":"pa_brand-dashi-lad","9":"first","10":"instock","11":"sale","12":"shipping-taxable","13":"purchasable","14":"product-type-simple"},"_links":{"self":[{"href":"https:\/\/havamall.vn\/en\/wp-json\/wp\/v2\/product\/34419"}],"collection":[{"href":"https:\/\/havamall.vn\/en\/wp-json\/wp\/v2\/product"}],"about":[{"href":"https:\/\/havamall.vn\/en\/wp-json\/wp\/v2\/types\/product"}],"replies":[{"embeddable":true,"href":"https:\/\/havamall.vn\/en\/wp-json\/wp\/v2\/comments?post=34419"}],"version-history":[{"count":0,"href":"https:\/\/havamall.vn\/en\/wp-json\/wp\/v2\/product\/34419\/revisions"}],"wp:featuredmedia":[{"embeddable":true,"href":"https:\/\/havamall.vn\/en\/wp-json\/wp\/v2\/media\/34420"}],"wp:attachment":[{"href":"https:\/\/havamall.vn\/en\/wp-json\/wp\/v2\/media?parent=34419"}],"wp:term":[{"taxonomy":"product_brand","embeddable":true,"href":"https:\/\/havamall.vn\/en\/wp-json\/wp\/v2\/product_brand?post=34419"},{"taxonomy":"product_cat","embeddable":true,"href":"https:\/\/havamall.vn\/en\/wp-json\/wp\/v2\/product_cat?post=34419"},{"taxonomy":"product_tag","embeddable":true,"href":"https:\/\/havamall.vn\/en\/wp-json\/wp\/v2\/product_tag?post=34419"}],"curies":[{"name":"wp","href":"https:\/\/api.w.org\/{rel}","templated":true}]}}