{"id":34409,"date":"2024-04-27T16:20:00","date_gmt":"2024-04-27T09:20:00","guid":{"rendered":"https:\/\/havamall.vn\/?post_type=product&#038;p=34409"},"modified":"2025-08-13T11:24:06","modified_gmt":"2025-08-13T04:24:06","slug":"ca-ngu-chay-dong-lanh-tuna-veg-toona-lemon-basillic-kokiriki-200g","status":"publish","type":"product","link":"https:\/\/havamall.vn\/en\/shop\/ca-ngu-chay-dong-lanh-tuna-veg-toona-lemon-basillic-kokiriki-200g\/","title":{"rendered":"C\u00e1 Ng\u1eeb Chay \u0110\u00f4ng L\u1ea1nh &#8211; Tuna Veg Toona Lemon&amp; Basillic Kokiriki 200G"},"content":{"rendered":"<h2><strong>TH\u00d4NG TIN CHUNG<\/strong><\/h2>\n<table>\n<tbody>\n<tr>\n<td>Th\u01b0\u01a1ng hi\u1ec7u<\/td>\n<td>KOKIRIKI<\/td>\n<\/tr>\n<tr>\n<td>Xu\u1ea5t x\u1ee9<\/td>\n<td>Ph\u00e1p<\/td>\n<\/tr>\n<tr>\n<td>Th\u00e0nh ph\u1ea7n<\/td>\n<td>N\u01b0\u1edbc, protein \u0111\u1eadu n\u00e0nh c\u00f4 \u0111\u1eb7c v\u00e0 l\u00faa m\u00ec, d\u1ea7u th\u1ef1c v\u1eadt, gia v\u1ecb, h\u01b0\u01a1ng c\u00e1,\u2026<\/td>\n<\/tr>\n<tr>\n<td>H\u1ea1n s\u1eed d\u1ee5ng<\/td>\n<td>14 th\u00e1ng k\u1ec3 t\u1eeb ng\u00e0y s\u1ea3n xu\u1ea5t.<\/td>\n<\/tr>\n<tr>\n<td>B\u1ea3o qu\u1ea3n<\/td>\n<td>B\u1ea3o qu\u1ea3n \u0111\u00f4ng l\u1ea1nh<\/td>\n<\/tr>\n<tr>\n<td>Kh\u1ed1i l\u01b0\u1ee3ng t\u1ecbnh<\/td>\n<td>200g<\/td>\n<\/tr>\n<\/tbody>\n<\/table>\n<p>Ng\u00e0y nay \u0103n chay kh\u00f4ng ch\u1ec9 v\u00e0o ng\u00e0y r\u1eb1m, ng\u00e0y c\u00fang gi\u1ed7 m\u00e0 t\u1ea5t c\u1ea3 c\u00e1c ng\u00e0y trong tu\u1ea7n n\u1ebfu b\u1ea1n \u0103n chay tr\u01b0\u1eddng. V\u1edbi ngu\u1ed3n nguy\u00ean li\u1ec7u chay \u0111a d\u1ea1ng, phong ph\u00fa, d\u1ec5 t\u00ecm khi\u1ebfn b\u1ea1n tho\u1ea3 s\u1ee9c tr\u1ed5 t\u00e0i \u201c\u0111\u1ea7u b\u1ebfp\u201d ch\u00ednh trong gia \u0111\u00ecnh nh\u1ecf c\u1ee7a m\u00ecnh.<\/p>\n<p><strong>Kokiriki<\/strong> l\u00e0 c\u00f4ng ty chuy\u00ean cung c\u1ea5p c\u00e1c lo\u1ea1i th\u1ef1c ph\u1ea9m thu\u1ea7n chay ch\u1ea5t l\u01b0\u1ee3ng gi\u00fap cho vi\u1ec7c \u0103n chay d\u1ec5 d\u00e0ng h\u01a1n v\u00e0 gi\u1ea3m c\u00e1c t\u00e1c \u0111\u1ed9ng ti\u00eau c\u1ef1c \u0111\u1ebfn m\u00f4i tr\u01b0\u1eddng, m\u00e0 v\u1eabn gi\u1eef \u0111\u01b0\u1ee3c h\u01b0\u01a1ng v\u1ecb v\u00e0 k\u1ebft c\u1ea5u th\u1ef1c ph\u1ea9m gi\u1ed1ng v\u1edbi th\u1ecbt nh\u1ea5t c\u00f3 th\u1ec3.<\/p>\n<p><img fetchpriority=\"high\" decoding=\"async\" class=\"aligncenter\" src=\"https:\/\/havamall.com\/wp-content\/uploads\/2025\/08\/imagesqtbnANd9GcSs4HYMnE1jva65Drg8utSntxOwQMiPo-DxuNlGi15nkwamps.png\" alt=\"Kokiriki\" width=\"703\" height=\"259\" \/><\/p>\n<p>V\u00ec c\u00e1c l\u00fd do li\u00ean quan \u0111\u1ebfn s\u1ee9c kho\u1ebb, th\u1ecbt th\u1ef1c v\u1eadt t\u1eeb l\u00e2u \u0111\u00e3 l\u00e0 xu h\u01b0\u1edbng ti\u00eau d\u00f9ng \u0111\u01b0\u1ee3c \u01b0a chu\u1ed9ng t\u1ea1i nhi\u1ec1u n\u01b0\u1edbc tr\u00ean th\u1ebf gi\u1edbi.\u00a0N\u1ebfu \u0111\u1eb7t c\u1ea1nh th\u1ecbt g\u00e0 th\u1eadt, th\u1ecbt g\u00e0 l\u00e0m t\u1eeb th\u1ecbt th\u1ef1c v\u1eadt nh\u00ecn kh\u00f4ng c\u00f3 g\u00ec kh\u00e1c bi\u1ec7t.<\/p>\n<p>\u0110i\u1ec1u tuy\u1ec7t v\u1eddi c\u1ee7a th\u1ecbt chay Kokiriki Vegan l\u00e0 b\u1ea1n c\u00f3 th\u1ec3 \u0103n k\u00e8m v\u1edbi b\u1ea5t c\u1ee9 g\u00ec m\u00e0 b\u1ea1n mu\u1ed1n. V\u00e0 \u01b0u \u0111i\u1ec3m c\u1ee7a th\u1ecbt chay nh\u00e0 Kokiriki Vegan \u0111\u00f3 l\u00e0 ch\u00fang r\u1ea5t m\u1ec1m v\u00e0 gi\u00e0u h\u01b0\u01a1ng v\u1ecb n\u00ean \u0111\u1eebng ng\u1ea1c nhi\u00ean n\u1ebfu b\u1ea1n kh\u00f4ng nh\u1eadn ra \u0111\u00f3 l\u00e0 th\u1ecbt chay.<\/p>\n<p>Th\u1ecbt chay Kokiriki Vegan l\u00e0 m\u00f3n \u0103n gi\u00e0u dinh d\u01b0\u1ee1ng \u0111\u01b0\u1ee3c ch\u1ebf bi\u1ebfn t\u1eeb 100% \u0111\u1eadu n\u00e0nh nguy\u00ean ch\u1ea5t\u00a0 mang \u0111\u1ebfn nh\u1eefng m\u00f3n \u0103n chay \u0111\u1eb7c s\u1eafc, gi\u00e0u dinh d\u01b0\u1ee1ng, l\u00e0nh m\u1ea1nh cho s\u1ee9c kh\u1ecfe.<\/p>\n<p>Th\u1ecbt chay Kokiriki Vegan \u0111\u01b0\u1ee3c s\u1ea3n xu\u1ea5t tr\u00ean d\u00e2y chuy\u1ec1n c\u00f4ng ngh\u1ec7 hi\u1ec7n \u0111\u1ea1i, kh\u00f4ng s\u1eed d\u1ee5ng ch\u1ea5t b\u1ea3o qu\u1ea3n, h\u00e0n the , ch\u1ea5t t\u1ea1o h\u00ecnh v\u00e0 c\u00e1c ph\u1ee5 gia \u0111\u1ed9c hai, \u0111\u01b0\u1ee3c ch\u1ee9ng nh\u1eadn \u0111\u1ea1t chu\u1ea9n v\u1ec7 sinh an to\u00e0n th\u1ef1c ph\u1ea9m, c\u1ef1c k\u1ef3 an to\u00e0n v\u1edbi s\u1ee9c kh\u1ecfe ng\u01b0\u1eddi d\u00f9ng.<\/p>\n<p><img decoding=\"async\" class=\"aligncenter\" src=\"https:\/\/havamall.com\/wp-content\/uploads\/2025\/08\/Miettes-Veg-Toona-1024x683.jpg\" alt=\"Products fish free - Kokiriki\" width=\"714\" height=\"476\" \/><\/p>\n<h2><strong>M\u00f3n \u0103n t\u1eeb th\u1ecbt chay<\/strong><\/h2>\n<p>\u2013 X\u00e0o s\u1ea3 ngh\u1ec7 \u2013 x\u00e0o th\u1eadp c\u1ea9m<\/p>\n<p>\u2013 N\u1ea5u ti\u00eau, n\u1ea5u lagu, n\u1ea5u c\u00e0 ri<\/p>\n<p>\u2013 X\u00e0o rau c\u1ee7, x\u00e0o m\u00ec<\/p>\n<p>\u2013 B\u0103m nh\u1ecf n\u1ea5u ch\u00e1o, n\u1ea5u canh<\/p>\n<p>\u2013 Chi\u1ebfn x\u00e9 tr\u1ed9n g\u1ecfi, chi\u00ean c\u01a1m<\/p>\n<p>\u2013 Chi\u00ean xi\u00ean que<\/p>\n<p>\u2013 H\u01b0\u1edbng d\u1eabn s\u1eed d\u1ee5ng: r\u1ea3 \u0111\u00f4ng, x\u00e0o ( v\u1edbi rau, m\u00ec, c\u01a1m..), chi\u00ean ho\u1eb7c n\u1ea5u canh\u2026<\/p>\n<p><img decoding=\"async\" class=\"aligncenter\" src=\"https:\/\/havamall.com\/wp-content\/uploads\/2025\/08\/Screen-Shot-2018-12-18-at-2.53.35-PM-696x655__01919__59945.1692648155.png\" alt=\"Vegan Toona (Tuna Fish) Sea Salt, Sophie\" \/><\/p>","protected":false},"excerpt":{"rendered":"<p>TH\u00d4NG TIN CHUNG Th\u01b0\u01a1ng hi\u1ec7u KOKIRIKI Xu\u1ea5t x\u1ee9 Ph\u00e1p Th\u00e0nh ph\u1ea7n N\u01b0\u1edbc, protein \u0111\u1eadu n\u00e0nh c\u00f4 \u0111\u1eb7c v\u00e0 l\u00faa m\u00ec,<\/p>","protected":false},"featured_media":34410,"comment_status":"open","ping_status":"closed","template":"","meta":[],"product_brand":[],"product_cat":[275,256,496,36],"product_tag":[],"class_list":{"0":"post-34409","1":"product","2":"type-product","3":"status-publish","4":"has-post-thumbnail","6":"product_cat-thuc-pham-dong-lanh","7":"product_cat-thuc-pham-huu-co","8":"product_cat-thuc-pham-thuan-chay","9":"product_cat-thuc-pham-tieu-dung","11":"first","12":"outofstock","13":"sale","14":"shipping-taxable","15":"purchasable","16":"product-type-simple"},"_links":{"self":[{"href":"https:\/\/havamall.vn\/en\/wp-json\/wp\/v2\/product\/34409"}],"collection":[{"href":"https:\/\/havamall.vn\/en\/wp-json\/wp\/v2\/product"}],"about":[{"href":"https:\/\/havamall.vn\/en\/wp-json\/wp\/v2\/types\/product"}],"replies":[{"embeddable":true,"href":"https:\/\/havamall.vn\/en\/wp-json\/wp\/v2\/comments?post=34409"}],"version-history":[{"count":0,"href":"https:\/\/havamall.vn\/en\/wp-json\/wp\/v2\/product\/34409\/revisions"}],"wp:featuredmedia":[{"embeddable":true,"href":"https:\/\/havamall.vn\/en\/wp-json\/wp\/v2\/media\/34410"}],"wp:attachment":[{"href":"https:\/\/havamall.vn\/en\/wp-json\/wp\/v2\/media?parent=34409"}],"wp:term":[{"taxonomy":"product_brand","embeddable":true,"href":"https:\/\/havamall.vn\/en\/wp-json\/wp\/v2\/product_brand?post=34409"},{"taxonomy":"product_cat","embeddable":true,"href":"https:\/\/havamall.vn\/en\/wp-json\/wp\/v2\/product_cat?post=34409"},{"taxonomy":"product_tag","embeddable":true,"href":"https:\/\/havamall.vn\/en\/wp-json\/wp\/v2\/product_tag?post=34409"}],"curies":[{"name":"wp","href":"https:\/\/api.w.org\/{rel}","templated":true}]}}