{"id":34396,"date":"2024-04-27T14:46:51","date_gmt":"2024-04-27T07:46:51","guid":{"rendered":"https:\/\/havamall.vn\/?post_type=product&#038;p=34396"},"modified":"2024-04-27T14:58:02","modified_gmt":"2024-04-27T07:58:02","slug":"me-lao-tach-vo-nguyen-vi-havafoodies-hop-500g-tang-kem-muoi-tom","status":"publish","type":"product","link":"https:\/\/havamall.vn\/en\/shop\/me-lao-tach-vo-nguyen-vi-havafoodies-hop-500g-tang-kem-muoi-tom\/","title":{"rendered":"Me L\u00e0o T\u00e1ch V\u1ecf Nguy\u00ean V\u1ecb Havafoodies H\u1ed9p 500g &#8211; T\u1eb7ng K\u00e8m Mu\u1ed1i T\u00f4m &#8211; Tamarind"},"content":{"rendered":"<h2><strong>TH\u00d4NG TIN CHUNG<\/strong><\/h2>\n<table>\n<tbody>\n<tr>\n<td>Th\u01b0\u01a1ng hi\u1ec7u<\/td>\n<td>Havafoodies<\/td>\n<\/tr>\n<tr>\n<td>Xu\u1ea5t x\u1ee9<\/td>\n<td>Vi\u1ec7t Nam<\/td>\n<\/tr>\n<tr>\n<td>Th\u00e0nh ph\u1ea7n<\/td>\n<td>Me l\u00e0o 100%<\/td>\n<\/tr>\n<tr>\n<td>H\u1ea1n s\u1eed d\u1ee5ng<\/td>\n<td>12 th\u00e1ng k\u1ec3 t\u1eeb ng\u00e0y s\u1ea3n xu\u1ea5t.<\/td>\n<\/tr>\n<tr>\n<td>B\u1ea3o qu\u1ea3n<\/td>\n<td>\u0110\u1ec3 n\u01a1i kh\u00f4 r\u00e1o, tho\u00e1ng m\u00e1t, tr\u00e1nh \u00e1nh n\u1eafng tr\u1ef1c ti\u1ebfp<\/td>\n<\/tr>\n<tr>\n<td>Kh\u1ed1i l\u01b0\u1ee3ng t\u1ecbnh<\/td>\n<td>500g<\/td>\n<\/tr>\n<\/tbody>\n<\/table>\n<p><strong>Me L\u00e0o<\/strong>\u00a0l\u00e0 m\u1ed9t lo\u1ea1i me m\u00e0 ph\u1ea7n v\u1ecf c\u1ee7a ch\u00fang\u00a0\u0111\u01b0\u1ee3c l\u1ed9t s\u1ea1ch ph\u1ea7n sau \u0111\u00f3 \u0111\u01b0\u1ee3c \u0111em \u0111i ph\u01a1i m\u1ed9t n\u1eafng sau \u0111\u00f3 \u0111\u01b0\u1ee3c \u0111em \u0111i \u0111\u00f3ng h\u1ed9p v\u00e0 b\u1ea3o qu\u1ea3n.<\/p>\n<p>V\u00ec me L\u00e0o \u0111\u01b0\u1ee3c \u0111\u01b0\u1ee3c ph\u01a1i m\u1ed9t n\u1eafng n\u00ean h\u01b0\u01a1ng v\u1ecb v\u00e0 \u0111\u1ed9 m\u1ec1m c\u1ee7a me v\u1eabn gi\u1eef l\u1ea1i \u0111\u01b0\u1ee3c. Me l\u00e0o tr\u00e1i nh\u1ecf, th\u00e2n me tr\u00f2n, h\u1ed9t nh\u1ecf \u0103n c\u00f3 \u0111\u1ed9 chua ngon h\u01a1n me th\u00e1i, ch\u1ea5m th\u00eam mu\u1ed1i t\u00f4m g\u00ec kh\u00f4ng c\u00f2n g\u00ec ngon b\u1eb1ng.<\/p>\n<p>Me L\u00e0o \u0111\u01b0\u1ee3c m\u1ec7nh danh l\u00e0 lo\u1ea1i me ngon nh\u1ea5t trong c\u00e1c lo\u1ea1i me. Me L\u00e0o tr\u00e1i nh\u1ecf, th\u00e2n me tr\u00f2n, h\u1ea1t nh\u1ecf nhi\u1ec1u th\u1ecbt, c\u00f3 v\u1ecb chua, ng\u1ecdt t\u1ef7 l\u1ec7 80:20. Me L\u00e0o kh\u00e1c me Th\u00e1i v\u00e0 kh\u00f4ng\u00a0 nh\u1ea7m l\u1eabn \u0111\u01b0\u1ee3c nh\u1edd c\u00e1i v\u1ecb chua\u00a0 ng\u1ecdt , \u0111\u1eb7c tr\u01b0ng c\u1ee7a n\u00f3 th\u1ecbt me d\u00e0y, d\u1ebbo. Me L\u00e0o \u0111\u01b0\u1ee3c s\u1ea5y s\u01a1 qua r\u1ed3i l\u1ed9t v\u1ecf, ch\u1ecdc l\u1ecdc k\u1ef9 nh\u1eefng tr\u00e1i ngon v\u00e0 \u0111\u00f3ng h\u1ed9p. Me L\u00e0o ngon nh\u1ea5t khi ch\u1ea5m v\u1edbi mu\u1ed1i t\u00f4m.<\/p>\n<h2><img fetchpriority=\"high\" decoding=\"async\" class=\"wp-image-34397 aligncenter\" src=\"https:\/\/havamall.vn\/wp-content\/uploads\/2024\/04\/5345-1-300x300.png\" alt=\"\" width=\"613\" height=\"613\" srcset=\"https:\/\/havamall.vn\/wp-content\/uploads\/2024\/04\/5345-1-300x300.png 300w, https:\/\/havamall.vn\/wp-content\/uploads\/2024\/04\/5345-1-600x600.png 600w, https:\/\/havamall.vn\/wp-content\/uploads\/2024\/04\/5345-1-150x150.png 150w, https:\/\/havamall.vn\/wp-content\/uploads\/2024\/04\/5345-1-768x768.png 768w, https:\/\/havamall.vn\/wp-content\/uploads\/2024\/04\/5345-1-100x100.png 100w, https:\/\/havamall.vn\/wp-content\/uploads\/2024\/04\/5345-1.png 1024w\" sizes=\"(max-width: 613px) 100vw, 613px\" \/><\/h2>\n<h2>C\u00f4ng d\u1ee5ng c\u1ee7a me L\u00e0o<\/h2>\n<h3>Gi\u00e1 tr\u1ecb dinh d\u01b0\u1ee1ng trong 120gr th\u1ecbt me<\/h3>\n<ul>\n<li>Magie: 28% RDI.<\/li>\n<li>Kali: 22% RDI.<\/li>\n<li>S\u1eaft: 19% RDI.<\/li>\n<li>Canxi: 9% RDI.<\/li>\n<li>Ph\u1ed1t pho: 14% RDI.<\/li>\n<li>Vitamin B1 (thiamin): 34% RDI.<\/li>\n<li>Vitamin B2 (riboflavin): 11% RDI.<\/li>\n<li>Vitamin B3 (niacin): 12% RDI.<\/li>\n<li>M\u1ed9t \u00edt l\u01b0\u1ee3ng vitamin C, vitamin K, vitamin B6 (pyridoxine), folate, vitamin B5 (axit pantothenic), \u0111\u1ed3ng v\u00e0 selen.<\/li>\n<\/ul>\n<h3><img decoding=\"async\" class=\"wp-image-34398 aligncenter\" src=\"https:\/\/havamall.vn\/wp-content\/uploads\/2024\/04\/45646-300x300.png\" alt=\"\" width=\"625\" height=\"625\" srcset=\"https:\/\/havamall.vn\/wp-content\/uploads\/2024\/04\/45646-300x300.png 300w, https:\/\/havamall.vn\/wp-content\/uploads\/2024\/04\/45646-600x600.png 600w, https:\/\/havamall.vn\/wp-content\/uploads\/2024\/04\/45646-150x150.png 150w, https:\/\/havamall.vn\/wp-content\/uploads\/2024\/04\/45646-768x768.png 768w, https:\/\/havamall.vn\/wp-content\/uploads\/2024\/04\/45646-100x100.png 100w, https:\/\/havamall.vn\/wp-content\/uploads\/2024\/04\/45646.png 1024w\" sizes=\"(max-width: 625px) 100vw, 625px\" \/><\/h3>\n<h3>T\u00e1c d\u1ee5ng c\u1ee7a me L\u00e0o \u0111\u1ed1i v\u1edbi s\u1ee9c kh\u1ecfe<\/h3>\n<p>Kh\u00f4ng ch\u1ec9 l\u00e0 m\u00f3n \u0103n v\u1eb7t kho\u00e1i kh\u1ea9u c\u1ee7a nhi\u1ec1u ng\u01b0\u1eddi, qu\u1ea3 me c\u00f2n mang l\u1ea1i nhi\u1ec1u l\u1ee3i \u00edch cho s\u1ee9c kh\u1ecfe nh\u01b0 ch\u1ed1ng nhi\u1ec5m tr\u00f9ng, \u0111i\u1ec1u tr\u1ecb t\u00e1o b\u00f3n, l\u00e0m \u0111\u1eb9p da, \u0111\u1eb7c bi\u1ec7t ng\u0103n ng\u1eeba ung th\u01b0.<\/p>\n<p><strong>1. Ch\u1ed1ng vi\u00eam da, nhi\u1ec5m tr\u00f9ng<\/strong><\/p>\n<p>Theo Boldsky, me \u0111\u01b0\u1ee3c s\u1eed d\u1ee5ng nh\u01b0 ch\u1ea5t kh\u1eed tr\u00f9ng gi\u00fap ch\u1eefa l\u00e0nh v\u1ebft th\u01b0\u01a1ng v\u00e0 ng\u0103n ng\u1eeba nhi\u1ec5m tr\u00f9ng l\u00e2y lan trong c\u01a1 th\u1ec3.<\/p>\n<p>N\u01b0\u1edbc s\u00fac mi\u1ec7ng ch\u1ebf xu\u1ea5t t\u1eeb tr\u00e1i me gi\u00fap ng\u1eeba \u0111au r\u00e1t cu\u1ed1ng h\u1ecdng. \u0110\u1eafp th\u1ecbt me l\u00ean v\u1ebft th\u01b0\u01a1ng b\u1ecb vi\u00eam t\u1ea5y s\u1ebd c\u00f3 k\u1ebft qu\u1ea3 t\u1ed1t. N\u01b0\u1edbc s\u1eafc t\u1eeb tr\u00e1i me c\u00f2n gi\u00fap kh\u1eed tr\u00f9ng \u0111\u01b0\u1eddng ru\u1ed9t.<\/p>\n<p><strong>2. \u0110i\u1ec1u tr\u1ecb m\u1ed9t s\u1ed1 c\u0103n b\u1ec7nh<\/strong><\/p>\n<p>Theo \u0111\u00f4ng y, me \u0111\u01b0\u1ee3c k\u1ebft h\u1ee3p v\u1edbi nhi\u1ec1u lo\u1ea1i th\u1ea3o d\u01b0\u1ee3c \u0111\u1ec3 \u0111i\u1ec1u tr\u1ecb s\u1ed1t r\u00e9t r\u1ea5t hi\u1ec7u qu\u1ea3. Trong khi \u0111\u00f3, l\u00e1 me \u0111\u01b0\u1ee3c s\u1eed d\u1ee5ng \u0111\u1ec3 \u0111i\u1ec1u tr\u1ecb v\u00e0ng da v\u00e0 vi\u00eam lo\u00e9t.<\/p>\n<p><strong>3. Ki\u1ec3m so\u00e1t cholesterol<\/strong><\/p>\n<p>Me ch\u1ee9a kh\u00e1 nhi\u1ec1u ch\u1ea5t niacin, m\u1ed9t lo\u1ea1i vitamin B r\u1ea5t quan tr\u1ecdng v\u1edbi s\u1ee9c kh\u1ecfe. Ch\u1ea5t n\u00e0y c\u00f3 th\u1ec3 gi\u00fap gi\u1ea3m cholesterol x\u1ea5u v\u00e0 t\u0103ng l\u01b0\u1ee3ng cholesterol t\u1ed1t trong c\u01a1 th\u1ec3. Nh\u1edd v\u1eady, lo\u1ea1i qu\u1ea3 n\u00e0y c\u00f2n gi\u00fap t\u0103ng c\u01b0\u1eddng s\u1ee9c kh\u1ecfe c\u1ee7a tim.<\/p>\n<p><strong>4. Ki\u1ec3m so\u00e1t huy\u1ebft \u00e1p, ng\u1eeba b\u00e9o ph\u00ec<\/strong><\/p>\n<p>Tr\u00e1i me ch\u1ee9a kali cao g\u1ea5p hai l\u1ea7n l\u01b0\u1ee3ng kali trong tr\u00e1i chu\u1ed1i. Do \u0111o\u0301, no\u0301 co\u0301 ta\u0301c du\u0323ng ki\u1ec3m so\u00e1t huy\u1ebft \u00e1p r\u1ea5t t\u1ed1t. Me giu\u0301p \u00f4\u0309n \u0111i\u0323nh huy\u00ea\u0301t a\u0301p b\u1eb1ng c\u00e1ch ki\u1ec3m so\u00e1t c\u00e1c t\u00e1c \u0111\u1ed9ng c\u1ee7a natri trong c\u01a1 th\u1ec3, tr\u00e1nh \u0111\u1ec3 t\u00ecnh tr\u1ea1ng l\u01b0\u1ee3ng natri t\u0103ng cao l\u00e0m cho huy\u1ebft \u00e1p t\u0103ng.<\/p>\n<p><strong>5. \u0110i\u1ec1u tr\u1ecb t\u00e1o b\u00f3n<\/strong><\/p>\n<p>Me c\u0169ng l\u00e0 m\u1ed9t trong nh\u1eefng lo\u1ea1i tr\u00e1i c\u00e2y ch\u1ee9a nhi\u1ec1u ch\u1ea5t x\u01a1 c\u00f3 t\u00e1c d\u1ee5ng \u0111i\u1ec1u h\u00f2a nhu \u0111\u1ed9ng ru\u1ed9t, nhu\u1eadn tr\u00e0ng t\u1ef1 nhi\u00ean m\u00e0 kh\u00f4ng g\u00e2y t\u00e1c d\u1ee5ng ph\u1ee5. Do \u0111\u00f3, b\u1ed5 sung me v\u00e0o th\u1ef1c \u0111\u01a1n h\u00e0ng ng\u00e0y c\u00f3 th\u1ec3 ng\u0103n ng\u1eeba t\u00e1o b\u00f3n r\u1ea5t hi\u1ec7u qu\u1ea3.<\/p>\n<p><strong>6. Ng\u0103n ng\u1eeba ung th\u01b0<\/strong><\/p>\n<p>Qu\u1ea3 me gi\u00e0u ch\u1ea5t ch\u1ed1ng oxy h\u00f3a, do v\u1eady n\u00f3 gi\u00fap h\u1ea1n ch\u1ebf s\u1ef1 ph\u00e1t tri\u1ec3n c\u1ee7a c\u00e1c t\u1ebf b\u00e0o ung th\u01b0 b\u1eb1ng c\u00e1ch ng\u0103n ch\u1eb7n c\u00e1c g\u1ed1c t\u1ef1 do h\u00ecnh th\u00e0nh nh\u1eefng ph\u1ea3n \u1ee9ng kh\u00f4ng mong mu\u1ed1n trong c\u01a1 th\u1ec3.<\/p>\n<p><strong>7. Thanh l\u1ecdc m\u00e1u<\/strong><\/p>\n<p>Qu\u1ea3 me c\u00f3 t\u00e1c d\u1ee5ng l\u1ecdc m\u00e1u r\u1ea5t t\u1ed1t, b\u1edfi v\u1eady b\u1ea1n n\u00ean b\u1ed5 sung me v\u00e0o c\u00e1c b\u1eefa \u0103n h\u00e0ng ng\u00e0y \u0111\u1ec3 b\u1ea3o v\u1ec7 s\u1ee9c kh\u1ecfe.<\/p>\n<p><strong>8. T\u1ed1t cho m\u1eaft<\/strong><\/p>\n<p>Qu\u1ea3 me ch\u1ee9a m\u1ed9t l\u01b0\u1ee3ng vitamin A c\u00f3 t\u00e1c d\u1ee5ng thi\u1ebft y\u1ebfu \u0111\u1ed1i v\u1edbi t\u1ea7m nh\u00ecn v\u00e0 gi\u1ea3m nguy c\u01a1 m\u1eafc b\u1ec7nh tho\u00e1i h\u00f3a v\u00f5ng m\u1ea1c. Me c\u0169ng ch\u1ee9a m\u1ed9t lo\u1ea1i h\u00f3a ch\u1ea5t \u0111\u00f3ng vai tr\u00f2 quan tr\u1ecdng nh\u01b0 mucin (ch\u1ea5t nh\u1ea7y b\u1ea3o v\u1ec7 v\u00e0 nu\u00f4i d\u01b0\u1ee1ng gi\u00e1c m\u1ea1c).<\/p>\n<p><strong>9. L\u00e0m \u0111\u1eb9p da<\/strong><\/p>\n<p>Ngu\u1ed3n ch\u1ea5t ch\u1ed1ng oxi h\u00f3a d\u1ed3i d\u00e0o trong qu\u1ea3 me c\u00f3 th\u1ec3 ch\u1ed1ng l\u1ea1i c\u00e1c g\u1ed1c t\u1ef1 do \u2013 nguy\u00ean nh\u00e2n l\u00e0m t\u1ed5n h\u1ea1i \u0111\u1ebfn da v\u00e0 g\u00e2y l\u00e3o h\u00f3a, n\u1ebfp nh\u0103n. N\u00f3 c\u0169ng \u0111\u01b0\u1ee3c s\u1eed d\u1ee5ng \u0111\u1ec3 \u0111i\u1ec1u tr\u1ecb ph\u1ee5c h\u1ed3i l\u1ea1i c\u00e1c khuy\u1ebft t\u1eadt nh\u1ecf tr\u00ean da sau khi m\u1eafc c\u00e1c b\u1ec7nh da li\u1ec5u.<\/p>\n<h2><strong>Me l\u00e0o x\u00f3c mu\u1ed1i \u1edbt ngon nh\u1ea5t \u1edf \u0111\u00e2u?<\/strong><\/h2>\n<p><img decoding=\"async\" class=\"wp-image-34399 aligncenter\" src=\"https:\/\/havamall.vn\/wp-content\/uploads\/2024\/04\/534535-300x300.png\" alt=\"\" width=\"522\" height=\"522\" srcset=\"https:\/\/havamall.vn\/wp-content\/uploads\/2024\/04\/534535-300x300.png 300w, https:\/\/havamall.vn\/wp-content\/uploads\/2024\/04\/534535-600x600.png 600w, https:\/\/havamall.vn\/wp-content\/uploads\/2024\/04\/534535-150x150.png 150w, https:\/\/havamall.vn\/wp-content\/uploads\/2024\/04\/534535-768x768.png 768w, https:\/\/havamall.vn\/wp-content\/uploads\/2024\/04\/534535-100x100.png 100w, https:\/\/havamall.vn\/wp-content\/uploads\/2024\/04\/534535.png 1000w\" sizes=\"(max-width: 522px) 100vw, 522px\" \/><\/p>\n<p>V\u1edbi th\u01b0\u01a1ng hi\u1ec7u n\u1ed5i ti\u1ebfng trong vi\u1ec7c cung c\u1ea5p c\u00e1c m\u1eb7t h\u00e0ng th\u1ef1c ph\u1ea9m v\u1edbi quy tr\u00ecnh an to\u00e0n, \u0111\u1ea3m b\u1ea3o t\u1ed1t cho s\u1ee9c kh\u1ecfe, Havamall lu\u00f4n \u0111\u01b0\u1ee3c kh\u00e1ch h\u00e0ng g\u1ea7n xa t\u00ecm \u0111\u1ebfn \u0111\u1ec3 \u0111\u1eb7t mua nh\u1eefng th\u1ef1c ph\u1ea9m d\u00f9ng h\u00e0ng ng\u00e0y ho\u1eb7c l\u00e0 qu\u00e0 t\u1eb7ng b\u1ea1n b\u00e8.<\/p>\n<p>M\u1ed9t trong nh\u1eefng s\u1ea3n ph\u1ea9m \u0111ang b\u00e1n ch\u1ea1y nh\u1ea5t hi\u1ec7n nay ch\u00ednh l\u00e0\u00a0<strong>me L\u00e0o x\u00f3c mu\u1ed1i \u1edbt h\u1ee7 500g<\/strong>\u00a0v\u1edbi \u0111\u1eb7c \u0111i\u1ec3m m\u00e0 kh\u00f3 c\u01a1 s\u1edf n\u00e0o c\u00f3 \u0111\u01b0\u1ee3c:<\/p>\n<ul>\n<li>Me \u0111\u01b0\u1ee3c tuy\u1ec3n ch\u1ecdn v\u00e0 ch\u1ebf bi\u1ebfn m\u1ed9t c\u00e1ch k\u1ef9 c\u00e0ng theo quy tr\u00ecnh \u0111\u1ea3m b\u1ea3o t\u1ed1t cho s\u1ee9c kh\u1ecfe con ng\u01b0\u1eddi.<\/li>\n<li>V\u1ecb chua chua v\u00e0 cay cay v\u1eeba ph\u1ea3i c\u1ee7a me v\u00e0 mu\u1ed1i \u1edbt l\u00e0m cho h\u01b0\u01a1ng v\u1ecb th\u00eam \u0111\u1eadm \u0111\u00e0, \u0111\u1eb7c bi\u1ec7t l\u00e0 qu\u1ea3 me v\u1eabn kh\u00f4 r\u00e1o kh\u00f4ng h\u1ec1 b\u1ebft r\u00edt hay ch\u1ea3y n\u01b0\u1edbc do \u0111\u01b0\u1ee3c b\u1ea3o qu\u1ea3n \u0111\u00fang c\u00e1ch.<\/li>\n<li>Ch\u1ea5t l\u01b0\u1ee3ng s\u1ea3n ph\u1ea9m \u0111\u01b0\u1ee3c ki\u1ec3m duy\u1ec7t v\u00e0 c\u00f3 gi\u1ea5y ph\u00e9p \u0111\u1ea3m b\u1ea3o an to\u00e0n v\u1ec7 sinh th\u1ef1c ph\u1ea9m<\/li>\n<li>Gi\u00e1 \u01b0u \u0111\u00e3i l\u1edbn gi\u00fap kh\u00e1ch h\u00e0ng ti\u1ebft ki\u1ec7m \u0111\u01b0\u1ee3c nhi\u1ec1u chi ph\u00ed<\/li>\n<\/ul>\n<p>V\u1edbi c\u00e1c t\u00e1c d\u1ee5ng tuy\u1ec7t v\u1eddi k\u1ec3 tr\u00ean th\u00ec qu\u1ea3 me l\u00e0 lo\u1ea1i th\u1ef1c ph\u1ea9m n\u00ean \u0111\u01b0\u1ee3c s\u1eed d\u1ee5ng h\u00e0ng ng\u00e0y. \u0110\u1ec3 l\u00e0m t\u0103ng th\u00eam \u0111\u1ed9 m\u1edbi l\u1ea1 v\u00e0 kh\u00f4ng ng\u00e1n so v\u1edbi c\u00e1ch s\u1eed d\u1ee5ng th\u00f4ng th\u01b0\u1eddng, b\u1ea1n h\u00e3y li\u00ean h\u1ec7 ngay v\u1edbi Havamall \u0111\u1ec3 c\u00f3 th\u1ec3 mua ngay\u00a0<strong>me l\u00e0o x\u00f3c mu\u1ed1i \u1edbt<\/strong>\u00a0\u0111\u1ec3 c\u00f9ng gia \u0111\u00ecnh v\u00e0 b\u1ea1n b\u00e8 th\u01b0\u1edfng th\u1ee9c nh\u00e9!<\/p>\n<p><img loading=\"lazy\" decoding=\"async\" class=\"wp-image-34400 aligncenter\" src=\"https:\/\/havamall.vn\/wp-content\/uploads\/2024\/04\/4234-200x300.png\" alt=\"\" width=\"462\" height=\"693\" srcset=\"https:\/\/havamall.vn\/wp-content\/uploads\/2024\/04\/4234-200x300.png 200w, https:\/\/havamall.vn\/wp-content\/uploads\/2024\/04\/4234-600x899.png 600w, https:\/\/havamall.vn\/wp-content\/uploads\/2024\/04\/4234-768x1151.png 768w, https:\/\/havamall.vn\/wp-content\/uploads\/2024\/04\/4234-683x1024.png 683w, https:\/\/havamall.vn\/wp-content\/uploads\/2024\/04\/4234.png 854w\" sizes=\"(max-width: 462px) 100vw, 462px\" \/><\/p>","protected":false},"excerpt":{"rendered":"<p>TH\u00d4NG TIN CHUNG Th\u01b0\u01a1ng hi\u1ec7u Havafoodies Xu\u1ea5t x\u1ee9 Vi\u1ec7t Nam Th\u00e0nh ph\u1ea7n Me l\u00e0o 100% H\u1ea1n s\u1eed d\u1ee5ng 12 th\u00e1ng<\/p>","protected":false},"featured_media":34401,"comment_status":"open","ping_status":"closed","template":"","meta":[],"product_brand":[],"product_cat":[594,36,134,143],"product_tag":[],"class_list":{"0":"post-34396","1":"product","2":"type-product","3":"status-publish","4":"has-post-thumbnail","6":"product_cat-dau-cu-qua-kho","7":"product_cat-thuc-pham-tieu-dung","8":"product_cat-thucpham-saykho","9":"product_cat-thuc-pham-dong-hop","11":"first","12":"instock","13":"sale","14":"shipping-taxable","15":"purchasable","16":"product-type-simple"},"_links":{"self":[{"href":"https:\/\/havamall.vn\/en\/wp-json\/wp\/v2\/product\/34396"}],"collection":[{"href":"https:\/\/havamall.vn\/en\/wp-json\/wp\/v2\/product"}],"about":[{"href":"https:\/\/havamall.vn\/en\/wp-json\/wp\/v2\/types\/product"}],"replies":[{"embeddable":true,"href":"https:\/\/havamall.vn\/en\/wp-json\/wp\/v2\/comments?post=34396"}],"version-history":[{"count":0,"href":"https:\/\/havamall.vn\/en\/wp-json\/wp\/v2\/product\/34396\/revisions"}],"wp:featuredmedia":[{"embeddable":true,"href":"https:\/\/havamall.vn\/en\/wp-json\/wp\/v2\/media\/34401"}],"wp:attachment":[{"href":"https:\/\/havamall.vn\/en\/wp-json\/wp\/v2\/media?parent=34396"}],"wp:term":[{"taxonomy":"product_brand","embeddable":true,"href":"https:\/\/havamall.vn\/en\/wp-json\/wp\/v2\/product_brand?post=34396"},{"taxonomy":"product_cat","embeddable":true,"href":"https:\/\/havamall.vn\/en\/wp-json\/wp\/v2\/product_cat?post=34396"},{"taxonomy":"product_tag","embeddable":true,"href":"https:\/\/havamall.vn\/en\/wp-json\/wp\/v2\/product_tag?post=34396"}],"curies":[{"name":"wp","href":"https:\/\/api.w.org\/{rel}","templated":true}]}}