{"id":34361,"date":"2024-04-17T16:57:42","date_gmt":"2024-04-17T09:57:42","guid":{"rendered":"https:\/\/havamall.vn\/?post_type=product&#038;p=34361"},"modified":"2024-08-03T15:55:48","modified_gmt":"2024-08-03T08:55:48","slug":"dau-hat-lanh-ep-lanh-ohawa-250ml","status":"publish","type":"product","link":"https:\/\/havamall.vn\/en\/shop\/dau-hat-lanh-ep-lanh-ohawa-250ml\/","title":{"rendered":"D\u1ea7u H\u1ea1t Lanh \u00c9p L\u1ea1nh Ohawa 250Ml"},"content":{"rendered":"<h2 class=\"product-detail__specs-title\"><strong>TH\u00d4NG TIN CHUNG<\/strong><\/h2>\n<div id=\"js-product-detail__specs\" class=\"product-detail__specs\">\n<div class=\"row\">\n<div class=\"col-sm-12\">\n<div class=\"product-specs__table\">\n<table>\n<tbody>\n<tr>\n<td class=\"specs-table__property\">Th\u01b0\u01a1ng hi\u1ec7u<\/td>\n<td class=\"specs-table__value\">Ohawa<\/td>\n<\/tr>\n<tr>\n<td class=\"specs-table__property\">Xu\u1ea5t x\u1ee9<\/td>\n<td class=\"specs-table__value\">Canada<\/td>\n<\/tr>\n<tr>\n<td class=\"specs-table__property\">H\u1ea1n s\u1eed d\u1ee5ng<\/td>\n<td class=\"specs-table__value\">3 n\u0103m<\/td>\n<\/tr>\n<tr>\n<td class=\"specs-table__property\">H\u01b0\u1edbng d\u1eabn s\u1eed d\u1ee5ng<\/td>\n<td class=\"specs-table__value\">D\u00f9ng tr\u1ef1c ti\u1ebfp ho\u1eb7c ch\u1ebf bi\u1ebfn c\u00e1c m\u00f3n \u0103n tu\u1ef3 th\u00edch<\/td>\n<\/tr>\n<tr>\n<td class=\"specs-table__property\">H\u01b0\u1edbng d\u1eabn b\u1ea3o qu\u1ea3n<\/td>\n<td class=\"specs-table__value\">B\u1ea3o qu\u1ea3n \u1edf nhi\u1ec7t \u0111\u1ed9 th\u01b0\u1eddng, gi\u1eef l\u1ea1nh sau khi m\u1edf n\u1eafp v\u00e0 s\u1eed d\u1ee5ng t\u1ed1t nh\u1ea5t trong 2 tu\u1ea7n<\/td>\n<\/tr>\n<tr>\n<td class=\"specs-table__property\">Th\u00e0nh ph\u1ea7n nguy\u00ean li\u1ec7u<\/td>\n<td class=\"specs-table__value\">\u00a0Nh\u01b0 tr\u00ean bao b\u00ec<\/td>\n<\/tr>\n<tr>\n<td class=\"specs-table__property\">Kh\u1ed1i l\u01b0\u1ee3ng\/Th\u1ec3 t\u00edch<\/td>\n<td class=\"specs-table__value\">250ml<\/td>\n<\/tr>\n<\/tbody>\n<\/table>\n<p><strong>D\u1ea7u h\u1ea1t lanh \u00e9p l\u1ea1nh OHAWA chi\u1ebft xu\u1ea5t t\u1eeb\u00a0<em>100%\u00a0<\/em>h\u1ea1t lanh nguy\u00ean ch\u1ea5t, v\u1edbi\u00a0<em>c\u00f4<\/em>ng ngh\u1ec7 \u00e9p l\u1ea1nh \u0111\u1ed9c quy\u1ec1n cung c\u1ea5p Omega 3 d\u1ed3i d\u00e0o cho ph\u1ee5 n\u1eef mang thai, tr\u1ebb em, ng\u01b0\u1eddi cao tu\u1ed5i.<\/strong><\/p>\n<p>Kh\u00f4ng gi\u1ed1ng nh\u01b0 m\u1ed9t s\u1ed1 lo\u1ea1i\u00a0<strong>d\u1ea7u\u00a0\u0103n<\/strong>\u00a0kh\u00e1c,\u00a0<strong>d\u1ea7u h\u1ea1t lanh Ohawa<\/strong>\u00a0c\u00f3 th\u1ec3 d\u00f9ng \u0111\u1ec3 \u0103n s\u1ed1ng, tr\u1ed9n salad ho\u1eb7c chi\u00ean x\u00e0o n\u1ea5u \u0111\u1ec1u \u0111\u01b0\u1ee3c. \u0110\u01b0\u1ee3c \u00e9p l\u1ea1nh t\u1eeb 100% h\u1ea1t lanh nguy\u00ean h\u1ea1t gi\u00fap gi\u1eef t\u1ed1i \u0111a h\u00e0m l\u01b0\u1ee3ng Omega 3-6-9 v\u00e0 d\u01b0\u1ee1ng ch\u1ea5t kh\u00e1c c\u00f3 trong h\u1ea1t lanh. Mang \u0111\u1ebfn s\u1ea3n ph\u1ea9m d\u1ea7u \u0103n t\u1ed1t cho s\u1ee9c kh\u1ecfe, ph\u00f9 h\u1ee3p cho m\u1ecdi \u0111\u1ed1i t\u01b0\u1ee3ng v\u00e0 ch\u1ebf bi\u1ebfn \u0111\u01b0\u1ee3c nhi\u1ec1u m\u00f3n \u0103n \u0111a d\u1ea1ng.<\/p>\n<p><img fetchpriority=\"high\" decoding=\"async\" class=\"aligncenter\" src=\"https:\/\/havamall.vn\/wp-content\/uploads\/2024\/04\/dau.jpg\" alt=\"D\u1ea7u h\u1ea1t lanh \u00e9p l\u1ea1nh Ohawa (250ml) - TrueLiving.vn\" width=\"649\" height=\"544\" \/><\/p>\n<h2><strong>\u0110\u1eb7c \u0111i\u1ec3m n\u1ed5i b\u1eadt c\u1ee7a d\u1ea7u h\u1ea1t lanh Ohawa<\/strong><\/h2>\n<ul>\n<li>Xu\u1ea5t x\u1ee9 ho\u00e0n to\u00e0n t\u1eeb Canada<\/li>\n<li>Ph\u00f9 h\u1ee3p cho m\u1ecdi l\u1ee9a tu\u1ed5i<\/li>\n<li>S\u1eed d\u1ee5ng c\u00f4ng ngh\u1ec7 \u00e9p l\u1ea1nh v\u00e0 l\u1ecdc \u0111\u1ed9c quy\u1ec1n<\/li>\n<li>D\u1ea7u h\u1ea1t lanh\u00a0duy nh\u1ea5t c\u00f3 \u0111i\u1ec3m kh\u00f3i cao \u0111\u1ebfn 250 \u0111\u1ed9 C, c\u00f3 th\u1ec3 d\u00f9ng chi\u00ean x\u00e0o n\u1ea5u t\u1ed1t m\u00e0 kh\u00f4ng lo d\u1ea7u b\u1ecb bi\u1ebfn \u0111\u1ed5i ch\u1ea5t.<\/li>\n<li>Chi\u1ebft xu\u1ea5t t\u1eeb h\u1ea1t lanh thu\u1ea7n ch\u1ee7ng (non-GMO), n\u1eef ho\u00e0ng c\u1ee7a c\u00e1c lo\u1ea1i h\u1ea1t.<\/li>\n<li>Ch\u1ee9a h\u00e0m l\u01b0\u1ee3ng c\u00e1c axit b\u00e9o th\u1ef1c v\u1eadt cao, \u0111\u1eb7c bi\u1ec7t l\u00e0 omega-3.<\/li>\n<li>Gi\u00fap ph\u00e1t tri\u1ec3n tr\u00ed n\u00e3o, th\u1ecb l\u1ef1c, gi\u1ea3m m\u1ee1 m\u00e1u, ch\u1ed1ng \u0111\u1ed9t qu\u1ef5, \u0111\u1eb9p da v\u00e0 kh\u1ecfe d\u00e1ng\u2026<\/li>\n<li>Ngo\u00e0i vi\u1ec7c s\u1eed d\u1ee5ng trong chi\u00ean, x\u00e0o, n\u1ea5u n\u01b0\u1edbng\u2026M\u1ecdi ng\u01b0\u1eddi c\u00f3 th\u1ec3 d\u00f9ng d\u1ea7u h\u1ea1t lanh Ohawa \u0111\u1ec3 \u0103n s\u1ed1ng, tr\u1ed9n salad\u2026 r\u1ea5t t\u1ed1t cho s\u1ee9c kh\u1ecfe.<\/li>\n<\/ul>\n<p><img decoding=\"async\" class=\"aligncenter\" src=\"https:\/\/havamall.vn\/wp-content\/uploads\/2024\/04\/59f4005cc652cc0b11f88ec9c68344eb.jpg\" alt=\"(Th\u00f9ng 6 chai) - D\u1ea7u h\u1ea1t lanh \u00e9p l\u1ea1nh b\u1ec1n nhi\u1ec7t OHAWA - Nh\u1eadp kh\u1ea9u Canada - Gi\u00e0u Omega 3 - H\u1eefu c\u01a1 - L\u00e0nh m\u1ea1nh - Ph\u00f9 h\u1ee3p Eat Clean, Tr\u1ed9n salad - Cho b\u00e9 ...\" width=\"628\" height=\"628\" \/><\/p>\n<p>H\u1ea1t lanh c\u1ee7a OHAWA \u0111\u01b0\u1ee3c canh tr\u1ed3ng t\u1ea1i Canada \u2013 v\u00f9ng \u0111\u1ea5t c\u00f3 th\u1ed5 nh\u01b0\u1ee1ng v\u00e0 kh\u00ed h\u1eadu tuy\u1ec7t v\u1eddi cho ra c\u00e1c lo\u1ea1i h\u1ea1t lanh thu\u1ea7n ch\u1ee7ng kh\u00f4ng bi\u1ebfn \u0111\u1ed5i gen, c\u00f3 h\u01b0\u01a1ng v\u1ecb \u0111\u1eb7c tr\u01b0ng, gi\u00e0u gi\u00e1 tr\u1ecb dinh d\u01b0\u1ee1ng. OHAWA k\u1ebft h\u1ee3p bao ti\u00eau \u0111\u1ec3 c\u00f3 quy m\u00f4 300 hecta \u0111\u1ea5t n\u00f4ng nghi\u1ec7p \u0111\u1ec3 cung \u1ee9ng ri\u00eang cho th\u1ecb tr\u01b0\u1eddng Vi\u1ec7t Nam, canh t\u00e1c nghi\u00eam ng\u1eb7t theo ti\u00eau chu\u1ea9n c\u1ee7a c\u01a1 quan CFIA v\u1ec1 vi\u1ec7c \u201c<strong>kh\u00f4ng s\u1eed d\u1ee5ng thu\u1ed1c tr\u1eeb s\u00e2u, ph\u00e2n b\u00f3n g\u00e2y h\u1ea1i cho s\u1ee9c kh\u1ecfe<\/strong>\u201d, \u0111\u1ea3m b\u1ea3o an to\u00e0n, s\u1ea3n l\u01b0\u1ee3ng \u1ed5n \u0111\u1ecbnh v\u00e0 ch\u1ea5t l\u01b0\u1ee3ng s\u1ea3n ph\u1ea9m s\u1ea1ch t\u1ed1t nh\u1ea5t \u0111\u1ebfn tay ng\u01b0\u1eddi ti\u00eau d\u00f9ng.<\/p>\n<p><strong>Xu\u1ea5t x\u1ee9:\u00a0<\/strong>Nh\u1eadp kh\u1ea9u tr\u1ef1c ti\u1ebfp nguy\u00ean chai t\u1eeb Canada, b\u1ea3o \u0111\u1ea3m ch\u1ea5t l\u01b0\u1ee3ng tr\u1ecdn v\u1eb9n nh\u1ea5t trong t\u1eebng chai d\u1ea7u.<\/p>\n<p><strong>H\u01b0\u1edbng d\u1eabn s\u1eed d\u1ee5ng:\u00a0<\/strong>D\u00f9ng \u0111\u01b0\u1ee3c 2 c\u00e1ch: chi\u00ean, x\u00e0o, n\u1ea5u tr\u00ean b\u1ebfp, ho\u1eb7c tr\u1ed9n salad d\u1ea7u d\u1ea5m\u00a0\u0103n tr\u1ef1c ti\u1ebfp, b\u1ed5 sung v\u00e0o c\u00e1c m\u00f3n \u0103n \u0111\u1ec3 b\u1ed5 sung th\u00eam omega 3,6,9.<\/p>\n<p><strong>Ghi ch\u00fa:<\/strong>\u00a0D\u00f9ng \u0111\u01b0\u1ee3c cho tr\u1ebb em 6 th\u00e1ng tr\u1edf l\u00ean.<\/p>\n<p>&nbsp;<\/p>\n<\/div>\n<\/div>\n<\/div>\n<\/div>","protected":false},"excerpt":{"rendered":"<p>TH\u00d4NG TIN CHUNG Th\u01b0\u01a1ng hi\u1ec7u Ohawa Xu\u1ea5t x\u1ee9 Canada H\u1ea1n s\u1eed d\u1ee5ng 3 n\u0103m H\u01b0\u1edbng d\u1eabn s\u1eed d\u1ee5ng D\u00f9ng tr\u1ef1c<\/p>","protected":false},"featured_media":34362,"comment_status":"open","ping_status":"closed","template":"","meta":[],"product_brand":[],"product_cat":[595,36],"product_tag":[],"class_list":{"0":"post-34361","1":"product","2":"type-product","3":"status-publish","4":"has-post-thumbnail","6":"product_cat-gia-vi-va-che-bien","7":"product_cat-thuc-pham-tieu-dung","9":"first","10":"instock","11":"sale","12":"shipping-taxable","13":"purchasable","14":"product-type-simple"},"_links":{"self":[{"href":"https:\/\/havamall.vn\/en\/wp-json\/wp\/v2\/product\/34361"}],"collection":[{"href":"https:\/\/havamall.vn\/en\/wp-json\/wp\/v2\/product"}],"about":[{"href":"https:\/\/havamall.vn\/en\/wp-json\/wp\/v2\/types\/product"}],"replies":[{"embeddable":true,"href":"https:\/\/havamall.vn\/en\/wp-json\/wp\/v2\/comments?post=34361"}],"version-history":[{"count":0,"href":"https:\/\/havamall.vn\/en\/wp-json\/wp\/v2\/product\/34361\/revisions"}],"wp:featuredmedia":[{"embeddable":true,"href":"https:\/\/havamall.vn\/en\/wp-json\/wp\/v2\/media\/34362"}],"wp:attachment":[{"href":"https:\/\/havamall.vn\/en\/wp-json\/wp\/v2\/media?parent=34361"}],"wp:term":[{"taxonomy":"product_brand","embeddable":true,"href":"https:\/\/havamall.vn\/en\/wp-json\/wp\/v2\/product_brand?post=34361"},{"taxonomy":"product_cat","embeddable":true,"href":"https:\/\/havamall.vn\/en\/wp-json\/wp\/v2\/product_cat?post=34361"},{"taxonomy":"product_tag","embeddable":true,"href":"https:\/\/havamall.vn\/en\/wp-json\/wp\/v2\/product_tag?post=34361"}],"curies":[{"name":"wp","href":"https:\/\/api.w.org\/{rel}","templated":true}]}}