{"id":34356,"date":"2024-04-17T16:38:05","date_gmt":"2024-04-17T09:38:05","guid":{"rendered":"https:\/\/havamall.vn\/?post_type=product&#038;p=34356"},"modified":"2025-08-26T16:28:35","modified_gmt":"2025-08-26T09:28:35","slug":"nuoc-sot-mi-tron-cay-hot-dry-noodle-sauce-150g-dinh-gia","status":"publish","type":"product","link":"https:\/\/havamall.vn\/en\/shop\/nuoc-sot-mi-tron-cay-hot-dry-noodle-sauce-150g-dinh-gia\/","title":{"rendered":"N\u01b0\u1edbc S\u1ed1t M\u00ec Tr\u1ed9n Cay &#8211; Hot Dry Noodle Sauce 150g \u0110\u1ec9nh Gia"},"content":{"rendered":"<h2 class=\"product-detail__specs-title\"><strong>TH\u00d4NG TIN CHUNG<\/strong><\/h2>\n<div id=\"js-product-detail__specs\" class=\"product-detail__specs\">\n<div class=\"row\">\n<div class=\"col-sm-12\">\n<div class=\"product-specs__table\">\n<table>\n<tbody>\n<tr>\n<td class=\"specs-table__property\">Th\u01b0\u01a1ng hi\u1ec7u<\/td>\n<td class=\"specs-table__value\">\u0110\u1ec9nh Gia<\/td>\n<\/tr>\n<tr>\n<td class=\"specs-table__property\">Xu\u1ea5t x\u1ee9<\/td>\n<td class=\"specs-table__value\">Vi\u1ec7t Nam<\/td>\n<\/tr>\n<tr>\n<td class=\"specs-table__property\">H\u1ea1n s\u1eed d\u1ee5ng<\/td>\n<td class=\"specs-table__value\">12 th\u00e1ng<\/td>\n<\/tr>\n<tr>\n<td class=\"specs-table__property\">H\u01b0\u1edbng d\u1eabn s\u1eed d\u1ee5ng<\/td>\n<td class=\"specs-table__value\">D\u00f9ng tr\u1ef1c ti\u1ebfp ho\u1eb7c ch\u1ebf bi\u1ebfn c\u00e1c m\u00f3n \u0103n tu\u1ef3 th\u00edch<\/td>\n<\/tr>\n<tr>\n<td class=\"specs-table__property\">H\u01b0\u1edbng d\u1eabn b\u1ea3o qu\u1ea3n<\/td>\n<td class=\"specs-table__value\">B\u1ea3o qu\u1ea3n \u1edf nhi\u1ec7t \u0111\u1ed9 th\u01b0\u1eddng, gi\u1eef l\u1ea1nh sau khi m\u1edf n\u1eafp v\u00e0 s\u1eed d\u1ee5ng t\u1ed1t nh\u1ea5t trong 2 tu\u1ea7n<\/td>\n<\/tr>\n<tr>\n<td class=\"specs-table__property\">Th\u00e0nh ph\u1ea7n nguy\u00ean li\u1ec7u<\/td>\n<td class=\"specs-table__value\">\u00a0Nh\u01b0 tr\u00ean bao b\u00ec<\/td>\n<\/tr>\n<tr>\n<td class=\"specs-table__property\">Kh\u1ed1i l\u01b0\u1ee3ng\/Th\u1ec3 t\u00edch<\/td>\n<td class=\"specs-table__value\">150g<\/td>\n<\/tr>\n<\/tbody>\n<\/table>\n<p>T\u00daI S\u1ed0T M\u00cc TR\u1ed8N \u201cTH\u1ea6N TH\u00c1NH\u201d \u0110\u1ec8NH GIA!<\/p>\n<p>QU\u00c1 CH\u00c1N M\u00cc G\u00d3I NH\u01afNG KH\u00d4NG C\u00d3 TH\u1edcI GIAN V\u00c0 NHI\u1ec0U S\u1ef0 L\u1ef0A CH\u1eccN?<br class=\"html-br\" \/>\u0110\u00e3 c\u00f3 ngay S\u1ed1t m\u00ec tr\u1ed9n \u0110\u1ec9nh Gia si\u00eau \u0111\u1ec9nh ti\u1ec7n l\u1ee3i, ch\u1ec9 5 ph\u00fat tr\u1ed9n chung v\u1edbi m\u00ec, h\u1ee7 ti\u1ebfu, ho\u1eb7c ph\u1edf \u0111\u00e3 lu\u1ed9c ch\u00edn l\u00e0 \u0111\u00e3 c\u00f3 ngay m\u1ed9t ph\u1ea7n \u0103n \u0111\u01a1n gi\u1ea3n ti\u1ec7n l\u1ee3i, nhanh ch\u00f3ng nh\u01b0ng l\u1ea1i v\u00f4 c\u00f9ng th\u01a1m ngon, ch\u1ea5t l\u01b0\u1ee3ng!<br class=\"html-br\" \/>\u0110\u00e1nh bay b\u1eefa \u0103n bu\u1ed3n ch\u00e1n v\u1edbi t\u00fai m\u00ec tr\u1ed9n \u0110\u1ec9nh Gia \u0111\u1eb7c bi\u1ec7t!<\/p>\n<\/div>\n<div><img fetchpriority=\"high\" decoding=\"async\" class=\"size-full wp-image-35255 aligncenter\" src=\"https:\/\/havamall.com\/wp-content\/uploads\/2025\/08\/645645-600x840.png\" alt=\"\" width=\"600\" height=\"840\" \/>G\u1ea1t b\u1ecf s\u1ef1 nh\u00e0m ch\u00e1n c\u1ee7a m\u00f3n m\u00ec tr\u1ed9n b\u1eb1ng t\u00fai s\u1ed1t m\u00ec \u0110\u1ec9nh Gia, v\u1eeba tr\u1ed9n m\u00ec, v\u1eeba c\u00f3 th\u1ec3 l\u00e0m s\u1ed1t ch\u1ea5m cho c\u00e1c m\u00f3n c\u00e1, th\u1ecbt, h\u1ea3i s\u1ea3n!<br class=\"html-br\" \/>Tr\u1ed9n c\u00f9ng c\u00e1c topping nh\u01b0 ho\u00e0nh th\u00e1nh, s\u1ee7i c\u1ea3o, x\u00e1 x\u00edu\u2026 \u0111\u1ec3 t\u0103ng th\u00eam s\u1ef1 \u0111\u1eadm \u0111\u00e0, \u0111\u1ed9c \u0111\u00e1o cho m\u00f3n m\u00ec tr\u1ed9n!<br class=\"html-br\" \/><br class=\"html-br\" \/>Si\u00eau ngon, l\u1ea1i c\u1ef1c d\u1ec5 l\u00e0m! 15\u2019 l\u00e0 c\u00f3 ngay ph\u1ea7n m\u00ec \u0111\u1eadm \u0111\u00e0!<\/div>\n<div class=\"product-specs__table\">\n<div class=\"xdj266r x11i5rnm xat24cr x1mh8g0r x1vvkbs x126k92a\"><\/div>\n<\/div>\n<\/div>\n<\/div>\n<\/div>","protected":false},"excerpt":{"rendered":"<p>TH\u00d4NG TIN CHUNG Th\u01b0\u01a1ng hi\u1ec7u \u0110\u1ec9nh Gia Xu\u1ea5t x\u1ee9 Vi\u1ec7t Nam H\u1ea1n s\u1eed d\u1ee5ng 12 th\u00e1ng H\u01b0\u1edbng d\u1eabn s\u1eed d\u1ee5ng<\/p>","protected":false},"featured_media":34358,"comment_status":"open","ping_status":"closed","template":"","meta":[],"product_brand":[],"product_cat":[595,36],"product_tag":[],"class_list":{"0":"post-34356","1":"product","2":"type-product","3":"status-publish","4":"has-post-thumbnail","6":"product_cat-gia-vi-va-che-bien","7":"product_cat-thuc-pham-tieu-dung","8":"pa_brand-dinh-gia","10":"first","11":"outofstock","12":"sale","13":"shipping-taxable","14":"purchasable","15":"product-type-simple"},"_links":{"self":[{"href":"https:\/\/havamall.vn\/en\/wp-json\/wp\/v2\/product\/34356"}],"collection":[{"href":"https:\/\/havamall.vn\/en\/wp-json\/wp\/v2\/product"}],"about":[{"href":"https:\/\/havamall.vn\/en\/wp-json\/wp\/v2\/types\/product"}],"replies":[{"embeddable":true,"href":"https:\/\/havamall.vn\/en\/wp-json\/wp\/v2\/comments?post=34356"}],"version-history":[{"count":0,"href":"https:\/\/havamall.vn\/en\/wp-json\/wp\/v2\/product\/34356\/revisions"}],"wp:featuredmedia":[{"embeddable":true,"href":"https:\/\/havamall.vn\/en\/wp-json\/wp\/v2\/media\/34358"}],"wp:attachment":[{"href":"https:\/\/havamall.vn\/en\/wp-json\/wp\/v2\/media?parent=34356"}],"wp:term":[{"taxonomy":"product_brand","embeddable":true,"href":"https:\/\/havamall.vn\/en\/wp-json\/wp\/v2\/product_brand?post=34356"},{"taxonomy":"product_cat","embeddable":true,"href":"https:\/\/havamall.vn\/en\/wp-json\/wp\/v2\/product_cat?post=34356"},{"taxonomy":"product_tag","embeddable":true,"href":"https:\/\/havamall.vn\/en\/wp-json\/wp\/v2\/product_tag?post=34356"}],"curies":[{"name":"wp","href":"https:\/\/api.w.org\/{rel}","templated":true}]}}