{"id":34353,"date":"2024-04-17T16:31:38","date_gmt":"2024-04-17T09:31:38","guid":{"rendered":"https:\/\/havamall.vn\/?post_type=product&#038;p=34353"},"modified":"2025-08-26T16:30:05","modified_gmt":"2025-08-26T09:30:05","slug":"nuoc-sot-thit-kho-braised-pork-sauce-100g-dinh-gia","status":"publish","type":"product","link":"https:\/\/havamall.vn\/en\/shop\/nuoc-sot-thit-kho-braised-pork-sauce-100g-dinh-gia\/","title":{"rendered":"N\u01b0\u1edbc S\u1ed1t Th\u1ecbt Kho &#8211; Braised Pork Sauce 100g \u0110\u1ec9nh Gia"},"content":{"rendered":"<h2 class=\"product-detail__specs-title\"><strong>TH\u00d4NG TIN CHUNG<\/strong><\/h2>\n<div id=\"js-product-detail__specs\" class=\"product-detail__specs\">\n<div class=\"row\">\n<div class=\"col-sm-12\">\n<div class=\"product-specs__table\">\n<table>\n<tbody>\n<tr>\n<td class=\"specs-table__property\">Th\u01b0\u01a1ng hi\u1ec7u<\/td>\n<td class=\"specs-table__value\">\u0110\u1ec9nh Gia<\/td>\n<\/tr>\n<tr>\n<td class=\"specs-table__property\">Xu\u1ea5t x\u1ee9<\/td>\n<td class=\"specs-table__value\">Vi\u1ec7t Nam<\/td>\n<\/tr>\n<tr>\n<td class=\"specs-table__property\">H\u1ea1n s\u1eed d\u1ee5ng<\/td>\n<td class=\"specs-table__value\">12 th\u00e1ng<\/td>\n<\/tr>\n<tr>\n<td class=\"specs-table__property\">H\u01b0\u1edbng d\u1eabn s\u1eed d\u1ee5ng<\/td>\n<td class=\"specs-table__value\">D\u00f9ng tr\u1ef1c ti\u1ebfp ho\u1eb7c ch\u1ebf bi\u1ebfn c\u00e1c m\u00f3n \u0103n tu\u1ef3 th\u00edch<\/td>\n<\/tr>\n<tr>\n<td class=\"specs-table__property\">H\u01b0\u1edbng d\u1eabn b\u1ea3o qu\u1ea3n<\/td>\n<td class=\"specs-table__value\">B\u1ea3o qu\u1ea3n \u1edf nhi\u1ec7t \u0111\u1ed9 th\u01b0\u1eddng, gi\u1eef l\u1ea1nh sau khi m\u1edf n\u1eafp v\u00e0 s\u1eed d\u1ee5ng t\u1ed1t nh\u1ea5t trong 2 tu\u1ea7n<\/td>\n<\/tr>\n<tr>\n<td class=\"specs-table__property\">Th\u00e0nh ph\u1ea7n nguy\u00ean li\u1ec7u<\/td>\n<td class=\"specs-table__value\">\u00a0Nh\u01b0 tr\u00ean bao b\u00ec<\/td>\n<\/tr>\n<tr>\n<td class=\"specs-table__property\">Kh\u1ed1i l\u01b0\u1ee3ng\/Th\u1ec3 t\u00edch<\/td>\n<td class=\"specs-table__value\">100g<\/td>\n<\/tr>\n<\/tbody>\n<\/table>\n<div><\/div>\n<div class=\"xdj266r x11i5rnm xat24cr x1mh8g0r x1vvkbs x126k92a\">V\u1edbi c\u00f4ng th\u1ee9c \u0111\u1ed9c quy\u1ec1n ch\u1ebf bi\u1ebfn tr\u1ef1c ti\u1ebfp t\u1eeb N\u01b0\u1edbc m\u1eafm c\u1ed1t cao c\u1ea5p, s\u1ed1t Th\u1ecbt kho \u0110\u1ec9nh Gia gi\u00fap ng\u01b0\u1eddi n\u1ed9i tr\u1ee3 ti\u1ebft ki\u1ec7m r\u1ea5t nhi\u1ec1u th\u1eddi gian v\u00e0 c\u00f4ng s\u1ee9c n\u00eam n\u1ebfm, nh\u1ea5t l\u00e0 trong nh\u1eefng d\u1ecbp l\u1ec5 T\u1ebft \u0111\u1ec3 b\u1eefa \u0103n \u0111\u00eam Giao th\u1eeba th\u00eam tr\u1ecdn v\u1eb9n, nhanh ch\u00f3ng.<\/div>\n<div class=\"xdj266r x11i5rnm xat24cr x1mh8g0r x1vvkbs x126k92a\"><br class=\"html-br\" \/><img fetchpriority=\"high\" decoding=\"async\" class=\"wp-image-34354 aligncenter\" src=\"https:\/\/havamall.com\/wp-content\/uploads\/2025\/08\/6456-214x300.png\" alt=\"\" width=\"450\" height=\"631\" \/><br class=\"html-br\" \/>H\u01b0\u1edbng d\u1eabn s\u1eed d\u1ee5ng\/ Serving Directions:<br class=\"html-br\" \/>1. Cho n\u01b0\u1edbc s\u1ed1t v\u00e0o khu\u1ea5y \u0111\u1ec1u c\u00f9ng l\u01b0\u1ee3ng n\u01b0\u1edbc l\u1ecdc theo \u00fd, \u0111un s\u00f4i t\u1eeb 5 &#8211; 10 ph\u00fat.<br class=\"html-br\" \/>2. Cho 0,5 &#8211; 1 kg th\u1ecbt v\u00e0o h\u1ed7n h\u1ee3p sao cho n\u01b0\u1edbc ng\u1eadp m\u1eb7t th\u1ecbt.<br class=\"html-br\" \/>3. \u0110un nh\u1ecf l\u1eeda cho \u0111\u1ebfn khi h\u1ed7n h\u1ee3p c\u1ea1n s\u1ec1n s\u1ec7t. Th\u00eam rau n\u00eam ho\u1eb7c \u1edbt t\u00f9y \u00fd. C\u00f3 th\u1ec3 t\u1ea9m \u01b0\u1edbp th\u1ecbt 10 ph\u00fat c\u00f9ng t\u00fai s\u1ed1t \u0111\u1ec3 gia v\u1ecb th\u1ea5m s\u00e2u h\u01a1n.<br class=\"html-br\" \/><br class=\"html-br\" \/>T\u1eadn th\u01b0\u1edfng th\u00e0nh ph\u1ea9m l\u00e0 m\u1ed9t ph\u1ea7n th\u1ecbt kho s\u1ec1n s\u1ec7t, \u0111\u1eadm v\u1ecb, t\u1eebng th\u1edb th\u1ecbt th\u1ea5m \u0111\u1eabm gia v\u1ecb \u0111\u1eb7c s\u00e1nh, th\u01a1m ngon, b\u1eaft m\u1eaft.<br class=\"html-br\" \/>S\u1ea3n ph\u1ea9m \u0111\u1eb7c bi\u1ec7t kh\u00f4ng s\u1eed d\u1ee5ng ph\u1ea9m m\u00e0u t\u1ed5ng h\u1ee3p.<\/div>\n<\/div>\n<\/div>\n<\/div>\n<\/div>","protected":false},"excerpt":{"rendered":"<p>TH\u00d4NG TIN CHUNG Th\u01b0\u01a1ng hi\u1ec7u \u0110\u1ec9nh Gia Xu\u1ea5t x\u1ee9 Vi\u1ec7t Nam H\u1ea1n s\u1eed d\u1ee5ng 12 th\u00e1ng H\u01b0\u1edbng d\u1eabn s\u1eed d\u1ee5ng<\/p>","protected":false},"featured_media":34355,"comment_status":"open","ping_status":"closed","template":"","meta":[],"product_brand":[],"product_cat":[595,36],"product_tag":[],"class_list":{"0":"post-34353","1":"product","2":"type-product","3":"status-publish","4":"has-post-thumbnail","6":"product_cat-gia-vi-va-che-bien","7":"product_cat-thuc-pham-tieu-dung","8":"pa_brand-dinh-gia","10":"first","11":"outofstock","12":"sale","13":"shipping-taxable","14":"purchasable","15":"product-type-simple"},"_links":{"self":[{"href":"https:\/\/havamall.vn\/en\/wp-json\/wp\/v2\/product\/34353"}],"collection":[{"href":"https:\/\/havamall.vn\/en\/wp-json\/wp\/v2\/product"}],"about":[{"href":"https:\/\/havamall.vn\/en\/wp-json\/wp\/v2\/types\/product"}],"replies":[{"embeddable":true,"href":"https:\/\/havamall.vn\/en\/wp-json\/wp\/v2\/comments?post=34353"}],"version-history":[{"count":0,"href":"https:\/\/havamall.vn\/en\/wp-json\/wp\/v2\/product\/34353\/revisions"}],"wp:featuredmedia":[{"embeddable":true,"href":"https:\/\/havamall.vn\/en\/wp-json\/wp\/v2\/media\/34355"}],"wp:attachment":[{"href":"https:\/\/havamall.vn\/en\/wp-json\/wp\/v2\/media?parent=34353"}],"wp:term":[{"taxonomy":"product_brand","embeddable":true,"href":"https:\/\/havamall.vn\/en\/wp-json\/wp\/v2\/product_brand?post=34353"},{"taxonomy":"product_cat","embeddable":true,"href":"https:\/\/havamall.vn\/en\/wp-json\/wp\/v2\/product_cat?post=34353"},{"taxonomy":"product_tag","embeddable":true,"href":"https:\/\/havamall.vn\/en\/wp-json\/wp\/v2\/product_tag?post=34353"}],"curies":[{"name":"wp","href":"https:\/\/api.w.org\/{rel}","templated":true}]}}