{"id":34350,"date":"2024-04-17T16:25:57","date_gmt":"2024-04-17T09:25:57","guid":{"rendered":"https:\/\/havamall.vn\/?post_type=product&#038;p=34350"},"modified":"2025-08-26T16:34:44","modified_gmt":"2025-08-26T09:34:44","slug":"nuoc-sot-ca-kho-caramelized-fish-paste-100g-dinh-gia","status":"publish","type":"product","link":"https:\/\/havamall.vn\/en\/shop\/nuoc-sot-ca-kho-caramelized-fish-paste-100g-dinh-gia\/","title":{"rendered":"N\u01b0\u1edbc S\u1ed1t C\u00e1 Kho &#8211; Caramelized Fish Paste 100g \u0110\u1ec9nh Gia"},"content":{"rendered":"<h2 class=\"product-detail__specs-title\"><strong>TH\u00d4NG TIN CHUNG<\/strong><\/h2>\n<div id=\"js-product-detail__specs\" class=\"product-detail__specs\">\n<div class=\"row\">\n<div class=\"col-sm-12\">\n<div class=\"product-specs__table\">\n<table>\n<tbody>\n<tr>\n<td class=\"specs-table__property\">Th\u01b0\u01a1ng hi\u1ec7u<\/td>\n<td class=\"specs-table__value\">\u0110\u1ec9nh Gia<\/td>\n<\/tr>\n<tr>\n<td class=\"specs-table__property\">Xu\u1ea5t x\u1ee9<\/td>\n<td class=\"specs-table__value\">Vi\u1ec7t Nam<\/td>\n<\/tr>\n<tr>\n<td class=\"specs-table__property\">H\u1ea1n s\u1eed d\u1ee5ng<\/td>\n<td class=\"specs-table__value\">12 th\u00e1ng<\/td>\n<\/tr>\n<tr>\n<td class=\"specs-table__property\">H\u01b0\u1edbng d\u1eabn s\u1eed d\u1ee5ng<\/td>\n<td class=\"specs-table__value\">D\u00f9ng tr\u1ef1c ti\u1ebfp ho\u1eb7c ch\u1ebf bi\u1ebfn c\u00e1c m\u00f3n \u0103n tu\u1ef3 th\u00edch<\/td>\n<\/tr>\n<tr>\n<td class=\"specs-table__property\">H\u01b0\u1edbng d\u1eabn b\u1ea3o qu\u1ea3n<\/td>\n<td class=\"specs-table__value\">B\u1ea3o qu\u1ea3n \u1edf nhi\u1ec7t \u0111\u1ed9 th\u01b0\u1eddng, gi\u1eef l\u1ea1nh sau khi m\u1edf n\u1eafp v\u00e0 s\u1eed d\u1ee5ng t\u1ed1t nh\u1ea5t trong 2 tu\u1ea7n<\/td>\n<\/tr>\n<tr>\n<td class=\"specs-table__property\">Th\u00e0nh ph\u1ea7n nguy\u00ean li\u1ec7u<\/td>\n<td class=\"specs-table__value\">\u00a0Nh\u01b0 tr\u00ean bao b\u00ec<\/td>\n<\/tr>\n<tr>\n<td class=\"specs-table__property\">Kh\u1ed1i l\u01b0\u1ee3ng\/Th\u1ec3 t\u00edch<\/td>\n<td class=\"specs-table__value\">100g<\/td>\n<\/tr>\n<\/tbody>\n<\/table>\n<div><\/div>\n<div class=\"xdj266r x11i5rnm xat24cr x1mh8g0r x1vvkbs x126k92a\">\n<div dir=\"auto\">H\u00e3y th\u1eed t\u01b0\u1edfng t\u01b0\u1ee3ng, ch\u1ec9 trong 15-30 ph\u00fat ch\u1ebf bi\u1ebfn, b\u1ea1n c\u00f3 th\u1ec3 th\u01b0\u1edfng th\u1ee9c m\u00f3n c\u00e1 kho truy\u1ec1n th\u1ed1ng, \u0111\u1eadm \u0111\u00e0 v\u00e0 d\u00e2n d\u00e3 v\u1edbi h\u01b0\u01a1ng v\u1ecb Vi\u1ec7t th\u00e2n quen, nh\u1edd v\u00e0o t\u00fai S\u1ed1t c\u00e1 kho \u0110\u1ec9nh Gia.<\/div>\n<\/div>\n<div class=\"x11i5rnm xat24cr x1mh8g0r x1vvkbs xtlvy1s x126k92a\">\n<div dir=\"auto\">T\u00fai s\u1ed1t n\u00e0y kh\u00f4ng ch\u1ec9 ti\u1ebft ki\u1ec7m th\u1eddi gian chu\u1ea9n b\u1ecb v\u00e0 n\u1ea5u \u0103n m\u00e0 c\u00f2n \u0111\u1ea3m b\u1ea3o m\u1ed7i l\u1ea7n n\u1ea5u l\u00e0 m\u1ed9t tr\u1ea3i nghi\u1ec7m h\u01b0\u01a1ng v\u1ecb \u0111\u00fang \u0111i\u1ec7u, ngon mi\u1ec7ng. V\u1edbi s\u1ef1 k\u1ebft h\u1ee3p ho\u00e0n h\u1ea3o c\u1ee7a c\u00e1c lo\u1ea1i gia v\u1ecb, t\u00fai S\u1ed1t c\u00e1 kho \u0110\u1ec9nh Gia mang \u0111\u1ebfn cho b\u1ea1n c\u01a1 h\u1ed9i th\u01b0\u1edfng th\u1ee9c m\u00f3n c\u00e1 kho th\u01a1m ngon, \u0111\u1eadm ch\u1ea5t Vi\u1ec7t Nam m\u00e0 kh\u00f4ng c\u1ea7n m\u1ea5t qu\u00e1 nhi\u1ec1u c\u00f4ng s\u1ee9c v\u00e0o b\u1ebfp.<\/div>\n<\/div>\n<div class=\"x11i5rnm xat24cr x1mh8g0r x1vvkbs xtlvy1s x126k92a\">\n<div dir=\"auto\">\u0110\u00e2y ch\u00ednh l\u00e0 l\u1ef1a ch\u1ecdn l\u00fd t\u01b0\u1edfng cho nh\u1eefng b\u1eefa c\u01a1m gia \u0111\u00ecnh \u1ea5m c\u00fang, \u0111\u1ea7y \u1eafp t\u00ecnh th\u01b0\u01a1ng v\u00e0 h\u01b0\u01a1ng v\u1ecb truy\u1ec1n th\u1ed1ng.<\/div>\n<div dir=\"auto\"><\/div>\n<div dir=\"auto\"><img fetchpriority=\"high\" decoding=\"async\" class=\"wp-image-35266 aligncenter\" src=\"https:\/\/havamall.com\/wp-content\/uploads\/2025\/08\/575-214x300-2.png\" alt=\"\" width=\"346\" height=\"485\" \/>\u0110\u1ec3 t\u1ea1o ra m\u1ed9t m\u00f3n ngon, b\u00ed quy\u1ebft kh\u00f4ng ch\u1ec9 \u1edf ngu\u1ed3n nguy\u00ean li\u1ec7u t\u01b0\u01a1i, m\u00e0 c\u00f2n l\u00e0 c\u00f4ng th\u1ee9c n\u00eam n\u1ebfm \u0111\u1eb1ng sau. M\u1ed7i ng\u01b0\u1eddi \u0111\u1ec1u c\u00f3 nh\u1eefng b\u00ed quy\u1ebft ri\u00eang \u0111\u1ec3 l\u00e0m cho m\u00f3n kho tr\u1edf n\u00ean \u0111\u1eadm \u0111\u00e0 v\u00e0 h\u1ea5p d\u1eabn v\u1edbi h\u01b0\u01a1ng th\u01a1m quy\u1ebfn r\u0169. V\u00e0 nay \u0110\u1ec9nh Gia s\u1ebd b\u1eadt m\u00ed gi\u00fap b\u1ea1n b\u00ed quy\u1ebft \u0111\u1ec3 n\u1ea5u m\u00f3n c\u00e1 kho \u0111\u01a1n gi\u1ea3n &#8211; ti\u1ebft ki\u1ec7m &#8211; ti\u1ec7n l\u1ee3i nh\u01b0ng v\u1eabn \u0111\u1ea3m b\u1ea3o h\u01b0\u01a1ng v\u1ecb quen thu\u1ed9c chu\u1ea9n c\u01a1m Vi\u1ec7t.<br class=\"html-br\" \/><br class=\"html-br\" \/>1. Cho n\u01b0\u1edbc s\u1ed1t v\u00e0o khu\u1ea5y \u0111\u1ec1u c\u00f9ng l\u01b0\u1ee3ng n\u01b0\u1edbc l\u1ecdc theo \u00fd, \u0111un s\u00f4i t\u1eeb 5 &#8211; 10 ph\u00fat.<br class=\"html-br\" \/>2. Cho 360 g c\u00e1 v\u00e0o h\u1ed7n h\u1ee3p sao cho n\u01b0\u1edbc ng\u1eadp m\u1eb7t c\u00e1.<br class=\"html-br\" \/>3. \u0110un nh\u1ecf l\u1eeda cho \u0111\u1ebfn khi h\u1ed7n h\u1ee3p c\u1ea1n s\u1ec1n s\u1ec7t. Th\u00eam rau n\u00eam ho\u1eb7c \u1edbt t\u00f9y \u00fd. C\u00f3 th\u1ec3 t\u1ea9m \u01b0\u1edbp c\u00e1 10 ph\u00fat c\u00f9ng t\u00fai s\u1ed1t \u0111\u1ec3 gia v\u1ecb th\u1ea5m s\u00e2u h\u01a1n.<br class=\"html-br\" \/><br class=\"html-br\" \/>\u0110\u01a1n gi\u1ea3n v\u1eady th\u00f4i, nh\u01b0ng th\u00e0nh ph\u1ea9m s\u1ebd khi\u1ebfn b\u1ea1n v\u00f4 c\u00f9ng ng\u1ea1c nhi\u00ean \u0111\u1ea5y! Th\u01a1m ngon, \u0111\u1eadm \u0111\u00e0, b\u1eaft m\u1eaft!<br class=\"html-br\" \/>S\u1ea3n ph\u1ea9m \u0111\u1eb7c bi\u1ec7t kh\u00f4ng s\u1eed d\u1ee5ng ph\u1ea9m m\u00e0u t\u1ed5ng h\u1ee3p.<\/div>\n<\/div>\n<\/div>\n<\/div>\n<\/div>\n<\/div>","protected":false},"excerpt":{"rendered":"<p>TH\u00d4NG TIN CHUNG Th\u01b0\u01a1ng hi\u1ec7u \u0110\u1ec9nh Gia Xu\u1ea5t x\u1ee9 Vi\u1ec7t Nam H\u1ea1n s\u1eed d\u1ee5ng 12 th\u00e1ng H\u01b0\u1edbng d\u1eabn s\u1eed d\u1ee5ng<\/p>","protected":false},"featured_media":34352,"comment_status":"open","ping_status":"closed","template":"","meta":[],"product_brand":[],"product_cat":[595,36],"product_tag":[],"class_list":{"0":"post-34350","1":"product","2":"type-product","3":"status-publish","4":"has-post-thumbnail","6":"product_cat-gia-vi-va-che-bien","7":"product_cat-thuc-pham-tieu-dung","8":"pa_brand-dinh-gia","10":"first","11":"outofstock","12":"sale","13":"shipping-taxable","14":"purchasable","15":"product-type-simple"},"_links":{"self":[{"href":"https:\/\/havamall.vn\/en\/wp-json\/wp\/v2\/product\/34350"}],"collection":[{"href":"https:\/\/havamall.vn\/en\/wp-json\/wp\/v2\/product"}],"about":[{"href":"https:\/\/havamall.vn\/en\/wp-json\/wp\/v2\/types\/product"}],"replies":[{"embeddable":true,"href":"https:\/\/havamall.vn\/en\/wp-json\/wp\/v2\/comments?post=34350"}],"version-history":[{"count":0,"href":"https:\/\/havamall.vn\/en\/wp-json\/wp\/v2\/product\/34350\/revisions"}],"wp:featuredmedia":[{"embeddable":true,"href":"https:\/\/havamall.vn\/en\/wp-json\/wp\/v2\/media\/34352"}],"wp:attachment":[{"href":"https:\/\/havamall.vn\/en\/wp-json\/wp\/v2\/media?parent=34350"}],"wp:term":[{"taxonomy":"product_brand","embeddable":true,"href":"https:\/\/havamall.vn\/en\/wp-json\/wp\/v2\/product_brand?post=34350"},{"taxonomy":"product_cat","embeddable":true,"href":"https:\/\/havamall.vn\/en\/wp-json\/wp\/v2\/product_cat?post=34350"},{"taxonomy":"product_tag","embeddable":true,"href":"https:\/\/havamall.vn\/en\/wp-json\/wp\/v2\/product_tag?post=34350"}],"curies":[{"name":"wp","href":"https:\/\/api.w.org\/{rel}","templated":true}]}}