{"id":34347,"date":"2024-04-17T15:55:22","date_gmt":"2024-04-17T08:55:22","guid":{"rendered":"https:\/\/havamall.vn\/?post_type=product&#038;p=34347"},"modified":"2025-08-26T16:41:31","modified_gmt":"2025-08-26T09:41:31","slug":"nuoc-cot-heo-pork-paste-138g-dinh-gia","status":"publish","type":"product","link":"https:\/\/havamall.vn\/en\/shop\/nuoc-cot-heo-pork-paste-138g-dinh-gia\/","title":{"rendered":"N\u01b0\u1edbc C\u1ed1t Heo &#8211; Pork Paste 138g \u0110\u1ec9nh Gia"},"content":{"rendered":"<h2 class=\"product-detail__specs-title\"><strong>TH\u00d4NG TIN CHUNG<\/strong><\/h2>\n<div id=\"js-product-detail__specs\" class=\"product-detail__specs\">\n<div class=\"row\">\n<div class=\"col-sm-12\">\n<div class=\"product-specs__table\">\n<table>\n<tbody>\n<tr>\n<td class=\"specs-table__property\">Th\u01b0\u01a1ng hi\u1ec7u<\/td>\n<td class=\"specs-table__value\">\u0110\u1ec9nh Gia<\/td>\n<\/tr>\n<tr>\n<td class=\"specs-table__property\">Xu\u1ea5t x\u1ee9<\/td>\n<td class=\"specs-table__value\">Vi\u1ec7t Nam<\/td>\n<\/tr>\n<tr>\n<td class=\"specs-table__property\">H\u1ea1n s\u1eed d\u1ee5ng<\/td>\n<td class=\"specs-table__value\">12 th\u00e1ng<\/td>\n<\/tr>\n<tr>\n<td class=\"specs-table__property\">H\u01b0\u1edbng d\u1eabn s\u1eed d\u1ee5ng<\/td>\n<td class=\"specs-table__value\">D\u00f9ng tr\u1ef1c ti\u1ebfp ho\u1eb7c ch\u1ebf bi\u1ebfn c\u00e1c m\u00f3n \u0103n tu\u1ef3 th\u00edch<\/td>\n<\/tr>\n<tr>\n<td class=\"specs-table__property\">H\u01b0\u1edbng d\u1eabn b\u1ea3o qu\u1ea3n<\/td>\n<td class=\"specs-table__value\">B\u1ea3o qu\u1ea3n \u1edf nhi\u1ec7t \u0111\u1ed9 th\u01b0\u1eddng, gi\u1eef l\u1ea1nh sau khi m\u1edf n\u1eafp v\u00e0 s\u1eed d\u1ee5ng t\u1ed1t nh\u1ea5t trong 2 tu\u1ea7n<\/td>\n<\/tr>\n<tr>\n<td class=\"specs-table__property\">Th\u00e0nh ph\u1ea7n nguy\u00ean li\u1ec7u<\/td>\n<td class=\"specs-table__value\">\u00a0Nh\u01b0 tr\u00ean bao b\u00ec<\/td>\n<\/tr>\n<tr>\n<td class=\"specs-table__property\">Kh\u1ed1i l\u01b0\u1ee3ng\/Th\u1ec3 t\u00edch<\/td>\n<td class=\"specs-table__value\">138g<\/td>\n<\/tr>\n<\/tbody>\n<\/table>\n<p>L\u00e0m th\u1ebf n\u00e0o \u0111\u1ec3 t\u1ea1o n\u00ean m\u1ed9t ch\u00e9n b\u00fan ph\u1edf ho\u00e0n h\u1ea3o chu\u1ea9n v\u1ecb Vi\u1ec7t cho c\u1ea3 nh\u00e0?<br \/>\nN\u01b0\u1edbc c\u1ed1t \u0110\u1ec9nh Gia t\u1ef1 tin c\u00f3 th\u1ec3 gi\u00fap b\u1ea1n t\u1ea1o n\u00ean nh\u1eefng b\u1eefa \u0103n \u0111\u1eadm v\u1ecb Vi\u1ec7t v\u1edbi th\u1eddi gian ng\u1eafn nh\u1ea5t nh\u01b0ng v\u1eabn \u0111\u1ea3m b\u1ea3o ch\u1ea5t l\u01b0\u1ee3ng tuy\u1ec7t h\u1ea3o!<\/p>\n<p><em>N\u01b0\u1edbc C\u1ed1t X\u01b0\u01a1ng Heo C\u00f4 \u0110\u1eb7c L\u00e0 m\u1ed9t d\u1ea1ng n\u01b0\u1edbc c\u1ed1t \u0111\u01b0\u1ee3c n\u1ea5u t\u1eeb x\u01b0\u01a1ng heo c\u00f4 \u0111\u1eb7c l\u1ea1i s\u1eed d\u1ee5ng \u0111\u01b0\u1ee3c cho c\u1ea3 ng\u01b0\u1eddi l\u1edbn v\u00e0 tr\u1ebb nh\u1ecf tr\u00ean 10 th\u00e1ng tu\u1ed5i.<br \/>\nV\u1eeba l\u00e0 gia v\u1ecb k\u00edch th\u00edch v\u1ecb gi\u00e1c tuy\u1ec7t v\u1eddi cho c\u00e1c b\u00e9, v\u1eeba l\u00e0 gia v\u1ecb th\u01a1m ngon, h\u1ea5p d\u1eabn trong n\u1ea5u l\u1ea9u, n\u1ea5u canh cho c\u1ea3 gia \u0111\u00ecnh, gi\u00fap n\u01b0\u1edbc d\u00f9ng c\u1ee7a b\u1ea1n ngon ng\u1ecdt \u0111\u1eadm v\u1ecb m\u00e0 l\u1ea1i kh\u00f4ng m\u1ea5t nhi\u1ec1u th\u1eddi gian cho vi\u1ec7c ninh x\u01b0\u01a1ng nh\u01b0 th\u00f4ng th\u01b0\u1eddng, mang l\u1ea1i s\u1ee9c kh\u1ecfe c\u1ee7a b\u00e9 v\u00e0 c\u1ea3 gia \u0111\u00ecnh b\u1ea1n.<\/em><\/p>\n<p><img fetchpriority=\"high\" decoding=\"async\" class=\"wp-image-34348 aligncenter\" src=\"https:\/\/havamall.com\/wp-content\/uploads\/2025\/08\/56756-214x300.png\" alt=\"\" width=\"415\" height=\"582\" \/><\/p>\n<p>\u1ea8m th\u1ef1c Vi\u1ec7t Nam v\u1ed1n n\u1ed5i ti\u1ebfng v\u1edbi nh\u1eefng m\u00f3n \u0103n nh\u01b0 b\u00fan, ph\u1edf, h\u1ee7 ti\u1ebfu\u2026l\u00e0 s\u1ef1 k\u1ebft h\u1ee3p nhu\u1ea7n nhuy\u1ec5n gi\u1eefa gia v\u1ecb v\u00e0 m\u00f9i th\u01a1m t\u1eeb n\u01b0\u1edbc d\u00f9ng h\u1ea7m th\u1ecbt v\u00e0 v\u1ecb ng\u1ecdt thanh c\u1ee7a t\u1eeb t\u1ee7y x\u01b0\u01a1ng h\u1ea7m.\u00a0C\u00e1c s\u1ea3n ph\u1ea9m c\u00f3 th\u00e0nh ph\u1ea7n chi\u1ebft xu\u1ea5t th\u1ecbt heo c\u0169ng l\u00e0 s\u1ef1 l\u1ef1a ch\u1ecdn h\u00e0ng \u0111\u1ea7u c\u1ee7a ng\u01b0\u1eddi ti\u00eau d\u00f9ng.\u00a0Tuy nhi\u00ean\u00a0\u0111\u1ec3 x\u01b0\u01a1ng c\u00f3 th\u1ec3 gi\u1ea3i ph\u00f3ng h\u1ebft to\u00e0n b\u1ed9 d\u01b0\u1ee1ng ch\u1ea5t, ph\u1ea3i h\u1ea7m \u00edt nh\u1ea5t t\u1eeb 8 ti\u1ebfng, n\u1ebfu \u0111\u00f3 l\u00e0 nh\u1eefng lo\u1ea1i x\u01b0\u01a1ng \u1ed1ng l\u1edbn th\u00ec ph\u1ea3i h\u1ea7m nh\u1ecf l\u1eeda trong 12 \u0111\u1ebfn 24 ti\u1ebfng.\u00a0N\u1eafm b\u1eaft \u0111\u01b0\u1ee3c nhu c\u1ea7u v\u1ec1 c\u00e1c s\u1ea3n ph\u1ea9m chi\u1ebft xu\u1ea5t t\u1eeb heo ng\u00e0y m\u1ed9t t\u0103ng cao v\u00e0 gi\u00fap c\u00e1c doanh nghi\u1ec7p s\u1ea3n xu\u1ea5t th\u1ef1c ph\u1ea9m ti\u1ebft ki\u1ec7m th\u1eddi gian, chi ph\u00ed v\u00e0 n\u00e2ng cao ch\u1ea5t l\u01b0\u1ee3ng s\u1ea3n ph\u1ea9m, <i>s\u1ea3n ph\u1ea9m C\u1ed1t Heo gi\u00fap ti\u1ebft ki\u1ec7m th\u1eddi gian c\u00f4ng s\u1ee9c m\u00e0 v\u1eabn \u0111em \u0111\u1ebfn h\u01b0\u01a1ng v\u1ecb tuy\u1ec7t h\u1ea3o.<\/i><\/p>\n<p><img decoding=\"async\" class=\"aligncenter\" src=\"https:\/\/havamall.com\/wp-content\/uploads\/2025\/08\/cac2d4727cb96da80a58a916a206cacc.jpg\" alt=\"N\u01b0\u1edbc c\u1ed1t h\u1ee7 t\u00edu n\u01b0\u1edbc c\u1ed1t heo \u0111\u1ec9nh gia\" width=\"603\" height=\"603\" \/><\/p>\n<p>\u0110\u1eb7c tr\u01b0ng c\u1ee7a\u00a0<strong>n\u01b0\u1edbc c\u1ed1t th\u1ecbt v\u00e0 x\u01b0\u01a1ng heo<\/strong>\u00a0c\u1ee7a c\u00f3 m\u00e0u v\u00e0ng n\u00e2u, d\u1ea1ng s\u1ec7t, n\u1ed5i b\u1eadt v\u1edbi h\u01b0\u01a1ng th\u01a1m c\u1ee7a x\u01b0\u01a1ng h\u1ea7m v\u00e0 v\u1ecb ng\u1ecdt s\u00e2u, b\u00f9i c\u1ee7a th\u1ecbt v\u00e0 n\u01b0\u1edbc x\u01b0\u01a1ng h\u1ea7m t\u1ef1 nhi\u00ean. Quy tr\u00ecnh s\u1ea3n xu\u1ea5t n\u01b0\u1edbc c\u1ed1t th\u1ecbt v\u00e0 x\u01b0\u01a1ng heo, ki\u1ec3m so\u00e1t nghi\u00eam ng\u1eb7t ngay t\u1eeb nguy\u00ean li\u1ec7u \u0111\u1ea7u v\u00e0o, tr\u1ea3i qua c\u00e1c qu\u00e1 tr\u00ecnh chi\u1ebft t\u00e1ch, v\u00e0 tr\u00edch ly \u0111\u1ec3 gi\u1eef \u0111\u01b0\u1ee3c h\u01b0\u01a1ng v\u1ecb \u0111\u1eb7c tr\u01b0ng v\u00e0 v\u1eb9n nguy\u00ean gi\u00e1 tr\u1ecb dinh d\u01b0\u1ee1ng t\u1eeb th\u1ecbt v\u00e0 t\u1ee7y x\u01b0\u01a1ng. S\u1ea3n ph\u1ea9m \u0111\u01b0\u1ee3c b\u1ea3o qu\u1ea3n trong nhi\u1ec7t \u0111\u1ed9 ph\u00f2ng, m\u00f4i tr\u01b0\u1eddng kh\u00f4 r\u00e1o, tho\u00e1ng m\u00e1t, tr\u00e1nh \u00e1nh n\u1eafng m\u1eb7t tr\u1eddi tr\u1ef1c ti\u1ebfp. Th\u1eddi gian s\u1eed d\u1ee5ng trong v\u00f2ng 12 th\u00e1ng.<\/p>\n<\/div>\n<\/div>\n<\/div>\n<\/div>","protected":false},"excerpt":{"rendered":"<p>TH\u00d4NG TIN CHUNG Th\u01b0\u01a1ng hi\u1ec7u \u0110\u1ec9nh Gia Xu\u1ea5t x\u1ee9 Vi\u1ec7t Nam H\u1ea1n s\u1eed d\u1ee5ng 12 th\u00e1ng H\u01b0\u1edbng d\u1eabn s\u1eed d\u1ee5ng<\/p>","protected":false},"featured_media":34349,"comment_status":"open","ping_status":"closed","template":"","meta":[],"product_brand":[],"product_cat":[595,36],"product_tag":[],"class_list":{"0":"post-34347","1":"product","2":"type-product","3":"status-publish","4":"has-post-thumbnail","6":"product_cat-gia-vi-va-che-bien","7":"product_cat-thuc-pham-tieu-dung","8":"pa_brand-dinh-gia","10":"first","11":"outofstock","12":"sale","13":"shipping-taxable","14":"purchasable","15":"product-type-simple"},"_links":{"self":[{"href":"https:\/\/havamall.vn\/en\/wp-json\/wp\/v2\/product\/34347"}],"collection":[{"href":"https:\/\/havamall.vn\/en\/wp-json\/wp\/v2\/product"}],"about":[{"href":"https:\/\/havamall.vn\/en\/wp-json\/wp\/v2\/types\/product"}],"replies":[{"embeddable":true,"href":"https:\/\/havamall.vn\/en\/wp-json\/wp\/v2\/comments?post=34347"}],"version-history":[{"count":0,"href":"https:\/\/havamall.vn\/en\/wp-json\/wp\/v2\/product\/34347\/revisions"}],"wp:featuredmedia":[{"embeddable":true,"href":"https:\/\/havamall.vn\/en\/wp-json\/wp\/v2\/media\/34349"}],"wp:attachment":[{"href":"https:\/\/havamall.vn\/en\/wp-json\/wp\/v2\/media?parent=34347"}],"wp:term":[{"taxonomy":"product_brand","embeddable":true,"href":"https:\/\/havamall.vn\/en\/wp-json\/wp\/v2\/product_brand?post=34347"},{"taxonomy":"product_cat","embeddable":true,"href":"https:\/\/havamall.vn\/en\/wp-json\/wp\/v2\/product_cat?post=34347"},{"taxonomy":"product_tag","embeddable":true,"href":"https:\/\/havamall.vn\/en\/wp-json\/wp\/v2\/product_tag?post=34347"}],"curies":[{"name":"wp","href":"https:\/\/api.w.org\/{rel}","templated":true}]}}