{"id":34343,"date":"2024-04-17T15:35:22","date_gmt":"2024-04-17T08:35:22","guid":{"rendered":"https:\/\/havamall.vn\/?post_type=product&#038;p=34343"},"modified":"2025-08-26T16:49:17","modified_gmt":"2025-08-26T09:49:17","slug":"nuoc-cot-bun-bo-hue-bun-bo-hue-paste-138g-dinh-gia","status":"publish","type":"product","link":"https:\/\/havamall.vn\/en\/shop\/nuoc-cot-bun-bo-hue-bun-bo-hue-paste-138g-dinh-gia\/","title":{"rendered":"N\u01b0\u1edbc C\u1ed1t B\u00fan B\u00f2 Hu\u1ebf &#8211; Bun Bo Hue Paste 138g \u0110\u1ec9nh Gia"},"content":{"rendered":"<h2 class=\"product-detail__specs-title\"><strong>TH\u00d4NG TIN CHUNG<\/strong><\/h2>\n<div id=\"js-product-detail__specs\" class=\"product-detail__specs\">\n<div class=\"row\">\n<div class=\"col-sm-12\">\n<div class=\"product-specs__table\">\n<table>\n<tbody>\n<tr>\n<td class=\"specs-table__property\">Th\u01b0\u01a1ng hi\u1ec7u<\/td>\n<td class=\"specs-table__value\">\u0110\u1ec9nh Gia<\/td>\n<\/tr>\n<tr>\n<td class=\"specs-table__property\">Xu\u1ea5t x\u1ee9<\/td>\n<td class=\"specs-table__value\">Vi\u1ec7t Nam<\/td>\n<\/tr>\n<tr>\n<td class=\"specs-table__property\">H\u1ea1n s\u1eed d\u1ee5ng<\/td>\n<td class=\"specs-table__value\">12 th\u00e1ng<\/td>\n<\/tr>\n<tr>\n<td class=\"specs-table__property\">H\u01b0\u1edbng d\u1eabn s\u1eed d\u1ee5ng<\/td>\n<td class=\"specs-table__value\">D\u00f9ng tr\u1ef1c ti\u1ebfp ho\u1eb7c ch\u1ebf bi\u1ebfn c\u00e1c m\u00f3n \u0103n tu\u1ef3 th\u00edch<\/td>\n<\/tr>\n<tr>\n<td class=\"specs-table__property\">H\u01b0\u1edbng d\u1eabn b\u1ea3o qu\u1ea3n<\/td>\n<td class=\"specs-table__value\">B\u1ea3o qu\u1ea3n \u1edf nhi\u1ec7t \u0111\u1ed9 th\u01b0\u1eddng, gi\u1eef l\u1ea1nh sau khi m\u1edf n\u1eafp v\u00e0 s\u1eed d\u1ee5ng t\u1ed1t nh\u1ea5t trong 2 tu\u1ea7n<\/td>\n<\/tr>\n<tr>\n<td class=\"specs-table__property\">Th\u00e0nh ph\u1ea7n nguy\u00ean li\u1ec7u<\/td>\n<td class=\"specs-table__value\">\u00a0Nh\u01b0 tr\u00ean bao b\u00ec<\/td>\n<\/tr>\n<tr>\n<td class=\"specs-table__property\">Kh\u1ed1i l\u01b0\u1ee3ng\/Th\u1ec3 t\u00edch<\/td>\n<td class=\"specs-table__value\">138g<\/td>\n<\/tr>\n<\/tbody>\n<\/table>\n<p>S\u1ea3n ph\u1ea9m\u00a0<strong>Gia V\u1ecb N\u1ea5u B\u00fan B\u00f2 Hu\u1ebf C\u1ed1t<\/strong>\u00a0\u0111\u01b0\u1ee3c \u1ee9ng d\u1ee5ng k\u1ef9 thu\u1eadt ti\u00ean ti\u1ebfn \u0111\u1ec3 chuy\u1ec3n \u0111\u1ed5i c\u00e1c th\u1ef1c ph\u1ea9m truy\u1ec1n th\u1ed1ng nh\u01b0 x\u01b0\u01a1ng th\u1ecbt th\u00e0nh d\u1ea1ng c\u00f4 \u0111\u1eb7c, v\u1eeba gi\u1eef \u0111\u01b0\u1ee3c h\u01b0\u01a1ng v\u1ecb th\u01a1m ngon thu\u1ea7n t\u00fay, v\u1eeba ph\u00e1t huy \u0111\u01b0\u1ee3c t\u00ednh ti\u1ec7n l\u1ee3i c\u1ee7a s\u1ea3n ph\u1ea9m.<\/p>\n<p><img fetchpriority=\"high\" decoding=\"async\" class=\"wp-image-34344 aligncenter\" src=\"https:\/\/havamall.com\/wp-content\/uploads\/2025\/08\/rtetyer-214x300.png\" alt=\"\" width=\"436\" height=\"611\" \/><\/p>\n<p>Th\u00e0nh ph\u1ea7n n\u01b0\u1edbc c\u1ed1t b\u00fan b\u00f2 hu\u1ebf:<\/p>\n<p>X\u01b0\u01a1ng \u1ed1ng b\u00f2, x\u01b0\u01a1ng \u1ed1ng heo. m\u1eafm ru\u1ed1c Hu\u1ebf, s\u1ea3 c\u1ee7, \u1edbt b\u1ed9t, \u0111\u01b0\u1eddng ph\u00e8n. M\u1eafm, mu\u1ed1i h\u1ea1t, h\u00e0nh, t\u1ecfi, d\u1ea7u h\u1ea1t \u0111i\u1ec1u. H\u01b0\u1edbng d\u1eabn s\u1eed d\u1ee5ng: Lu\u1ed9c m\u00f3ng gi\u00f2, ch\u1ea3 cua, gi\u00f2 b\u00f2, ti\u1ebft lu\u1ed9c, chu\u1ea9n b\u1ecb th\u00eam b\u00fan t\u01b0\u01a1i, h\u00e0nh l\u00e1 v\u00e0 h\u00fang qu\u1ebf th\u00e1i nh\u1ecf, \u0103n k\u00e8m hoa chu\u1ed1i th\u00e1i, gi\u00e1 \u0111\u1ed7, rau mu\u1ed1ng ch\u1ebb,.. Pha 1 g\u00f3i c\u1ed1t b\u00fan b\u00f2 Hu\u1ebf c\u00f9ng 2 l\u00edt n\u01b0\u1edbc \u0111un s\u00f4i nh\u1ecf l\u1eeda 2 ph\u00fat l\u00e0 c\u00f3 th\u1ec3 chan v\u00e0 th\u01b0\u1edfng th\u1ee9c. M\u00e1ch nh\u1ecf. B\u1ea1n c\u00f3 th\u1ec3 t\u0103ng h\u01b0\u01a1ng s\u1ea3 n\u1ebfu mu\u1ed1n b\u1eb1ng c\u00e1ch \u0111\u1eadp th\u00eam v\u00e0i c\u1ee7 s\u1ea3 v\u00e0 lu\u1ed9c c\u00f9ng m\u00f3ng gi\u00f2 \u0111\u1ec3 m\u00f3n b\u00fan \u0111\u01b0\u1ee3c th\u01a1m h\u01a1n. Vi\u1ec7c \u0103n cay t\u0103ng \u0111\u1ed9 cay theo \u00fd th\u00edch.<\/p>\n<p><img decoding=\"async\" class=\"aligncenter\" src=\"https:\/\/havamall.com\/wp-content\/uploads\/2025\/08\/bun-bo-1.jpg\" alt=\"C\u00f4ng th\u1ee9c gia v\u1ecb n\u1ea5u b\u00fan b\u00f2 Hu\u1ebf \u0111\u1eb7c s\u1ea3n \u0111\u1ea5t C\u1ed1 \u0111\u00f4 - Tr\u00ed Vi\u1ec7t Ph\u00e1t\" width=\"690\" height=\"388\" \/><\/p>\n<\/div>\n<\/div>\n<\/div>\n<\/div>","protected":false},"excerpt":{"rendered":"<p>TH\u00d4NG TIN CHUNG Th\u01b0\u01a1ng hi\u1ec7u \u0110\u1ec9nh Gia Xu\u1ea5t x\u1ee9 Vi\u1ec7t Nam H\u1ea1n s\u1eed d\u1ee5ng 12 th\u00e1ng H\u01b0\u1edbng d\u1eabn s\u1eed d\u1ee5ng<\/p>","protected":false},"featured_media":34345,"comment_status":"open","ping_status":"closed","template":"","meta":[],"product_brand":[],"product_cat":[595,36],"product_tag":[],"class_list":{"0":"post-34343","1":"product","2":"type-product","3":"status-publish","4":"has-post-thumbnail","6":"product_cat-gia-vi-va-che-bien","7":"product_cat-thuc-pham-tieu-dung","8":"pa_brand-dinh-gia","10":"first","11":"outofstock","12":"sale","13":"shipping-taxable","14":"purchasable","15":"product-type-simple"},"_links":{"self":[{"href":"https:\/\/havamall.vn\/en\/wp-json\/wp\/v2\/product\/34343"}],"collection":[{"href":"https:\/\/havamall.vn\/en\/wp-json\/wp\/v2\/product"}],"about":[{"href":"https:\/\/havamall.vn\/en\/wp-json\/wp\/v2\/types\/product"}],"replies":[{"embeddable":true,"href":"https:\/\/havamall.vn\/en\/wp-json\/wp\/v2\/comments?post=34343"}],"version-history":[{"count":0,"href":"https:\/\/havamall.vn\/en\/wp-json\/wp\/v2\/product\/34343\/revisions"}],"wp:featuredmedia":[{"embeddable":true,"href":"https:\/\/havamall.vn\/en\/wp-json\/wp\/v2\/media\/34345"}],"wp:attachment":[{"href":"https:\/\/havamall.vn\/en\/wp-json\/wp\/v2\/media?parent=34343"}],"wp:term":[{"taxonomy":"product_brand","embeddable":true,"href":"https:\/\/havamall.vn\/en\/wp-json\/wp\/v2\/product_brand?post=34343"},{"taxonomy":"product_cat","embeddable":true,"href":"https:\/\/havamall.vn\/en\/wp-json\/wp\/v2\/product_cat?post=34343"},{"taxonomy":"product_tag","embeddable":true,"href":"https:\/\/havamall.vn\/en\/wp-json\/wp\/v2\/product_tag?post=34343"}],"curies":[{"name":"wp","href":"https:\/\/api.w.org\/{rel}","templated":true}]}}