{"id":34339,"date":"2024-04-17T14:28:54","date_gmt":"2024-04-17T07:28:54","guid":{"rendered":"https:\/\/havamall.vn\/?post_type=product&#038;p=34339"},"modified":"2025-07-28T10:20:18","modified_gmt":"2025-07-28T03:20:18","slug":"nuoc-cot-bun-rieu-paddy-crab-paste-138g-dinh-gia","status":"publish","type":"product","link":"https:\/\/havamall.vn\/en\/shop\/nuoc-cot-bun-rieu-paddy-crab-paste-138g-dinh-gia\/","title":{"rendered":"N\u01b0\u1edbc C\u1ed1t B\u00fan Ri\u00eau &#8211; Paddy Crab Paste 138g \u0110\u1ec9nh Gia"},"content":{"rendered":"<h2 class=\"product-detail__specs-title\"><strong>TH\u00d4NG TIN CHUNG<\/strong><\/h2>\n<div id=\"js-product-detail__specs\" class=\"product-detail__specs\">\n<div class=\"row\">\n<div class=\"col-sm-12\">\n<div class=\"product-specs__table\">\n<table>\n<tbody>\n<tr>\n<td class=\"specs-table__property\">Th\u01b0\u01a1ng hi\u1ec7u<\/td>\n<td class=\"specs-table__value\">\u0110\u1ec9nh Gia<\/td>\n<\/tr>\n<tr>\n<td class=\"specs-table__property\">Xu\u1ea5t x\u1ee9<\/td>\n<td class=\"specs-table__value\">Vi\u1ec7t Nam<\/td>\n<\/tr>\n<tr>\n<td class=\"specs-table__property\">H\u1ea1n s\u1eed d\u1ee5ng<\/td>\n<td class=\"specs-table__value\">12 th\u00e1ng<\/td>\n<\/tr>\n<tr>\n<td class=\"specs-table__property\">H\u01b0\u1edbng d\u1eabn s\u1eed d\u1ee5ng<\/td>\n<td class=\"specs-table__value\">D\u00f9ng tr\u1ef1c ti\u1ebfp ho\u1eb7c ch\u1ebf bi\u1ebfn c\u00e1c m\u00f3n \u0103n tu\u1ef3 th\u00edch<\/td>\n<\/tr>\n<tr>\n<td class=\"specs-table__property\">H\u01b0\u1edbng d\u1eabn b\u1ea3o qu\u1ea3n<\/td>\n<td class=\"specs-table__value\">B\u1ea3o qu\u1ea3n \u1edf nhi\u1ec7t \u0111\u1ed9 th\u01b0\u1eddng, gi\u1eef l\u1ea1nh sau khi m\u1edf n\u1eafp v\u00e0 s\u1eed d\u1ee5ng t\u1ed1t nh\u1ea5t trong 2 tu\u1ea7n<\/td>\n<\/tr>\n<tr>\n<td class=\"specs-table__property\">Th\u00e0nh ph\u1ea7n nguy\u00ean li\u1ec7u<\/td>\n<td class=\"specs-table__value\">\u00a0Nh\u01b0 tr\u00ean bao b\u00ec<\/td>\n<\/tr>\n<tr>\n<td class=\"specs-table__property\">Kh\u1ed1i l\u01b0\u1ee3ng\/Th\u1ec3 t\u00edch<\/td>\n<td class=\"specs-table__value\">138g<\/td>\n<\/tr>\n<\/tbody>\n<\/table>\n<p>S\u1ea3n ph\u1ea9m\u00a0<strong>C\u1ed1t B\u00fan Ri\u00eau<\/strong>\u00a0\u0111\u01b0\u1ee3c \u1ee9ng d\u1ee5ng k\u1ef9 thu\u1eadt ti\u00ean ti\u1ebfn \u0111\u1ec3 chuy\u1ec3n \u0111\u1ed5i c\u00e1c th\u1ef1c ph\u1ea9m truy\u1ec1n th\u1ed1ng nh\u01b0 x\u01b0\u01a1ng th\u1ecbt th\u00e0nh d\u1ea1ng c\u00f4 \u0111\u1eb7c, v\u1eeba gi\u1eef \u0111\u01b0\u1ee3c h\u01b0\u01a1ng v\u1ecb th\u01a1m ngon thu\u1ea7n t\u00fay, v\u1eeba ph\u00e1t huy \u0111\u01b0\u1ee3c t\u00ednh ti\u1ec7n l\u1ee3i c\u1ee7a s\u1ea3n ph\u1ea9m. V\u1edbi th\u00e0nh ph\u1ea7n n\u01b0\u1edbc x\u01b0\u01a1ng h\u1ea7m, s\u1ea3n ph\u1ea9m s\u1ebdmang v\u1ecb ng\u1ecdt d\u1ecbu t\u1ef1 nhi\u00ean, t\u1ea1o n\u00ean s\u1ef1 h\u1ea5p d\u1eabn \u0111\u1eb7c tr\u01b0ng cho m\u00f3n \u0103n c\u1ee7a gia \u0111\u00ecnh b\u1ea1n.<\/p>\n<p><img fetchpriority=\"high\" decoding=\"async\" class=\"wp-image-34340 aligncenter\" src=\"https:\/\/havamall.com\/wp-content\/uploads\/2025\/07\/32433-214x300.png\" alt=\"\" width=\"549\" height=\"770\" \/><\/p>\n<p><b>N\u01b0\u1edbc c\u1ed1t b\u00fan ri\u00eau<\/b>\u00a0khi n\u1ea5u cho ra chu\u1ea9n v\u1ecb \u201cng\u1ecdt thanh t\u1eeb ri\u00eau cua \u2013 \u0111\u1eadm \u0111\u00e0 \u201d. V\u00ec\u00a0<b>n\u01b0\u1edbc c\u1ed1t b\u00fan ri\u00eau cua<\/b>\u00a0\u0111\u01b0\u1ee3c n\u1ea5u ho\u00e0n to\u00e0n t\u1eeb gia v\u1ecb t\u1ef1 nhi\u00ean v\u00e0 kh\u00f4ng ch\u1ee9a b\u1ea5t k\u1ef3 ch\u1ea5t t\u1ea1o m\u00f9i hay ch\u1ea5t h\u00f3a h\u1ecdc n\u00e0o.<\/p>\n<h2 id=\"2-thanh-phan-co-trong-nuoc-cot-bun-rieu-cua\" class=\"ftwp-heading\"><b>2. Th\u00e0nh ph\u1ea7n c\u00f3 trong n\u01b0\u1edbc c\u1ed1t b\u00fan ri\u00eau cua<\/b><\/h2>\n<p><b>N\u01b0\u1edbc c\u1ed1t b\u00fan ri\u00eau<\/b>\u00a0s\u1eed d\u1ee5ng c\u00f4ng ngh\u1ec7 c\u00f4 \u0111\u1eb7c hi\u1ec7n \u0111\u1ea1i c\u1ee7a M\u1ef9 gi\u00fap h\u1ea7m n\u01b0\u1edbc v\u00e0\u00a0<b>c\u00f4 \u0111\u1eb7c 100% t\u1eeb n\u01b0\u1edbc l\u00e8o b\u00fan ri\u00eau nguy\u00ean ch\u1ea5t<\/b>, th\u00e0nh ph\u1ea7n n\u01b0\u1edbc c\u1ed1t b\u00fan ri\u00eau s\u1eed d\u1ee5ng\u00a0<b>gia v\u1ecb t\u1ef1 nhi\u00ean<\/b>\u00a0g\u1ed3m:<\/p>\n<ul>\n<li aria-level=\"1\">M\u1eafm t\u00f4m<\/li>\n<li aria-level=\"1\">D\u1ea7u \u0111\u1eadu n\u00e0nh h\u1eefu c\u01a1<\/li>\n<li aria-level=\"1\">C\u00e0 chua<\/li>\n<li aria-level=\"1\">Chi\u1ebft xu\u1ea5t n\u1ea5m men t\u1ef1 nhi\u00ean<\/li>\n<li aria-level=\"1\">Ri\u00eau cua<\/li>\n<li aria-level=\"1\">\u1edat c\u1ef1a g\u00e0<\/li>\n<li aria-level=\"1\">Mu\u1ed1i, \u0111\u01b0\u1eddng c\u00f9ng m\u1ed9t s\u1ed1 gia v\u1ecb kh\u00e1c<\/li>\n<li aria-level=\"1\">Kh\u00f4ng ch\u1ee9a ch\u1ea5t t\u1ea1o m\u00f9i<\/li>\n<li aria-level=\"1\">Kh\u00f4ng ch\u1ee9a ch\u1ea5t b\u1ea3o qu\u1ea3n<\/li>\n<li aria-level=\"1\">Kh\u00f4ng ch\u1ee9a b\u1ed9t ng\u1ecdt (M\u00ec ch\u00ednh)<\/li>\n<\/ul>\n<p><img decoding=\"async\" class=\"aligncenter\" src=\"https:\/\/havamall.com\/wp-content\/uploads\/2025\/07\/284306182_526893168978312_3956251098840678977_n_1000x1000.jpg\" alt=\"\u0110\u1ec8NH GIA BUN RIEU PASTE - N\u01b0\u1edbc C\u1ed1t B\u00fan Ri\u00eau 138g\" width=\"566\" height=\"566\" \/><\/p>\n<h2 id=\"5-cach-su-dung-nuoc-cot-bun-rieu-quoc-viet\" class=\"ftwp-heading\"><b>3. C\u00e1ch s\u1eed d\u1ee5ng n\u01b0\u1edbc c\u1ed1t b\u00fan ri\u00eau Qu\u1ed1c Vi\u1ec7t<\/b><\/h2>\n<p><b>V\u1edbi n\u01b0\u1edbc c\u1ed1t b\u00fan ri\u00eau cua<\/b>\u00a0b\u1ea1n \u0111\u00e3 c\u00f3 th\u1ec3 l\u01b0\u1ee3c b\u1ecf c\u00f4ng \u0111o\u1ea1n v\u1ec7 s\u1ecbnh, ch\u1ebf bi\u1ebfn ph\u1ee9c t\u1ea1p. Ch\u1ec9 c\u1ea7n b\u1eaft n\u1ed3i n\u01b0\u1edbc s\u00f4i c\u00f9ng n\u00eam n\u1ebfm th\u00eam \u00edt gia v\u1ecb cho v\u1eeba \u0103n l\u00e0 \u0111\u00e3 c\u00f3 ngay n\u1ed3i b\u00fan ri\u00eau th\u01a1m ngon h\u1ea5p d\u1eabn, \u0111\u1ec3\u00a0<b>ti\u1ebfn h\u00e0nh n\u1ea5u n\u1ed3i b\u00fan ri\u00eau si\u00eau h\u1ea5p d\u1eabn t\u1ea1i nh\u00e0 ch\u1ec9 v\u1edbi 5 b\u01b0\u1edbc<\/b>:<\/p>\n<p><b>B\u01b0\u1edbc 1<\/b>: C\u1ea7n chu\u1ea9n b\u1ecb c\u00e1c nguy\u00ean li\u1ec7u kh\u00e1c (<b>nguy\u00ean li\u1ec7u n\u1ea5u b\u00fan ri\u00eau<\/b>) \u0111\u1ec3 gi\u00fap n\u1ed3i n\u01b0\u1edbc l\u00e8o th\u00eam h\u1ea5p d\u1eabn g\u1ed3m:<\/p>\n<ul>\n<li><b>C\u1ed1t b\u00fan ri\u00eau: 1 t\u00fai<\/b><\/li>\n<li><b>Cua \u0111\u1ed3ng xay<\/b>: 500gr<\/li>\n<li><b>Th\u1ecbt heo xay<\/b>: 200gr<\/li>\n<li><b>H\u1ed9t g\u00e0<\/b>: 1 tr\u1ee9ng<\/li>\n<li><b>Huy\u1ebft heo<\/b>: 200gr<\/li>\n<li><b>\u0110\u1eadu h\u0169 chi\u00ean c\u1eaft th\u00e0nh 6<\/b>: 2 mi\u1ebfng<\/li>\n<li><b>C\u00e0 chua c\u1eaft th\u00e0nh 4<\/b>: 3 qu\u1ea3<\/li>\n<li><b>T\u1ecfi b\u0103m nhuy\u1ec5n, \u0111\u1ea7u h\u00e0nh<\/b>: 15gr<\/li>\n<\/ul>\n<p><b>B\u01b0\u1edbc 2<\/b>: Cho n\u01b0\u1edbc v\u00e0o cua xay, d\u00f9ng r\u00e2y l\u1ecdc b\u1ecf v\u1ecf cua v\u1ee5n. Cho \u00bd th\u00eca mu\u1ed1i v\u00e0o n\u01b0\u1edbc cua \u0111\u00e3 l\u1ecdc, ti\u1ebfn h\u00e0nh \u0111un s\u00f4i \u0111\u1ebfn khi k\u1ebft t\u1ee7a th\u00e0nh ri\u00eau cua.<\/p>\n<p><b>B\u01b0\u1edbc 3<\/b>: V\u1edbt ri\u00eau cua \u0111\u00e3 k\u1ebft t\u1ee7a tr\u1ed9n chung v\u1edbi th\u1ecbt heo xay, n\u00eam 1 th\u00eca cafe c\u1ed1t b\u00fan ri\u00eau Qu\u1ed1c vi\u1ec7t, tr\u1ed9n \u0111\u1ec1u c\u00f9ng 1 tr\u00e1i tr\u1ee9ng g\u00e0 v\u00e0 \u0111em h\u1ea5p c\u00e1ch th\u1ee7y trong 10 ph\u00fat.<\/p>\n<p><b>B\u01b0\u1edbc 4<\/b>:\u00a0 Cho \u00edt d\u1ea7u v\u00e0o ch\u1ea3o, phi c\u00f9ng 1 \u00edt t\u1ecfi xay, c\u00e0 chua, \u0111\u1ea7u h\u00e0nh, t\u00e0u h\u1ee7 v\u00e0 n\u00eam th\u00eam 1 1 mu\u1ed7ng c\u1ed1t b\u00fan ri\u00eau x\u00e0o \u0111\u1ec1u tay.<\/p>\n<p><b>B\u01b0\u1edbc 5<\/b>:\u00a0 Cho 2,5L n\u01b0\u1edbc v\u00e0o n\u1ed3i n\u01b0\u1edbc l\u1ecdc cua \u1edf b\u01b0\u1edbc 1, \u0111un s\u00f4i. Cho gi\u00f2 heo v\u00e0 huy\u1ebft c\u00f9ng 100gr c\u1ed1t b\u00fan ri\u00eau. N\u1ea5u t\u1ea7m 20 \u2013 30 ph\u00fat cho gi\u00f2 heo ch\u00edn h\u00e3n l\u00e0 \u0111\u00e3 c\u00f3 th\u1ec3 th\u01b0\u1edfng th\u1ee9c.<\/p>\n<\/div>\n<\/div>\n<\/div>\n<\/div>","protected":false},"excerpt":{"rendered":"<p>TH\u00d4NG TIN CHUNG Th\u01b0\u01a1ng hi\u1ec7u \u0110\u1ec9nh Gia Xu\u1ea5t x\u1ee9 Vi\u1ec7t Nam H\u1ea1n s\u1eed d\u1ee5ng 12 th\u00e1ng H\u01b0\u1edbng d\u1eabn s\u1eed d\u1ee5ng<\/p>","protected":false},"featured_media":34341,"comment_status":"open","ping_status":"closed","template":"","meta":[],"product_brand":[],"product_cat":[595,36],"product_tag":[],"class_list":{"0":"post-34339","1":"product","2":"type-product","3":"status-publish","4":"has-post-thumbnail","6":"product_cat-gia-vi-va-che-bien","7":"product_cat-thuc-pham-tieu-dung","8":"pa_brand-dinh-gia","10":"first","11":"outofstock","12":"sale","13":"shipping-taxable","14":"purchasable","15":"product-type-simple"},"_links":{"self":[{"href":"https:\/\/havamall.vn\/en\/wp-json\/wp\/v2\/product\/34339"}],"collection":[{"href":"https:\/\/havamall.vn\/en\/wp-json\/wp\/v2\/product"}],"about":[{"href":"https:\/\/havamall.vn\/en\/wp-json\/wp\/v2\/types\/product"}],"replies":[{"embeddable":true,"href":"https:\/\/havamall.vn\/en\/wp-json\/wp\/v2\/comments?post=34339"}],"version-history":[{"count":0,"href":"https:\/\/havamall.vn\/en\/wp-json\/wp\/v2\/product\/34339\/revisions"}],"wp:featuredmedia":[{"embeddable":true,"href":"https:\/\/havamall.vn\/en\/wp-json\/wp\/v2\/media\/34341"}],"wp:attachment":[{"href":"https:\/\/havamall.vn\/en\/wp-json\/wp\/v2\/media?parent=34339"}],"wp:term":[{"taxonomy":"product_brand","embeddable":true,"href":"https:\/\/havamall.vn\/en\/wp-json\/wp\/v2\/product_brand?post=34339"},{"taxonomy":"product_cat","embeddable":true,"href":"https:\/\/havamall.vn\/en\/wp-json\/wp\/v2\/product_cat?post=34339"},{"taxonomy":"product_tag","embeddable":true,"href":"https:\/\/havamall.vn\/en\/wp-json\/wp\/v2\/product_tag?post=34339"}],"curies":[{"name":"wp","href":"https:\/\/api.w.org\/{rel}","templated":true}]}}