{"id":34335,"date":"2024-04-17T14:12:57","date_gmt":"2024-04-17T07:12:57","guid":{"rendered":"https:\/\/havamall.vn\/?post_type=product&#038;p=34335"},"modified":"2025-08-26T16:48:01","modified_gmt":"2025-08-26T09:48:01","slug":"nuoc-cot-bun-mam-fermented-fish-noodle-paste-138g-dinh-gia","status":"publish","type":"product","link":"https:\/\/havamall.vn\/en\/shop\/nuoc-cot-bun-mam-fermented-fish-noodle-paste-138g-dinh-gia\/","title":{"rendered":"N\u01b0\u1edbc C\u1ed1t B\u00fan M\u1eafm &#8211; Fermented Fish Noodle Paste 138g \u0110\u1ec9nh Gia"},"content":{"rendered":"<h2 class=\"product-detail__specs-title\"><strong>TH\u00d4NG TIN CHUNG<\/strong><\/h2>\n<div id=\"js-product-detail__specs\" class=\"product-detail__specs\">\n<div class=\"row\">\n<div class=\"col-sm-12\">\n<div class=\"product-specs__table\">\n<table>\n<tbody>\n<tr>\n<td class=\"specs-table__property\">Th\u01b0\u01a1ng hi\u1ec7u<\/td>\n<td class=\"specs-table__value\">\u0110\u1ec9nh Gia<\/td>\n<\/tr>\n<tr>\n<td class=\"specs-table__property\">Xu\u1ea5t x\u1ee9<\/td>\n<td class=\"specs-table__value\">Vi\u1ec7t Nam<\/td>\n<\/tr>\n<tr>\n<td class=\"specs-table__property\">H\u1ea1n s\u1eed d\u1ee5ng<\/td>\n<td class=\"specs-table__value\">12 th\u00e1ng<\/td>\n<\/tr>\n<tr>\n<td class=\"specs-table__property\">H\u01b0\u1edbng d\u1eabn s\u1eed d\u1ee5ng<\/td>\n<td class=\"specs-table__value\">D\u00f9ng tr\u1ef1c ti\u1ebfp ho\u1eb7c ch\u1ebf bi\u1ebfn c\u00e1c m\u00f3n \u0103n tu\u1ef3 th\u00edch<\/td>\n<\/tr>\n<tr>\n<td class=\"specs-table__property\">H\u01b0\u1edbng d\u1eabn b\u1ea3o qu\u1ea3n<\/td>\n<td class=\"specs-table__value\">B\u1ea3o qu\u1ea3n \u1edf nhi\u1ec7t \u0111\u1ed9 th\u01b0\u1eddng, gi\u1eef l\u1ea1nh sau khi m\u1edf n\u1eafp v\u00e0 s\u1eed d\u1ee5ng t\u1ed1t nh\u1ea5t trong 2 tu\u1ea7n<\/td>\n<\/tr>\n<tr>\n<td class=\"specs-table__property\">Th\u00e0nh ph\u1ea7n nguy\u00ean li\u1ec7u<\/td>\n<td class=\"specs-table__value\">\u00a0Nh\u01b0 tr\u00ean bao b\u00ec<\/td>\n<\/tr>\n<tr>\n<td class=\"specs-table__property\">Kh\u1ed1i l\u01b0\u1ee3ng\/Th\u1ec3 t\u00edch<\/td>\n<td class=\"specs-table__value\">138g<\/td>\n<\/tr>\n<\/tbody>\n<\/table>\n<p>B\u00fan m\u1eafm l\u00e0 m\u00f3n n\u01b0\u1edbc n\u1ed5i ti\u1ebfng, th\u01a1m ngon, l\u1ea1 mi\u1ec7ng c\u1ee7a ng\u01b0\u1eddi mi\u1ec1n T\u00e2y v\u1edbi s\u1ef1 k\u1ebft h\u1ee3p c\u1ee7a nhi\u1ec1u lo\u1ea1i th\u00e0nh ph\u1ea7n \u0111\u1eadm v\u1ecb, h\u1ea5p d\u1eabn.<br \/>\nV\u1ed1n c\u00f3 ngu\u1ed3n g\u1ed1c t\u1eeb Campuchia, b\u00fan m\u1eafm khi sang \u0111\u1ebfn Vi\u1ec7t Nam \u0111\u01b0\u1ee3c ch\u1ebf bi\u1ebfn c\u00f9ng m\u1eafm c\u00e1 linh, m\u1eafm c\u00e1 s\u1eb7c \u0111\u1ec3 mang \u0111\u1ebfn h\u01b0\u01a1ng v\u1ecb th\u01a1m ngon \u0111\u1ed9c \u0111\u00e1o, kh\u00f3 qu\u00ean.<br \/>\nV\u1edbi c\u00f4ng th\u1ee9c \u0111\u1eb7c bi\u1ec7t \u0111\u1ed9c quy\u1ec1n, \u0110\u1ec9nh Gia \u0111\u00e3 t\u00ecm ra c\u00e1ch \u0111\u1ec3 \u0111\u01b0a b\u00fan m\u1eafm \u0111\u1ebfn v\u1edbi ng\u01b0\u1eddi n\u1ed9i tr\u1ee3\/s\u00e0nh \u0103n b\u1eb1ng t\u00fai n\u01b0\u1edbc c\u1ed1t b\u00fan m\u1eafm \u0111\u1ed9c \u0111\u00e1o.<\/p>\n<p><img fetchpriority=\"high\" decoding=\"async\" class=\"wp-image-34336 aligncenter\" src=\"https:\/\/havamall.com\/wp-content\/uploads\/2025\/08\/k-300x214.png\" alt=\"\" width=\"492\" height=\"351\" \/><\/p>\n<p>C\u1ed1t b\u00fan m\u1eafm \u0111\u01b0\u1ee3c s\u1ea3n xu\u1ea5t theo c\u00f4ng th\u1ee9c truy\u1ec1n th\u1ed1ng, v\u1edbi b\u00ed quy\u1ebft chi\u1ebft xu\u1ea5t c\u00e1c lo\u1ea1i th\u1ea3o m\u1ed9c t\u1ef1 nhi\u00ean nh\u01b0 s\u1ea3, h\u00e0nh t\u00e2y, \u1edbt, t\u1ecfi, \u0111\u1eb7c bi\u1ec7t c\u00f3 \u0111\u1eb7c s\u1ea3n m\u1eafm c\u00e1 linh, \u2026 k\u1ebft h\u1ee3p gia v\u1ecb ho\u00e0n ch\u1ec9nh, gi\u00fap n\u01b0\u1edbc c\u1ed1t th\u00eam \u0111\u1eadm \u0111\u00e0, mang h\u01b0\u01a1ng v\u1ecb b\u00fan m\u1eafm truy\u1ec1n th\u1ed1ng.<\/p>\n<ul>\n<li><strong>Th\u00f4ng tin chi ti\u1ebft:<\/strong><\/li>\n<\/ul>\n<p><strong>Th\u00e0nh ph\u1ea7n:<\/strong>\u00a0Chi\u1ebft xu\u1ea5t th\u1ea3o m\u1ed9c t\u1ef1 nhi\u00ean (s\u1ea3, h\u00e0nh t\u00e2y, \u1edbt, t\u1ecfi), \u0111\u01b0\u1eddng, mu\u1ed1i, c\u1ed1t m\u1eafm c\u00e1 linh, chi\u1ebft xu\u1ea5t n\u1ea5m men, \u1edbt, \u2026<\/p>\n<p><img decoding=\"async\" class=\"aligncenter\" src=\"https:\/\/havamall.com\/wp-content\/uploads\/2025\/08\/Sfcee50a747c74acbab5472a1e749f5bfx.jpg\" alt=\"N\u01b0\u1edbc c\u1ed1t b\u00fan m\u1eafm \u0110\u1ec9nh Gia | Lazada.vn\" width=\"555\" height=\"694\" \/><\/p>\n<ul>\n<li><strong>H\u01b0\u1edbng d\u1eabn s\u1eed d\u1ee5ng<\/strong><strong>:<\/strong><\/li>\n<\/ul>\n<p>D\u00f9ng n\u1ea5u n\u01b0\u1edbc s\u00fap cho m\u00f3n b\u00fan m\u1eafm, ho\u1eb7c d\u00f9ng n\u1ea5u l\u1ea9u m\u1eafm.<\/p>\n<p><strong>-B\u01b0\u1edbc 1:<\/strong>\u00a0Phi th\u01a1m h\u00e0nh t\u00edm, t\u1ecfi, s\u1ea3 b\u0103m.<\/p>\n<p><strong>-B\u01b0\u1edbc 2:<\/strong>\u00a0Cho 1 mu\u1ed7ng canh (kho\u1ea3ng 25 g) c\u1ed1t b\u00fan m\u1eafm v\u00e0o 500 ml n\u01b0\u1edbc lu\u1ed9c t\u00f4m, c\u00e1, m\u1ef1c, th\u1ecbt heo, c\u00f3 th\u1ec3 th\u00eam c\u1ed1t b\u00fan m\u1eafm n\u1ebfu b\u1ea1n mu\u1ed1n c\u00f3 v\u1ecb \u0111\u1eadm \u0111\u00e0 h\u01a1n. \u0110un s\u00f4i 2-3 ph\u00fat v\u00e0 khu\u1ea5y nh\u1eb9 \u0111\u1ec3 c\u1ed1t tan \u0111\u1ec1u.<\/p>\n<p><strong>-B\u01b0\u1edbc 3:<\/strong>\u00a0Cho b\u00fan, rau, th\u1ecbt lu\u1ed9c, c\u00e1, m\u1ef1c ra t\u00f4 v\u00e0 chan n\u01b0\u1edbc d\u00f9ng v\u00e0o t\u00f4. \u0102n k\u00e8m th\u1ecbt quay, chanh, \u1edbt, rau s\u1ed1ng, gi\u00e1, h\u1eb9, \u2026<\/p>\n<\/div>\n<\/div>\n<\/div>\n<\/div>","protected":false},"excerpt":{"rendered":"<p>TH\u00d4NG TIN CHUNG Th\u01b0\u01a1ng hi\u1ec7u \u0110\u1ec9nh Gia Xu\u1ea5t x\u1ee9 Vi\u1ec7t Nam H\u1ea1n s\u1eed d\u1ee5ng 12 th\u00e1ng H\u01b0\u1edbng d\u1eabn s\u1eed d\u1ee5ng<\/p>","protected":false},"featured_media":34337,"comment_status":"open","ping_status":"closed","template":"","meta":[],"product_brand":[],"product_cat":[595,36],"product_tag":[],"class_list":{"0":"post-34335","1":"product","2":"type-product","3":"status-publish","4":"has-post-thumbnail","6":"product_cat-gia-vi-va-che-bien","7":"product_cat-thuc-pham-tieu-dung","8":"pa_brand-dinh-gia","10":"first","11":"outofstock","12":"sale","13":"shipping-taxable","14":"purchasable","15":"product-type-simple"},"_links":{"self":[{"href":"https:\/\/havamall.vn\/en\/wp-json\/wp\/v2\/product\/34335"}],"collection":[{"href":"https:\/\/havamall.vn\/en\/wp-json\/wp\/v2\/product"}],"about":[{"href":"https:\/\/havamall.vn\/en\/wp-json\/wp\/v2\/types\/product"}],"replies":[{"embeddable":true,"href":"https:\/\/havamall.vn\/en\/wp-json\/wp\/v2\/comments?post=34335"}],"version-history":[{"count":0,"href":"https:\/\/havamall.vn\/en\/wp-json\/wp\/v2\/product\/34335\/revisions"}],"wp:featuredmedia":[{"embeddable":true,"href":"https:\/\/havamall.vn\/en\/wp-json\/wp\/v2\/media\/34337"}],"wp:attachment":[{"href":"https:\/\/havamall.vn\/en\/wp-json\/wp\/v2\/media?parent=34335"}],"wp:term":[{"taxonomy":"product_brand","embeddable":true,"href":"https:\/\/havamall.vn\/en\/wp-json\/wp\/v2\/product_brand?post=34335"},{"taxonomy":"product_cat","embeddable":true,"href":"https:\/\/havamall.vn\/en\/wp-json\/wp\/v2\/product_cat?post=34335"},{"taxonomy":"product_tag","embeddable":true,"href":"https:\/\/havamall.vn\/en\/wp-json\/wp\/v2\/product_tag?post=34335"}],"curies":[{"name":"wp","href":"https:\/\/api.w.org\/{rel}","templated":true}]}}