{"id":34332,"date":"2024-04-16T17:23:24","date_gmt":"2024-04-16T10:23:24","guid":{"rendered":"https:\/\/havamall.vn\/?post_type=product&#038;p=34332"},"modified":"2025-08-26T16:51:30","modified_gmt":"2025-08-26T09:51:30","slug":"nuoc-cot-pho-ga-chicken-paste-138g-dinh-gia","status":"publish","type":"product","link":"https:\/\/havamall.vn\/en\/shop\/nuoc-cot-pho-ga-chicken-paste-138g-dinh-gia\/","title":{"rendered":"N\u01b0\u1edbc C\u1ed1t Ph\u1edf G\u00e0 &#8211; Chicken Paste 138g \u0110\u1ec9nh Gia"},"content":{"rendered":"<h2 class=\"product-detail__specs-title\"><strong>TH\u00d4NG TIN CHUNG<\/strong><\/h2>\n<div id=\"js-product-detail__specs\" class=\"product-detail__specs\">\n<div class=\"row\">\n<div class=\"col-sm-12\">\n<div class=\"product-specs__table\">\n<table>\n<tbody>\n<tr>\n<td class=\"specs-table__property\">Th\u01b0\u01a1ng hi\u1ec7u<\/td>\n<td class=\"specs-table__value\">\u0110\u1ec9nh Gia<\/td>\n<\/tr>\n<tr>\n<td class=\"specs-table__property\">Xu\u1ea5t x\u1ee9<\/td>\n<td class=\"specs-table__value\">Vi\u1ec7t Nam<\/td>\n<\/tr>\n<tr>\n<td class=\"specs-table__property\">H\u1ea1n s\u1eed d\u1ee5ng<\/td>\n<td class=\"specs-table__value\">12 th\u00e1ng<\/td>\n<\/tr>\n<tr>\n<td class=\"specs-table__property\">H\u01b0\u1edbng d\u1eabn s\u1eed d\u1ee5ng<\/td>\n<td class=\"specs-table__value\">D\u00f9ng tr\u1ef1c ti\u1ebfp ho\u1eb7c ch\u1ebf bi\u1ebfn c\u00e1c m\u00f3n \u0103n tu\u1ef3 th\u00edch<\/td>\n<\/tr>\n<tr>\n<td class=\"specs-table__property\">H\u01b0\u1edbng d\u1eabn b\u1ea3o qu\u1ea3n<\/td>\n<td class=\"specs-table__value\">B\u1ea3o qu\u1ea3n \u1edf nhi\u1ec7t \u0111\u1ed9 th\u01b0\u1eddng, gi\u1eef l\u1ea1nh sau khi m\u1edf n\u1eafp v\u00e0 s\u1eed d\u1ee5ng t\u1ed1t nh\u1ea5t trong 2 tu\u1ea7n<\/td>\n<\/tr>\n<tr>\n<td class=\"specs-table__property\">Th\u00e0nh ph\u1ea7n nguy\u00ean li\u1ec7u<\/td>\n<td class=\"specs-table__value\">\u00a0Nh\u01b0 tr\u00ean bao b\u00ec<\/td>\n<\/tr>\n<tr>\n<td class=\"specs-table__property\">Kh\u1ed1i l\u01b0\u1ee3ng\/Th\u1ec3 t\u00edch<\/td>\n<td class=\"specs-table__value\">138g<\/td>\n<\/tr>\n<\/tbody>\n<\/table>\n<p>Ph\u1edf G\u00e0 ra \u0111\u1eddi v\u00e0o kho\u1ea3ng n\u0103m 1939, l\u00e0m say l\u00f2ng th\u1ef1c kh\u00e1ch b\u1edfi h\u01b0\u01a1ng v\u1ecb n\u01b0\u1edbc d\u00f9ng \u0111\u1eadm \u0111\u00e0. L\u00e0 m\u1ed9t trong nh\u1eefng m\u00f3n \u0103n \u0111\u1eb7c tr\u01b0ng cho n\u1ec1n \u1ea9m th\u1ef1c Vi\u1ec7t Nam.<\/p>\n<div class=\"pro-short-desc\">\u0110\u01b0\u1ee3c chi\u1ebft xu\u1ea5t t\u1eeb n\u01b0\u1edbc h\u1ea7m x\u01b0\u01a1ng v\u00e0 c\u00e1c gia v\u1ecb \u0111\u1eb7c tr\u01b0ng, kh\u00f4ng s\u1eed d\u1ee5ng b\u1ed9t ng\u1ecdt, t\u1ea1o n\u00ean s\u1ea3n ph\u1ea9m n\u01b0\u1edbc d\u00f9ng ph\u1edf g\u00e0 c\u00f4 \u0111\u1eb7c \u0111\u1eb7c tr\u01b0ng H\u01b0\u01a1ng v\u1ecb ph\u1edf truy\u1ec1n th\u1ed1ng v\u00e0 ph\u00f9 h\u1ee3p v\u1edbi tr\u1ebb nh\u1ecf c\u0169ng nh\u01b0 kh\u00e1ch h\u00e0ng h\u1ea1n ch\u1ebf s\u1eed d\u1ee5ng b\u1ed9t ng\u1ecdt<\/div>\n<div class=\"product-variants-wrapper\">\n<div id=\"product-select-watch\" class=\"select-swatch\"><img fetchpriority=\"high\" decoding=\"async\" class=\"wp-image-34333 aligncenter\" src=\"https:\/\/havamall.com\/wp-content\/uploads\/2025\/08\/90-238x300.png\" alt=\"\" width=\"451\" height=\"568\" \/><\/div>\n<div>\n<p>H\u01b0\u1edbng d\u1eabn th\u1ef1c hi\u1ec7n: Ph\u1edf g\u00e0<\/p>\n<p><b>Nguy\u00ean li\u1ec7u (kh\u1ea9u ph\u1ea7n \u0103n 4-5 ng\u01b0\u1eddi):<\/b><\/p>\n<ul>\n<li>Th\u1ecbt g\u00e0: 1 kg<\/li>\n<li>S\u1ee3i ph\u1edf: 600g<\/li>\n<li>H\u00e0nh l\u00e1, h\u00e0nh t\u00e2y, l\u00e1 chanh c\u1eaft s\u1ee3i, rau th\u01a1m \u0103n k\u00e8m: t\u00f9y th\u00edch<\/li>\n<\/ul>\n<p><b>C\u00e1ch n\u1ea5u Ph\u1edf G\u00e0 ngon chu\u1ea9n v\u1ecb:<\/b><\/p>\n<ul>\n<li>B\u01b0\u1edbc 1: \u0110un s\u00f4i 1,7 l\u00edt n\u01b0\u1edbc, cho th\u1ecbt g\u00e0 v\u00e0o n\u1ea5u s\u00f4i, v\u1edbt b\u1ecdt. Cho t\u00fai n\u01b0\u1edbc c\u1ed1t Ph\u1edf g\u00e0 v\u00e0o<\/li>\n<li>B\u01b0\u1edbc 2: N\u1ea5u l\u1eeda nh\u1ecf \u0111\u1ebfn khi th\u1ecbt g\u00e0 ch\u00edn, V\u1edbt th\u1ecbt g\u00e0 ra<\/li>\n<li>B\u01b0\u1edbc 3: Cho s\u1ee3i ph\u1edf (ch\u1ea7n\/ tr\u1ee5ng s\u01a1), th\u1ecbt g\u00e0 x\u00e9, h\u00e0nh l\u00e1, h\u00e0nh t\u00e2y, l\u00e1 chanh v\u00e0o t\u00f4, chan n\u01b0\u1edbc d\u00f9ng n\u00f3ng v\u00e0 th\u01b0\u1edfng th\u1ee9c c\u00f9ng rau th\u01a1m \u0103n k\u00e8m.<\/li>\n<\/ul>\n<p>M\u00e1ch nh\u1ecf:<\/p>\n<p>Khi n\u1ea5u th\u00eam g\u1eebng n\u01b0\u1edbng v\u00e0 h\u00e0nh t\u00edm n\u01b0\u1edbng gi\u00fap n\u01b0\u1edbc d\u00f9ng th\u01a1m v\u00e0 ng\u1ecdt h\u01a1n.<\/p>\n<p>Ngon h\u01a1n khi \u0103n k\u00e8m t\u01b0\u01a1ng \u1edbt v\u00e0 t\u01b0\u01a1ng \u0111en s\u1ebd ngon h\u01a1n.<\/p>\n<\/div>\n<\/div>\n<\/div>\n<\/div>\n<\/div>\n<\/div>","protected":false},"excerpt":{"rendered":"<p>TH\u00d4NG TIN CHUNG Th\u01b0\u01a1ng hi\u1ec7u \u0110\u1ec9nh Gia Xu\u1ea5t x\u1ee9 Vi\u1ec7t Nam H\u1ea1n s\u1eed d\u1ee5ng 12 th\u00e1ng H\u01b0\u1edbng d\u1eabn s\u1eed d\u1ee5ng<\/p>","protected":false},"featured_media":34334,"comment_status":"open","ping_status":"closed","template":"","meta":[],"product_brand":[],"product_cat":[595,36],"product_tag":[],"class_list":{"0":"post-34332","1":"product","2":"type-product","3":"status-publish","4":"has-post-thumbnail","6":"product_cat-gia-vi-va-che-bien","7":"product_cat-thuc-pham-tieu-dung","8":"pa_brand-dinh-gia","10":"first","11":"outofstock","12":"sale","13":"shipping-taxable","14":"purchasable","15":"product-type-simple"},"_links":{"self":[{"href":"https:\/\/havamall.vn\/en\/wp-json\/wp\/v2\/product\/34332"}],"collection":[{"href":"https:\/\/havamall.vn\/en\/wp-json\/wp\/v2\/product"}],"about":[{"href":"https:\/\/havamall.vn\/en\/wp-json\/wp\/v2\/types\/product"}],"replies":[{"embeddable":true,"href":"https:\/\/havamall.vn\/en\/wp-json\/wp\/v2\/comments?post=34332"}],"version-history":[{"count":0,"href":"https:\/\/havamall.vn\/en\/wp-json\/wp\/v2\/product\/34332\/revisions"}],"wp:featuredmedia":[{"embeddable":true,"href":"https:\/\/havamall.vn\/en\/wp-json\/wp\/v2\/media\/34334"}],"wp:attachment":[{"href":"https:\/\/havamall.vn\/en\/wp-json\/wp\/v2\/media?parent=34332"}],"wp:term":[{"taxonomy":"product_brand","embeddable":true,"href":"https:\/\/havamall.vn\/en\/wp-json\/wp\/v2\/product_brand?post=34332"},{"taxonomy":"product_cat","embeddable":true,"href":"https:\/\/havamall.vn\/en\/wp-json\/wp\/v2\/product_cat?post=34332"},{"taxonomy":"product_tag","embeddable":true,"href":"https:\/\/havamall.vn\/en\/wp-json\/wp\/v2\/product_tag?post=34332"}],"curies":[{"name":"wp","href":"https:\/\/api.w.org\/{rel}","templated":true}]}}