{"id":34328,"date":"2024-04-16T17:16:11","date_gmt":"2024-04-16T10:16:11","guid":{"rendered":"https:\/\/havamall.vn\/?post_type=product&#038;p=34328"},"modified":"2025-08-26T16:50:22","modified_gmt":"2025-08-26T09:50:22","slug":"nuoc-cot-pho-bo-pho-paste-138g-dinh-gia","status":"publish","type":"product","link":"https:\/\/havamall.vn\/en\/shop\/nuoc-cot-pho-bo-pho-paste-138g-dinh-gia\/","title":{"rendered":"N\u01b0\u1edbc C\u1ed1t Ph\u1edf B\u00f2 &#8211; Pho Paste 138g \u0110\u1ec9nh Gia"},"content":{"rendered":"<h2 class=\"product-detail__specs-title\"><strong>TH\u00d4NG TIN CHUNG<\/strong><\/h2>\n<div id=\"js-product-detail__specs\" class=\"product-detail__specs\">\n<div class=\"row\">\n<div class=\"col-sm-12\">\n<div class=\"product-specs__table\">\n<table>\n<tbody>\n<tr>\n<td class=\"specs-table__property\">Th\u01b0\u01a1ng hi\u1ec7u<\/td>\n<td class=\"specs-table__value\">\u0110\u1ec9nh Gia<\/td>\n<\/tr>\n<tr>\n<td class=\"specs-table__property\">Xu\u1ea5t x\u1ee9<\/td>\n<td class=\"specs-table__value\">Vi\u1ec7t Nam<\/td>\n<\/tr>\n<tr>\n<td class=\"specs-table__property\">H\u1ea1n s\u1eed d\u1ee5ng<\/td>\n<td class=\"specs-table__value\">12 th\u00e1ng<\/td>\n<\/tr>\n<tr>\n<td class=\"specs-table__property\">H\u01b0\u1edbng d\u1eabn s\u1eed d\u1ee5ng<\/td>\n<td class=\"specs-table__value\">D\u00f9ng tr\u1ef1c ti\u1ebfp ho\u1eb7c ch\u1ebf bi\u1ebfn c\u00e1c m\u00f3n \u0103n tu\u1ef3 th\u00edch<\/td>\n<\/tr>\n<tr>\n<td class=\"specs-table__property\">H\u01b0\u1edbng d\u1eabn b\u1ea3o qu\u1ea3n<\/td>\n<td class=\"specs-table__value\">B\u1ea3o qu\u1ea3n \u1edf nhi\u1ec7t \u0111\u1ed9 th\u01b0\u1eddng, gi\u1eef l\u1ea1nh sau khi m\u1edf n\u1eafp v\u00e0 s\u1eed d\u1ee5ng t\u1ed1t nh\u1ea5t trong 2 tu\u1ea7n<\/td>\n<\/tr>\n<tr>\n<td class=\"specs-table__property\">Th\u00e0nh ph\u1ea7n nguy\u00ean li\u1ec7u<\/td>\n<td class=\"specs-table__value\">\u00a0Nh\u01b0 tr\u00ean bao b\u00ec<\/td>\n<\/tr>\n<tr>\n<td class=\"specs-table__property\">Kh\u1ed1i l\u01b0\u1ee3ng\/Th\u1ec3 t\u00edch<\/td>\n<td class=\"specs-table__value\">138g<\/td>\n<\/tr>\n<\/tbody>\n<\/table>\n<p dir=\"ltr\"><strong>N\u01b0\u1edbc c\u1ed1t Ph\u1edf b\u00f2<\/strong>\u00a0l\u00e0 c\u00f4ng th\u1ee9c ph\u1ed1i tr\u1ed9n \u0111\u1ed9c \u0111\u00e1o gi\u1eefa c\u00e1c lo\u1ea1i gia v\u1ecb tinh khi\u1ebft v\u1edbi h\u01a1n 70% N\u01b0\u1edbc h\u1ea7m x\u01b0\u01a1ng B\u00d2 v\u00e0 chi\u1ebft xu\u1ea5t rau c\u1ee7 qu\u1ea3 t\u01b0\u01a1i t\u1ea1o n\u00ean ch\u1ea5t l\u01b0\u1ee3ng n\u01b0\u1edbc d\u00f9ng Ph\u1edf B\u00f2 th\u01a1m ngon truy\u1ec1n th\u1ed1ng. \u0110\u1eb7c bi\u1ec7t k\u1ebft h\u1ee3p h\u01b0\u01a1ng th\u01a1m n\u1ed3ng n\u00e0n t\u1eeb T\u00fai l\u1ecdc Th\u1ea3o m\u1ed9c ng\u0169 v\u1ecb gi\u00fap gi\u1eef l\u1ea1i nguy\u00ean b\u1ea3n h\u01b0\u01a1ng v\u1ecb ph\u1edf x\u01b0a m\u00e0 kh\u00f4ng c\u1ea7n n\u00eam n\u1ebfm th\u00eam b\u1ea5t k\u1ef3 gia v\u1ecb n\u00e0o kh\u00e1c!<\/p>\n<p dir=\"ltr\"><strong>G\u00f3i gia v\u1ecb n\u1ea5u ph\u1edf b\u00f2<\/strong>\u00a0v\u00f4 c\u00f9ng ti\u1ec7n l\u1ee3i cho B\u1eeeA S\u00c1NG NH\u00c0 L\u00c0M hay \u0110\u1ed4I V\u1eca M\u00d3N NH\u00c0. Th\u00eam an t\u00e2m khi s\u1ea3n ph\u1ea9m Kh\u00f4ng d\u00f9ng ch\u1ea5t b\u1ea3o qu\u1ea3n, t\u1ed1t h\u01a1n cho s\u1ee9c kh\u1ecfe c\u1ee7a c\u1ea3 gia \u0111\u00ecnh.<\/p>\n<p dir=\"ltr\"><img fetchpriority=\"high\" decoding=\"async\" class=\"wp-image-34329 aligncenter\" src=\"https:\/\/havamall.com\/wp-content\/uploads\/2025\/08\/56456-238x300.png\" alt=\"\" width=\"462\" height=\"582\" \/><\/p>\n<p dir=\"ltr\"><strong>\u0110i\u1ec3m m\u1ea1nh s\u1ea3n ph\u1ea9m N\u01b0\u1edbc C\u1ed1t\u00a0Ph\u1edf b\u00f2<\/strong><\/p>\n<p dir=\"ltr\"><strong>1. Chi\u1ebft xu\u1ea5t t\u1eeb n\u01b0\u1edbc h\u1ea7m x\u01b0\u01a1ng b\u00f2 v\u00e0 rau c\u1ee7 qu\u1ea3 t\u01b0\u01a1i gi\u00fap h\u01b0\u01a1ng v\u1ecb T\u01b0\u01a1i . Ngon . T\u1ef1 nhi\u00ean<\/strong><\/p>\n<ul>\n<li dir=\"ltr\">\n<p dir=\"ltr\">N\u01b0\u1edbc d\u00f9ng ho\u00e0n ch\u1ec9nh Ph\u1edf B\u00f2 v\u1edbi chi\u1ebft xu\u1ea5t &gt;70% t\u1eeb n\u01b0\u1edbc h\u1ea7m x\u01b0\u01a1ng b\u00f2 v\u00e0 rau c\u1ee7 qu\u1ea3 t\u01b0\u01a1i ph\u1ed1i tr\u1ed9n c\u00f9ng c\u00e1c lo\u1ea1i gia v\u1ecb tinh khi\u1ebft gi\u00fap \u0111em \u0111\u1ebfn m\u1ed9t ch\u1ea5t l\u01b0\u1ee3ng n\u01b0\u1edbc d\u00f9ng th\u01a1m ngon nh\u01b0 nh\u00e0 h\u00e0ng. Ngo\u00e0i ra, trong m\u1ed7i g\u00f3i s\u1ea3n ph\u1ea9m c\u00f3 th\u00eam t\u00fai l\u1ecdc Th\u1ea3o m\u1ed9c ng\u0169 v\u1ecb th\u01a1m l\u1eebng, khi n\u1ea5u b\u1ea1n s\u1ebd c\u1ea3m nh\u1eadn \u0111\u01b0\u1ee3c v\u1ecb th\u01a1m n\u1ed3ng n\u00e0n c\u1ee7a m\u00f3n Ph\u1edf b\u00f2.<\/p>\n<\/li>\n<\/ul>\n<p dir=\"ltr\"><strong>2. Quy tr\u00ecnh s\u1ea3n xu\u1ea5t v\u00e0 \u0111\u00f3ng g\u00f3i theo quy tr\u00ecnh qu\u1ea3n l\u00fd qu\u1ed1c t\u1ebf ISO<\/strong><\/p>\n<ul>\n<li dir=\"ltr\">\n<p dir=\"ltr\">Trong qu\u00e1 tr\u00ecnh s\u1ea3n xu\u1ea5t, s\u1ea3n ph\u1ea9m KH\u00d4NG D\u00d9NG CH\u1ea4T B\u1ea2O QU\u1ea2N gi\u00fap \u0111\u1ea3m b\u1ea3o an to\u00e0n s\u1ee9c kh\u1ecfe ng\u01b0\u1eddi ti\u00eau d\u00f9ng.<\/p>\n<\/li>\n<li dir=\"ltr\">\n<p dir=\"ltr\">Ngo\u00e0i ra m\u1ed7i g\u00f3i s\u1ea3n ph\u1ea9m \u0111\u1ec1u \u0111\u01b0\u1ee3c \u0111\u00f3ng g\u00f3i trong t\u00fai nh\u00f4m cao c\u1ea5p 3 l\u1edbp b\u1eb1ng m\u00e1y chi\u1ebft r\u00f3t t\u1ef1 \u0111\u1ed9ng \u0111\u1ea1t chu\u1ea9n Ch\u00e2u \u00c2u.<\/p>\n<\/li>\n<li dir=\"ltr\">\n<p dir=\"ltr\">Th\u00e0nh ph\u1ea9m s\u1ebd \u0111\u01b0\u1ee3c ki\u1ec3m tra b\u1eb1ng m\u00e1y X- ray nh\u1eb1m lo\u1ea1i b\u1ecf nh\u1eefng s\u1ea3n ph\u1ea9m kh\u00f4ng \u0111\u1ea1t ti\u00eau chu\u1ea9n n\u1ebfu c\u00f3.<\/p>\n<\/li>\n<li dir=\"ltr\">\n<p dir=\"ltr\">Tr\u01b0\u1edbc khi ra th\u1ecb tr\u01b0\u1eddng, c\u00e1c l\u00f4 s\u1ea3n ph\u1ea9m \u0111\u01b0\u1ee3c ki\u1ec3m tra h\u00f3a l\u00fd v\u00e0 vi sinh nh\u1eb1m \u0111\u1ea3m b\u1ea3o an to\u00e0n tr\u01b0\u1edbc khi \u0111\u1ebfn tay ng\u01b0\u1eddi ti\u00eau d\u00f9ng.<\/p>\n<\/li>\n<li dir=\"ltr\">\n<p dir=\"ltr\">S\u1ea3n ph\u1ea9m \u0111\u1ea1t ch\u1ee9ng nh\u1eadn ti\u00eau chu\u1ea9n qu\u1ea3n l\u00fd qu\u1ed1c t\u1ebf ISO 22000, ISO 9001, ISO 14001, ISO 45001. Cam k\u1ebft \u0111em \u0111\u1ebfn cho ng\u01b0\u1eddi d\u00f9ng d\u00f2ng s\u1ea3n ph\u1ea9m th\u01a1m ngon, ch\u1ea5t l\u01b0\u1ee3ng, ti\u1ec7n d\u1ee5ng v\u00e0 an to\u00e0n nh\u1ea5t.<\/p>\n<\/li>\n<\/ul>\n<p dir=\"ltr\"><strong>3. N\u1ea5u ngon, v\u1ecb chu\u1ea9n, kh\u00f4ng c\u1ea7n n\u00eam n\u1ebfm\u00a0<\/strong><\/p>\n<ul>\n<li dir=\"ltr\">\n<p dir=\"ltr\">Sau th\u1eddi gian d\u00e0i nghi\u00ean c\u1ee9u, \u0110\u1ec9nh Gia \u0111\u00e3 th\u00e0nh c\u00f4ng trong vi\u1ec7c t\u1ea1o ra C\u00f4ng th\u1ee9c \u0111\u1eb7c bi\u1ec7t cho d\u00f2ng N\u01b0\u1edbc d\u00f9ng ho\u00e0n ch\u1ec9nh Ph\u1edf b\u00f2 gi\u00fap c\u00e1c ch\u1ecb em n\u1ed9i tr\u1ee3 n\u1ea5u ph\u1edf ngon t\u1ea1i nh\u00e0 m\u00e0 kh\u00f4ng c\u1ea7n ph\u1ea3i n\u00eam n\u1ebfm th\u00eam b\u1ea5t k\u1ef3 gia v\u1ecb n\u00e0o kh\u00e1c.<\/p>\n<\/li>\n<\/ul>\n<p dir=\"ltr\"><img decoding=\"async\" class=\"aligncenter\" src=\"https:\/\/havamall.com\/wp-content\/uploads\/2025\/08\/pho-nha-lam.jpg\" alt=\"N\u1ea5u ph\u1edf b\u00f2 t\u1ea1i nh\u00e0 chu\u1ea9n v\u1ecb nh\u01b0 h\u00e0ng ph\u1edf - Ph\u1edf Th\u00e1i H\u01b0ng - Ph\u1edf ngon S\u00e0i G\u00f2n - Vietnamese Pho\" width=\"873\" height=\"582\" \/><\/p>\n<p><strong>H\u01b0\u1edbng d\u1eabn s\u1eed d\u1ee5ng:<\/strong><\/p>\n<ul>\n<li>D\u00f9ng n\u1ea5u ph\u1edf b\u00f2, s\u00fap, l\u00e0m n\u01b0\u1edbc s\u1ed1t, l\u1ea9u, ch\u1ebf bi\u1ebfn m\u00f3n \u0103n.<\/li>\n<li>Chu\u1ea9n b\u1ecb 1,5 l\u00edt n\u01b0\u1edbc, cho m\u1ed9t g\u00f3i n\u01b0\u1edbc c\u1ed1t ph\u1edf b\u00f2 v\u00e0o \u0111un s\u00f4i nh\u1ecf l\u1eeda trong 3 ph\u00fat \u0111\u1ec3 c\u00f3 n\u1ed3i n\u01b0\u1edbc d\u00f9ng chu\u1ea9n v\u1ecb. S\u1eed d\u1ee5ng c\u00f9ng v\u1edbi th\u1ecbt b\u00f2 t\u01b0\u01a1i ho\u1eb7c b\u00f2 ch\u00edn, h\u00e0nh t\u01b0\u01a1i, rau th\u01a1m th\u00e1i nh\u1ecf v\u00e0 b\u00e1nh ph\u1edf t\u01b0\u01a1i ho\u1eb7c b\u00fan, m\u00ec ch\u0169&#8230;<\/li>\n<li>M\u1ed9t g\u00f3i\u00a0n\u01b0\u1edbc\u00a0c\u1ed1t ph\u1edf b\u00f2 c\u00f3 th\u1ec3 d\u00f9ng cho 4-6 ng\u01b0\u1eddi.<\/li>\n<\/ul>\n<\/div>\n<\/div>\n<\/div>\n<\/div>","protected":false},"excerpt":{"rendered":"<p>TH\u00d4NG TIN CHUNG Th\u01b0\u01a1ng hi\u1ec7u \u0110\u1ec9nh Gia Xu\u1ea5t x\u1ee9 Vi\u1ec7t Nam H\u1ea1n s\u1eed d\u1ee5ng 12 th\u00e1ng H\u01b0\u1edbng d\u1eabn s\u1eed d\u1ee5ng<\/p>","protected":false},"featured_media":34330,"comment_status":"open","ping_status":"closed","template":"","meta":[],"product_brand":[],"product_cat":[595,36],"product_tag":[],"class_list":{"0":"post-34328","1":"product","2":"type-product","3":"status-publish","4":"has-post-thumbnail","6":"product_cat-gia-vi-va-che-bien","7":"product_cat-thuc-pham-tieu-dung","8":"pa_brand-dinh-gia","10":"first","11":"outofstock","12":"sale","13":"shipping-taxable","14":"purchasable","15":"product-type-simple"},"_links":{"self":[{"href":"https:\/\/havamall.vn\/en\/wp-json\/wp\/v2\/product\/34328"}],"collection":[{"href":"https:\/\/havamall.vn\/en\/wp-json\/wp\/v2\/product"}],"about":[{"href":"https:\/\/havamall.vn\/en\/wp-json\/wp\/v2\/types\/product"}],"replies":[{"embeddable":true,"href":"https:\/\/havamall.vn\/en\/wp-json\/wp\/v2\/comments?post=34328"}],"version-history":[{"count":0,"href":"https:\/\/havamall.vn\/en\/wp-json\/wp\/v2\/product\/34328\/revisions"}],"wp:featuredmedia":[{"embeddable":true,"href":"https:\/\/havamall.vn\/en\/wp-json\/wp\/v2\/media\/34330"}],"wp:attachment":[{"href":"https:\/\/havamall.vn\/en\/wp-json\/wp\/v2\/media?parent=34328"}],"wp:term":[{"taxonomy":"product_brand","embeddable":true,"href":"https:\/\/havamall.vn\/en\/wp-json\/wp\/v2\/product_brand?post=34328"},{"taxonomy":"product_cat","embeddable":true,"href":"https:\/\/havamall.vn\/en\/wp-json\/wp\/v2\/product_cat?post=34328"},{"taxonomy":"product_tag","embeddable":true,"href":"https:\/\/havamall.vn\/en\/wp-json\/wp\/v2\/product_tag?post=34328"}],"curies":[{"name":"wp","href":"https:\/\/api.w.org\/{rel}","templated":true}]}}