{"id":34323,"date":"2024-04-16T14:37:05","date_gmt":"2024-04-16T07:37:05","guid":{"rendered":"https:\/\/havamall.vn\/?post_type=product&#038;p=34323"},"modified":"2025-08-26T16:39:01","modified_gmt":"2025-08-26T09:39:01","slug":"nuoc-cot-hu-tieu-nam-vang-nam-vang-noodle-paste-138g","status":"publish","type":"product","link":"https:\/\/havamall.vn\/en\/shop\/nuoc-cot-hu-tieu-nam-vang-nam-vang-noodle-paste-138g\/","title":{"rendered":"N\u01b0\u1edbc C\u1ed1t H\u1ee7 Ti\u1ebfu Nam Vang &#8211; Nam Vang Noodle Paste 138g \u0110\u1ec9nh Gia"},"content":{"rendered":"<h2 class=\"product-detail__specs-title\"><strong>TH\u00d4NG TIN CHUNG<\/strong><\/h2>\n<div id=\"js-product-detail__specs\" class=\"product-detail__specs\">\n<div class=\"row\">\n<div class=\"col-sm-12\">\n<div class=\"product-specs__table\">\n<table>\n<tbody>\n<tr>\n<td class=\"specs-table__property\">Th\u01b0\u01a1ng hi\u1ec7u<\/td>\n<td class=\"specs-table__value\">\u0110\u1ec9nh Gia<\/td>\n<\/tr>\n<tr>\n<td class=\"specs-table__property\">Xu\u1ea5t x\u1ee9<\/td>\n<td class=\"specs-table__value\">Vi\u1ec7t Nam<\/td>\n<\/tr>\n<tr>\n<td class=\"specs-table__property\">H\u1ea1n s\u1eed d\u1ee5ng<\/td>\n<td class=\"specs-table__value\">12 th\u00e1ng<\/td>\n<\/tr>\n<tr>\n<td class=\"specs-table__property\">H\u01b0\u1edbng d\u1eabn s\u1eed d\u1ee5ng<\/td>\n<td class=\"specs-table__value\">D\u00f9ng tr\u1ef1c ti\u1ebfp ho\u1eb7c ch\u1ebf bi\u1ebfn c\u00e1c m\u00f3n \u0103n tu\u1ef3 th\u00edch<\/td>\n<\/tr>\n<tr>\n<td class=\"specs-table__property\">H\u01b0\u1edbng d\u1eabn b\u1ea3o qu\u1ea3n<\/td>\n<td class=\"specs-table__value\">B\u1ea3o qu\u1ea3n \u1edf nhi\u1ec7t \u0111\u1ed9 th\u01b0\u1eddng, gi\u1eef l\u1ea1nh sau khi m\u1edf n\u1eafp v\u00e0 s\u1eed d\u1ee5ng t\u1ed1t nh\u1ea5t trong 2 tu\u1ea7n<\/td>\n<\/tr>\n<tr>\n<td class=\"specs-table__property\">Th\u00e0nh ph\u1ea7n nguy\u00ean li\u1ec7u<\/td>\n<td class=\"specs-table__value\">\u00a0Nh\u01b0 tr\u00ean bao b\u00ec<\/td>\n<\/tr>\n<tr>\n<td class=\"specs-table__property\">Kh\u1ed1i l\u01b0\u1ee3ng\/Th\u1ec3 t\u00edch<\/td>\n<td class=\"specs-table__value\">138g<\/td>\n<\/tr>\n<\/tbody>\n<\/table>\n<p class=\"sappo\">Hu\u0309 ti\u00ea\u0301u Nam Vang la\u0300 mo\u0301n \u0103n kha\u0301 ph\u00f4\u0309 bi\u00ea\u0301n \u01a1\u0309 Nam B\u00f4\u0323. M\u00f4\u0323t t\u00f4 hu\u0309 ti\u00ea\u0301u Nam Vang se\u0303 bao g\u00f4\u0300m r\u00e2\u0301t nhi\u00ea\u0300u nguy\u00ean li\u00ea\u0323u va\u0300 ph\u00e2\u0300n n\u01b0\u01a1\u0301c le\u0300o th\u01a1m ngon. Mo\u0301n \u0111\u0103\u0323c sa\u0309n na\u0300y la\u0300 s\u01b0\u0323 k\u00ea\u0301t tinh cu\u0309a 2 n\u00ea\u0300n v\u0103n ho\u0301a \u00e2\u0309m th\u01b0\u0323c Vi\u00ea\u0323t Nam va\u0300 Campuchia.<\/p>\n<p><img fetchpriority=\"high\" decoding=\"async\" class=\"wp-image-34326 aligncenter\" src=\"https:\/\/havamall.com\/wp-content\/uploads\/2025\/08\/gh-214x300.png\" alt=\"\" width=\"469\" height=\"657\" \/><\/p>\n<p>Hu\u0309 ti\u00ea\u0301u Nam Vang la\u0300 m\u00f4\u0323t mo\u0301n \u0103n co\u0301 co\u0301 ngu\u00f4\u0300n g\u00f4\u0301c t\u01b0\u0300 Phn\u00f4m P\u00eanh, Campuchia. C\u00f4\u0323ng \u0111\u00f4\u0300ng ng\u01b0\u01a1\u0300i Hoa \u01a1\u0309 Nam Vang (t\u00ean phi\u00ean \u00e2m Ha\u0301n Vi\u00ea\u0323t cu\u0309a Phn\u00f4m P\u00eanh) \u0111a\u0303 ch\u00ea\u0301 bi\u00ea\u0301n la\u0323i, sau \u0111o\u0301 \u0111\u01b0a mo\u0301n \u0103n na\u0300y v\u00ea\u0300 Vi\u00ea\u0323t Nam. V\u00ea\u0300 sau, hu\u0309 ti\u00ea\u0301u Nam Vang \u0111\u01b0\u01a1\u0323c th\u00eam nhi\u00ea\u0300u loa\u0323i gia vi\u0323 \u0111\u00e2\u0323m \u0111a\u0300 h\u01a1n \u0111\u00ea\u0309 phu\u0300 h\u01a1\u0323p v\u01a1\u0301i v\u0103n ho\u0301a \u00e2\u0309m th\u01b0\u0323c cu\u0309a ng\u01b0\u01a1\u0300i Vi\u00ea\u0323t va\u0300 tr\u01a1\u0309 tha\u0300nh \u0111\u0103\u0323c sa\u0309n Sa\u0300i Go\u0300n, n\u00f4\u0309i ti\u00ea\u0301ng ba mi\u00ea\u0300n.<\/p>\n<p>Hu\u0309 ti\u00ea\u0301u Nam Vang co\u0301 th\u00ea\u0309 \u0103n theo hai ca\u0301ch la\u0300 kh\u00f4 va\u0300 n\u01b0\u01a1\u0301c. Nguy\u00ean li\u00ea\u0323u chi\u0301nh se\u0303 bao g\u00f4\u0300m: hu\u0309 ti\u00ea\u0301u, gan heo, t\u00f4m, thi\u0323t b\u0103\u0300m, rau s\u00f4\u0301ng va\u0300 ph\u00e2\u0300n n\u01b0\u01a1\u0301c le\u0300o th\u01a1m ngon. Mo\u0301n \u0103n na\u0300y \u0111a\u0303 du nh\u00e2\u0323p va\u0300o Vi\u00ea\u0323t Nam t\u01b0\u0300 kha\u0301 l\u00e2u va\u0300 \u0111\u01b0\u01a1\u0323c r\u00e2\u0301t nhi\u00ea\u0300u ng\u01b0\u01a1\u0300i y\u00eau thi\u0301ch.<\/p>\n<p><img decoding=\"async\" class=\"wp-image-34327 aligncenter\" src=\"https:\/\/havamall.com\/wp-content\/uploads\/2025\/08\/5645-300x300.png\" alt=\"\" width=\"504\" height=\"504\" \/><\/p>\n<p>H\u01b0\u1edbng d\u1eabn th\u1ef1c hi\u1ec7n:<\/p>\n<p>1. Nguy\u00ean li\u1ec7u:<\/p>\n<p>\u2013 Th\u1ecbt heo b\u1eb1m (x\u00e0o ch\u00edn)<\/p>\n<p>\u2013 T\u00f4m t\u01b0\u01a1i, h\u1ee7 ti\u1ebfu<\/p>\n<p>\u2013 T\u1ecfi phi, rau \u0103n k\u00e8m<\/p>\n<p>2. Th\u1ef1c hi\u1ec7n<\/p>\n<p>B\u01b0\u1edbc 1: \u0110un s\u00f4i 1,3 l\u00edt n\u01b0\u1edbc v\u1edbi t\u00f4m v\u00e0 v\u1edbt b\u1ecdt. Sau \u0111\u00f3, v\u1edbt t\u00f4m ra v\u00e0 l\u1ed9t v\u1ecf.<\/p>\n<p>B\u01b0\u1edbc 2: Cho 1 g\u00f3i X\u1ed1t Gia V\u1ecb Ho\u00e0n Ch\u1ec9nh H\u1ee7 Ti\u1ebfu Nam Vang v\u00e0o v\u00e0 ti\u1ebfp t\u1ee5c \u0111un s\u00f4i.<\/p>\n<p>B\u01b0\u1edbc 3: Cho h\u1ee7 ti\u1ebfu, t\u00f4m, th\u1ecbt v\u00e0o t\u00f4, chan n\u01b0\u1edbc d\u00f9ng, th\u00eam t\u1ecfi phi v\u00e0 th\u01b0\u1edfng th\u1ee9c c\u00f9ng rau \u0103n k\u00e8m.<\/p>\n<p>M\u00e1ch nh\u1ecf: \u0110\u1ec3 m\u00f3n \u0103n th\u00eam \u0111\u00fang \u0111i\u1ec7u, b\u1ea1n b\u1ed5 sung th\u00eam tr\u1ee9ng c\u00fat, tim\/gan v\u00e0 th\u1ecbt heo th\u00e1i l\u00e1t. \u0102n c\u00f9ng rau \u0103n k\u00e8m nh\u01b0: c\u1ea7n t\u00e0u, h\u1eb9, gi\u00e1, t\u1ea7n \u00f4\u2026s\u1ebd r\u1ea5t ngon v\u00e0 thanh m\u00e1t.<\/p>\n<\/div>\n<\/div>\n<\/div>\n<\/div>","protected":false},"excerpt":{"rendered":"<p>TH\u00d4NG TIN CHUNG Th\u01b0\u01a1ng hi\u1ec7u \u0110\u1ec9nh Gia Xu\u1ea5t x\u1ee9 Vi\u1ec7t Nam H\u1ea1n s\u1eed d\u1ee5ng 12 th\u00e1ng H\u01b0\u1edbng d\u1eabn s\u1eed d\u1ee5ng<\/p>","protected":false},"featured_media":34324,"comment_status":"open","ping_status":"closed","template":"","meta":[],"product_brand":[],"product_cat":[595,36],"product_tag":[],"class_list":{"0":"post-34323","1":"product","2":"type-product","3":"status-publish","4":"has-post-thumbnail","6":"product_cat-gia-vi-va-che-bien","7":"product_cat-thuc-pham-tieu-dung","8":"pa_brand-dinh-gia","10":"first","11":"outofstock","12":"sale","13":"shipping-taxable","14":"purchasable","15":"product-type-simple"},"_links":{"self":[{"href":"https:\/\/havamall.vn\/en\/wp-json\/wp\/v2\/product\/34323"}],"collection":[{"href":"https:\/\/havamall.vn\/en\/wp-json\/wp\/v2\/product"}],"about":[{"href":"https:\/\/havamall.vn\/en\/wp-json\/wp\/v2\/types\/product"}],"replies":[{"embeddable":true,"href":"https:\/\/havamall.vn\/en\/wp-json\/wp\/v2\/comments?post=34323"}],"version-history":[{"count":0,"href":"https:\/\/havamall.vn\/en\/wp-json\/wp\/v2\/product\/34323\/revisions"}],"wp:featuredmedia":[{"embeddable":true,"href":"https:\/\/havamall.vn\/en\/wp-json\/wp\/v2\/media\/34324"}],"wp:attachment":[{"href":"https:\/\/havamall.vn\/en\/wp-json\/wp\/v2\/media?parent=34323"}],"wp:term":[{"taxonomy":"product_brand","embeddable":true,"href":"https:\/\/havamall.vn\/en\/wp-json\/wp\/v2\/product_brand?post=34323"},{"taxonomy":"product_cat","embeddable":true,"href":"https:\/\/havamall.vn\/en\/wp-json\/wp\/v2\/product_cat?post=34323"},{"taxonomy":"product_tag","embeddable":true,"href":"https:\/\/havamall.vn\/en\/wp-json\/wp\/v2\/product_tag?post=34323"}],"curies":[{"name":"wp","href":"https:\/\/api.w.org\/{rel}","templated":true}]}}