{"id":34317,"date":"2024-04-15T16:36:59","date_gmt":"2024-04-15T09:36:59","guid":{"rendered":"https:\/\/havamall.vn\/?post_type=product&#038;p=34317"},"modified":"2025-07-01T16:03:45","modified_gmt":"2025-07-01T09:03:45","slug":"sua-dac-helio-nap-giat-1kg","status":"publish","type":"product","link":"https:\/\/havamall.vn\/en\/shop\/sua-dac-helio-nap-giat-1kg\/","title":{"rendered":"S\u1eefa \u0110\u1eb7c Helio N\u1eafp Gi\u1eadt 1kg"},"content":{"rendered":"<h2 class=\"product-detail__specs-title\"><strong>TH\u00d4NG TIN CHUNG<\/strong><\/h2>\n<div id=\"js-product-detail__specs\" class=\"product-detail__specs\">\n<div class=\"row\">\n<div class=\"col-sm-12\">\n<div class=\"product-specs__table\">\n<table>\n<tbody>\n<tr>\n<td class=\"specs-table__property\">Th\u01b0\u01a1ng hi\u1ec7u<\/td>\n<td class=\"specs-table__value\">Helio<\/td>\n<\/tr>\n<tr>\n<td class=\"specs-table__property\">Xu\u1ea5t x\u1ee9<\/td>\n<td class=\"specs-table__value\">\u0110\u1ee9c<\/td>\n<\/tr>\n<tr>\n<td class=\"specs-table__property\">H\u1ea1n s\u1eed d\u1ee5ng<\/td>\n<td class=\"specs-table__value\">12 th\u00e1ng<\/td>\n<\/tr>\n<tr>\n<td class=\"specs-table__property\">H\u01b0\u1edbng d\u1eabn s\u1eed d\u1ee5ng<\/td>\n<td class=\"specs-table__value\">D\u00f9ng tr\u1ef1c ti\u1ebfp ho\u1eb7c ch\u1ebf bi\u1ebfn c\u00e1c m\u00f3n \u0103n tu\u1ef3 th\u00edch<\/td>\n<\/tr>\n<tr>\n<td class=\"specs-table__property\">H\u01b0\u1edbng d\u1eabn b\u1ea3o qu\u1ea3n<\/td>\n<td class=\"specs-table__value\">B\u1ea3o qu\u1ea3n \u1edf nhi\u1ec7t \u0111\u1ed9 th\u01b0\u1eddng, gi\u1eef l\u1ea1nh sau khi m\u1edf n\u1eafp v\u00e0 s\u1eed d\u1ee5ng t\u1ed1t nh\u1ea5t trong 2 tu\u1ea7n<\/td>\n<\/tr>\n<tr>\n<td class=\"specs-table__property\">Th\u00e0nh ph\u1ea7n nguy\u00ean li\u1ec7u<\/td>\n<td class=\"specs-table__value\">\u0111\u01b0\u1eddng (48%), n\u01b0\u1edbc, d\u1ea7u c\u1ecd, s\u1eefa b\u1ed9t (10%),\u00a0\u0111\u01b0\u1eddng Maltodextrin, Carrageenan, Disodium Phosphate, Lectithin \u0111\u1eadu n\u00e0nh, Vitamin B1, Vitamin A, Vitamin D3.<\/td>\n<\/tr>\n<tr>\n<td class=\"specs-table__property\">Kh\u1ed1i l\u01b0\u1ee3ng\/Th\u1ec3 t\u00edch<\/td>\n<td class=\"specs-table__value\">1kg<\/td>\n<\/tr>\n<\/tbody>\n<\/table>\n<p>\u0110\u01b0\u1ee3c nghi\u00ean c\u1ee9u t\u1ec9 m\u1ec9 t\u1ea1i ph\u00f2ng nghi\u00ean c\u1ee9u s\u1ea3n ph\u1ea9m hi\u1ec7n \u0111\u1ea1i, d\u01b0\u1edbi ti\u00eau chu\u1ea9n kh\u1eaft khe t\u1eeb c\u00f4ng ty Quiches &#8211; GmbH, CHLB \u0110\u1ee9c, Kem \u0111\u1eb7c c\u00f3 \u0111\u01b0\u1eddng Helio ph\u00f9 h\u1ee3p \u0111\u1ec3 d\u00f9ng k\u1ebft h\u1ee3p khi l\u00e0m c\u00e1c m\u00f3n pha ch\u1ebf. V\u00ed d\u1ee5 nh\u01b0: Caf\u00e9 s\u1eefa, sinh t\u1ed1, l\u00e0m caramen, l\u00e0m s\u1eefa chua,\u2026<\/p>\n<\/div>\n<p><img fetchpriority=\"high\" decoding=\"async\" class=\"aligncenter\" src=\"https:\/\/havamall.com\/wp-content\/uploads\/2025\/07\/vn-11134207-7r98o-lp0chpm4j2or9e.jpg\" alt=\"S\u1eefa \u0111\u1eb7c Helio c\u00f3 n\u1eafp gi\u1eadt h\u1ed9p 1kg\" width=\"646\" height=\"646\" \/><\/p>\n<p>S\u1eefa \u0111\u01b0\u1ee3c ch\u1ee9ng minh c\u00f3 t\u00e1c d\u1ee5ng t\u0103ng n\u0103ng l\u01b0\u1ee3ng sau m\u1ed9t ng\u00e0y l\u00e0m vi\u1ec7c m\u1ec7t m\u1ecfi. N\u00f3 l\u00e0 m\u1ed9t th\u1ef1c ph\u1ea9m r\u1ea5t t\u1ed1t l\u00e0m th\u01b0 gi\u00e3n c\u01a1 b\u1eafp c\u0169ng nh\u01b0 c\u00e1c ho\u1ea1t \u0111\u1ed9ng tr\u00ean d\u00e2y th\u1ea7n kinh. Ngo\u00e0i ra, m\u1ed9t ly s\u1eefa \u1ea5m v\u00e0o ban \u0111\u00eam c\u00f3 th\u1ec3 mang l\u1ea1i m\u1ed9t gi\u1ea5c ng\u1ee7 ngon.<\/p>\n<p>S\u1eefa \u0111\u1eb7c c\u00f3 \u0111\u01b0\u1eddng Helio v\u1edbi n\u01b0\u1edbc \u1ea5m u\u1ed1ng v\u00e0o bu\u1ed5i s\u00e1ng, ch\u1ec9 c\u1ea7n \u0111\u1ed5 1 l\u01b0\u1ee3ng s\u1eefa \u0111\u1eb7c ra 1 c\u1ed1c v\u00e0 th\u00eam n\u01b0\u1edbc \u1ea5m, sau \u0111\u00f3 khu\u1ea5y \u0111\u1ec1u cho \u0111\u1ebfn khi s\u1eefa d\u01b0\u1edbi \u0111\u00e1y tan to\u00e0n b\u1ed9. \u0102n nh\u1eb9 v\u00e0o bu\u1ed5i s\u00e1ng v\u1edbi b\u00e1nh m\u00ec ch\u1ee9a tinh b\u1ed9t cung c\u1ea5p n\u0103ng l\u01b0\u1ee3ng cho ng\u00e0y m\u1edbi, \u0103n c\u00f9ng s\u1eefa \u0111\u1eb7c v\u1eeba d\u1ec5 \u0103n, v\u1eeba c\u00f3 th\u1ec3 gi\u00fap t\u0103ng c\u00e2n nhanh ch\u00f3ng.<\/p>\n<p><img decoding=\"async\" class=\"wp-image-21082 aligncenter\" src=\"https:\/\/havamall.com\/wp-content\/uploads\/2025\/07\/Hinh_4-1-300x200.jpg\" sizes=\"(max-width: 669px) 100vw, 669px\" srcset=\"https:\/\/havamall.com\/wp-content\/uploads\/2025\/07\/Hinh_4-1-300x200.jpg 300w, https:\/\/havamall.com\/wp-content\/uploads\/2025\/07\/Hinh_4-1-768x512.jpg 768w, https:\/\/havamall.com\/wp-content\/uploads\/2025\/07\/Hinh_4-1-1024x683.jpg 1024w, https:\/\/havamall.com\/wp-content\/uploads\/2025\/07\/Hinh_4-1-1200x800.jpg 1200w, https:\/\/havamall.com\/wp-content\/uploads\/2025\/07\/Hinh_4-1-600x400.jpg 600w, https:\/\/havamall.com\/wp-content\/uploads\/2025\/07\/Hinh_4-1.jpg 1225w\" alt=\"\" width=\"669\" height=\"446\" \/><\/p>\n<p>S\u1ea3n ph\u1ea9m \u0111\u01b0\u1ee3c s\u1ea3n xu\u1ea5t tr\u00ean d\u00e2y chuy\u1ec1n hi\u1ec7n \u0111\u1ea1i, kh\u00f4ng ch\u1ee9a ch\u1ea5t b\u1ea3o qu\u1ea3n \u0111\u1ed9c h\u1ea1i cho ng\u01b0\u1eddi s\u1eed d\u1ee5ng. \u0110\u01b0\u1ee3c s\u1eed d\u1ee5ng trong pha ch\u1ebf th\u1ee9c u\u1ed1ng ho\u1eb7c c\u00e1c m\u00f3n \u0103n nhanh, gi\u00fap b\u1ea1n ti\u1ebft ki\u1ec7m th\u1eddi gian.<\/p>\n<p>Ngo\u00e0i ra s\u1eefa \u0111\u1eb7c c\u00f2n c\u00f3 n\u1eafp gi\u1eadt, c\u1ef1c k\u1ef3 ti\u1ec7n l\u1ee3i cho c\u00e1c qu\u00e1n \u0103n, ho\u1eb7c s\u1eed d\u1ee5ng \u1edf c\u00e1c quy m\u00f4 l\u1edbn v\u00e0 nh\u1ecf.<\/p>\n<p><img decoding=\"async\" class=\"aligncenter\" src=\"https:\/\/scontent.fsgn5-8.fna.fbcdn.net\/v\/t1.6435-9\/93835993_109086054113435_5756774713867108352_n.jpg?_nc_cat=109&amp;ccb=1-7&amp;_nc_sid=5f2048&amp;_nc_ohc=kG_YbVgyrywAb5neREL&amp;_nc_ht=scontent.fsgn5-8.fna&amp;oh=00_AfCBFBJRjnjKHghnr9lD06riPxk_MIGsC7sWjB0yoGkBsg&amp;oe=66444CF7\" alt=\"Kh\u00f4ng c\u00f3 m\u00f4 t\u1ea3 \u1ea3nh.\" width=\"684\" height=\"684\" \/><\/p>\n<h2><strong>\u00a0C\u00d4NG D\u1ee4NG C\u1ee6A S\u1eeeA \u0110\u1eb6C HALIO:<\/strong><\/h2>\n<p>\u2013 T\u1ed1t cho da: S\u1eefa r\u1ea5t gi\u00e0u c\u00e1c axit amin, gi\u00fap gi\u1eef \u1ea9m da v\u00e0 khi\u1ebfn da tr\u1edf n\u00ean m\u1ec1m m\u1ea1i h\u01a1n.<\/p>\n<p>\u2013 Gi\u1ea3m c\u0103ng th\u1eb3ng: S\u1eefa \u0111\u01b0\u1ee3c ch\u1ee9ng minh c\u00f3 t\u00e1c d\u1ee5ng t\u0103ng n\u0103ng l\u01b0\u1ee3ng sau m\u1ed9t ng\u00e0y l\u00e0m vi\u1ec7c m\u1ec7t m\u1ecfi. N\u00f3 l\u00e0 m\u1ed9t th\u1ef1c ph\u1ea9m r\u1ea5t t\u1ed1t l\u00e0m th\u01b0 gi\u00e3n c\u01a1 b\u1eafp c\u0169ng nh\u01b0 c\u00e1c ho\u1ea1t \u0111\u1ed9ng tr\u00ean c\u00e1c d\u00e2y th\u1ea7n kinh.<\/p>\n<p>\u2013 L\u1ee3i \u00edch ti\u00eau h\u00f3a t\u0103ng c\u00e2n: Th\u00e0nh ph\u1ea7n dinh d\u01b0\u1ee1ng s\u1ea3n ph\u1ea9m ch\u00ednh l\u00e0 s\u1eefa b\u00f2, ch\u1ea5t b\u00e9o, protein, \u0111\u01b0\u1eddng. Nh\u1eefng th\u00e0nh ph\u1ea7n n\u00e0y \u0111\u1ec1u c\u00f3 l\u1ee3i cho qu\u00e1 tr\u00ecnh t\u0103ng c\u00e2n nhanh cho nh\u1eefng ng\u01b0\u1eddi g\u1ea7y. Gi\u00fap ti\u00eau h\u00f3a t\u1ed1t, k\u00edch th\u00edch \u0103n cho nh\u1eefng ng\u01b0\u1eddi k\u00e9n \u0103n, \u0103n kh\u00f4ng ti\u00eau, c\u01a1 th\u1ec3 kh\u00f3 h\u1ea5p th\u1ee5 d\u01b0\u1ee1ng ch\u1ea5t t\u1eeb th\u1ee9c \u0103n.<\/p>\n<p><img loading=\"lazy\" decoding=\"async\" class=\"wp-image-30927 aligncenter\" src=\"https:\/\/havamall.com\/wp-content\/uploads\/2025\/07\/what-is-sweetened-condensed-milk-5077695-hero-05-8fd2a201841343ef9b30a6a42c95ca4d-300x200.jpg\" sizes=\"(max-width: 685px) 100vw, 685px\" srcset=\"https:\/\/havamall.com\/wp-content\/uploads\/2025\/07\/what-is-sweetened-condensed-milk-5077695-hero-05-8fd2a201841343ef9b30a6a42c95ca4d-300x200.jpg 300w, https:\/\/havamall.com\/wp-content\/uploads\/2025\/07\/what-is-sweetened-condensed-milk-5077695-hero-05-8fd2a201841343ef9b30a6a42c95ca4d-768x512.jpg 768w, https:\/\/havamall.com\/wp-content\/uploads\/2025\/07\/what-is-sweetened-condensed-milk-5077695-hero-05-8fd2a201841343ef9b30a6a42c95ca4d-1024x683.jpg 1024w, https:\/\/havamall.com\/wp-content\/uploads\/2025\/07\/what-is-sweetened-condensed-milk-5077695-hero-05-8fd2a201841343ef9b30a6a42c95ca4d-1200x800.jpg 1200w, https:\/\/havamall.com\/wp-content\/uploads\/2025\/07\/what-is-sweetened-condensed-milk-5077695-hero-05-8fd2a201841343ef9b30a6a42c95ca4d-600x400.jpg 600w, https:\/\/havamall.com\/wp-content\/uploads\/2025\/07\/what-is-sweetened-condensed-milk-5077695-hero-05-8fd2a201841343ef9b30a6a42c95ca4d.jpg 1500w\" alt=\"\" width=\"685\" height=\"456\" \/><\/p>\n<p>\u2013 T\u0103ng c\u01b0\u1eddng m\u1eadt \u0111\u1ed9 x\u01b0\u01a1ng v\u00e0 gi\u00fap r\u0103ng ch\u1eafc kh\u1ecfe: S\u1eefa l\u00e0 m\u1ed9t ngu\u1ed3n gi\u00e0u canxi. Kho\u00e1ng ch\u1ea5t n\u00e0y r\u1ea5t c\u1ea7n thi\u1ebft \u0111\u1ec3 gi\u00fap cho x\u01b0\u01a1ng v\u00e0 r\u0103ng kh\u1ecfe m\u1ea1nh.<\/p>\n<p>\u2013 Gi\u00e0u vitamin D: S\u1eefa l\u00e0 m\u1ed9t th\u1ef1c ph\u1ea9m r\u1ea5t gi\u00e0u vitamin D, n\u00f3 c\u00f3 t\u00e1c d\u1ee5ng l\u00e0m gi\u1ea3m vi\u00eam nhi\u1ec5m v\u00e0 t\u0103ng c\u01b0\u1eddng h\u1ec7 mi\u1ec5n d\u1ecbch.<\/p>\n<p>\u2013 Gi\u00fap gi\u1eef n\u01b0\u1edbc: Sau khi t\u1eadp th\u1ec3 d\u1ee5c, m\u1ed9t ly s\u1eefa c\u00f3 th\u1ec3 gi\u00fap kh\u00f4i ph\u1ee5c n\u0103ng l\u01b0\u1ee3ng c\u1ee7a b\u1ea1n v\u00e0 \u0111\u1ed3ng th\u1eddi gi\u1eef \u1ea9m c\u01a1 th\u1ec3.<\/p>\n<p>\u2013 Ph\u00e1t tri\u1ec3n c\u01a1 b\u1eafp: Protein c\u00f3 trong s\u1eefa, l\u00e0 ch\u1ea5t dinh d\u01b0\u1ee1ng c\u1ea7n thi\u1ebft cho s\u1ef1 t\u0103ng tr\u01b0\u1edfng c\u01a1 b\u1eafp.<\/p>\n<p><img loading=\"lazy\" decoding=\"async\" class=\"aligncenter\" src=\"https:\/\/havamall.com\/wp-content\/uploads\/2025\/07\/cach-pha-ca-phe-sua-ngon_1.jpg\" alt=\"C\u00e1ch Pha C\u00e0 Ph\u00ea S\u1eefa Ngon Ai C\u0169ng L\u00e0m \u0110\u01b0\u1ee3c\" width=\"668\" height=\"445\" \/><\/p>\n<h2><strong>\u01afU \u0110I\u1ec2M C\u1ee6A S\u1ea2N PH\u1ea8M<\/strong><\/h2>\n<p>\u2013 S\u1eefa \u0111\u1eb7c c\u00f3 \u0111\u01b0\u1eddng Helio m\u1ed9t trong nh\u1eefng th\u01b0\u01a1ng hi\u1ec7u n\u1ed5i ti\u1ebfng v\u00e0 \u0111\u01b0\u1ee3c s\u1eed d\u1ee5ng ph\u1ed5 bi\u1ebfn h\u1ea7u h\u1ebft t\u1ea1i c\u00e1c qu\u00e1n c\u00e0 ph\u00ea \u1edf \u0110\u1ee9c.<\/p>\n<p>\u2013 S\u1eefa \u0111\u01b0\u1ee3c s\u1ea3n xu\u1ea5t tr\u00ean d\u00e2y chuy\u1ec1n c\u00f4ng ngh\u1ec7 hi\u1ec7n \u0111\u1ea1i \u0111\u1ea3m b\u1ea3o s\u1ef1 an to\u00e0n cho s\u1ee9c kh\u1ecfe ng\u01b0\u1eddi ti\u00eau d\u00f9ng.<\/p>\n<p>\u2013 S\u1ea3n ph\u1ea9m \u0111\u01b0\u1ee3c \u0111\u00f3ng lon s\u1eaft nh\u1ecf g\u1ecdn gi\u00fap b\u1ea1n d\u1ec5 d\u00e0ng di chuy\u1ec3n v\u00e0 s\u1eed d\u1ee5ng.<\/p>\n<\/div>\n<\/div>\n<\/div>","protected":false},"excerpt":{"rendered":"<p>TH\u00d4NG TIN CHUNG Th\u01b0\u01a1ng hi\u1ec7u Helio Xu\u1ea5t x\u1ee9 \u0110\u1ee9c H\u1ea1n s\u1eed d\u1ee5ng 12 th\u00e1ng H\u01b0\u1edbng d\u1eabn s\u1eed d\u1ee5ng D\u00f9ng tr\u1ef1c<\/p>","protected":false},"featured_media":34318,"comment_status":"open","ping_status":"closed","template":"","meta":[],"product_brand":[],"product_cat":[36,135],"product_tag":[],"class_list":{"0":"post-34317","1":"product","2":"type-product","3":"status-publish","4":"has-post-thumbnail","6":"product_cat-thuc-pham-tieu-dung","7":"product_cat-sua-do-uong","9":"first","10":"instock","11":"sale","12":"shipping-taxable","13":"purchasable","14":"product-type-simple"},"_links":{"self":[{"href":"https:\/\/havamall.vn\/en\/wp-json\/wp\/v2\/product\/34317"}],"collection":[{"href":"https:\/\/havamall.vn\/en\/wp-json\/wp\/v2\/product"}],"about":[{"href":"https:\/\/havamall.vn\/en\/wp-json\/wp\/v2\/types\/product"}],"replies":[{"embeddable":true,"href":"https:\/\/havamall.vn\/en\/wp-json\/wp\/v2\/comments?post=34317"}],"version-history":[{"count":0,"href":"https:\/\/havamall.vn\/en\/wp-json\/wp\/v2\/product\/34317\/revisions"}],"wp:featuredmedia":[{"embeddable":true,"href":"https:\/\/havamall.vn\/en\/wp-json\/wp\/v2\/media\/34318"}],"wp:attachment":[{"href":"https:\/\/havamall.vn\/en\/wp-json\/wp\/v2\/media?parent=34317"}],"wp:term":[{"taxonomy":"product_brand","embeddable":true,"href":"https:\/\/havamall.vn\/en\/wp-json\/wp\/v2\/product_brand?post=34317"},{"taxonomy":"product_cat","embeddable":true,"href":"https:\/\/havamall.vn\/en\/wp-json\/wp\/v2\/product_cat?post=34317"},{"taxonomy":"product_tag","embeddable":true,"href":"https:\/\/havamall.vn\/en\/wp-json\/wp\/v2\/product_tag?post=34317"}],"curies":[{"name":"wp","href":"https:\/\/api.w.org\/{rel}","templated":true}]}}