{"id":34305,"date":"2024-04-13T14:51:12","date_gmt":"2024-04-13T07:51:12","guid":{"rendered":"https:\/\/havamall.vn\/?post_type=product&#038;p=34305"},"modified":"2025-03-20T10:03:51","modified_gmt":"2025-03-20T03:03:51","slug":"dau-tuong-len-men-miso-red-marukome-havafoodies-200g","status":"publish","type":"product","link":"https:\/\/havamall.vn\/en\/shop\/dau-tuong-len-men-miso-red-marukome-havafoodies-200g\/","title":{"rendered":"\u0110\u1eadu T\u01b0\u01a1ng L\u00ean Men Miso Red Marukome Havafoodies 200g"},"content":{"rendered":"<h2 class=\"product-detail__specs-title\"><strong>TH\u00d4NG TIN CHUNG<\/strong><\/h2>\n<div id=\"js-product-detail__specs\" class=\"product-detail__specs\">\n<div class=\"row\">\n<div class=\"col-sm-12\">\n<div class=\"product-specs__table\">\n<table>\n<tbody>\n<tr>\n<td class=\"specs-table__property\">Th\u01b0\u01a1ng hi\u1ec7u<\/td>\n<td class=\"specs-table__value\">Havafoodies<\/td>\n<\/tr>\n<tr>\n<td class=\"specs-table__property\">Xu\u1ea5t x\u1ee9<\/td>\n<td class=\"specs-table__value\">Nh\u1eadt B\u1ea3n<\/td>\n<\/tr>\n<tr>\n<td class=\"specs-table__property\">H\u1ea1n s\u1eed d\u1ee5ng<\/td>\n<td class=\"specs-table__value\">1 n\u0103m k\u1ec3 t\u1eeb ng\u00e0y s\u1ea3n xu\u1ea5t<\/td>\n<\/tr>\n<tr>\n<td class=\"specs-table__property\">H\u01b0\u1edbng d\u1eabn s\u1eed d\u1ee5ng<\/td>\n<td class=\"specs-table__value\">D\u00f9ng \u0103n tr\u1ef1c ti\u1ebfp ho\u1eb7c ch\u1ebf bi\u1ebfn\u00a0 c\u00e1c m\u00f3n \u0103n tu\u1ef3 th\u00edch<\/td>\n<\/tr>\n<tr>\n<td class=\"specs-table__property\">H\u01b0\u1edbng d\u1eabn b\u1ea3o qu\u1ea3n<\/td>\n<td class=\"specs-table__value\">B\u1ea3o qu\u1ea3n \u1edf nhi\u1ec7t \u0111\u1ed9 th\u01b0\u1eddng, gi\u1eef l\u1ea1nh sau khi m\u1edf n\u1eafp v\u00e0 s\u1eed d\u1ee5ng t\u1ed1t nh\u1ea5t trong 2 tu\u1ea7n<\/td>\n<\/tr>\n<tr>\n<td class=\"specs-table__property\">Th\u00e0nh ph\u1ea7n nguy\u00ean li\u1ec7u<\/td>\n<td class=\"specs-table__value\">\u0110\u1eadu t\u01b0\u01a1ng l\u00ean men<\/td>\n<\/tr>\n<tr>\n<td class=\"specs-table__property\">Kh\u1ed1i l\u01b0\u1ee3ng\/Th\u1ec3 t\u00edch<\/td>\n<td class=\"specs-table__value\">200g<\/td>\n<\/tr>\n<\/tbody>\n<\/table>\n<p>M\u1ed9t lo\u1ea1i gia v\u1ecb l\u00ean men truy\u1ec1n th\u1ed1ng r\u1ea5t \u0111\u01b0\u1ee3c \u01b0a chu\u1ed9ng t\u1ea1i Nh\u1eadt B\u1ea3n v\u00e0 \u0111\u00e3 \u0111\u01b0\u1ee3c khoa h\u1ecdc ch\u1ee9ng minh l\u00e0 lo\u1ea1i th\u1ef1c ph\u1ea9m gi\u00e0u dinh d\u01b0\u1ee1ng, c\u00f3 t\u00e1c d\u1ee5ng h\u1ed7 tr\u1ee3 ho\u1ea1t \u0111\u1ed9ng h\u1ec7 ti\u00eau h\u00f3a v\u00e0 t\u0103ng c\u01b0\u1eddng kh\u1ea3 n\u0103ng mi\u1ec5n d\u1ecbch, \u0111\u00f3 l\u00e0 t\u01b0\u01a1ng Miso. Lo\u1ea1i t\u01b0\u01a1ng \u0111\u01b0\u1ee3c l\u00e0m t\u1eeb \u0111\u1eadu n\u00e0nh, l\u00faa m\u1ea1ch hay g\u1ea1o \u0111\u1ec3 l\u00ean men, t\u1ea1o ra h\u01b0\u01a1ng v\u1ecb th\u01a1m ngon \u0111\u1eb7c tr\u01b0ng v\u00e0 l\u00e0 lo\u1ea1i gia v\u1ecb mang \u0111\u1eb7c tr\u01b0ng v\u0103n h\u00f3a \u1ea9m th\u1ef1c c\u1ee7a Nh\u1eadt B\u1ea3n.<\/p>\n<p>Miso c\u00f3 c\u00e1c m\u00e0u t\u1eeb tr\u1eafng ng\u00e0 \u0111\u1ebfn n\u00e2u \u0111\u1ecf s\u1eabm. M\u00e0u s\u1eafc c\u00e0ng \u0111\u1eadm, ch\u1ee9ng t\u1ecf qu\u00e1 tr\u00ecnh \u1ee7 Miso c\u00e0ng l\u00e2u v\u00e0 h\u01b0\u01a1ng v\u1ecb t\u01b0\u01a1ng c\u00e0ng \u0111\u1eadm \u0111\u00e0. C\u01a1 b\u1ea3n c\u00f3 th\u1ec3 chia Miso th\u00e0nh 4 lo\u1ea1i: T\u01b0\u01a1ng Miso tr\u1eafng; T\u01b0\u01a1ng Miso v\u00e0ng; T\u01b0\u01a1ng Miso \u0111\u1ecf v\u00e0 h\u1ed7n h\u1ee3p c\u1ee7a hai lo\u1ea1i n\u00e0y l\u00e0 t\u01b0\u01a1ng Awase. T\u1ea1i Nh\u1eadt B\u1ea3n, h\u01a1n 80% t\u01b0\u01a1ng Miso s\u1ea3n xu\u1ea5t l\u00e0 lo\u1ea1i Miso tr\u1eafng l\u00e0m t\u1eeb g\u1ea1o.<\/p>\n<p><img fetchpriority=\"high\" decoding=\"async\" class=\"aligncenter\" src=\"https:\/\/havamall.vn\/wp-content\/uploads\/2025\/03\/miso-soup.jpg\" alt=\"Miso Soup Recipe - Love and Lemons\" width=\"574\" height=\"462\" \/><\/p>\n<h3><strong>T\u01b0\u01a1ng Miso Nh\u1eadt B\u1ea3n lo\u1ea1i n\u00e0o ngon<\/strong><\/h3>\n<ul>\n<li><strong>Miso tr\u1eafng (hay c\u00f2n g\u1ecdi l\u00e0 Shiro Miso):<\/strong>\u00a0Lo\u1ea1i t\u01b0\u01a1ng Miso n\u00e0y c\u00f3 th\u00e0nh ph\u1ea7n ch\u00ednh l\u00e0 g\u1ea1o, \u0111\u1eadu n\u00e0nh l\u00ean men v\u00e0 mu\u1ed1i, \u1ee7 trong th\u1eddi gian ng\u1eafn, t\u1ea1o n\u00ean lo\u1ea1i t\u01b0\u01a1ng c\u00f3 v\u1ecb ng\u1ecdt nh\u1eb9, \u00edt m\u1eb7n, th\u00edch h\u1ee3p ch\u1ebf bi\u1ebfn c\u00e1c m\u00f3n s\u00fap, n\u01b0\u1edbc s\u1ed1t salad,&#8230;<\/li>\n<li><strong>Miso \u0111\u1ecf (hay c\u00f2n g\u1ecdi l\u00e0 Aka Miso, c\u00f3 m\u00e0u \u0111\u1ecf s\u1eadm \u0111\u1ebfn \u0111en):<\/strong>\u00a0T\u01b0\u01a1ng Miso \u0111\u1ecf \u0111\u01b0\u1ee3c l\u00e0m t\u1eeb \u0111\u1eadu n\u00e0nh, mu\u1ed1i, \u1ee7 trong th\u1eddi gian d\u00e0i. T\u01b0\u01a1ng Miso \u0111\u1ecf c\u00f3 h\u01b0\u01a1ng v\u1ecb r\u1ea5t \u0111\u1eadm \u0111\u00e0, v\u1ecb m\u1eb7n h\u01a1n Miso tr\u1eafng v\u00e0 Miso v\u00e0ng. Do \u0111\u00f3, ch\u00fang th\u01b0\u1eddng \u0111\u01b0\u1ee3c d\u00f9ng ch\u1ebf bi\u1ebfn c\u00e1c m\u00f3n kho, c\u00e1c m\u00f3n \u0103n t\u1eeb th\u1ecbt gia c\u1ea7m. Khi ch\u1ebf bi\u1ebfn, b\u1ea1n n\u00ean l\u01b0u \u00fd ch\u1ec9 s\u1eed d\u1ee5ng m\u1ed9t l\u01b0\u1ee3ng nh\u1ecf, b\u1edfi Aka Miso r\u1ea5t m\u1eb7n.<\/li>\n<li><strong>Miso v\u00e0ng (hay c\u00f2n g\u1ecdi l\u00e0 Shinsu Miso):<\/strong>\u00a0Lo\u1ea1i t\u01b0\u01a1ng Miso n\u00e0y c\u00f3 th\u00e0nh ph\u1ea7n t\u1eeb l\u00faa m\u1ea1ch, \u0111\u1eadu n\u00e0nh, mu\u1ed1i. T\u01b0\u01a1ng c\u00f3 v\u1ecb m\u1eb7n h\u01a1n lo\u1ea1i Miso tr\u1eafng m\u1ed9t ch\u00fat v\u00e0 th\u01b0\u1eddng \u0111\u01b0\u1ee3c d\u00f9ng n\u1ea5u c\u00e1c m\u00f3n s\u00fap, s\u1ed1t salad,&#8230; Shinsu Miso<\/li>\n<li><strong>Awase Miso:<\/strong>\u00a0\u0110\u00e2y l\u00e0 lo\u1ea1i t\u01b0\u01a1ng ph\u1ed1i tr\u1ed9n gi\u1eefa hai ho\u1eb7c ba lo\u1ea1i t\u01b0\u01a1ng: t\u01b0\u01a1ng Miso tr\u1eafng; t\u01b0\u01a1ng Miso \u0111\u1ecf v\u00e0 t\u01b0\u01a1ng Miso v\u00e0ng. Lo\u1ea1i t\u01b0\u01a1ng n\u00e0y c\u00f3 h\u01b0\u01a1ng v\u1ecb m\u1eb1n m\u1eb7n c\u00f9ng ch\u00fat v\u1ecb ng\u1ecdt d\u1ecbu nh\u1eb9, th\u00edch h\u1ee3p ch\u1ebf bi\u1ebfn \u0111a d\u1ea1ng m\u00f3n \u0103n t\u1eeb n\u01b0\u1edbc s\u00fap \u0111\u1ebfn \u01b0\u1edbp c\u00e1, th\u1ecbt, h\u1ea7m th\u1ecbt, n\u01b0\u1edbc s\u00fap m\u00ec,&#8230;<\/li>\n<\/ul>\n<p>M\u1ee9c \u0111\u1ed9 m\u1eb7n, ng\u1ecdt c\u1ee7a t\u01b0\u01a1ng Miso ph\u1ee5 thu\u1ed9c v\u00e0o l\u01b0\u1ee3ng mu\u1ed1i v\u00e0 t\u1ef7 l\u1ec7 koji. T\u1ef7 l\u1ec7 koji l\u00e0 t\u1ef7 l\u1ec7 g\u1ea1o, l\u00faa m\u1ea1ch v\u00e0 \u0111\u1eadu n\u00e0nh. N\u1ebfu s\u1eed d\u1ee5ng m\u1ee9c \u0111\u1ed9 mu\u1ed1i kh\u00f4ng \u0111\u1ed5i th\u00ec t\u1ef7 l\u1ec7 koji c\u00e0ng cao th\u00ec t\u01b0\u01a1ng Miso c\u00f3 v\u1ecb c\u00e0ng ng\u1ecdt v\u00e0 ng\u01b0\u1ee3c l\u1ea1i. V\u1ecb ng\u1ecdt c\u1ee7a Miso ch\u1ecbu \u1ea3nh h\u01b0\u1edfng b\u1edfi c\u00e1c axit amin (ch\u1ee7 y\u1ebfu l\u00e0 axit glutamic) h\u00ecnh th\u00e0nh khi protein trong \u0111\u1eadu n\u00e0nh b\u1ecb ph\u00e2n h\u1ee7y.<\/p>\n<p>V\u1ec1 m\u00e0u s\u1eafc c\u1ee7a Miso, ph\u1ee5 thu\u1ed9c v\u00e0o r\u1ea5t nhi\u1ec1u y\u1ebfu t\u1ed1, ch\u1eb3ng h\u1ea1n lo\u1ea1i \u0111\u1eadu n\u00e0nh s\u1eed d\u1ee5ng, \u0111\u1eadu n\u00e0nh lu\u1ed9c hay h\u1ea5p, l\u01b0\u1ee3ng koji th\u00eam v\u00e0o \u0111\u1ec3 \u1ee7 l\u00ean men v\u00e0 trong qu\u00e1 tr\u00ecnh l\u00ean men, h\u1ed7n h\u1ee3p n\u00e0y c\u00f3 \u0111\u01b0\u1ee3c khu\u1ea5y l\u00ean hay kh\u00f4ng.<\/p>\n<p>T\u00f9y v\u00e0o kh\u1ea9u v\u1ecb v\u00e0 m\u00f3n \u0103n b\u1ea1n mu\u1ed1n ch\u1ebf bi\u1ebfn m\u00e0 n\u00ean ch\u1ecdn lo\u1ea1i t\u01b0\u01a1ng Miso ph\u00f9 h\u1ee3p. N\u1ebfu s\u1eed d\u1ee5ng \u0111\u1ec3 n\u1ea5u canh, s\u00fap, b\u1ea1n n\u00ean ch\u1ecdn Miso tr\u1eafng ho\u1eb7c Miso v\u00e0ng, v\u1eeba c\u00f3 v\u1ecb ng\u1ecdt v\u1eeba c\u00f3 v\u1ecb m\u1eb7n nh\u1eb9. V\u00e0 d\u00f9ng Miso \u0111\u1ecf, \u0111en \u0111\u1ec3 ch\u1ebf bi\u1ebfn c\u00e1c m\u00f3n c\u00e1 kho, th\u1ecbt h\u1ea7m,&#8230;<\/p>\n<h3><img decoding=\"async\" class=\"aligncenter\" src=\"https:\/\/havamall.vn\/wp-content\/uploads\/2025\/03\/Red_Miso_Ramen_With_Interaction_C__HR_square-600x600-bc87582.jpg\" alt=\"Red Miso Ramen Soup with Yakiniku-Style Tofu \u2013 Lotus Foods\" \/><\/h3>\n<h3><strong>C\u00e1ch b\u1ea3o qu\u1ea3n t\u01b0\u01a1ng Miso<\/strong><\/h3>\n<p>C\u00e1ch \u0111\u1ec3 s\u1eed d\u1ee5ng Miso \u0111\u1ea3m b\u1ea3o lu\u00f4n t\u01b0\u01a1i ngon l\u00e0 d\u00f9ng trong 3 th\u00e1ng k\u1ec3 t\u1eeb khi m\u1edf n\u1eafp h\u1ed9p. Ngay sau khi m\u1edf n\u1eafp Miso, b\u1ea1n c\u1ea7n \u0111\u00f3ng k\u00edn h\u1ed9p t\u01b0\u01a1ng v\u00e0 b\u1ea3o qu\u1ea3n t\u01b0\u01a1ng Miso trong ng\u0103n m\u00e1t t\u1ee7 l\u1ea1nh \u0111\u1ec3 h\u1ea1n ch\u1ebf t\u1ed1i \u0111a t\u01b0\u01a1ng b\u1ecb bi\u1ebfn ch\u1ea5t v\u00e0 l\u00ean men, g\u00e2y \u1ea3nh h\u01b0\u1edfng \u0111\u1ebfn h\u01b0\u01a1ng v\u1ecb v\u00e0 l\u00e0m h\u01b0 h\u1ecfng Miso. Ho\u1eb7c \u0111\u1ec3 b\u1ea3o qu\u1ea3n l\u00e2u h\u01a1n, b\u1ea1n c\u00f3 th\u1ec3 chia nh\u1ecf t\u01b0\u01a1ng Miso b\u1ecf v\u00e0o nhi\u1ec1u t\u00fai nh\u1ecf v\u00e0 b\u1ea3o qu\u1ea3n trong ng\u0103n \u0111\u00e1 t\u1ee7 l\u1ea1nh. Vi\u1ec7c n\u00e0y s\u1ebd gi\u00fap Miso b\u1ea3o qu\u1ea3n trong th\u1eddi gian l\u00e2u h\u01a1n.<\/p>\n<p>\u0110\u1eb7c bi\u1ec7t, khi l\u1ea5y Miso t\u1eeb trong h\u1ed9p ra, b\u1ea1n c\u1ea7n s\u1eed d\u1ee5ng mu\u1ed7ng s\u1ea1ch, kh\u00f4 r\u00e1o, kh\u00f4ng b\u1ecb d\u00ednh n\u01b0\u1edbc, gi\u00fap h\u1ea1n ch\u1ebf t\u01b0\u01a1ng b\u1ecb nhi\u1ec5m khu\u1ea9n hay nhanh h\u01b0.<\/p>\n<p>N\u1ebfu b\u1ea1n \u0111\u1ec3 Miso \u1edf nhi\u1ec7t \u0111\u1ed9 cao, m\u00e0u s\u1eafc c\u1ee7a t\u01b0\u01a1ng Miso theo th\u1eddi gian s\u1ebd c\u00f3 m\u00e0u s\u1eabm h\u01a1n, h\u01b0\u01a1ng v\u1ecb c\u1ee7a t\u01b0\u01a1ng s\u1ebd b\u1ecb thay \u0111\u1ed5i, kh\u00f4ng c\u00f2n th\u01a1m ngon nh\u01b0 l\u00fac m\u1edbi mua ban \u0111\u1ea7u. \u0110\u00f3 l\u00e0 l\u00fd do b\u1ea1n n\u00ean b\u1ea3o qu\u1ea3n t\u01b0\u01a1ng Miso trong ng\u0103n m\u00e1t t\u1ee7 l\u1ea1nh ho\u1eb7c ng\u0103n \u0111\u00f4ng v\u00e0 d\u00f9ng m\u00e0ng b\u1ecdc th\u1ef1c ph\u1ea9m, tr\u00e1nh t\u00ecnh tr\u1ea1ng Miso b\u1ecb kh\u00f4 ho\u1eb7c m\u1ea5t h\u01b0\u01a1ng v\u1ecb.<\/p>\n<p>Tr\u00ean th\u1ecb tr\u01b0\u1eddng, hi\u1ec7n b\u1ea1n c\u00f3 th\u1ec3 t\u00ecm mua Miso \u1edf c\u00e1c c\u1eeda h\u00e0ng chuy\u00ean b\u00e1n \u0111\u1ed3 Nh\u1eadt B\u1ea3n ho\u1eb7c n\u1ebfu b\u1ea1n mu\u1ed1n th\u1eed h\u01b0\u01a1ng v\u1ecb Miso th\u00ec c\u00f3 th\u1ec3 ch\u1ecdn mua t\u1ea1i Havamall. T\u01b0\u01a1ng Miso Asuzac \u0111\u01b0\u1ee3c nh\u1eadp kh\u1ea9u tr\u1ef1c ti\u1ebfp t\u1eeb Nh\u1eadt B\u1ea3n n\u00ean gi\u1eef \u0111\u01b0\u1ee3c g\u1ea7n nh\u01b0 tr\u1ecdn v\u1eb9n h\u00e0m l\u01b0\u1ee3ng dinh d\u01b0\u1ee1ng, m\u00e0u s\u1eafc v\u00e0 m\u00f9i v\u1ecb c\u1ee7a t\u01b0\u01a1ng nh\u01b0 tr\u01b0\u1edbc l\u00fac s\u1ea5y.<\/p>\n<\/div>\n<\/div>\n<\/div>\n<\/div>","protected":false},"excerpt":{"rendered":"<p>TH\u00d4NG TIN CHUNG Th\u01b0\u01a1ng hi\u1ec7u Havafoodies Xu\u1ea5t x\u1ee9 Nh\u1eadt B\u1ea3n H\u1ea1n s\u1eed d\u1ee5ng 1 n\u0103m k\u1ec3 t\u1eeb ng\u00e0y s\u1ea3n xu\u1ea5t<\/p>","protected":false},"featured_media":34312,"comment_status":"open","ping_status":"closed","template":"","meta":[],"product_brand":[],"product_cat":[595,675,36],"product_tag":[],"class_list":{"0":"post-34305","1":"product","2":"type-product","3":"status-publish","4":"has-post-thumbnail","6":"product_cat-gia-vi-va-che-bien","7":"product_cat-nhap-khau-nhat-ban","8":"product_cat-thuc-pham-tieu-dung","9":"pa_brand-skx","11":"first","12":"instock","13":"sale","14":"shipping-taxable","15":"purchasable","16":"product-type-simple"},"_links":{"self":[{"href":"https:\/\/havamall.vn\/en\/wp-json\/wp\/v2\/product\/34305"}],"collection":[{"href":"https:\/\/havamall.vn\/en\/wp-json\/wp\/v2\/product"}],"about":[{"href":"https:\/\/havamall.vn\/en\/wp-json\/wp\/v2\/types\/product"}],"replies":[{"embeddable":true,"href":"https:\/\/havamall.vn\/en\/wp-json\/wp\/v2\/comments?post=34305"}],"version-history":[{"count":0,"href":"https:\/\/havamall.vn\/en\/wp-json\/wp\/v2\/product\/34305\/revisions"}],"wp:featuredmedia":[{"embeddable":true,"href":"https:\/\/havamall.vn\/en\/wp-json\/wp\/v2\/media\/34312"}],"wp:attachment":[{"href":"https:\/\/havamall.vn\/en\/wp-json\/wp\/v2\/media?parent=34305"}],"wp:term":[{"taxonomy":"product_brand","embeddable":true,"href":"https:\/\/havamall.vn\/en\/wp-json\/wp\/v2\/product_brand?post=34305"},{"taxonomy":"product_cat","embeddable":true,"href":"https:\/\/havamall.vn\/en\/wp-json\/wp\/v2\/product_cat?post=34305"},{"taxonomy":"product_tag","embeddable":true,"href":"https:\/\/havamall.vn\/en\/wp-json\/wp\/v2\/product_tag?post=34305"}],"curies":[{"name":"wp","href":"https:\/\/api.w.org\/{rel}","templated":true}]}}