{"id":34284,"date":"2024-04-10T17:15:19","date_gmt":"2024-04-10T10:15:19","guid":{"rendered":"https:\/\/havamall.vn\/?post_type=product&#038;p=34284"},"modified":"2024-04-10T17:19:04","modified_gmt":"2024-04-10T10:19:04","slug":"nuoc-tuong-chuyen-dung-cham-sushi-sashimi-yamamori-200ml-2","status":"publish","type":"product","link":"https:\/\/havamall.vn\/en\/shop\/nuoc-tuong-chuyen-dung-cham-sushi-sashimi-yamamori-200ml-2\/","title":{"rendered":"N\u01b0\u1edbc T\u01b0\u01a1ng Chuy\u00ean D\u00f9ng Ch\u1ea5m Sushi &#038; Sashimi Yamamori 200ml"},"content":{"rendered":"<div class=\"woodmart-tab-wrapper\">&#8220;Sushi v\u00e0 Sashimi\u201d c\u00f3 th\u1ec3 \u0111\u01b0\u1ee3c g\u1ecdi l\u00e0 m\u1ed9t trong nh\u1eefng m\u00f3n \u0103n qu\u1ed1c d\u00e2n c\u1ee7a Nh\u1eadt B\u1ea3n, v\u00e0 kh\u00f4ng th\u1ec3 ph\u1ee7 nh\u1eadn r\u1eb1ng n\u00f3 \u0111\u00e3 tr\u1edf th\u00e0nh m\u1ed9t ph\u1ea7n quan tr\u1ecdng c\u1ee7a v\u0103n h\u00f3a \u1ea9m th\u1ef1c c\u1ee7a \u0111\u1ea5t n\u01b0\u1edbc \u201cM\u1eb7t tr\u1eddi m\u1ecdc\u201d n\u00e0y. Sushi v\u00e0 Sashimi kh\u00f4ng ch\u1ec9 l\u00e0 m\u1ed9t m\u00f3n \u0103n ngon m\u1eaft, m\u00e0 c\u00f2n th\u1ec3 hi\u1ec7n s\u1ef1 tinh t\u1ebf v\u00e0 \u0111\u1ed9c \u0111\u00e1o trong c\u00e1ch ch\u1ebf bi\u1ebfn v\u00e0 b\u00e0i tr\u00ed. \u0110\u1ec3 th\u01b0\u1edfng th\u1ee9c \u0111\u01b0\u1ee3c tr\u1ecdn v\u1ecb m\u00f3n \u0103n c\u1ee7a x\u1ee9 s\u1edf Hoa Anh \u0110\u00e0o, kh\u00f4ng \u0111\u01a1n thu\u1ea7n ch\u1ec9 l\u00e0 s\u1ef1 quan t\u00e2m \u0111\u1ebfn s\u1ef1 t\u01b0\u01a1i ngon c\u1ee7a nguy\u00ean li\u1ec7u, m\u00e0 c\u00f2n ph\u1ea3i bi\u1ebft c\u00e1ch s\u1eed d\u1ee5ng n\u01b0\u1edbc ch\u1ea5m m\u1ed9t c\u00e1ch kh\u00e9o l\u00e9o \u0111\u1ec3 c\u00f3 th\u1ec3 th\u01b0\u1edfng th\u1ee9c Sushi v\u00e0 Sashimi tr\u1ecdn v\u1ecb.<\/div>\n<div><\/div>\n<div><img decoding=\"async\" class=\"aligncenter\" src=\"https:\/\/havamall.vn\/wp-content\/uploads\/2024\/04\/sasi-800x533.jpg\" alt='Sashimi l\u00e0 g\u00ec? C\u00e1ch \u0103n sashimi Nh\u1eadt B\u1ea3n, ph\u00e2n bi\u1ec7t sushi v\u00e0 sashimi' \/><\/div>\n<div>\n<div class=\"woodmart-tab-wrapper\">\n<div class=\"woodmart-tab-wrapper\">\n<div id=\"tab-description\" class=\"woocommerce-Tabs-panel woocommerce-Tabs-panel--description panel entry-content wc-tab\">\n<div class=\"wc-tab-inner\">\n<div class=\"woodmart-tab-wrapper\">\n<div class=\"woodmart-tab-wrapper\">\n<div id=\"tab-description\" class=\"woocommerce-Tabs-panel woocommerce-Tabs-panel--description panel entry-content wc-tab\">\n<div class=\"wc-tab-inner\">\n<div>\n<div class=\"woodmart-tab-wrapper\">\n<div class=\"woodmart-tab-wrapper\">\n<div id=\"tab-description\" class=\"woocommerce-Tabs-panel woocommerce-Tabs-panel--description panel entry-content wc-tab\">\n<div class=\"wc-tab-inner\">\n<div class=\"\">\n<h2><strong>TH\u00d4NG TIN CHUNG<\/strong><\/h2>\n<table width=\"657\">\n<tbody>\n<tr>\n<td>Th\u01b0\u01a1ng hi\u1ec7u<\/td>\n<td>Yamamori<\/td>\n<\/tr>\n<tr>\n<td>Xu\u1ea5t x\u1ee9<\/td>\n<td>Th\u00e1i Lan<\/td>\n<\/tr>\n<tr>\n<td>Th\u00e0nh ph\u1ea7n<\/td>\n<td>\u0110\u1eadu n\u00e0nh 24%, l\u00faa m\u00ec 16%, \u0111\u01b0\u1eddng, mu\u1ed1i&#8230;<\/td>\n<\/tr>\n<tr>\n<td>H\u1ea1n s\u1eed d\u1ee5ng<\/td>\n<td>24 th\u00e1ng k\u1ec3 t\u1eeb ng\u00e0y s\u1ea3n xu\u1ea5t.<\/td>\n<\/tr>\n<tr>\n<td>B\u1ea3o qu\u1ea3n<\/td>\n<td>\u0110\u1ec3 n\u01a1i kh\u00f4 r\u00e1o, tho\u00e1ng m\u00e1t, tr\u00e1nh \u00e1nh n\u1eafng tr\u1ef1c ti\u1ebfp<\/td>\n<\/tr>\n<tr>\n<td>Th\u1ec3 t\u00edch<\/td>\n<td>200ml<\/td>\n<\/tr>\n<\/tbody>\n<\/table>\n<p>&nbsp;<\/p>\n<\/div>\n<\/div>\n<\/div>\n<\/div>\n<\/div>\n<\/div>\n<\/div>\n<\/div>\n<\/div>\n<\/div>\n<\/div>\n<\/div>\n<\/div>\n<\/div>\n<h2><strong>Th\u00e0nh ph\u1ea7n c\u1ee7a n\u01b0\u1edbc t\u01b0\u01a1ng Sushi &amp; Sashimi<\/strong><\/h2>\n<p>N\u01b0\u1edbc t\u01b0\u01a1ng Sushi &amp; Sashimi \u0111\u01b0\u1ee3c \u1ee7 v\u00e0 l\u00ean men ho\u00e0n to\u00e0n t\u1ef1 nhi\u00ean v\u1edbi nh\u1eefng nguy\u00ean li\u1ec7u t\u1ef1 nhi\u00ean trong 6 th\u00e1ng \u0111\u1ec3 \u0111\u1ea1t t\u1edbi m\u00e0u n\u00e2u s\u00e1nh m\u1ecbn, h\u01b0\u01a1ng v\u1ecb \u0111\u1eadm \u0111\u00e0 c\u00e2n b\u1eb1ng ho\u00e0n h\u1ea3o v\u00e0 m\u00f9i th\u01a1m h\u1ea5p d\u1eabn k\u00edch th\u00edch v\u1ecb gi\u00e1c.<\/p>\n<p>\u0110\u1ed1i v\u1edbi c\u00e1c m\u00f3n \u0111\u1eb7c bi\u1ec7t n\u1ed5i ti\u1ebfng nh\u01b0 sushi, sashimi th\u00ec b\u1ea1n c\u1ea7n ph\u1ea3i ch\u1ea5m c\u00f9ng n\u01b0\u1edbc t\u01b0\u01a1ng Nh\u1eadt chu\u1ea9n v\u1ecb m\u1edbi c\u00f3 th\u1ec3 n\u1ebfm ra \u0111\u01b0\u1ee3c h\u01b0\u01a1ng v\u1ecb b\u1ea3n \u0111\u1ecba thu\u1ea7n t\u00fay \u0111\u1ea7y h\u1ea5p d\u1eabn.<\/p>\n<p>V\u00e0 n\u1ebfu nh\u01b0 b\u1ea1n c\u0169ng l\u00e0 m\u1ed9t ng\u01b0\u1eddi y\u00eau th\u00edch nh\u1eefng m\u00f3n \u0103n n\u00e0y th\u00ec h\u00e3y ch\u1ecdn ngay\u00a0<strong>N\u01b0\u1edbc t\u01b0\u01a1ng Sushi &amp; Sashimi Yamamori 200ml<\/strong><\/p>\n<p>S\u1ea3n ph\u1ea9m \u0111\u01b0\u1ee3c thi\u1ebft k\u1ebf v\u1edbi m\u00e0u s\u1eafc b\u1eaft m\u1eaft, \u0111\u00f3ng chai an to\u00e0n.\u00a0<strong>N\u01b0\u1edbc t\u01b0\u01a1ng Yamamori<\/strong>\u00a0v\u1edbi v\u1ecb \u0111\u1eb7c tr\u01b0ng ri\u00eang, th\u01a1m ngon s\u00e1nh \u0111\u1eb7c, l\u00e0m h\u00e0i l\u00f2ng \u0111a s\u1ed1 ng\u01b0\u1eddi ti\u00eau d\u00f9ng. S\u1ea3n ph\u1ea9m mang \u0111\u1ebfn m\u1ed9t h\u01b0\u01a1ng v\u1ecb r\u1ea5t \u0111\u1eb7c tr\u01b0ng, do \u0111\u00f3 b\u1ea1n c\u00f3 th\u1ec3 d\u00f9ng \u0111\u1ec3 ch\u1ebf bi\u1ebfn m\u00f3n \u0103n\u00a0ho\u1eb7c d\u00f9ng ch\u1ea5m tr\u1ef1c ti\u1ebfp\u00a0\u0111\u1ec3 l\u00e0m t\u0103ng h\u01b0\u01a1ng v\u1ecb c\u1ee7a m\u00f3n \u0103n, \u0111\u1eb7c bi\u1ec7t l\u00e0 c\u00e1c m\u00f3n \u0103n Nh\u1eadt B\u1ea3n.<\/p>\n<p>S\u1ea3n ph\u1ea9m \u0111\u01b0\u1ee3c l\u00e0m t\u1eeb c\u00e1c nguy\u00ean li\u1ec7u th\u00f4ng qua ch\u1ecdn l\u1ecdc k\u0129, c\u00f3 m\u00e0u \u0111en s\u00f3ng s\u00e1nh v\u00e0 m\u00f9i th\u01a1m r\u1ea5t \u0111\u1eb7c tr\u01b0ng. Ch\u1ec9 c\u1ea7n ch\u1ea5m m\u1ed9t mi\u1ebfng sashimi v\u00e0o b\u1ea1n s\u1ebd c\u1ea3m nh\u1eadn \u0111\u01b0\u1ee3c ngay v\u1ecb m\u1eb1n m\u1eb7n c\u1ee7a n\u01b0\u1edbc t\u01b0\u01a1ng k\u1ebft h\u1ee3p h\u00e0i h\u00f2a v\u1edbi v\u1ecb ng\u1ecdt t\u1ef1 nhi\u00ean t\u1eeb th\u1ecbt c\u00e1, t\u1ed5ng th\u1ec3 t\u1ea1o n\u00ean m\u1ed9t s\u1ee9c quy\u1ebfn r\u0169 kh\u00f3 c\u01b0\u1ee1ng, t\u0103ng k\u00edch th\u00edch v\u1ecb gi\u00e1c.<\/p>\n<p><img fetchpriority=\"high\" decoding=\"async\" class=\"aligncenter\" src=\"https:\/\/havamall.vn\/wp-content\/uploads\/2024\/04\/shutterstock_4.jpg\" alt=\"\u0110i\u1ec3m danh c\u00e1c lo\u1ea1i sushi v\u00e0 sashimi m\u00e0 b\u1ea1n kh\u00f4ng th\u1ec3 b\u1ecf qua khi \u0111\u1ebfn Nh\u1eadt B\u1ea3n! | L\u1eddi khuy\u00ean v\u1ec1 du l\u1ecbch Nh\u1eadt B\u1ea3n | Vi\u1ec7t Nam | C\u00e1c \u01b0u \u0111\u00e3i\" width=\"883\" height=\"579\" \/><\/p>\n<p><strong>Ch\u1ea5t l\u01b0\u1ee3ng s\u1ea3n ph\u1ea9m \u0111\u01b0\u1ee3c ki\u1ec3m tra nghi\u00eam ng\u1eb7t theo ti\u00eau chu\u1ea9n Nh\u1eadt B\u1ea3n:<\/strong><\/p>\n<p>&#8211; Ho\u00e0n to\u00e0n kh\u00f4ng ch\u1ee9a 3MCPD<br \/>\n&#8211; Kh\u00f4ng ch\u1ee9a th\u00e0nh ph\u1ea7n h\u00f3a h\u1ecdc<br \/>\n&#8211; Kh\u00f4ng s\u1eed d\u1ee5ng h\u00f3a ch\u1ea5t v\u00e0 ch\u1ea5t t\u1ea1o m\u00e0u<\/p>\n<p><strong>H\u01b0\u1edbng d\u1eabn s\u1eed d\u1ee5ng n\u01b0\u1edbc t\u01b0\u01a1ng ch\u1ea5m sushi &amp; sashimi<\/strong><\/p>\n<p><strong>N\u01b0\u1edbc t\u01b0\u01a1ng Yamamori<\/strong>\u00a0\u0111\u00e3 \u0111\u01b0\u1ee3c tinh ch\u1ebf \u0111\u1eb7c bi\u1ec7t \u0111\u1ec3 t\u1ea1o n\u00ean m\u1ed9t lo\u1ea1i n\u01b0\u1edbc ch\u1ea5m tuy\u1ec7t v\u1eddi cho hai m\u00f3n \u0103n truy\u1ec1n th\u1ed1ng c\u1ee7a Nh\u1eadt B\u1ea3n, \u0111\u00f3 l\u00e0\u00a0<strong>Sushi v\u00e0 Sashimi.<\/strong><\/p>\n<p>V\u1edbi v\u1ecb ng\u1ecdt \u0111\u1eadm \u0111\u00e0\u00a0v\u00e0 kh\u00f4ng qu\u00e1 m\u1eb7n, n\u01b0\u1edbc t\u01b0\u01a1ng\u00a0Yamamori kh\u00f4ng ch\u1ec9 mang \u0111\u1ebfn m\u1ed9t ch\u00fat mu\u1ed1i v\u1eeba ph\u1ea3i, m\u00e0 c\u00f2n l\u00e0m cho Sushi v\u00e0 Sashimi tr\u1edf n\u00ean phong ph\u00fa h\u01a1n v\u1ec1 h\u01b0\u01a1ng v\u1ecb, quy\u1ebfn r\u0169 h\u01a1n v\u00e0 th\u1ef1c s\u1ef1 h\u1ea5p d\u1eabn.<\/p>\n<p>V\u1edbi n\u01b0\u1edbc t\u01b0\u01a1ng n\u00e0y, b\u1ea1n s\u1ebd c\u00f3 m\u1ed9t b\u1eefa \u0103n tuy\u1ec7t v\u1eddi, ho\u00e0n h\u1ea3o trong s\u1ef1 k\u1ebft h\u1ee3p c\u1ee7a c\u00e1c h\u01b0\u01a1ng v\u1ecb v\u00e0 th\u1ecfa m\u00e3n m\u1ecdi kh\u1ea9u v\u1ecb.<\/p>\n<p><img decoding=\"async\" class=\"aligncenter\" src=\"https:\/\/havamall.vn\/wp-content\/uploads\/2024\/04\/nuoc-tuong-sushi-va-sashimi-yamamori-200ml-sieu-thi-nhat-ban-japana-0 (2).jpeg\" alt=\"N\u01b0\u1edbc t\u01b0\u01a1ng Yamamori Sushi v\u00e0 Sashimi 200ml\" \/><\/p>\n<p><strong>Mua n\u01b0\u1edbc t\u01b0\u01a1ng Yamamori ch\u1ea5m\u00a0sushi \u1edf \u0111\u00e2u?<\/strong><\/p>\n<p>Hi\u1ec7n nay tr\u00ean th\u1ecb tr\u01b0\u1eddng c\u00f3 r\u1ea5t nhi\u1ec1u \u0111\u1ecba ch\u1ec9 b\u00e1n\u00a0<em><strong>n\u01b0\u1edbc t\u01b0\u01a1ng Nh\u1eadt<\/strong><\/em>. Havamall l\u00e0 m\u1ed9t trong nh\u1eefng \u0111\u1ecba \u0111i\u1ec3m \u0111\u00e1ng tin c\u1eady d\u00e0nh cho b\u1ea1n. \u0110\u1ec3 \u0111\u1eb7t h\u00e0ng v\u00e0 \u0111\u01b0\u1ee3c t\u01b0 v\u1ea5n nhanh nh\u1ea5t, h\u00e3y li\u00ean h\u1ec7 ngay Havamall theo nh\u1eefng th\u00f4ng tin d\u01b0\u1edbi \u0111\u00e2y:<\/p>\n<p><strong>Hotline:<\/strong>\u00a00946 229 642<\/p>\n<p><strong>\u0110\u1ecba ch\u1ec9:<\/strong>\u00a0114 B\u1ea1ch \u0110\u1eb1ng, ph\u01b0\u1eddng 02, qu\u1eadn T\u00e2n B\u00ecnh, TPHCM<\/p>\n<\/div>","protected":false},"excerpt":{"rendered":"<p>&#8220;Sushi v\u00e0 Sashimi\u201d c\u00f3 th\u1ec3 \u0111\u01b0\u1ee3c g\u1ecdi l\u00e0 m\u1ed9t trong nh\u1eefng m\u00f3n \u0103n qu\u1ed1c d\u00e2n c\u1ee7a Nh\u1eadt B\u1ea3n, v\u00e0 kh\u00f4ng<\/p>","protected":false},"featured_media":34279,"comment_status":"open","ping_status":"closed","template":"","meta":[],"product_brand":[],"product_cat":[595,36],"product_tag":[],"class_list":{"0":"post-34284","1":"product","2":"type-product","3":"status-publish","4":"has-post-thumbnail","6":"product_cat-gia-vi-va-che-bien","7":"product_cat-thuc-pham-tieu-dung","9":"first","10":"instock","11":"sale","12":"shipping-taxable","13":"purchasable","14":"product-type-simple"},"_links":{"self":[{"href":"https:\/\/havamall.vn\/en\/wp-json\/wp\/v2\/product\/34284"}],"collection":[{"href":"https:\/\/havamall.vn\/en\/wp-json\/wp\/v2\/product"}],"about":[{"href":"https:\/\/havamall.vn\/en\/wp-json\/wp\/v2\/types\/product"}],"replies":[{"embeddable":true,"href":"https:\/\/havamall.vn\/en\/wp-json\/wp\/v2\/comments?post=34284"}],"version-history":[{"count":0,"href":"https:\/\/havamall.vn\/en\/wp-json\/wp\/v2\/product\/34284\/revisions"}],"wp:featuredmedia":[{"embeddable":true,"href":"https:\/\/havamall.vn\/en\/wp-json\/wp\/v2\/media\/34279"}],"wp:attachment":[{"href":"https:\/\/havamall.vn\/en\/wp-json\/wp\/v2\/media?parent=34284"}],"wp:term":[{"taxonomy":"product_brand","embeddable":true,"href":"https:\/\/havamall.vn\/en\/wp-json\/wp\/v2\/product_brand?post=34284"},{"taxonomy":"product_cat","embeddable":true,"href":"https:\/\/havamall.vn\/en\/wp-json\/wp\/v2\/product_cat?post=34284"},{"taxonomy":"product_tag","embeddable":true,"href":"https:\/\/havamall.vn\/en\/wp-json\/wp\/v2\/product_tag?post=34284"}],"curies":[{"name":"wp","href":"https:\/\/api.w.org\/{rel}","templated":true}]}}