{"id":34283,"date":"2024-04-10T17:29:53","date_gmt":"2024-04-10T10:29:53","guid":{"rendered":"https:\/\/havamall.vn\/?post_type=product&#038;p=34283"},"modified":"2024-04-10T17:29:53","modified_gmt":"2024-04-10T10:29:53","slug":"tui-loc-sua-da-nang-cac-co-milk-filter-bag","status":"publish","type":"product","link":"https:\/\/havamall.vn\/en\/shop\/tui-loc-sua-da-nang-cac-co-milk-filter-bag\/","title":{"rendered":"T\u00fai L\u1ecdc S\u1eefa \u0110a N\u0103ng C\u00e1c C\u1ee1 &#8211; Milk Filter Bag"},"content":{"rendered":"<p>T\u00fai l\u1ecdc \u0111a n\u0103ng l\u00e0 d\u00f2ng l\u1ecdc m\u1ecbn nh\u1ea5t, s\u1eed d\u1ee5ng cho c\u00e1c s\u1ea3n ph\u1ea9m l\u1ecdc d\u01b0\u1edbi 100 \u0111\u1ed9 C. M\u1eaft l\u01b0\u1edbi r\u1ea5t nh\u1ecf, s\u1ee3i v\u1ea3i dai, b\u1ec1n, d\u1ec5 v\u1ec7 sinh v\u00e0 t\u00e1i s\u1eed d\u1ee5ng r\u1ea5t nhi\u1ec1u l\u1ea7n. R\u1ea5t nhanh kh\u00f4 v\u00e0 kh\u00f4ng b\u1ecb m\u1ed1c v\u1edbi d\u00e2y r\u00fat ti\u1ec7n d\u1ee5ng. G\u00f3c t\u00fai \u0111\u01b0\u1ee3c bo tr\u00f2n, thi\u1ebft k\u1ebf n\u00e0y gi\u00fap b\u1ea1n d\u1ec5 d\u00e0ng v\u1ec7 sinh t\u00fai.<\/p>\n<p><img decoding=\"async\" class=\"aligncenter\" src=\"https:\/\/havamall.vn\/wp-content\/uploads\/2024\/04\/tui-loc3-4603.jpg\" alt='T\u00fai l\u1ecdc v\u1ea3i (t\u00fai l\u1ecdc s\u1eefa) - 30x35cm' \/><br \/>\nC\u00f4ng d\u1ee5ng: L\u1ecdc n\u01b0\u1edbc \u00e9p, s\u1eefa chua, ph\u00f4 mai, s\u1eefa h\u1ea1t, s\u1eefa \u0111\u1eadu n\u00e0nh, s\u1eefa chua Hy L\u1ea1p, n\u01b0\u1edbc c\u1ed1t, l\u1ecdc n\u1ea5m Kefir, l\u1ecdc tr\u00e0, kombucha, th\u1ee9c \u0103n d\u1eb7m, c\u00e0 ph\u00ea, m\u1eadt ong, n\u01b0\u1edbc m\u1eafm, d\u1ea7u m\u1ee1, l\u1ecdc b\u1ed9t&#8230;<\/p>\n<p><b><u>V\u00ec sao n\u00ean ch\u1ecdn t\u00fai l\u1ecdc \u0111a n\u0103ng?<\/u><\/b><\/p>\n<p>T\u00fai v\u1ea3i kh\u00f4ng d\u1ec7t PE, PP l\u00e0m vi\u1ec7c theo nguy\u00ean t\u1eafc l\u1ecdc s\u00e2u, c\u00e1c c\u1eb7n l\u1edbn b\u1ecb ch\u1eb7n tr\u00ean b\u1ec1 m\u1eb7t t\u00fai, c\u00e1c h\u1ea1t si\u00eau nh\u1ecf, c\u00e1c c\u1eb7n nh\u1ecf s\u1ebd b\u1ecb v\u01b0\u1edbng trong ma tr\u1eadn trong c\u00e1c l\u1edbp v\u1ea3i.<\/p>\n<p>V\u1edbi c\u1ea5p \u0111\u1ed9 l\u1ecdc r\u1ea5t cao t\u1eeb 0.5 t\u1edbi 300 micron v\u00ec c\u1ea5p \u0111\u1ed9 l\u1ecdc c\u00e0ng cao n\u00ean hi\u1ec7u qu\u1ea3 l\u1ecdc\u00a0 c\u00e0ng l\u1edbn l\u00ean t\u1edbi 85%. Mang l\u1ea1i cho kh\u00e1ch h\u00e0ng 1 s\u1ea3n ph\u1ea9m l\u1ecdc tinh khi\u1ebft v\u00e0 c\u00f3 th\u1ec3 s\u1eed d\u1ee5ng l\u1ea1i nhi\u1ec1u l\u1ea7n.<\/p>\n<p>T\u00fai l\u1ecdc s\u1eefa \u0111\u01b0\u1ee3c s\u1ea3n xu\u1ea5t trong m\u1ed9t m\u00f4i tr\u01b0\u1eddng s\u1ea3n xu\u1ea5t s\u1ea1ch \u0111\u01b0\u1ee3c l\u00e0m b\u1eb1ng v\u1ea3i cao c\u1ea5p, \u0111\u1ec3 ng\u0103n ch\u1eb7n \u00f4 nhi\u1ec5m th\u1ee9 c\u1ea5p g\u00e2y ra b\u1edfi t\u00fai.<\/p>\n<p>T\u00fai l\u1ecdc s\u1eefa \u0111\u1eadu n\u00e0nh b\u1eb1ng v\u1ea3i kh\u00f4ng d\u1ec7t, t\u00fai l\u00e0m b\u1eb1ng qu\u00e1 tr\u00ecnh x\u1eed l\u00fd b\u1ec1 m\u1eb7t l\u00e0 sau khi c\u00e1n ph\u1eb3ng, \u0111\u1ed1t l\u00f4ng, vv, \u0111\u1ec3 ng\u0103n ng\u1eeba \u00f4 nhi\u1ec5m th\u1ee9 c\u1ea5p do m\u1ea5t s\u1ee3i.<\/p>\n<p>Ngo\u00e0i ra, t\u00fai l\u1ecdc s\u1eefa \u0111\u1eadu n\u00e0nh\u00a0c\u00f2n c\u00f3 c\u00e1c \u01b0u \u0111i\u1ec3m nh\u01b0:<\/p>\n<p>\u00b7\u00a0\u00a0\u00a0\u00a0\u00a0\u00a0\u00a0 D\u1ec5 d\u00e0ng thay th\u1ebf hay v\u1ec7 sinh.<\/p>\n<p>\u00b7\u00a0\u00a0\u00a0\u00a0\u00a0\u00a0\u00a0 Tr\u1ecdng l\u01b0\u1ee3ng nh\u1eb9 n\u00ean di chuy\u1ec3n \u0111\u01a1n gi\u1ea3n.<\/p>\n<p>\u00b7\u00a0\u00a0\u00a0\u00a0\u00a0\u00a0\u00a0 Gi\u00e1 th\u00e0nh r\u1ea5t th\u1ea5p.<\/p>\n<p>\u0110\u1eb7c bi\u1ec7t, sau khi s\u1eed d\u1ee5ng c\u00f3 th\u1ec3 \u0111\u1ed1t m\u00e0 kh\u00f4ng g\u00e2y ra kh\u00ed \u0111\u1ed9c cho m\u00f4i tr\u01b0\u1eddng.<\/p>\n<p><img decoding=\"async\" class=\"aligncenter\" src=\"https:\/\/cf.shopee.vn\/file\/vn-11134207-7r98o-lmhkvs2te19b7f\" alt=\"Mua 5 t\u1eb7ng 1) T\u00fai l\u1ecdc v\u1ea3i l\u1ecdc s\u1eefa chua,s\u1eefa h\u1ea1t, l\u1ecdc c\u00e0 ph\u00ea, l\u1ecdc \u0111a n\u0103ng, \u0111\u1ee7  k\u00edch c\u1ee1, v\u1ea3i m\u1ecbn, tr\u01a1n, ko d\u00ednh x\u00e1c - T\u00ecm Voucher\" \/><\/p>\n<p><strong><u>\u0110\u1eb7c \u0111i\u1ec3m t\u00fai l\u1ecdc s\u1eefa \u0111\u1eadu n\u00e0nh:<\/u><\/strong><\/p>\n<p>T\u00fai l\u1ecdc c\u00f3 mi\u1ec7ng d\u00e2y r\u00fat. T\u00fai nh\u1eadp kh\u1ea9u ho\u1eb7c gia c\u00f4ng s\u1ea3n xu\u1ea5t theo m\u1eabu y\u00eau c\u1ea7u.<\/p>\n<p>Xu\u1ea5t x\u1ee9: Nh\u1eadt, H\u00e0n, M\u1ef9, Malaysia v\u00e0 t\u00fai Gia c\u00f4ng S\u1ea3n xu\u1ea5t b\u1edfi C\u00f4ng ty Thi\u1ebft B\u1ecb l\u1ecdc Mi\u1ec1n nam<\/p>\n<p>Ch\u1ea5t li\u1ec7u t\u00fai: PP, PE, NMO.<\/p>\n<p>Size chu\u1ea9n: Size 1 (15&#215;20 cm) v\u00e0 size 2 (20&#215;30 cm)<\/p>\n<p>C\u1ea5p \u0111\u1ed9 l\u1ecdc: c\u1ef1c m\u1ecbn.<\/p>\n<p><img decoding=\"async\" class=\"aligncenter\" src=\"https:\/\/cf.shopee.vn\/file\/3dcc74bef86a24ed103b7cb31734f740\" alt=\"T\u00fai l\u1ecdc s\u1eefa h\u1ea1t, \u0111\u1eadu h\u0169, l\u1ecdc tr\u00e0 c\u00e0 ph\u00ea, l\u1ecdc \u0111a n\u0103ng \u0111\u1ee7 c\u1ee1 v\u1ea3i si\u00eau m\u1ecbn -  B\u00ecnh l\u1ecdc, l\u00f5i l\u1ecdc, thi\u1ebft b\u1ecb l\u1ecdc n\u01b0\u1edbc | DoGiaDungTot.com\" \/><\/p>","protected":false},"excerpt":{"rendered":"<p>T\u00fai l\u1ecdc \u0111a n\u0103ng l\u00e0 d\u00f2ng l\u1ecdc m\u1ecbn nh\u1ea5t, s\u1eed d\u1ee5ng cho c\u00e1c s\u1ea3n ph\u1ea9m l\u1ecdc d\u01b0\u1edbi 100 \u0111\u1ed9 C.<\/p>","protected":false},"featured_media":34287,"comment_status":"open","ping_status":"closed","template":"","meta":[],"product_brand":[],"product_cat":[393,35],"product_tag":[],"class_list":{"0":"post-34283","1":"product","2":"type-product","3":"status-publish","4":"has-post-thumbnail","6":"product_cat-bep-phong-an","7":"product_cat-nha-cua-doi-song","9":"first","10":"instock","11":"sale","12":"shipping-taxable","13":"purchasable","14":"product-type-variable"},"_links":{"self":[{"href":"https:\/\/havamall.vn\/en\/wp-json\/wp\/v2\/product\/34283"}],"collection":[{"href":"https:\/\/havamall.vn\/en\/wp-json\/wp\/v2\/product"}],"about":[{"href":"https:\/\/havamall.vn\/en\/wp-json\/wp\/v2\/types\/product"}],"replies":[{"embeddable":true,"href":"https:\/\/havamall.vn\/en\/wp-json\/wp\/v2\/comments?post=34283"}],"version-history":[{"count":0,"href":"https:\/\/havamall.vn\/en\/wp-json\/wp\/v2\/product\/34283\/revisions"}],"wp:featuredmedia":[{"embeddable":true,"href":"https:\/\/havamall.vn\/en\/wp-json\/wp\/v2\/media\/34287"}],"wp:attachment":[{"href":"https:\/\/havamall.vn\/en\/wp-json\/wp\/v2\/media?parent=34283"}],"wp:term":[{"taxonomy":"product_brand","embeddable":true,"href":"https:\/\/havamall.vn\/en\/wp-json\/wp\/v2\/product_brand?post=34283"},{"taxonomy":"product_cat","embeddable":true,"href":"https:\/\/havamall.vn\/en\/wp-json\/wp\/v2\/product_cat?post=34283"},{"taxonomy":"product_tag","embeddable":true,"href":"https:\/\/havamall.vn\/en\/wp-json\/wp\/v2\/product_tag?post=34283"}],"curies":[{"name":"wp","href":"https:\/\/api.w.org\/{rel}","templated":true}]}}