{"id":34275,"date":"2024-04-10T16:33:33","date_gmt":"2024-04-10T09:33:33","guid":{"rendered":"https:\/\/havamall.vn\/?post_type=product&#038;p=34275"},"modified":"2024-07-13T14:18:16","modified_gmt":"2024-07-13T07:18:16","slug":"siro-la-dua-la-nep-golden-farm-chai-thuy-tinh-520ml-pandan-syrup","status":"publish","type":"product","link":"https:\/\/havamall.vn\/en\/shop\/siro-la-dua-la-nep-golden-farm-chai-thuy-tinh-520ml-pandan-syrup\/","title":{"rendered":"Siro L\u00e1 D\u1ee9a L\u00e1 N\u1ebfp Golden Farm Chai Th\u1ee7y Tinh 520ml \u2013 Pandan Syrup"},"content":{"rendered":"<div class=\"woodmart-tab-wrapper\">\n<div id=\"tab-description\" class=\"woocommerce-Tabs-panel woocommerce-Tabs-panel--description panel entry-content wc-tab\">\n<div class=\"wc-tab-inner\">\n<div class=\"\">\n<div class=\"woodmart-tab-wrapper\">\n<div id=\"tab-description\" class=\"woocommerce-Tabs-panel woocommerce-Tabs-panel--description panel entry-content wc-tab\">\n<div class=\"wc-tab-inner\">\n<div class=\"\">\n<h2><strong>TH\u00d4NG TIN CHUNG<\/strong><\/h2>\n<table width=\"657\">\n<tbody>\n<tr>\n<td>Th\u01b0\u01a1ng hi\u1ec7u<\/td>\n<td>Golden Farm<\/td>\n<\/tr>\n<tr>\n<td>Xu\u1ea5t x\u1ee9<\/td>\n<td>Vi\u1ec7t Nam<\/td>\n<\/tr>\n<tr>\n<td>Th\u00e0nh ph\u1ea7n<\/td>\n<td>\u0110\u01b0\u1eddng m\u00eda RE, n\u01b0\u1edbc, n\u01b0\u1edbc \u00e9p l\u1ef1u, ch\u1ea5t \u0111i\u1ec1u ch\u1ec9nh \u0111\u1ed9 axit,\u2026<\/td>\n<\/tr>\n<tr>\n<td>H\u1ea1n s\u1eed d\u1ee5ng<\/td>\n<td>24 th\u00e1ng k\u1ec3 t\u1eeb ng\u00e0y s\u1ea3n xu\u1ea5t.<\/td>\n<\/tr>\n<tr>\n<td>B\u1ea3o qu\u1ea3n<\/td>\n<td>\u0110\u1ec3 n\u01a1i kh\u00f4 r\u00e1o, tho\u00e1ng m\u00e1t, tr\u00e1nh \u00e1nh n\u1eafng tr\u1ef1c ti\u1ebfp<\/td>\n<\/tr>\n<tr>\n<td>Th\u1ec3 t\u00edch<\/td>\n<td>520ml<\/td>\n<\/tr>\n<\/tbody>\n<\/table>\n<p>Golden Farm l\u00e0 th\u01b0\u01a1ng hi\u1ec7u n\u1ed5i ti\u1ebfng trong n\u01b0\u1edbc v\u1ec1 s\u1ea3n xu\u1ea5t siro, n\u01b0\u1edbc tr\u00e1i c\u00e2y. V\u1edbi ti\u00eau ch\u00ed an to\u00e0n, b\u1ed5 d\u01b0\u1ee1ng, ti\u1ec7n l\u1ee3i, ch\u1ea5t l\u01b0\u1ee3ng theo ti\u00eau chu\u1ea9n qu\u1ed1c t\u1ebf, m\u1eabu m\u00e3 bao b\u00ec h\u1ea5p d\u1eabn c\u0169ng nh\u01b0 gi\u00e1 c\u1ea3 ph\u00f9 h\u1ee3p n\u00ean \u0111\u01b0\u1ee3c c\u00e1c ch\u1ee7 qu\u00e1n tin d\u00f9ng. C\u00f4ng ty Golden Farm chuy\u00ean s\u1ea3n xu\u1ea5t c\u00e1c th\u1ef1c ph\u1ea9m qu\u1ed1c t\u1ebf nh\u01b0: m\u1ee9t tr\u00e1i c\u00e2y, b\u01a1 \u0111\u1eadu ph\u1ed9ng, x\u1ed1t salat, t\u01b0\u01a1ng c\u00e0, th\u1ef1c ph\u1ea9m dinh d\u01b0\u1ee1ng, siro,\u2026 ch\u1ea5t l\u01b0\u1ee3ng theo ti\u00eau chu\u1ea9n qu\u1ed1c t\u1ebf, m\u1eabu m\u00e3 bao b\u00ec h\u1ea5p d\u1eabn v\u00e0 gi\u00e1 c\u1ea3 ph\u00f9 h\u1ee3p. Golden Farm ng\u00e0y c\u00e0ng ph\u00e1t tri\u1ec3n cho ra \u0111\u1eddi nhi\u1ec1u s\u1ea3n ph\u1ea9m v\u1edbi c\u00e1c h\u01b0\u01a1ng v\u1ecb kh\u00e1c nhau nh\u01b0ng v\u1eabn gi\u1eef nguy\u00ean n\u00e9t \u0111\u1eb7c tr\u01b0ng c\u1ee7a t\u1eebng lo\u1ea1i nh\u01b0: Siro tr\u00e0 xanh, siro d\u00e2u, Siro cam, Siro b\u1ea1c h\u00e0, m\u1ee9t ph\u00fac b\u1ed3n t\u1eed\u2026<\/p>\n<p><img decoding=\"async\" class=\"aligncenter\" src=\"https:\/\/down-vn.img.susercontent.com\/file\/vn-11134207-7r98o-lnjl8ysaq7i2ff\" alt=\"siro L\u00c1 D\u1ee8A \/ L\u00c1 N\u1ebeP golden farm 525ml - panda syrup\" \/><\/p>\n<p>T\u1ea5t c\u1ea3 c\u00e1c lo\u1ea1i Siro Golden Farm \u0111\u1ec1u c\u00f3 gi\u1ea5y ch\u1ee9ng nh\u1eadn VSATTP n\u00ean r\u1ea5t an to\u00e0n. C\u00f4ng ty \u0111\u01b0\u1ee3c ch\u1ee9ng nh\u1eadn \u0111\u1ea1t ti\u00eau chu\u1ea9n VSATTP ISO 22000: 2005 v\u1edbi c\u00f4ng ngh\u1ec7 s\u1ea3n xu\u1ea5t hi\u1ec7n \u0111\u1ea1i nh\u1eb1m mang \u0111\u1ebfn ng\u01b0\u1eddi ti\u00eau d\u00f9ng v\u1edbi nh\u1eefng d\u00f2ng s\u1ea3n ph\u1ea9m t\u1ed1t nh\u1ea5t, b\u1ea3o v\u1ec7 s\u1ee9c kh\u1ecfe v\u00e0 g\u00f3p ph\u1ea7n \u0111\u01a1n gi\u1ea3n h\u00f3a cho cu\u1ed9c s\u1ed1ng m\u1ed7i gia \u0111\u00ecnh.<\/p>\n<p>Sir\u00f4 Golden Farm n\u1ed5i b\u1eadt v\u1edbi h\u01b0\u01a1ng th\u01a1m t\u1ef1 nhi\u00ean, h\u1eadu ng\u1ecdt thanh, gi\u00fap t\u0103ng th\u00eam v\u1ecb ngon tuy\u1ec7t h\u1ea3o cho c\u00e1c m\u00f3n th\u1ee9c u\u1ed1ng v\u00e0 nhi\u1ec1u m\u00f3n tr\u00e1ng mi\u1ec7ng kh\u00e1c.<\/p>\n<p>V\u1edbi chi\u1ebft xu\u1ea5t t\u1eeb tr\u00e1i c\u00e2y t\u01b0\u01a1i, s\u1eed d\u1ee5ng nguy\u00ean li\u1ec7u t\u1ef1 nhi\u00ean, kh\u00f4ng ch\u1ee9a \u0111\u01b0\u1eddng h\u00f3a h\u1ecdc, l\u00e0 th\u00e0nh ph\u1ea7n kh\u00f4ng th\u1ec3 thi\u1ebfu t\u1ea1o n\u00ean c\u00e1c m\u00f3n n\u01b0\u1edbc gi\u1ea3i kh\u00e1t m\u00e1t l\u00e0nh, thanh nhi\u1ec7t.<\/p>\n<p>\u0110\u01b0\u1ee3c s\u1ea3n xu\u1ea5t tr\u00ean d\u00e2y chuy\u1ec1n kh\u00e9p k\u00edn v\u1edbi c\u00f4ng ngh\u1ec7 hi\u1ec7n \u0111\u1ea1i t\u1eeb Ch\u00e2u \u00c2u, \u0111\u1ea1t ch\u1ee9ng nh\u1eadn VSATTP Qu\u1ed1c T\u1ebf ISO 22000:2018, \u0111\u1ea3m b\u1ea3o mang \u0111\u1ebfn cho ng\u01b0\u1eddi ti\u00eau d\u00f9ng s\u1ea3n ph\u1ea9m ch\u1ea5t l\u01b0\u1ee3ng t\u1ed1t nh\u1ea5t.<\/p>\n<p><img fetchpriority=\"high\" decoding=\"async\" class=\"aligncenter\" src=\"https:\/\/havamall.vn\/wp-content\/uploads\/2024\/04\/si-ro-golden-farm-sam-dua-520ml-201908051454097493.JPG\" alt=\"Sir\u00f4 s\u00e2m d\u1ee9a Golden Farm 520ml gi\u00e1 t\u1ed1t t\u1ea1i B\u00e1ch ho\u00e1 XANH\" width=\"713\" height=\"535\" \/><\/p>\n<p>Sir\u00f4 Golden Farm\u00a0l\u00e0 s\u1ea3n ph\u1ea9m \u0111\u01b0\u1ee3c \u01b0u ti\u00ean h\u00e0ng \u0111\u00e2u khi b\u1ea1n c\u00f3 c\u00e1c bu\u1ed5i ti\u1ec7c v\u1edbi gia \u0111\u00ecnh hay nh\u1eefng khi h\u1ecdp m\u1eb7t b\u1ea1n b\u00e8. S\u1ea3n ph\u1ea9m c\u00f3 th\u1ec3 d\u00f9ng \u0111\u1ec3 pha ch\u1ebf t\u1ea1o n\u00ean nh\u1eefng th\u1ee9c u\u1ed1ng th\u01a1m ngon nh\u01b0 cocktail, s\u1eefa t\u01b0\u01a1i tr\u00e1i c\u00e2y, tr\u00e0 s\u1eefa hay rau c\u00e2u, b\u00e1nh\u2026.Sir\u00f4 Golden Farm \u0111\u01b0\u1ee3c s\u1eed d\u1ee5ng nguy\u00ean li\u1ec7u t\u1ef1 nhi\u00ean ho\u00e0n to\u00e0n l\u00e0 nh\u1eefng tr\u00e1i l\u1ef1u ch\u00edn m\u1ecdng.<\/p>\n<h3>C\u00c1CH PHA CH\u1ebe<\/h3>\n<ol>\n<li><strong>Pha n\u01b0\u1edbc gi\u1ea3i kh\u00e1t<\/strong>: Pha 30ml siro v\u1edbi 120ml n\u01b0\u1edbc, cho \u0111\u00e1 v\u00e0o ly. Khu\u1ea5y \u0111\u1ec1u cho tan h\u1ebft v\u00e0o nhau. Cu\u1ed1i c\u00f9ng l\u00e0 th\u01b0\u1edfng th\u1ee9c.<\/li>\n<li><strong>Pha cocktail<\/strong>: Pha 30ml siro v\u1edbi 30ml r\u01b0\u1ee3u vodka, 50ml n\u01b0\u1edbc, 2 mu\u1ed7ng nh\u1ecf s\u1eefa chua, cho \u0111\u00e1 v\u00e0o b\u00ecnh shaker. Shaker \u0111\u1ec1u tay v\u00e0 th\u01b0\u1edfng th\u1ee9c th\u00e0nh qu\u1ea3.<\/li>\n<li><strong>Pha s\u1eefa t\u01b0\u01a1i<\/strong>: Pha 30ml siro c\u00f9ng v\u1edbi 1 b\u1ecbch s\u1eefa t\u01b0\u01a1i kh\u00f4ng \u0111\u01b0\u1eddng ( c\u00f3 \u0111\u01b0\u1eddng n\u1ebfu th\u00edch u\u1ed1ng ng\u1ecdt). Khu\u1ea5y \u0111\u1ec1u h\u1ed7n h\u1ee3p v\u00e0 t\u1eadn h\u01b0\u1edfng.<\/li>\n<li><strong>L\u00e0m rau c\u00e2u<\/strong>: Pha 30ml siro c\u00f9ng v\u1edbi 50gr b\u1ed9t rau c\u00e2u gi\u00f2n c\u00f9ng 1,5lit n\u01b0\u1edbc. Khu\u1ea5y \u0111\u00eau cho \u0111\u1ebfn khi t\u1ea1o th\u00e0nh h\u1ed7n h\u1ee3p rau c\u00e2u, sau \u0111\u00f3 \u0111\u1ed5 v\u00e0o khu\u00f4n \u0111\u1ee3i ngu\u00f4i b\u1ecf v\u00e0o ng\u0103n m\u00e1t. Sau 2h l\u00e0 c\u00f3 th\u1ec3 s\u1eed d\u1ee5ng \u0111\u01b0\u1ee3c.<\/li>\n<\/ol>\n<\/div>\n<\/div>\n<\/div>\n<\/div>\n<div class=\"woodmart-tab-wrapper\">\n<div class=\"woodmart-tab-wrapper\">\n<div id=\"tab-description\" class=\"woocommerce-Tabs-panel woocommerce-Tabs-panel--description panel entry-content wc-tab\">\n<div class=\"wc-tab-inner\">\n<div class=\"\">\n<h2><strong>TH\u00d4NG TIN CHUNG<\/strong><\/h2>\n<table width=\"657\">\n<tbody>\n<tr>\n<td>Th\u01b0\u01a1ng hi\u1ec7u<\/td>\n<td>Golden Farm<\/td>\n<\/tr>\n<tr>\n<td>Xu\u1ea5t x\u1ee9<\/td>\n<td>Vi\u1ec7t Nam<\/td>\n<\/tr>\n<tr>\n<td>Th\u00e0nh ph\u1ea7n<\/td>\n<td>\u0110\u01b0\u1eddng m\u00eda RE, n\u01b0\u1edbc, n\u01b0\u1edbc \u00e9p l\u1ef1u, ch\u1ea5t \u0111i\u1ec1u ch\u1ec9nh \u0111\u1ed9 axit,\u2026<\/td>\n<\/tr>\n<tr>\n<td>H\u1ea1n s\u1eed d\u1ee5ng<\/td>\n<td>24 th\u00e1ng k\u1ec3 t\u1eeb ng\u00e0y s\u1ea3n xu\u1ea5t.<\/td>\n<\/tr>\n<tr>\n<td>B\u1ea3o qu\u1ea3n<\/td>\n<td>\u0110\u1ec3 n\u01a1i kh\u00f4 r\u00e1o, tho\u00e1ng m\u00e1t, tr\u00e1nh \u00e1nh n\u1eafng tr\u1ef1c ti\u1ebfp<\/td>\n<\/tr>\n<tr>\n<td>Th\u1ec3 t\u00edch<\/td>\n<td>520ml<\/td>\n<\/tr>\n<\/tbody>\n<\/table>\n<p>Golden Farm l\u00e0 th\u01b0\u01a1ng hi\u1ec7u n\u1ed5i ti\u1ebfng trong n\u01b0\u1edbc v\u1ec1 s\u1ea3n xu\u1ea5t siro, n\u01b0\u1edbc tr\u00e1i c\u00e2y. V\u1edbi ti\u00eau ch\u00ed an to\u00e0n, b\u1ed5 d\u01b0\u1ee1ng, ti\u1ec7n l\u1ee3i, ch\u1ea5t l\u01b0\u1ee3ng theo ti\u00eau chu\u1ea9n qu\u1ed1c t\u1ebf, m\u1eabu m\u00e3 bao b\u00ec h\u1ea5p d\u1eabn c\u0169ng nh\u01b0 gi\u00e1 c\u1ea3 ph\u00f9 h\u1ee3p n\u00ean \u0111\u01b0\u1ee3c c\u00e1c ch\u1ee7 qu\u00e1n tin d\u00f9ng. C\u00f4ng ty Golden Farm chuy\u00ean s\u1ea3n xu\u1ea5t c\u00e1c th\u1ef1c ph\u1ea9m qu\u1ed1c t\u1ebf nh\u01b0: m\u1ee9t tr\u00e1i c\u00e2y, b\u01a1 \u0111\u1eadu ph\u1ed9ng, x\u1ed1t salat, t\u01b0\u01a1ng c\u00e0, th\u1ef1c ph\u1ea9m dinh d\u01b0\u1ee1ng, siro,\u2026 ch\u1ea5t l\u01b0\u1ee3ng theo ti\u00eau chu\u1ea9n qu\u1ed1c t\u1ebf, m\u1eabu m\u00e3 bao b\u00ec h\u1ea5p d\u1eabn v\u00e0 gi\u00e1 c\u1ea3 ph\u00f9 h\u1ee3p. Golden Farm ng\u00e0y c\u00e0ng ph\u00e1t tri\u1ec3n cho ra \u0111\u1eddi nhi\u1ec1u s\u1ea3n ph\u1ea9m v\u1edbi c\u00e1c h\u01b0\u01a1ng v\u1ecb kh\u00e1c nhau nh\u01b0ng v\u1eabn gi\u1eef nguy\u00ean n\u00e9t \u0111\u1eb7c tr\u01b0ng c\u1ee7a t\u1eebng lo\u1ea1i nh\u01b0: Siro tr\u00e0 xanh, siro d\u00e2u, Siro cam, Siro b\u1ea1c h\u00e0, m\u1ee9t ph\u00fac b\u1ed3n t\u1eed\u2026<\/p>\n<p><img decoding=\"async\" class=\"aligncenter\" src=\"https:\/\/down-vn.img.susercontent.com\/file\/vn-11134207-7r98o-lnjl8ysaq7i2ff\" alt=\"siro L\u00c1 D\u1ee8A \/ L\u00c1 N\u1ebeP golden farm 525ml - panda syrup\" \/><\/p>\n<p>T\u1ea5t c\u1ea3 c\u00e1c lo\u1ea1i Siro Golden Farm \u0111\u1ec1u c\u00f3 gi\u1ea5y ch\u1ee9ng nh\u1eadn VSATTP n\u00ean r\u1ea5t an to\u00e0n. C\u00f4ng ty \u0111\u01b0\u1ee3c ch\u1ee9ng nh\u1eadn \u0111\u1ea1t ti\u00eau chu\u1ea9n VSATTP ISO 22000: 2005 v\u1edbi c\u00f4ng ngh\u1ec7 s\u1ea3n xu\u1ea5t hi\u1ec7n \u0111\u1ea1i nh\u1eb1m mang \u0111\u1ebfn ng\u01b0\u1eddi ti\u00eau d\u00f9ng v\u1edbi nh\u1eefng d\u00f2ng s\u1ea3n ph\u1ea9m t\u1ed1t nh\u1ea5t, b\u1ea3o v\u1ec7 s\u1ee9c kh\u1ecfe v\u00e0 g\u00f3p ph\u1ea7n \u0111\u01a1n gi\u1ea3n h\u00f3a cho cu\u1ed9c s\u1ed1ng m\u1ed7i gia \u0111\u00ecnh.<\/p>\n<p>Sir\u00f4 Golden Farm n\u1ed5i b\u1eadt v\u1edbi h\u01b0\u01a1ng th\u01a1m t\u1ef1 nhi\u00ean, h\u1eadu ng\u1ecdt thanh, gi\u00fap t\u0103ng th\u00eam v\u1ecb ngon tuy\u1ec7t h\u1ea3o cho c\u00e1c m\u00f3n th\u1ee9c u\u1ed1ng v\u00e0 nhi\u1ec1u m\u00f3n tr\u00e1ng mi\u1ec7ng kh\u00e1c.<\/p>\n<p>V\u1edbi chi\u1ebft xu\u1ea5t t\u1eeb tr\u00e1i c\u00e2y t\u01b0\u01a1i, s\u1eed d\u1ee5ng nguy\u00ean li\u1ec7u t\u1ef1 nhi\u00ean, kh\u00f4ng ch\u1ee9a \u0111\u01b0\u1eddng h\u00f3a h\u1ecdc, l\u00e0 th\u00e0nh ph\u1ea7n kh\u00f4ng th\u1ec3 thi\u1ebfu t\u1ea1o n\u00ean c\u00e1c m\u00f3n n\u01b0\u1edbc gi\u1ea3i kh\u00e1t m\u00e1t l\u00e0nh, thanh nhi\u1ec7t.<\/p>\n<p>\u0110\u01b0\u1ee3c s\u1ea3n xu\u1ea5t tr\u00ean d\u00e2y chuy\u1ec1n kh\u00e9p k\u00edn v\u1edbi c\u00f4ng ngh\u1ec7 hi\u1ec7n \u0111\u1ea1i t\u1eeb Ch\u00e2u \u00c2u, \u0111\u1ea1t ch\u1ee9ng nh\u1eadn VSATTP Qu\u1ed1c T\u1ebf ISO 22000:2018, \u0111\u1ea3m b\u1ea3o mang \u0111\u1ebfn cho ng\u01b0\u1eddi ti\u00eau d\u00f9ng s\u1ea3n ph\u1ea9m ch\u1ea5t l\u01b0\u1ee3ng t\u1ed1t nh\u1ea5t.<\/p>\n<p><img fetchpriority=\"high\" decoding=\"async\" class=\"aligncenter\" src=\"https:\/\/havamall.vn\/wp-content\/uploads\/2024\/04\/si-ro-golden-farm-sam-dua-520ml-201908051454097493.JPG\" alt=\"Sir\u00f4 s\u00e2m d\u1ee9a Golden Farm 520ml gi\u00e1 t\u1ed1t t\u1ea1i B\u00e1ch ho\u00e1 XANH\" width=\"713\" height=\"535\" \/><\/p>\n<p>Sir\u00f4 Golden Farm\u00a0l\u00e0 s\u1ea3n ph\u1ea9m \u0111\u01b0\u1ee3c \u01b0u ti\u00ean h\u00e0ng \u0111\u00e2u khi b\u1ea1n c\u00f3 c\u00e1c bu\u1ed5i ti\u1ec7c v\u1edbi gia \u0111\u00ecnh hay nh\u1eefng khi h\u1ecdp m\u1eb7t b\u1ea1n b\u00e8. S\u1ea3n ph\u1ea9m c\u00f3 th\u1ec3 d\u00f9ng \u0111\u1ec3 pha ch\u1ebf t\u1ea1o n\u00ean nh\u1eefng th\u1ee9c u\u1ed1ng th\u01a1m ngon nh\u01b0 cocktail, s\u1eefa t\u01b0\u01a1i tr\u00e1i c\u00e2y, tr\u00e0 s\u1eefa hay rau c\u00e2u, b\u00e1nh\u2026.Sir\u00f4 Golden Farm \u0111\u01b0\u1ee3c s\u1eed d\u1ee5ng nguy\u00ean li\u1ec7u t\u1ef1 nhi\u00ean ho\u00e0n to\u00e0n l\u00e0 nh\u1eefng tr\u00e1i l\u1ef1u ch\u00edn m\u1ecdng.<\/p>\n<h3>C\u00c1CH PHA CH\u1ebe<\/h3>\n<ol>\n<li><strong>Pha n\u01b0\u1edbc gi\u1ea3i kh\u00e1t<\/strong>: Pha 30ml siro v\u1edbi 120ml n\u01b0\u1edbc, cho \u0111\u00e1 v\u00e0o ly. Khu\u1ea5y \u0111\u1ec1u cho tan h\u1ebft v\u00e0o nhau. Cu\u1ed1i c\u00f9ng l\u00e0 th\u01b0\u1edfng th\u1ee9c.<\/li>\n<li><strong>Pha cocktail<\/strong>: Pha 30ml siro v\u1edbi 30ml r\u01b0\u1ee3u vodka, 50ml n\u01b0\u1edbc, 2 mu\u1ed7ng nh\u1ecf s\u1eefa chua, cho \u0111\u00e1 v\u00e0o b\u00ecnh shaker. Shaker \u0111\u1ec1u tay v\u00e0 th\u01b0\u1edfng th\u1ee9c th\u00e0nh qu\u1ea3.<\/li>\n<li><strong>Pha s\u1eefa t\u01b0\u01a1i<\/strong>: Pha 30ml siro c\u00f9ng v\u1edbi 1 b\u1ecbch s\u1eefa t\u01b0\u01a1i kh\u00f4ng \u0111\u01b0\u1eddng ( c\u00f3 \u0111\u01b0\u1eddng n\u1ebfu th\u00edch u\u1ed1ng ng\u1ecdt). Khu\u1ea5y \u0111\u1ec1u h\u1ed7n h\u1ee3p v\u00e0 t\u1eadn h\u01b0\u1edfng.<\/li>\n<li><strong>L\u00e0m rau c\u00e2u<\/strong>: Pha 30ml siro c\u00f9ng v\u1edbi 50gr b\u1ed9t rau c\u00e2u gi\u00f2n c\u00f9ng 1,5lit n\u01b0\u1edbc. Khu\u1ea5y \u0111\u00eau cho \u0111\u1ebfn khi t\u1ea1o th\u00e0nh h\u1ed7n h\u1ee3p rau c\u00e2u, sau \u0111\u00f3 \u0111\u1ed5 v\u00e0o khu\u00f4n \u0111\u1ee3i ngu\u00f4i b\u1ecf v\u00e0o ng\u0103n m\u00e1t. Sau 2h l\u00e0 c\u00f3 th\u1ec3 s\u1eed d\u1ee5ng \u0111\u01b0\u1ee3c.<\/li>\n<\/ol>\n<\/div>\n<\/div>\n<\/div>\n<\/div>\n<div class=\"woodmart-tab-wrapper\"><\/div>\n<div class=\"woodmart-tab-wrapper\"><\/div>\n<\/div>\n<div class=\"woodmart-tab-wrapper\"><\/div>\n<\/div>\n<\/div>\n<\/div>\n<\/div>","protected":false},"excerpt":{"rendered":"<p>TH\u00d4NG TIN CHUNG Th\u01b0\u01a1ng hi\u1ec7u Golden Farm Xu\u1ea5t x\u1ee9 Vi\u1ec7t Nam Th\u00e0nh ph\u1ea7n \u0110\u01b0\u1eddng m\u00eda RE, n\u01b0\u1edbc, n\u01b0\u1edbc \u00e9p l\u1ef1u,<\/p>","protected":false},"featured_media":34276,"comment_status":"open","ping_status":"closed","template":"","meta":[],"product_brand":[],"product_cat":[36,135],"product_tag":[],"class_list":{"0":"post-34275","1":"product","2":"type-product","3":"status-publish","4":"has-post-thumbnail","6":"product_cat-thuc-pham-tieu-dung","7":"product_cat-sua-do-uong","8":"pa_brand-golden-farm","10":"first","11":"instock","12":"sale","13":"shipping-taxable","14":"purchasable","15":"product-type-simple"},"_links":{"self":[{"href":"https:\/\/havamall.vn\/en\/wp-json\/wp\/v2\/product\/34275"}],"collection":[{"href":"https:\/\/havamall.vn\/en\/wp-json\/wp\/v2\/product"}],"about":[{"href":"https:\/\/havamall.vn\/en\/wp-json\/wp\/v2\/types\/product"}],"replies":[{"embeddable":true,"href":"https:\/\/havamall.vn\/en\/wp-json\/wp\/v2\/comments?post=34275"}],"version-history":[{"count":0,"href":"https:\/\/havamall.vn\/en\/wp-json\/wp\/v2\/product\/34275\/revisions"}],"wp:featuredmedia":[{"embeddable":true,"href":"https:\/\/havamall.vn\/en\/wp-json\/wp\/v2\/media\/34276"}],"wp:attachment":[{"href":"https:\/\/havamall.vn\/en\/wp-json\/wp\/v2\/media?parent=34275"}],"wp:term":[{"taxonomy":"product_brand","embeddable":true,"href":"https:\/\/havamall.vn\/en\/wp-json\/wp\/v2\/product_brand?post=34275"},{"taxonomy":"product_cat","embeddable":true,"href":"https:\/\/havamall.vn\/en\/wp-json\/wp\/v2\/product_cat?post=34275"},{"taxonomy":"product_tag","embeddable":true,"href":"https:\/\/havamall.vn\/en\/wp-json\/wp\/v2\/product_tag?post=34275"}],"curies":[{"name":"wp","href":"https:\/\/api.w.org\/{rel}","templated":true}]}}