{"id":34258,"date":"2024-04-10T14:26:05","date_gmt":"2024-04-10T07:26:05","guid":{"rendered":"https:\/\/havamall.vn\/?post_type=product&#038;p=34258"},"modified":"2024-04-10T14:26:06","modified_gmt":"2024-04-10T07:26:06","slug":"dung-cu-danh-bot-tao-sua-cam-tay-cuc-manh","status":"publish","type":"product","link":"https:\/\/havamall.vn\/en\/shop\/dung-cu-danh-bot-tao-sua-cam-tay-cuc-manh\/","title":{"rendered":"D\u1ee5ng C\u1ee5 \u0110\u00e1nh B\u1ecdt T\u1ea1o S\u1eefa C\u1ea7m Tay C\u1ef1c M\u1ea1nh"},"content":{"rendered":"<table>\n<tbody>\n<tr>\n<td><span style=\"font-weight: 400;\">Th\u01b0\u01a1ng hi\u1ec7u<\/span><\/td>\n<td>Havafoodies<\/td>\n<\/tr>\n<tr>\n<td><span style=\"font-weight: 400;\">Xu\u1ea5t x\u1ee9<\/span><\/td>\n<td>Trung Qu\u1ed1c<\/td>\n<\/tr>\n<tr>\n<td><span style=\"font-weight: 400;\">Quy c\u00e1ch<\/span><\/td>\n<td>1 c\u00e1i<\/td>\n<\/tr>\n<tr>\n<td><span style=\"font-weight: 400;\">S\u1eed d\u1ee5ng<\/span><\/td>\n<td>2 pin AA<\/td>\n<\/tr>\n<tr>\n<td><span style=\"font-weight: 400;\">B\u1ea3o qu\u1ea3n<\/span><\/td>\n<td>\u0110\u1ec3 n\u01a1i kh\u00f4 r\u00e1o, \u1edf nhi\u1ec7t \u0111\u1ed9 ph\u00f2ng.<\/td>\n<\/tr>\n<tr>\n<td><span style=\"font-weight: 400;\">K\u00edch th\u01b0\u1edbc<\/span><\/td>\n<td><span style=\"font-weight: 400;\">21 x 2.2 cm<\/span><\/td>\n<\/tr>\n<\/tbody>\n<\/table>\n<p>M\u00e1y \u0111\u00e1nh tr\u1ee9ng t\u1ea1o b\u1ecdt c\u00e0 ph\u00ea c\u1ea7m tay mini l\u00e0 m\u1ed9t trong nh\u1eefng d\u1ee5ng c\u1ee5 nh\u00e0 b\u1ebfp v\u00f4 c\u00f9ng th\u00e2n thi\u1ebft v\u1edbi c\u00e1c b\u00e0 n\u1ed9i tr\u1ee3. \u0110\u00e2y \u0111\u01b0\u1ee3c xem l\u00e0 d\u1ee5ng c\u1ee5 h\u1ed7 tr\u1ee3 v\u00f4 c\u00f9ng \u0111\u1eafc l\u1ef1c gi\u00fap ch\u1ecb em c\u00f3 th\u1ec3 ch\u1ebf bi\u1ebfn nhi\u1ec1u c\u00f4ng th\u1ee9c b\u00e1nh, kem hay \u0111\u1ed3 u\u1ed1ng th\u01a1m ngon kh\u00e1c nhau. N\u1ebfu \u0111ang c\u00f3 nhu c\u1ea7u h\u1ecdc l\u00e0m th\u00eam m\u1ed9t s\u1ed1 m\u00f3n m\u1edbi nh\u01b0 b\u00e1nh hay \u0111\u1ed3 u\u1ed1ng m\u1edbi l\u1ea1, b\u1ea1n ch\u1eafc ch\u1eafn kh\u00f4ng th\u1ec3 b\u1ecf qua nh\u1eefng chi\u1ebfc m\u00e1y \u0111\u00e1nh tr\u1ee9ng mini, nay hi\u1ec7n \u0111\u00e3 c\u00f3 t\u1ea1i Havamall.<\/p>\n<p><img fetchpriority=\"high\" decoding=\"async\" class=\"wp-image-34259 aligncenter\" src=\"https:\/\/havamall.vn\/wp-content\/uploads\/2024\/04\/dfg-300x300.png\" alt=\"\" width=\"587\" height=\"587\" srcset=\"https:\/\/havamall.vn\/wp-content\/uploads\/2024\/04\/dfg-300x300.png 300w, https:\/\/havamall.vn\/wp-content\/uploads\/2024\/04\/dfg-150x150.png 150w, https:\/\/havamall.vn\/wp-content\/uploads\/2024\/04\/dfg-100x100.png 100w, https:\/\/havamall.vn\/wp-content\/uploads\/2024\/04\/dfg.png 479w\" sizes=\"(max-width: 587px) 100vw, 587px\" \/><\/p>\n<p>M\u00e1y \u0111\u00e1nh tr\u1ee9ng t\u1ea1o b\u1ecdt c\u00e0 ph\u00ea c\u1ea7m tay mini\u00a0c\u00f3 h\u00ecnh d\u00e1ng g\u1ecdn nh\u1eb9 gi\u00fap b\u1ea1n d\u1ec5 d\u00e0ng \u0111\u00e1nh tr\u1ee9ng hay t\u1ea1o b\u1ecdt c\u00e0 ph\u00ea nhanh nh\u1ea5t, kh\u00f4ng c\u1ea7n m\u1ea5t th\u1eddi gian \u0111\u00e1nh th\u1ee7 c\u00f4ng b\u1eb1ng tay. V\u1edbi chi\u1ebfc m\u00e1y \u0111\u00e1nh tr\u1ee9ng t\u1ea1o b\u1ecdt cafe mini n\u00e0y, c\u00e1c nguy\u00ean li\u1ec7u nh\u01b0 s\u1eefa, kem t\u01b0\u01a1i hay c\u00e1c lo\u1ea1i \u0111\u1ed3 \u0103n d\u00e0nh cho b\u00e9 \u0111\u1ec1u c\u00f3 th\u1ec3 \u0111\u01b0\u1ee3c \u0111\u00e1nh \u0111\u1ec1u hi\u1ec7u qu\u1ea3. Chi\u1ebfc m\u00e1y \u0111\u00e1nh tr\u1ee9ng nh\u1ecf nh\u1eb9 n\u00e0y l\u00e0 c\u00f4ng c\u1ee5 c\u1ef1c k\u1ef3 ti\u1ec7n l\u1ee3i cho gia \u0111\u00ecnh c\u1ee7a b\u1ea1n, n\u1ebfu nh\u01b0 \u0111i d\u00e3 ngo\u1ea1i, b\u1ea1n c\u0169ng c\u00f3 th\u1ec3 mang theo c\u00f4ng c\u1ee5 n\u00e0y \u0111\u1ec3 \u0111\u1ea3m b\u1ea3o v\u1eabn c\u00f3 th\u1ec3 th\u01b0\u1edfng th\u1ee9c nh\u1eefng ly c\u00e0 ph\u00ea ngon nh\u1ea5t.<\/p>\n<h2><strong>\u0110\u1eb7c \u0111i\u1ec3m s\u1ea3n ph\u1ea9m<\/strong><\/h2>\n<p>\u2013 M\u00e1y \u0111\u00e1nh tr\u1ee9ng \u0111a n\u0103ng hi\u1ec7n \u0111ang l\u00e0 d\u1ee5ng c\u1ee5 l\u00e0m b\u1ebfp \u0111\u01b0\u1ee3c nhi\u1ec1u n\u1ed9i tr\u1ee3 \u01b0a chu\u1ed9ng b\u1edfi t\u00ednh ti\u1ec7n d\u1ee5ng v\u00e0 ti\u1ebft ki\u1ec7m th\u1eddi gian n\u1ea5u n\u01b0\u1edbng.<\/p>\n<p>\u2013 C\u01a1 ch\u1ebf ho\u1ea1t \u0111\u1ed9ng nh\u1edd pin th\u00f4ng d\u1ee5ng n\u00ean r\u1ea5t ti\u1ec7n l\u1ee3i, kh\u00f4ng s\u1ee3 b\u1ecb ch\u1eadp \u0111i\u1ec7n c\u0169ng nh\u01b0 r\u00f2 r\u1ec9.<\/p>\n<p>\u2013 M\u00e1y \u0111\u01b0\u1ee3c s\u1ea3n xu\u1ea5t theo c\u00f4ng ngh\u1ec7 \u00dd v\u1edbi nhi\u1ec1u ch\u1ee9c n\u0103ng nh\u01b0 \u0111\u00e1nh tr\u1ee9ng, s\u1eefa, caf\u00e9, l\u00e0m n\u01b0\u1edbc s\u1ed1t.<\/p>\n<p><img decoding=\"async\" class=\"wp-image-29160 aligncenter\" src=\"https:\/\/havamall.vn\/wp-content\/uploads\/2022\/10\/May-danh-sua-cam-tay-danh-sua-bang-may-cam-tay-may-danh-bot-sua-cam-tay-dung-cu-danh-sua-bang-tay-may-danh-sua-tao-bot-cam-tay-may-danh-trung-tao-bot-sua-cam-tay-mini-7-300x300.jpeg\" sizes=\"(max-width: 552px) 100vw, 552px\" srcset=\"https:\/\/havamall.vn\/wp-content\/uploads\/2022\/10\/May-danh-sua-cam-tay-danh-sua-bang-may-cam-tay-may-danh-bot-sua-cam-tay-dung-cu-danh-sua-bang-tay-may-danh-sua-tao-bot-cam-tay-may-danh-trung-tao-bot-sua-cam-tay-mini-7-300x300.jpeg 300w, https:\/\/havamall.vn\/wp-content\/uploads\/2022\/10\/May-danh-sua-cam-tay-danh-sua-bang-may-cam-tay-may-danh-bot-sua-cam-tay-dung-cu-danh-sua-bang-tay-may-danh-sua-tao-bot-cam-tay-may-danh-trung-tao-bot-sua-cam-tay-mini-7-150x150.jpeg 150w, https:\/\/havamall.vn\/wp-content\/uploads\/2022\/10\/May-danh-sua-cam-tay-danh-sua-bang-may-cam-tay-may-danh-bot-sua-cam-tay-dung-cu-danh-sua-bang-tay-may-danh-sua-tao-bot-cam-tay-may-danh-trung-tao-bot-sua-cam-tay-mini-7-600x600.jpeg 600w, https:\/\/havamall.vn\/wp-content\/uploads\/2022\/10\/May-danh-sua-cam-tay-danh-sua-bang-may-cam-tay-may-danh-bot-sua-cam-tay-dung-cu-danh-sua-bang-tay-may-danh-sua-tao-bot-cam-tay-may-danh-trung-tao-bot-sua-cam-tay-mini-7-100x100.jpeg 100w, https:\/\/havamall.vn\/wp-content\/uploads\/2022\/10\/May-danh-sua-cam-tay-danh-sua-bang-may-cam-tay-may-danh-bot-sua-cam-tay-dung-cu-danh-sua-bang-tay-may-danh-sua-tao-bot-cam-tay-may-danh-trung-tao-bot-sua-cam-tay-mini-7.jpeg 677w\" alt=\"\" width=\"552\" height=\"552\" \/><\/p>\n<p>&nbsp;<\/p>\n<p>\u2013 \u0110\u1ea7u \u0111\u00e1nh tr\u1ee9ng l\u00f2 xo tr\u00f2n b\u1eb1ng inox b\u1ec1n l\u00e0m nguy\u00ean li\u1ec7u ch\u1ebf bi\u1ebfn t\u01a1i x\u1ed1p, nhuy\u1ec5n v\u00e0 m\u1ec1m m\u1ea1i h\u01a1n.<\/p>\n<p>\u2013 M\u00e1y ho\u1ea1t \u0111\u1ed9ng b\u1eb1ng pin AA n\u00ean c\u00f3 th\u1ec3 s\u1eed d\u1ee5ng ngay c\u1ea3 khi m\u1ea5t \u0111i\u1ec7n.<\/p>\n<p><img decoding=\"async\" class=\"wp-image-34260 aligncenter\" src=\"https:\/\/havamall.vn\/wp-content\/uploads\/2024\/04\/sdfsdfs-300x300.png\" alt=\"\" width=\"617\" height=\"617\" srcset=\"https:\/\/havamall.vn\/wp-content\/uploads\/2024\/04\/sdfsdfs-300x300.png 300w, https:\/\/havamall.vn\/wp-content\/uploads\/2024\/04\/sdfsdfs-600x600.png 600w, https:\/\/havamall.vn\/wp-content\/uploads\/2024\/04\/sdfsdfs-150x150.png 150w, https:\/\/havamall.vn\/wp-content\/uploads\/2024\/04\/sdfsdfs-100x100.png 100w, https:\/\/havamall.vn\/wp-content\/uploads\/2024\/04\/sdfsdfs.png 750w\" sizes=\"(max-width: 617px) 100vw, 617px\" \/><\/p>\n<p>\u2013 Tay c\u1ea7m b\u1eb1ng plastic cao c\u1ea5p \u0111\u01b0\u1ee3c thi\u1ebft k\u1ebf v\u1eeba v\u1eb7n.<\/p>\n<p>\u2013 S\u1ea3n ph\u1ea9m \u0111\u01b0\u1ee3c thi\u1ebft k\u1ebf nh\u1ecf g\u1ecdn, m\u1eabu m\u00e3 \u0111\u1eb9p.<\/p>\n<p>\u2013 D\u1ec5 d\u00e0ng lau ch\u00f9i, c\u1ecd r\u1eeda, an to\u00e0n cho ng\u01b0\u1eddi s\u1eed d\u1ee5ng.<\/p>\n<p><img loading=\"lazy\" decoding=\"async\" class=\"aligncenter\" src=\"https:\/\/down-vn.img.susercontent.com\/file\/9d62c23ee8f3e24ad4f5fe976ac69365\" alt=\"M\u00e1y \u0111\u00e1nh tr\u1ee9ng\/ khu\u1ea5y s\u1eefa\/ c\u00e0 ph\u00ea mini c\u1ea7m tay ti\u1ec7n d\u1ee5ng cho nh\u00e0 b\u1ebfp |  Shopee Vi\u1ec7t Nam\" width=\"693\" height=\"693\" \/><\/p>","protected":false},"excerpt":{"rendered":"<p>Th\u01b0\u01a1ng hi\u1ec7u Havafoodies Xu\u1ea5t x\u1ee9 Trung Qu\u1ed1c Quy c\u00e1ch 1 c\u00e1i S\u1eed d\u1ee5ng 2 pin AA B\u1ea3o qu\u1ea3n \u0110\u1ec3 n\u01a1i<\/p>","protected":false},"featured_media":34261,"comment_status":"open","ping_status":"closed","template":"","meta":[],"product_brand":[],"product_cat":[393,35],"product_tag":[],"class_list":{"0":"post-34258","1":"product","2":"type-product","3":"status-publish","4":"has-post-thumbnail","6":"product_cat-bep-phong-an","7":"product_cat-nha-cua-doi-song","9":"first","10":"instock","11":"sale","12":"shipping-taxable","13":"purchasable","14":"product-type-simple"},"_links":{"self":[{"href":"https:\/\/havamall.vn\/en\/wp-json\/wp\/v2\/product\/34258"}],"collection":[{"href":"https:\/\/havamall.vn\/en\/wp-json\/wp\/v2\/product"}],"about":[{"href":"https:\/\/havamall.vn\/en\/wp-json\/wp\/v2\/types\/product"}],"replies":[{"embeddable":true,"href":"https:\/\/havamall.vn\/en\/wp-json\/wp\/v2\/comments?post=34258"}],"version-history":[{"count":0,"href":"https:\/\/havamall.vn\/en\/wp-json\/wp\/v2\/product\/34258\/revisions"}],"wp:featuredmedia":[{"embeddable":true,"href":"https:\/\/havamall.vn\/en\/wp-json\/wp\/v2\/media\/34261"}],"wp:attachment":[{"href":"https:\/\/havamall.vn\/en\/wp-json\/wp\/v2\/media?parent=34258"}],"wp:term":[{"taxonomy":"product_brand","embeddable":true,"href":"https:\/\/havamall.vn\/en\/wp-json\/wp\/v2\/product_brand?post=34258"},{"taxonomy":"product_cat","embeddable":true,"href":"https:\/\/havamall.vn\/en\/wp-json\/wp\/v2\/product_cat?post=34258"},{"taxonomy":"product_tag","embeddable":true,"href":"https:\/\/havamall.vn\/en\/wp-json\/wp\/v2\/product_tag?post=34258"}],"curies":[{"name":"wp","href":"https:\/\/api.w.org\/{rel}","templated":true}]}}