{"id":34251,"date":"2024-04-09T17:11:09","date_gmt":"2024-04-09T10:11:09","guid":{"rendered":"https:\/\/havamall.vn\/?post_type=product&#038;p=34251"},"modified":"2024-04-09T17:32:21","modified_gmt":"2024-04-09T10:32:21","slug":"cocacola-nhat-ban-chai-nhom-nap-van-300ml","status":"publish","type":"product","link":"https:\/\/havamall.vn\/en\/shop\/cocacola-nhat-ban-chai-nhom-nap-van-300ml\/","title":{"rendered":"Cocacola Nh\u1eadt B\u1ea3n Chai Nh\u00f4m N\u1eafp V\u1eb7n 300ML"},"content":{"rendered":"<table>\n<tbody>\n<tr>\n<td><span style=\"font-weight: 400;\">Th\u01b0\u01a1ng hi\u1ec7u<\/span><\/td>\n<td>Cocacola<\/td>\n<\/tr>\n<tr>\n<td><span style=\"font-weight: 400;\">Xu\u1ea5t x\u1ee9<\/span><\/td>\n<td>Nh\u1eadt B\u1ea3n<\/td>\n<\/tr>\n<tr>\n<td><span style=\"font-weight: 400;\">Quy c\u00e1ch<\/span><\/td>\n<td>24 chai\/ th\u00f9ng<\/td>\n<\/tr>\n<tr>\n<td><span style=\"font-weight: 400;\">H\u1ea1n s\u1eed d\u1ee5ng<\/span><\/td>\n<td>12 th\u00e1ng (k\u1ec3 t\u1eeb ng\u00e0y s\u1ea3n xu\u1ea5t)<\/td>\n<\/tr>\n<tr>\n<td><span style=\"font-weight: 400;\">B\u1ea3o qu\u1ea3n<\/span><\/td>\n<td>\u0110\u1ec3 n\u01a1i kh\u00f4 r\u00e1o, \u1edf nhi\u1ec7t \u0111\u1ed9 ph\u00f2ng.<\/td>\n<\/tr>\n<tr>\n<td><span style=\"font-weight: 400;\">Kh\u1ed1i l\u01b0\u1ee3ng t\u1ecbnh<\/span><\/td>\n<td><span style=\"font-weight: 400;\">300ml <\/span><\/td>\n<\/tr>\n<\/tbody>\n<\/table>\n<p>Coca-Cola m\u1ed9t trong nh\u1eefng th\u01b0\u01a1ng hi\u1ec7u n\u01b0\u1edbc ng\u1ecdt n\u1ed5i ti\u1ebfng nh\u1ea5t tr\u00ean th\u1ebf gi\u1edbi, \u0111\u00e3 c\u00f3 m\u1eb7t t\u1ea1i Nh\u1eadt B\u1ea3n t\u1eeb r\u1ea5t l\u00e2u v\u00e0 \u0111\u00e3 tr\u1edf th\u00e0nh m\u1ed9t ph\u1ea7n kh\u00f4ng th\u1ec3 thi\u1ebfu c\u1ee7a v\u0103n h\u00f3a \u0111\u1ed3 u\u1ed1ng c\u1ee7a qu\u1ed1c gia n\u00e0y. D\u00f2ng\u00a0Coca Nh\u1eadt \u0111\u01b0\u1ee3c ph\u00e2n ph\u1ed1i ri\u00eang cho th\u1ecb tr\u01b0\u1eddng n\u1ed9i \u0111\u1ecba \u1edf \u0111\u00e2y v\u1edbi thi\u1ebft k\u1ebf d\u1ea1ng chai v\u1ecf nh\u00f4m c\u00f9ng n\u1eafp v\u1eb7n m\u1edbi l\u1ea1 c\u00f9ng h\u01b0\u01a1ng v\u1ecb th\u01a1m ngon kh\u00f3 c\u01b0\u1ee1ng d\u00e0nh cho t\u00edn \u0111\u1ed3 c\u1ee7a d\u00f2ng n\u01b0\u1edbc ng\u1ecdt n\u00e0y.\u00a0<strong>Cocacola Nh\u1eadt<\/strong>\u00a0ngo\u00e0i h\u01b0\u01a1ng v\u1ecb \u0111\u1eb7c tr\u01b0ng th\u00ec c\u00f3 s\u1ef1 kh\u00e1c bi\u1ec7t so v\u1edbi lo\u1ea1i trong n\u01b0\u1edbc l\u00e0 h\u01a1i ga m\u1ea1nh h\u01a1n, v\u1ecb ngon \u0111\u1eb7c tr\u01b0ng h\u01a1n, mang \u0111\u1ebfn nh\u1eefng tr\u1ea3i nghi\u1ec7m tuy\u1ec7t v\u1eddi khi th\u01b0\u1edfng th\u1ee9c d\u00e0nh cho ng\u01b0\u1eddi b\u1ea1n y\u00eau th\u00edch n\u01b0\u1edbc ng\u1ecdt th\u01b0\u01a1ng hi\u1ec7u n\u00e0y. N\u1ebfu b\u1ea1n n\u00e0o th\u00edch \u0111\u1ed9 ng\u1ecdt thanh v\u00e0 ga m\u1ea1nh h\u01a1n th\u00ec l\u1ef1a ch\u1ecdn lo\u1ea1i Coca c\u1ee7a Nh\u1eadt l\u00e0 m\u1ed9t g\u1ee3i \u00fd tuy\u1ec7t v\u1eddi. Hi\u1ec7n \u0111\u00e3 c\u00f3 m\u1eb7t t\u1ea1i Havamall.<\/p>\n<p><img fetchpriority=\"high\" decoding=\"async\" class=\"aligncenter\" src=\"https:\/\/havamall.vn\/wp-content\/uploads\/2024\/04\/cocacola-nap-van-nhat-ban-2.jpg\" alt=\"CocaCola V\u1ecf Nh\u00f4m N\u1eafp V\u1eb7n Nh\u1eadt B\u1ea3n th\u00f9ng 24 lon x 300ml\" width=\"931\" height=\"923\" \/><\/p>\n<p>B\u1ea1n c\u00f3 th\u1ec3 l\u1ef1a ch\u1ecdn\u00a0<strong>Coca-cola Nh\u1eadt B\u1ea3n<\/strong>\u00a0\u0111\u1ec3 th\u01b0\u1edfng th\u1ee9c t\u1ea1i nh\u00e0, t\u1ed5 ch\u1ee9c ti\u1ec7c, mang theo chuy\u1ebfn Picnic ho\u1eb7c l\u00e0m qu\u00e0 bi\u1ebfu t\u1eb7ng cho ng\u01b0\u1eddi th\u00e2n, b\u1ea1n b\u00e8.<\/p>\n<h3>\u0110\u1eb7c \u0111i\u1ec3m c\u1ee7a d\u00f2ng s\u1ea3n ph\u1ea9m Cocacola Nh\u1eadt B\u1ea3n:<\/h3>\n<p>\u0110\u00e2y l\u00e0 m\u1ed9t c\u00e1i t\u00ean quen thu\u1ed9c tr\u00ean to\u00e0n c\u1ea7u, \u0111\u00e3 c\u00f3 m\u1eb7t t\u1ea1i Nh\u1eadt v\u00e0o n\u0103m 1957, t\u1eeb \u0111\u00f3 h\u01b0\u01a1ng v\u1ecb \u0111\u1eb7c tr\u01b0ng c\u1ee7a Coca-Cola \u0111\u00e3 tr\u1edf th\u00e0nh m\u1ed9t ph\u1ea7n quen thu\u1ed9c trong cu\u1ed9c s\u1ed1ng h\u00e0ng ng\u00e0y c\u1ee7a ng\u01b0\u1eddi d\u00e2n Nh\u1eadt B\u1ea3n. \u0110\u00e2y v\u1ed1n l\u00e0 qu\u1ed1c gia c\u00f3 y\u00eau c\u1ea7u v\u1ec1 ti\u00eau chu\u1ea9n, ch\u1ea5t l\u01b0\u1ee3ng. V\u00ec v\u1eady, Coca-Cola \u0111\u00e3 \u0111\u1ea7u t\u01b0 k\u1ef9 l\u01b0\u1ee1ng v\u00e0o qu\u00e1 tr\u00ecnh nghi\u00ean c\u1ee9u, ph\u00e1t tri\u1ec3n s\u1ea3n ph\u1ea9m \u0111\u1ec3 ng\u01b0\u1eddi d\u00e2n Nh\u1eadt c\u00f3 th\u1ec3 tin t\u01b0\u1edfng \u0111\u01b0\u1ee3c v\u00e0o ch\u1ea5t l\u01b0\u1ee3ng c\u1ee7a th\u01b0\u01a1ng hi\u1ec7u n\u00e0y.<\/p>\n<p><img decoding=\"async\" class=\"aligncenter\" src=\"https:\/\/havamall.vn\/wp-content\/uploads\/2024\/04\/nuoc-ngot-coca-cola-nhat-chai-nhom-nap-van-300ml-06.jpg\" alt=\"N\u01b0\u1edbc ng\u1ecdt Coca Cola nh\u1eadt chai nh\u00f4m n\u1eafp v\u1eb7n 300ml - \u0102n V\u1eb7t B\u00e1nh K\u1eb9o | Kho Th\u1ebf Gi\u1edbi\u2122\" width=\"757\" height=\"396\" \/><\/p>\n<p>Tuy nhi\u00ean, \u0111\u1ec3 h\u1ee3p v\u1edbi s\u1edf th\u00edch \u1edf \u0111\u00e2y, h\u00e3ng \u0111\u00e3 kh\u00f4ng ng\u1eebng t\u1ea1o ra nh\u1eefng phi\u00ean b\u1ea3n \u0111\u1ed9c \u0111\u00e1o v\u00e0 h\u1ea5p d\u1eabn c\u1ee7a s\u1ea3n ph\u1ea9m c\u1ee7a h\u1ecd. Coca-Cola n\u1eafp v\u1eb7n l\u00e0 s\u1ea3n ph\u1ea9m \u0111\u01b0\u1ee3c thi\u1ebft k\u1ebf d\u00e0nh ri\u00eang cho th\u1ecb tr\u01b0\u1eddng Nh\u1eadt B\u1ea3n kh\u00f3 t\u00ednh v\u1edbi nh\u1eefng \u0111\u1eb7c \u0111i\u1ec3m n\u1ed5i b\u1eadt nh\u01b0:<\/p>\n<ul>\n<li>H\u01b0\u01a1ng v\u1ecb th\u01a1m ngon, kh\u00f4ng qu\u00e1 ng\u1ecdt nh\u01b0 nh\u1eefng lo\u1ea1i th\u01b0\u1eddng b\u00e1n \u1edf nh\u1eefng th\u1ecb tr\u01b0\u1eddng kh\u00e1c v\u00e0 \u0111\u1eb7t bi\u1ec7t l\u00e0 n\u1ed3ng \u0111\u1ed9 ga m\u1ea1nh h\u01a1n l\u00e0m cho Coca-Cola Nh\u1eadt B\u1ea3n \u0111\u1ee7 s\u1ee9c \u0111\u1ec3 chinh ph\u1ee5c b\u1ea5t k\u1ef3 ai.<\/li>\n<li>S\u1ea3n ph\u1ea9m \u1edf \u0111\u00e2y lu\u00f4n \u0111\u1ea3m b\u1ea3o c\u00e1c quy tr\u00ecnh ki\u1ec3m \u0111\u1ecbnh nghi\u00eam ng\u1eb7t, \u0111\u01b0\u1ee3c s\u1ea3n xu\u1ea5t b\u1eb1ng h\u01b0\u01a1ng li\u1ec7u thi\u00ean nhi\u00ean kh\u00f4ng h\u00f3a ch\u1ea5t, kh\u00f4ng ch\u1ea5t b\u1ea3o qu\u1ea3n v\u00e0 an to\u00e0n cho ng\u01b0\u1eddi s\u1eed d\u1ee5ng, v\u1ecb ngon v\u00e0 ch\u1ea5t l\u01b0\u1ee3ng n\u00ean \u0111\u00e3 chinh ph\u1ee5c \u0111\u01b0\u1ee3c th\u1ecb tr\u01b0\u1eddng kh\u00f3 t\u00ednh n\u00e0y.<\/li>\n<li>Ki\u1ec3u d\u00e1ng d\u1ea1ng chai kh\u00e1c l\u1ea1 so v\u1edbi nh\u1eefng s\u1ea3n ph\u1ea9m c\u00f9ng lo\u1ea1i \u1edf c\u00e1c th\u1ecb tr\u01b0\u1eddng kh\u00e1c, Lo\u1ea1i Coca-cola Nh\u1eadt B\u1ea3n m\u00e0 ch\u00fang t\u00f4i cung c\u1ea5p l\u00e0 lo\u1ea1i chai 300ml \u0111\u01b0\u1ee3c v\u1edbi thi\u1ebft k\u1ebf n\u1eafp v\u1eb7n b\u1eb1ng nh\u00f4m ti\u1ec7n d\u1ee5ng, nhanh l\u1ea1nh v\u00e0 c\u00f3 th\u1ec3 t\u00e1i s\u1eed d\u1ee5ng \u0111\u01b0\u1ee3c, n\u1eafp v\u1eb7n \u0111\u01b0\u1ee3c thi\u1ebft k\u1ebf \u0111\u00f3ng m\u1edf d\u1ec5 d\u00e0ng.<\/li>\n<li>V\u00e0o m\u00f9a h\u00e8, Coca-Cola Nh\u1eadt B\u1ea3n th\u01b0\u1eddng tung ra c\u00e1c phi\u00ean b\u1ea3n gi\u1edbi h\u1ea1n v\u1edbi thi\u1ebft k\u1ebf v\u00e0 h\u01b0\u01a1ng v\u1ecb \u0111\u1ed9c \u0111\u00e1o, th\u01b0\u1eddng c\u00f3 li\u00ean quan \u0111\u1ebfn m\u00f9a h\u00e8, bi\u1ec3n c\u1ea3 v\u00e0 l\u1ec5 h\u1ed9i truy\u1ec1n th\u1ed1ng Nh\u1eadt B\u1ea3n. \u0110i\u1ec1u n\u00e0y t\u1ea1o ra s\u1ef1 k\u00edch th\u00edch v\u00e0 t\u01b0\u01a1ng t\u00e1c m\u1ea1nh m\u1ebd t\u1eeb ph\u00eda ng\u01b0\u1eddi ti\u00eau d\u00f9ng v\u00e0 gi\u00fap th\u01b0\u01a1ng hi\u1ec7u duy tr\u00ec v\u1ecb th\u1ebf tr\u00ean th\u1ecb tr\u01b0\u1eddng.<\/li>\n<li>S\u1ea3n ph\u1ea9m Coca Nh\u1eadt n\u00e0y r\u1ea5t th\u00edch h\u1ee3p \u0111\u1ec3 th\u01b0\u1edfng th\u1ee9c m\u1ecdi l\u00fac m\u1ecdi n\u01a1i v\u00e0 \u0111\u1eb7t bi\u1ec7t l\u00e0 c\u00e1c d\u1ecbp sum h\u1ee3p gia \u0111\u00ecnh, b\u1ea1n b\u00e8, l\u1ec5 t\u1ebft.<\/li>\n<\/ul>\n<h3>Coca Nh\u1eadt c\u00f3 g\u00ec kh\u00e1c bi\u1ec7t h\u01a1n so v\u1edbi Coca th\u01b0\u1eddng?<\/h3>\n<p><img decoding=\"async\" class=\"aligncenter\" src=\"https:\/\/havamall.vn\/wp-content\/uploads\/2024\/04\/coca-cola-nhat-ban-nap-van-3-1.jpg\" alt=\"Coca Cola Nh\u1eadt B\u1ea3n N\u1eafp V\u1eb7n 300ml - Japonstore - S\u1ea3n ph\u1ea9m Nh\u1eadt B\u1ea3n h\u00e0ng \u0111\u1ea7u Vi\u1ec7t Nam\" \/><\/p>\n<p>N\u00f3 v\u1eabn l\u00e0 d\u00f2ng s\u1ea3n ph\u1ea9m thu\u1ed9c c\u00f4ng ty Coca-Cola nh\u01b0ng \u0111\u01b0\u1ee3c s\u1ea3n xu\u1ea5t \u0111\u1eb7c bi\u1ec7t ri\u00eang cho ng\u01b0\u1eddi d\u00f9ng Nh\u1eadt B\u1ea3n<\/p>\n<ul>\n<li>D\u1ec5 nh\u1eadn bi\u1ebft nh\u1ea5t ch\u00ednh l\u00e0 \u1edf thi\u1ebft k\u1ebf c\u1ee7a v\u1ecf ngo\u00e0i s\u1ea3n ph\u1ea9m, s\u1ebd kh\u00f4ng gi\u1ed1ng nh\u1eefng chai n\u01b0\u1edbc ng\u1ecdt b\u1eb1ng nh\u1ef1a tr\u00ean th\u1ecb tr\u01b0\u1eddng, Coca Nh\u1eadt c\u00f3 m\u1ed9t v\u1ecf ngo\u00e0i r\u1ea5t b\u1eaft m\u1eaft, g\u1ecdn nh\u1eb9, ti\u1ec7n d\u1ee5ng v\u00e0 mang t\u00ednh th\u00e2n thi\u1ec7n v\u1edbi m\u00f4i tr\u01b0\u1eddng v\u1edbi chai v\u00e0 n\u1eafp \u0111\u1ec1u l\u00e0m t\u1eeb nhom, c\u00f3 th\u1ec3 t\u00e1i s\u1eed d\u1ee5ng.<\/li>\n<li>C\u0169ng gi\u1ed1ng nh\u1eefng lo\u1ea1i Coca kh\u00e1c, s\u1ea3n ph\u1ea9m c\u1ee7a Nh\u1eadt c\u0169ng c\u00f3 m\u1ed9t s\u1ed1 th\u00e0nh ph\u1ea7n ch\u1ee7 y\u1ebfu nh\u01b0: n\u01b0\u1edbc, CO2, m\u00e0u caramel, ch\u1ea5t t\u1ea1o m\u00f9i v\u00e0 ch\u1ea5t t\u1ea1o v\u1ecb ng\u1ecdt, nh\u01b0ng \u1edf Nh\u1eadt s\u1ebd c\u00f3 v\u1ecb \u0111\u1eb7c tr\u01b0ng ri\u00eang nh\u01b0 v\u1ecb th\u01a1m ngon, ng\u1ecdt thanh, kh\u00f4ng qu\u00e1 g\u1eaft nh\u01b0 c\u00e1c phi\u00ean b\u1ea3n kh\u00e1c, v\u00e0 d\u1ec5 nh\u1eadn bi\u1ebft nh\u1ea5t l\u00e0 n\u1ed3ng \u0111\u1ed9 h\u01a1i ga cao l\u00e0m t\u0103ng th\u00eam s\u1ef1 s\u1ea3ng kho\u00e1i v\u00e0 h\u01b0ng ph\u1ea5n khi u\u1ed1ng.<\/li>\n<li>M\u1ed9t y\u1ebfu t\u1ed1 quan tr\u1ecdng n\u1eefa s\u1ebd kh\u00f3 nh\u1eadn bi\u1ebft h\u01a1n l\u00e0 trong h\u01b0\u01a1ng v\u1ecb c\u1ee7a Coca-Cola Nh\u1eadt B\u1ea3n c\u00f3 m\u1ee9c \u0111\u1ed9 carbonation, n\u01b0\u1edbc ng\u1ecdt n\u00e0y c\u00f3 l\u01b0\u1ee3ng v\u1eeba ph\u1ea3i, kh\u00f4ng qu\u00e1 nhi\u1ec1u \u0111\u1ec3 l\u00e0m m\u1ea5t \u0111i h\u01b0\u01a1ng v\u1ecb t\u1ef1 nhi\u00ean c\u1ee7a n\u00f3, nh\u01b0ng c\u0169ng kh\u00f4ng qu\u00e1 \u00edt \u0111\u1ec3 l\u00e0m m\u1ea5t \u0111i c\u1ea3m gi\u00e1c s\u1ea3ng kho\u00e1i khi u\u1ed1ng.<\/li>\n<\/ul>\n<h3>Th\u00e0nh ph\u1ea7n c\u1ee7a Coca Nh\u1eadt:<\/h3>\n<ul>\n<li>N\u01b0\u1edbc, CO2, ch\u1ea5t t\u1ea1o m\u00e0u caramel, ch\u1ea5t t\u1ea1o h\u01b0\u01a1ng v\u1ecb (vanilla, cinnamon, citrus,\u2026) ch\u1ea5t l\u00e0m ng\u1ecdt (\u0111\u01b0\u1eddng, syrup) hay ch\u1ea5t l\u00e0m ng\u1ecdt nh\u00e2n t\u1ea1o, ch\u1ea5t b\u1ea3o qu\u1ea3n. Cocacola c\u00f3 m\u00f4i tr\u01b0\u1eddng acid.<\/li>\n<\/ul>\n<h3>C\u00e1ch s\u1eed d\u1ee5ng:<\/h3>\n<ul>\n<li>D\u00f9ng tr\u1ef1c ti\u1ebfp, u\u1ed1ng l\u1ea1nh v\u1edbi \u0111\u00e1 ho\u1eb7c \u0111\u1ec3 ng\u0103n m\u00e1t t\u1ee7 l\u1ea1nh<\/li>\n<li>B\u1ea3o qu\u1ea3n N\u01a1i kh\u00f4 r\u00e1o tho\u00e1ng m\u00e1t. Tr\u00e1nh \u00e1nh n\u1eafng tr\u1ef1c ti\u1ebfp.<\/li>\n<\/ul>","protected":false},"excerpt":{"rendered":"<p>Th\u01b0\u01a1ng hi\u1ec7u Cocacola Xu\u1ea5t x\u1ee9 Nh\u1eadt B\u1ea3n Quy c\u00e1ch 24 chai\/ th\u00f9ng H\u1ea1n s\u1eed d\u1ee5ng 12 th\u00e1ng (k\u1ec3 t\u1eeb ng\u00e0y<\/p>","protected":false},"featured_media":34252,"comment_status":"open","ping_status":"closed","template":"","meta":[],"product_brand":[],"product_cat":[36,135],"product_tag":[],"class_list":{"0":"post-34251","1":"product","2":"type-product","3":"status-publish","4":"has-post-thumbnail","6":"product_cat-thuc-pham-tieu-dung","7":"product_cat-sua-do-uong","9":"first","10":"instock","11":"sale","12":"shipping-taxable","13":"purchasable","14":"product-type-simple"},"_links":{"self":[{"href":"https:\/\/havamall.vn\/en\/wp-json\/wp\/v2\/product\/34251"}],"collection":[{"href":"https:\/\/havamall.vn\/en\/wp-json\/wp\/v2\/product"}],"about":[{"href":"https:\/\/havamall.vn\/en\/wp-json\/wp\/v2\/types\/product"}],"replies":[{"embeddable":true,"href":"https:\/\/havamall.vn\/en\/wp-json\/wp\/v2\/comments?post=34251"}],"version-history":[{"count":0,"href":"https:\/\/havamall.vn\/en\/wp-json\/wp\/v2\/product\/34251\/revisions"}],"wp:featuredmedia":[{"embeddable":true,"href":"https:\/\/havamall.vn\/en\/wp-json\/wp\/v2\/media\/34252"}],"wp:attachment":[{"href":"https:\/\/havamall.vn\/en\/wp-json\/wp\/v2\/media?parent=34251"}],"wp:term":[{"taxonomy":"product_brand","embeddable":true,"href":"https:\/\/havamall.vn\/en\/wp-json\/wp\/v2\/product_brand?post=34251"},{"taxonomy":"product_cat","embeddable":true,"href":"https:\/\/havamall.vn\/en\/wp-json\/wp\/v2\/product_cat?post=34251"},{"taxonomy":"product_tag","embeddable":true,"href":"https:\/\/havamall.vn\/en\/wp-json\/wp\/v2\/product_tag?post=34251"}],"curies":[{"name":"wp","href":"https:\/\/api.w.org\/{rel}","templated":true}]}}