{"id":34247,"date":"2024-04-09T15:41:32","date_gmt":"2024-04-09T08:41:32","guid":{"rendered":"https:\/\/havamall.vn\/?post_type=product&#038;p=34247"},"modified":"2024-04-09T17:03:46","modified_gmt":"2024-04-09T10:03:46","slug":"xuc-xich-thit-heo-vi-ot-an-lien-kabanos-sausage-salami-105gr","status":"publish","type":"product","link":"https:\/\/havamall.vn\/en\/shop\/xuc-xich-thit-heo-vi-ot-an-lien-kabanos-sausage-salami-105gr\/","title":{"rendered":"X\u00fac X\u00edch Th\u1ecbt Heo V\u1ecb \u1edat \u0102n Li\u1ec1n-Kabanos Sausage Salami 70Gr"},"content":{"rendered":"<table>\n<tbody>\n<tr>\n<td><span style=\"font-weight: 400;\">Th\u01b0\u01a1ng hi\u1ec7u<\/span><\/td>\n<td>Tarczy\u0144ski<\/td>\n<\/tr>\n<tr>\n<td><span style=\"font-weight: 400;\">Xu\u1ea5t x\u1ee9<\/span><\/td>\n<td>Ba Lan<\/td>\n<\/tr>\n<tr>\n<td><span style=\"font-weight: 400;\">Th\u00e0nh ph\u1ea7n<\/span><\/td>\n<td>Th\u1ecbt heo, s\u1eefa, c\u00e1c lo\u1ea1i h\u1ea1t (\u00f3c ch\u00f3, h\u1ea1nh nh\u00e2n, v\u1eebng, c\u1ea7n t\u00e2y, m\u00f9 t\u1ea1t), tr\u1ee9ng,&#8230;<\/td>\n<\/tr>\n<tr>\n<td><span style=\"font-weight: 400;\">H\u1ea1n s\u1eed d\u1ee5ng<\/span><\/td>\n<td>6 th\u00e1ng (k\u1ec3 t\u1eeb ng\u00e0y s\u1ea3n xu\u1ea5t)<\/td>\n<\/tr>\n<tr>\n<td><span style=\"font-weight: 400;\">B\u1ea3o qu\u1ea3n<\/span><\/td>\n<td>\u0110\u1ec3 n\u01a1i kh\u00f4 r\u00e1o, \u1edf nhi\u1ec7t \u0111\u1ed9 ph\u00f2ng.<\/td>\n<\/tr>\n<tr>\n<td><span style=\"font-weight: 400;\">Kh\u1ed1i l\u01b0\u1ee3ng t\u1ecbnh<\/span><\/td>\n<td><span style=\"font-weight: 400;\">70gr<\/span><\/td>\n<\/tr>\n<\/tbody>\n<\/table>\n<p>S\u1ea3n ph\u1ea9m x\u00fac x\u00edch hun kh\u00f3i truy\u1ec1n th\u1ed1ng Ba Lan, mang h\u01b0\u01a1ng v\u1ecb c\u1ed5 \u0111i\u1ec3n c\u1ee7a th\u1ecbt l\u1ee3n, \u0111\u01b0\u1ee3c ch\u1ebf bi\u1ebfn theo c\u00f4ng th\u1ee9c gia truy\u1ec1n t\u1eeb nhi\u1ec1u th\u1ebf h\u1ec7.<\/p>\n<p><img fetchpriority=\"high\" decoding=\"async\" class=\"aligncenter\" src=\"https:\/\/havamall.vn\/wp-content\/uploads\/2021\/01\/Xuc-xich-kho-Kabanos-Extra.jpg\" alt=\"X\u00fac x\u00edch kh\u00f4 Ba Lan Kabanos Th\u01b0\u1ee3ng h\u1ea1ng - g\u00f3i ~250-270g - thucphamplaza.com\" width=\"572\" height=\"603\" \/><\/p>\n<div dir=\"auto\">M\u00f9i th\u01a1m khi n\u01b0\u1edbng ho\u00e0n to\u00e0n t\u1ef1 nhi\u00ean t\u1eeb th\u1edb th\u1ecbt heo hun kh\u00f3i. S\u1ea3n ph\u1ea9m \u0111ang b\u00e1n ch\u1ea1y t\u1ea1i ch\u00e2u \u00c2u v\u00e0 c\u00e1c n\u01b0\u1edbc ph\u01b0\u01a1ng T\u00e2y.<\/div>\n<div dir=\"auto\">Nay \u0111\u01b0\u1ee3c Havamall nh\u1eadp kh\u1ea9u t\u1eeb Ba Lan v\u1ec1 v\u1edbi gi\u00e1 t\u1ed1t , s\u1ea3n ph\u1ea9m nh\u1eadp kh\u1ea9u \u0111\u1ea3m b\u1ea3o l\u00e0 lo\u1ea1i Tarcznski th\u01b0\u1ee3ng h\u1ea1ng v\u00e0 ngon nh\u1ea5t.<\/div>\n<div dir=\"auto\">S\u1ea3n ph\u1ea9m n\u00e0y ch\u1eafc ch\u1eafn l\u00e0 s\u1ef1 l\u1ef1a ch\u1ecdn ho\u00e0n h\u1ea3o cho nh\u1eefng bu\u1ed5i t\u1ed1i c\u00f9ng nh\u00e2m nhi bia v\u00e0 xem phim v\u1edbi gia \u0111\u00ecnh, b\u1ea1n b\u00e8.<\/div>\n<p><img decoding=\"async\" class=\"aligncenter\" src=\"https:\/\/havamall.vn\/wp-content\/uploads\/2021\/01\/kabana.jpg\" alt=\"Kabana\" width=\"569\" height=\"383\" \/><\/p>\n<p>X\u00fac x\u00edch Kabanos l\u00e0 b\u1eefa \u0103n ti\u1ec7n l\u1ee3i nh\u01b0ng v\u1eabn \u0111\u1ea7y \u0111\u1ee7 ch\u1ea5t dinh d\u01b0\u1ee1ng trong m\u1ed9t b\u1eefa \u0103n cho gia \u0111\u00ecnh b\u1ea1n, x\u00fac x\u00edch c\u00f3 th\u1ec3 \u0103n k\u00e8m v\u1edbi b\u00e1nh m\u1ef3, pizza ho\u1eb7c d\u00f9ng \u0111\u1ec3 chi\u00ean c\u01a1m l\u00e0 m\u1ed9t s\u1ef1 k\u1ebft h\u1ee3p r\u1ea5t ho\u00e0n h\u1ea3o.<\/p>\n<p><img decoding=\"async\" class=\"aligncenter\" src=\"https:\/\/havamall.vn\/wp-content\/uploads\/2021\/01\/medium_null_enD7vgSAAD.jpg\" width=\"573\" height=\"481\" \/><\/p>\n<p>G\u00f3i 105gr th\u00edch h\u1ee3p d\u00f9ng trong gia \u0111\u00ecnh, ti\u1ebft ki\u1ec7m v\u00e0 ti\u1ec7n l\u1ee3i, d\u1ec5 d\u00e0ng mang theo m\u1ed7i khi ra ngo\u00e0i. Ch\u1ec9 c\u1ea7n cho v\u00e0o t\u00fai tr\u01b0\u1edbc khi \u0111i h\u1ecdc ho\u1eb7c \u0111i l\u00e0m l\u00e0 b\u1ea1n \u0111\u00e3 c\u00f3 s\u1eb5n b\u1eefa \u0103n nh\u1eb9 gi\u00e0u protein m\u1ed7i ng\u00e0y.<\/p>\n<p><img loading=\"lazy\" decoding=\"async\" class=\"aligncenter\" src=\"https:\/\/havamall.vn\/wp-content\/uploads\/2021\/01\/medium_null_lvZNdfOnp3.png\" width=\"573\" height=\"481\" \/><\/p>\n<p>N\u1ebfu kh\u00f4ng c\u00f3 th\u1eddi gian, b\u1ea1n kh\u00f4ng th\u1ec3 b\u1eadn t\u00e2m n\u1ea5u \u0103n v\u00e0 ch\u1ec9 c\u1ea7n mang theo m\u1ed9t g\u00f3i KABANOS &#8211; ch\u00fang \u0111\u01b0\u1ee3c b\u1ea3o qu\u1ea3n ho\u00e0n h\u1ea3o m\u00e0 kh\u00f4ng c\u1ea7n t\u1ee7 l\u1ea1nh v\u00e0 r\u1ea5t thu\u1eadn ti\u1ec7n \u0111\u1ec3 \u0103n v\u1eb7t khi v\u1eadn \u0111\u1ed9ng.<\/p>\n<p><img loading=\"lazy\" decoding=\"async\" class=\"aligncenter\" src=\"https:\/\/havamall.vn\/wp-content\/uploads\/2021\/01\/medium_null_ZEOeGD1dGR.jpg\" width=\"581\" height=\"487\" \/><\/p>\n<p>X\u00fac x\u00edch hun kh\u00f3i Kabanos s\u1ebd chinh ph\u1ee5c \u0111\u01b0\u1ee3c m\u1ecdi th\u1ef1c kh\u00e1ch \u1edf m\u1ecdi \u0111\u1ed9 tu\u1ed5i \u0111\u1eb7c bi\u1ec7t l\u00e0 tr\u1ebb em, l\u00e0 d\u00f2ng s\u1ea3n ph\u1ea9m \u0111\u1eb7c bi\u1ec7t t\u1eeb Tarczynski, gi\u00fap cung c\u1ea5p ngu\u1ed3n n\u0103ng l\u01b0\u1ee3ng v\u00e0 protein d\u1ec5 h\u1ea5p th\u1ee5 cho l\u1ee9a tu\u1ed5i nh\u1ecf.<\/p>\n<p><img loading=\"lazy\" decoding=\"async\" class=\"aligncenter\" src=\"https:\/\/havamall.vn\/wp-content\/uploads\/2021\/01\/Cabanossi-Schwangerschaft.jpg\" alt=\"Darf ich Cabanossi in der Schwangerschaft essen?\" width=\"576\" height=\"384\" \/><\/p>\n<p>S\u1ea3n ph\u1ea9m d\u1ec5 d\u00e0ng mang theo b\u00ean m\u00ecnh khi \u0111i h\u1ecdc, \u0111i ch\u01a1i; d\u1ec5 d\u00e0ng t\u1eadn h\u01b0\u1edfng v\u00e0 chia s\u1ebb m\u00f3n \u0103n v\u1eb7t b\u1ed5 d\u01b0\u1ee1ng v\u1edbi b\u1ea1n b\u00e8 xung quanh m\u00ecnh.<\/p>\n<p><img loading=\"lazy\" decoding=\"async\" class=\"aligncenter\" src=\"https:\/\/havamall.vn\/wp-content\/uploads\/2021\/01\/Cabanossi-1200x600-1.jpg\" alt=\"Cabanossi: Herkunft, Zutaten &amp; Verwendung \u2013 besserhaushalten.de\" width=\"577\" height=\"289\" \/><\/p>\n<p>S\u1ea3n ph\u1ea9m \u0111\u01b0\u1ee3c s\u1ea3n xu\u1ea5t tr\u00ean d\u00e2y chuy\u1ec1n hi\u1ec7n \u0111\u1ea1i, nguy\u00ean li\u1ec7u \u0111\u01b0\u1ee3c ch\u1ecdn l\u1ef1a k\u1ef9 l\u01b0\u1ee1ng, quy tr\u00ecnh s\u1ea3n xu\u1ea5t \u0111\u01b0\u1ee3c ki\u1ec3m so\u00e1t k\u1ef9 l\u01b0\u1ee1ng t\u1eeb kh\u00e2u l\u1ef1a ch\u1ecdn nguy\u00ean li\u1ec7u \u0111\u1ebfn kh\u00e2u \u0111\u00f3ng g\u00f3i \u0111\u1ea3m b\u1ea3o v\u1ec7 sinh an to\u00e0n th\u1ef1c ph\u1ea9m.<\/p>\n<p>&#8211;\u00a0 Kh\u00f4ng ch\u1ee9a gluten<\/p>\n<p>&#8211; 100% th\u1ecbt gi\u0103m b\u00f4ng<\/p>\n<p>&#8211; Gi\u1ea3m l\u01b0\u1ee3ng mu\u1ed1i v\u00e0 ch\u1ea5t b\u00e9o<\/p>\n<p>&#8211; Kh\u00f4ng c\u00f3 glutamat v\u00e0 ph\u1ee5 gia t\u1ea1o m\u00e0u<\/p>\n<p><img loading=\"lazy\" decoding=\"async\" class=\"aligncenter\" src=\"https:\/\/havamall.vn\/wp-content\/uploads\/2021\/01\/ShuDaoXiang-250g-Per-Bag-90Bags-Per-Carton.jpg\" alt=\"Ngu\u1ed3n nh\u00e0 s\u1ea3n xu\u1ea5t Th\u1ecbt L\u1ee3n Salami ch\u1ea5t l\u01b0\u1ee3ng cao v\u00e0 Th\u1ecbt L\u1ee3n Salami tr\u00ean Alibaba.com\" width=\"576\" height=\"576\" \/><\/p>\n<h4><strong>T\u00e1c d\u1ee5ng c\u1ee7a x\u00fac x\u00edch:<\/strong><\/h4>\n<p>&#8211; X\u00fac x\u00edch ch\u1ee9a nhi\u1ec1u ch\u1ea5t dinh d\u01b0\u1ee1ng h\u01a1n ch\u00fang ta t\u01b0\u1edfng v\u00e0 tr\u00ean h\u1ebft, n\u00f3 cung c\u1ea5p m\u1ed9t ngu\u1ed3n n\u0103ng l\u01b0\u1ee3ng c\u1ea7n thi\u1ebft cho c\u01a1 th\u1ec3. N\u1ebfu d\u00f9ng x\u00fac x\u00edch v\u00e0o b\u1eefa \u0103n s\u00e1ng, ch\u1ec9 v\u1edbi\u00a0100g x\u00fac x\u00edch c\u00f3 kho\u1ea3ng 297 calo.<\/p>\n<p>&#8211; Vitamin gi\u00fap duy tr\u00ec c\u00e1c t\u1ebf b\u00e0o kh\u00e1c nhau trong c\u01a1 th\u1ec3.\u00a0Vitamin B12 r\u1ea5t c\u1ea7n thi\u1ebft cho c\u00e1c ch\u1ee9c n\u0103ng th\u00edch h\u1ee3p nh\u01b0 s\u1eeda ch\u1eefa, h\u00ecnh th\u00e0nh v\u00e0 duy tr\u00ec c\u00e1c t\u1ebf b\u00e0o h\u1ed3ng c\u1ea7u.\u00a0Vitamin n\u00e0y gi\u00fap duy tr\u00ec s\u1ee9c kh\u1ecfe c\u1ee7a c\u00e1c t\u1ebf b\u00e0o th\u1ea7n kinh.\u00a0N\u00f3 duy tr\u00ec h\u1ec7 th\u1ed1ng th\u1ea7n kinh m\u1ea1nh m\u1ebd.<\/p>\n<p>&#8211; Cung c\u1ea5p n\u0103ng l\u01b0\u1ee3ng gi\u00fap gi\u1ea3m s\u1ef1 y\u1ebfu \u0111u\u1ed1i v\u00e0 m\u1ec7t m\u1ecfi. N\u00f3 th\u00fac \u0111\u1ea9y s\u1ee9c ch\u1ecbu \u0111\u1ef1ng c\u1ee7a c\u01a1 th\u1ec3 tr\u01b0\u1edbc \u00e1p l\u1ef1c c\u1ee7a c\u00f4ng vi\u1ec7c.<\/p>\n<p>&#8211; Nghi\u00ean c\u1ee9u cho th\u1ea5y k\u1ebft qu\u1ea3 hi\u1ec7u qu\u1ea3 collagen trong x\u00fac x\u00edch gi\u00fap ph\u1ee5c h\u1ed3i t\u1ed5ng h\u1ee3p protein collagen \u1edf da. N\u00f3 gi\u00fap duy tr\u00ec s\u1ef1 tr\u1ebb trung.<\/p>\n<p><img loading=\"lazy\" decoding=\"async\" class=\"wp-image-17777 aligncenter\" src=\"https:\/\/havamall.vn\/wp-content\/uploads\/2021\/01\/356696-thuc-pham-ong-gia-ika-salami-kho-100g-300x274.png\" alt=\"\" width=\"568\" height=\"519\" srcset=\"https:\/\/havamall.vn\/wp-content\/uploads\/2021\/01\/356696-thuc-pham-ong-gia-ika-salami-kho-100g-300x274.png 300w, https:\/\/havamall.vn\/wp-content\/uploads\/2021\/01\/356696-thuc-pham-ong-gia-ika-salami-kho-100g-430x392.png 430w, https:\/\/havamall.vn\/wp-content\/uploads\/2021\/01\/356696-thuc-pham-ong-gia-ika-salami-kho-100g-150x137.png 150w, https:\/\/havamall.vn\/wp-content\/uploads\/2021\/01\/356696-thuc-pham-ong-gia-ika-salami-kho-100g-700x639.png 700w, https:\/\/havamall.vn\/wp-content\/uploads\/2021\/01\/356696-thuc-pham-ong-gia-ika-salami-kho-100g-768x701.png 768w, https:\/\/havamall.vn\/wp-content\/uploads\/2021\/01\/356696-thuc-pham-ong-gia-ika-salami-kho-100g-600x548.png 600w, https:\/\/havamall.vn\/wp-content\/uploads\/2021\/01\/356696-thuc-pham-ong-gia-ika-salami-kho-100g.png 800w\" sizes=\"(max-width: 568px) 100vw, 568px\" \/><\/p>\n<h4><strong>Th\u00e0nh ph\u1ea7n:<\/strong><\/h4>\n<p>&#8211; Th\u1ecbt heo<\/p>\n<p>&#8211; S\u1eefa<\/p>\n<p>&#8211; C\u00e1c lo\u1ea1i h\u1ea1t (h\u1ea1t \u00f3c ch\u00f3, h\u1ea1nh nh\u00e2n, c\u1ea7n t\u00e2y, m\u00f9 t\u1ea1t, h\u1ea1t m\u1ef3,&#8230;)<\/p>\n<p>&#8211; Tr\u1ee9ng<\/p>\n<p>&#8211; Gia v\u1ecb<\/p>\n<p><img loading=\"lazy\" decoding=\"async\" class=\"aligncenter\" src=\"https:\/\/havamall.vn\/wp-content\/uploads\/2021\/01\/medium_null_1Mj7Rf5MN6.jpg\" width=\"575\" height=\"719\" \/><\/p>\n<h4><strong>C\u00e1ch s\u1eed d\u1ee5ng:<\/strong><\/h4>\n<p>&#8211; Th\u01b0\u1eddng \u0111\u01b0\u1ee3c d\u00f9ng ngay kh\u00f4ng c\u1ea7n th\u00f4ng qua ch\u1ebf bi\u1ebfn<\/p>\n<p>&#8211; Ngon h\u01a1n khi ch\u1ea5m k\u00e8m v\u1edbi t\u01b0\u01a1ng \u1edbt<\/p>\n<p>&#8211; D\u00f9ng h\u1ebft trong v\u00f2ng 2 ng\u00e0y sau khi m\u1edf g\u00f3i<\/p>\n<p>&#8211; C\u00f3 th\u1ec3 d\u00f9ng nh\u00e2m nhi v\u1edbi m\u1ed9t \u00edt bia c\u00f9ng b\u1ea1n b\u00e8 ho\u1eb7c trong c\u00e1c b\u1eefa ti\u1ec7c<\/p>\n<h4><strong>C\u00e1ch b\u1ea3o qu\u1ea3n:<\/strong><\/h4>\n<p>-S\u1eed d\u1ee5ng \u0111\u01b0\u1ee3c m\u1ed9t n\u0103m khi b\u1ea3o qu\u1ea3n \u0111\u00f4ng l\u1ea1nh, 3 th\u00e1ng khi \u0111\u1ec3 \u1edf nhi\u1ec7t \u0111\u1ed9 th\u01b0\u1eddng.<\/p>\n<p>-Khi \u0111\u00e3 b\u00f3c v\u1ecf n\u00ean b\u1ea3o qu\u1ea3n trong h\u1ed9p th\u1ee7y tinh.<\/p>\n<p>S\u1ea3n ph\u1ea9m hi\u1ec7n \u0111\u00e3 c\u00f3 m\u1eb7t t\u1ea1i Havamall.<\/p>","protected":false},"excerpt":{"rendered":"<p>Th\u01b0\u01a1ng hi\u1ec7u Tarczy\u0144ski Xu\u1ea5t x\u1ee9 Ba Lan Th\u00e0nh ph\u1ea7n Th\u1ecbt heo, s\u1eefa, c\u00e1c lo\u1ea1i h\u1ea1t (\u00f3c ch\u00f3, h\u1ea1nh nh\u00e2n, v\u1eebng,<\/p>","protected":false},"featured_media":34249,"comment_status":"open","ping_status":"closed","template":"","meta":[],"product_brand":[],"product_cat":[36,143],"product_tag":[],"class_list":{"0":"post-34247","1":"product","2":"type-product","3":"status-publish","4":"has-post-thumbnail","6":"product_cat-thuc-pham-tieu-dung","7":"product_cat-thuc-pham-dong-hop","8":"pa_brand-tarczynski","10":"first","11":"instock","12":"sale","13":"shipping-taxable","14":"purchasable","15":"product-type-simple"},"_links":{"self":[{"href":"https:\/\/havamall.vn\/en\/wp-json\/wp\/v2\/product\/34247"}],"collection":[{"href":"https:\/\/havamall.vn\/en\/wp-json\/wp\/v2\/product"}],"about":[{"href":"https:\/\/havamall.vn\/en\/wp-json\/wp\/v2\/types\/product"}],"replies":[{"embeddable":true,"href":"https:\/\/havamall.vn\/en\/wp-json\/wp\/v2\/comments?post=34247"}],"version-history":[{"count":0,"href":"https:\/\/havamall.vn\/en\/wp-json\/wp\/v2\/product\/34247\/revisions"}],"wp:featuredmedia":[{"embeddable":true,"href":"https:\/\/havamall.vn\/en\/wp-json\/wp\/v2\/media\/34249"}],"wp:attachment":[{"href":"https:\/\/havamall.vn\/en\/wp-json\/wp\/v2\/media?parent=34247"}],"wp:term":[{"taxonomy":"product_brand","embeddable":true,"href":"https:\/\/havamall.vn\/en\/wp-json\/wp\/v2\/product_brand?post=34247"},{"taxonomy":"product_cat","embeddable":true,"href":"https:\/\/havamall.vn\/en\/wp-json\/wp\/v2\/product_cat?post=34247"},{"taxonomy":"product_tag","embeddable":true,"href":"https:\/\/havamall.vn\/en\/wp-json\/wp\/v2\/product_tag?post=34247"}],"curies":[{"name":"wp","href":"https:\/\/api.w.org\/{rel}","templated":true}]}}