{"id":34202,"date":"2024-04-04T14:58:50","date_gmt":"2024-04-04T07:58:50","guid":{"rendered":"https:\/\/havamall.vn\/?post_type=product&#038;p=34202"},"modified":"2024-04-05T13:39:09","modified_gmt":"2024-04-05T06:39:09","slug":"sua-beo-bong-hong-carnation-385g-thai-lan","status":"publish","type":"product","link":"https:\/\/havamall.vn\/en\/shop\/sua-beo-bong-hong-carnation-385g-thai-lan\/","title":{"rendered":"S\u1eefa B\u00e9o B\u00f4ng H\u1ed3ng Carnation 385g Th\u00e1i Lan"},"content":{"rendered":"<h3><\/h3>\n<h3><strong>TH\u00d4NG TIN S\u1ea2N PH\u1ea8M<\/strong><\/h3>\n<table>\n<tbody>\n<tr>\n<td>Th\u01b0\u01a1ng hi\u1ec7u<\/td>\n<td>Carnation<\/td>\n<\/tr>\n<tr>\n<td>Xu\u1ea5t x\u1ee9<\/td>\n<td>Th\u00e1i Lan<\/td>\n<\/tr>\n<tr>\n<td>Th\u00e0nh ph\u1ea7n<\/td>\n<td>Xem tr\u00ean bao b\u00ec<\/td>\n<\/tr>\n<tr>\n<td>H\u1ea1n s\u1eed d\u1ee5ng<\/td>\n<td>12 th\u00e1ng k\u1ec3 t\u1eeb ng\u00e0y s\u1ea3n xu\u1ea5t<\/td>\n<\/tr>\n<tr>\n<td>B\u1ea3o qu\u1ea3n<\/td>\n<td>B\u1ea3o qu\u1ea3n n\u01a1i tho\u00e1ng m\u00e1t, tr\u00e1nh \u00e1nh n\u1eafng tr\u1ef1c ti\u1ebfp<\/td>\n<\/tr>\n<tr>\n<td>Kh\u1ed1i l\u01b0\u1ee3ng<\/td>\n<td>385g<\/td>\n<\/tr>\n<\/tbody>\n<\/table>\n<p>Trong ti\u1ec1m th\u1ee9c c\u1ee7a ng\u01b0\u1eddi ti\u00eau d\u00f9ng tr\u00ean to\u00e0n th\u1ebf gi\u1edbi, c\u00e1c s\u1ea3n ph\u1ea9m t\u1eeb s\u1eefa c\u1ee7a n\u01b0\u1edbc Th\u00e1i Lan lu\u00f4n c\u00f3 \u0111\u01b0\u1ee3c ch\u1ed7 \u0111\u1ee9ng v\u1eefng ch\u00e3i v\u00e0 ph\u1ea3n h\u1ed3i t\u1ed1t. C\u00f3 \u0111\u01b0\u1ee3c \u0111i\u1ec1u n\u00e0y l\u00e0 b\u1edfi v\u1ec1 c\u01a1 b\u1ea3n, qu\u1ed1c gia n\u00e0y l\u00e0 m\u1ed9t trong nh\u1eefng \u0111\u1ea5t n\u01b0\u1edbc ph\u00e1t tri\u1ec3n v\u1ec1 \u1ea9m th\u1ef1c. Ngu\u1ed3n nguy\u00ean li\u1ec7u \u0111\u01b0\u1ee3c s\u1ea3n xu\u1ea5t t\u1eeb \u0111\u00e0n b\u00f2 ch\u1ea5t l\u01b0\u1ee3ng cao lu\u00f4n \u0111\u01b0\u1ee3c tuy\u1ec3n ch\u1ecdn k\u1ef9 l\u01b0\u1ee1ng \u0111\u1ec3 s\u1ea3n xu\u1ea5t ra c\u00e1c s\u1ea3n ph\u1ea9m th\u1ee9 c\u1ea5p c\u00f3 gi\u00e1 tr\u1ecb kinh t\u1ebf cao, trong \u0111\u00f3 c\u00f3 d\u00f2ng S\u1eefa T\u01b0\u01a1i B\u00e9o Carnation 385g.<\/p>\n<p><img fetchpriority=\"high\" decoding=\"async\" class=\"wp-image-34203 aligncenter\" src=\"https:\/\/havamall.vn\/wp-content\/uploads\/2024\/04\/420663832_680707767591539_202194506445890051_n-300x300.jpeg\" alt=\"\" width=\"700\" height=\"700\" srcset=\"https:\/\/havamall.vn\/wp-content\/uploads\/2024\/04\/420663832_680707767591539_202194506445890051_n-300x300.jpeg 300w, https:\/\/havamall.vn\/wp-content\/uploads\/2024\/04\/420663832_680707767591539_202194506445890051_n-600x600.jpeg 600w, https:\/\/havamall.vn\/wp-content\/uploads\/2024\/04\/420663832_680707767591539_202194506445890051_n-150x150.jpeg 150w, https:\/\/havamall.vn\/wp-content\/uploads\/2024\/04\/420663832_680707767591539_202194506445890051_n-768x768.jpeg 768w, https:\/\/havamall.vn\/wp-content\/uploads\/2024\/04\/420663832_680707767591539_202194506445890051_n-1024x1024.jpeg 1024w, https:\/\/havamall.vn\/wp-content\/uploads\/2024\/04\/420663832_680707767591539_202194506445890051_n-100x100.jpeg 100w, https:\/\/havamall.vn\/wp-content\/uploads\/2024\/04\/420663832_680707767591539_202194506445890051_n.jpeg 1070w\" sizes=\"(max-width: 700px) 100vw, 700px\" \/><\/p>\n<p>S\u1eefa T\u01b0\u01a1i B\u00e9o Carnation 385g \u0111\u01b0\u1ee3c s\u1ea3n xu\u1ea5t theo quy tr\u00ecnh c\u00f4ng ngh\u1ec7 hi\u1ec7n \u0111\u1ea1i t\u1eeb ngu\u1ed3n s\u1eefa b\u00f2 t\u01b0\u01a1i nguy\u00ean ch\u1ea5t c\u1ee7a Th\u00e1i Lan. S\u1eefa t\u01b0\u01a1i nguy\u00ean ch\u1ea5t Carnation 385ml l\u00e0 s\u1ea3n ph\u1ea9m \u0111\u01b0\u1ee3c l\u00e0m t\u1eeb 100% s\u1eefa b\u00f2 t\u01b0\u01a1i nguy\u00ean ch\u1ea5t lo\u1ea1i th\u01b0\u1ee3ng h\u1ea1ng. S\u1ea3n ph\u1ea9m \u0111\u01b0\u1ee3c thu ho\u1ea1ch v\u00e0 s\u01a1 ch\u1ebf ngay t\u1ea1i n\u00f4ng tr\u1ea1i, sau \u0111\u00f3 \u0111\u01b0\u1ee3c \u0111\u00f3ng g\u00f3i theo ti\u00eau chu\u1ea9n v\u1ec7 sinh an to\u00e0n th\u1ef1c ph\u1ea9m theo c\u00f4ng ngh\u1ec7 ti\u00ean ti\u1ebfn h\u00e0ng \u0111\u1ea7u c\u1ee7a Th\u00e1i Lan.<\/p>\n<p><img decoding=\"async\" class=\"wp-image-34204 aligncenter\" src=\"https:\/\/havamall.vn\/wp-content\/uploads\/2024\/04\/420658717_680707697591546_2767904715468170186_n-300x300.jpeg\" alt=\"\" width=\"707\" height=\"707\" srcset=\"https:\/\/havamall.vn\/wp-content\/uploads\/2024\/04\/420658717_680707697591546_2767904715468170186_n-300x300.jpeg 300w, https:\/\/havamall.vn\/wp-content\/uploads\/2024\/04\/420658717_680707697591546_2767904715468170186_n-600x600.jpeg 600w, https:\/\/havamall.vn\/wp-content\/uploads\/2024\/04\/420658717_680707697591546_2767904715468170186_n-150x150.jpeg 150w, https:\/\/havamall.vn\/wp-content\/uploads\/2024\/04\/420658717_680707697591546_2767904715468170186_n-100x100.jpeg 100w, https:\/\/havamall.vn\/wp-content\/uploads\/2024\/04\/420658717_680707697591546_2767904715468170186_n.jpeg 713w\" sizes=\"(max-width: 707px) 100vw, 707px\" \/><\/p>\n<p>S\u1eefa T\u01b0\u01a1i B\u00e9o Carnation \u0111\u01b0\u1ee3c s\u1ea3n xu\u1ea5t theo quy tr\u00ecnh c\u00f4ng ngh\u1ec7 hi\u1ec7n \u0111\u1ea1i t\u1eeb ngu\u1ed3n s\u1eefa b\u00f2 t\u01b0\u01a1i nguy\u00ean ch\u1ea5t c\u1ee7a Th\u00e1i Lan. Ngu\u1ed3n nguy\u00ean li\u1ec7u \u0111\u01b0\u1ee3c x\u1eed l\u00fd theo quy tr\u00ecnh kh\u00e9p k\u00edn, kh\u1eed tr\u00f9ng \u1edf nhi\u1ec7t \u0111\u1ed9 t\u1eeb 135 \u0111\u1ebfn 150 \u0111\u1ed9 C v\u00e0 l\u00e0m l\u1ea1nh nhanh xu\u1ed1ng nhi\u1ec7t \u0111\u1ed9 12.5 \u0111\u1ed9 C \u0111\u1ec3 \u0111\u1ea3m b\u1ea3o an to\u00e0n v\u1ec7 sinh th\u1ef1c ph\u1ea9m m\u00e0 v\u1eabn gi\u1eef \u0111\u01b0\u1ee3c \u0111\u1ed9 t\u01b0\u01a1i ngon c\u1ee7a s\u1eefa.<\/p>\n<p>C\u00f4ng ngh\u1ec7 ch\u1ebf bi\u1ebfn \u0111\u1ed9c quy\u1ec1n v\u00e0 ti\u00ean ti\u1ebfn c\u1ee7a Carnation cho ra s\u1ea3n ph\u1ea9m s\u1eefa t\u01b0\u01a1i kh\u00f4ng \u0111\u01b0\u1eddng \u0111\u1ea1t ch\u1ea5t l\u01b0\u1ee3ng ti\u00eau chu\u1ea9n cao. S\u1eefa ch\u1ee9a \u0111\u1ea7y \u0111\u1ee7 c\u00e1c lo\u1ea1i vi kho\u00e1ng, c\u00e1c Vitamin, c\u00e1c Protein thi\u1ebft y\u1ebfu v\u00e0 quan tr\u1ecdng cho c\u01a1 th\u1ec3.<\/p>\n<p><img decoding=\"async\" class=\"wp-image-34205 aligncenter\" src=\"https:\/\/havamall.vn\/wp-content\/uploads\/2024\/04\/427715061_697555492573433_2236907204624375046_n-300x300.jpeg\" alt=\"\" width=\"715\" height=\"715\" srcset=\"https:\/\/havamall.vn\/wp-content\/uploads\/2024\/04\/427715061_697555492573433_2236907204624375046_n-300x300.jpeg 300w, https:\/\/havamall.vn\/wp-content\/uploads\/2024\/04\/427715061_697555492573433_2236907204624375046_n-600x600.jpeg 600w, https:\/\/havamall.vn\/wp-content\/uploads\/2024\/04\/427715061_697555492573433_2236907204624375046_n-1200x1200.jpeg 1200w, https:\/\/havamall.vn\/wp-content\/uploads\/2024\/04\/427715061_697555492573433_2236907204624375046_n-150x150.jpeg 150w, https:\/\/havamall.vn\/wp-content\/uploads\/2024\/04\/427715061_697555492573433_2236907204624375046_n-768x768.jpeg 768w, https:\/\/havamall.vn\/wp-content\/uploads\/2024\/04\/427715061_697555492573433_2236907204624375046_n-1024x1024.jpeg 1024w, https:\/\/havamall.vn\/wp-content\/uploads\/2024\/04\/427715061_697555492573433_2236907204624375046_n-100x100.jpeg 100w, https:\/\/havamall.vn\/wp-content\/uploads\/2024\/04\/427715061_697555492573433_2236907204624375046_n.jpeg 1297w\" sizes=\"(max-width: 715px) 100vw, 715px\" \/><\/p>\n<p>S\u1ea3n ph\u1ea9m \u0111\u01b0\u1ee3c \u0111\u00f3ng g\u00f3i h\u1ee3p v\u1ec7 sinh v\u00e0 r\u1ea5t th\u00e2n thi\u1ec7n m\u00f4i tr\u01b0\u1eddng. Nh\u00e3n m\u00e1c \u0111\u1ed9c quy\u1ec1n v\u00e0 h\u00ecnh \u1ea3nh thu h\u00fat s\u1ebd gi\u00fap b\u1ea1n nh\u1eadn ra ngay th\u01b0\u01a1ng hi\u1ec7u Carnation tr\u00ean b\u1ea5t k\u1ef3 gi\u00e1 k\u1ec7 si\u00eau th\u1ecb hay c\u1eeda h\u00e0ng n\u00e0o. S\u1ea3n ph\u1ea9m sau \u0111\u00f3 s\u1ebd \u0111\u01b0\u1ee3c ph\u00e2n ph\u1ed1i b\u1edfi m\u1ea1ng l\u01b0\u1edbi r\u1ed9ng kh\u1eafp to\u00e0n th\u1ebf gi\u1edbi.<\/p>\n<h2><strong>\u0110\u1eb6C \u0110I\u1ec2M N\u1ed4I B\u1eacT C\u1ee6A S\u1ea2N PH\u1ea8M<\/strong><\/h2>\n<p>&#8211; S\u1eefa t\u01b0\u01a1i b\u00e9o Carnation (s\u1eefa Hoa H\u1ed3ng) l\u00e0 m\u1ed9t lo\u1ea1i s\u1eefa t\u01b0\u01a1i chuy\u00ean d\u00f9ng \u0111\u1ec3 pha ch\u1ebf \u0111\u1ed3 u\u1ed1ng, ch\u1ebf bi\u1ebfn th\u1ef1c ph\u1ea9m c\u00e1c lo\u1ea1i.<\/p>\n<p>&#8211; S\u1eefa t\u01b0\u01a1i b\u00e9o Carnation c\u00f3 m\u00f9i th\u01a1m \u0111\u1eb7c tr\u1ee9ng c\u1ee7a s\u1eefa v\u00e0 \u0111\u1ed9 ng\u1eady cao gi\u00fap m\u00f3n \u0103n, \u0111\u1ed3 u\u1ed1ng th\u00eam \u0111\u1eadm \u0111\u00e0, d\u1eady m\u00f9i th\u01a1m ngon, ng\u1eady b\u00e9o.<\/p>\n<p>&#8211; S\u1eefa ho\u00e0n to\u00e0n kh\u00f4ng ch\u1ee9a \u0111\u01b0\u1eddng. Gi\u00fap b\u1ea1n c\u00f3 th\u1ec3 h\u1ea1n ch\u1ebf ho\u1eb7c \u0111i\u1ec1u ch\u1ec9nh l\u01b0\u1ee3ng \u0111\u01b0\u1eddng th\u00eam cho ph\u00f9 h\u1ee3p v\u1edbi kh\u1ea9u v\u1ecb t\u1eebng ng\u01b0\u1eddi trong qu\u00e1 tr\u00ecnh pha ch\u1ebf.<\/p>\n<p>&#8211; \u0110\u01b0\u1ee3c s\u1ea3n xu\u1ea5t tr\u00ean d\u00e2y chuy\u1ec1n c\u00f4ng ngh\u1ec7 hi\u1ec7n \u0111\u1ea1i c\u1ee7a Th\u00e1i Lan, s\u1ea3n ph\u1ea9m \u0111\u1ea3m b\u1ea3o an to\u00e0n v\u00e0 ch\u1ea5t l\u01b0\u1ee3ng cho ng\u01b0\u1eddi ti\u00eau d\u00f9ng.<\/p>\n<p>&#8211; S\u1eefa t\u01b0\u01a1i b\u00e9o Carnation c\u00f3 h\u00e0m l\u01b0\u1ee3ng b\u00e9o cao, h\u01b0\u01a1ng th\u01a1m ng\u00e2y ng\u1ea5t. Th\u00edch h\u1ee3p \u0111\u1ec3 pha tr\u00e0 s\u1eefa, \u0111\u1ed3 u\u1ed1ng ho\u1eb7c \u0111\u1ec3 \u01b0\u1edbp th\u1ecbt, l\u00e0m h\u01b0\u01a1ng li\u1ec7u cho c\u00e1c m\u00f3n \u0103n.<\/p>\n<p><img loading=\"lazy\" decoding=\"async\" class=\"wp-image-34206 aligncenter\" src=\"https:\/\/havamall.vn\/wp-content\/uploads\/2024\/04\/433128751_719315847064064_8189739570903454490_n-300x300.jpeg\" alt=\"\" width=\"711\" height=\"711\" srcset=\"https:\/\/havamall.vn\/wp-content\/uploads\/2024\/04\/433128751_719315847064064_8189739570903454490_n-300x300.jpeg 300w, https:\/\/havamall.vn\/wp-content\/uploads\/2024\/04\/433128751_719315847064064_8189739570903454490_n-600x600.jpeg 600w, https:\/\/havamall.vn\/wp-content\/uploads\/2024\/04\/433128751_719315847064064_8189739570903454490_n-150x150.jpeg 150w, https:\/\/havamall.vn\/wp-content\/uploads\/2024\/04\/433128751_719315847064064_8189739570903454490_n-100x100.jpeg 100w, https:\/\/havamall.vn\/wp-content\/uploads\/2024\/04\/433128751_719315847064064_8189739570903454490_n.jpeg 713w\" sizes=\"(max-width: 711px) 100vw, 711px\" \/><\/p>\n<h2><strong>\u1ee8NG D\u1ee4NG C\u1ee6A S\u1ea2N PH\u1ea8M<\/strong><\/h2>\n<ul>\n<li>S\u1ea3n ph\u1ea9m th\u01b0\u1eddng d\u00f9ng trong n\u1ea5u tr\u00e0 s\u1eefa v\u00e0 c\u00e1c th\u1ee9c u\u1ed1ng s\u1eefa ng\u0169 c\u1ed1c, s\u1eefa tr\u00e1i c\u00e2y ho\u1eb7c c\u00e1c lo\u1ea1i ch\u00e8 b\u00e9o.<\/li>\n<li>\u0110\u1eb7c bi\u1ec7t s\u1ea3n ph\u1ea9m n\u00e0y c\u00f2n l\u00e0m t\u0103ng th\u00eam ch\u1ea5t b\u00e9o trong sinh t\u1ed1 ho\u1eb7c c\u00e1c th\u1ee9c u\u1ed1ng kh\u00f4ng c\u1ed3n.<\/li>\n<li>S\u1eefa t\u01b0\u01a1i b\u00e9o Carnation th\u01b0\u1eddng d\u00f9ng trong n\u1ea5u tr\u00e0 s\u1eefa<\/li>\n<li>Ngo\u00e0i ra, s\u1ea3n ph\u1ea9m c\u00f2n s\u1eed d\u1ee5ng trong l\u00e0m b\u00e1nh nh\u01b0: b\u00e1nh flan, b\u00e1nh kem, b\u00e1nh khoai lang, b\u00e1nh cam, b\u00e1nh d\u1eeba, b\u00e1nh pudding\u2026<\/li>\n<li>\u0110i\u1ec3m \u0111\u1eb7c bi\u1ec7t c\u1ee7a\u00a0<strong>S\u1eefa T\u01b0\u01a1i B\u00e9o Carnation\u00a0<\/strong>ch\u00ednh l\u00e0 c\u00f3 th\u1ec3 l\u00e0m \u201cgia v\u1ecb\u201d cho c\u00e1c m\u00f3n \u0103n.<\/li>\n<\/ul>","protected":false},"excerpt":{"rendered":"<p>TH\u00d4NG TIN S\u1ea2N PH\u1ea8M Th\u01b0\u01a1ng hi\u1ec7u Carnation Xu\u1ea5t x\u1ee9 Th\u00e1i Lan Th\u00e0nh ph\u1ea7n Xem tr\u00ean bao b\u00ec H\u1ea1n s\u1eed d\u1ee5ng<\/p>","protected":false},"featured_media":34207,"comment_status":"open","ping_status":"closed","template":"","meta":[],"product_brand":[],"product_cat":[36,135],"product_tag":[],"class_list":{"0":"post-34202","1":"product","2":"type-product","3":"status-publish","4":"has-post-thumbnail","6":"product_cat-thuc-pham-tieu-dung","7":"product_cat-sua-do-uong","9":"first","10":"instock","11":"sale","12":"shipping-taxable","13":"purchasable","14":"product-type-simple"},"_links":{"self":[{"href":"https:\/\/havamall.vn\/en\/wp-json\/wp\/v2\/product\/34202"}],"collection":[{"href":"https:\/\/havamall.vn\/en\/wp-json\/wp\/v2\/product"}],"about":[{"href":"https:\/\/havamall.vn\/en\/wp-json\/wp\/v2\/types\/product"}],"replies":[{"embeddable":true,"href":"https:\/\/havamall.vn\/en\/wp-json\/wp\/v2\/comments?post=34202"}],"version-history":[{"count":0,"href":"https:\/\/havamall.vn\/en\/wp-json\/wp\/v2\/product\/34202\/revisions"}],"wp:featuredmedia":[{"embeddable":true,"href":"https:\/\/havamall.vn\/en\/wp-json\/wp\/v2\/media\/34207"}],"wp:attachment":[{"href":"https:\/\/havamall.vn\/en\/wp-json\/wp\/v2\/media?parent=34202"}],"wp:term":[{"taxonomy":"product_brand","embeddable":true,"href":"https:\/\/havamall.vn\/en\/wp-json\/wp\/v2\/product_brand?post=34202"},{"taxonomy":"product_cat","embeddable":true,"href":"https:\/\/havamall.vn\/en\/wp-json\/wp\/v2\/product_cat?post=34202"},{"taxonomy":"product_tag","embeddable":true,"href":"https:\/\/havamall.vn\/en\/wp-json\/wp\/v2\/product_tag?post=34202"}],"curies":[{"name":"wp","href":"https:\/\/api.w.org\/{rel}","templated":true}]}}