{"id":34167,"date":"2024-03-29T12:00:31","date_gmt":"2024-03-29T05:00:31","guid":{"rendered":"https:\/\/havamall.vn\/?post_type=product&#038;p=34167"},"modified":"2025-03-21T11:10:14","modified_gmt":"2025-03-21T04:10:14","slug":"trai-dao-cat-vuong-havafoodies-dong-lanh-1kg-frozen-peach-cube","status":"publish","type":"product","link":"https:\/\/havamall.vn\/en\/shop\/trai-dao-cat-vuong-havafoodies-dong-lanh-1kg-frozen-peach-cube\/","title":{"rendered":"Tr\u00e1i \u0110\u00e0o C\u1eaft Vu\u00f4ng Havafoodies \u0110\u00f4ng L\u1ea1nh 1kg &#8211; Frozen Peach Cube"},"content":{"rendered":"<h2><\/h2>\n<h2><strong>Th\u00f4ng tin s\u1ea3n ph\u1ea9m<\/strong><\/h2>\n<table>\n<tbody>\n<tr>\n<td>Th\u01b0\u01a1ng hi\u1ec7u<\/td>\n<td>Havafoodies<\/td>\n<\/tr>\n<tr>\n<td>Th\u00e0nh ph\u1ea7n<\/td>\n<td>100% \u0111\u00e0o c\u1eaft vu\u00f4ng \u0111\u00f4ng l\u1ea1nh<\/td>\n<\/tr>\n<tr>\n<td>H\u1ea1n s\u1eed d\u1ee5ng<\/td>\n<td>18 th\u00e1ng k\u1ec3 t\u1eeb ng\u00e0y s\u1ea3n xu\u1ea5t.<\/td>\n<\/tr>\n<tr>\n<td>B\u1ea3o qu\u1ea3n<\/td>\n<td>B\u1ea3o qu\u1ea3n d\u01b0\u1edbi 18\u0ae6C<\/td>\n<\/tr>\n<tr>\n<td>Kh\u1ed1i l\u01b0\u1ee3ng t\u1ecbnh<\/td>\n<td>1kg<\/td>\n<\/tr>\n<\/tbody>\n<\/table>\n<p dir=\"auto\">\u0110\u00e0o \u0111\u00f4ng l\u1ea1nh l\u00e0 d\u00f2ng s\u1ea3n ph\u1ea9m tr\u00e1i c\u00e2y \u0111\u00f4ng l\u1ea1nh v\u1edbi d\u00e2y chuy\u1ec1n c\u1ea5p \u0111\u00f4ng si\u00eau t\u1ed1c l\u00e0m t\u1eeb tr\u00e1i c\u00e2y t\u1ef1 nhi\u00ean v\u00e0 \u0111\u01b0\u1ee3c l\u1ef1a ch\u1ecdn k\u1ef9 l\u01b0\u1ee1ng, \u0111\u01b0\u1ee3c \u0111\u00f3ng g\u00f3i ti\u1ec7n l\u1ee3i \u0111\u1ec3 ph\u1ee5c v\u1ee5 m\u1ecdi nhu c\u1ea7u s\u1eed d\u1ee5ng su\u1ed1t c\u1ea3 n\u0103m.<\/p>\n<div class=\"kvgmc6g5 cxmmr5t8 oygrvhab hcukyx3x c1et5uql ii04i59q\">\n<p dir=\"auto\">Tr\u00e1i c\u00e2y \u0111\u01b0\u1ee3c ch\u1ecdn t\u1eeb nh\u1eefng ngu\u1ed3n v\u00e0 gi\u1ed1ng t\u1ed1t nh\u1ea5t \u0111\u1ea3m b\u1ea3o kh\u00f4ng \u0111\u01b0\u1eddng, kh\u00f4ng ch\u1ea5t t\u1ea1o m\u00f9i, kh\u00f4ng ch\u1ea5t t\u1ea1o m\u00e0u, kh\u00f4ng ch\u1ea5t b\u1ea3o qu\u1ea3n n\u00ean r\u1ea5t an to\u00e0n cho ng\u01b0\u1eddi s\u1eed d\u1ee5ng. S\u1ea3n ph\u1ea9m \u0111\u01b0\u1ee3c l\u00e0m l\u1ea1nh ngay sau khi thu ho\u1ea1ch n\u00ean gi\u1eef \u0111\u01b0\u1ee3c tr\u1ecdn v\u1eb9n h\u01b0\u01a1ng v\u1ecb, \u0111\u1ed9 t\u01b0\u01a1i ngon c\u00f9ng c\u00e1c vitamin, kho\u00e1ng ch\u1ea5t.<img fetchpriority=\"high\" decoding=\"async\" class=\"wp-image-34169 aligncenter\" src=\"https:\/\/havamall.vn\/wp-content\/uploads\/2025\/03\/frozenmangodiced-300x300.jpg\" alt=\"\" width=\"626\" height=\"626\" \/> \u0110\u00e0o l\u00e0 lo\u1ea1i qu\u1ea3 kh\u00f4ng ch\u1ec9 c\u00f3 v\u1ecb ng\u1ecdt thanh, ngon mi\u1ec7ng m\u00e0 c\u00f2n ch\u1ee9a nhi\u1ec1u gi\u00e1 tr\u1ecb dinh d\u01b0\u1ee1ng t\u1ed1t cho s\u1ee9c kh\u1ecfe con ng\u01b0\u1eddi. Nh\u1eefng l\u1ee3i \u00edch m\u00e0 qu\u1ea3 \u0111\u00e0o mang l\u1ea1i cho s\u1ee9c kh\u1ecfe nh\u01b0 gi\u1ea3m l\u01b0\u1ee3ng kali m\u00e1u, ung th\u01b0, b\u00e9o ph\u00ec, cholesterol, \u1ee9 m\u00e1u v\u00e0 c\u00e1c b\u1ec7nh tho\u00e1i h\u00f3a th\u1ea7n kinh\u2026 khi\u1ebfn b\u1ea1n mu\u1ed1n \u0103n ngay lo\u1ea1i qu\u1ea3 b\u1ed5 d\u01b0\u1ee1ng n\u00e0y.<\/p>\n<p dir=\"auto\"><img decoding=\"async\" class=\"wp-image-34172 aligncenter\" src=\"https:\/\/havamall.vn\/wp-content\/uploads\/2025\/03\/peach-frozen-yogurt-ninja-creami-200x300.jpg\" alt=\"\" width=\"623\" height=\"935\" \/><\/p>\n<div class=\"sc-ca94557f-13 izsqdJ unique-content\">\n<div class=\"sc-ca94557f-4 sc-ca94557f-6 sc-ca94557f-7 dGVWFB kzOEKc dLRsiU body-content article-content-wrapper\">\n<p>\u0110\u00e0o l\u00e0 lo\u1ea1i tr\u00e1i c\u00e2y gi\u00e0u vitamin A, beta-carotene v\u00e0 vitamin C (axit ascorbic). Qu\u1ea3 \u0111\u00e0o c\u0169ng l\u00e0 m\u1ed9t ngu\u1ed3n cung c\u1ea5p c\u00e1c d\u01b0\u1ee1ng ch\u1ea5t tuy\u1ec7t v\u1eddi nh\u01b0 vitamin E (alpha-tocopherol), vitamin K (phylloquinone), vitamin B1 (thiamin), vitamin B2 (riboflavin), vitamin B3 (niacin), vitamin B-6, folate v\u00e0 axit pantothenic. \u0110\u1ed3ng th\u1eddi, n\u00f3 c\u00f2n cung c\u1ea5p cho c\u01a1 th\u1ec3 chu\u1ed7i c\u00e1c kho\u00e1ng ch\u1ea5t quan tr\u1ecdng nh\u01b0 canxi, kali, magi\u00ea, s\u1eaft, mangan, ph\u1ed1t pho, k\u1ebdm v\u00e0 \u0111\u1ed3ng.<\/p>\n<p><img decoding=\"async\" class=\"wp-image-34171 aligncenter\" src=\"https:\/\/havamall.vn\/wp-content\/uploads\/2025\/03\/peach-french-toast-casserole-21-200x300.jpg\" alt=\"\" width=\"626\" height=\"939\" \/><\/p>\n<\/div>\n<\/div>\n<div class=\"sc-ca94557f-13 izsqdJ unique-content\">\n<div class=\"sc-ca94557f-4 sc-ca94557f-6 sc-ca94557f-7 dGVWFB kzOEKc dLRsiU body-content article-content-wrapper\">\n<p>Qu\u1ea3 \u0111\u00e0o c\u00f3 c\u00f4ng d\u1ee5ng duy tr\u00ec th\u1ecb l\u1ef1c l\u00e0nh m\u1ea1nh, ch\u0103m s\u00f3c da, h\u1ec7 th\u1ea7n kinh, x\u01b0\u01a1ng v\u00e0 r\u0103ng kh\u1ecfe m\u1ea1nh. Ngo\u00e0i ra, n\u00f3 c\u00f3 t\u00ednh ch\u1ed1ng l\u00e3o h\u00f3a v\u00e0 gi\u00fap cai nghi\u1ec7n, c\u0169ng nh\u01b0 c\u1ea3i thi\u1ec7n ti\u00eau h\u00f3a v\u00e0 s\u1ee9c kh\u1ecfe c\u1ee7a t\u1ebf b\u00e0o. H\u01a1n n\u1eefa, \u0111\u00e0o c\u00f2n c\u00f3 r\u1ea5t nhi\u1ec1u ch\u1ea5t dinh d\u01b0\u1ee1ng thi\u1ebft y\u1ebfu v\u00e0 c\u00e1c ch\u1ea5t ch\u1ed1ng oxy h\u00f3a c\u00f3 gi\u00e1 tr\u1ecb trong th\u1eddi k\u1ef3 mang thai v\u00e0 n\u00f3 gi\u00fap t\u0103ng c\u01b0\u1eddng h\u1ec7 th\u1ed1ng mi\u1ec5n d\u1ecbch.<\/p>\n<p><img loading=\"lazy\" decoding=\"async\" class=\"wp-image-34170 aligncenter\" src=\"https:\/\/havamall.vn\/wp-content\/uploads\/2025\/03\/IMG_3701-200x300.jpg\" alt=\"\" width=\"635\" height=\"953\" \/><\/p>\n<\/div>\n<\/div>\n<div class=\"j83agx80\">\n<div class=\"dwo3fsh8 g5ia77u1 rt8b4zig n8ej3o3l agehan2d sk4xxmp2 rq0escxv q9uorilb kvgmc6g5 cxmmr5t8 oygrvhab hcukyx3x jb3vyjys rz4wbd8a qt6c0cv9 a8nywdso l9j0dhe7 i1ao9s8h k4urcfbm\">\n<div class=\"j83agx80 cbu4d94t sj5x9vvc cxgpxx05\">\n<div class=\"rq0escxv l9j0dhe7 du4w35lb j83agx80 pfnyh3mw jifvfom9 ll8tlv6m owycx6da btwxx1t3 hv4rvrfc dati1w0a jb3vyjys b5q2rw42 lq239pai mysgfdmx hddg9phg\">\n<div class=\"rq0escxv l9j0dhe7 du4w35lb j83agx80 cbu4d94t d2edcug0 hpfvmrgz rj1gh0hx buofh1pr g5gj957u o8rfisnq p8fzw8mz pcp91wgn iuny7tx3 ipjc6fyt\">\n<div class=\"j83agx80 cbu4d94t ew0dbk1b irj2b8pg\">\n<div class=\"qzhwtbm6 knvmm38d\">\n<div class=\"j83agx80 cbu4d94t ew0dbk1b irj2b8pg\">\n<div class=\"qzhwtbm6 knvmm38d\">\n<div class=\"kvgmc6g5 cxmmr5t8 oygrvhab hcukyx3x c1et5uql\">\n<div class=\"kvgmc6g5 cxmmr5t8 oygrvhab hcukyx3x c1et5uql ii04i59q\">\n<h2><strong>\u0110\u1eb7c \u0111i\u1ec3m n\u1ed5i b\u1eadt c\u1ee7a s\u1ea3n ph\u1ea9m:<\/strong><\/h2>\n<p>\u2013 C\u00f4ng ngh\u1ec7 l\u00e0m l\u1ea1nh nhanh gi\u00fap gi\u1eef nguy\u00ean v\u1eb9n m\u00f9i v\u1ecb v\u00e0 ch\u1ea5t dinh d\u01b0\u1ee1ng c\u00f3 trong tr\u00e1i c\u00e2y<\/p>\n<p>\u2013 S\u1ea3n ph\u1ea9m \u0111\u01b0\u1ee3c \u0111\u00f3n g\u00f3i d\u1ea1ng h\u1ed9p gi\u00fap b\u1ea3o qu\u1ea3n d\u1ec5 d\u00e0ng h\u01a1n<\/p>\n<p>\u2013 C\u00f3 th\u1ec3 s\u1eed d\u1ee5ng v\u00e0 b\u1ea3o qu\u1ea3n trong th\u1eddi gian d\u00e0i<\/p>\n<\/div>\n<\/div>\n<\/div>\n<\/div>\n<\/div>\n<\/div>\n<\/div>\n<\/div>\n<\/div>\n<\/div>\n<\/div>\n<p>\u2013 \u0110\u01b0\u1ee3c ph\u00e2n lo\u1ea1i t\u1eadn tay v\u00e0 ch\u1ecdn l\u1ecdc ch\u1eb7t ch\u1ebd tr\u01b0\u1edbc khi \u0111\u00f3ng g\u00f3i<\/p>\n<p>\u2013 Tr\u00e1i c\u00e2y \u0111\u01b0\u1ee3c ch\u1ecdn t\u1eeb nh\u1eefng ngu\u1ed3n v\u00e0 gi\u1ed1ng t\u1ed1t nh\u1ea5t<\/p>\n<p><img loading=\"lazy\" decoding=\"async\" class=\"wp-image-34173 aligncenter\" src=\"https:\/\/havamall.vn\/wp-content\/uploads\/2025\/03\/b3bfd4be-1444-41ae-a658-1cc55a42032e_1500x1200-300x240.jpg\" alt=\"\" width=\"656\" height=\"524\" \/><\/p>\n<h2><strong>H\u01b0\u1edbng d\u1eabn s\u1eed d\u1ee5ng:<\/strong><\/h2>\n<p>\u2013 L\u1ea5y l\u01b0\u1ee3ng v\u1eeba \u0111\u1ee7 d\u00f9ng \u0111\u1ec3 ra ngo\u00e0i cho gi\u00e3 \u0111\u00f4ng r\u1ed3i d\u00f9ng ngay. Ho\u1eb7c c\u00f3 th\u1ec3 \u0111\u1ec3 xu\u1ed1ng ng\u0103n m\u00e1t t\u1ee7 l\u1ea1nh (kho\u1ea3ng 1-3 \u0111\u1ed9 C) r\u1ed3i d\u00f9ng d\u1ea7n trong v\u00f2ng 3 ng\u00e0y sau \u0111\u00f3.<\/p>\n<p>\u2013 \u0110\u00e0o \u0111\u00f4ng l\u1ea1nh \u0111\u01b0\u1ee3c d\u00f9ng nh\u01b0 tr\u00e1i c\u00e2y t\u01b0\u01a1i b\u00ecnh th\u01b0\u1eddng: \u0103n k\u00e8m s\u1eefa chua, xay sinh t\u1ed1, l\u00e0m m\u1ee9t, l\u00e0m b\u00e1nh,\u2026ho\u1eb7c d\u00f9ng l\u00e0m n\u01b0\u1edbc s\u1ed1t cho c\u00e1c m\u00f3n \u0103n T\u00e2y \u0111\u1ec1u r\u1ea5t ngon v\u00e0 b\u1ed5 d\u01b0\u1ee1ng.<\/p>\n<p><img loading=\"lazy\" decoding=\"async\" class=\"wp-image-34168 aligncenter\" src=\"https:\/\/havamall.vn\/wp-content\/uploads\/2025\/03\/Frozen-Peaches-in-a-Blender-300x300.jpg\" alt=\"\" width=\"670\" height=\"670\" \/><\/p>\n<\/div>","protected":false},"excerpt":{"rendered":"<p>Th\u00f4ng tin s\u1ea3n ph\u1ea9m Th\u01b0\u01a1ng hi\u1ec7u Havafoodies Th\u00e0nh ph\u1ea7n 100% \u0111\u00e0o c\u1eaft vu\u00f4ng \u0111\u00f4ng l\u1ea1nh H\u1ea1n s\u1eed d\u1ee5ng 18 th\u00e1ng<\/p>","protected":false},"featured_media":34174,"comment_status":"open","ping_status":"closed","template":"","meta":[],"product_brand":[],"product_cat":[674,678,36],"product_tag":[],"class_list":{"0":"post-34167","1":"product","2":"type-product","3":"status-publish","4":"has-post-thumbnail","6":"product_cat-nhap-khau-trung-quoc","7":"product_cat-trai-cay-dong-lanh","8":"product_cat-thuc-pham-tieu-dung","10":"first","11":"instock","12":"sale","13":"shipping-taxable","14":"purchasable","15":"product-type-simple"},"_links":{"self":[{"href":"https:\/\/havamall.vn\/en\/wp-json\/wp\/v2\/product\/34167"}],"collection":[{"href":"https:\/\/havamall.vn\/en\/wp-json\/wp\/v2\/product"}],"about":[{"href":"https:\/\/havamall.vn\/en\/wp-json\/wp\/v2\/types\/product"}],"replies":[{"embeddable":true,"href":"https:\/\/havamall.vn\/en\/wp-json\/wp\/v2\/comments?post=34167"}],"version-history":[{"count":0,"href":"https:\/\/havamall.vn\/en\/wp-json\/wp\/v2\/product\/34167\/revisions"}],"wp:featuredmedia":[{"embeddable":true,"href":"https:\/\/havamall.vn\/en\/wp-json\/wp\/v2\/media\/34174"}],"wp:attachment":[{"href":"https:\/\/havamall.vn\/en\/wp-json\/wp\/v2\/media?parent=34167"}],"wp:term":[{"taxonomy":"product_brand","embeddable":true,"href":"https:\/\/havamall.vn\/en\/wp-json\/wp\/v2\/product_brand?post=34167"},{"taxonomy":"product_cat","embeddable":true,"href":"https:\/\/havamall.vn\/en\/wp-json\/wp\/v2\/product_cat?post=34167"},{"taxonomy":"product_tag","embeddable":true,"href":"https:\/\/havamall.vn\/en\/wp-json\/wp\/v2\/product_tag?post=34167"}],"curies":[{"name":"wp","href":"https:\/\/api.w.org\/{rel}","templated":true}]}}