{"id":34133,"date":"2024-03-28T11:02:33","date_gmt":"2024-03-28T04:02:33","guid":{"rendered":"https:\/\/havamall.vn\/?post_type=product&#038;p=34133"},"modified":"2025-03-18T15:29:31","modified_gmt":"2025-03-18T08:29:31","slug":"ruou-hoa-tieu-dong-ho-r-thieu-hung-600ml","status":"publish","type":"product","link":"https:\/\/havamall.vn\/en\/shop\/ruou-hoa-tieu-dong-ho-r-thieu-hung-600ml\/","title":{"rendered":"R\u01b0\u1ee3u Hoa Ti\u00eau \u0110\u00f4ng H\u1ed3 R Thi\u1ec7u H\u01b0ng 600ml"},"content":{"rendered":"<h2><\/h2>\n<h2><strong>TH\u00d4NG TIN CHUNG<\/strong><\/h2>\n<table>\n<tbody>\n<tr>\n<td>Th\u01b0\u01a1ng hi\u1ec7u<\/td>\n<td>R Thi\u1ec7u H\u01b0ng<\/td>\n<\/tr>\n<tr>\n<td>Xu\u1ea5t x\u1ee9<\/td>\n<td>Trung Qu\u1ed1c<\/td>\n<\/tr>\n<tr>\n<td>Th\u00e0nh ph\u1ea7n<\/td>\n<td>R\u01b0\u1ee3u tr\u1eafng,\u00a0hoa ti\u00eau,\u00a0\u0111inh h\u01b0\u01a1ng,\u00a0h\u1ed3i,\u00a0qu\u1ebf, v\u1ecf cam kh\u00f4,\u2026<\/td>\n<\/tr>\n<tr>\n<td>H\u01b0\u1edbng d\u1eabn s\u1eed d\u1ee5ng<\/td>\n<td>R\u01b0\u1ee3u hoa ti\u00eau C\u1ed5 Nguy\u1ec7t d\u00f9ng \u0111\u1ec3 \u01b0\u1edbp c\u00e1c lo\u1ea1i th\u1ecbt, g\u00e0 cho m\u1ec1m &#8211; th\u01a1m, n\u00eam l\u1ea9u, \u01b0\u1edbp n\u01b0\u1edbng, d\u00f9ng u\u1ed1ng tr\u1ef1c ti\u1ebfp.<\/td>\n<\/tr>\n<tr>\n<td>B\u1ea3o qu\u1ea3n<\/td>\n<td>\u0110\u1ec3 n\u01a1i kh\u00f4 r\u00e1o, tho\u00e1ng m\u00e1t, tr\u00e1nh \u00e1nh n\u1eafng tr\u1ef1c ti\u1ebfp<\/td>\n<\/tr>\n<tr>\n<td>Th\u1ec3 t\u00edch<\/td>\n<td>480ml<\/td>\n<\/tr>\n<\/tbody>\n<\/table>\n<p>N\u1ebfu nh\u01b0 Nh\u1eadt b\u1ea3n c\u00f3 nhi\u1ec1u lo\u1ea1i r\u01b0\u1ee3u n\u1ed5i ti\u1ebfng th\u00ec Trung Hoa c\u0169ng c\u00f3 r\u01b0\u1ee3u hoa ti\u00eau ch\u1eb3ng h\u1ec1 k\u00e9m c\u1ea1nh. \u0110\u01b0\u1ee3c l\u00e0m t\u1eeb c\u00e1c th\u00e0nh ph\u1ea7n ch\u00ednh l\u00e0 r\u01b0\u1ee3u tr\u1eafng,\u00a0hoa ti\u00eau,\u00a0\u0111inh h\u01b0\u01a1ng,\u00a0h\u1ed3i,\u00a0qu\u1ebf, v\u1ecf cam kh\u00f4,\u2026<\/p>\n<p>R\u01b0\u1ee3u hoa ti\u00eau c\u00f3 m\u00f9i th\u01a1m r\u1ea5t \u0111\u1eb7c tr\u01b0ng, d\u1ea1ng l\u1ecfng v\u00e0 c\u00f3 m\u00e0u \u0111en. Do \u0111\u00f3, th\u00eam m\u1ed9t ch\u00fat r\u01b0\u1ee3u hoa ti\u00eau v\u00e0o l\u00fac n\u1ea5u gi\u00fap m\u00f3n \u0103n tr\u1edf n\u00ean th\u01a1m ngon, \u0111\u1eadm \u0111\u00e0 h\u01a1n. B\u00ean c\u1ea1nh \u0111\u00f3, lo\u1ea1i r\u01b0\u1ee3u n\u00e0y c\u00f2n \u0111\u01b0\u1ee3c d\u00f9ng \u0111\u1ec3 s\u01a1 ch\u1ebf, l\u00e0m s\u1ea1ch v\u00e0 kh\u1eed m\u00f9i h\u00f4i c\u1ee7a th\u1ecbt, g\u00e0, gi\u00fap nguy\u00ean li\u1ec7u m\u1ec1m v\u00e0 th\u1ea5m s\u00e2u gia v\u1ecb.<img fetchpriority=\"high\" decoding=\"async\" class=\"wp-image-34135 aligncenter\" src=\"https:\/\/havamall.vn\/wp-content\/uploads\/2025\/03\/187805926_342334553982904_7770339589138624573_n-300x300.jpg\" alt=\"\" width=\"689\" height=\"689\" \/><\/p>\n<p>Theo y h\u1ecdc Trung Qu\u1ed1c, Hoa Ti\u00eau C\u1ed5 Nguy\u1ec7t c\u00f3 gia dinh d\u01b0\u1ee1ng cao, r\u1ea5t t\u1ed1t cho s\u1ee9c kh\u1ecfe. \u0110i\u1ec1u n\u00e0y c\u0169ng \u0111\u01b0\u1ee3c khoa h\u1ecdc ch\u1ee9ng minh. Ng\u01b0\u1eddi Trung Qu\u1ed1c cho r\u01b0\u1ee3u hoa ti\u00eau v\u00e0o m\u00f3n \u0103n \u0111\u1ec3 t\u0103ng th\u00eam h\u01b0\u01a1ng v\u1ecb. Qu\u00ea h\u01b0\u01a1ng c\u1ee7a R Thi\u1ec7u H\u01b0ng n\u1ed5i ti\u1ebfng l\u00e0 th\u00e0nh ph\u1ed1 Thi\u1ec7u H\u01b0ng, thu\u1ed9c t\u1ec9nh Chi\u1ebft Giang, m\u1ed9t t\u1ec9nh \u1edf ph\u00eda Nam Th\u01b0\u1ee3ng H\u1ea3i.<\/p>\n<p><img decoding=\"async\" class=\"wp-image-34136 aligncenter\" src=\"https:\/\/havamall.vn\/wp-content\/uploads\/2025\/03\/vn-11134207-7qukw-lf2ahw3fheve5b-300x300.jpg\" alt=\"\" width=\"917\" height=\"917\" \/><\/p>\n<p dir=\"ltr\">R\u01b0\u1ee3u hoa ti\u00eau C\u1ed5 Nguy\u1ec7t l\u00e0 lo\u1ea1i gia v\u1ecb \u0111\u1ed9c \u0111\u00e1o l\u00e0m n\u00ean nh\u1eefng m\u00f3n tr\u1ee9 danh c\u1ee7a Trung Hoa. \u0110\u1ed3ng th\u1eddi lo\u1ea1i r\u01b0\u1ee3u v\u1edbi th\u00e0nh ph\u1ea7n t\u1ef1 nhi\u00ean gi\u00fap cho m\u00f3n \u0103n c\u1ee7a b\u1ea1n tr\u1edf n\u00ean th\u01a1m ngon, \u0111\u1eadm \u0111\u00e0.<\/p>\n<p dir=\"ltr\">Th\u00e0nh ph\u1ea7n ch\u00ednh c\u1ee7a r\u01b0\u1ee3u hoa ti\u00eau c\u1ed5 nguy\u1ec7t bao g\u1ed3m r\u01b0\u1ee3u tr\u1eafng, hoa ti\u00eau, \u0111inh h\u01b0\u01a1ng, h\u1ed3i, qu\u1ebf, v\u1ecf cam kh\u00f4,\u2026 R\u01b0\u1ee3u hoa ti\u00eau C\u1ed5 Nguy\u1ec7t c\u00f3 t\u00ednh ch\u1ea5t d\u1ea1ng l\u1ecfng, m\u00e0u \u0111en, c\u00f3 m\u00f9i th\u01a1m. Ngo\u00e0i ra, s\u1ea3n ph\u1ea9m c\u00f2n c\u00f3 c\u00f4ng d\u1ee5ng kh\u1eed m\u00f9i tanh c\u1ee7a th\u1ef1c ph\u1ea9m, l\u00e0m t\u0103ng h\u01b0\u01a1ng v\u1ecb cho m\u00f3n \u0103n. R\u01b0\u1ee3u hoa ti\u00eau \u0111\u01b0\u1ee3c \u0111\u00f3ng trong chai th\u1ee7y tinh l\u1edbn v\u1edbi th\u1ec3 t\u00edch 600ml d\u1ec5 b\u1ea3o qu\u1ea3n v\u00e0 s\u1eed d\u1ee5ng, c\u00f3 n\u1eafp \u0111\u1eady k\u0129.<\/p>\n<p dir=\"ltr\"><img decoding=\"async\" class=\"wp-image-34137 aligncenter\" src=\"https:\/\/havamall.vn\/wp-content\/uploads\/2025\/03\/Screen-Shot-2024-03-27-at-2.28.43-PM-300x300.png\" alt=\"\" width=\"699\" height=\"699\" \/><\/p>\n<h2><strong>H\u01af\u1edaNG D\u1eaaN S\u1eec D\u1ee4NG<\/strong><\/h2>\n<ul>\n<li>R\u01b0\u1ee3u hoa ti\u00eau C\u1ed5 Nguy\u1ec7t d\u00f9ng \u0111\u1ec3 \u01b0\u1edbp c\u00e1c lo\u1ea1i th\u1ecbt, g\u00e0 cho m\u1ec1m &#8211; th\u01a1m, n\u00eam l\u1ea9u, \u01b0\u1edbp n\u01b0\u1edbng, d\u00f9ng u\u1ed1ng tr\u1ef1c ti\u1ebfp.<\/li>\n<li class=\"\">Sa\u0309n ph\u00e2\u0309m l\u00e0 chuy\u00ean d\u00f9ng ch\u00ea\u0301 bi\u00ea\u0301n m\u00f3n \u0103n v\u1ecb Trung Hoa<\/li>\n<li class=\"\">D\u00f9ng \u0111\u00ea\u0309 n\u00e2\u0301u c\u00e1c m\u00f3n nh\u01b0 h\u00e2\u0300m g\u00e0, h\u00e2\u0301p cua t\u00f4m ha\u0309i sa\u0309n&#8230;.<\/li>\n<\/ul>\n<p><img loading=\"lazy\" decoding=\"async\" class=\"wp-image-34134 aligncenter\" src=\"https:\/\/havamall.vn\/wp-content\/uploads\/2025\/03\/5uCEKnRXvuRpFfoAQCuV7A-300x300.jpg\" alt=\"\" width=\"717\" height=\"717\" \/><\/p>","protected":false},"excerpt":{"rendered":"<p>TH\u00d4NG TIN CHUNG Th\u01b0\u01a1ng hi\u1ec7u R Thi\u1ec7u H\u01b0ng Xu\u1ea5t x\u1ee9 Trung Qu\u1ed1c Th\u00e0nh ph\u1ea7n R\u01b0\u1ee3u tr\u1eafng,\u00a0hoa ti\u00eau,\u00a0\u0111inh h\u01b0\u01a1ng,\u00a0h\u1ed3i,\u00a0qu\u1ebf, v\u1ecf cam<\/p>","protected":false},"featured_media":34138,"comment_status":"open","ping_status":"closed","template":"","meta":[],"product_brand":[],"product_cat":[674,36],"product_tag":[],"class_list":{"0":"post-34133","1":"product","2":"type-product","3":"status-publish","4":"has-post-thumbnail","6":"product_cat-nhap-khau-trung-quoc","7":"product_cat-thuc-pham-tieu-dung","9":"first","10":"instock","11":"sale","12":"shipping-taxable","13":"purchasable","14":"product-type-simple"},"_links":{"self":[{"href":"https:\/\/havamall.vn\/en\/wp-json\/wp\/v2\/product\/34133"}],"collection":[{"href":"https:\/\/havamall.vn\/en\/wp-json\/wp\/v2\/product"}],"about":[{"href":"https:\/\/havamall.vn\/en\/wp-json\/wp\/v2\/types\/product"}],"replies":[{"embeddable":true,"href":"https:\/\/havamall.vn\/en\/wp-json\/wp\/v2\/comments?post=34133"}],"version-history":[{"count":0,"href":"https:\/\/havamall.vn\/en\/wp-json\/wp\/v2\/product\/34133\/revisions"}],"wp:featuredmedia":[{"embeddable":true,"href":"https:\/\/havamall.vn\/en\/wp-json\/wp\/v2\/media\/34138"}],"wp:attachment":[{"href":"https:\/\/havamall.vn\/en\/wp-json\/wp\/v2\/media?parent=34133"}],"wp:term":[{"taxonomy":"product_brand","embeddable":true,"href":"https:\/\/havamall.vn\/en\/wp-json\/wp\/v2\/product_brand?post=34133"},{"taxonomy":"product_cat","embeddable":true,"href":"https:\/\/havamall.vn\/en\/wp-json\/wp\/v2\/product_cat?post=34133"},{"taxonomy":"product_tag","embeddable":true,"href":"https:\/\/havamall.vn\/en\/wp-json\/wp\/v2\/product_tag?post=34133"}],"curies":[{"name":"wp","href":"https:\/\/api.w.org\/{rel}","templated":true}]}}