{"id":34109,"date":"2024-03-27T15:23:49","date_gmt":"2024-03-27T08:23:49","guid":{"rendered":"https:\/\/havamall.vn\/?post_type=product&#038;p=34109"},"modified":"2024-03-28T16:30:44","modified_gmt":"2024-03-28T09:30:44","slug":"bot-pha-nuoc-cam-tang-566g-my-orange-naranja","status":"publish","type":"product","link":"https:\/\/havamall.vn\/en\/shop\/bot-pha-nuoc-cam-tang-566g-my-orange-naranja\/","title":{"rendered":"B\u1ed9t Pha N\u01b0\u1edbc Cam Tang 566g M\u1ef9 &#8211; Orange Naranja"},"content":{"rendered":"<h3><\/h3>\n<h3><strong>TH\u00d4NG TIN S\u1ea2N PH\u1ea8M<\/strong><\/h3>\n<table>\n<tbody>\n<tr>\n<td>Th\u01b0\u01a1ng hi\u1ec7u<\/td>\n<td>TANG<\/td>\n<\/tr>\n<tr>\n<td>Xu\u1ea5t x\u1ee9<\/td>\n<td>M\u1ef9<\/td>\n<\/tr>\n<tr>\n<td>Th\u00e0nh ph\u1ea7n<\/td>\n<td>\u0110\u01b0\u1eddng, fructose, axit citric (v\u1ecb chua), ch\u1ee9a 2% ho\u1eb7c \u00edt h\u01a1n: h\u01b0\u01a1ng v\u1ecb t\u1ef1 nhi\u00ean, axit ascorbic (vitamin C), maltodextrin, calcium phosphate, guar v\u00e0 xanthan gums, sodium axit pyrophosphate, m\u00e0u nh\u00e2n t\u1ea1o, yellow 5, yellow 6, BHA (\u0111\u1ec3 gi\u1eef h\u01b0\u01a1ng v\u1ecb )<\/td>\n<\/tr>\n<tr>\n<td>H\u1ea1n s\u1eed d\u1ee5ng<\/td>\n<td>24 th\u00e1ng k\u1ec3 t\u1eeb ng\u00e0y s\u1ea3n xu\u1ea5t<\/td>\n<\/tr>\n<tr>\n<td>B\u1ea3o qu\u1ea3n<\/td>\n<td>B\u1ea3o qu\u1ea3n n\u01a1i tho\u00e1ng m\u00e1t, tr\u00e1nh \u00e1nh n\u1eafng tr\u1ef1c ti\u1ebfp<\/td>\n<\/tr>\n<tr>\n<td>Kh\u1ed1i l\u01b0\u1ee3ng<\/td>\n<td>566g<\/td>\n<\/tr>\n<\/tbody>\n<\/table>\n<p>B\u1ed9t Tang Orange \u0111\u01b0\u1ee3c chi\u1ebft xu\u1ea5t t\u1eeb c\u00e1c nguy\u00ean li\u1ec7u t\u1ef1 nhi\u00ean, kh\u00f4ng ch\u1ee9a ph\u1ea9m m\u00e0u, kh\u00f4ng h\u00f3a ch\u1ea5t. Nhanh ch\u00f3ng gi\u1ea3i nhi\u1ec7t v\u00e0 b\u1ed5 sung t\u1ee9c th\u1eddi vitamin C cho c\u01a1 th\u1ec3 v\u1edbi v\u1ecb cam t\u1ef1 nhi\u00ean ng\u1ecdt ng\u1ecdt, chua chua d\u1ec5 u\u1ed1ng v\u00e0 t\u1ed1t cho c\u01a1 th\u1ec3. Vitamin C s\u1ebd gi\u00fap t\u0103ng c\u01b0\u1eddng h\u1ec7 mi\u1ec5n d\u1ecbch, ch\u1ed1ng l\u1ea1i s\u1ef1 l\u00e3o h\u00f3a, l\u00e0m \u0111\u1eb9p l\u00e0n da. Ngo\u00e0i vitamin C trong b\u1ed9t pha u\u1ed1ng Tang Orange c\u00f2n cung c\u1ea5p m\u1ed9t l\u01b0\u1ee3ng Calcium cho c\u01a1 th\u1ec3 gi\u00fap cho h\u1ec7 x\u01b0\u01a1ng v\u00e0 r\u0103ng \u0111\u01b0\u01a1c ch\u1eafc kh\u1ecfe.\u00a0<img fetchpriority=\"high\" decoding=\"async\" class=\"wp-image-34115 aligncenter\" src=\"https:\/\/havamall.vn\/wp-content\/uploads\/2024\/03\/untitled-5-02-300x300.png\" alt=\"\" width=\"729\" height=\"729\" srcset=\"https:\/\/havamall.vn\/wp-content\/uploads\/2024\/03\/untitled-5-02-300x300.png 300w, https:\/\/havamall.vn\/wp-content\/uploads\/2024\/03\/untitled-5-02-600x601.png 600w, https:\/\/havamall.vn\/wp-content\/uploads\/2024\/03\/untitled-5-02-150x150.png 150w, https:\/\/havamall.vn\/wp-content\/uploads\/2024\/03\/untitled-5-02-768x769.png 768w, https:\/\/havamall.vn\/wp-content\/uploads\/2024\/03\/untitled-5-02-100x100.png 100w, https:\/\/havamall.vn\/wp-content\/uploads\/2024\/03\/untitled-5-02.png 900w\" sizes=\"(max-width: 729px) 100vw, 729px\" \/><\/p>\n<p>Nh\u1eefng chuy\u00ean gia dinh d\u01b0\u1ee1ng \u0111\u00e3 khuy\u1ebfn c\u00e1o m\u1ed7i ng\u01b0\u1eddi n\u00ean \u0103n nhi\u1ec1u tr\u00e1i c\u00e2y t\u01b0\u01a1i v\u00e0 rau c\u1ee7 qu\u1ea3 \u0111\u1ec3 c\u00f3 th\u1ec3 b\u1ed5 sung ch\u1ea5t x\u01a1, c\u00e1c vitamin &amp; kho\u00e1ng ch\u1ea5t \u0111\u1ec3 c\u01a1 th\u1ec3 lu\u00f4n \u0111\u01b0\u1ee3c kh\u1ecfe m\u1ea1nh, t\u0103ng c\u01b0\u1eddng s\u1ee9c \u0111\u1ec1 kh\u00e1ng v\u00e0 c\u00f3 kh\u1ea3 n\u0103ng t\u1ef1 ph\u00f2ng tr\u00e1nh \u0111\u01b0\u1ee3c b\u1ec7nh t\u1eadt. Hi\u1ec7n nay, ngo\u00e0i c\u00e1ch l\u00e0 \u0103n rau xanh &amp; tr\u00e1i c\u00e2y th\u00ec b\u1ea1n c\u00f3 m\u1ed9t c\u00e1ch ti\u1ec7n l\u1ee3i h\u01a1n \u0111\u1ec3 gi\u00fap b\u1ed5 sung d\u01b0\u1ee1ng ch\u1ea5t thi\u1ebft y\u1ebfu cho c\u01a1 th\u1ec3 \u0111\u00f3 l\u00e0 u\u1ed1ng b\u1ed9t pha n\u01b0\u1edbc cam.<\/p>\n<p><img decoding=\"async\" class=\"wp-image-34112 aligncenter\" src=\"https:\/\/havamall.vn\/wp-content\/uploads\/2024\/03\/6151b4d4-7877-40ed-9d49-6b495703c71f.35ab4cac80469356b5681b02897a701a-300x300.jpeg\" alt=\"\" width=\"725\" height=\"725\" srcset=\"https:\/\/havamall.vn\/wp-content\/uploads\/2024\/03\/6151b4d4-7877-40ed-9d49-6b495703c71f.35ab4cac80469356b5681b02897a701a-300x300.jpeg 300w, https:\/\/havamall.vn\/wp-content\/uploads\/2024\/03\/6151b4d4-7877-40ed-9d49-6b495703c71f.35ab4cac80469356b5681b02897a701a-600x600.jpeg 600w, https:\/\/havamall.vn\/wp-content\/uploads\/2024\/03\/6151b4d4-7877-40ed-9d49-6b495703c71f.35ab4cac80469356b5681b02897a701a-1200x1200.jpeg 1200w, https:\/\/havamall.vn\/wp-content\/uploads\/2024\/03\/6151b4d4-7877-40ed-9d49-6b495703c71f.35ab4cac80469356b5681b02897a701a-150x150.jpeg 150w, https:\/\/havamall.vn\/wp-content\/uploads\/2024\/03\/6151b4d4-7877-40ed-9d49-6b495703c71f.35ab4cac80469356b5681b02897a701a-768x768.jpeg 768w, https:\/\/havamall.vn\/wp-content\/uploads\/2024\/03\/6151b4d4-7877-40ed-9d49-6b495703c71f.35ab4cac80469356b5681b02897a701a-1024x1024.jpeg 1024w, https:\/\/havamall.vn\/wp-content\/uploads\/2024\/03\/6151b4d4-7877-40ed-9d49-6b495703c71f.35ab4cac80469356b5681b02897a701a-100x100.jpeg 100w\" sizes=\"(max-width: 725px) 100vw, 725px\" \/><\/p>\n<p>Vitamin C c\u00f3 trong b\u1ed9t pha n\u01b0\u1edbc cam Tang c\u00f3 c\u00f4ng d\u1ee5ng ch\u1ed1ng l\u1ea1i s\u1ef1 l\u00e3o h\u00f3a c\u1ee7a c\u01a1 th\u1ec3 ch\u00fang ta, ch\u1ed1ng l\u1ea1i nh\u1eefng t\u00e1c nh\u00e2n g\u00e2y t\u1ed5n th\u01b0\u01a1ng t\u1ebf b\u00e0o. \u0110\u1ed3ng th\u1eddi vitamin C c\u00f2n gi\u00fap t\u0103ng c\u01b0\u1eddng ch\u1ee9c n\u0103ng c\u1ee7a h\u1ec7 th\u1ed1ng mi\u1ec5n d\u1ecbch c\u1ee7a c\u01a1 th\u1ec3 gi\u00fap b\u1ea1n kh\u1ecfe m\u1ea1nh h\u01a1n.<\/p>\n<p>Canxi c\u00f3 trong b\u1ed9t pha n\u01b0\u1edbc cam c\u00f2n gi\u00fap cho h\u1ec7 x\u01b0\u01a1ng v\u00e0 r\u0103ng c\u1ee7a b\u1ea1n \u0111\u01b0\u1ee3c ch\u1eafc kh\u1ecfe. V\u00ec th\u1ebf \u0111\u1ed1i v\u1edbi tr\u1ebb nh\u1ecf \u0111ang \u1edf trong \u0111\u1ed9 tu\u1ed5i ph\u00e1t tri\u1ec3n c\u1ea7n ph\u1ea3i \u0111\u01b0\u1ee3c b\u1ed5 sung th\u00eam canxi m\u1ed7i ng\u00e0y. C\u00f3 nhi\u1ec1u tr\u1ebb nh\u1ecf th\u01b0\u1eddng kh\u00f4ng th\u00edch u\u1ed1ng s\u1eefa, v\u1eady \u0111\u1ec3 kh\u00f4ng b\u1ecb thi\u1ebfu canxi b\u1ea1n c\u00f3 th\u1ec3 cho tr\u1ebb s\u1eed d\u1ee5ng thay th\u1ebf b\u1eb1ng b\u1ed9t pha n\u01b0\u1edbc cam.<\/p>\n<p><img decoding=\"async\" class=\"wp-image-34113 aligncenter\" src=\"https:\/\/havamall.vn\/wp-content\/uploads\/2024\/03\/11728843_796802220438068_5985376094448461901_o-300x300.png\" alt=\"\" width=\"728\" height=\"728\" srcset=\"https:\/\/havamall.vn\/wp-content\/uploads\/2024\/03\/11728843_796802220438068_5985376094448461901_o-300x300.png 300w, https:\/\/havamall.vn\/wp-content\/uploads\/2024\/03\/11728843_796802220438068_5985376094448461901_o-600x600.png 600w, https:\/\/havamall.vn\/wp-content\/uploads\/2024\/03\/11728843_796802220438068_5985376094448461901_o-150x150.png 150w, https:\/\/havamall.vn\/wp-content\/uploads\/2024\/03\/11728843_796802220438068_5985376094448461901_o-768x768.png 768w, https:\/\/havamall.vn\/wp-content\/uploads\/2024\/03\/11728843_796802220438068_5985376094448461901_o-100x100.png 100w, https:\/\/havamall.vn\/wp-content\/uploads\/2024\/03\/11728843_796802220438068_5985376094448461901_o.png 1000w\" sizes=\"(max-width: 728px) 100vw, 728px\" \/><\/p>\n<h2><strong>\u01afU \u0110I\u1ec2M C\u1ee6A S\u1ea2N PH\u1ea8M<\/strong><\/h2>\n<p>&#8211; D\u1ea1ng b\u1ed9t r\u1ea5t d\u1ec5 d\u00e0ng s\u1eed d\u1ee5ng, ti\u1ec7n l\u1ee3i v\u00e0 ti\u1ebft ki\u1ec7m th\u1eddi gian.<\/p>\n<p>&#8211; R\u1ea5t th\u00edch h\u1ee3p cho c\u1ea3 ng\u01b0\u1eddi l\u1edbn v\u00e0 tr\u1ebb nh\u1ecf.<\/p>\n<p>&#8211; B\u1ed9t pha n\u01b0\u1edbc cam Tang \u0111\u01b0\u1ee3c b\u1ed5 sung nh\u1eefng lo\u1ea1i vitamin t\u1ef1 nhi\u00ean c\u00f3 trong nhi\u1ec1u lo\u1ea1i tr\u00e1i c\u00e2y nh\u01b0 vitamin C, vitamin A hay canxi\u2026 r\u1ea5t t\u1ed1t cho s\u1ee9c kh\u1ecfe ch\u00fang ta.<\/p>\n<p>&#8211; S\u1ea3n ph\u1ea9m c\u00f3 v\u1ecb ng\u1ecdt nh\u1eb9 nh\u00e0ng \u0111\u01b0\u1ee3c t\u1ea1o ra t\u1eeb \u0111\u01b0\u1eddng t\u1ef1 nhi\u00ean, kh\u00f4ng ph\u1ea3i t\u1eeb ch\u1ea5t t\u1ea1o ng\u1ecdt \u0111\u1ed9c h\u1ea1i gi\u1ed1ng nh\u01b0 m\u1ed9t s\u1ed1 nh\u1eefng s\u1ea3n ph\u1ea9m b\u1ed9t pha n\u01b0\u1edbc cam kh\u00e1c.<\/p>\n<p><img loading=\"lazy\" decoding=\"async\" class=\"wp-image-34111 aligncenter\" src=\"https:\/\/havamall.vn\/wp-content\/uploads\/2024\/03\/z2901114337130-e9b4e7c7bfbe7a5578c22e931464773c-300x300.jpeg\" alt=\"\" width=\"738\" height=\"738\" srcset=\"https:\/\/havamall.vn\/wp-content\/uploads\/2024\/03\/z2901114337130-e9b4e7c7bfbe7a5578c22e931464773c-300x300.jpeg 300w, https:\/\/havamall.vn\/wp-content\/uploads\/2024\/03\/z2901114337130-e9b4e7c7bfbe7a5578c22e931464773c-600x600.jpeg 600w, https:\/\/havamall.vn\/wp-content\/uploads\/2024\/03\/z2901114337130-e9b4e7c7bfbe7a5578c22e931464773c-150x150.jpeg 150w, https:\/\/havamall.vn\/wp-content\/uploads\/2024\/03\/z2901114337130-e9b4e7c7bfbe7a5578c22e931464773c-768x768.jpeg 768w, https:\/\/havamall.vn\/wp-content\/uploads\/2024\/03\/z2901114337130-e9b4e7c7bfbe7a5578c22e931464773c-1024x1024.jpeg 1024w, https:\/\/havamall.vn\/wp-content\/uploads\/2024\/03\/z2901114337130-e9b4e7c7bfbe7a5578c22e931464773c-100x100.jpeg 100w, https:\/\/havamall.vn\/wp-content\/uploads\/2024\/03\/z2901114337130-e9b4e7c7bfbe7a5578c22e931464773c.jpeg 1080w\" sizes=\"(max-width: 738px) 100vw, 738px\" \/><\/p>\n<h2><strong>C\u00f4ng d\u1ee5ng c\u1ee7a B\u1ed9t cam Tang Organe Naranja<\/strong><\/h2>\n<ul>\n<li>L\u01b0\u1ee3ng vitamin C \u0111\u1ea7y \u0111\u1ee7 b\u1ed5 sung c\u1ea7n thi\u1ebft cho m\u1ed9t c\u00e1ch nhanh ch\u00f3ng.<\/li>\n<li>T\u0103ng s\u1ee9c \u0111\u1ec1 kh\u00e1ng cho c\u01a1 th\u1ec3.<\/li>\n<li>Mi\u1ec5n d\u1ecbch ch\u1ee9c n\u0103ng: Vitamin C h\u1ed7 tr\u1ee3 m\u1ed9t s\u1ee9c m\u1ea1nh mi\u1ec5n d\u1ecbch h\u1ec7 th\u1ed1ng.<\/li>\n<li>Tri\u1ec7u ch\u1ee9ng c\u1ea3m l\u1ea1nh : Vitamin C gi\u00fap gi\u1ea3m th\u1eddi gian v\u00e0 m\u1ee9c \u0111\u1ed9 quan tr\u1ecdng c\u1ee7a c\u00e1c th\u00f4ng th\u01b0\u1eddng ch\u1ee9ng ch\u1ec9 tri\u1ec7u ch\u1ee9ng.<\/li>\n<li>S\u1ee9c kh\u1ecfe da: Vitamin C \u0111\u00f3ng m\u1ed9t tr\u00f2 ch\u01a1i kh\u00f4ng th\u1ec3 thi\u1ebfu trong s\u1ef1 h\u00ecnh th\u00e0nh v\u00e0 c\u1ea5u tr\u00fac c\u1ee7a collagen v\u00e0 elastin, \u0111\u00f3 l\u00e0 \u0111i\u1ec1u ki\u1ec7n c\u1ea7n thi\u1ebft \u0111\u1ec3 duy tr\u00ec l\u00e0n da kh\u1ecfe m\u1ea1nh, d\u1ebbo dai.<\/li>\n<li>Ch\u1ea5t ch\u1ed1ng oxy h\u00f3a: Vitamin C cung c\u1ea5p h\u1ed7 tr\u1ee3 ch\u1ed1ng oxy h\u00f3a \u0111\u1ec3 gi\u00fap b\u1ea3o v\u1ec7 ch\u1ed1ng l\u1ea1i c\u00e1c t\u00e1c nh\u00e2n g\u00e2y h\u1ea1i do ti\u1ec1m n\u0103ng .<\/li>\n<\/ul>\n<p><img loading=\"lazy\" decoding=\"async\" class=\"wp-image-34110 aligncenter\" src=\"https:\/\/havamall.vn\/wp-content\/uploads\/2024\/03\/db03c25acb7aa396c0d83a40e85d2ed9-300x300.jpeg\" alt=\"\" width=\"728\" height=\"728\" srcset=\"https:\/\/havamall.vn\/wp-content\/uploads\/2024\/03\/db03c25acb7aa396c0d83a40e85d2ed9-300x300.jpeg 300w, https:\/\/havamall.vn\/wp-content\/uploads\/2024\/03\/db03c25acb7aa396c0d83a40e85d2ed9-600x600.jpeg 600w, https:\/\/havamall.vn\/wp-content\/uploads\/2024\/03\/db03c25acb7aa396c0d83a40e85d2ed9-150x150.jpeg 150w, https:\/\/havamall.vn\/wp-content\/uploads\/2024\/03\/db03c25acb7aa396c0d83a40e85d2ed9-768x768.jpeg 768w, https:\/\/havamall.vn\/wp-content\/uploads\/2024\/03\/db03c25acb7aa396c0d83a40e85d2ed9-100x100.jpeg 100w, https:\/\/havamall.vn\/wp-content\/uploads\/2024\/03\/db03c25acb7aa396c0d83a40e85d2ed9.jpeg 1024w\" sizes=\"(max-width: 728px) 100vw, 728px\" \/><\/p>\n<h2><strong>H\u01af\u1edaNG D\u1eaaN S\u1eec D\u1ee4NG<\/strong><\/h2>\n<p>B\u1ea1n c\u00f3 th\u1ec3 pha b\u1ed9t cam TANG theo c\u00f4ng th\u1ee9c sau. S\u1eed d\u1ee5ng mu\u1ed7ng \u0111i k\u00e8m b\u00ean trong h\u1ed9p. Cho b\u1ed9t cam Tang v\u00e0o ly nh\u1ef1a hay b\u00ecnh th\u1ee7y tinh l\u1edbn. Sau \u0111\u00f3 th\u00eam n\u01b0\u1edbc l\u1ea1nh, khu\u1ea5y \u0111\u1ec1u cho \u0111\u1ebfn khi b\u1ed9t tan h\u1ebft. U\u1ed1ng c\u00f9ng v\u1edbi \u0111\u00e1 ho\u1eb7c tr\u1eef l\u1ea1nh.\u00a0<strong>KH\u00d4NG CHI\u1ebeT HAY TR\u1eee b\u1ed9t cam TANG trong h\u1ee7\/ly b\u1eb1ng kim lo\u1ea1i.<\/strong><\/p>\n<ul>\n<li><em>3\/4 mu\u1ed7ng ~ 350ml n\u01b0\u1edbc<\/em><\/li>\n<li><em>2 mu\u1ed7ng ~ 946ml n\u01b0\u1edbc<\/em><\/li>\n<li><em>4 mu\u1ed7ng ~ 1892ml n\u01b0\u1edbc<\/em><\/li>\n<li><em>8 mu\u1ed7ng ~ 3785ml n\u01b0\u1edbc<\/em><\/li>\n<\/ul>\n<p><img loading=\"lazy\" decoding=\"async\" class=\"wp-image-34114 aligncenter\" src=\"https:\/\/havamall.vn\/wp-content\/uploads\/2024\/03\/12232964_851129838338639_5773813076883888784_o-300x300.png\" alt=\"\" width=\"729\" height=\"729\" srcset=\"https:\/\/havamall.vn\/wp-content\/uploads\/2024\/03\/12232964_851129838338639_5773813076883888784_o-300x300.png 300w, https:\/\/havamall.vn\/wp-content\/uploads\/2024\/03\/12232964_851129838338639_5773813076883888784_o-600x600.png 600w, https:\/\/havamall.vn\/wp-content\/uploads\/2024\/03\/12232964_851129838338639_5773813076883888784_o-150x150.png 150w, https:\/\/havamall.vn\/wp-content\/uploads\/2024\/03\/12232964_851129838338639_5773813076883888784_o-768x768.png 768w, https:\/\/havamall.vn\/wp-content\/uploads\/2024\/03\/12232964_851129838338639_5773813076883888784_o-100x100.png 100w, https:\/\/havamall.vn\/wp-content\/uploads\/2024\/03\/12232964_851129838338639_5773813076883888784_o.png 1000w\" sizes=\"(max-width: 729px) 100vw, 729px\" \/><\/p>","protected":false},"excerpt":{"rendered":"<p>TH\u00d4NG TIN S\u1ea2N PH\u1ea8M Th\u01b0\u01a1ng hi\u1ec7u TANG Xu\u1ea5t x\u1ee9 M\u1ef9 Th\u00e0nh ph\u1ea7n \u0110\u01b0\u1eddng, fructose, axit citric (v\u1ecb chua), ch\u1ee9a 2%<\/p>","protected":false},"featured_media":34116,"comment_status":"open","ping_status":"closed","template":"","meta":[],"product_brand":[],"product_cat":[36,135],"product_tag":[],"class_list":{"0":"post-34109","1":"product","2":"type-product","3":"status-publish","4":"has-post-thumbnail","6":"product_cat-thuc-pham-tieu-dung","7":"product_cat-sua-do-uong","9":"first","10":"instock","11":"sale","12":"shipping-taxable","13":"purchasable","14":"product-type-simple"},"_links":{"self":[{"href":"https:\/\/havamall.vn\/en\/wp-json\/wp\/v2\/product\/34109"}],"collection":[{"href":"https:\/\/havamall.vn\/en\/wp-json\/wp\/v2\/product"}],"about":[{"href":"https:\/\/havamall.vn\/en\/wp-json\/wp\/v2\/types\/product"}],"replies":[{"embeddable":true,"href":"https:\/\/havamall.vn\/en\/wp-json\/wp\/v2\/comments?post=34109"}],"version-history":[{"count":0,"href":"https:\/\/havamall.vn\/en\/wp-json\/wp\/v2\/product\/34109\/revisions"}],"wp:featuredmedia":[{"embeddable":true,"href":"https:\/\/havamall.vn\/en\/wp-json\/wp\/v2\/media\/34116"}],"wp:attachment":[{"href":"https:\/\/havamall.vn\/en\/wp-json\/wp\/v2\/media?parent=34109"}],"wp:term":[{"taxonomy":"product_brand","embeddable":true,"href":"https:\/\/havamall.vn\/en\/wp-json\/wp\/v2\/product_brand?post=34109"},{"taxonomy":"product_cat","embeddable":true,"href":"https:\/\/havamall.vn\/en\/wp-json\/wp\/v2\/product_cat?post=34109"},{"taxonomy":"product_tag","embeddable":true,"href":"https:\/\/havamall.vn\/en\/wp-json\/wp\/v2\/product_tag?post=34109"}],"curies":[{"name":"wp","href":"https:\/\/api.w.org\/{rel}","templated":true}]}}