{"id":34093,"date":"2024-03-27T10:24:14","date_gmt":"2024-03-27T03:24:14","guid":{"rendered":"https:\/\/havamall.vn\/?post_type=product&#038;p=34093"},"modified":"2025-03-18T15:22:23","modified_gmt":"2025-03-18T08:22:23","slug":"ruou-mai-que-lo-hoa-hong-eagle-coin-480ml-%e9%b9%b0%e9%87%91%e9%92%b1%e7%8e%ab%e7%91%b0%e9%9c%b2%e9%85%92480ml","status":"publish","type":"product","link":"https:\/\/havamall.vn\/en\/shop\/ruou-mai-que-lo-hoa-hong-eagle-coin-480ml-%e9%b9%b0%e9%87%91%e9%92%b1%e7%8e%ab%e7%91%b0%e9%9c%b2%e9%85%92480ml\/","title":{"rendered":"R\u01b0\u1ee3u Mai Qu\u1ebf L\u1ed9 Hoa H\u1ed3ng Eagle Coin 480ml &#8211; \u9e70\u91d1\u94b1\u73ab\u7470\u9732\u9152480ml"},"content":{"rendered":"<h2><\/h2>\n<h2><strong>TH\u00d4NG TIN CHUNG<\/strong><\/h2>\n<table>\n<tbody>\n<tr>\n<td>Th\u01b0\u01a1ng hi\u1ec7u<\/td>\n<td>Eagle Coin<\/td>\n<\/tr>\n<tr>\n<td>Xu\u1ea5t x\u1ee9<\/td>\n<td>Trung Qu\u1ed1c<\/td>\n<\/tr>\n<tr>\n<td>Th\u00e0nh ph\u1ea7n<\/td>\n<td>Xem tr\u00ean bao b\u00ec<\/td>\n<\/tr>\n<tr>\n<td>H\u01b0\u1edbng d\u1eabn s\u1eed d\u1ee5ng<\/td>\n<td>Mai Qu\u1ebf L\u1ed9 B\u00f4ng H\u1ed3ng d\u00f9ng kh\u1eed m\u00f9i tanh c\u1ee7a th\u1ef1c ph\u1ea9m, l\u00e0m t\u0103ng h\u01b0\u01a1ng v\u1ecb cho m\u00f3n \u0103n,&#8230;<\/td>\n<\/tr>\n<tr>\n<td>B\u1ea3o qu\u1ea3n<\/td>\n<td>\u0110\u1ec3 n\u01a1i kh\u00f4 r\u00e1o, tho\u00e1ng m\u00e1t, tr\u00e1nh \u00e1nh n\u1eafng tr\u1ef1c ti\u1ebfp<\/td>\n<\/tr>\n<tr>\n<td>Th\u1ec3 t\u00edch<\/td>\n<td>480ml<\/td>\n<\/tr>\n<\/tbody>\n<\/table>\n<p>R\u01b0\u1ee3u mai qu\u1ebf l\u1ed9 l\u00e0 1 lo\u1ea1i r\u01b0\u1ee3u th\u01a1m c\u00f3 ngu\u1ed3n g\u1ed1c t\u1eeb Trung Qu\u1ed1c, th\u01b0\u1eddng \u0111\u01b0\u1ee3c d\u00f9ng \u0111\u1ec3 \u01b0\u1edbp gia v\u1ecb cho c\u00e1c m\u00f3n quay, n\u01b0\u1edbng \u0111\u1ec3 t\u1ea1o m\u00f9i th\u01a1m. Lo\u1ea1i r\u01b0\u1ee3u n\u00e0y \u0111\u01b0\u1ee3c ch\u1ebf bi\u1ebfn b\u1eb1ng c\u00e1ch c\u1ea5t t\u1eeb 1 lo\u1ea1i hoa h\u1ed3ng c\u00f9ng c\u00e1c lo\u1ea1i th\u1ea3o qu\u1ea3, c\u00f3 v\u1ecb ng\u1ecdt d\u1ecbu kh\u00e1 \u0111\u1eb7c bi\u1ec7t.<\/p>\n<p>R\u01b0\u1ee3u mai qu\u1ebf l\u1ed9 r\u1ea5t ph\u1ed5 bi\u1ebfn trong gian b\u1ebfp c\u1ee7a ng\u01b0\u1eddi Trung Qu\u1ed1c, khi du nh\u1eadp v\u1ec1 Vi\u1ec7t Nam c\u0169ng \u0111\u01b0\u1ee3c ch\u1ebf bi\u1ebfn kh\u00e1c \u0111i v\u00e0 c\u00f3 nhi\u1ec1u c\u00e1ch l\u00e0m. B\u1edfi c\u00f3 m\u00f9i th\u01a1m \u0111\u1eb7c tr\u01b0ng n\u00ean \u0111\u01b0\u1ee3c r\u1ea5t nhi\u1ec1u \u0111\u1ea7u b\u1ebfp \u01b0a th\u00edch v\u00e0 s\u1eed d\u1ee5ng.<img fetchpriority=\"high\" decoding=\"async\" class=\"wp-image-34097 aligncenter\" src=\"https:\/\/havamall.vn\/wp-content\/uploads\/2025\/03\/Screen-Shot-2024-03-27-at-10.08.58-AM-242x300.png\" alt=\"\" width=\"695\" height=\"861\" \/>\u00a0Mai qu\u1ebf l\u1ed9 c\u00f3 xu\u1ea5t x\u1ee9 t\u1eeb Trung Qu\u1ed1c v\u1edbi h\u01b0\u01a1ng th\u01a1m \u0111\u1eb7c tr\u01b0ng t\u1ea1o n\u00ean h\u01b0\u01a1ng v\u1ecb \u0111\u1ed9c \u0111\u00e1o c\u1ee7a r\u1ea5t nhi\u1ec1u m\u00f3n \u0103n h\u1ea5p d\u1eabn. \u0110\u00e2y l\u00e0 m\u1ed9t lo\u1ea1i truy\u1ec1n th\u1ed1ng c\u00f3 m\u00f9i th\u01a1m kh\u00e1c bi\u1ec7t h\u01a1n v\u1edbi nh\u1eefng lo\u1ea1i ngo\u1ea1i hay th\u00f4ng th\u01b0\u1eddng kh\u00e1c. Th\u00e0nh ph\u1ea7n c\u1ee7a lo\u1ea1i mai qu\u1ebf l\u1ed9 n\u00e0y bao g\u1ed3m nh\u1eefng lo\u1ea1i th\u1ea3o d\u01b0\u1ee3c qu\u00fd nh\u01b0 \u0111inh h\u01b0\u01a1ng, hoa h\u1ed3i, ti\u1ec3u h\u1ed3i, ti\u00eau nguy\u00ean h\u1ea1t, th\u1ea3o qu\u1ea3,\u2026 t\u1ea1o n\u00ean h\u01b0\u01a1ng v\u1ecb th\u01a1m ngon.<\/p>\n<p><img decoding=\"async\" class=\"wp-image-34100 aligncenter\" src=\"https:\/\/havamall.vn\/wp-content\/uploads\/2025\/03\/vn-11134207-7r98o-lmix41zl0fz337-300x300.jpg\" alt=\"\" width=\"690\" height=\"690\" \/><\/p>\n<p>S\u1ea3n ph\u1ea9m \u0111\u01b0\u1ee3c \u0111\u00f3ng chai ti\u1ec7n l\u1ee3i, d\u1ec5 s\u1eed d\u1ee5ng v\u00e0 b\u1ea3o qu\u1ea3n trong m\u1ed9t kho\u1ea3ng th\u1eddi gian d\u00e0i. R\u01b0\u1ee3u n\u1ea5u \u0103n Mai Qu\u1ebf L\u1ed9 c\u00f3 h\u01b0\u01a1ng th\u01a1m hoa h\u1ed3ng kh\u00e1 d\u1ecbu, v\u1ecb ng\u1ecdt thanh gi\u00fap d\u1eady m\u00f9i th\u01a1m, \u0111\u1eadm \u0111\u00e0 v\u00e0 c\u00f3 m\u00e0u s\u1eafc \u0111\u1eb9p m\u1eaft cho th\u1ef1c ph\u1ea9m.<\/p>\n<p>Lo\u1ea1i R\u01b0\u1ee3u Mai Qu\u1ebf L\u1ed9 n\u00e0y \u0111\u00f3ng vai tr\u00f2 quan tr\u1ecdng kh\u00f4ng k\u00e9m trong vi\u1ec7c t\u1ea1o n\u00ean kh\u1eed m\u00f9i tanh cho tr\u1ee9ng mu\u1ed1i l\u00e0m b\u00e1nh n\u01b0\u1edbng th\u1eadp c\u1ea9m truy\u1ec1n th\u1ed1ng m\u00f9a trung thu. \u0110\u00e2y \u0111\u01b0\u1ee3c coi l\u00e0 nguy\u00ean li\u1ec7u \u0111\u01b0\u1ee3c d\u00f9ng \u0111\u1ec3 \u01b0\u1edbp t\u1ea9m gia v\u1ecb th\u1ecbt, c\u00e1, b\u00e1nh trung thu th\u01b0\u1eddng l\u00e0 c\u00e1c m\u00f3n quay, n\u01b0\u1edbng, chi\u00ean.<\/p>\n<p><img decoding=\"async\" class=\"wp-image-34096 aligncenter\" src=\"https:\/\/havamall.vn\/wp-content\/uploads\/2025\/03\/Screen-Shot-2024-03-27-at-10.08.42-AM-300x275.png\" alt=\"\" width=\"701\" height=\"643\" \/><\/p>\n<h2><strong>H\u01b0\u1edbng d\u1eabn s\u1eed d\u1ee5ng:<\/strong><\/h2>\n<ul>\n<li>Mai Qu\u1ebf L\u1ed9 B\u00f4ng H\u1ed3ng d\u00f9ng kh\u1eed m\u00f9i tanh c\u1ee7a th\u1ef1c ph\u1ea9m, l\u00e0m t\u0103ng h\u01b0\u01a1ng v\u1ecb cho m\u00f3n \u0103n.<\/li>\n<li>B\u1ea1n c\u00f3 th\u1ec3 s\u1eed d\u1ee5ng \u0111\u1ec3 t\u1ea9m \u01b0\u1edbp khi ch\u1ebf bi\u1ebfn c\u00e1c m\u00f3n \u0103n. L\u00e0 lo\u1ea1i gia v\u1ecb quen thu\u1ed9c v\u1edbi nhi\u1ec1u \u0111\u1ea7u b\u1ebfp.<\/li>\n<li>D\u00f9ng ch\u1ebf bi\u1ebfn l\u1ea1p x\u01b0\u1edfng. nh\u00e2n b\u00e1nh trung thu, kh\u1eed m\u00f9i tanh c\u1ee7a c\u00e1c lo\u1ea1i th\u1ecbt c\u00e1.<\/li>\n<li>D\u00f9ng trong c\u00e1c m\u00f3n \u0103n nh\u01b0 chi\u00ean, x\u00e0o, n\u01b0\u1edbng h\u1ea7m\u00a0 h\u1ea7m\u2026.<\/li>\n<\/ul>\n<p><img loading=\"lazy\" decoding=\"async\" class=\"wp-image-34095 aligncenter\" src=\"https:\/\/havamall.vn\/wp-content\/uploads\/2025\/03\/Screen-Shot-2024-03-27-at-10.08.25-AM-300x300.png\" alt=\"\" width=\"709\" height=\"709\" \/><\/p>","protected":false},"excerpt":{"rendered":"<p>TH\u00d4NG TIN CHUNG Th\u01b0\u01a1ng hi\u1ec7u Eagle Coin Xu\u1ea5t x\u1ee9 Trung Qu\u1ed1c Th\u00e0nh ph\u1ea7n Xem tr\u00ean bao b\u00ec H\u01b0\u1edbng d\u1eabn s\u1eed<\/p>","protected":false},"featured_media":34099,"comment_status":"open","ping_status":"closed","template":"","meta":[],"product_brand":[],"product_cat":[674,36],"product_tag":[],"class_list":{"0":"post-34093","1":"product","2":"type-product","3":"status-publish","4":"has-post-thumbnail","6":"product_cat-nhap-khau-trung-quoc","7":"product_cat-thuc-pham-tieu-dung","9":"first","10":"instock","11":"sale","12":"shipping-taxable","13":"purchasable","14":"product-type-simple"},"_links":{"self":[{"href":"https:\/\/havamall.vn\/en\/wp-json\/wp\/v2\/product\/34093"}],"collection":[{"href":"https:\/\/havamall.vn\/en\/wp-json\/wp\/v2\/product"}],"about":[{"href":"https:\/\/havamall.vn\/en\/wp-json\/wp\/v2\/types\/product"}],"replies":[{"embeddable":true,"href":"https:\/\/havamall.vn\/en\/wp-json\/wp\/v2\/comments?post=34093"}],"version-history":[{"count":0,"href":"https:\/\/havamall.vn\/en\/wp-json\/wp\/v2\/product\/34093\/revisions"}],"wp:featuredmedia":[{"embeddable":true,"href":"https:\/\/havamall.vn\/en\/wp-json\/wp\/v2\/media\/34099"}],"wp:attachment":[{"href":"https:\/\/havamall.vn\/en\/wp-json\/wp\/v2\/media?parent=34093"}],"wp:term":[{"taxonomy":"product_brand","embeddable":true,"href":"https:\/\/havamall.vn\/en\/wp-json\/wp\/v2\/product_brand?post=34093"},{"taxonomy":"product_cat","embeddable":true,"href":"https:\/\/havamall.vn\/en\/wp-json\/wp\/v2\/product_cat?post=34093"},{"taxonomy":"product_tag","embeddable":true,"href":"https:\/\/havamall.vn\/en\/wp-json\/wp\/v2\/product_tag?post=34093"}],"curies":[{"name":"wp","href":"https:\/\/api.w.org\/{rel}","templated":true}]}}