{"id":34079,"date":"2024-03-20T14:12:34","date_gmt":"2024-03-20T07:12:34","guid":{"rendered":"https:\/\/havamall.vn\/?post_type=product&#038;p=34079"},"modified":"2025-11-30T11:06:13","modified_gmt":"2025-11-30T04:06:13","slug":"keo-tieu-hoi-huong-an-do-havafoodies-goi-100g-sweet-fennel-seed","status":"publish","type":"product","link":"https:\/\/havamall.vn\/en\/shop\/keo-tieu-hoi-huong-an-do-havafoodies-goi-100g-sweet-fennel-seed\/","title":{"rendered":"K\u1eb9o Ti\u1ec3u H\u1ed3i H\u01b0\u01a1ng \u1ea4n \u0110\u1ed9 Havafoodies G\u00f3i 100g &#8211; Sweet Fennel Seed"},"content":{"rendered":"<h2><\/h2>\n<h2><strong>TH\u00d4NG TIN CHUNG<\/strong><\/h2>\n<table>\n<tbody>\n<tr>\n<td>Th\u01b0\u01a1ng hi\u1ec7u<\/td>\n<td>Havafoodies<\/td>\n<\/tr>\n<tr>\n<td>Xu\u1ea5t x\u1ee9<\/td>\n<td>\u1ea4n \u0110\u1ed9<\/td>\n<\/tr>\n<tr>\n<td>Th\u00e0nh ph\u1ea7n<\/td>\n<td>Ti\u1ec3u h\u1ed3i h\u01b0\u01a1ng, \u0111\u01b0\u1eddng,&#8230;<\/td>\n<\/tr>\n<tr>\n<td>H\u1ea1n s\u1eed d\u1ee5ng<\/td>\n<td>24 th\u00e1ng k\u1ec3 t\u1eeb ng\u00e0y s\u1ea3n xu\u1ea5t.<\/td>\n<\/tr>\n<tr>\n<td>B\u1ea3o qu\u1ea3n<\/td>\n<td>\u0110\u1ec3 n\u01a1i kh\u00f4 r\u00e1o, tho\u00e1ng m\u00e1t, tr\u00e1nh \u00e1nh n\u1eafng tr\u1ef1c ti\u1ebfp<\/td>\n<\/tr>\n<tr>\n<td>Kh\u1ed1i l\u01b0\u1ee3ng t\u1ecbnh<\/td>\n<td>100g<\/td>\n<\/tr>\n<\/tbody>\n<\/table>\n<h1><strong>Ti\u1ec3u h\u1ed3i h\u01b0\u01a1ng l\u00e0 g\u00ec?<\/strong><\/h1>\n<p><strong>H\u1ea1t ti\u1ec3u h\u1ed3i h\u01b0\u01a1ng\u00a0<\/strong>hay c\u00f2n g\u1ecdi l\u00e0 h\u1ea1t th\u00ec l\u00e0, l\u00e0 qu\u1ea3 ch\u00edn kh\u00f4 c\u1ee7a c\u00e2y h\u1ed3i h\u01b0\u01a1ng, lo\u1ea1i th\u1ea3o d\u01b0\u1ee3c l\u00e2u n\u0103m, m\u00e0u x\u00e1m c\u00f3 h\u00ecnh d\u1ea1ng gi\u1ed1ng nh\u01b0 h\u1ea1t l\u00faa, th\u01b0\u1eddng \u0111\u01b0\u1ee3c s\u1eed d\u1ee5ng k\u1ebft h\u1ee3p v\u1edbi b\u00f4ng h\u1ed3i. Lo\u1ea1i qu\u1ea3 n\u00e0y ch\u1ee9a m\u1ed9t lo\u1ea1i d\u1ea7u d\u1ec5 bay h\u01a1i, th\u00e0nh ph\u1ea7n ch\u00ednh l\u00e0 Anethole, Xeton, Fenchone. Ngo\u00e0i ra n\u00f3 c\u00f2n ch\u1ee9a c\u00e1c axit b\u00e9o v\u00e0 m\u1ed9t ph\u1ea7n nh\u1ecf l\u00e0 Protein.<img fetchpriority=\"high\" decoding=\"async\" class=\"wp-image-34081 aligncenter\" src=\"https:\/\/havamall.com\/wp-content\/uploads\/2025\/08\/s-l1600-1-300x232.jpg\" alt=\"\" width=\"735\" height=\"568\" \/><\/p>\n<p>C\u00e2y ti\u1ec3u h\u1ed3i h\u01b0\u01a1ng c\u00f3 m\u00e0u xanh v\u00e0 tr\u1eafng, l\u00e1 c\u00f3 l\u00f4ng v\u00e0 hoa m\u00e0u v\u00e0ng. C\u1ea3 c\u1ee7 gi\u00f2n v\u00e0 h\u1ea1t c\u1ee7a c\u00e2y ti\u1ec3u h\u1ed3i h\u01b0\u01a1ng \u0111\u1ec1u c\u00f3 h\u01b0\u01a1ng v\u1ecb nh\u1eb9 nh\u01b0 cam th\u1ea3o. Tuy nhi\u00ean, h\u01b0\u01a1ng v\u1ecb c\u1ee7a h\u1ea1t m\u1ea1nh h\u01a1n do c\u00e1c lo\u1ea1i tinh d\u1ea7u c\u00f3 m\u00f9i h\u01b0\u01a1ng m\u1ea1nh trong h\u1ea1t c\u1ee7a ch\u00fang. B\u00ean c\u1ea1nh nhi\u1ec1u c\u00f4ng d\u1ee5ng \u1ea9m th\u1ef1c, c\u00e2y ti\u1ec3u h\u1ed3i h\u01b0\u01a1ng v\u00e0 h\u1ea1t c\u1ee7a n\u00f3 mang l\u1ea1i r\u1ea5t nhi\u1ec1u l\u1ee3i \u00edch cho s\u1ee9c kh\u1ecfe v\u00e0 c\u00f3 th\u1ec3 mang l\u1ea1i t\u00e1c d\u1ee5ng ch\u1ed1ng oxy h\u00f3a, ch\u1ed1ng vi\u00eam v\u00e0 kh\u00e1ng khu\u1ea9n.<\/p>\n<p><img decoding=\"async\" class=\"wp-image-34083 aligncenter\" src=\"https:\/\/havamall.com\/wp-content\/uploads\/2025\/08\/d-300x197.jpg\" alt=\"\" width=\"738\" height=\"484\" \/><\/p>\n<p>H\u1ea1t ti\u1ec3u h\u1ed3i h\u01b0\u01a1ng l\u00e0 m\u1ed9t trong nh\u1eefng th\u00e0nh ph\u1ea7n ch\u00ednh c\u1ee7a Ph\u1edf Vi\u1ec7t, v\u00e0 l\u00e0 m\u1ed9t trong nh\u1eefng gia v\u1ecb ch\u00ednh trong x\u00fac x\u00edch \u00dd (Italian Sausage) , v\u00e0 ch\u00fang c\u0169ng \u0111\u01b0\u1ee3c s\u1eed d\u1ee5ng th\u01b0\u1eddng xuy\u00ean trong \u1ea9m th\u1ef1c \u1ea4n \u0110\u1ed9 v\u00e0 Trung \u0110\u00f4ng.<\/p>\n<p>H\u1ea1t ti\u1ec3u h\u1ed3i h\u01b0\u01a1ng c\u00f3 v\u1ecb h\u01a1i ng\u1ecdt nh\u01b0 cam th\u1ea3o v\u00e0 c\u00f3 th\u1ec3 t\u1ea1o ra s\u1ef1 k\u1ebft h\u1ee3p h\u00e0i h\u00f2a v\u1edbi h\u00fang qu\u1ebf, \u0111inh h\u01b0\u01a1ng, oregano v\u00e0 h\u00fang t\u00e2y.<\/p>\n<p><img decoding=\"async\" class=\"wp-image-34082 aligncenter\" src=\"https:\/\/havamall.com\/wp-content\/uploads\/2025\/08\/s-l1200-300x207.jpg\" alt=\"\" width=\"734\" height=\"507\" \/><\/p>\n<p>H\u1ea1t ti\u1ec3u h\u1ed3i h\u01b0\u01a1ng \u0111\u01b0\u1ee3c s\u1eed d\u1ee5ng trong h\u1ea7u h\u1ebft m\u1ecdi n\u1ec1n v\u0103n h\u00f3a; Ng\u01b0\u1eddi \u00dd s\u1eed d\u1ee5ng n\u00f3 tr\u00ean th\u1ecbt l\u1ee3n n\u01b0\u1edbng v\u00e0 trong n\u01b0\u1edbc s\u1ed1t, ng\u01b0\u1eddi Ph\u00e1p s\u1eed d\u1ee5ng v\u1edbi c\u00e1, ng\u01b0\u1eddi \u0110\u1ee9c s\u1eed d\u1ee5ng n\u00f3 trong d\u01b0a c\u1ea3i b\u1eafp, ng\u01b0\u1eddi Hy L\u1ea1p trong b\u00e1nh m\u00ec, ng\u01b0\u1eddi Trung Qu\u1ed1c tr\u00ean c\u00e1c lo\u1ea1i th\u1ecbt gia c\u1ea7m v\u00e0 ng\u01b0\u1eddi d\u00e2n \u1ea4n \u0110\u1ed9 ngo\u00e0i vi\u1ec7c nhai h\u1ea1t th\u00ec l\u00e0 nh\u01b0 m\u1ed9t ch\u1ea5t l\u00e0m m\u00e1t h\u01a1i th\u1edf, m\u00e0 c\u00f2n s\u1eed d\u1ee5ng n\u00f3 nh\u01b0 m\u1ed9t th\u00e0nh ph\u1ea7n quan tr\u1ecdng trong nhi\u1ec1u h\u01b0\u01a1ng v\u1ecb c\u00e0 ri. Ngo\u00e0i ra, c\u00f2n c\u00f3 th\u1ec3 s\u1eed d\u1ee5ng n\u00f3 trong l\u00e0m x\u00fac x\u00edch, s\u00fap, b\u00e1nh v\u00e0 b\u00e1nh quy.<\/p>\n<p>K\u1eb9o ti\u1ec3u h\u1ed3i h\u01b0\u01a1ng v\u1edbi chi\u1ebft xu\u1ea5t tinh d\u1ea7u ti\u1ec3u h\u1ed3i h\u01b0\u01a1ng c\u00f3 t\u00e1c d\u1ee5ng tr\u00e1nh c\u1ea3m c\u00fam, gi\u00fap cho h\u01a1i th\u1edf th\u01a1m tho. S\u1ea3n ph\u1ea9m d\u1ec5 s\u1eed d\u1ee5ng v\u00e0 th\u00edch h\u1ee3p \u0111\u1ec3 d\u00f9ng th\u01b0\u1eddng xuy\u00ean trong m\u00f9a \u0111\u00f4ng l\u1ea1nh. K\u1eb9o ti\u1ec3u h\u1ed3i h\u01b0\u01a1ng th\u01a1m n\u1ed3ng, r\u1ea5t \u0111\u1eb7c tr\u01b0ng, \u0111\u1ed9 ng\u1ecdt v\u1eeba \u0111\u1ee7, kh\u00f4ng t\u1ea1o c\u1ea3m gi\u00e1c ng\u00e1n.<\/p>\n<p><img loading=\"lazy\" decoding=\"async\" class=\"wp-image-34084 aligncenter\" src=\"https:\/\/havamall.com\/wp-content\/uploads\/2025\/08\/71ZFlNGw4xL._AC_UF10001000_QL80_-300x300.jpg\" alt=\"\" width=\"728\" height=\"728\" \/><\/p>\n<h2><strong>Gi\u00e1 tr\u1ecb dinh d\u01b0\u1ee1ng c\u1ee7a ti\u1ec3u h\u1ed3i h\u01b0\u01a1ng<\/strong><\/h2>\n<p>&gt; H\u1ea1t ti\u1ec3u h\u1ed3i ch\u1ee9a t\u1eeb 2 \u2013 6% l\u01b0\u1ee3ng tinh d\u1ea7u. V\u00e0 trong tinh d\u1ea7u ti\u1ec3u h\u1ed3i c\u00f3 ch\u1ee9a t\u1edbi 60% ch\u1ea5t anethol, estragol, carbur terpen c\u00f3 t\u00e1c d\u1ee5ng ng\u0103n ng\u1eeba s\u1ef1 ph\u00e1t tri\u1ec3n c\u1ee7a c\u00e1c vi khu\u1ea9n, n\u1ea5m g\u00e2y b\u1ec7nh trong c\u01a1 th\u1ec3.<\/p>\n<p>&gt; C\u00e1c ch\u1ea5t dinh d\u01b0\u1ee1ng nh\u01b0 vitamin A, C, B8, B9 v\u00e0 s\u1eaft, canxi, ph\u1ed1t pho, kali\u2026 c\u00f3 t\u00e1c d\u1ee5ng cung c\u1ea5p c\u00e1c kho\u00e1ng ch\u1ea5t, gi\u00fap c\u01a1 th\u1ec3 s\u1ea3n sinh ra l\u01b0\u1ee3ng m\u00e1u v\u1eeba \u0111\u1ee7, ng\u0103n ch\u1eb7n c\u00e1c t\u00ecnh tr\u1ea1ng m\u1ec7t m\u1ecfi, ch\u1ed1ng vi\u00eam, b\u1ec7nh r\u1ed1i lo\u1ea1n n\u1ed9i ti\u1ebft t\u1ed1 \u1edf n\u1eef.<\/p>","protected":false},"excerpt":{"rendered":"<p>TH\u00d4NG TIN CHUNG Th\u01b0\u01a1ng hi\u1ec7u Havafoodies Xu\u1ea5t x\u1ee9 \u1ea4n \u0110\u1ed9 Th\u00e0nh ph\u1ea7n Ti\u1ec3u h\u1ed3i h\u01b0\u01a1ng, \u0111\u01b0\u1eddng,&#8230; H\u1ea1n s\u1eed d\u1ee5ng 24<\/p>","protected":false},"featured_media":34085,"comment_status":"open","ping_status":"closed","template":"","meta":[],"product_brand":[],"product_cat":[36,133],"product_tag":[],"class_list":{"0":"post-34079","1":"product","2":"type-product","3":"status-publish","4":"has-post-thumbnail","6":"product_cat-thuc-pham-tieu-dung","7":"product_cat-banh-keo-chocolate","9":"first","10":"outofstock","11":"sale","12":"shipping-taxable","13":"purchasable","14":"product-type-simple"},"_links":{"self":[{"href":"https:\/\/havamall.vn\/en\/wp-json\/wp\/v2\/product\/34079"}],"collection":[{"href":"https:\/\/havamall.vn\/en\/wp-json\/wp\/v2\/product"}],"about":[{"href":"https:\/\/havamall.vn\/en\/wp-json\/wp\/v2\/types\/product"}],"replies":[{"embeddable":true,"href":"https:\/\/havamall.vn\/en\/wp-json\/wp\/v2\/comments?post=34079"}],"version-history":[{"count":0,"href":"https:\/\/havamall.vn\/en\/wp-json\/wp\/v2\/product\/34079\/revisions"}],"wp:featuredmedia":[{"embeddable":true,"href":"https:\/\/havamall.vn\/en\/wp-json\/wp\/v2\/media\/34085"}],"wp:attachment":[{"href":"https:\/\/havamall.vn\/en\/wp-json\/wp\/v2\/media?parent=34079"}],"wp:term":[{"taxonomy":"product_brand","embeddable":true,"href":"https:\/\/havamall.vn\/en\/wp-json\/wp\/v2\/product_brand?post=34079"},{"taxonomy":"product_cat","embeddable":true,"href":"https:\/\/havamall.vn\/en\/wp-json\/wp\/v2\/product_cat?post=34079"},{"taxonomy":"product_tag","embeddable":true,"href":"https:\/\/havamall.vn\/en\/wp-json\/wp\/v2\/product_tag?post=34079"}],"curies":[{"name":"wp","href":"https:\/\/api.w.org\/{rel}","templated":true}]}}